{"id":38280,"date":"2022-11-07T15:26:11","date_gmt":"2022-11-07T14:26:11","guid":{"rendered":"https:\/\/meinradladen.com\/?post_type=product&#038;p=38280"},"modified":"2023-08-11T09:12:40","modified_gmt":"2023-08-11T07:12:40","slug":"wilier-jena-campagnolo-ekar-carbon-gravelbike","status":"publish","type":"product","link":"https:\/\/cioelectro.com\/en\/produkt\/wilier-jena-campagnolo-ekar-carbon-gravelbike\/","title":{"rendered":"Wilier\u00a0Jena Campagnolo EKAR Carbon Gravelbike"},"content":{"rendered":"<h2 class=\"content--title\"><strong>Wilier<\/strong>\u00a0Jena Campagnolo EKAR Carbon Gravelbike<\/h2>\n<p class=\"product--description\">Das Jena Wilier Campagnolo EKAR ist die absolute Fahrrad-Allzweckwaffe und bietet dir maximale Freiheit bei deiner Streckenauswahl. Das edle Gravel-Bike mit italienischem Flair begeistert mit seinem Highend-Carbonrahmen und bietet Performance ohne Ende. Dazu tr\u00e4gt auch die Campagnolo EKAR 1 x 13-fach Gruppe bei, mit der du jedes Gel\u00e4nde meisterst.<\/p>\n<p>Das Jena ist das Gravelbike, das locker deine Anspr\u00fcche erf\u00fcllt. Es ist ein leichtes, reaktionsschnelles und wendiges Fahrrad mit einer komfortbetonten Rennradgeometrie, welches sich leicht an die vielf\u00e4ltigen Einsatzm\u00f6glichkeiten eines Gravelbikes anpassen kann \u2013 egal ob auf geteerten oder ungeteerten Stra\u00dfen, auf Singletrails oder beim Bikepacking, bei langen Outdoorabenteuern oder auf deiner Feierabendrunde, das Wilier Jena macht \u00fcberall eine gute Figur. Das Carbon, das beim Jena verwendet wird, ist das gleiche wie bei den Top-Rennradmodellen von Wilier. In Gr\u00f6\u00dfe M wiegt der lackierte Rahmen nur 995 g, die Gabel kommt auf leichte 450 g.<\/p>\n<h4><strong>EINSATZBEREICH<\/strong><\/h4>\n<p>Das Jena bietet vielf\u00e4ltige Einsatzm\u00f6glichkeiten und Konfigurationen. 28 Zoll oder 650B Laufr\u00e4der \u2013 ganz egal, du hast die Wahl. Bei 28&#8243;-Felgen k\u00f6nnen bis zu 44 mm breite Reifen, bei 650B-MTB-Felgen bis zu 48 mm breite, also 1,95&#8243; Reifen montiert werden (getestet mit Vittoria-Reifen). F\u00fcr den Einsatz von Flaschenhaltern, Taschen und Gep\u00e4cktr\u00e4gern oder Schutzblechen stehen zahlreiche Halterungen zur Verf\u00fcgung. An der Gabel k\u00f6nnen z.B. zwei Wasserflaschen oder ein Lowrider-Gep\u00e4cktr\u00e4ger f\u00fcr Taschen befestigt werden.<\/p>\n<h4><strong>BREMSEN<\/strong><\/h4>\n<p>Das Jena wird ausschlie\u00dflich mit Flat-Mount-Scheibenbremsen angeboten, serienm\u00e4\u00dfig mit 160 mm Scheiben. F\u00fcr die Laufr\u00e4der sind 12 mm Steckachsen vorgesehen, mit 100 mm Einbauweite an der Gabel und 142 mm am Hinterbau.<\/p>\n<h4><strong>KAMM TAIL DESIGN<\/strong><\/h4>\n<p>Obwohl die Aerodynamik beim Graveln eine untergeordnete Rolle spielt, wurde f\u00fcr das Jena ein aerodynamisches Unterrohr entwickelt, um dem Rad die f\u00fcr Willier typische aerodynamische Heckform zu verleihen.<\/p>\n<hr \/>\n<hr \/>\n<h3>Jena &#8211; DIE FREIE WAHL<\/h3>\n<p class=\"product--description\"><iframe title=\"YouTube video player\" src=\"https:\/\/www.youtube-nocookie.com\/embed\/cV9t0HAOE6g\" width=\"640\" height=\"360\" frameborder=\"0\" allowfullscreen=\"allowfullscreen\" data-mce-fragment=\"1\"><\/iframe><\/p>\n<h4>The Tech Room by Wilier Triestina | JENA<\/h4>\n<p class=\"product--description\"><iframe title=\"YouTube video player\" src=\"https:\/\/www.youtube-nocookie.com\/embed\/xhv1nyGAnco\" width=\"640\" height=\"360\" frameborder=\"0\" allowfullscreen=\"allowfullscreen\" data-mce-fragment=\"1\"><\/iframe><\/p>\n<div>\n<h2>Ausstattung<\/h2>\n<div class=\"product--properties panel has--border\">\n<table class=\"product--properties-table\">\n<tbody>\n<tr class=\"product--properties-row row1\">\n<td class=\"product--properties-label is--bold\">Rahmen:<\/td>\n<td class=\"product--properties-value\">JENA &#8211; CARBON MONOCOQUE 60TON<\/td>\n<\/tr>\n<tr class=\"product--properties-row row2\">\n<td class=\"product--properties-label is--bold\">Rahmenmaterial:<\/td>\n<td class=\"product--properties-value\">Carbon<\/td>\n<\/tr>\n<tr class=\"product--properties-row row3\">\n<td class=\"product--properties-label is--bold\">Laufradgr\u00f6\u00dfe:<\/td>\n<td class=\"product--properties-value\">28&#8243;<\/td>\n<\/tr>\n<tr class=\"product--properties-row row4\">\n<td class=\"product--properties-label is--bold\">Farbe:<\/td>\n<td class=\"product--properties-value\">smokey<\/td>\n<\/tr>\n<tr class=\"product--properties-row row5\">\n<td class=\"product--properties-label is--bold\">Gabel:<\/td>\n<td class=\"product--properties-value\">JENA &#8211; CARBON MONOCOQUE 60TON<\/td>\n<\/tr>\n<tr class=\"product--properties-row row6\">\n<td class=\"product--properties-label is--bold\">Bremsen:<\/td>\n<td class=\"product--properties-value\">CAMPAGNOLO EKAR<\/td>\n<\/tr>\n<tr class=\"product--properties-row row7\">\n<td class=\"product--properties-label is--bold\">Bremsscheiben:<\/td>\n<td class=\"product--properties-value\">CAMPAGNOLO AFS 160 mm \/ 160 mm<\/td>\n<\/tr>\n<tr class=\"product--properties-row row8\">\n<td class=\"product--properties-label is--bold\">Steuersatz:<\/td>\n<td class=\"product--properties-value\">FSA CUSTOM BEARINGS<\/td>\n<\/tr>\n<tr class=\"product--properties-row row9\">\n<td class=\"product--properties-label is--bold\">Vorbau:<\/td>\n<td class=\"product--properties-value\">RITCHEY COMP<\/td>\n<\/tr>\n<tr class=\"product--properties-row row10\">\n<td class=\"product--properties-label is--bold\">Lenker:<\/td>\n<td class=\"product--properties-value\">RITCHEY ERGOMAX ROAD COMP<\/td>\n<\/tr>\n<tr class=\"product--properties-row row11\">\n<td class=\"product--properties-label is--bold\">Sattel:<\/td>\n<td class=\"product--properties-value\">WILIER TRIESTINA SA-R006TI, TITAN RAIL<\/td>\n<\/tr>\n<tr class=\"product--properties-row row12\">\n<td class=\"product--properties-label is--bold\">Sattelst\u00fctze:<\/td>\n<td class=\"product--properties-value\">RITCHEY COMP 2-BOLT V2 ALU<\/td>\n<\/tr>\n<tr class=\"product--properties-row row13\">\n<td class=\"product--properties-label is--bold\">Kurbel:<\/td>\n<td class=\"product--properties-value\">CAMPAGNOLO EKAR 38T FC21-EK13<\/td>\n<\/tr>\n<tr class=\"product--properties-row row14\">\n<td class=\"product--properties-label is--bold\">Tretlager\/Innenlager:<\/td>\n<td class=\"product--properties-value\">CAMPAGNOLO BB86 PRESSFIT<\/td>\n<\/tr>\n<tr class=\"product--properties-row row15\">\n<td class=\"product--properties-label is--bold\">Schaltwerk:<\/td>\n<td class=\"product--properties-value\">CAMPAGNOLO EKAR 1&#215;13 RD21-EK13<\/td>\n<\/tr>\n<\/tbody>\n<\/table>\n<table class=\"product--properties-table\">\n<tbody>\n<tr class=\"product--properties-row row16\">\n<td class=\"product--properties-label is--bold\">Schalthebel:<\/td>\n<td class=\"product--properties-value\">CAMPAGNOLO ERGOPOWER EKAR 1&#215;13<\/td>\n<\/tr>\n<tr class=\"product--properties-row row17\">\n<td class=\"product--properties-label is--bold\">Kassette:<\/td>\n<td class=\"product--properties-value\">CAMPAGNOLO EKAR 13S 9-42T CS21-EK1392<\/td>\n<\/tr>\n<tr class=\"product--properties-row row18\">\n<td class=\"product--properties-label is--bold\">Kette:<\/td>\n<td class=\"product--properties-value\">CAMPAGNOLO EKAR CN21-EK13<\/td>\n<\/tr>\n<tr class=\"product--properties-row row19\">\n<td class=\"product--properties-label is--bold\">Reifen:<\/td>\n<td class=\"product--properties-value\">VITTORIA TERRENO DRY RIGID 700&#215;38<\/td>\n<\/tr>\n<tr class=\"product--properties-row row20\">\n<td class=\"product--properties-label is--bold\">Laufradsatz:<\/td>\n<td class=\"product--properties-value\">MICHE GRAFF ALU<\/td>\n<\/tr>\n<tr class=\"product--properties-row row21\">\n<td class=\"product--properties-label is--bold\">Pedale:<\/td>\n<td class=\"product--properties-value\">nicht im Lieferumfang enthalten<\/td>\n<\/tr>\n<\/tbody>\n<\/table>\n<\/div>\n<\/div>","protected":false},"excerpt":{"rendered":"<p>Wilier\u00a0Jena Campagnolo EKAR Carbon Gravelbike Das Jena Wilier Campagnolo EKAR ist die absolute Fahrrad-Allzweckwaffe und bietet dir maximale Freiheit bei<\/p>","protected":false},"featured_media":61149,"comment_status":"open","ping_status":"closed","template":"","meta":{"_rtcl_gb_attr":""},"product_brand":[],"product_cat":[36,37],"product_tag":[],"class_list":{"0":"post-38280","1":"product","2":"type-product","3":"status-publish","4":"has-post-thumbnail","6":"product_cat-fahrrad","7":"product_cat-gravel-bikes","8":"pa_marke-wilier-triestina","10":"first","11":"instock","12":"sale","13":"taxable","14":"shipping-taxable","15":"purchasable","16":"product-type-variable"},"yoast_head":"<!-- This site is optimized with the Yoast SEO Premium plugin v20.12 (Yoast SEO v27.4) - https:\/\/yoast.com\/product\/yoast-seo-premium-wordpress\/ -->\n<title>Wilier\u00a0Jena Campagnolo EKAR Carbon Gravelbike<\/title>\n<meta name=\"description\" content=\"Entdecken Sie unseren Online-Fahrradladen: Gro\u00dfe Auswahl an Modellen f\u00fcr alle Radsportbegeisterten. Von Rennr\u00e4dern bis zu Mountainbikes - finden Sie heute Ihren perfekten Wegbegleiter!\" \/>\n<meta name=\"robots\" content=\"index, follow, max-snippet:-1, max-image-preview:large, max-video-preview:-1\" \/>\n<link rel=\"canonical\" href=\"https:\/\/cioelectro.com\/en\/produkt\/wilier-jena-campagnolo-ekar-carbon-gravelbike\/\" \/>\n<meta property=\"og:locale\" content=\"en_US\" \/>\n<meta property=\"og:type\" content=\"article\" \/>\n<meta property=\"og:title\" content=\"Wilier\u00a0Jena Campagnolo EKAR Carbon Gravelbike\" \/>\n<meta property=\"og:description\" content=\"Entdecken Sie unseren Online-Fahrradladen: Gro\u00dfe Auswahl an Modellen f\u00fcr alle Radsportbegeisterten. Von Rennr\u00e4dern bis zu Mountainbikes - finden Sie heute Ihren perfekten Wegbegleiter!\" \/>\n<meta property=\"og:url\" content=\"https:\/\/cioelectro.com\/en\/produkt\/wilier-jena-campagnolo-ekar-carbon-gravelbike\/\" \/>\n<meta property=\"og:site_name\" content=\"cioelectro.com\" \/>\n<meta property=\"article:modified_time\" content=\"2023-08-11T07:12:40+00:00\" \/>\n<meta property=\"og:image\" content=\"https:\/\/cioelectro.com\/wp-content\/uploads\/2023\/06\/Wilier-Jena-Campagnolo-EKAR-Carbon-Gravelbike.jpg\" \/>\n\t<meta property=\"og:image:width\" content=\"800\" \/>\n\t<meta property=\"og:image:height\" content=\"476\" \/>\n\t<meta property=\"og:image:type\" content=\"image\/jpeg\" \/>\n<meta name=\"twitter:card\" content=\"summary_large_image\" \/>\n<meta name=\"twitter:label1\" content=\"Est. reading time\" \/>\n\t<meta name=\"twitter:data1\" content=\"3 minutes\" \/>\n<script type=\"application\/ld+json\" class=\"yoast-schema-graph\">{\"@context\":\"https:\\\/\\\/schema.org\",\"@graph\":[{\"@type\":\"WebPage\",\"@id\":\"https:\\\/\\\/cioelectro.com\\\/produkt\\\/wilier-jena-campagnolo-ekar-carbon-gravelbike\\\/\",\"url\":\"https:\\\/\\\/cioelectro.com\\\/produkt\\\/wilier-jena-campagnolo-ekar-carbon-gravelbike\\\/\",\"name\":\"Wilier\u00a0Jena Campagnolo EKAR Carbon Gravelbike\",\"isPartOf\":{\"@id\":\"https:\\\/\\\/cioelectro.com\\\/#website\"},\"primaryImageOfPage\":{\"@id\":\"https:\\\/\\\/cioelectro.com\\\/produkt\\\/wilier-jena-campagnolo-ekar-carbon-gravelbike\\\/#primaryimage\"},\"image\":{\"@id\":\"https:\\\/\\\/cioelectro.com\\\/produkt\\\/wilier-jena-campagnolo-ekar-carbon-gravelbike\\\/#primaryimage\"},\"thumbnailUrl\":\"https:\\\/\\\/cioelectro.com\\\/wp-content\\\/uploads\\\/2023\\\/06\\\/Wilier-Jena-Campagnolo-EKAR-Carbon-Gravelbike.jpg\",\"datePublished\":\"2022-11-07T14:26:11+00:00\",\"dateModified\":\"2023-08-11T07:12:40+00:00\",\"description\":\"Entdecken Sie unseren Online-Fahrradladen: Gro\u00dfe Auswahl an Modellen f\u00fcr alle Radsportbegeisterten. Von Rennr\u00e4dern bis zu Mountainbikes - finden Sie heute Ihren perfekten Wegbegleiter!\",\"breadcrumb\":{\"@id\":\"https:\\\/\\\/cioelectro.com\\\/produkt\\\/wilier-jena-campagnolo-ekar-carbon-gravelbike\\\/#breadcrumb\"},\"inLanguage\":\"en-US\",\"potentialAction\":[{\"@type\":\"ReadAction\",\"target\":[\"https:\\\/\\\/cioelectro.com\\\/produkt\\\/wilier-jena-campagnolo-ekar-carbon-gravelbike\\\/\"]}]},{\"@type\":\"ImageObject\",\"inLanguage\":\"en-US\",\"@id\":\"https:\\\/\\\/cioelectro.com\\\/produkt\\\/wilier-jena-campagnolo-ekar-carbon-gravelbike\\\/#primaryimage\",\"url\":\"https:\\\/\\\/cioelectro.com\\\/wp-content\\\/uploads\\\/2023\\\/06\\\/Wilier-Jena-Campagnolo-EKAR-Carbon-Gravelbike.jpg\",\"contentUrl\":\"https:\\\/\\\/cioelectro.com\\\/wp-content\\\/uploads\\\/2023\\\/06\\\/Wilier-Jena-Campagnolo-EKAR-Carbon-Gravelbike.jpg\",\"width\":800,\"height\":476,\"caption\":\"Wilier\u00a0Jena Campagnolo EKAR Carbon Gravelbike\"},{\"@type\":\"BreadcrumbList\",\"@id\":\"https:\\\/\\\/cioelectro.com\\\/produkt\\\/wilier-jena-campagnolo-ekar-carbon-gravelbike\\\/#breadcrumb\",\"itemListElement\":[{\"@type\":\"ListItem\",\"position\":1,\"name\":\"Startseite\",\"item\":\"https:\\\/\\\/cioelectro.com\\\/\"},{\"@type\":\"ListItem\",\"position\":2,\"name\":\"LADEN\",\"item\":\"https:\\\/\\\/cioelectro.com\\\/laden\\\/\"},{\"@type\":\"ListItem\",\"position\":3,\"name\":\"Wilier\u00a0Jena Campagnolo EKAR Carbon Gravelbike\"}]},{\"@type\":\"WebSite\",\"@id\":\"https:\\\/\\\/cioelectro.com\\\/#website\",\"url\":\"https:\\\/\\\/cioelectro.com\\\/\",\"name\":\"cioelectro.com\",\"description\":\"Treten Sie mit uns ins Abenteuer!\",\"publisher\":{\"@id\":\"https:\\\/\\\/cioelectro.com\\\/#organization\"},\"alternateName\":\"MEIN RADLADEN\",\"potentialAction\":[{\"@type\":\"SearchAction\",\"target\":{\"@type\":\"EntryPoint\",\"urlTemplate\":\"https:\\\/\\\/cioelectro.com\\\/?s={search_term_string}\"},\"query-input\":{\"@type\":\"PropertyValueSpecification\",\"valueRequired\":true,\"valueName\":\"search_term_string\"}}],\"inLanguage\":\"en-US\"},{\"@type\":\"Organization\",\"@id\":\"https:\\\/\\\/cioelectro.com\\\/#organization\",\"name\":\"CIOELECTRO\",\"alternateName\":\"MEIN RADLADEN\",\"url\":\"https:\\\/\\\/cioelectro.com\\\/\",\"logo\":{\"@type\":\"ImageObject\",\"inLanguage\":\"en-US\",\"@id\":\"https:\\\/\\\/cioelectro.com\\\/#\\\/schema\\\/logo\\\/image\\\/\",\"url\":\"https:\\\/\\\/cioelectro.com\\\/wp-content\\\/uploads\\\/2025\\\/12\\\/Logo-2-1200x800.png\",\"contentUrl\":\"https:\\\/\\\/cioelectro.com\\\/wp-content\\\/uploads\\\/2025\\\/12\\\/Logo-2-1200x800.png\",\"width\":1200,\"height\":800,\"caption\":\"CIOELECTRO\"},\"image\":{\"@id\":\"https:\\\/\\\/cioelectro.com\\\/#\\\/schema\\\/logo\\\/image\\\/\"}}]}<\/script>\n<!-- \/ Yoast SEO Premium plugin. -->","yoast_head_json":{"title":"Wilier\u00a0Jena Campagnolo EKAR Carbon Gravelbike","description":"Entdecken Sie unseren Online-Fahrradladen: Gro\u00dfe Auswahl an Modellen f\u00fcr alle Radsportbegeisterten. Von Rennr\u00e4dern bis zu Mountainbikes - finden Sie heute Ihren perfekten Wegbegleiter!","robots":{"index":"index","follow":"follow","max-snippet":"max-snippet:-1","max-image-preview":"max-image-preview:large","max-video-preview":"max-video-preview:-1"},"canonical":"https:\/\/cioelectro.com\/en\/produkt\/wilier-jena-campagnolo-ekar-carbon-gravelbike\/","og_locale":"en_US","og_type":"article","og_title":"Wilier\u00a0Jena Campagnolo EKAR Carbon Gravelbike","og_description":"Entdecken Sie unseren Online-Fahrradladen: Gro\u00dfe Auswahl an Modellen f\u00fcr alle Radsportbegeisterten. Von Rennr\u00e4dern bis zu Mountainbikes - finden Sie heute Ihren perfekten Wegbegleiter!","og_url":"https:\/\/cioelectro.com\/en\/produkt\/wilier-jena-campagnolo-ekar-carbon-gravelbike\/","og_site_name":"cioelectro.com","article_modified_time":"2023-08-11T07:12:40+00:00","og_image":[{"width":800,"height":476,"url":"https:\/\/cioelectro.com\/wp-content\/uploads\/2023\/06\/Wilier-Jena-Campagnolo-EKAR-Carbon-Gravelbike.jpg","type":"image\/jpeg"}],"twitter_card":"summary_large_image","twitter_misc":{"Est. reading time":"3 minutes"},"schema":{"@context":"https:\/\/schema.org","@graph":[{"@type":"WebPage","@id":"https:\/\/cioelectro.com\/produkt\/wilier-jena-campagnolo-ekar-carbon-gravelbike\/","url":"https:\/\/cioelectro.com\/produkt\/wilier-jena-campagnolo-ekar-carbon-gravelbike\/","name":"Wilier\u00a0Jena Campagnolo EKAR Carbon Gravelbike","isPartOf":{"@id":"https:\/\/cioelectro.com\/#website"},"primaryImageOfPage":{"@id":"https:\/\/cioelectro.com\/produkt\/wilier-jena-campagnolo-ekar-carbon-gravelbike\/#primaryimage"},"image":{"@id":"https:\/\/cioelectro.com\/produkt\/wilier-jena-campagnolo-ekar-carbon-gravelbike\/#primaryimage"},"thumbnailUrl":"https:\/\/cioelectro.com\/wp-content\/uploads\/2023\/06\/Wilier-Jena-Campagnolo-EKAR-Carbon-Gravelbike.jpg","datePublished":"2022-11-07T14:26:11+00:00","dateModified":"2023-08-11T07:12:40+00:00","description":"Entdecken Sie unseren Online-Fahrradladen: Gro\u00dfe Auswahl an Modellen f\u00fcr alle Radsportbegeisterten. Von Rennr\u00e4dern bis zu Mountainbikes - finden Sie heute Ihren perfekten Wegbegleiter!","breadcrumb":{"@id":"https:\/\/cioelectro.com\/produkt\/wilier-jena-campagnolo-ekar-carbon-gravelbike\/#breadcrumb"},"inLanguage":"en-US","potentialAction":[{"@type":"ReadAction","target":["https:\/\/cioelectro.com\/produkt\/wilier-jena-campagnolo-ekar-carbon-gravelbike\/"]}]},{"@type":"ImageObject","inLanguage":"en-US","@id":"https:\/\/cioelectro.com\/produkt\/wilier-jena-campagnolo-ekar-carbon-gravelbike\/#primaryimage","url":"https:\/\/cioelectro.com\/wp-content\/uploads\/2023\/06\/Wilier-Jena-Campagnolo-EKAR-Carbon-Gravelbike.jpg","contentUrl":"https:\/\/cioelectro.com\/wp-content\/uploads\/2023\/06\/Wilier-Jena-Campagnolo-EKAR-Carbon-Gravelbike.jpg","width":800,"height":476,"caption":"Wilier\u00a0Jena Campagnolo EKAR Carbon Gravelbike"},{"@type":"BreadcrumbList","@id":"https:\/\/cioelectro.com\/produkt\/wilier-jena-campagnolo-ekar-carbon-gravelbike\/#breadcrumb","itemListElement":[{"@type":"ListItem","position":1,"name":"Startseite","item":"https:\/\/cioelectro.com\/"},{"@type":"ListItem","position":2,"name":"LADEN","item":"https:\/\/cioelectro.com\/laden\/"},{"@type":"ListItem","position":3,"name":"Wilier\u00a0Jena Campagnolo EKAR Carbon Gravelbike"}]},{"@type":"WebSite","@id":"https:\/\/cioelectro.com\/#website","url":"https:\/\/cioelectro.com\/","name":"cioelectro.com","description":"Treten Sie mit uns ins Abenteuer!","publisher":{"@id":"https:\/\/cioelectro.com\/#organization"},"alternateName":"MEIN RADLADEN","potentialAction":[{"@type":"SearchAction","target":{"@type":"EntryPoint","urlTemplate":"https:\/\/cioelectro.com\/?s={search_term_string}"},"query-input":{"@type":"PropertyValueSpecification","valueRequired":true,"valueName":"search_term_string"}}],"inLanguage":"en-US"},{"@type":"Organization","@id":"https:\/\/cioelectro.com\/#organization","name":"CIOELECTRO","alternateName":"MEIN RADLADEN","url":"https:\/\/cioelectro.com\/","logo":{"@type":"ImageObject","inLanguage":"en-US","@id":"https:\/\/cioelectro.com\/#\/schema\/logo\/image\/","url":"https:\/\/cioelectro.com\/wp-content\/uploads\/2025\/12\/Logo-2-1200x800.png","contentUrl":"https:\/\/cioelectro.com\/wp-content\/uploads\/2025\/12\/Logo-2-1200x800.png","width":1200,"height":800,"caption":"CIOELECTRO"},"image":{"@id":"https:\/\/cioelectro.com\/#\/schema\/logo\/image\/"}}]}},"_links":{"self":[{"href":"https:\/\/cioelectro.com\/en\/wp-json\/wp\/v2\/product\/38280","targetHints":{"allow":["GET"]}}],"collection":[{"href":"https:\/\/cioelectro.com\/en\/wp-json\/wp\/v2\/product"}],"about":[{"href":"https:\/\/cioelectro.com\/en\/wp-json\/wp\/v2\/types\/product"}],"replies":[{"embeddable":true,"href":"https:\/\/cioelectro.com\/en\/wp-json\/wp\/v2\/comments?post=38280"}],"version-history":[{"count":0,"href":"https:\/\/cioelectro.com\/en\/wp-json\/wp\/v2\/product\/38280\/revisions"}],"wp:featuredmedia":[{"embeddable":true,"href":"https:\/\/cioelectro.com\/en\/wp-json\/wp\/v2\/media\/61149"}],"wp:attachment":[{"href":"https:\/\/cioelectro.com\/en\/wp-json\/wp\/v2\/media?parent=38280"}],"wp:term":[{"taxonomy":"product_brand","embeddable":true,"href":"https:\/\/cioelectro.com\/en\/wp-json\/wp\/v2\/product_brand?post=38280"},{"taxonomy":"product_cat","embeddable":true,"href":"https:\/\/cioelectro.com\/en\/wp-json\/wp\/v2\/product_cat?post=38280"},{"taxonomy":"product_tag","embeddable":true,"href":"https:\/\/cioelectro.com\/en\/wp-json\/wp\/v2\/product_tag?post=38280"}],"curies":[{"name":"wp","href":"https:\/\/api.w.org\/{rel}","templated":true}]}}