{"id":38645,"date":"2022-11-08T13:14:57","date_gmt":"2022-11-08T12:14:57","guid":{"rendered":"https:\/\/meinradladen.com\/?post_type=product&#038;p=38645"},"modified":"2023-08-11T09:49:25","modified_gmt":"2023-08-11T07:49:25","slug":"santa-cruz-stigmata-cc-rival","status":"publish","type":"product","link":"https:\/\/cioelectro.com\/en\/produkt\/santa-cruz-stigmata-cc-rival\/","title":{"rendered":"Santa Cruz Stigmata CC Rival"},"content":{"rendered":"<h2>Santa Cruz Stigmata CC Rival<\/h2>\n<p>Egal ob Gel\u00e4nde oder Stra\u00dfe, Cyclocross oder Gravel &#8211; das Stigmata CC Rival\u00a0 von Santa Cruz verwischt die Grenzen und garantiert maximalen Fahrspa\u00df auf jedem deiner Abenteuer. Die sportlich-kompakte Sitzposition, in Verbindung mit dem Highend-Carbonrahmen und der SRAM Rival-Gruppe sorgt f\u00fcr ordentlich Vortrieb, so dass du deine n\u00e4chste Fahrt voll und ganz genie\u00dfen kannst!<\/p>\n<hr \/>\n<h3>Das Santa Cruz Stigmata CC Rival im Detail<\/h3>\n<p>Heutzutage sind Features wie innenverlegte Bremsleitungen, gro\u00dfz\u00fcgige Reifenfreiheit und Steckachsen, die das Stigmata ber\u00fchmt gemacht haben, schon fast zur Norm geworden. Santa Cruz hat daher einen neuen Blick gewagt und bietet dem Fahrer von heute wieder die Standards von morgen. Das geschraubte Innenlager bleibt dank seines bew\u00e4hrten, robusten und kompatiblen Designs ein ewiger Favorit, das einfach nie kaputt geht.<\/p>\n<p>Die M\u00f6glichkeit, Schutzbleche zu montieren unterstreicht den immer gr\u00f6\u00dfer werdenden Einsatzbereich des Stigmatas. Hinzu kommt die dritte Flaschenhalterung, dank der du auch mit einer gro\u00dfen Rahmentasche beim Bikepacking noch mindestens eine normale Flasche mitnehmen kannst. Du suchst mehr Abenteuer und brauchst breitere Reifen? In den Rahmen passen nun bis zu zu 45mm 700c-Reifen oder 2,1&#8243; 650b-Reifen. Bez\u00fcglich Gel\u00e4ndetauglichkeit hat das Stigmata einige Trainingseinheiten mit dem Hardtail Highball absolviert und lernte viel \u00fcber Steifigkeit, Handling und Offroad-Feeling. Das Carbon-Layup entstand nicht nur mit den Erfahrungen der Santa Cruz Ingenieure vom Highball, sondern auch von Danny MacAskills Carbon-Trialbike. Es sorgt exakt dort f\u00fcr viel Vortrieb und Steifigkeit, wo diese verlangt wird, andererseits wird aber auch komfortabler Flex geboten.<\/p>\n<p>Nat\u00fcrlich spielt auch beim Gravelbike die Geometrie eine gro\u00dfe Rolle. Santa Cruz hat Optimierungen vorgenommen, um vor allem das Handling f\u00fcr kleinere Fahrer zu verbessern. Durch die \u00dcberarbeitung der 52\/54cm Rahmen passt das Stigmata nun bequem f\u00fcr Fahrer ab 160 cm. Der Einsatz verschiedener Gabel-Offsets &#8211; 50mm f\u00fcr die Gr\u00f6\u00dfen 52-54cm und 45mm f\u00fcr die Gr\u00f6\u00dfen 56-61cm &#8211; stellt sicher, dass deine Zehen nicht mit dem Vorderrad in Kontakt kommen. Abgerundet wird das Stigmata durch schicke Details wie 12mm Steckachse am Vorderrad und Flatmount-Bremsaufnahme \u2013 so gibt dir das Bike die absolute Freiheit es da zu fahren, wo du m\u00f6chtest.<\/p>\n<hr \/>\n<h3>Lebenslange Rahmen-Garantie<\/h3>\n<p>Santa Cruz Bicycles repariert oder ersetzt nach eigenem Ermessen jeden Rahmen, der von Santa Cruz Bicycles hergestellt wurde und der einen Material- oder Verarbeitungsfehler aufweist. Die Garantie gilt f\u00fcr die Lebensdauer des Rahmens und steht ausschlie\u00dflich dem Erstbesitzer zur Verf\u00fcgung. Ungeachtet des Vorstehenden sind Rahmen, die vor dem 1. Mai 2015 gekauft wurden, f\u00fcr f\u00fcnf Jahre ab dem urspr\u00fcnglichen Kaufdatum durch die vorher bestehende Garantie abgedeckt. Im Falle einer Situation, in der die Garantie nicht gilt, bietet Santa Cruz Bicycles dem Erstbesitzer Ersatzteile zu einem reduzierten Preis f\u00fcr die oben beschriebene Garantiezeit an.*<\/p>\n<hr \/>\n<h3>Technologie<\/h3>\n<p><strong>Der Santa Cruz Carbon-Rahmen<\/strong><br \/>\nSanta Cruz nutzt Carbon f\u00fcr seine Mountainbikes nicht nur, weil es cool aussieht und weil es alle anderen tun. Sie sind Vorreiter bei der Verwendung fortschrittlicher Materialien und Produktionsmethoden, um m\u00f6glichst stabile und leistungsf\u00e4hige Bikes zu bauen. Durch ihre langj\u00e4hrige Erfahrung im Umgang mit Carbon kann Santa Cruz echten Fahrspa\u00df und volles Vertrauen in die Produkte garantieren.<\/p>\n<p>Die Carbon-Technologie wird direkt in Santa Cruz, Kalifornien, entwickelt. Im eigenen Carbon-Labor erforschen und testen die Santa Cruz-Ingenieure neue Herstellungsverfahren und -techniken. Au\u00dferdem kann im hauseigenen Prototypenbau das Carbon-Layup eines Teils so entwickelt werden, dass jeder Serien-Rahmen von den Erkenntnissen profitiert. Dadurch sind die Serienbikes von Santa Cruz extrem robust. Und durch st\u00e4ndige Weiterentwicklung des Wissens f\u00fcr die Vorteile neuer Materialien und verfeinerter Technologien entwickeln sich die Bikes stetig weiter.<\/p>\n<p>Die Carbon-Rahmen werden in Santa Cruz\u2018 exklusiver Fabrik produziert. Sie haben diese Produktionsst\u00e4tte selbst gegr\u00fcndet, um kontrollieren zu k\u00f6nnen, dass die Entw\u00fcrfe richtig umgesetzt werden, um eine optimale Qualit\u00e4tssicherung zu gew\u00e4hrleisten und um sicherzustellen, dass Technologien und Erkenntnisse nicht au\u00dfer Haus gelangen. Wenn etwas verbessert werden muss, hat Santa Cruz die Kapazit\u00e4t und die M\u00f6glichkeit, zeitnah zu reagieren und den Produktionsprozess zu optimieren, bevor das fertige Produkt in deine H\u00e4nde gelangt.<\/p>\n<div class=\"tab-menu--product js--tab-menu\">\n<div class=\"tab--container-list\">\n<div class=\"tab--container has--content is--active\">\n<div class=\"tab--content\">\n<div class=\"content--description\">\n<div class=\"product--description\">\n<h2>Ausstattung<\/h2>\n<div class=\"product--properties panel has--border\">\n<table class=\"product--properties-table\">\n<tbody>\n<tr class=\"product--properties-row row1\">\n<td class=\"product--properties-label is--bold\">Rahmen:<\/td>\n<td class=\"product--properties-value\">Carbon CC Cyclocross<\/td>\n<\/tr>\n<tr class=\"product--properties-row row2\">\n<td class=\"product--properties-label is--bold\">Rahmenmaterial:<\/td>\n<td class=\"product--properties-value\">Carbon<\/td>\n<\/tr>\n<tr class=\"product--properties-row row3\">\n<td class=\"product--properties-label is--bold\">Laufradgr\u00f6\u00dfe:<\/td>\n<td class=\"product--properties-value\">28&#8243;<\/td>\n<\/tr>\n<tr class=\"product--properties-row row4\">\n<td class=\"product--properties-label is--bold\">Farbe:<\/td>\n<td class=\"product--properties-value\">Gloss Brut<\/td>\n<\/tr>\n<tr class=\"product--properties-row row5\">\n<td class=\"product--properties-label is--bold\">Bremsen:<\/td>\n<td class=\"product--properties-value\">SRAM Rival 1 Flat Mount<\/td>\n<\/tr>\n<tr class=\"product--properties-row row6\">\n<td class=\"product--properties-label is--bold\">Bremsscheiben:<\/td>\n<td class=\"product--properties-value\">Avid Centerline 160mm<\/td>\n<\/tr>\n<tr class=\"product--properties-row row7\">\n<td class=\"product--properties-label is--bold\">Steuersatz:<\/td>\n<td class=\"product--properties-value\">Cane Creek 40 IS Integrated Headset<\/td>\n<\/tr>\n<tr class=\"product--properties-row row8\">\n<td class=\"product--properties-label is--bold\">Vorbau:<\/td>\n<td class=\"product--properties-value\">Easton EA50 Stem<\/td>\n<\/tr>\n<tr class=\"product--properties-row row9\">\n<td class=\"product--properties-label is--bold\">Lenker:<\/td>\n<td class=\"product--properties-value\">Easton EA50 AX<\/td>\n<\/tr>\n<tr class=\"product--properties-row row10\">\n<td class=\"product--properties-label is--bold\">Griffe:<\/td>\n<td class=\"product--properties-value\">Velo bar tape<\/td>\n<\/tr>\n<tr class=\"product--properties-row row11\">\n<td class=\"product--properties-label is--bold\">Sattel:<\/td>\n<td class=\"product--properties-value\">WTB Silverado Pro Saddle or WTB Volt<\/td>\n<\/tr>\n<tr class=\"product--properties-row row12\">\n<td class=\"product--properties-label is--bold\">Sattelst\u00fctze:<\/td>\n<td class=\"product--properties-value\">Easton EA50, 27.2, 12mm offset, 350mm<\/td>\n<\/tr>\n<tr class=\"product--properties-row row13\">\n<td class=\"product--properties-label is--bold\">Kurbel:<\/td>\n<td class=\"product--properties-value\">Easton EA90, 40t &#8211; 170mm (52), 172.5mm (54-56), 175mm (58-60)<\/td>\n<\/tr>\n<tr class=\"product--properties-row row14\">\n<td class=\"product--properties-label is--bold\">Tretlager\/Innenlager:<\/td>\n<td class=\"product--properties-value\">Easton BSA BB<\/td>\n<\/tr>\n<tr class=\"product--properties-row row15\">\n<td class=\"product--properties-label is--bold\">Schaltwerk:<\/td>\n<td class=\"product--properties-value\">Rival 1 Long Cage, 11sp<\/td>\n<\/tr>\n<\/tbody>\n<\/table>\n<table class=\"product--properties-table\">\n<tbody>\n<tr class=\"product--properties-row row16\">\n<td class=\"product--properties-label is--bold\">Schalthebel:<\/td>\n<td class=\"product--properties-value\">SRAM Rival 1<\/td>\n<\/tr>\n<tr class=\"product--properties-row row17\">\n<td class=\"product--properties-label is--bold\">Kassette:<\/td>\n<td class=\"product--properties-value\">SRAM PG1150, 11spd, 10-42t<\/td>\n<\/tr>\n<tr class=\"product--properties-row row18\">\n<td class=\"product--properties-label is--bold\">Kette:<\/td>\n<td class=\"product--properties-value\">Sram PC1170<\/td>\n<\/tr>\n<tr class=\"product--properties-row row19\">\n<td class=\"product--properties-label is--bold\">Reifen:<\/td>\n<td class=\"product--properties-value\">Maxxis Ravager EXO, 700x40c<\/td>\n<\/tr>\n<tr class=\"product--properties-row row20\">\n<td class=\"product--properties-label is--bold\">Nabe Vorderrad:<\/td>\n<td class=\"product--properties-value\">DT Swiss 370 100X12<\/td>\n<\/tr>\n<tr class=\"product--properties-row row21\">\n<td class=\"product--properties-label is--bold\">Nabe Hinterrad:<\/td>\n<td class=\"product--properties-value\">DT Swiss 370,142&#215;12, XD, 28h<\/td>\n<\/tr>\n<tr class=\"product--properties-row row22\">\n<td class=\"product--properties-label is--bold\">Speichen:<\/td>\n<td class=\"product--properties-value\">Sapim Race<\/td>\n<\/tr>\n<tr class=\"product--properties-row row23\">\n<td class=\"product--properties-label is--bold\">Felgen:<\/td>\n<td class=\"product--properties-value\">WTB EZR i23p 700c<\/td>\n<\/tr>\n<tr class=\"product--properties-row row24\">\n<td class=\"product--properties-label is--bold\">Pedale:<\/td>\n<td class=\"product--properties-value\">nicht im Lieferumfang enthalten<\/td>\n<\/tr>\n<tr class=\"product--properties-row row25\">\n<td class=\"product--properties-label is--bold\">Sonstiges:<\/td>\n<td class=\"product--properties-value\">Stans Sealant 2oz<\/td>\n<\/tr>\n<tr class=\"product--properties-row row26\">\n<td class=\"product--properties-label is--bold\">Zul\u00e4ssiges Gesamtgewicht:<\/td>\n<td class=\"product--properties-value\">125 kg (K\u00f6rpergewicht + Fahrrad + Ausr\u00fcstung)<\/td>\n<\/tr>\n<tr class=\"product--properties-row row27\">\n<td class=\"product--properties-label is--bold\">Gewicht Komplettrad:<\/td>\n<td class=\"product--properties-value\">8.89 kg<\/td>\n<\/tr>\n<\/tbody>\n<\/table>\n<\/div>\n<\/div>\n<\/div>\n<\/div>\n<\/div>\n<\/div>\n<\/div>\n<div id=\"detail--product-reviews\" class=\"content--product-reviews 123\">\n<div class=\"review--form-container\">\n<div class=\"review--info--box\"><\/div>\n<\/div>\n<\/div>","protected":false},"excerpt":{"rendered":"<p>Santa Cruz Stigmata CC Rival Egal ob Gel\u00e4nde oder Stra\u00dfe, Cyclocross oder Gravel &#8211; das Stigmata CC Rival\u00a0 von Santa<\/p>","protected":false},"featured_media":61285,"comment_status":"open","ping_status":"closed","template":"","meta":{"_rtcl_gb_attr":""},"product_brand":[],"product_cat":[36,37],"product_tag":[],"class_list":{"0":"post-38645","1":"product","2":"type-product","3":"status-publish","4":"has-post-thumbnail","6":"product_cat-fahrrad","7":"product_cat-gravel-bikes","8":"pa_marke-santa-cruz","10":"first","11":"instock","12":"sale","13":"taxable","14":"shipping-taxable","15":"purchasable","16":"product-type-variable"},"yoast_head":"<!-- This site is optimized with the Yoast SEO Premium plugin v20.12 (Yoast SEO v27.4) - https:\/\/yoast.com\/product\/yoast-seo-premium-wordpress\/ -->\n<title>Santa Cruz Stigmata CC Rival<\/title>\n<meta name=\"description\" content=\"Entdecken Sie unseren Online-Fahrradladen: Gro\u00dfe Auswahl an Modellen f\u00fcr alle Radsportbegeisterten. Von Rennr\u00e4dern bis zu Mountainbikes - finden Sie heute Ihren perfekten Wegbegleiter!\" \/>\n<meta name=\"robots\" content=\"index, follow, max-snippet:-1, max-image-preview:large, max-video-preview:-1\" \/>\n<link rel=\"canonical\" href=\"https:\/\/cioelectro.com\/en\/produkt\/santa-cruz-stigmata-cc-rival\/\" \/>\n<meta property=\"og:locale\" content=\"en_US\" \/>\n<meta property=\"og:type\" content=\"article\" \/>\n<meta property=\"og:title\" content=\"Santa Cruz Stigmata CC Rival\" \/>\n<meta property=\"og:description\" content=\"Entdecken Sie unseren Online-Fahrradladen: Gro\u00dfe Auswahl an Modellen f\u00fcr alle Radsportbegeisterten. Von Rennr\u00e4dern bis zu Mountainbikes - finden Sie heute Ihren perfekten Wegbegleiter!\" \/>\n<meta property=\"og:url\" content=\"https:\/\/cioelectro.com\/en\/produkt\/santa-cruz-stigmata-cc-rival\/\" \/>\n<meta property=\"og:site_name\" content=\"cioelectro.com\" \/>\n<meta property=\"article:modified_time\" content=\"2023-08-11T07:49:25+00:00\" \/>\n<meta property=\"og:image\" content=\"https:\/\/cioelectro.com\/wp-content\/uploads\/2023\/06\/Santa-Cruz-Stigmata-CC-Rival.jpg\" \/>\n\t<meta property=\"og:image:width\" content=\"800\" \/>\n\t<meta property=\"og:image:height\" content=\"494\" \/>\n\t<meta property=\"og:image:type\" content=\"image\/jpeg\" \/>\n<meta name=\"twitter:card\" content=\"summary_large_image\" \/>\n<meta name=\"twitter:label1\" content=\"Est. reading time\" \/>\n\t<meta name=\"twitter:data1\" content=\"5 minutes\" \/>\n<script type=\"application\/ld+json\" class=\"yoast-schema-graph\">{\"@context\":\"https:\\\/\\\/schema.org\",\"@graph\":[{\"@type\":\"WebPage\",\"@id\":\"https:\\\/\\\/cioelectro.com\\\/produkt\\\/santa-cruz-stigmata-cc-rival\\\/\",\"url\":\"https:\\\/\\\/cioelectro.com\\\/produkt\\\/santa-cruz-stigmata-cc-rival\\\/\",\"name\":\"Santa Cruz Stigmata CC Rival\",\"isPartOf\":{\"@id\":\"https:\\\/\\\/cioelectro.com\\\/#website\"},\"primaryImageOfPage\":{\"@id\":\"https:\\\/\\\/cioelectro.com\\\/produkt\\\/santa-cruz-stigmata-cc-rival\\\/#primaryimage\"},\"image\":{\"@id\":\"https:\\\/\\\/cioelectro.com\\\/produkt\\\/santa-cruz-stigmata-cc-rival\\\/#primaryimage\"},\"thumbnailUrl\":\"https:\\\/\\\/cioelectro.com\\\/wp-content\\\/uploads\\\/2023\\\/06\\\/Santa-Cruz-Stigmata-CC-Rival.jpg\",\"datePublished\":\"2022-11-08T12:14:57+00:00\",\"dateModified\":\"2023-08-11T07:49:25+00:00\",\"description\":\"Entdecken Sie unseren Online-Fahrradladen: Gro\u00dfe Auswahl an Modellen f\u00fcr alle Radsportbegeisterten. Von Rennr\u00e4dern bis zu Mountainbikes - finden Sie heute Ihren perfekten Wegbegleiter!\",\"breadcrumb\":{\"@id\":\"https:\\\/\\\/cioelectro.com\\\/produkt\\\/santa-cruz-stigmata-cc-rival\\\/#breadcrumb\"},\"inLanguage\":\"en-US\",\"potentialAction\":[{\"@type\":\"ReadAction\",\"target\":[\"https:\\\/\\\/cioelectro.com\\\/produkt\\\/santa-cruz-stigmata-cc-rival\\\/\"]}]},{\"@type\":\"ImageObject\",\"inLanguage\":\"en-US\",\"@id\":\"https:\\\/\\\/cioelectro.com\\\/produkt\\\/santa-cruz-stigmata-cc-rival\\\/#primaryimage\",\"url\":\"https:\\\/\\\/cioelectro.com\\\/wp-content\\\/uploads\\\/2023\\\/06\\\/Santa-Cruz-Stigmata-CC-Rival.jpg\",\"contentUrl\":\"https:\\\/\\\/cioelectro.com\\\/wp-content\\\/uploads\\\/2023\\\/06\\\/Santa-Cruz-Stigmata-CC-Rival.jpg\",\"width\":800,\"height\":494,\"caption\":\"Santa Cruz Stigmata CC Rival\"},{\"@type\":\"BreadcrumbList\",\"@id\":\"https:\\\/\\\/cioelectro.com\\\/produkt\\\/santa-cruz-stigmata-cc-rival\\\/#breadcrumb\",\"itemListElement\":[{\"@type\":\"ListItem\",\"position\":1,\"name\":\"Startseite\",\"item\":\"https:\\\/\\\/cioelectro.com\\\/\"},{\"@type\":\"ListItem\",\"position\":2,\"name\":\"LADEN\",\"item\":\"https:\\\/\\\/cioelectro.com\\\/laden\\\/\"},{\"@type\":\"ListItem\",\"position\":3,\"name\":\"Santa Cruz Stigmata CC Rival\"}]},{\"@type\":\"WebSite\",\"@id\":\"https:\\\/\\\/cioelectro.com\\\/#website\",\"url\":\"https:\\\/\\\/cioelectro.com\\\/\",\"name\":\"cioelectro.com\",\"description\":\"Treten Sie mit uns ins Abenteuer!\",\"publisher\":{\"@id\":\"https:\\\/\\\/cioelectro.com\\\/#organization\"},\"alternateName\":\"MEIN RADLADEN\",\"potentialAction\":[{\"@type\":\"SearchAction\",\"target\":{\"@type\":\"EntryPoint\",\"urlTemplate\":\"https:\\\/\\\/cioelectro.com\\\/?s={search_term_string}\"},\"query-input\":{\"@type\":\"PropertyValueSpecification\",\"valueRequired\":true,\"valueName\":\"search_term_string\"}}],\"inLanguage\":\"en-US\"},{\"@type\":\"Organization\",\"@id\":\"https:\\\/\\\/cioelectro.com\\\/#organization\",\"name\":\"CIOELECTRO\",\"alternateName\":\"MEIN RADLADEN\",\"url\":\"https:\\\/\\\/cioelectro.com\\\/\",\"logo\":{\"@type\":\"ImageObject\",\"inLanguage\":\"en-US\",\"@id\":\"https:\\\/\\\/cioelectro.com\\\/#\\\/schema\\\/logo\\\/image\\\/\",\"url\":\"https:\\\/\\\/cioelectro.com\\\/wp-content\\\/uploads\\\/2025\\\/12\\\/Logo-2-1200x800.png\",\"contentUrl\":\"https:\\\/\\\/cioelectro.com\\\/wp-content\\\/uploads\\\/2025\\\/12\\\/Logo-2-1200x800.png\",\"width\":1200,\"height\":800,\"caption\":\"CIOELECTRO\"},\"image\":{\"@id\":\"https:\\\/\\\/cioelectro.com\\\/#\\\/schema\\\/logo\\\/image\\\/\"}}]}<\/script>\n<!-- \/ Yoast SEO Premium plugin. -->","yoast_head_json":{"title":"Santa Cruz Stigmata CC Rival","description":"Entdecken Sie unseren Online-Fahrradladen: Gro\u00dfe Auswahl an Modellen f\u00fcr alle Radsportbegeisterten. Von Rennr\u00e4dern bis zu Mountainbikes - finden Sie heute Ihren perfekten Wegbegleiter!","robots":{"index":"index","follow":"follow","max-snippet":"max-snippet:-1","max-image-preview":"max-image-preview:large","max-video-preview":"max-video-preview:-1"},"canonical":"https:\/\/cioelectro.com\/en\/produkt\/santa-cruz-stigmata-cc-rival\/","og_locale":"en_US","og_type":"article","og_title":"Santa Cruz Stigmata CC Rival","og_description":"Entdecken Sie unseren Online-Fahrradladen: Gro\u00dfe Auswahl an Modellen f\u00fcr alle Radsportbegeisterten. Von Rennr\u00e4dern bis zu Mountainbikes - finden Sie heute Ihren perfekten Wegbegleiter!","og_url":"https:\/\/cioelectro.com\/en\/produkt\/santa-cruz-stigmata-cc-rival\/","og_site_name":"cioelectro.com","article_modified_time":"2023-08-11T07:49:25+00:00","og_image":[{"width":800,"height":494,"url":"https:\/\/cioelectro.com\/wp-content\/uploads\/2023\/06\/Santa-Cruz-Stigmata-CC-Rival.jpg","type":"image\/jpeg"}],"twitter_card":"summary_large_image","twitter_misc":{"Est. reading time":"5 minutes"},"schema":{"@context":"https:\/\/schema.org","@graph":[{"@type":"WebPage","@id":"https:\/\/cioelectro.com\/produkt\/santa-cruz-stigmata-cc-rival\/","url":"https:\/\/cioelectro.com\/produkt\/santa-cruz-stigmata-cc-rival\/","name":"Santa Cruz Stigmata CC Rival","isPartOf":{"@id":"https:\/\/cioelectro.com\/#website"},"primaryImageOfPage":{"@id":"https:\/\/cioelectro.com\/produkt\/santa-cruz-stigmata-cc-rival\/#primaryimage"},"image":{"@id":"https:\/\/cioelectro.com\/produkt\/santa-cruz-stigmata-cc-rival\/#primaryimage"},"thumbnailUrl":"https:\/\/cioelectro.com\/wp-content\/uploads\/2023\/06\/Santa-Cruz-Stigmata-CC-Rival.jpg","datePublished":"2022-11-08T12:14:57+00:00","dateModified":"2023-08-11T07:49:25+00:00","description":"Entdecken Sie unseren Online-Fahrradladen: Gro\u00dfe Auswahl an Modellen f\u00fcr alle Radsportbegeisterten. Von Rennr\u00e4dern bis zu Mountainbikes - finden Sie heute Ihren perfekten Wegbegleiter!","breadcrumb":{"@id":"https:\/\/cioelectro.com\/produkt\/santa-cruz-stigmata-cc-rival\/#breadcrumb"},"inLanguage":"en-US","potentialAction":[{"@type":"ReadAction","target":["https:\/\/cioelectro.com\/produkt\/santa-cruz-stigmata-cc-rival\/"]}]},{"@type":"ImageObject","inLanguage":"en-US","@id":"https:\/\/cioelectro.com\/produkt\/santa-cruz-stigmata-cc-rival\/#primaryimage","url":"https:\/\/cioelectro.com\/wp-content\/uploads\/2023\/06\/Santa-Cruz-Stigmata-CC-Rival.jpg","contentUrl":"https:\/\/cioelectro.com\/wp-content\/uploads\/2023\/06\/Santa-Cruz-Stigmata-CC-Rival.jpg","width":800,"height":494,"caption":"Santa Cruz Stigmata CC Rival"},{"@type":"BreadcrumbList","@id":"https:\/\/cioelectro.com\/produkt\/santa-cruz-stigmata-cc-rival\/#breadcrumb","itemListElement":[{"@type":"ListItem","position":1,"name":"Startseite","item":"https:\/\/cioelectro.com\/"},{"@type":"ListItem","position":2,"name":"LADEN","item":"https:\/\/cioelectro.com\/laden\/"},{"@type":"ListItem","position":3,"name":"Santa Cruz Stigmata CC Rival"}]},{"@type":"WebSite","@id":"https:\/\/cioelectro.com\/#website","url":"https:\/\/cioelectro.com\/","name":"cioelectro.com","description":"Treten Sie mit uns ins Abenteuer!","publisher":{"@id":"https:\/\/cioelectro.com\/#organization"},"alternateName":"MEIN RADLADEN","potentialAction":[{"@type":"SearchAction","target":{"@type":"EntryPoint","urlTemplate":"https:\/\/cioelectro.com\/?s={search_term_string}"},"query-input":{"@type":"PropertyValueSpecification","valueRequired":true,"valueName":"search_term_string"}}],"inLanguage":"en-US"},{"@type":"Organization","@id":"https:\/\/cioelectro.com\/#organization","name":"CIOELECTRO","alternateName":"MEIN RADLADEN","url":"https:\/\/cioelectro.com\/","logo":{"@type":"ImageObject","inLanguage":"en-US","@id":"https:\/\/cioelectro.com\/#\/schema\/logo\/image\/","url":"https:\/\/cioelectro.com\/wp-content\/uploads\/2025\/12\/Logo-2-1200x800.png","contentUrl":"https:\/\/cioelectro.com\/wp-content\/uploads\/2025\/12\/Logo-2-1200x800.png","width":1200,"height":800,"caption":"CIOELECTRO"},"image":{"@id":"https:\/\/cioelectro.com\/#\/schema\/logo\/image\/"}}]}},"_links":{"self":[{"href":"https:\/\/cioelectro.com\/en\/wp-json\/wp\/v2\/product\/38645","targetHints":{"allow":["GET"]}}],"collection":[{"href":"https:\/\/cioelectro.com\/en\/wp-json\/wp\/v2\/product"}],"about":[{"href":"https:\/\/cioelectro.com\/en\/wp-json\/wp\/v2\/types\/product"}],"replies":[{"embeddable":true,"href":"https:\/\/cioelectro.com\/en\/wp-json\/wp\/v2\/comments?post=38645"}],"version-history":[{"count":0,"href":"https:\/\/cioelectro.com\/en\/wp-json\/wp\/v2\/product\/38645\/revisions"}],"wp:featuredmedia":[{"embeddable":true,"href":"https:\/\/cioelectro.com\/en\/wp-json\/wp\/v2\/media\/61285"}],"wp:attachment":[{"href":"https:\/\/cioelectro.com\/en\/wp-json\/wp\/v2\/media?parent=38645"}],"wp:term":[{"taxonomy":"product_brand","embeddable":true,"href":"https:\/\/cioelectro.com\/en\/wp-json\/wp\/v2\/product_brand?post=38645"},{"taxonomy":"product_cat","embeddable":true,"href":"https:\/\/cioelectro.com\/en\/wp-json\/wp\/v2\/product_cat?post=38645"},{"taxonomy":"product_tag","embeddable":true,"href":"https:\/\/cioelectro.com\/en\/wp-json\/wp\/v2\/product_tag?post=38645"}],"curies":[{"name":"wp","href":"https:\/\/api.w.org\/{rel}","templated":true}]}}