{"id":38663,"date":"2022-11-08T13:30:47","date_gmt":"2022-11-08T12:30:47","guid":{"rendered":"https:\/\/meinradladen.com\/?post_type=product&#038;p=38663"},"modified":"2023-08-11T09:48:36","modified_gmt":"2023-08-11T07:48:36","slug":"focus-planet%c2%b2-6-8","status":"publish","type":"product","link":"https:\/\/cioelectro.com\/en\/produkt\/focus-planet%c2%b2-6-8\/","title":{"rendered":"Focus PLANET\u00b2 6.8"},"content":{"rendered":"<h2 class=\"product--title\"><strong>Focus<\/strong>\u00a0PLANET\u00b2 6.8<\/h2>\n<p>Beseelt den Entdeckergeist: Das Focus PLANET\u00b2 6.8 mit Bosch Performance CX E-Antrieb bietet kraftvolle Unterst\u00fctzung im Alltag und eine Spitzenreichweite von bis zu 625 Wh. Das neue Bosch ABS macht die Fahrt mit deinem PLANET\u00b2 6.8 besonders sicher f\u00fcr dich. Jeden Tag in oder au\u00dferhalb der Stadt. Zur Arbeit, zum Einkaufen oder einfach zum Vergn\u00fcgen. Such dir was aus, das PLANET\u00b2 6.8 ist die richtige Wahl daf\u00fcr. Mit Schutzblechen, Licht, St\u00e4nder und Gep\u00e4cktr\u00e4ger bist du f\u00fcr alle t\u00e4glichen Herausforderungen gewappnet.<\/p>\n<hr \/>\n<h3>Features &#8211; PLANET\u00b2 6.8<\/h3>\n<ul>\n<li>Individualisierbares Bosch Smart System mit Performance CX E-Antrieb und 625 Wh-Batterie<\/li>\n<li>Neues Bosch Intuvia 100 Display mit LED-Bedienelement<\/li>\n<li>Bosch ABS (Gen. 2) f\u00fcr maximale Bremssicherheit auf deinem E-Bike sowie Lichtanlage mit Bremslicht<\/li>\n<\/ul>\n<hr \/>\n<h3>Highlights<\/h3>\n<p><strong>Super kraftvolle und dynamische E-Unterst\u00fctzung<br \/>\n<\/strong>Der effiziente Bosch Performance CX E-Antrieb (Gen.4) unterst\u00fctzt dich mit kraftvollen 85 Nm bis 25 km\/h. Der st\u00e4rkste E-Motor von Bosch ist perfekt integriert, die Geometrie des PLANET\u00b2 ist perfekt ausbalanciert und bietet Sicherheit und Verl\u00e4sslichkeit. Der Bosch Powertube Akku sitzt perfekt integriert im Unterrohr. Die Batterie kann jederzeit zum Laden entnommen werden, das Ladeger\u00e4t kann aber auch direkt am Bike eingesteckt werden. Dank 625 Wh Akkukapazit\u00e4t hast du mehr als genug Reichweite f\u00fcr deine langen Touren.<\/p>\n<p><strong>Passende Rahmenform und mehr Beladung<br \/>\n<\/strong>Du kannst beim PLANET\u00b2 frei w\u00e4hlen, ob du einen Wave- oder Diamantrahmen m\u00f6chtest, ganz wie du es bevorzugst. Au\u00dferdem ist es f\u00fcr 150 kg maximales Gesamtgewicht freigegeben, du kannst also auch einen Anh\u00e4nger montieren. Damit ist es bereit f\u00fcr die Herausforderungen des Alltags.<\/p>\n<hr \/>\n<h3>ABS Technology by BOSCH<\/h3>\n<div style=\"width: 227px\" class=\"wp-caption alignnone\"><img fetchpriority=\"high\" decoding=\"async\" src=\"https:\/\/cd.bike-discount.de\/media\/image\/34\/21\/90\/bosch_abs_unit.jpg\" alt=\"Focus PLANET\u00b2 6.8\" width=\"217\" height=\"315\" data-src=\"media\/image\/bosch_abs_unit.jpg\" \/><p class=\"wp-caption-text\">Focus PLANET\u00b2 6.8<\/p><\/div>\n<p><strong>Bremst dein Bike, nicht deinen Flow<\/strong><br \/>\nViele bremsen bisher aus Vorsicht oder Angst nur mit der Hinterradbremse. Das neue Bosch eBike ABS l\u00e4sst dich nun sicherer und selbstsicherer mit beiden Bremsen gleichzeitig bremsen. Es wirkt einem blockierenden oder wegrutschenden Vorderrad entgegen. So bleibst du auch bei spontanen Bremsvorg\u00e4ngen sicher im Sattel \u2013 egal, ob du dich auf festem Asphalt oder rutschigen Schotterwegen befindest. Weil jedes eBike anders ist, gibt es nicht ein ABS f\u00fcr alle, sondern das richtige ABS f\u00fcr deinen eBike-Typ \u2013 so unterst\u00fctzt es deinen Bremsvorgang auf optimale Weise.<\/p>\n<table style=\"height: 454px;\" width=\"820\">\n<tbody>\n<tr>\n<td width=\"150\"><img decoding=\"async\" class=\"alignnone\" src=\"https:\/\/cd.bike-discount.de\/media\/image\/0b\/16\/5a\/bosch_abs_icon.jpg\" alt=\"Focus PLANET\u00b2 6.8\" width=\"150\" height=\"110\" data-src=\"media\/image\/bosch_abs_icon.jpg\" \/><\/td>\n<td><strong>Antiblockierfunktion<br \/>\n<\/strong>Die Antiblockierfunktion am Vorderrad erh\u00f6ht die Fahrstabilit\u00e4t und die Lenkbarkeit in kritischen Bremssituationen und kann somit das Wegrutschen des Vorderrads verhindern. Sensoren messen die Radgeschwindigkeit und regeln den Bremsdruck \u2013 f\u00fcr effizientes Bremsen.<\/td>\n<\/tr>\n<tr>\n<td><img decoding=\"async\" class=\"alignnone\" src=\"https:\/\/cd.bike-discount.de\/media\/image\/0d\/27\/25\/bosch_abs_benefit.jpg\" alt=\"Focus PLANET\u00b2 6.8\" width=\"150\" height=\"110\" data-src=\"media\/image\/bosch_abs_benefit.jpg\" \/><\/td>\n<td><strong>Hinterrad-Abheberegelung<br \/>\n<\/strong>Hinterrad-Abheberegelung kann das Abheben des Hinterrads verhindern und sorgt f\u00fcr eine verminderte \u00dcberschlagsgefahr<strong><br \/>\n<\/strong><\/td>\n<\/tr>\n<tr>\n<td><img loading=\"lazy\" decoding=\"async\" class=\"alignnone\" src=\"https:\/\/cd.bike-discount.de\/media\/image\/fd\/67\/62\/bosch_abs_imagebild_benefit__282_29.jpg\" alt=\"Focus PLANET\u00b2 6.8\" width=\"150\" height=\"100\" data-src=\"media\/image\/bosch_abs_imagebild_benefit__282_29.jpg\" \/><\/td>\n<td><strong>Sorgloser fahren<\/strong><br \/>\nDas Bosch eBike ABS sorgt f\u00fcr mehr Sicherheit, Stabilit\u00e4t und Komfort beim Bremsen.<\/td>\n<\/tr>\n<tr>\n<td><\/td>\n<td><\/td>\n<\/tr>\n<tr>\n<td><\/td>\n<td><\/td>\n<\/tr>\n<tr>\n<td><\/td>\n<td><\/td>\n<\/tr>\n<\/tbody>\n<\/table>\n<h2>Ausstattung<\/h2>\n<div class=\"product--properties panel has--border\">\n<table class=\"product--properties-table\">\n<tbody>\n<tr class=\"product--properties-row row1\">\n<td class=\"product--properties-label is--bold\">Rahmen:<\/td>\n<td class=\"product--properties-value\">7005 hydroformed aluminium, 3D forging, 148&#215;12 mm thru axle, USB-C port, post mount 180 mm<\/td>\n<\/tr>\n<tr class=\"product--properties-row row2\">\n<td class=\"product--properties-label is--bold\">Rahmenmaterial:<\/td>\n<td class=\"product--properties-value\">Aluminium<\/td>\n<\/tr>\n<tr class=\"product--properties-row row3\">\n<td class=\"product--properties-label is--bold\">Laufradgr\u00f6\u00dfe:<\/td>\n<td class=\"product--properties-value\">29&#8243;<\/td>\n<\/tr>\n<tr class=\"product--properties-row row4\">\n<td class=\"product--properties-label is--bold\">Farbe:<\/td>\n<td class=\"product--properties-value\">Lightgrey \/ Monnstonegrey<\/td>\n<\/tr>\n<tr class=\"product--properties-row row5\">\n<td class=\"product--properties-label is--bold\">Gabel:<\/td>\n<td class=\"product--properties-value\">SR Suntour MOBIE 34, 110&#215;15 mm, 44 mm rake, ABS<\/td>\n<\/tr>\n<tr class=\"product--properties-row row6\">\n<td class=\"product--properties-label is--bold\">Federweg:<\/td>\n<td class=\"product--properties-value\">100 mm<\/td>\n<\/tr>\n<tr class=\"product--properties-row row7\">\n<td class=\"product--properties-label is--bold\">Bremsen:<\/td>\n<td class=\"product--properties-value\">Magura MTC ABS, 2-piston, hydraulic ABS disc brake<\/td>\n<\/tr>\n<tr class=\"product--properties-row row8\">\n<td class=\"product--properties-label is--bold\">Bremsscheiben:<\/td>\n<td class=\"product--properties-value\">203 \/ 203 mm<\/td>\n<\/tr>\n<tr class=\"product--properties-row row9\">\n<td class=\"product--properties-label is--bold\">Bremshebel:<\/td>\n<td class=\"product--properties-value\">Magura CT-ABS, 2-piston, hydraulic ABS disc brake<\/td>\n<\/tr>\n<tr class=\"product--properties-row row10\">\n<td class=\"product--properties-label is--bold\">Vorbau:<\/td>\n<td class=\"product--properties-value\">FOCUS aluminium, 31,8 mm, 60 mm, 17\u00b0<\/td>\n<\/tr>\n<tr class=\"product--properties-row row11\">\n<td class=\"product--properties-label is--bold\">Lenker:<\/td>\n<td class=\"product--properties-value\">Aluminium, 760 mm, flatbar, backsweep: 9\u00b0, 35,0 mm<\/td>\n<\/tr>\n<tr class=\"product--properties-row row12\">\n<td class=\"product--properties-label is--bold\">Sattel:<\/td>\n<td class=\"product--properties-value\">Selle Royal Vivo<\/td>\n<\/tr>\n<tr class=\"product--properties-row row13\">\n<td class=\"product--properties-label is--bold\">Sattelst\u00fctze:<\/td>\n<td class=\"product--properties-value\">Aluminium, 31.6 mm, 350mm<\/td>\n<\/tr>\n<tr class=\"product--properties-row row14\">\n<td class=\"product--properties-label is--bold\">Kurbel:<\/td>\n<td class=\"product--properties-value\">FSA CK-320, aluminium, 170 mm, 36 T<\/td>\n<\/tr>\n<tr class=\"product--properties-row row15\">\n<td class=\"product--properties-label is--bold\">Schaltwerk:<\/td>\n<td class=\"product--properties-value\">Shimano Deore M4120, 10-speed<\/td>\n<\/tr>\n<\/tbody>\n<\/table>\n<table class=\"product--properties-table\">\n<tbody>\n<tr class=\"product--properties-row row16\">\n<td class=\"product--properties-label is--bold\">Schalthebel:<\/td>\n<td class=\"product--properties-value\">Shimano Deore M4100, 10-speed<\/td>\n<\/tr>\n<tr class=\"product--properties-row row17\">\n<td class=\"product--properties-label is--bold\">Kassette:<\/td>\n<td class=\"product--properties-value\">Shimano Deore M4100, 10-speed<\/td>\n<\/tr>\n<tr class=\"product--properties-row row18\">\n<td class=\"product--properties-label is--bold\">Kette:<\/td>\n<td class=\"product--properties-value\">KMC X10, 10-speed<\/td>\n<\/tr>\n<tr class=\"product--properties-row row19\">\n<td class=\"product--properties-label is--bold\">Reifen:<\/td>\n<td class=\"product--properties-value\">Schwalbe Smart Sam 2.25, 57-622<\/td>\n<\/tr>\n<tr class=\"product--properties-row row20\">\n<td class=\"product--properties-label is--bold\">Nabe Vorderrad:<\/td>\n<td class=\"product--properties-value\">Novatec D041SB, Thru axle, 15&#215;100 mm<\/td>\n<\/tr>\n<tr class=\"product--properties-row row21\">\n<td class=\"product--properties-label is--bold\">Nabe Hinterrad:<\/td>\n<td class=\"product--properties-value\">Novatec D462SB, 12&#215;148 mm<\/td>\n<\/tr>\n<tr class=\"product--properties-row row22\">\n<td class=\"product--properties-label is--bold\">Speichen:<\/td>\n<td class=\"product--properties-value\">Zink, black<\/td>\n<\/tr>\n<tr class=\"product--properties-row row23\">\n<td class=\"product--properties-label is--bold\">Felgen:<\/td>\n<td class=\"product--properties-value\">RODI TRYP25, 25-622<\/td>\n<\/tr>\n<tr class=\"product--properties-row row24\">\n<td class=\"product--properties-label is--bold\">Display:<\/td>\n<td class=\"product--properties-value\">Bosch LED Remote + Intuvia 100<\/td>\n<\/tr>\n<tr class=\"product--properties-row row25\">\n<td class=\"product--properties-label is--bold\">Akku:<\/td>\n<td class=\"product--properties-value\">Bosch PowerTube 625 Wh<\/td>\n<\/tr>\n<tr class=\"product--properties-row row26\">\n<td class=\"product--properties-label is--bold\">Motor:<\/td>\n<td class=\"product--properties-value\">Bosch Performance CX Gen4, 85 Nm, 250 W<\/td>\n<\/tr>\n<tr class=\"product--properties-row row27\">\n<td class=\"product--properties-label is--bold\">Scheinwerfer:<\/td>\n<td class=\"product--properties-value\">Litemove SE90 LED, 90 Lux<\/td>\n<\/tr>\n<tr class=\"product--properties-row row28\">\n<td class=\"product--properties-label is--bold\">R\u00fccklicht:<\/td>\n<td class=\"product--properties-value\">TRELOCK LS421, Brake light<\/td>\n<\/tr>\n<tr class=\"product--properties-row row29\">\n<td class=\"product--properties-label is--bold\">Gep\u00e4cktr\u00e4ger:<\/td>\n<td class=\"product--properties-value\">Racktime Snap-It carrier, 2-leg, 25 kg max. load<\/td>\n<\/tr>\n<tr class=\"product--properties-row row30\">\n<td class=\"product--properties-label is--bold\">Pedale:<\/td>\n<td class=\"product--properties-value\">MTB, with reflector<\/td>\n<\/tr>\n<tr class=\"product--properties-row row31\">\n<td class=\"product--properties-label is--bold\">Sonstiges:<\/td>\n<td class=\"product--properties-value\">Schutzblech, St\u00e4nder<\/td>\n<\/tr>\n<tr class=\"product--properties-row row32\">\n<td class=\"product--properties-label is--bold\">Zul\u00e4ssiges Gesamtgewicht:<\/td>\n<td class=\"product--properties-value\">175 kg -&gt; 150 kg (K\u00f6rpergewicht + Fahrrad + Ausr\u00fcstung) + 25 kg Zuladung (Gep\u00e4cktr\u00e4ger)<\/td>\n<\/tr>\n<\/tbody>\n<\/table>\n<\/div>\n<div class=\"product--rating-container\"><\/div>","protected":false},"excerpt":{"rendered":"<div class=\"tab-menu--product js--tab-menu\">\n<div class=\"tab--container-list\">\n<div class=\"tab--container description has--content is--active\">\n<div class=\"tab--content box-description\">\n<div class=\"content--description\">\n<div class=\"ean-box\"><label>Modelljahr: 2023<\/label><\/div>\n<\/div>\n<\/div>\n<\/div>\n<\/div>\n<\/div>\n<p><a class=\"rating-link-info--box\" name=\"product--publish-comment\"><\/a><\/p>\n<div id=\"detail--product-reviews\" class=\"content--product-reviews 123\"><\/div>","protected":false},"featured_media":61293,"comment_status":"open","ping_status":"closed","template":"","meta":{"_rtcl_gb_attr":""},"product_brand":[],"product_cat":[33,247,35,281],"product_tag":[],"class_list":{"0":"post-38663","1":"product","2":"type-product","3":"status-publish","4":"has-post-thumbnail","6":"product_cat-e-bike","7":"product_cat-e-bike-trekking","8":"product_cat-e-bikes-2022","9":"product_cat-e-fahrrad","10":"pa_marke-focus","12":"first","13":"instock","14":"sale","15":"taxable","16":"shipping-taxable","17":"purchasable","18":"product-type-variable"},"yoast_head":"<!-- This site is optimized with the Yoast SEO Premium plugin v20.12 (Yoast SEO v27.4) - https:\/\/yoast.com\/product\/yoast-seo-premium-wordpress\/ -->\n<title>Focus PLANET\u00b2 6.8<\/title>\n<meta name=\"description\" content=\"Entdecken Sie unseren Online-Fahrradladen: Gro\u00dfe Auswahl an Modellen f\u00fcr alle Radsportbegeisterten. Von Rennr\u00e4dern bis zu Mountainbikes - finden Sie heute Ihren perfekten Wegbegleiter!\" \/>\n<meta name=\"robots\" content=\"index, follow, max-snippet:-1, max-image-preview:large, max-video-preview:-1\" \/>\n<link rel=\"canonical\" href=\"https:\/\/cioelectro.com\/en\/produkt\/focus-planet\u00b2-6-8\/\" \/>\n<meta property=\"og:locale\" content=\"en_US\" \/>\n<meta property=\"og:type\" content=\"article\" \/>\n<meta property=\"og:title\" content=\"Focus PLANET\u00b2 6.8\" \/>\n<meta property=\"og:description\" content=\"Entdecken Sie unseren Online-Fahrradladen: Gro\u00dfe Auswahl an Modellen f\u00fcr alle Radsportbegeisterten. Von Rennr\u00e4dern bis zu Mountainbikes - finden Sie heute Ihren perfekten Wegbegleiter!\" \/>\n<meta property=\"og:url\" content=\"https:\/\/cioelectro.com\/en\/produkt\/focus-planet\u00b2-6-8\/\" \/>\n<meta property=\"og:site_name\" content=\"cioelectro.com\" \/>\n<meta property=\"article:modified_time\" content=\"2023-08-11T07:48:36+00:00\" \/>\n<meta property=\"og:image\" content=\"https:\/\/cioelectro.com\/wp-content\/uploads\/2023\/06\/FO5080097v2023_2023_29_DI_GRY_090_Pro_PLANET2-6-8_rend.jpg\" \/>\n\t<meta property=\"og:image:width\" content=\"1000\" \/>\n\t<meta property=\"og:image:height\" content=\"591\" \/>\n\t<meta property=\"og:image:type\" content=\"image\/jpeg\" \/>\n<meta name=\"twitter:card\" content=\"summary_large_image\" \/>\n<meta name=\"twitter:label1\" content=\"Est. reading time\" \/>\n\t<meta name=\"twitter:data1\" content=\"5 minutes\" \/>\n<script type=\"application\/ld+json\" class=\"yoast-schema-graph\">{\"@context\":\"https:\\\/\\\/schema.org\",\"@graph\":[{\"@type\":\"WebPage\",\"@id\":\"https:\\\/\\\/cioelectro.com\\\/produkt\\\/focus-planet%c2%b2-6-8\\\/\",\"url\":\"https:\\\/\\\/cioelectro.com\\\/produkt\\\/focus-planet%c2%b2-6-8\\\/\",\"name\":\"Focus PLANET\u00b2 6.8\",\"isPartOf\":{\"@id\":\"https:\\\/\\\/cioelectro.com\\\/#website\"},\"primaryImageOfPage\":{\"@id\":\"https:\\\/\\\/cioelectro.com\\\/produkt\\\/focus-planet%c2%b2-6-8\\\/#primaryimage\"},\"image\":{\"@id\":\"https:\\\/\\\/cioelectro.com\\\/produkt\\\/focus-planet%c2%b2-6-8\\\/#primaryimage\"},\"thumbnailUrl\":\"https:\\\/\\\/cioelectro.com\\\/wp-content\\\/uploads\\\/2023\\\/06\\\/FO5080097v2023_2023_29_DI_GRY_090_Pro_PLANET2-6-8_rend.jpg\",\"datePublished\":\"2022-11-08T12:30:47+00:00\",\"dateModified\":\"2023-08-11T07:48:36+00:00\",\"description\":\"Entdecken Sie unseren Online-Fahrradladen: Gro\u00dfe Auswahl an Modellen f\u00fcr alle Radsportbegeisterten. Von Rennr\u00e4dern bis zu Mountainbikes - finden Sie heute Ihren perfekten Wegbegleiter!\",\"breadcrumb\":{\"@id\":\"https:\\\/\\\/cioelectro.com\\\/produkt\\\/focus-planet%c2%b2-6-8\\\/#breadcrumb\"},\"inLanguage\":\"en-US\",\"potentialAction\":[{\"@type\":\"ReadAction\",\"target\":[\"https:\\\/\\\/cioelectro.com\\\/produkt\\\/focus-planet%c2%b2-6-8\\\/\"]}]},{\"@type\":\"ImageObject\",\"inLanguage\":\"en-US\",\"@id\":\"https:\\\/\\\/cioelectro.com\\\/produkt\\\/focus-planet%c2%b2-6-8\\\/#primaryimage\",\"url\":\"https:\\\/\\\/cioelectro.com\\\/wp-content\\\/uploads\\\/2023\\\/06\\\/FO5080097v2023_2023_29_DI_GRY_090_Pro_PLANET2-6-8_rend.jpg\",\"contentUrl\":\"https:\\\/\\\/cioelectro.com\\\/wp-content\\\/uploads\\\/2023\\\/06\\\/FO5080097v2023_2023_29_DI_GRY_090_Pro_PLANET2-6-8_rend.jpg\",\"width\":1000,\"height\":591,\"caption\":\"Focus PLANET\u00b2 6.8\"},{\"@type\":\"BreadcrumbList\",\"@id\":\"https:\\\/\\\/cioelectro.com\\\/produkt\\\/focus-planet%c2%b2-6-8\\\/#breadcrumb\",\"itemListElement\":[{\"@type\":\"ListItem\",\"position\":1,\"name\":\"Startseite\",\"item\":\"https:\\\/\\\/cioelectro.com\\\/\"},{\"@type\":\"ListItem\",\"position\":2,\"name\":\"LADEN\",\"item\":\"https:\\\/\\\/cioelectro.com\\\/laden\\\/\"},{\"@type\":\"ListItem\",\"position\":3,\"name\":\"Focus PLANET\u00b2 6.8\"}]},{\"@type\":\"WebSite\",\"@id\":\"https:\\\/\\\/cioelectro.com\\\/#website\",\"url\":\"https:\\\/\\\/cioelectro.com\\\/\",\"name\":\"cioelectro.com\",\"description\":\"Treten Sie mit uns ins Abenteuer!\",\"publisher\":{\"@id\":\"https:\\\/\\\/cioelectro.com\\\/#organization\"},\"alternateName\":\"MEIN RADLADEN\",\"potentialAction\":[{\"@type\":\"SearchAction\",\"target\":{\"@type\":\"EntryPoint\",\"urlTemplate\":\"https:\\\/\\\/cioelectro.com\\\/?s={search_term_string}\"},\"query-input\":{\"@type\":\"PropertyValueSpecification\",\"valueRequired\":true,\"valueName\":\"search_term_string\"}}],\"inLanguage\":\"en-US\"},{\"@type\":\"Organization\",\"@id\":\"https:\\\/\\\/cioelectro.com\\\/#organization\",\"name\":\"CIOELECTRO\",\"alternateName\":\"MEIN RADLADEN\",\"url\":\"https:\\\/\\\/cioelectro.com\\\/\",\"logo\":{\"@type\":\"ImageObject\",\"inLanguage\":\"en-US\",\"@id\":\"https:\\\/\\\/cioelectro.com\\\/#\\\/schema\\\/logo\\\/image\\\/\",\"url\":\"https:\\\/\\\/cioelectro.com\\\/wp-content\\\/uploads\\\/2025\\\/12\\\/Logo-2-1200x800.png\",\"contentUrl\":\"https:\\\/\\\/cioelectro.com\\\/wp-content\\\/uploads\\\/2025\\\/12\\\/Logo-2-1200x800.png\",\"width\":1200,\"height\":800,\"caption\":\"CIOELECTRO\"},\"image\":{\"@id\":\"https:\\\/\\\/cioelectro.com\\\/#\\\/schema\\\/logo\\\/image\\\/\"}}]}<\/script>\n<!-- \/ Yoast SEO Premium plugin. -->","yoast_head_json":{"title":"Focus PLANET\u00b2 6.8","description":"Entdecken Sie unseren Online-Fahrradladen: Gro\u00dfe Auswahl an Modellen f\u00fcr alle Radsportbegeisterten. Von Rennr\u00e4dern bis zu Mountainbikes - finden Sie heute Ihren perfekten Wegbegleiter!","robots":{"index":"index","follow":"follow","max-snippet":"max-snippet:-1","max-image-preview":"max-image-preview:large","max-video-preview":"max-video-preview:-1"},"canonical":"https:\/\/cioelectro.com\/en\/produkt\/focus-planet\u00b2-6-8\/","og_locale":"en_US","og_type":"article","og_title":"Focus PLANET\u00b2 6.8","og_description":"Entdecken Sie unseren Online-Fahrradladen: Gro\u00dfe Auswahl an Modellen f\u00fcr alle Radsportbegeisterten. Von Rennr\u00e4dern bis zu Mountainbikes - finden Sie heute Ihren perfekten Wegbegleiter!","og_url":"https:\/\/cioelectro.com\/en\/produkt\/focus-planet\u00b2-6-8\/","og_site_name":"cioelectro.com","article_modified_time":"2023-08-11T07:48:36+00:00","og_image":[{"width":1000,"height":591,"url":"https:\/\/cioelectro.com\/wp-content\/uploads\/2023\/06\/FO5080097v2023_2023_29_DI_GRY_090_Pro_PLANET2-6-8_rend.jpg","type":"image\/jpeg"}],"twitter_card":"summary_large_image","twitter_misc":{"Est. reading time":"5 minutes"},"schema":{"@context":"https:\/\/schema.org","@graph":[{"@type":"WebPage","@id":"https:\/\/cioelectro.com\/produkt\/focus-planet%c2%b2-6-8\/","url":"https:\/\/cioelectro.com\/produkt\/focus-planet%c2%b2-6-8\/","name":"Focus PLANET\u00b2 6.8","isPartOf":{"@id":"https:\/\/cioelectro.com\/#website"},"primaryImageOfPage":{"@id":"https:\/\/cioelectro.com\/produkt\/focus-planet%c2%b2-6-8\/#primaryimage"},"image":{"@id":"https:\/\/cioelectro.com\/produkt\/focus-planet%c2%b2-6-8\/#primaryimage"},"thumbnailUrl":"https:\/\/cioelectro.com\/wp-content\/uploads\/2023\/06\/FO5080097v2023_2023_29_DI_GRY_090_Pro_PLANET2-6-8_rend.jpg","datePublished":"2022-11-08T12:30:47+00:00","dateModified":"2023-08-11T07:48:36+00:00","description":"Entdecken Sie unseren Online-Fahrradladen: Gro\u00dfe Auswahl an Modellen f\u00fcr alle Radsportbegeisterten. Von Rennr\u00e4dern bis zu Mountainbikes - finden Sie heute Ihren perfekten Wegbegleiter!","breadcrumb":{"@id":"https:\/\/cioelectro.com\/produkt\/focus-planet%c2%b2-6-8\/#breadcrumb"},"inLanguage":"en-US","potentialAction":[{"@type":"ReadAction","target":["https:\/\/cioelectro.com\/produkt\/focus-planet%c2%b2-6-8\/"]}]},{"@type":"ImageObject","inLanguage":"en-US","@id":"https:\/\/cioelectro.com\/produkt\/focus-planet%c2%b2-6-8\/#primaryimage","url":"https:\/\/cioelectro.com\/wp-content\/uploads\/2023\/06\/FO5080097v2023_2023_29_DI_GRY_090_Pro_PLANET2-6-8_rend.jpg","contentUrl":"https:\/\/cioelectro.com\/wp-content\/uploads\/2023\/06\/FO5080097v2023_2023_29_DI_GRY_090_Pro_PLANET2-6-8_rend.jpg","width":1000,"height":591,"caption":"Focus PLANET\u00b2 6.8"},{"@type":"BreadcrumbList","@id":"https:\/\/cioelectro.com\/produkt\/focus-planet%c2%b2-6-8\/#breadcrumb","itemListElement":[{"@type":"ListItem","position":1,"name":"Startseite","item":"https:\/\/cioelectro.com\/"},{"@type":"ListItem","position":2,"name":"LADEN","item":"https:\/\/cioelectro.com\/laden\/"},{"@type":"ListItem","position":3,"name":"Focus PLANET\u00b2 6.8"}]},{"@type":"WebSite","@id":"https:\/\/cioelectro.com\/#website","url":"https:\/\/cioelectro.com\/","name":"cioelectro.com","description":"Treten Sie mit uns ins Abenteuer!","publisher":{"@id":"https:\/\/cioelectro.com\/#organization"},"alternateName":"MEIN RADLADEN","potentialAction":[{"@type":"SearchAction","target":{"@type":"EntryPoint","urlTemplate":"https:\/\/cioelectro.com\/?s={search_term_string}"},"query-input":{"@type":"PropertyValueSpecification","valueRequired":true,"valueName":"search_term_string"}}],"inLanguage":"en-US"},{"@type":"Organization","@id":"https:\/\/cioelectro.com\/#organization","name":"CIOELECTRO","alternateName":"MEIN RADLADEN","url":"https:\/\/cioelectro.com\/","logo":{"@type":"ImageObject","inLanguage":"en-US","@id":"https:\/\/cioelectro.com\/#\/schema\/logo\/image\/","url":"https:\/\/cioelectro.com\/wp-content\/uploads\/2025\/12\/Logo-2-1200x800.png","contentUrl":"https:\/\/cioelectro.com\/wp-content\/uploads\/2025\/12\/Logo-2-1200x800.png","width":1200,"height":800,"caption":"CIOELECTRO"},"image":{"@id":"https:\/\/cioelectro.com\/#\/schema\/logo\/image\/"}}]}},"_links":{"self":[{"href":"https:\/\/cioelectro.com\/en\/wp-json\/wp\/v2\/product\/38663","targetHints":{"allow":["GET"]}}],"collection":[{"href":"https:\/\/cioelectro.com\/en\/wp-json\/wp\/v2\/product"}],"about":[{"href":"https:\/\/cioelectro.com\/en\/wp-json\/wp\/v2\/types\/product"}],"replies":[{"embeddable":true,"href":"https:\/\/cioelectro.com\/en\/wp-json\/wp\/v2\/comments?post=38663"}],"version-history":[{"count":0,"href":"https:\/\/cioelectro.com\/en\/wp-json\/wp\/v2\/product\/38663\/revisions"}],"wp:featuredmedia":[{"embeddable":true,"href":"https:\/\/cioelectro.com\/en\/wp-json\/wp\/v2\/media\/61293"}],"wp:attachment":[{"href":"https:\/\/cioelectro.com\/en\/wp-json\/wp\/v2\/media?parent=38663"}],"wp:term":[{"taxonomy":"product_brand","embeddable":true,"href":"https:\/\/cioelectro.com\/en\/wp-json\/wp\/v2\/product_brand?post=38663"},{"taxonomy":"product_cat","embeddable":true,"href":"https:\/\/cioelectro.com\/en\/wp-json\/wp\/v2\/product_cat?post=38663"},{"taxonomy":"product_tag","embeddable":true,"href":"https:\/\/cioelectro.com\/en\/wp-json\/wp\/v2\/product_tag?post=38663"}],"curies":[{"name":"wp","href":"https:\/\/api.w.org\/{rel}","templated":true}]}}