{"id":38680,"date":"2022-11-08T13:42:54","date_gmt":"2022-11-08T12:42:54","guid":{"rendered":"https:\/\/meinradladen.com\/?post_type=product&#038;p=38680"},"modified":"2023-08-11T10:38:59","modified_gmt":"2023-08-11T08:38:59","slug":"kalkhoff-endeavour-7-b-advance-abs","status":"publish","type":"product","link":"https:\/\/cioelectro.com\/en\/produkt\/kalkhoff-endeavour-7-b-advance-abs\/","title":{"rendered":"Kalkhoff Endeavour 7.B Advance+ ABS"},"content":{"rendered":"<h2 class=\"product--title\"><strong>Kalkhoff<\/strong>\u00a0Endeavour 7.B Advance+ ABS<\/h2>\n<p class=\"product--rating-container\">Freiheit auf deinen Radabenteuern. Jedes Ziel erreichen &#8211; egal, wohin deine Fahrt dich f\u00fchrt. M\u00fchelos und komfortabel. Mit seinen hochwertigen Komponenten, dem Bosch CX Smart System und einer Zulassung von bis zu 170 kg ist das Kalkhoff Endeavour 7.B Advance+ ABS der Premium Allrounder unter den E-Trekking Bikes &#8211; und garantiert dir damit maximale Freiheit unter besten Bedingungen. Das Bosch ABS macht die starken Bremsen noch sicherer und h\u00e4lt dich immer mit beiden Reifen auf dem Boden. So hast du den Kopf frei f\u00fcr Fahrspa\u00df auf h\u00f6chstem <a href=\"https:\/\/www.youtube.com\/watch?v=SN536yS6T-A\">Niveau<\/a>.<\/p>\n<hr \/>\n<h3>Features &#8211; Kalkhoff Endeavour 7.B Advance+ ABS<\/h3>\n<ul>\n<li>Solide und robuste Anbauteile<\/li>\n<li>Starkes Bosch Performance Line CX Smart System<\/li>\n<li>Integrierte 750 Wh Batterie<\/li>\n<li>Ergonomische Touchpoints<\/li>\n<li>Verstellbarer Lenkervorbau mit Kabelintegration<\/li>\n<li>Shimano Linkglide E-Bike Schaltungs Technologie<\/li>\n<li>Sattelst\u00fctze: mit dropper Suspension-Funktion<\/li>\n<li>One Surface Technologie: Schutzbleche, Gep\u00e4cktr\u00e4ger, Gabel &#8211; alles einheitlich in Premium Farben lackiert<\/li>\n<\/ul>\n<hr \/>\n<h3>Die Kalkhoff Endeavour 7+ Familie<\/h3>\n<p>Absolute Freiheit genie\u00dfen. Auf Asphalt. Auf Schotter. Immer und \u00fcberall. Das Endeavour 7+ ist ein E-Bike, das alles kann \u2013 w\u00e4hrend der morgendlichen Fahrt zur Arbeit bist du mit dem Premium-Modell genauso kraftvoll unterwegs wie auf der spontanen Feierabendrunde. Es meistert die ausgedehnte Flussrad-tour auf dem gleichen Niveau wie den Campingtrip in den Wald \u2013 mit einer robusten Leichtigkeit, die nur durch hoch-wertigste Komponenten zu erreichen ist. Ein Anspruch, der sich auch in denzahlreichen Ausstattungsvarianten widerspiegelt. Von unserer starken Baseline Move bis zum anspruchsvollen Allesk\u00f6nner Advance spielt das Endeavour 7+ die volle Klaviatur des E-Bike Trekkings \u2013 und ist damit dein Garant f\u00fcr die absolute Fahrradfreiheit. Kurzum: Ein E-Bike, auf dessen Sattel dir die Welt zu F\u00fc\u00dfen liegt. Sowohl im Freizeit-Outfit als auch im Business-Look.<\/p>\n<hr \/>\n<h3>ABS Technology by BOSCH<\/h3>\n<p><img fetchpriority=\"high\" decoding=\"async\" src=\"https:\/\/cd.bike-discount.de\/media\/image\/34\/21\/90\/bosch_abs_unit.jpg\" width=\"217\" height=\"315\" data-src=\"media\/image\/bosch_abs_unit.jpg\" \/><\/p>\n<p><strong>Bremst dein Bike, nicht deinen Flow<\/strong><br \/>\nViele bremsen bisher aus Vorsicht oder Angst nur mit der Hinterradbremse. Das neue Bosch eBike ABS l\u00e4sst dich nun sicherer und selbstsicherer mit beiden Bremsen gleichzeitig bremsen. Es wirkt einem blockierenden oder wegrutschenden Vorderrad entgegen. So bleibst du auch bei spontanen Bremsvorg\u00e4ngen sicher im Sattel \u2013 egal, ob du dich auf festem Asphalt oder rutschigen Schotterwegen befindest. Weil jedes eBike anders ist, gibt es nicht ein ABS f\u00fcr alle, sondern das richtige ABS f\u00fcr deinen eBike-Typ \u2013 so unterst\u00fctzt es deinen Bremsvorgang auf optimale Weise.<\/p>\n<table width=\"100%\">\n<tbody>\n<tr>\n<td width=\"150\"><img decoding=\"async\" src=\"https:\/\/cd.bike-discount.de\/media\/image\/0b\/16\/5a\/bosch_abs_icon.jpg\" alt=\"\" width=\"150\" height=\"110\" data-src=\"media\/image\/bosch_abs_icon.jpg\" \/><\/td>\n<td><strong>Antiblockierfunktion<br \/>\n<\/strong>Die Antiblockierfunktion am Vorderrad erh\u00f6ht die Fahrstabilit\u00e4t und die Lenkbarkeit in kritischen Bremssituationen und kann somit das Wegrutschen des Vorderrads verhindern. Sensoren messen die Radgeschwindigkeit und regeln den Bremsdruck \u2013 f\u00fcr effizientes Bremsen.<\/td>\n<\/tr>\n<tr>\n<td><img decoding=\"async\" src=\"https:\/\/cd.bike-discount.de\/media\/image\/0d\/27\/25\/bosch_abs_benefit.jpg\" alt=\"\" width=\"150\" height=\"110\" data-src=\"media\/image\/bosch_abs_benefit.jpg\" \/><\/td>\n<td><strong>Hinterrad-Abheberegelung<br \/>\n<\/strong>Hinterrad-Abheberegelung kann das Abheben des Hinterrads verhindern und sorgt f\u00fcr eine verminderte \u00dcberschlagsgefahr<strong><br \/>\n<\/strong><\/td>\n<\/tr>\n<tr>\n<td><img loading=\"lazy\" decoding=\"async\" src=\"https:\/\/cd.bike-discount.de\/media\/image\/fd\/67\/62\/bosch_abs_imagebild_benefit__282_29.jpg\" alt=\"\" width=\"150\" height=\"100\" data-src=\"media\/image\/bosch_abs_imagebild_benefit__282_29.jpg\" \/><\/td>\n<td><strong>Sorgloser fahren<\/strong><br \/>\nDas Bosch eBike ABS sorgt f\u00fcr mehr Sicherheit, Stabilit\u00e4t und Komfort beim Bremsen.<\/td>\n<\/tr>\n<tr>\n<td><img loading=\"lazy\" decoding=\"async\" src=\"https:\/\/cd.bike-discount.de\/media\/image\/7d\/2c\/f3\/bosch_abs_imagebild_benefit__281_29.jpg\" width=\"150\" height=\"100\" data-src=\"media\/image\/bosch_abs_imagebild_benefit__281_29.jpg\" \/><\/td>\n<td><strong>Dein eBike-Typ Von eCity bis eMTB<\/strong><br \/>\nBosch eBike ABS erm\u00f6glicht optimales Bremsen f\u00fcr jeden eBike-Typ und Untergrund.<\/td>\n<\/tr>\n<tr>\n<td><img loading=\"lazy\" decoding=\"async\" src=\"https:\/\/cd.bike-discount.de\/media\/image\/86\/6b\/60\/bosch_abs_imagebild_benefit__283_29.jpg\" alt=\"\" width=\"150\" height=\"100\" data-src=\"media\/image\/bosch_abs_imagebild_benefit__283_29.jpg\" \/><\/td>\n<td><strong>Unsichtbarer Helfer<\/strong><br \/>\nDer kleine, unauff\u00e4llige Bremsassistent f\u00fcgt sich formsch\u00f6n in dein eBike- Design ein.<\/td>\n<\/tr>\n<tr>\n<td><img loading=\"lazy\" decoding=\"async\" src=\"https:\/\/cd.bike-discount.de\/media\/image\/4a\/b6\/33\/bosch_abs_imagebild_benefit__284_29.jpg\" alt=\"\" width=\"150\" height=\"100\" data-src=\"media\/image\/bosch_abs_imagebild_benefit__284_29.jpg\" \/><\/td>\n<td><strong>Fundiertes Knowhow<\/strong><br \/>\nDas Bosch eBike ABS st\u00fctzt sich auf die Technik der Bosch ABSTechnologien f\u00fcr PKWs und Motorr\u00e4der.<\/td>\n<\/tr>\n<\/tbody>\n<\/table>\n<h2>Ausstattung<\/h2>\n<div class=\"product--properties panel has--border\">\n<table class=\"product--properties-table\">\n<tbody>\n<tr class=\"product--properties-row row1\">\n<td class=\"product--properties-label is--bold\">Rahmen:<\/td>\n<td class=\"product--properties-value\">Integrale 1.6, Aluminium<\/td>\n<\/tr>\n<tr class=\"product--properties-row row2\">\n<td class=\"product--properties-label is--bold\">Rahmenmaterial:<\/td>\n<td class=\"product--properties-value\">Aluminium<\/td>\n<\/tr>\n<tr class=\"product--properties-row row3\">\n<td class=\"product--properties-label is--bold\">Laufradgr\u00f6\u00dfe:<\/td>\n<td class=\"product--properties-value\">27.5&#8243;<\/td>\n<\/tr>\n<tr class=\"product--properties-row row4\">\n<td class=\"product--properties-label is--bold\">Farbe:<\/td>\n<td class=\"product--properties-value\">jetgrey matt<\/td>\n<\/tr>\n<tr class=\"product--properties-row row5\">\n<td class=\"product--properties-label is--bold\">Gabel:<\/td>\n<td class=\"product--properties-value\">Suntour Mobie34 ABS Air, 15 mm thru axle<\/td>\n<\/tr>\n<tr class=\"product--properties-row row6\">\n<td class=\"product--properties-label is--bold\">Federweg:<\/td>\n<td class=\"product--properties-value\">80 mm<\/td>\n<\/tr>\n<tr class=\"product--properties-row row7\">\n<td class=\"product--properties-label is--bold\">Bremsen:<\/td>\n<td class=\"product--properties-value\">Magura MTC ABS, 2-Piston, hydraulic disc brake<\/td>\n<\/tr>\n<tr class=\"product--properties-row row8\">\n<td class=\"product--properties-label is--bold\">Bremsscheiben:<\/td>\n<td class=\"product--properties-value\">180 mm \/ 180 mm<\/td>\n<\/tr>\n<tr class=\"product--properties-row row9\">\n<td class=\"product--properties-label is--bold\">Vorbau:<\/td>\n<td class=\"product--properties-value\">Concept EX, adjustable, 80 mm<\/td>\n<\/tr>\n<tr class=\"product--properties-row row10\">\n<td class=\"product--properties-label is--bold\">Lenker:<\/td>\n<td class=\"product--properties-value\">Concept EX Riser, 690 mm<\/td>\n<\/tr>\n<tr class=\"product--properties-row row11\">\n<td class=\"product--properties-label is--bold\">Griffe:<\/td>\n<td class=\"product--properties-value\">Ergon GA30<\/td>\n<\/tr>\n<tr class=\"product--properties-row row12\">\n<td class=\"product--properties-label is--bold\">Sattel:<\/td>\n<td class=\"product--properties-value\">Fizik Terra Aidon<\/td>\n<\/tr>\n<tr class=\"product--properties-row row13\">\n<td class=\"product--properties-label is--bold\">Sattelst\u00fctze:<\/td>\n<td class=\"product--properties-value\">Kind Shock, suspension dropper post<\/td>\n<\/tr>\n<tr class=\"product--properties-row row14\">\n<td class=\"product--properties-label is--bold\">Kurbel:<\/td>\n<td class=\"product--properties-value\">aluminium, 170 mm, 38T<\/td>\n<\/tr>\n<tr class=\"product--properties-row row15\">\n<td class=\"product--properties-label is--bold\">Schaltwerk:<\/td>\n<td class=\"product--properties-value\">Shimano Deore XT M8130<\/td>\n<\/tr>\n<\/tbody>\n<\/table>\n<table class=\"product--properties-table\">\n<tbody>\n<tr class=\"product--properties-row row16\">\n<td class=\"product--properties-label is--bold\">Schalthebel:<\/td>\n<td class=\"product--properties-value\">Shimano Deore XT<\/td>\n<\/tr>\n<tr class=\"product--properties-row row17\">\n<td class=\"product--properties-label is--bold\">Kassette:<\/td>\n<td class=\"product--properties-value\">Shimano Deore XT, 11-50T<\/td>\n<\/tr>\n<tr class=\"product--properties-row row18\">\n<td class=\"product--properties-label is--bold\">Kette:<\/td>\n<td class=\"product--properties-value\">Shimano CN-LG50<\/td>\n<\/tr>\n<tr class=\"product--properties-row row19\">\n<td class=\"product--properties-label is--bold\">Reifen:<\/td>\n<td class=\"product--properties-value\">Schwalbe Marathon Almotion 55-584<\/td>\n<\/tr>\n<tr class=\"product--properties-row row20\">\n<td class=\"product--properties-label is--bold\">Nabe Vorderrad:<\/td>\n<td class=\"product--properties-value\">Thru axle, 15&#215;100 mm<\/td>\n<\/tr>\n<tr class=\"product--properties-row row21\">\n<td class=\"product--properties-label is--bold\">Nabe Hinterrad:<\/td>\n<td class=\"product--properties-value\">Shimano GRX RS470, 12&#215;142 mm thru axle<\/td>\n<\/tr>\n<tr class=\"product--properties-row row22\">\n<td class=\"product--properties-label is--bold\">Speichen:<\/td>\n<td class=\"product--properties-value\">Niro<\/td>\n<\/tr>\n<tr class=\"product--properties-row row23\">\n<td class=\"product--properties-label is--bold\">Felgen:<\/td>\n<td class=\"product--properties-value\">Rodi TRYP35, with double eyelets<\/td>\n<\/tr>\n<tr class=\"product--properties-row row24\">\n<td class=\"product--properties-label is--bold\">Display:<\/td>\n<td class=\"product--properties-value\">Bosch Kiox 300 colour display with walk assist<\/td>\n<\/tr>\n<tr class=\"product--properties-row row25\">\n<td class=\"product--properties-label is--bold\">Akku:<\/td>\n<td class=\"product--properties-value\">Bosch PowerTube 750 Wh<\/td>\n<\/tr>\n<tr class=\"product--properties-row row26\">\n<td class=\"product--properties-label is--bold\">Ladeger\u00e4t:<\/td>\n<td class=\"product--properties-value\">Bosch, 4A<\/td>\n<\/tr>\n<tr class=\"product--properties-row row27\">\n<td class=\"product--properties-label is--bold\">Motor:<\/td>\n<td class=\"product--properties-value\">Bosch Performance Line CX Smart System, 36 V \/ 250 W \/ 85 Nm<\/td>\n<\/tr>\n<tr class=\"product--properties-row row28\">\n<td class=\"product--properties-label is--bold\">Scheinwerfer:<\/td>\n<td class=\"product--properties-value\">Supernova Mini 2 with High Beam<\/td>\n<\/tr>\n<tr class=\"product--properties-row row29\">\n<td class=\"product--properties-label is--bold\">R\u00fccklicht:<\/td>\n<td class=\"product--properties-value\">Spanninga Pimento<\/td>\n<\/tr>\n<tr class=\"product--properties-row row30\">\n<td class=\"product--properties-label is--bold\">Gep\u00e4cktr\u00e4ger:<\/td>\n<td class=\"product--properties-value\">Racktime System Carrier<\/td>\n<\/tr>\n<tr class=\"product--properties-row row31\">\n<td class=\"product--properties-label is--bold\">Pedale:<\/td>\n<td class=\"product--properties-value\">Aluminium with anti slip protection and reflector<\/td>\n<\/tr>\n<tr class=\"product--properties-row row32\">\n<td class=\"product--properties-label is--bold\">Sonstiges:<\/td>\n<td class=\"product--properties-value\">Schutzblech, St\u00e4nder<\/td>\n<\/tr>\n<tr class=\"product--properties-row row33\">\n<td class=\"product--properties-label is--bold\">Zul\u00e4ssiges Gesamtgewicht:<\/td>\n<td class=\"product--properties-value\">170 kg (K\u00f6rpergewicht + Fahrrad + Ausr\u00fcstung)<\/td>\n<\/tr>\n<\/tbody>\n<\/table>\n<\/div>","protected":false},"excerpt":{"rendered":"<div class=\"tab-menu--product js--tab-menu\">\n<div class=\"tab--container-list\">\n<div class=\"tab--container description has--content is--active\">\n<div class=\"tab--content box-description\">\n<div class=\"content--description\">\n<div class=\"ean-box\"><label>Modelljahr : 2023<\/label><\/div>\n<\/div>\n<\/div>\n<\/div>\n<\/div>\n<\/div>\n<p><a class=\"rating-link-info--box\" name=\"product--publish-comment\"><\/a><\/p>\n<div id=\"detail--product-reviews\" class=\"content--product-reviews 123\"><\/div>","protected":false},"featured_media":61296,"comment_status":"open","ping_status":"closed","template":"","meta":{"_rtcl_gb_attr":""},"product_brand":[],"product_cat":[33,247,270],"product_tag":[],"class_list":{"0":"post-38680","1":"product","2":"type-product","3":"status-publish","4":"has-post-thumbnail","6":"product_cat-e-bike","7":"product_cat-e-bike-trekking","8":"product_cat-e-bikes-2023","9":"pa_marke-kalkhoff","11":"first","12":"instock","13":"sale","14":"taxable","15":"shipping-taxable","16":"purchasable","17":"product-type-variable"},"yoast_head":"<!-- This site is optimized with the Yoast SEO Premium plugin v20.12 (Yoast SEO v27.4) - https:\/\/yoast.com\/product\/yoast-seo-premium-wordpress\/ -->\n<title>Kalkhoff Endeavour 7.B Advance+ ABS<\/title>\n<meta name=\"description\" content=\"Entdecken Sie unseren Online-Fahrradladen: Gro\u00dfe Auswahl an Modellen f\u00fcr alle Radsportbegeisterten. Von Rennr\u00e4dern bis zu Mountainbikes - finden Sie heute Ihren perfekten Wegbegleiter!\" \/>\n<meta name=\"robots\" content=\"index, follow, max-snippet:-1, max-image-preview:large, max-video-preview:-1\" \/>\n<link rel=\"canonical\" href=\"https:\/\/cioelectro.com\/en\/produkt\/kalkhoff-endeavour-7-b-advance-abs\/\" \/>\n<meta property=\"og:locale\" content=\"en_US\" \/>\n<meta property=\"og:type\" content=\"article\" \/>\n<meta property=\"og:title\" content=\"Kalkhoff Endeavour 7.B Advance+ ABS\" \/>\n<meta property=\"og:description\" content=\"Entdecken Sie unseren Online-Fahrradladen: Gro\u00dfe Auswahl an Modellen f\u00fcr alle Radsportbegeisterten. Von Rennr\u00e4dern bis zu Mountainbikes - finden Sie heute Ihren perfekten Wegbegleiter!\" \/>\n<meta property=\"og:url\" content=\"https:\/\/cioelectro.com\/en\/produkt\/kalkhoff-endeavour-7-b-advance-abs\/\" \/>\n<meta property=\"og:site_name\" content=\"cioelectro.com\" \/>\n<meta property=\"article:modified_time\" content=\"2023-08-11T08:38:59+00:00\" \/>\n<meta property=\"og:image\" content=\"https:\/\/cioelectro.com\/wp-content\/uploads\/2023\/06\/KH0020029v2023_2023_27_DI_GRY_090_PRE_ENDEAVOUR-7-B-ADVANCE-PLUS-ABS.jpg\" \/>\n\t<meta property=\"og:image:width\" content=\"2000\" \/>\n\t<meta property=\"og:image:height\" content=\"1184\" \/>\n\t<meta property=\"og:image:type\" content=\"image\/jpeg\" \/>\n<meta name=\"twitter:card\" content=\"summary_large_image\" \/>\n<meta name=\"twitter:label1\" content=\"Est. reading time\" \/>\n\t<meta name=\"twitter:data1\" content=\"6 minutes\" \/>\n<script type=\"application\/ld+json\" class=\"yoast-schema-graph\">{\"@context\":\"https:\\\/\\\/schema.org\",\"@graph\":[{\"@type\":\"WebPage\",\"@id\":\"https:\\\/\\\/cioelectro.com\\\/produkt\\\/kalkhoff-endeavour-7-b-advance-abs\\\/\",\"url\":\"https:\\\/\\\/cioelectro.com\\\/produkt\\\/kalkhoff-endeavour-7-b-advance-abs\\\/\",\"name\":\"Kalkhoff Endeavour 7.B Advance+ ABS\",\"isPartOf\":{\"@id\":\"https:\\\/\\\/cioelectro.com\\\/#website\"},\"primaryImageOfPage\":{\"@id\":\"https:\\\/\\\/cioelectro.com\\\/produkt\\\/kalkhoff-endeavour-7-b-advance-abs\\\/#primaryimage\"},\"image\":{\"@id\":\"https:\\\/\\\/cioelectro.com\\\/produkt\\\/kalkhoff-endeavour-7-b-advance-abs\\\/#primaryimage\"},\"thumbnailUrl\":\"https:\\\/\\\/cioelectro.com\\\/wp-content\\\/uploads\\\/2023\\\/06\\\/KH0020029v2023_2023_27_DI_GRY_090_PRE_ENDEAVOUR-7-B-ADVANCE-PLUS-ABS.jpg\",\"datePublished\":\"2022-11-08T12:42:54+00:00\",\"dateModified\":\"2023-08-11T08:38:59+00:00\",\"description\":\"Entdecken Sie unseren Online-Fahrradladen: Gro\u00dfe Auswahl an Modellen f\u00fcr alle Radsportbegeisterten. Von Rennr\u00e4dern bis zu Mountainbikes - finden Sie heute Ihren perfekten Wegbegleiter!\",\"breadcrumb\":{\"@id\":\"https:\\\/\\\/cioelectro.com\\\/produkt\\\/kalkhoff-endeavour-7-b-advance-abs\\\/#breadcrumb\"},\"inLanguage\":\"en-US\",\"potentialAction\":[{\"@type\":\"ReadAction\",\"target\":[\"https:\\\/\\\/cioelectro.com\\\/produkt\\\/kalkhoff-endeavour-7-b-advance-abs\\\/\"]}]},{\"@type\":\"ImageObject\",\"inLanguage\":\"en-US\",\"@id\":\"https:\\\/\\\/cioelectro.com\\\/produkt\\\/kalkhoff-endeavour-7-b-advance-abs\\\/#primaryimage\",\"url\":\"https:\\\/\\\/cioelectro.com\\\/wp-content\\\/uploads\\\/2023\\\/06\\\/KH0020029v2023_2023_27_DI_GRY_090_PRE_ENDEAVOUR-7-B-ADVANCE-PLUS-ABS.jpg\",\"contentUrl\":\"https:\\\/\\\/cioelectro.com\\\/wp-content\\\/uploads\\\/2023\\\/06\\\/KH0020029v2023_2023_27_DI_GRY_090_PRE_ENDEAVOUR-7-B-ADVANCE-PLUS-ABS.jpg\",\"width\":2000,\"height\":1184,\"caption\":\"Kalkhoff Endeavour 7.B Advance+ ABS\"},{\"@type\":\"BreadcrumbList\",\"@id\":\"https:\\\/\\\/cioelectro.com\\\/produkt\\\/kalkhoff-endeavour-7-b-advance-abs\\\/#breadcrumb\",\"itemListElement\":[{\"@type\":\"ListItem\",\"position\":1,\"name\":\"Startseite\",\"item\":\"https:\\\/\\\/cioelectro.com\\\/\"},{\"@type\":\"ListItem\",\"position\":2,\"name\":\"LADEN\",\"item\":\"https:\\\/\\\/cioelectro.com\\\/laden\\\/\"},{\"@type\":\"ListItem\",\"position\":3,\"name\":\"Kalkhoff Endeavour 7.B Advance+ ABS\"}]},{\"@type\":\"WebSite\",\"@id\":\"https:\\\/\\\/cioelectro.com\\\/#website\",\"url\":\"https:\\\/\\\/cioelectro.com\\\/\",\"name\":\"cioelectro.com\",\"description\":\"Treten Sie mit uns ins Abenteuer!\",\"publisher\":{\"@id\":\"https:\\\/\\\/cioelectro.com\\\/#organization\"},\"alternateName\":\"MEIN RADLADEN\",\"potentialAction\":[{\"@type\":\"SearchAction\",\"target\":{\"@type\":\"EntryPoint\",\"urlTemplate\":\"https:\\\/\\\/cioelectro.com\\\/?s={search_term_string}\"},\"query-input\":{\"@type\":\"PropertyValueSpecification\",\"valueRequired\":true,\"valueName\":\"search_term_string\"}}],\"inLanguage\":\"en-US\"},{\"@type\":\"Organization\",\"@id\":\"https:\\\/\\\/cioelectro.com\\\/#organization\",\"name\":\"CIOELECTRO\",\"alternateName\":\"MEIN RADLADEN\",\"url\":\"https:\\\/\\\/cioelectro.com\\\/\",\"logo\":{\"@type\":\"ImageObject\",\"inLanguage\":\"en-US\",\"@id\":\"https:\\\/\\\/cioelectro.com\\\/#\\\/schema\\\/logo\\\/image\\\/\",\"url\":\"https:\\\/\\\/cioelectro.com\\\/wp-content\\\/uploads\\\/2025\\\/12\\\/Logo-2-1200x800.png\",\"contentUrl\":\"https:\\\/\\\/cioelectro.com\\\/wp-content\\\/uploads\\\/2025\\\/12\\\/Logo-2-1200x800.png\",\"width\":1200,\"height\":800,\"caption\":\"CIOELECTRO\"},\"image\":{\"@id\":\"https:\\\/\\\/cioelectro.com\\\/#\\\/schema\\\/logo\\\/image\\\/\"}}]}<\/script>\n<!-- \/ Yoast SEO Premium plugin. -->","yoast_head_json":{"title":"Kalkhoff Endeavour 7.B Advance+ ABS","description":"Entdecken Sie unseren Online-Fahrradladen: Gro\u00dfe Auswahl an Modellen f\u00fcr alle Radsportbegeisterten. Von Rennr\u00e4dern bis zu Mountainbikes - finden Sie heute Ihren perfekten Wegbegleiter!","robots":{"index":"index","follow":"follow","max-snippet":"max-snippet:-1","max-image-preview":"max-image-preview:large","max-video-preview":"max-video-preview:-1"},"canonical":"https:\/\/cioelectro.com\/en\/produkt\/kalkhoff-endeavour-7-b-advance-abs\/","og_locale":"en_US","og_type":"article","og_title":"Kalkhoff Endeavour 7.B Advance+ ABS","og_description":"Entdecken Sie unseren Online-Fahrradladen: Gro\u00dfe Auswahl an Modellen f\u00fcr alle Radsportbegeisterten. Von Rennr\u00e4dern bis zu Mountainbikes - finden Sie heute Ihren perfekten Wegbegleiter!","og_url":"https:\/\/cioelectro.com\/en\/produkt\/kalkhoff-endeavour-7-b-advance-abs\/","og_site_name":"cioelectro.com","article_modified_time":"2023-08-11T08:38:59+00:00","og_image":[{"width":2000,"height":1184,"url":"https:\/\/cioelectro.com\/wp-content\/uploads\/2023\/06\/KH0020029v2023_2023_27_DI_GRY_090_PRE_ENDEAVOUR-7-B-ADVANCE-PLUS-ABS.jpg","type":"image\/jpeg"}],"twitter_card":"summary_large_image","twitter_misc":{"Est. reading time":"6 minutes"},"schema":{"@context":"https:\/\/schema.org","@graph":[{"@type":"WebPage","@id":"https:\/\/cioelectro.com\/produkt\/kalkhoff-endeavour-7-b-advance-abs\/","url":"https:\/\/cioelectro.com\/produkt\/kalkhoff-endeavour-7-b-advance-abs\/","name":"Kalkhoff Endeavour 7.B Advance+ ABS","isPartOf":{"@id":"https:\/\/cioelectro.com\/#website"},"primaryImageOfPage":{"@id":"https:\/\/cioelectro.com\/produkt\/kalkhoff-endeavour-7-b-advance-abs\/#primaryimage"},"image":{"@id":"https:\/\/cioelectro.com\/produkt\/kalkhoff-endeavour-7-b-advance-abs\/#primaryimage"},"thumbnailUrl":"https:\/\/cioelectro.com\/wp-content\/uploads\/2023\/06\/KH0020029v2023_2023_27_DI_GRY_090_PRE_ENDEAVOUR-7-B-ADVANCE-PLUS-ABS.jpg","datePublished":"2022-11-08T12:42:54+00:00","dateModified":"2023-08-11T08:38:59+00:00","description":"Entdecken Sie unseren Online-Fahrradladen: Gro\u00dfe Auswahl an Modellen f\u00fcr alle Radsportbegeisterten. Von Rennr\u00e4dern bis zu Mountainbikes - finden Sie heute Ihren perfekten Wegbegleiter!","breadcrumb":{"@id":"https:\/\/cioelectro.com\/produkt\/kalkhoff-endeavour-7-b-advance-abs\/#breadcrumb"},"inLanguage":"en-US","potentialAction":[{"@type":"ReadAction","target":["https:\/\/cioelectro.com\/produkt\/kalkhoff-endeavour-7-b-advance-abs\/"]}]},{"@type":"ImageObject","inLanguage":"en-US","@id":"https:\/\/cioelectro.com\/produkt\/kalkhoff-endeavour-7-b-advance-abs\/#primaryimage","url":"https:\/\/cioelectro.com\/wp-content\/uploads\/2023\/06\/KH0020029v2023_2023_27_DI_GRY_090_PRE_ENDEAVOUR-7-B-ADVANCE-PLUS-ABS.jpg","contentUrl":"https:\/\/cioelectro.com\/wp-content\/uploads\/2023\/06\/KH0020029v2023_2023_27_DI_GRY_090_PRE_ENDEAVOUR-7-B-ADVANCE-PLUS-ABS.jpg","width":2000,"height":1184,"caption":"Kalkhoff Endeavour 7.B Advance+ ABS"},{"@type":"BreadcrumbList","@id":"https:\/\/cioelectro.com\/produkt\/kalkhoff-endeavour-7-b-advance-abs\/#breadcrumb","itemListElement":[{"@type":"ListItem","position":1,"name":"Startseite","item":"https:\/\/cioelectro.com\/"},{"@type":"ListItem","position":2,"name":"LADEN","item":"https:\/\/cioelectro.com\/laden\/"},{"@type":"ListItem","position":3,"name":"Kalkhoff Endeavour 7.B Advance+ ABS"}]},{"@type":"WebSite","@id":"https:\/\/cioelectro.com\/#website","url":"https:\/\/cioelectro.com\/","name":"cioelectro.com","description":"Treten Sie mit uns ins Abenteuer!","publisher":{"@id":"https:\/\/cioelectro.com\/#organization"},"alternateName":"MEIN RADLADEN","potentialAction":[{"@type":"SearchAction","target":{"@type":"EntryPoint","urlTemplate":"https:\/\/cioelectro.com\/?s={search_term_string}"},"query-input":{"@type":"PropertyValueSpecification","valueRequired":true,"valueName":"search_term_string"}}],"inLanguage":"en-US"},{"@type":"Organization","@id":"https:\/\/cioelectro.com\/#organization","name":"CIOELECTRO","alternateName":"MEIN RADLADEN","url":"https:\/\/cioelectro.com\/","logo":{"@type":"ImageObject","inLanguage":"en-US","@id":"https:\/\/cioelectro.com\/#\/schema\/logo\/image\/","url":"https:\/\/cioelectro.com\/wp-content\/uploads\/2025\/12\/Logo-2-1200x800.png","contentUrl":"https:\/\/cioelectro.com\/wp-content\/uploads\/2025\/12\/Logo-2-1200x800.png","width":1200,"height":800,"caption":"CIOELECTRO"},"image":{"@id":"https:\/\/cioelectro.com\/#\/schema\/logo\/image\/"}}]}},"_links":{"self":[{"href":"https:\/\/cioelectro.com\/en\/wp-json\/wp\/v2\/product\/38680","targetHints":{"allow":["GET"]}}],"collection":[{"href":"https:\/\/cioelectro.com\/en\/wp-json\/wp\/v2\/product"}],"about":[{"href":"https:\/\/cioelectro.com\/en\/wp-json\/wp\/v2\/types\/product"}],"replies":[{"embeddable":true,"href":"https:\/\/cioelectro.com\/en\/wp-json\/wp\/v2\/comments?post=38680"}],"version-history":[{"count":0,"href":"https:\/\/cioelectro.com\/en\/wp-json\/wp\/v2\/product\/38680\/revisions"}],"wp:featuredmedia":[{"embeddable":true,"href":"https:\/\/cioelectro.com\/en\/wp-json\/wp\/v2\/media\/61296"}],"wp:attachment":[{"href":"https:\/\/cioelectro.com\/en\/wp-json\/wp\/v2\/media?parent=38680"}],"wp:term":[{"taxonomy":"product_brand","embeddable":true,"href":"https:\/\/cioelectro.com\/en\/wp-json\/wp\/v2\/product_brand?post=38680"},{"taxonomy":"product_cat","embeddable":true,"href":"https:\/\/cioelectro.com\/en\/wp-json\/wp\/v2\/product_cat?post=38680"},{"taxonomy":"product_tag","embeddable":true,"href":"https:\/\/cioelectro.com\/en\/wp-json\/wp\/v2\/product_tag?post=38680"}],"curies":[{"name":"wp","href":"https:\/\/api.w.org\/{rel}","templated":true}]}}