{"id":39209,"date":"2022-11-08T21:54:27","date_gmt":"2022-11-08T20:54:27","guid":{"rendered":"https:\/\/meinradladen.com\/?post_type=product&#038;p=39209"},"modified":"2023-08-11T11:44:18","modified_gmt":"2023-08-11T09:44:18","slug":"rabeneick-tc-e-deore-10-fach-disc-diamant-schwarz","status":"publish","type":"product","link":"https:\/\/cioelectro.com\/en\/produkt\/rabeneick-tc-e-deore-10-fach-disc-diamant-schwarz\/","title":{"rendered":"Rabeneick TC-E Deore 10-fach Disc Diamant schwarz"},"content":{"rendered":"<h2 class=\"product-name cyc-typo_display-3 cyc-margin_bottom-1 cyc-no-texttransform js-productName\">Rabeneick TC-E Deore 10-fach Disc Diamant schwarz<\/h2>\n<p class=\"cyc-typo--italic cyc-typo_body-2\"><em>Abbildung \u00e4hnlich! Entgegen der Abbildung wird das Bike mit einem Herrenrahmen ausgeliefert. Bitte entnehmen Sie die genauen Spezifikationen der Produktbeschreibung<\/em><\/p>\n<div class=\"cyc-margin_bottom-4\">\n<p>Das E-Trekkingrad Rabeneick TC-E Deore, bei nur ganz kleine Details verraten, dass das TC-E ein E-Bike ist. Der Hinterrad-Antrieb ist \u00e4hnlich gro\u00df wie ein Nabendynamo, der Akku komplett im Unterrohr integriert und die Ladebuchse vor Schmutz und Witterung gesch\u00fctzt \u00fcber dem Tretlager versteckt.<\/p>\n<p>Smart und easy: Die Bedienung des E-Bikes erfolgt per Smartphone \u00fcber die kostenlose Rabeneick My Bike-App, ohne zus\u00e4tzliches Display oder Bedienelement. Auch hier ist weniger mehr.<\/p>\n<p>F\u00fcr das in zwei Rahmenformen erh\u00e4ltliche Trekking-E-Bike wurden s\u00e4mtliche Komponenten unter Ber\u00fccksichtigung des puristischen Designs gew\u00e4hlt. Dabei vereint das TC-E sportlichen Charakter mit gro\u00dfer Alltagstauglichkeit. Die bew\u00e4hrte Shimano Deore mit 10 G\u00e4ngen bietet beste Schaltperformance, der Aluminium-Rahmen sorgt durch hohe Steifigkeit f\u00fcr Top-Fahreigenschaften. Komfort bieten die Schwalbe Energizer Active Plus-Bereifung, ein Sattel von Selle Royal und die mehrfach ausgezeichneten GP1-Griffe von Ergon.<\/p>\n<p>Scheibenbremsen von Shimano verz\u00f6gern pr\u00e4zise und sorgen f\u00fcr sicheres Handling. Die LED-Lichtanlage von Herrmanns (vorne) und Busch &amp; M\u00fcller (hinten), der praktische Racktime Gep\u00e4cktr\u00e4ger sowie SKS-Schutzbleche mit Kantenschoner erg\u00e4nzen die alltagstaugliche Ausstattung des TC-E.<\/p>\n<\/div>\n<h3 class=\"size-40\">SPEZIFIKATIONEN<\/h3>\n<table style=\"height: 1423px;\" width=\"684\" cellspacing=\"0\" cellpadding=\"0\">\n<tbody>\n<tr>\n<td valign=\"top\"><b>Rahmenbausatz<\/b><\/td>\n<td valign=\"top\"><\/td>\n<\/tr>\n<tr>\n<td valign=\"top\">Rahmen<\/td>\n<td valign=\"top\">Aluminium 6061, Trapezrahmen<\/td>\n<\/tr>\n<tr>\n<td valign=\"top\">Gabel<\/td>\n<td valign=\"top\">Starr, Aluminium<\/td>\n<\/tr>\n<tr>\n<td valign=\"top\">Headset<\/td>\n<td valign=\"top\">Chin Chaur, 1\/1\/8&#8243; halbintegriert<\/td>\n<\/tr>\n<tr>\n<td valign=\"top\"><b>Motorisierung<\/b><\/td>\n<td valign=\"top\"><\/td>\n<\/tr>\n<tr>\n<td valign=\"top\">Motor<\/td>\n<td valign=\"top\">Bafang H400B Hinterradmotor:<\/p>\n<p>&#8211; Hinterradmotor;<\/p>\n<p>&#8211; Unterst\u00fctzung bis 25 km\/h &#8211; Leistung: 250 Watt;<\/p>\n<p>&#8211; Maximales Drehmoment: 45 Nm<\/td>\n<\/tr>\n<tr>\n<td valign=\"top\">Batterie<\/td>\n<td valign=\"top\">Akku: Lithium-Ionen 252 Wh 36\/7 Volt\/Ah<\/p>\n<p>Ladeger\u00e4t: NC<\/p>\n<p>Autonomie: 50-100 km<\/p>\n<p>&nbsp;<\/p>\n<p><b>Informationen<\/b>\u00a0:<\/p>\n<p>Die Autonomien werden nur zur Information angegeben.\u00a0Die Hauptfaktoren f\u00fcr den Verlust der Autonomie sind: Gegenwind, Steigungen, Temperatur unter 15 \u00b0C, Reifen mit zu geringem Luftdruck, Benutzergewicht \u00fcber 70 kg, falsche Fahrradeinstellung, falsche Verwendung der G\u00e4nge.<\/td>\n<\/tr>\n<tr>\n<td valign=\"top\">Konsole<\/td>\n<td valign=\"top\">Bestellen Sie \u00fcber die mobile App<\/td>\n<\/tr>\n<tr>\n<td valign=\"top\"><b>\u00dcbertragung<\/b><\/td>\n<td valign=\"top\"><\/td>\n<\/tr>\n<tr>\n<td valign=\"top\">Umwerfer<\/td>\n<td valign=\"top\">\/<\/td>\n<\/tr>\n<tr>\n<td valign=\"top\">Schaltwerk hinten<\/td>\n<td valign=\"top\">Shimano Deore RD-M4120, 10-Gang<\/td>\n<\/tr>\n<tr>\n<td valign=\"top\">Gangschaltung<\/td>\n<td valign=\"top\">Shimano Deore SL-M4100, 10-Gang<\/td>\n<\/tr>\n<tr>\n<td valign=\"top\">Pedalboard<\/td>\n<td valign=\"top\">Aluminium Miranda, Kettenblatt 42 Z\u00e4hne, Arme 170 mm<\/td>\n<\/tr>\n<tr>\n<td valign=\"top\">Tretlager<\/td>\n<td valign=\"top\">CN<\/td>\n<\/tr>\n<tr>\n<td valign=\"top\">Kassette<\/td>\n<td valign=\"top\">Shimano Deore CS-HG500, 11-42 Z\u00e4hne<\/td>\n<\/tr>\n<tr>\n<td valign=\"top\">Kette<\/td>\n<td valign=\"top\">KMC E10 EPT<\/td>\n<\/tr>\n<tr>\n<td valign=\"top\">Bremsen<\/td>\n<td valign=\"top\">Vorne: Hydraulische Scheibenbremse BR-MT200 &#8211; 160-mm-Scheibe<\/p>\n<p>Hinten: BR-MT200 Hydraulische Scheibenbremse \u2013 160 mm Scheibe<\/td>\n<\/tr>\n<tr>\n<td valign=\"top\"><b>R\u00e4der und bereifung<\/b><\/td>\n<td valign=\"top\"><\/td>\n<\/tr>\n<tr>\n<td valign=\"top\">R\u00e4der<\/td>\n<td valign=\"top\">Aluminiumfelgen<\/p>\n<p>Naben: Shimano HB-TX505 \/ Bafang mit integriertem Motor.<\/p>\n<p>Speichen: 2 mm Edelstahl, schwarz<\/td>\n<\/tr>\n<tr>\n<td valign=\"top\">Reifen<\/td>\n<td valign=\"top\">Vorderseite: Schwalbe Energizer Active Plus 47 mm, reflektierende Seitenw\u00e4nde<\/p>\n<p>Hinten: Schwalbe Energizer Active Plus 47 mm, reflektierende Seitenw\u00e4nde<\/td>\n<\/tr>\n<tr>\n<td valign=\"top\"><b>Peripherieger\u00e4te<\/b><\/td>\n<td valign=\"top\"><\/td>\n<\/tr>\n<tr>\n<td valign=\"top\">Aufh\u00e4nger<\/td>\n<td valign=\"top\">Humpert Ergotec Ladytown, 620mm<\/td>\n<\/tr>\n<tr>\n<td valign=\"top\">Stengel<\/td>\n<td valign=\"top\">Humpert Ergotec Octopus, verstellbarer Winkel<\/td>\n<\/tr>\n<tr>\n<td valign=\"top\">Griffe<\/td>\n<td valign=\"top\">Ergon GP1, mit Schraubklemme<\/td>\n<\/tr>\n<tr>\n<td valign=\"top\">Sattelstiel<\/td>\n<td valign=\"top\">Kalloy SP-DC1, Aluminium, 31,6 mm, 300 mm<\/td>\n<\/tr>\n<tr>\n<td valign=\"top\">Sattel<\/td>\n<td valign=\"top\">Verkaufe Royal Milo Plus<\/td>\n<\/tr>\n<tr>\n<td valign=\"top\"><b>Beleuchtung<\/b><\/td>\n<td valign=\"top\"><\/td>\n<\/tr>\n<tr>\n<td valign=\"top\">Frontbeleuchtung<\/td>\n<td valign=\"top\">Herrmans MR8-E, 60 LUX mit Positionslicht<\/td>\n<\/tr>\n<tr>\n<td valign=\"top\">Beleuchtung hinten<\/td>\n<td valign=\"top\">Busch &amp; M\u00fcller im Gep\u00e4cktr\u00e4ger integriert, mit Standlicht<\/td>\n<\/tr>\n<tr>\n<td valign=\"top\"><b>Beiliegendes Zubeh\u00f6r<\/b><\/td>\n<td valign=\"top\">Racktime Shine Evo Tour Gep\u00e4cktr\u00e4ger, SKS Schutzbleche, Seitenst\u00e4nder, Pedale<\/p>\n<p>Marwi SP-811, T\u00fcrklingel, Reflektoren und technische Dokumentation<\/td>\n<\/tr>\n<tr>\n<td valign=\"top\"><b>Maximal zul\u00e4ssiges Gesamtgewicht<\/b><\/td>\n<td valign=\"top\">120kg<\/td>\n<\/tr>\n<\/tbody>\n<\/table>","protected":false},"excerpt":{"rendered":"<p>Rabeneick TC-E Deore 10-fach Disc Diamant schwarz Abbildung \u00e4hnlich! Entgegen der Abbildung wird das Bike mit einem Herrenrahmen ausgeliefert. Bitte<\/p>","protected":false},"featured_media":61484,"comment_status":"open","ping_status":"closed","template":"","meta":{"_rtcl_gb_attr":""},"product_brand":[],"product_cat":[33,247],"product_tag":[],"class_list":{"0":"post-39209","1":"product","2":"type-product","3":"status-publish","4":"has-post-thumbnail","6":"product_cat-e-bike","7":"product_cat-e-bike-trekking","8":"pa_marke-rabeneick","10":"first","11":"instock","12":"sale","13":"taxable","14":"shipping-taxable","15":"purchasable","16":"product-type-variable"},"yoast_head":"<!-- This site is optimized with the Yoast SEO Premium plugin v20.12 (Yoast SEO v27.4) - https:\/\/yoast.com\/product\/yoast-seo-premium-wordpress\/ -->\n<title>Rabeneick TC-E Deore 10-fach Disc Diamant schwarz<\/title>\n<meta name=\"description\" content=\"Entdecken Sie unseren Online-Fahrradladen: Gro\u00dfe Auswahl an Modellen f\u00fcr alle Radsportbegeisterten. Von Rennr\u00e4dern bis zu Mountainbikes - finden Sie heute Ihren perfekten Wegbegleiter!\" \/>\n<meta name=\"robots\" content=\"index, follow, max-snippet:-1, max-image-preview:large, max-video-preview:-1\" \/>\n<link rel=\"canonical\" href=\"https:\/\/cioelectro.com\/en\/produkt\/rabeneick-tc-e-deore-10-fach-disc-diamant-schwarz\/\" \/>\n<meta property=\"og:locale\" content=\"en_US\" \/>\n<meta property=\"og:type\" content=\"article\" \/>\n<meta property=\"og:title\" content=\"Rabeneick TC-E Deore 10-fach Disc Diamant schwarz\" \/>\n<meta property=\"og:description\" content=\"Entdecken Sie unseren Online-Fahrradladen: Gro\u00dfe Auswahl an Modellen f\u00fcr alle Radsportbegeisterten. Von Rennr\u00e4dern bis zu Mountainbikes - finden Sie heute Ihren perfekten Wegbegleiter!\" \/>\n<meta property=\"og:url\" content=\"https:\/\/cioelectro.com\/en\/produkt\/rabeneick-tc-e-deore-10-fach-disc-diamant-schwarz\/\" \/>\n<meta property=\"og:site_name\" content=\"cioelectro.com\" \/>\n<meta property=\"article:modified_time\" content=\"2023-08-11T09:44:18+00:00\" \/>\n<meta property=\"og:image\" content=\"https:\/\/cioelectro.com\/wp-content\/uploads\/2023\/06\/rabeneick-tc-e-deore-10-speed-disc-diamond-black-matte-1-1.jpg\" \/>\n\t<meta property=\"og:image:width\" content=\"2400\" \/>\n\t<meta property=\"og:image:height\" content=\"2400\" \/>\n\t<meta property=\"og:image:type\" content=\"image\/jpeg\" \/>\n<meta name=\"twitter:card\" content=\"summary_large_image\" \/>\n<meta name=\"twitter:label1\" content=\"Est. reading time\" \/>\n\t<meta name=\"twitter:data1\" content=\"3 minutes\" \/>\n<script type=\"application\/ld+json\" class=\"yoast-schema-graph\">{\"@context\":\"https:\\\/\\\/schema.org\",\"@graph\":[{\"@type\":\"WebPage\",\"@id\":\"https:\\\/\\\/cioelectro.com\\\/produkt\\\/rabeneick-tc-e-deore-10-fach-disc-diamant-schwarz\\\/\",\"url\":\"https:\\\/\\\/cioelectro.com\\\/produkt\\\/rabeneick-tc-e-deore-10-fach-disc-diamant-schwarz\\\/\",\"name\":\"Rabeneick TC-E Deore 10-fach Disc Diamant schwarz\",\"isPartOf\":{\"@id\":\"https:\\\/\\\/cioelectro.com\\\/#website\"},\"primaryImageOfPage\":{\"@id\":\"https:\\\/\\\/cioelectro.com\\\/produkt\\\/rabeneick-tc-e-deore-10-fach-disc-diamant-schwarz\\\/#primaryimage\"},\"image\":{\"@id\":\"https:\\\/\\\/cioelectro.com\\\/produkt\\\/rabeneick-tc-e-deore-10-fach-disc-diamant-schwarz\\\/#primaryimage\"},\"thumbnailUrl\":\"https:\\\/\\\/cioelectro.com\\\/wp-content\\\/uploads\\\/2023\\\/06\\\/rabeneick-tc-e-deore-10-speed-disc-diamond-black-matte-1-1.jpg\",\"datePublished\":\"2022-11-08T20:54:27+00:00\",\"dateModified\":\"2023-08-11T09:44:18+00:00\",\"description\":\"Entdecken Sie unseren Online-Fahrradladen: Gro\u00dfe Auswahl an Modellen f\u00fcr alle Radsportbegeisterten. Von Rennr\u00e4dern bis zu Mountainbikes - finden Sie heute Ihren perfekten Wegbegleiter!\",\"breadcrumb\":{\"@id\":\"https:\\\/\\\/cioelectro.com\\\/produkt\\\/rabeneick-tc-e-deore-10-fach-disc-diamant-schwarz\\\/#breadcrumb\"},\"inLanguage\":\"en-US\",\"potentialAction\":[{\"@type\":\"ReadAction\",\"target\":[\"https:\\\/\\\/cioelectro.com\\\/produkt\\\/rabeneick-tc-e-deore-10-fach-disc-diamant-schwarz\\\/\"]}]},{\"@type\":\"ImageObject\",\"inLanguage\":\"en-US\",\"@id\":\"https:\\\/\\\/cioelectro.com\\\/produkt\\\/rabeneick-tc-e-deore-10-fach-disc-diamant-schwarz\\\/#primaryimage\",\"url\":\"https:\\\/\\\/cioelectro.com\\\/wp-content\\\/uploads\\\/2023\\\/06\\\/rabeneick-tc-e-deore-10-speed-disc-diamond-black-matte-1-1.jpg\",\"contentUrl\":\"https:\\\/\\\/cioelectro.com\\\/wp-content\\\/uploads\\\/2023\\\/06\\\/rabeneick-tc-e-deore-10-speed-disc-diamond-black-matte-1-1.jpg\",\"width\":2400,\"height\":2400,\"caption\":\"Rabeneick TC-E Deore 10-fach Disc Diamant schwarz\"},{\"@type\":\"BreadcrumbList\",\"@id\":\"https:\\\/\\\/cioelectro.com\\\/produkt\\\/rabeneick-tc-e-deore-10-fach-disc-diamant-schwarz\\\/#breadcrumb\",\"itemListElement\":[{\"@type\":\"ListItem\",\"position\":1,\"name\":\"Startseite\",\"item\":\"https:\\\/\\\/cioelectro.com\\\/\"},{\"@type\":\"ListItem\",\"position\":2,\"name\":\"LADEN\",\"item\":\"https:\\\/\\\/cioelectro.com\\\/laden\\\/\"},{\"@type\":\"ListItem\",\"position\":3,\"name\":\"Rabeneick TC-E Deore 10-fach Disc Diamant schwarz\"}]},{\"@type\":\"WebSite\",\"@id\":\"https:\\\/\\\/cioelectro.com\\\/#website\",\"url\":\"https:\\\/\\\/cioelectro.com\\\/\",\"name\":\"cioelectro.com\",\"description\":\"Treten Sie mit uns ins Abenteuer!\",\"publisher\":{\"@id\":\"https:\\\/\\\/cioelectro.com\\\/#organization\"},\"alternateName\":\"MEIN RADLADEN\",\"potentialAction\":[{\"@type\":\"SearchAction\",\"target\":{\"@type\":\"EntryPoint\",\"urlTemplate\":\"https:\\\/\\\/cioelectro.com\\\/?s={search_term_string}\"},\"query-input\":{\"@type\":\"PropertyValueSpecification\",\"valueRequired\":true,\"valueName\":\"search_term_string\"}}],\"inLanguage\":\"en-US\"},{\"@type\":\"Organization\",\"@id\":\"https:\\\/\\\/cioelectro.com\\\/#organization\",\"name\":\"CIOELECTRO\",\"alternateName\":\"MEIN RADLADEN\",\"url\":\"https:\\\/\\\/cioelectro.com\\\/\",\"logo\":{\"@type\":\"ImageObject\",\"inLanguage\":\"en-US\",\"@id\":\"https:\\\/\\\/cioelectro.com\\\/#\\\/schema\\\/logo\\\/image\\\/\",\"url\":\"https:\\\/\\\/cioelectro.com\\\/wp-content\\\/uploads\\\/2025\\\/12\\\/Logo-2-1200x800.png\",\"contentUrl\":\"https:\\\/\\\/cioelectro.com\\\/wp-content\\\/uploads\\\/2025\\\/12\\\/Logo-2-1200x800.png\",\"width\":1200,\"height\":800,\"caption\":\"CIOELECTRO\"},\"image\":{\"@id\":\"https:\\\/\\\/cioelectro.com\\\/#\\\/schema\\\/logo\\\/image\\\/\"}}]}<\/script>\n<!-- \/ Yoast SEO Premium plugin. -->","yoast_head_json":{"title":"Rabeneick TC-E Deore 10-fach Disc Diamant schwarz","description":"Entdecken Sie unseren Online-Fahrradladen: Gro\u00dfe Auswahl an Modellen f\u00fcr alle Radsportbegeisterten. Von Rennr\u00e4dern bis zu Mountainbikes - finden Sie heute Ihren perfekten Wegbegleiter!","robots":{"index":"index","follow":"follow","max-snippet":"max-snippet:-1","max-image-preview":"max-image-preview:large","max-video-preview":"max-video-preview:-1"},"canonical":"https:\/\/cioelectro.com\/en\/produkt\/rabeneick-tc-e-deore-10-fach-disc-diamant-schwarz\/","og_locale":"en_US","og_type":"article","og_title":"Rabeneick TC-E Deore 10-fach Disc Diamant schwarz","og_description":"Entdecken Sie unseren Online-Fahrradladen: Gro\u00dfe Auswahl an Modellen f\u00fcr alle Radsportbegeisterten. Von Rennr\u00e4dern bis zu Mountainbikes - finden Sie heute Ihren perfekten Wegbegleiter!","og_url":"https:\/\/cioelectro.com\/en\/produkt\/rabeneick-tc-e-deore-10-fach-disc-diamant-schwarz\/","og_site_name":"cioelectro.com","article_modified_time":"2023-08-11T09:44:18+00:00","og_image":[{"width":2400,"height":2400,"url":"https:\/\/cioelectro.com\/wp-content\/uploads\/2023\/06\/rabeneick-tc-e-deore-10-speed-disc-diamond-black-matte-1-1.jpg","type":"image\/jpeg"}],"twitter_card":"summary_large_image","twitter_misc":{"Est. reading time":"3 minutes"},"schema":{"@context":"https:\/\/schema.org","@graph":[{"@type":"WebPage","@id":"https:\/\/cioelectro.com\/produkt\/rabeneick-tc-e-deore-10-fach-disc-diamant-schwarz\/","url":"https:\/\/cioelectro.com\/produkt\/rabeneick-tc-e-deore-10-fach-disc-diamant-schwarz\/","name":"Rabeneick TC-E Deore 10-fach Disc Diamant schwarz","isPartOf":{"@id":"https:\/\/cioelectro.com\/#website"},"primaryImageOfPage":{"@id":"https:\/\/cioelectro.com\/produkt\/rabeneick-tc-e-deore-10-fach-disc-diamant-schwarz\/#primaryimage"},"image":{"@id":"https:\/\/cioelectro.com\/produkt\/rabeneick-tc-e-deore-10-fach-disc-diamant-schwarz\/#primaryimage"},"thumbnailUrl":"https:\/\/cioelectro.com\/wp-content\/uploads\/2023\/06\/rabeneick-tc-e-deore-10-speed-disc-diamond-black-matte-1-1.jpg","datePublished":"2022-11-08T20:54:27+00:00","dateModified":"2023-08-11T09:44:18+00:00","description":"Entdecken Sie unseren Online-Fahrradladen: Gro\u00dfe Auswahl an Modellen f\u00fcr alle Radsportbegeisterten. Von Rennr\u00e4dern bis zu Mountainbikes - finden Sie heute Ihren perfekten Wegbegleiter!","breadcrumb":{"@id":"https:\/\/cioelectro.com\/produkt\/rabeneick-tc-e-deore-10-fach-disc-diamant-schwarz\/#breadcrumb"},"inLanguage":"en-US","potentialAction":[{"@type":"ReadAction","target":["https:\/\/cioelectro.com\/produkt\/rabeneick-tc-e-deore-10-fach-disc-diamant-schwarz\/"]}]},{"@type":"ImageObject","inLanguage":"en-US","@id":"https:\/\/cioelectro.com\/produkt\/rabeneick-tc-e-deore-10-fach-disc-diamant-schwarz\/#primaryimage","url":"https:\/\/cioelectro.com\/wp-content\/uploads\/2023\/06\/rabeneick-tc-e-deore-10-speed-disc-diamond-black-matte-1-1.jpg","contentUrl":"https:\/\/cioelectro.com\/wp-content\/uploads\/2023\/06\/rabeneick-tc-e-deore-10-speed-disc-diamond-black-matte-1-1.jpg","width":2400,"height":2400,"caption":"Rabeneick TC-E Deore 10-fach Disc Diamant schwarz"},{"@type":"BreadcrumbList","@id":"https:\/\/cioelectro.com\/produkt\/rabeneick-tc-e-deore-10-fach-disc-diamant-schwarz\/#breadcrumb","itemListElement":[{"@type":"ListItem","position":1,"name":"Startseite","item":"https:\/\/cioelectro.com\/"},{"@type":"ListItem","position":2,"name":"LADEN","item":"https:\/\/cioelectro.com\/laden\/"},{"@type":"ListItem","position":3,"name":"Rabeneick TC-E Deore 10-fach Disc Diamant schwarz"}]},{"@type":"WebSite","@id":"https:\/\/cioelectro.com\/#website","url":"https:\/\/cioelectro.com\/","name":"cioelectro.com","description":"Treten Sie mit uns ins Abenteuer!","publisher":{"@id":"https:\/\/cioelectro.com\/#organization"},"alternateName":"MEIN RADLADEN","potentialAction":[{"@type":"SearchAction","target":{"@type":"EntryPoint","urlTemplate":"https:\/\/cioelectro.com\/?s={search_term_string}"},"query-input":{"@type":"PropertyValueSpecification","valueRequired":true,"valueName":"search_term_string"}}],"inLanguage":"en-US"},{"@type":"Organization","@id":"https:\/\/cioelectro.com\/#organization","name":"CIOELECTRO","alternateName":"MEIN RADLADEN","url":"https:\/\/cioelectro.com\/","logo":{"@type":"ImageObject","inLanguage":"en-US","@id":"https:\/\/cioelectro.com\/#\/schema\/logo\/image\/","url":"https:\/\/cioelectro.com\/wp-content\/uploads\/2025\/12\/Logo-2-1200x800.png","contentUrl":"https:\/\/cioelectro.com\/wp-content\/uploads\/2025\/12\/Logo-2-1200x800.png","width":1200,"height":800,"caption":"CIOELECTRO"},"image":{"@id":"https:\/\/cioelectro.com\/#\/schema\/logo\/image\/"}}]}},"_links":{"self":[{"href":"https:\/\/cioelectro.com\/en\/wp-json\/wp\/v2\/product\/39209","targetHints":{"allow":["GET"]}}],"collection":[{"href":"https:\/\/cioelectro.com\/en\/wp-json\/wp\/v2\/product"}],"about":[{"href":"https:\/\/cioelectro.com\/en\/wp-json\/wp\/v2\/types\/product"}],"replies":[{"embeddable":true,"href":"https:\/\/cioelectro.com\/en\/wp-json\/wp\/v2\/comments?post=39209"}],"version-history":[{"count":0,"href":"https:\/\/cioelectro.com\/en\/wp-json\/wp\/v2\/product\/39209\/revisions"}],"wp:featuredmedia":[{"embeddable":true,"href":"https:\/\/cioelectro.com\/en\/wp-json\/wp\/v2\/media\/61484"}],"wp:attachment":[{"href":"https:\/\/cioelectro.com\/en\/wp-json\/wp\/v2\/media?parent=39209"}],"wp:term":[{"taxonomy":"product_brand","embeddable":true,"href":"https:\/\/cioelectro.com\/en\/wp-json\/wp\/v2\/product_brand?post=39209"},{"taxonomy":"product_cat","embeddable":true,"href":"https:\/\/cioelectro.com\/en\/wp-json\/wp\/v2\/product_cat?post=39209"},{"taxonomy":"product_tag","embeddable":true,"href":"https:\/\/cioelectro.com\/en\/wp-json\/wp\/v2\/product_tag?post=39209"}],"curies":[{"name":"wp","href":"https:\/\/api.w.org\/{rel}","templated":true}]}}