{"id":39373,"date":"2022-11-09T10:24:00","date_gmt":"2022-11-09T09:24:00","guid":{"rendered":"https:\/\/meinradladen.com\/?post_type=product&#038;p=39373"},"modified":"2023-08-11T12:45:03","modified_gmt":"2023-08-11T10:45:03","slug":"specialized-vado-sl-5-0-eq-brushed-aluminum-black-reflective","status":"publish","type":"product","link":"https:\/\/cioelectro.com\/en\/produkt\/specialized-vado-sl-5-0-eq-brushed-aluminum-black-reflective\/","title":{"rendered":"Specialized Vado SL 5.0 EQ Brushed Aluminum \/ Black Reflective"},"content":{"rendered":"<h2>Specialized Vado SL 5.0 EQ Brushed Aluminum \/ Black Reflective<\/h2>\n<p>Specialized Vado SL 5.0, Integriertes Turbo Connect-Display zur schnellen und sicheren Anzeige wichtiger Fahrdaten<br \/>\nVollst\u00e4ndig integrierte und sichere Batterie von Specialized mit 320 Wh und optionaler Range Extender-Kompatibilit\u00e4t f\u00fcr eine Reichweite von bis zu 190 Kilometern<br \/>\nSpecialized SL 1.1 Motor, Spitzenleistung 240 W bei 35 Nm, 2x-Du (180% Unterst\u00fctzung), unterst\u00fctzt bis zu 25 km\/h<br \/>\nLeichte und steife Premium-Carbon-Gabel mit Boost\u2122 und 12&#215;110 mm Steckachse<br \/>\nDas Future Shock 1.5-System reduziert St\u00f6\u00dfe von unebenen Stra\u00dfen und Schlagl\u00f6chern<br \/>\nHochwertige hydraulische Scheibenbremsen f\u00fcr maximale Bremskraft<br \/>\nHelle, integrierte Front- und R\u00fcckbeleuchtung<br \/>\nLeichte und steife Premium-Carbon-Gabel mit Boost\u2122 und 12&#215;110 mm Steckachse<br \/>\nDas Future Shock 1.5-System reduziert St\u00f6\u00dfe von unebenen Stra\u00dfen und Schlagl\u00f6chern<br \/>\nHochwertige hydraulische Scheibenbremsen f\u00fcr maximale Bremskraft.<\/p>\n<h2>Ausstattung<\/h2>\n<p>&nbsp;<\/p>\n<table class=\"attributes\">\n<tbody>\n<tr>\n<th id=\"attrTitle_1\"><strong>Farbe<\/strong><\/th>\n<td id=\"attrValue_1\">Silber<\/td>\n<\/tr>\n<tr>\n<th id=\"attrTitle_2\"><strong>Motorposition<\/strong><\/th>\n<td id=\"attrValue_2\">Mittelmotor<\/td>\n<\/tr>\n<tr>\n<th id=\"attrTitle_3\"><strong>Pedalen enthalten<\/strong><\/th>\n<td id=\"attrValue_3\">ja<\/td>\n<\/tr>\n<tr>\n<th id=\"attrTitle_4\"><strong>Schaltung<\/strong><\/th>\n<td id=\"attrValue_4\">Shimano XT, Shadow Plus, SGS Cage, 12-speed<\/td>\n<\/tr>\n<tr>\n<th id=\"attrTitle_5\"><strong>Reifen<\/strong><\/th>\n<td id=\"attrValue_5\">Nimbus II Sport Reflect, 700x38mm<\/td>\n<\/tr>\n<tr>\n<th id=\"attrTitle_6\"><strong>Beleuchtung<\/strong><\/th>\n<td id=\"attrValue_6\">Lezyne Ebike Power STVZO E115, 310Lumens, 12V<\/td>\n<\/tr>\n<tr>\n<th id=\"attrTitle_7\"><strong>Kette<\/strong><\/th>\n<td id=\"attrValue_7\">Shimano SLX, 12-speed, w\/Quick Link<\/td>\n<\/tr>\n<tr>\n<th id=\"attrTitle_8\"><strong>Griffe<\/strong><\/th>\n<td id=\"attrValue_8\">Stout Mini Rise, alloy, 9-degree backsweep, 15mm rise, 31.8mm<\/td>\n<\/tr>\n<tr>\n<th id=\"attrTitle_9\"><strong>Bremse<\/strong><\/th>\n<td id=\"attrValue_9\">Tektro HD-R510, hydraulic disc, 160mm<\/td>\n<\/tr>\n<tr>\n<th id=\"attrTitle_10\"><strong>Vorbau<\/strong><\/th>\n<td id=\"attrValue_10\">Specialized Stealth Stem, alloy, 14 deg, 31.8mm, integrated TCD mount<\/td>\n<\/tr>\n<tr>\n<th id=\"attrTitle_11\"><strong>Felgen<\/strong><\/th>\n<td id=\"attrValue_11\">DT Swiss R500 disc, 22mm internal width, 23mm internal depth<\/td>\n<\/tr>\n<tr>\n<th id=\"attrTitle_12\"><strong>Schutzbleche<\/strong><\/th>\n<td id=\"attrValue_12\">Specialized DryTech, Aluminum<\/td>\n<\/tr>\n<tr>\n<th id=\"attrTitle_13\"><strong>Zahnkr\u00e4nze<\/strong><\/th>\n<td id=\"attrValue_13\">Shimano SLX, Hyperglide+, 12-speed, 10-45t<\/td>\n<\/tr>\n<tr>\n<th id=\"attrTitle_14\"><strong>Sattel<\/strong><\/th>\n<td id=\"attrValue_14\">Bridge Sport, hollow cr-mo rails, 155mm<\/td>\n<\/tr>\n<tr>\n<th id=\"attrTitle_15\"><strong>St\u00e4nder<\/strong><\/th>\n<td id=\"attrValue_15\">Specialized kickstand, 40mm mount<\/td>\n<\/tr>\n<tr>\n<th id=\"attrTitle_16\"><strong>Schalthebel<\/strong><\/th>\n<td id=\"attrValue_16\">Shimano SLX, Rapidfire Plus, 12-speed, w\/o OGD<\/td>\n<\/tr>\n<tr>\n<th id=\"attrTitle_17\"><strong>Gabel<\/strong><\/th>\n<td id=\"attrValue_17\">Future Shock 1.5, Boost\u2122 12x110mm thru-axle, flat mount disc, carbon fork<\/td>\n<\/tr>\n<tr>\n<th id=\"attrTitle_18\"><strong>Gep\u00e4cktr\u00e4ger<\/strong><\/th>\n<td id=\"attrValue_18\">Turbo SL Rack, Closed Platform, direct fender mount, Racktime-compatible, 15kg<\/td>\n<\/tr>\n<tr>\n<th id=\"attrTitle_19\"><strong>Display<\/strong><\/th>\n<td id=\"attrValue_19\">Specialized TCU, 10-LED State of charge, 3-LED Ride Mode display, ANT+\/Bluetooth\u00ae, w\/TCD<\/td>\n<\/tr>\n<tr>\n<th id=\"attrTitle_20\"><strong>Pedale<\/strong><\/th>\n<td id=\"attrValue_20\">Specialized Commuter w\/ grip tape &amp; reflectors<\/td>\n<\/tr>\n<tr>\n<th id=\"attrTitle_21\"><strong>Sattelst\u00fctze<\/strong><\/th>\n<td id=\"attrValue_21\">Specialized, alloy, 2-bolt, 12.5mm offset, 27.2mm<\/td>\n<\/tr>\n<tr>\n<th id=\"attrTitle_22\"><strong>Kurbelsatz<\/strong><\/th>\n<td id=\"attrValue_22\">Praxis, Forged alloy M30, custom offset<\/td>\n<\/tr>\n<tr>\n<th id=\"attrTitle_23\"><strong>R\u00fcckleuchte<\/strong><\/th>\n<td id=\"attrValue_23\">Lezyne Ebike Rear Fender STVZO, 11Lumens, 12V<\/td>\n<\/tr>\n<tr>\n<th id=\"attrTitle_24\"><strong>Akkuleistung (Wh)<\/strong><\/th>\n<td id=\"attrValue_24\">320<\/td>\n<\/tr>\n<tr>\n<th id=\"attrTitle_25\"><strong>Kategorie<\/strong><\/th>\n<td id=\"attrValue_25\">E-Bikes \/ Pedelecs \/ Trekking\/Touren<\/td>\n<\/tr>\n<tr>\n<th id=\"attrTitle_26\"><strong>Laufradgr\u00f6\u00dfe<\/strong><\/th>\n<td id=\"attrValue_26\">28,0<\/td>\n<\/tr>\n<\/tbody>\n<\/table>","protected":false},"excerpt":{"rendered":"<p>Specialized Vado SL 5.0 EQ Brushed Aluminum \/ Black Reflective Specialized Vado SL 5.0, Integriertes Turbo Connect-Display zur schnellen und<\/p>","protected":false},"featured_media":61561,"comment_status":"open","ping_status":"closed","template":"","meta":{"_rtcl_gb_attr":""},"product_brand":[],"product_cat":[33,247,281],"product_tag":[],"class_list":{"0":"post-39373","1":"product","2":"type-product","3":"status-publish","4":"has-post-thumbnail","6":"product_cat-e-bike","7":"product_cat-e-bike-trekking","8":"product_cat-e-fahrrad","9":"pa_marke-rabeneick","11":"first","12":"instock","13":"sale","14":"taxable","15":"shipping-taxable","16":"purchasable","17":"product-type-variable"},"yoast_head":"<!-- This site is optimized with the Yoast SEO Premium plugin v20.12 (Yoast SEO v27.4) - https:\/\/yoast.com\/product\/yoast-seo-premium-wordpress\/ -->\n<title>Specialized Vado SL 5.0 EQ Brushed Aluminum \/ Black Reflective<\/title>\n<meta name=\"description\" content=\"Entdecken Sie unseren Online-Fahrradladen: Gro\u00dfe Auswahl an Modellen f\u00fcr alle Radsportbegeisterten. Von Rennr\u00e4dern bis zu Mountainbikes - finden Sie heute Ihren perfekten Wegbegleiter!\" \/>\n<meta name=\"robots\" content=\"index, follow, max-snippet:-1, max-image-preview:large, max-video-preview:-1\" \/>\n<link rel=\"canonical\" href=\"https:\/\/cioelectro.com\/en\/produkt\/specialized-vado-sl-5-0-eq-brushed-aluminum-black-reflective\/\" \/>\n<meta property=\"og:locale\" content=\"en_US\" \/>\n<meta property=\"og:type\" content=\"article\" \/>\n<meta property=\"og:title\" content=\"Specialized Vado SL 5.0 EQ Brushed Aluminum \/ Black Reflective\" \/>\n<meta property=\"og:description\" content=\"Entdecken Sie unseren Online-Fahrradladen: Gro\u00dfe Auswahl an Modellen f\u00fcr alle Radsportbegeisterten. Von Rennr\u00e4dern bis zu Mountainbikes - finden Sie heute Ihren perfekten Wegbegleiter!\" \/>\n<meta property=\"og:url\" content=\"https:\/\/cioelectro.com\/en\/produkt\/specialized-vado-sl-5-0-eq-brushed-aluminum-black-reflective\/\" \/>\n<meta property=\"og:site_name\" content=\"cioelectro.com\" \/>\n<meta property=\"article:modified_time\" content=\"2023-08-11T10:45:03+00:00\" \/>\n<meta property=\"og:image\" content=\"https:\/\/cioelectro.com\/wp-content\/uploads\/2023\/06\/Vado-SL-50-EQ-Brushed-Aluminum-Black-Reflective_45065-1.jpg\" \/>\n\t<meta property=\"og:image:width\" content=\"1824\" \/>\n\t<meta property=\"og:image:height\" content=\"1216\" \/>\n\t<meta property=\"og:image:type\" content=\"image\/jpeg\" \/>\n<meta name=\"twitter:card\" content=\"summary_large_image\" \/>\n<meta name=\"twitter:label1\" content=\"Est. reading time\" \/>\n\t<meta name=\"twitter:data1\" content=\"2 minutes\" \/>\n<script type=\"application\/ld+json\" class=\"yoast-schema-graph\">{\"@context\":\"https:\\\/\\\/schema.org\",\"@graph\":[{\"@type\":\"WebPage\",\"@id\":\"https:\\\/\\\/cioelectro.com\\\/produkt\\\/specialized-vado-sl-5-0-eq-brushed-aluminum-black-reflective\\\/\",\"url\":\"https:\\\/\\\/cioelectro.com\\\/produkt\\\/specialized-vado-sl-5-0-eq-brushed-aluminum-black-reflective\\\/\",\"name\":\"Specialized Vado SL 5.0 EQ Brushed Aluminum \\\/ Black Reflective\",\"isPartOf\":{\"@id\":\"https:\\\/\\\/cioelectro.com\\\/#website\"},\"primaryImageOfPage\":{\"@id\":\"https:\\\/\\\/cioelectro.com\\\/produkt\\\/specialized-vado-sl-5-0-eq-brushed-aluminum-black-reflective\\\/#primaryimage\"},\"image\":{\"@id\":\"https:\\\/\\\/cioelectro.com\\\/produkt\\\/specialized-vado-sl-5-0-eq-brushed-aluminum-black-reflective\\\/#primaryimage\"},\"thumbnailUrl\":\"https:\\\/\\\/cioelectro.com\\\/wp-content\\\/uploads\\\/2023\\\/06\\\/Vado-SL-50-EQ-Brushed-Aluminum-Black-Reflective_45065-1.jpg\",\"datePublished\":\"2022-11-09T09:24:00+00:00\",\"dateModified\":\"2023-08-11T10:45:03+00:00\",\"description\":\"Entdecken Sie unseren Online-Fahrradladen: Gro\u00dfe Auswahl an Modellen f\u00fcr alle Radsportbegeisterten. Von Rennr\u00e4dern bis zu Mountainbikes - finden Sie heute Ihren perfekten Wegbegleiter!\",\"breadcrumb\":{\"@id\":\"https:\\\/\\\/cioelectro.com\\\/produkt\\\/specialized-vado-sl-5-0-eq-brushed-aluminum-black-reflective\\\/#breadcrumb\"},\"inLanguage\":\"en-US\",\"potentialAction\":[{\"@type\":\"ReadAction\",\"target\":[\"https:\\\/\\\/cioelectro.com\\\/produkt\\\/specialized-vado-sl-5-0-eq-brushed-aluminum-black-reflective\\\/\"]}]},{\"@type\":\"ImageObject\",\"inLanguage\":\"en-US\",\"@id\":\"https:\\\/\\\/cioelectro.com\\\/produkt\\\/specialized-vado-sl-5-0-eq-brushed-aluminum-black-reflective\\\/#primaryimage\",\"url\":\"https:\\\/\\\/cioelectro.com\\\/wp-content\\\/uploads\\\/2023\\\/06\\\/Vado-SL-50-EQ-Brushed-Aluminum-Black-Reflective_45065-1.jpg\",\"contentUrl\":\"https:\\\/\\\/cioelectro.com\\\/wp-content\\\/uploads\\\/2023\\\/06\\\/Vado-SL-50-EQ-Brushed-Aluminum-Black-Reflective_45065-1.jpg\",\"width\":1824,\"height\":1216,\"caption\":\"Specialized Vado SL 5.0 EQ Brushed Aluminum \\\/ Black Reflective\"},{\"@type\":\"BreadcrumbList\",\"@id\":\"https:\\\/\\\/cioelectro.com\\\/produkt\\\/specialized-vado-sl-5-0-eq-brushed-aluminum-black-reflective\\\/#breadcrumb\",\"itemListElement\":[{\"@type\":\"ListItem\",\"position\":1,\"name\":\"Startseite\",\"item\":\"https:\\\/\\\/cioelectro.com\\\/\"},{\"@type\":\"ListItem\",\"position\":2,\"name\":\"LADEN\",\"item\":\"https:\\\/\\\/cioelectro.com\\\/laden\\\/\"},{\"@type\":\"ListItem\",\"position\":3,\"name\":\"Specialized Vado SL 5.0 EQ Brushed Aluminum \\\/ Black Reflective\"}]},{\"@type\":\"WebSite\",\"@id\":\"https:\\\/\\\/cioelectro.com\\\/#website\",\"url\":\"https:\\\/\\\/cioelectro.com\\\/\",\"name\":\"cioelectro.com\",\"description\":\"Treten Sie mit uns ins Abenteuer!\",\"publisher\":{\"@id\":\"https:\\\/\\\/cioelectro.com\\\/#organization\"},\"alternateName\":\"MEIN RADLADEN\",\"potentialAction\":[{\"@type\":\"SearchAction\",\"target\":{\"@type\":\"EntryPoint\",\"urlTemplate\":\"https:\\\/\\\/cioelectro.com\\\/?s={search_term_string}\"},\"query-input\":{\"@type\":\"PropertyValueSpecification\",\"valueRequired\":true,\"valueName\":\"search_term_string\"}}],\"inLanguage\":\"en-US\"},{\"@type\":\"Organization\",\"@id\":\"https:\\\/\\\/cioelectro.com\\\/#organization\",\"name\":\"CIOELECTRO\",\"alternateName\":\"MEIN RADLADEN\",\"url\":\"https:\\\/\\\/cioelectro.com\\\/\",\"logo\":{\"@type\":\"ImageObject\",\"inLanguage\":\"en-US\",\"@id\":\"https:\\\/\\\/cioelectro.com\\\/#\\\/schema\\\/logo\\\/image\\\/\",\"url\":\"https:\\\/\\\/cioelectro.com\\\/wp-content\\\/uploads\\\/2025\\\/12\\\/Logo-2-1200x800.png\",\"contentUrl\":\"https:\\\/\\\/cioelectro.com\\\/wp-content\\\/uploads\\\/2025\\\/12\\\/Logo-2-1200x800.png\",\"width\":1200,\"height\":800,\"caption\":\"CIOELECTRO\"},\"image\":{\"@id\":\"https:\\\/\\\/cioelectro.com\\\/#\\\/schema\\\/logo\\\/image\\\/\"}}]}<\/script>\n<!-- \/ Yoast SEO Premium plugin. -->","yoast_head_json":{"title":"Specialized Vado SL 5.0 EQ Brushed Aluminum \/ Black Reflective","description":"Entdecken Sie unseren Online-Fahrradladen: Gro\u00dfe Auswahl an Modellen f\u00fcr alle Radsportbegeisterten. Von Rennr\u00e4dern bis zu Mountainbikes - finden Sie heute Ihren perfekten Wegbegleiter!","robots":{"index":"index","follow":"follow","max-snippet":"max-snippet:-1","max-image-preview":"max-image-preview:large","max-video-preview":"max-video-preview:-1"},"canonical":"https:\/\/cioelectro.com\/en\/produkt\/specialized-vado-sl-5-0-eq-brushed-aluminum-black-reflective\/","og_locale":"en_US","og_type":"article","og_title":"Specialized Vado SL 5.0 EQ Brushed Aluminum \/ Black Reflective","og_description":"Entdecken Sie unseren Online-Fahrradladen: Gro\u00dfe Auswahl an Modellen f\u00fcr alle Radsportbegeisterten. Von Rennr\u00e4dern bis zu Mountainbikes - finden Sie heute Ihren perfekten Wegbegleiter!","og_url":"https:\/\/cioelectro.com\/en\/produkt\/specialized-vado-sl-5-0-eq-brushed-aluminum-black-reflective\/","og_site_name":"cioelectro.com","article_modified_time":"2023-08-11T10:45:03+00:00","og_image":[{"width":1824,"height":1216,"url":"https:\/\/cioelectro.com\/wp-content\/uploads\/2023\/06\/Vado-SL-50-EQ-Brushed-Aluminum-Black-Reflective_45065-1.jpg","type":"image\/jpeg"}],"twitter_card":"summary_large_image","twitter_misc":{"Est. reading time":"2 minutes"},"schema":{"@context":"https:\/\/schema.org","@graph":[{"@type":"WebPage","@id":"https:\/\/cioelectro.com\/produkt\/specialized-vado-sl-5-0-eq-brushed-aluminum-black-reflective\/","url":"https:\/\/cioelectro.com\/produkt\/specialized-vado-sl-5-0-eq-brushed-aluminum-black-reflective\/","name":"Specialized Vado SL 5.0 EQ Brushed Aluminum \/ Black Reflective","isPartOf":{"@id":"https:\/\/cioelectro.com\/#website"},"primaryImageOfPage":{"@id":"https:\/\/cioelectro.com\/produkt\/specialized-vado-sl-5-0-eq-brushed-aluminum-black-reflective\/#primaryimage"},"image":{"@id":"https:\/\/cioelectro.com\/produkt\/specialized-vado-sl-5-0-eq-brushed-aluminum-black-reflective\/#primaryimage"},"thumbnailUrl":"https:\/\/cioelectro.com\/wp-content\/uploads\/2023\/06\/Vado-SL-50-EQ-Brushed-Aluminum-Black-Reflective_45065-1.jpg","datePublished":"2022-11-09T09:24:00+00:00","dateModified":"2023-08-11T10:45:03+00:00","description":"Entdecken Sie unseren Online-Fahrradladen: Gro\u00dfe Auswahl an Modellen f\u00fcr alle Radsportbegeisterten. Von Rennr\u00e4dern bis zu Mountainbikes - finden Sie heute Ihren perfekten Wegbegleiter!","breadcrumb":{"@id":"https:\/\/cioelectro.com\/produkt\/specialized-vado-sl-5-0-eq-brushed-aluminum-black-reflective\/#breadcrumb"},"inLanguage":"en-US","potentialAction":[{"@type":"ReadAction","target":["https:\/\/cioelectro.com\/produkt\/specialized-vado-sl-5-0-eq-brushed-aluminum-black-reflective\/"]}]},{"@type":"ImageObject","inLanguage":"en-US","@id":"https:\/\/cioelectro.com\/produkt\/specialized-vado-sl-5-0-eq-brushed-aluminum-black-reflective\/#primaryimage","url":"https:\/\/cioelectro.com\/wp-content\/uploads\/2023\/06\/Vado-SL-50-EQ-Brushed-Aluminum-Black-Reflective_45065-1.jpg","contentUrl":"https:\/\/cioelectro.com\/wp-content\/uploads\/2023\/06\/Vado-SL-50-EQ-Brushed-Aluminum-Black-Reflective_45065-1.jpg","width":1824,"height":1216,"caption":"Specialized Vado SL 5.0 EQ Brushed Aluminum \/ Black Reflective"},{"@type":"BreadcrumbList","@id":"https:\/\/cioelectro.com\/produkt\/specialized-vado-sl-5-0-eq-brushed-aluminum-black-reflective\/#breadcrumb","itemListElement":[{"@type":"ListItem","position":1,"name":"Startseite","item":"https:\/\/cioelectro.com\/"},{"@type":"ListItem","position":2,"name":"LADEN","item":"https:\/\/cioelectro.com\/laden\/"},{"@type":"ListItem","position":3,"name":"Specialized Vado SL 5.0 EQ Brushed Aluminum \/ Black Reflective"}]},{"@type":"WebSite","@id":"https:\/\/cioelectro.com\/#website","url":"https:\/\/cioelectro.com\/","name":"cioelectro.com","description":"Treten Sie mit uns ins Abenteuer!","publisher":{"@id":"https:\/\/cioelectro.com\/#organization"},"alternateName":"MEIN RADLADEN","potentialAction":[{"@type":"SearchAction","target":{"@type":"EntryPoint","urlTemplate":"https:\/\/cioelectro.com\/?s={search_term_string}"},"query-input":{"@type":"PropertyValueSpecification","valueRequired":true,"valueName":"search_term_string"}}],"inLanguage":"en-US"},{"@type":"Organization","@id":"https:\/\/cioelectro.com\/#organization","name":"CIOELECTRO","alternateName":"MEIN RADLADEN","url":"https:\/\/cioelectro.com\/","logo":{"@type":"ImageObject","inLanguage":"en-US","@id":"https:\/\/cioelectro.com\/#\/schema\/logo\/image\/","url":"https:\/\/cioelectro.com\/wp-content\/uploads\/2025\/12\/Logo-2-1200x800.png","contentUrl":"https:\/\/cioelectro.com\/wp-content\/uploads\/2025\/12\/Logo-2-1200x800.png","width":1200,"height":800,"caption":"CIOELECTRO"},"image":{"@id":"https:\/\/cioelectro.com\/#\/schema\/logo\/image\/"}}]}},"_links":{"self":[{"href":"https:\/\/cioelectro.com\/en\/wp-json\/wp\/v2\/product\/39373","targetHints":{"allow":["GET"]}}],"collection":[{"href":"https:\/\/cioelectro.com\/en\/wp-json\/wp\/v2\/product"}],"about":[{"href":"https:\/\/cioelectro.com\/en\/wp-json\/wp\/v2\/types\/product"}],"replies":[{"embeddable":true,"href":"https:\/\/cioelectro.com\/en\/wp-json\/wp\/v2\/comments?post=39373"}],"version-history":[{"count":0,"href":"https:\/\/cioelectro.com\/en\/wp-json\/wp\/v2\/product\/39373\/revisions"}],"wp:featuredmedia":[{"embeddable":true,"href":"https:\/\/cioelectro.com\/en\/wp-json\/wp\/v2\/media\/61561"}],"wp:attachment":[{"href":"https:\/\/cioelectro.com\/en\/wp-json\/wp\/v2\/media?parent=39373"}],"wp:term":[{"taxonomy":"product_brand","embeddable":true,"href":"https:\/\/cioelectro.com\/en\/wp-json\/wp\/v2\/product_brand?post=39373"},{"taxonomy":"product_cat","embeddable":true,"href":"https:\/\/cioelectro.com\/en\/wp-json\/wp\/v2\/product_cat?post=39373"},{"taxonomy":"product_tag","embeddable":true,"href":"https:\/\/cioelectro.com\/en\/wp-json\/wp\/v2\/product_tag?post=39373"}],"curies":[{"name":"wp","href":"https:\/\/api.w.org\/{rel}","templated":true}]}}