{"id":39409,"date":"2022-11-09T10:56:31","date_gmt":"2022-11-09T09:56:31","guid":{"rendered":"https:\/\/meinradladen.com\/?post_type=product&#038;p=39409"},"modified":"2023-08-11T12:37:03","modified_gmt":"2023-08-11T10:37:03","slug":"riese-und-muller-charger-vario","status":"publish","type":"product","link":"https:\/\/cioelectro.com\/en\/produkt\/riese-und-muller-charger-vario\/","title":{"rendered":"Riese und M\u00fcller Charger Vario"},"content":{"rendered":"<h2 class=\"pageTitle\">Riese und M\u00fcller Charger Vario<\/h2>\n<div class=\"tobasket\">\n<div class=\"tobasketFunction clear\">\n<div class=\"price-outer\">\n<p class=\"price-current\">Um alle Ihre Fahrten in der Stadt und auf dem Land sicherzustellen, l\u00e4dt Riese &amp; M\u00fcller Sie ein, das Modell Charger GH vario auszuprobieren. Dieses neueste Mitglied der Marke verf\u00fcgt \u00fcber einen leistungsstarken Bosch Drive Unit Performance CX-Motor, der Sie kraftvoll auf eine Geschwindigkeit von 25 km\/h antreiben kann. Die Maschine wird von einem Powertube 500-Akku mit einer mehr als bemerkenswerten Autonomie angetrieben. Dieses Modell bietet durch seine breiten Schwalbe Super Moto-X-Reifen einen vorbildlichen Fahrkomfort. Aber auch Sicherheit und Komfort sind mit Unterst\u00fctzung des hydraulischen Magura MT4-Scheibenbremssystems, der Suntor Aion 34-Federung der Spitzenklasse, der Cane Creek-Parallelogramm-Sattelst\u00fctze &#8230; mit 160 kg vorhanden, Ihre Ausfl\u00fcge in die Stadt sind Ihre Gro\u00dfe Wanderungen werden zum Anlass f\u00fcr Abenteuer und Vergn\u00fcgen.<\/p>\n<h2>Zus\u00e4tzliche Information<\/h2>\n<table class=\"shop_attributes\">\n<tbody>\n<tr>\n<th class=\"attr_header\" colspan=\"2\">IM \u00dcBERBLICK<\/th>\n<\/tr>\n<tr>\n<th>e-Bike Typ<\/th>\n<td>Trekking e-Bike<\/td>\n<\/tr>\n<tr>\n<th>Modelljahr<\/th>\n<td>2021<\/td>\n<\/tr>\n<tr>\n<th>Motorunterst\u00fctzung<\/th>\n<td>25<\/td>\n<\/tr>\n<tr>\n<th>Schaltung Hersteller<\/th>\n<td>enviolo<\/td>\n<\/tr>\n<tr>\n<th>Schaltungstyp<\/th>\n<td>Nabenschaltung<\/td>\n<\/tr>\n<tr>\n<th>Federung<\/th>\n<td>Federgabel<\/td>\n<\/tr>\n<tr>\n<th>Bremsentyp<\/th>\n<td>Hydraulische Scheibenbremse<\/td>\n<\/tr>\n<tr>\n<th>Farbe<\/th>\n<td>weiss, schwarz, rot<\/td>\n<\/tr>\n<tr>\n<th>Rahmengr\u00f6\u00dfe<\/th>\n<td>44, 48, 54, 57<\/td>\n<\/tr>\n<tr>\n<th>Reifengr\u00f6\u00dfe<\/th>\n<td>28&#8221;<\/td>\n<\/tr>\n<tr>\n<th>Rahmenform<\/th>\n<td>Diamant<\/td>\n<\/tr>\n<tr>\n<th class=\"attr_header\" colspan=\"2\">ANTRIEBSEINHEIT<\/th>\n<\/tr>\n<tr>\n<th>Motor<\/th>\n<td>Bosch Performance CX 36V 250W<\/td>\n<\/tr>\n<tr>\n<th>Akku<\/th>\n<td>500, 1000 Wh<\/td>\n<\/tr>\n<tr>\n<th>Display<\/th>\n<td>Bosch Intuvia<\/td>\n<\/tr>\n<tr>\n<th class=\"attr_header\" colspan=\"2\">SCHALTUNG &amp; ANTRIEB<\/th>\n<\/tr>\n<tr>\n<th>Schaltung<\/th>\n<td>enviolo 380 R&amp;M Custom, stufenlose Nabenschaltung<\/td>\n<\/tr>\n<tr>\n<th>Schalthebel<\/th>\n<td>enviolo Drehgriffschalter, stufenlos<\/td>\n<\/tr>\n<tr>\n<th>Kurbelsatz<\/th>\n<td>FSA\/Riese &amp; M\u00fcller, 170 mm<\/td>\n<\/tr>\n<tr>\n<th>Kette<\/th>\n<td>Gates drive belt CDX<\/td>\n<\/tr>\n<tr>\n<th class=\"attr_header\" colspan=\"2\">RAHMEN &amp; GABEL<\/th>\n<\/tr>\n<tr>\n<th>Gabel<\/th>\n<td>Suntour XCR32, konisch, schwarz<\/td>\n<\/tr>\n<tr>\n<th>Steuersatz<\/th>\n<td>Acros AZX-220, konisch, block lock<\/td>\n<\/tr>\n<tr>\n<th class=\"attr_header\" colspan=\"2\">BREMSE<\/th>\n<\/tr>\n<tr>\n<th>Bremsanlage<\/th>\n<td>Shimano Deore<\/td>\n<\/tr>\n<tr>\n<th class=\"attr_header\" colspan=\"2\">LAUFR\u00c4DER<\/th>\n<\/tr>\n<tr>\n<th>Felgen<\/th>\n<td>Mach1 650, 28&#8221;<\/td>\n<\/tr>\n<tr>\n<th>Naben (V\/H)<\/th>\n<td>enviolo 380 R&amp;M Custom \/ 36H (hinten)<\/td>\n<\/tr>\n<tr>\n<th>Reifen<\/th>\n<td>Schwalbe Big Ben Plus, 50-622, Reflex<\/td>\n<\/tr>\n<tr>\n<th class=\"attr_header\" colspan=\"2\">COCKPIT<\/th>\n<\/tr>\n<tr>\n<th>Lenker<\/th>\n<td>Humpert ergotec ErgoXXL, 31,8 mm<\/td>\n<\/tr>\n<tr>\n<th>Vorbau<\/th>\n<td>Humpert ergotec Barracuda, 90 mm, 20\u00b0<\/td>\n<\/tr>\n<tr>\n<th>Lenkergriffe<\/th>\n<td>Ergon ergonomic<\/td>\n<\/tr>\n<tr>\n<th>Sattelst\u00fctze<\/th>\n<td>Cane Creek Thudbuster ST<\/td>\n<\/tr>\n<tr>\n<th>Pedale<\/th>\n<td>VP-183<\/td>\n<\/tr>\n<tr>\n<th>Sattel<\/th>\n<td>Selle Royal New Lookin Moderate Male<\/td>\n<\/tr>\n<tr>\n<th class=\"attr_header\" colspan=\"2\">AUSSTATTUNG<\/th>\n<\/tr>\n<tr>\n<th>Frontlicht<\/th>\n<td>Supernova E3 E-Bike<\/td>\n<\/tr>\n<tr>\n<th>R\u00fccklicht<\/th>\n<td>Busch &amp; M\u00fcller Toplight 2C, LED<\/td>\n<\/tr>\n<tr>\n<th>Gep\u00e4cktr\u00e4ger<\/th>\n<td>Charger carrier<\/td>\n<\/tr>\n<tr>\n<th>Schutzbleche<\/th>\n<td>Curana CLite 55<\/td>\n<\/tr>\n<tr>\n<th>Kettenschutz<\/th>\n<td>SKS<\/td>\n<\/tr>\n<tr>\n<th>St\u00e4nder<\/th>\n<td>Pletscher Comp 18 Flex<\/td>\n<\/tr>\n<tr>\n<th>Schloss<\/th>\n<td>ABUS Bordo Plus<\/td>\n<\/tr>\n<tr>\n<th class=\"attr_header\" colspan=\"2\">SONSTIGES<\/th>\n<\/tr>\n<tr>\n<th>Gewicht<\/th>\n<td>26,3 kg<\/td>\n<\/tr>\n<tr>\n<th>Zul\u00e4ssiges Gesamtgewicht<\/th>\n<td>140 kg<\/td>\n<\/tr>\n<\/tbody>\n<\/table>\n<\/div>\n<\/div>\n<\/div>","protected":false},"excerpt":{"rendered":"<p>Riese und M\u00fcller Charger Vario Um alle Ihre Fahrten in der Stadt und auf dem Land sicherzustellen, l\u00e4dt Riese &amp;<\/p>","protected":false},"featured_media":61573,"comment_status":"open","ping_status":"closed","template":"","meta":{"_rtcl_gb_attr":""},"product_brand":[],"product_cat":[33,247,281],"product_tag":[],"class_list":{"0":"post-39409","1":"product","2":"type-product","3":"status-publish","4":"has-post-thumbnail","6":"product_cat-e-bike","7":"product_cat-e-bike-trekking","8":"product_cat-e-fahrrad","9":"pa_marke-rabeneick","11":"first","12":"instock","13":"sale","14":"taxable","15":"shipping-taxable","16":"purchasable","17":"product-type-variable"},"yoast_head":"<!-- This site is optimized with the Yoast SEO Premium plugin v20.12 (Yoast SEO v27.4) - https:\/\/yoast.com\/product\/yoast-seo-premium-wordpress\/ -->\n<title>Riese und M\u00fcller Charger Vario<\/title>\n<meta name=\"description\" content=\"cioelectro.com bietet Ihnen das Riese und M\u00fcller Charger Vario zum besten Preis mit kostenlosem Versand in ganz EuropaRiese &amp; M\u00fclleRiese &amp; M\u00fclle\" \/>\n<meta name=\"robots\" content=\"index, follow, max-snippet:-1, max-image-preview:large, max-video-preview:-1\" \/>\n<link rel=\"canonical\" href=\"https:\/\/cioelectro.com\/en\/produkt\/riese-und-muller-charger-vario\/\" \/>\n<meta property=\"og:locale\" content=\"en_US\" \/>\n<meta property=\"og:type\" content=\"article\" \/>\n<meta property=\"og:title\" content=\"Riese und M\u00fcller Charger Vario\" \/>\n<meta property=\"og:description\" content=\"Entdecken Sie unseren Online-Fahrradladen: Gro\u00dfe Auswahl an Modellen f\u00fcr alle Radsportbegeisterten. Von Rennr\u00e4dern bis zu Mountainbikes - finden Sie heute Ihren perfekten Wegbegleiter!\" \/>\n<meta property=\"og:url\" content=\"https:\/\/cioelectro.com\/en\/produkt\/riese-und-muller-charger-vario\/\" \/>\n<meta property=\"og:site_name\" content=\"cioelectro.com\" \/>\n<meta property=\"article:modified_time\" content=\"2023-08-11T10:37:03+00:00\" \/>\n<meta property=\"og:image\" content=\"https:\/\/cioelectro.com\/wp-content\/uploads\/2023\/06\/Riese-und-Mller-Charger-Vario_45203-1.jpg\" \/>\n\t<meta property=\"og:image:width\" content=\"900\" \/>\n\t<meta property=\"og:image:height\" content=\"600\" \/>\n\t<meta property=\"og:image:type\" content=\"image\/jpeg\" \/>\n<meta name=\"twitter:card\" content=\"summary_large_image\" \/>\n<meta name=\"twitter:label1\" content=\"Est. reading time\" \/>\n\t<meta name=\"twitter:data1\" content=\"2 minutes\" \/>\n<script type=\"application\/ld+json\" class=\"yoast-schema-graph\">{\"@context\":\"https:\\\/\\\/schema.org\",\"@graph\":[{\"@type\":\"WebPage\",\"@id\":\"https:\\\/\\\/cioelectro.com\\\/produkt\\\/riese-und-muller-charger-vario\\\/\",\"url\":\"https:\\\/\\\/cioelectro.com\\\/produkt\\\/riese-und-muller-charger-vario\\\/\",\"name\":\"Riese und M\u00fcller Charger Vario\",\"isPartOf\":{\"@id\":\"https:\\\/\\\/cioelectro.com\\\/#website\"},\"primaryImageOfPage\":{\"@id\":\"https:\\\/\\\/cioelectro.com\\\/produkt\\\/riese-und-muller-charger-vario\\\/#primaryimage\"},\"image\":{\"@id\":\"https:\\\/\\\/cioelectro.com\\\/produkt\\\/riese-und-muller-charger-vario\\\/#primaryimage\"},\"thumbnailUrl\":\"https:\\\/\\\/cioelectro.com\\\/wp-content\\\/uploads\\\/2023\\\/06\\\/Riese-und-Mller-Charger-Vario_45203-1.jpg\",\"datePublished\":\"2022-11-09T09:56:31+00:00\",\"dateModified\":\"2023-08-11T10:37:03+00:00\",\"description\":\"cioelectro.com bietet Ihnen das Riese und M\u00fcller Charger Vario zum besten Preis mit kostenlosem Versand in ganz EuropaRiese & M\u00fclleRiese & M\u00fclle\",\"breadcrumb\":{\"@id\":\"https:\\\/\\\/cioelectro.com\\\/produkt\\\/riese-und-muller-charger-vario\\\/#breadcrumb\"},\"inLanguage\":\"en-US\",\"potentialAction\":[{\"@type\":\"ReadAction\",\"target\":[\"https:\\\/\\\/cioelectro.com\\\/produkt\\\/riese-und-muller-charger-vario\\\/\"]}]},{\"@type\":\"ImageObject\",\"inLanguage\":\"en-US\",\"@id\":\"https:\\\/\\\/cioelectro.com\\\/produkt\\\/riese-und-muller-charger-vario\\\/#primaryimage\",\"url\":\"https:\\\/\\\/cioelectro.com\\\/wp-content\\\/uploads\\\/2023\\\/06\\\/Riese-und-Mller-Charger-Vario_45203-1.jpg\",\"contentUrl\":\"https:\\\/\\\/cioelectro.com\\\/wp-content\\\/uploads\\\/2023\\\/06\\\/Riese-und-Mller-Charger-Vario_45203-1.jpg\",\"width\":900,\"height\":600,\"caption\":\"Riese und M\u00fcller Charger Vario\"},{\"@type\":\"BreadcrumbList\",\"@id\":\"https:\\\/\\\/cioelectro.com\\\/produkt\\\/riese-und-muller-charger-vario\\\/#breadcrumb\",\"itemListElement\":[{\"@type\":\"ListItem\",\"position\":1,\"name\":\"Startseite\",\"item\":\"https:\\\/\\\/cioelectro.com\\\/\"},{\"@type\":\"ListItem\",\"position\":2,\"name\":\"LADEN\",\"item\":\"https:\\\/\\\/cioelectro.com\\\/laden\\\/\"},{\"@type\":\"ListItem\",\"position\":3,\"name\":\"Riese und M\u00fcller Charger Vario\"}]},{\"@type\":\"WebSite\",\"@id\":\"https:\\\/\\\/cioelectro.com\\\/#website\",\"url\":\"https:\\\/\\\/cioelectro.com\\\/\",\"name\":\"cioelectro.com\",\"description\":\"Treten Sie mit uns ins Abenteuer!\",\"publisher\":{\"@id\":\"https:\\\/\\\/cioelectro.com\\\/#organization\"},\"alternateName\":\"MEIN RADLADEN\",\"potentialAction\":[{\"@type\":\"SearchAction\",\"target\":{\"@type\":\"EntryPoint\",\"urlTemplate\":\"https:\\\/\\\/cioelectro.com\\\/?s={search_term_string}\"},\"query-input\":{\"@type\":\"PropertyValueSpecification\",\"valueRequired\":true,\"valueName\":\"search_term_string\"}}],\"inLanguage\":\"en-US\"},{\"@type\":\"Organization\",\"@id\":\"https:\\\/\\\/cioelectro.com\\\/#organization\",\"name\":\"CIOELECTRO\",\"alternateName\":\"MEIN RADLADEN\",\"url\":\"https:\\\/\\\/cioelectro.com\\\/\",\"logo\":{\"@type\":\"ImageObject\",\"inLanguage\":\"en-US\",\"@id\":\"https:\\\/\\\/cioelectro.com\\\/#\\\/schema\\\/logo\\\/image\\\/\",\"url\":\"https:\\\/\\\/cioelectro.com\\\/wp-content\\\/uploads\\\/2025\\\/12\\\/Logo-2-1200x800.png\",\"contentUrl\":\"https:\\\/\\\/cioelectro.com\\\/wp-content\\\/uploads\\\/2025\\\/12\\\/Logo-2-1200x800.png\",\"width\":1200,\"height\":800,\"caption\":\"CIOELECTRO\"},\"image\":{\"@id\":\"https:\\\/\\\/cioelectro.com\\\/#\\\/schema\\\/logo\\\/image\\\/\"}}]}<\/script>\n<!-- \/ Yoast SEO Premium plugin. -->","yoast_head_json":{"title":"Riese und M\u00fcller Charger Vario","description":"cioelectro.com bietet Ihnen das Riese und M\u00fcller Charger Vario zum besten Preis mit kostenlosem Versand in ganz EuropaRiese & M\u00fclleRiese & M\u00fclle","robots":{"index":"index","follow":"follow","max-snippet":"max-snippet:-1","max-image-preview":"max-image-preview:large","max-video-preview":"max-video-preview:-1"},"canonical":"https:\/\/cioelectro.com\/en\/produkt\/riese-und-muller-charger-vario\/","og_locale":"en_US","og_type":"article","og_title":"Riese und M\u00fcller Charger Vario","og_description":"Entdecken Sie unseren Online-Fahrradladen: Gro\u00dfe Auswahl an Modellen f\u00fcr alle Radsportbegeisterten. Von Rennr\u00e4dern bis zu Mountainbikes - finden Sie heute Ihren perfekten Wegbegleiter!","og_url":"https:\/\/cioelectro.com\/en\/produkt\/riese-und-muller-charger-vario\/","og_site_name":"cioelectro.com","article_modified_time":"2023-08-11T10:37:03+00:00","og_image":[{"width":900,"height":600,"url":"https:\/\/cioelectro.com\/wp-content\/uploads\/2023\/06\/Riese-und-Mller-Charger-Vario_45203-1.jpg","type":"image\/jpeg"}],"twitter_card":"summary_large_image","twitter_misc":{"Est. reading time":"2 minutes"},"schema":{"@context":"https:\/\/schema.org","@graph":[{"@type":"WebPage","@id":"https:\/\/cioelectro.com\/produkt\/riese-und-muller-charger-vario\/","url":"https:\/\/cioelectro.com\/produkt\/riese-und-muller-charger-vario\/","name":"Riese und M\u00fcller Charger Vario","isPartOf":{"@id":"https:\/\/cioelectro.com\/#website"},"primaryImageOfPage":{"@id":"https:\/\/cioelectro.com\/produkt\/riese-und-muller-charger-vario\/#primaryimage"},"image":{"@id":"https:\/\/cioelectro.com\/produkt\/riese-und-muller-charger-vario\/#primaryimage"},"thumbnailUrl":"https:\/\/cioelectro.com\/wp-content\/uploads\/2023\/06\/Riese-und-Mller-Charger-Vario_45203-1.jpg","datePublished":"2022-11-09T09:56:31+00:00","dateModified":"2023-08-11T10:37:03+00:00","description":"cioelectro.com bietet Ihnen das Riese und M\u00fcller Charger Vario zum besten Preis mit kostenlosem Versand in ganz EuropaRiese & M\u00fclleRiese & M\u00fclle","breadcrumb":{"@id":"https:\/\/cioelectro.com\/produkt\/riese-und-muller-charger-vario\/#breadcrumb"},"inLanguage":"en-US","potentialAction":[{"@type":"ReadAction","target":["https:\/\/cioelectro.com\/produkt\/riese-und-muller-charger-vario\/"]}]},{"@type":"ImageObject","inLanguage":"en-US","@id":"https:\/\/cioelectro.com\/produkt\/riese-und-muller-charger-vario\/#primaryimage","url":"https:\/\/cioelectro.com\/wp-content\/uploads\/2023\/06\/Riese-und-Mller-Charger-Vario_45203-1.jpg","contentUrl":"https:\/\/cioelectro.com\/wp-content\/uploads\/2023\/06\/Riese-und-Mller-Charger-Vario_45203-1.jpg","width":900,"height":600,"caption":"Riese und M\u00fcller Charger Vario"},{"@type":"BreadcrumbList","@id":"https:\/\/cioelectro.com\/produkt\/riese-und-muller-charger-vario\/#breadcrumb","itemListElement":[{"@type":"ListItem","position":1,"name":"Startseite","item":"https:\/\/cioelectro.com\/"},{"@type":"ListItem","position":2,"name":"LADEN","item":"https:\/\/cioelectro.com\/laden\/"},{"@type":"ListItem","position":3,"name":"Riese und M\u00fcller Charger Vario"}]},{"@type":"WebSite","@id":"https:\/\/cioelectro.com\/#website","url":"https:\/\/cioelectro.com\/","name":"cioelectro.com","description":"Treten Sie mit uns ins Abenteuer!","publisher":{"@id":"https:\/\/cioelectro.com\/#organization"},"alternateName":"MEIN RADLADEN","potentialAction":[{"@type":"SearchAction","target":{"@type":"EntryPoint","urlTemplate":"https:\/\/cioelectro.com\/?s={search_term_string}"},"query-input":{"@type":"PropertyValueSpecification","valueRequired":true,"valueName":"search_term_string"}}],"inLanguage":"en-US"},{"@type":"Organization","@id":"https:\/\/cioelectro.com\/#organization","name":"CIOELECTRO","alternateName":"MEIN RADLADEN","url":"https:\/\/cioelectro.com\/","logo":{"@type":"ImageObject","inLanguage":"en-US","@id":"https:\/\/cioelectro.com\/#\/schema\/logo\/image\/","url":"https:\/\/cioelectro.com\/wp-content\/uploads\/2025\/12\/Logo-2-1200x800.png","contentUrl":"https:\/\/cioelectro.com\/wp-content\/uploads\/2025\/12\/Logo-2-1200x800.png","width":1200,"height":800,"caption":"CIOELECTRO"},"image":{"@id":"https:\/\/cioelectro.com\/#\/schema\/logo\/image\/"}}]}},"_links":{"self":[{"href":"https:\/\/cioelectro.com\/en\/wp-json\/wp\/v2\/product\/39409","targetHints":{"allow":["GET"]}}],"collection":[{"href":"https:\/\/cioelectro.com\/en\/wp-json\/wp\/v2\/product"}],"about":[{"href":"https:\/\/cioelectro.com\/en\/wp-json\/wp\/v2\/types\/product"}],"replies":[{"embeddable":true,"href":"https:\/\/cioelectro.com\/en\/wp-json\/wp\/v2\/comments?post=39409"}],"version-history":[{"count":0,"href":"https:\/\/cioelectro.com\/en\/wp-json\/wp\/v2\/product\/39409\/revisions"}],"wp:featuredmedia":[{"embeddable":true,"href":"https:\/\/cioelectro.com\/en\/wp-json\/wp\/v2\/media\/61573"}],"wp:attachment":[{"href":"https:\/\/cioelectro.com\/en\/wp-json\/wp\/v2\/media?parent=39409"}],"wp:term":[{"taxonomy":"product_brand","embeddable":true,"href":"https:\/\/cioelectro.com\/en\/wp-json\/wp\/v2\/product_brand?post=39409"},{"taxonomy":"product_cat","embeddable":true,"href":"https:\/\/cioelectro.com\/en\/wp-json\/wp\/v2\/product_cat?post=39409"},{"taxonomy":"product_tag","embeddable":true,"href":"https:\/\/cioelectro.com\/en\/wp-json\/wp\/v2\/product_tag?post=39409"}],"curies":[{"name":"wp","href":"https:\/\/api.w.org\/{rel}","templated":true}]}}