{"id":39502,"date":"2022-11-09T12:18:56","date_gmt":"2022-11-09T11:18:56","guid":{"rendered":"https:\/\/meinradladen.com\/?post_type=product&#038;p=39502"},"modified":"2023-08-11T13:30:44","modified_gmt":"2023-08-11T11:30:44","slug":"radon-jealous-10-0-1","status":"publish","type":"product","link":"https:\/\/cioelectro.com\/en\/produkt\/radon-jealous-10-0-1\/","title":{"rendered":"Radon Jealous 10.0"},"content":{"rendered":"<h2 class=\"content--title\"><strong>Radon<\/strong>\u00a0Jealous 10.0<\/h2>\n<p class=\"product--description\">Leichte Rakete im neuen Zwirn: unser Radon JEALOUS 10.0 geht mit leichten \u00dcberarbeitungen in die Saison 2022, dabei f\u00e4llt direkt die edle, dunkelblaue Lackierung ins Auge.<\/p>\n<hr \/>\n<h3>Die Highlights des Radon Jealous 10.0<\/h3>\n<p>&#8220;Leichte&#8221; \u00dcberarbeitung ist aber durchaus w\u00f6rtlich zu nehmen: als Upgrade stellt sich der jetzt spezfizierte Reynolds Blacklabel Carbon Laufradsatz dar, er spart einige Gramm Gewicht, was sich dann bei Dir unmittelbar im Antritt bemerkbar macht. Dabei ist er trotzdem sehr verwindungssteif und macht nicht zuletzt auch optisch einiges her. Grundlage f\u00fcr das geringe Komplettradgewicht ist der mit ca. 950 Gramm superleichte JEALOUS Carbonrahmen, der Dich mit seiner racigen Geometrie direkt zu H\u00f6chstleistungen anspornen wird, Dich dabei aber auch mit Komfort verw\u00f6hnt.<\/p>\n<p class=\"product--description\">An der Front arbeitet die Rock Shox SID SL Ultimate, die sich per TwistLoc wortw\u00f6rtlich im Handumdrehen f\u00fcr den Sprintangriff blockieren l\u00e4sst und im ge\u00f6ffneten Zustand sportlich-straff mit Dir \u00fcber den Trail fegt. Die SRAM XO1 Eagle Schaltung mit ihrer enormen Bandbreite verleiht Dir in jeder Situation die richtige \u00dcbersetzung, damit Du sowohl im steilen Anstieg als auch in der Abfahrt voll angreifen kannst. F\u00fcr harte Bremsman\u00f6ver ist Magura&#8217;s MT8 Pro an Bord, die Dich und Dein JEALOUS jederzeit dosiert verz\u00f6gert und die Waage nur minimal belastet. F\u00fcr viel Grip und bestes Abrollverhalten bei minimalem Gewicht montieren wir die Cross Country Top &#8211; Reifen aus dem Schwalbe Programm: die Kombination aus Racing Ray und Racing Ralph in der Super Race Variante und angesagter transparent skin &#8211; Optik setzt die Benchmark bei Gewicht, Grip und Pannenschutz. Aus der Transportbox an die Startlinie &#8211; JEALOUS 10.0 macht&#8217;s m\u00f6glich!<\/p>\n<hr \/>\n<h3>Die Jealous Familie<\/h3>\n<p>H\u00f6her, schneller, leichter lautet die Devise auf der XC-B\u00fchne. Das ist auch unser Erfolgsrezept beim JEALOUS: tiefer Schwerpunkt, hohe Laufruhe, leicht rollende 29 Zoll Laufr\u00e4der im superleichten und hochsteifen Kohlefaserrahmen, straffe 100mm Federgabeln und effiziente Antriebe geben Dir das richtige Set-Up f\u00fcr den Renneinsatz, in dem Du die Pace vorgibst. Der Rahmen verf\u00fcgt \u00fcber intern verlegte Kabel und eine innen liegende Bremsaufnahme f\u00fcr den supercleanen Look.<\/p>\n<hr \/>\n<h3>Der Jealous Rahmen<\/h3>\n<p>Sch\u00f6ner und cleaner denn je kommt der \u00fcberarbeitete Jealous 1x Rahmen f\u00fcr die Saison 2022 daher. Die Bremsleitung am Hinterbau haben wir ins Innere verlegt, sodass die Rahmensilhouette durch nichts gest\u00f6rt wird. Positiver Nebeneffekt davon ist, dass auf der Antriebsseite keine \u00d6ffnungen am Rahmen mehr vorhanden sind, was den Stealth-Look des Jealous unterstreicht. Geblieben ist das niedrige Rahmengewicht von ca. 950 Gramm und die Worldcup-erprobte Geometrie, die uns schon mehrere Podiumsplatzierungen beschert hat. Auch ein Weltmeistertitel wurde auf dem Jealous schon errungen.<em>.<\/em><\/p>\n<hr \/>\n<p><img fetchpriority=\"high\" decoding=\"async\" title=\"BikeSize Relate\" src=\"https:\/\/cd.bike-discount.de\/media\/image\/f5\/76\/37\/bikesize_jealous_carbon.jpg\" alt=\"\" width=\"640\" height=\"488\" data-mid=\"618199\" data-src=\"media\/image\/bikesize_jealous_carbon.jpg\" \/><\/p>\n<p>Mit Hilfe unserer Grafik wollen wir Dir eine Empfehlung bei der Suche nach Deiner richtigen Rahmengr\u00f6\u00dfe geben. Neben Schrittl\u00e4nge sowie K\u00f6rpergr\u00f6\u00dfe spielt nat\u00fcrlich auch Dein pers\u00f6nlicher Fahrstil, Einsatzbereich sowie Vorliebe eine gro\u00dfe Rolle. Wenn Du mit Deinen Angaben im Grenzbereich liegen solltest, kannst Du zwischen zwei Rahmenh\u00f6hen w\u00e4hlen: die kleinere Rahmengr\u00f6\u00dfe ist agiler\/wendiger\/verspielter, die n\u00e4chstgr\u00f6\u00dfere Rahmenh\u00f6he laufruhiger\/spurtreuer und hat im Uphill die Nase vorn.<\/p>\n<hr \/>\n<p><iframe src=\"https:\/\/www.youtube-nocookie.com\/embed\/oBPFhqhzsGM\" width=\"640\" height=\"360\" frameborder=\"0\" allowfullscreen=\"allowfullscreen\" data-mce-fragment=\"1\"><\/iframe><\/p>\n<h2>Ausstattung<\/h2>\n<div class=\"product--properties panel has--border\">\n<table class=\"product--properties-table\">\n<tbody>\n<tr class=\"product--properties-row row1\">\n<td class=\"product--properties-label is--bold\">Rahmen:<\/td>\n<td class=\"product--properties-value\">NEW JEALOUS Carbon Superlite, Gewicht: 950 g, Maximale Reifenbreite: 2.25&#8243;, Max. KB: 36 Z\u00e4hne, 1-fach Rahmen<\/td>\n<\/tr>\n<tr class=\"product--properties-row row2\">\n<td class=\"product--properties-label is--bold\">Rahmenmaterial:<\/td>\n<td class=\"product--properties-value\">Carbon<\/td>\n<\/tr>\n<tr class=\"product--properties-row row3\">\n<td class=\"product--properties-label is--bold\">Laufradgr\u00f6\u00dfe:<\/td>\n<td class=\"product--properties-value\">29&#8243;<\/td>\n<\/tr>\n<tr class=\"product--properties-row row4\">\n<td class=\"product--properties-label is--bold\">Farbe:<\/td>\n<td class=\"product--properties-value\">midnightblue \/ silver<\/td>\n<\/tr>\n<tr class=\"product--properties-row row5\">\n<td class=\"product--properties-label is--bold\">Gabel:<\/td>\n<td class=\"product--properties-value\">RockShox SID SL Ultimate, Charger Race Day, TwistLoc Remote, Boost<\/td>\n<\/tr>\n<tr class=\"product--properties-row row6\">\n<td class=\"product--properties-label is--bold\">Federweg:<\/td>\n<td class=\"product--properties-value\">100mm<\/td>\n<\/tr>\n<tr class=\"product--properties-row row7\">\n<td class=\"product--properties-label is--bold\">Bremsen:<\/td>\n<td class=\"product--properties-value\">Magura MT8 Pro<\/td>\n<\/tr>\n<tr class=\"product--properties-row row8\">\n<td class=\"product--properties-label is--bold\">Bremsscheiben:<\/td>\n<td class=\"product--properties-value\">Magura Storm, 180\/160mm, center-lock<\/td>\n<\/tr>\n<tr class=\"product--properties-row row9\">\n<td class=\"product--properties-label is--bold\">Steuersatz:<\/td>\n<td class=\"product--properties-value\">Acros AiX, IS41\/IS52<\/td>\n<\/tr>\n<tr class=\"product--properties-row row10\">\n<td class=\"product--properties-label is--bold\">Vorbau:<\/td>\n<td class=\"product--properties-value\">Newmen Evolution SL 318.2, 31.8mm (16&#8243;\/60mm, 18&#8243;\/70mm, 20&#8243;\/70mm, 22&#8243;\/90mm)<\/td>\n<\/tr>\n<tr class=\"product--properties-row row11\">\n<td class=\"product--properties-label is--bold\">Lenker:<\/td>\n<td class=\"product--properties-value\">Newmen Advanced Carbon 318.0, 740mm<\/td>\n<\/tr>\n<tr class=\"product--properties-row row12\">\n<td class=\"product--properties-label is--bold\">Griffe:<\/td>\n<td class=\"product--properties-value\">SRAM TwistLoc<\/td>\n<\/tr>\n<tr class=\"product--properties-row row13\">\n<td class=\"product--properties-label is--bold\">Sattel:<\/td>\n<td class=\"product--properties-value\">Natural Fit Nuance SLT<\/td>\n<\/tr>\n<tr class=\"product--properties-row row14\">\n<td class=\"product--properties-label is--bold\">Sattelst\u00fctze:<\/td>\n<td class=\"product--properties-value\">Newmen Advanced Carbon, 30.9 x 430mm<\/td>\n<\/tr>\n<tr class=\"product--properties-row row15\">\n<td class=\"product--properties-label is--bold\">Kurbel:<\/td>\n<td class=\"product--properties-value\">SRAM X1 Carbon, DUB, 34T, Boost, 175mm<\/td>\n<\/tr>\n<\/tbody>\n<\/table>\n<table class=\"product--properties-table\">\n<tbody>\n<tr class=\"product--properties-row row16\">\n<td class=\"product--properties-label is--bold\">Tretlager\/Innenlager:<\/td>\n<td class=\"product--properties-value\">SRAM DUB, Pressfit, 92mm<\/td>\n<\/tr>\n<tr class=\"product--properties-row row17\">\n<td class=\"product--properties-label is--bold\">Schaltwerk:<\/td>\n<td class=\"product--properties-value\">SRAM X01 Eagle, 12-speed<\/td>\n<\/tr>\n<tr class=\"product--properties-row row18\">\n<td class=\"product--properties-label is--bold\">Schalthebel:<\/td>\n<td class=\"product--properties-value\">SRAM GX Eagle, Shiftmix<\/td>\n<\/tr>\n<tr class=\"product--properties-row row19\">\n<td class=\"product--properties-label is--bold\">Kassette:<\/td>\n<td class=\"product--properties-value\">SRAM GX Eagle XG-1275, 10-52<\/td>\n<\/tr>\n<tr class=\"product--properties-row row20\">\n<td class=\"product--properties-label is--bold\">Kette:<\/td>\n<td class=\"product--properties-value\">SRAM GX Eagle<\/td>\n<\/tr>\n<tr class=\"product--properties-row row21\">\n<td class=\"product--properties-label is--bold\">Reifen vorne:<\/td>\n<td class=\"product--properties-value\">Schwalbe Racing Ray, Addix-Speed, Super Race, TLE, transparent skin, 29&#8243; x 2.25&#8243;<\/td>\n<\/tr>\n<tr class=\"product--properties-row row22\">\n<td class=\"product--properties-label is--bold\">Reifen hinten:<\/td>\n<td class=\"product--properties-value\">Schwalbe Racing Ralph, Addix-Speed, Super Race, TLE, transparent skin, 29&#8243; x 2.25&#8243;<\/td>\n<\/tr>\n<tr class=\"product--properties-row row23\">\n<td class=\"product--properties-label is--bold\">Laufradsatz:<\/td>\n<td class=\"product--properties-value\">Reynolds Blacklabel 309\/289r XC, 30\/28mm, 110\/148mm<\/td>\n<\/tr>\n<tr class=\"product--properties-row row24\">\n<td class=\"product--properties-label is--bold\">Pedale:<\/td>\n<td class=\"product--properties-value\">nicht im Lieferumfang enthalten<\/td>\n<\/tr>\n<tr class=\"product--properties-row row25\">\n<td class=\"product--properties-label is--bold\">Zul\u00e4ssiges Gesamtgewicht:<\/td>\n<td class=\"product--properties-value\">115 kg (K\u00f6rpergewicht + Fahrrad + Ausr\u00fcstung)<\/td>\n<\/tr>\n<tr class=\"product--properties-row row26\">\n<td class=\"product--properties-label is--bold\">Gewicht Komplettrad:<\/td>\n<td class=\"product--properties-value\">ab 9,10 kg<\/td>\n<\/tr>\n<\/tbody>\n<\/table>\n<\/div>","protected":false},"excerpt":{"rendered":"<div class=\"tab-menu--product js--tab-menu\">\n<div class=\"tab--container-list\">\n<div class=\"tab--container description has--content is--active\">\n<div class=\"tab--content box-description\">\n<div class=\"content--description\">\n<div class=\"ean-box\"><label>Modelljahr: <span style=\"font-size: 16px;\">\u00a02022<\/span><\/label><\/div>\n<\/div>\n<\/div>\n<\/div>\n<\/div>\n<\/div>\n<p><a class=\"rating-link-info--box\" name=\"product--publish-comment\"><\/a><\/p>\n<div id=\"detail--product-reviews\" class=\"content--product-reviews 123\"><\/div>","protected":false},"featured_media":61616,"comment_status":"open","ping_status":"closed","template":"","meta":{"_rtcl_gb_attr":""},"product_brand":[],"product_cat":[36,302,220],"product_tag":[],"class_list":{"0":"post-39502","1":"product","2":"type-product","3":"status-publish","4":"has-post-thumbnail","6":"product_cat-fahrrad","7":"product_cat-hardtail-29","8":"product_cat-mountainbike","9":"pa_marke-radon","11":"first","12":"instock","13":"sale","14":"taxable","15":"shipping-taxable","16":"purchasable","17":"product-type-variable"},"yoast_head":"<!-- This site is optimized with the Yoast SEO Premium plugin v20.12 (Yoast SEO v27.4) - https:\/\/yoast.com\/product\/yoast-seo-premium-wordpress\/ -->\n<title>Radon Jealous 10.0<\/title>\n<meta name=\"description\" content=\"cioelectro.com bietet Ihnen das Radon Jealous 10.0 zum besten Preis mit kostenlosem Versand in ganz EuropaRadon JEALOUS 10.0Radon JEALOUS 10.0\" \/>\n<meta name=\"robots\" content=\"index, follow, max-snippet:-1, max-image-preview:large, max-video-preview:-1\" \/>\n<link rel=\"canonical\" href=\"https:\/\/cioelectro.com\/en\/produkt\/radon-jealous-10-0-1\/\" \/>\n<meta property=\"og:locale\" content=\"en_US\" \/>\n<meta property=\"og:type\" content=\"article\" \/>\n<meta property=\"og:title\" content=\"Radon Jealous 10.0\" \/>\n<meta property=\"og:description\" content=\"Entdecken Sie unseren Online-Fahrradladen: Gro\u00dfe Auswahl an Modellen f\u00fcr alle Radsportbegeisterten. Von Rennr\u00e4dern bis zu Mountainbikes - finden Sie heute Ihren perfekten Wegbegleiter!\" \/>\n<meta property=\"og:url\" content=\"https:\/\/cioelectro.com\/en\/produkt\/radon-jealous-10-0-1\/\" \/>\n<meta property=\"og:site_name\" content=\"cioelectro.com\" \/>\n<meta property=\"article:modified_time\" content=\"2023-08-11T11:30:44+00:00\" \/>\n<meta property=\"og:image\" content=\"https:\/\/cioelectro.com\/wp-content\/uploads\/2023\/06\/Radon-Jealous-10.0.jpg\" \/>\n\t<meta property=\"og:image:width\" content=\"800\" \/>\n\t<meta property=\"og:image:height\" content=\"449\" \/>\n\t<meta property=\"og:image:type\" content=\"image\/jpeg\" \/>\n<meta name=\"twitter:card\" content=\"summary_large_image\" \/>\n<meta name=\"twitter:label1\" content=\"Est. reading time\" \/>\n\t<meta name=\"twitter:data1\" content=\"4 minutes\" \/>\n<script type=\"application\/ld+json\" class=\"yoast-schema-graph\">{\"@context\":\"https:\\\/\\\/schema.org\",\"@graph\":[{\"@type\":\"WebPage\",\"@id\":\"https:\\\/\\\/cioelectro.com\\\/produkt\\\/radon-jealous-10-0-1\\\/\",\"url\":\"https:\\\/\\\/cioelectro.com\\\/produkt\\\/radon-jealous-10-0-1\\\/\",\"name\":\"Radon Jealous 10.0\",\"isPartOf\":{\"@id\":\"https:\\\/\\\/cioelectro.com\\\/#website\"},\"primaryImageOfPage\":{\"@id\":\"https:\\\/\\\/cioelectro.com\\\/produkt\\\/radon-jealous-10-0-1\\\/#primaryimage\"},\"image\":{\"@id\":\"https:\\\/\\\/cioelectro.com\\\/produkt\\\/radon-jealous-10-0-1\\\/#primaryimage\"},\"thumbnailUrl\":\"https:\\\/\\\/cioelectro.com\\\/wp-content\\\/uploads\\\/2023\\\/06\\\/Radon-Jealous-10.0.jpg\",\"datePublished\":\"2022-11-09T11:18:56+00:00\",\"dateModified\":\"2023-08-11T11:30:44+00:00\",\"description\":\"cioelectro.com bietet Ihnen das Radon Jealous 10.0 zum besten Preis mit kostenlosem Versand in ganz EuropaRadon JEALOUS 10.0Radon JEALOUS 10.0\",\"breadcrumb\":{\"@id\":\"https:\\\/\\\/cioelectro.com\\\/produkt\\\/radon-jealous-10-0-1\\\/#breadcrumb\"},\"inLanguage\":\"en-US\",\"potentialAction\":[{\"@type\":\"ReadAction\",\"target\":[\"https:\\\/\\\/cioelectro.com\\\/produkt\\\/radon-jealous-10-0-1\\\/\"]}]},{\"@type\":\"ImageObject\",\"inLanguage\":\"en-US\",\"@id\":\"https:\\\/\\\/cioelectro.com\\\/produkt\\\/radon-jealous-10-0-1\\\/#primaryimage\",\"url\":\"https:\\\/\\\/cioelectro.com\\\/wp-content\\\/uploads\\\/2023\\\/06\\\/Radon-Jealous-10.0.jpg\",\"contentUrl\":\"https:\\\/\\\/cioelectro.com\\\/wp-content\\\/uploads\\\/2023\\\/06\\\/Radon-Jealous-10.0.jpg\",\"width\":800,\"height\":449,\"caption\":\"Radon Jealous 10.0\"},{\"@type\":\"BreadcrumbList\",\"@id\":\"https:\\\/\\\/cioelectro.com\\\/produkt\\\/radon-jealous-10-0-1\\\/#breadcrumb\",\"itemListElement\":[{\"@type\":\"ListItem\",\"position\":1,\"name\":\"Startseite\",\"item\":\"https:\\\/\\\/cioelectro.com\\\/\"},{\"@type\":\"ListItem\",\"position\":2,\"name\":\"LADEN\",\"item\":\"https:\\\/\\\/cioelectro.com\\\/laden\\\/\"},{\"@type\":\"ListItem\",\"position\":3,\"name\":\"Radon Jealous 10.0\"}]},{\"@type\":\"WebSite\",\"@id\":\"https:\\\/\\\/cioelectro.com\\\/#website\",\"url\":\"https:\\\/\\\/cioelectro.com\\\/\",\"name\":\"cioelectro.com\",\"description\":\"Treten Sie mit uns ins Abenteuer!\",\"publisher\":{\"@id\":\"https:\\\/\\\/cioelectro.com\\\/#organization\"},\"alternateName\":\"MEIN RADLADEN\",\"potentialAction\":[{\"@type\":\"SearchAction\",\"target\":{\"@type\":\"EntryPoint\",\"urlTemplate\":\"https:\\\/\\\/cioelectro.com\\\/?s={search_term_string}\"},\"query-input\":{\"@type\":\"PropertyValueSpecification\",\"valueRequired\":true,\"valueName\":\"search_term_string\"}}],\"inLanguage\":\"en-US\"},{\"@type\":\"Organization\",\"@id\":\"https:\\\/\\\/cioelectro.com\\\/#organization\",\"name\":\"CIOELECTRO\",\"alternateName\":\"MEIN RADLADEN\",\"url\":\"https:\\\/\\\/cioelectro.com\\\/\",\"logo\":{\"@type\":\"ImageObject\",\"inLanguage\":\"en-US\",\"@id\":\"https:\\\/\\\/cioelectro.com\\\/#\\\/schema\\\/logo\\\/image\\\/\",\"url\":\"https:\\\/\\\/cioelectro.com\\\/wp-content\\\/uploads\\\/2025\\\/12\\\/Logo-2-1200x800.png\",\"contentUrl\":\"https:\\\/\\\/cioelectro.com\\\/wp-content\\\/uploads\\\/2025\\\/12\\\/Logo-2-1200x800.png\",\"width\":1200,\"height\":800,\"caption\":\"CIOELECTRO\"},\"image\":{\"@id\":\"https:\\\/\\\/cioelectro.com\\\/#\\\/schema\\\/logo\\\/image\\\/\"}}]}<\/script>\n<!-- \/ Yoast SEO Premium plugin. -->","yoast_head_json":{"title":"Radon Jealous 10.0","description":"cioelectro.com bietet Ihnen das Radon Jealous 10.0 zum besten Preis mit kostenlosem Versand in ganz EuropaRadon JEALOUS 10.0Radon JEALOUS 10.0","robots":{"index":"index","follow":"follow","max-snippet":"max-snippet:-1","max-image-preview":"max-image-preview:large","max-video-preview":"max-video-preview:-1"},"canonical":"https:\/\/cioelectro.com\/en\/produkt\/radon-jealous-10-0-1\/","og_locale":"en_US","og_type":"article","og_title":"Radon Jealous 10.0","og_description":"Entdecken Sie unseren Online-Fahrradladen: Gro\u00dfe Auswahl an Modellen f\u00fcr alle Radsportbegeisterten. Von Rennr\u00e4dern bis zu Mountainbikes - finden Sie heute Ihren perfekten Wegbegleiter!","og_url":"https:\/\/cioelectro.com\/en\/produkt\/radon-jealous-10-0-1\/","og_site_name":"cioelectro.com","article_modified_time":"2023-08-11T11:30:44+00:00","og_image":[{"width":800,"height":449,"url":"https:\/\/cioelectro.com\/wp-content\/uploads\/2023\/06\/Radon-Jealous-10.0.jpg","type":"image\/jpeg"}],"twitter_card":"summary_large_image","twitter_misc":{"Est. reading time":"4 minutes"},"schema":{"@context":"https:\/\/schema.org","@graph":[{"@type":"WebPage","@id":"https:\/\/cioelectro.com\/produkt\/radon-jealous-10-0-1\/","url":"https:\/\/cioelectro.com\/produkt\/radon-jealous-10-0-1\/","name":"Radon Jealous 10.0","isPartOf":{"@id":"https:\/\/cioelectro.com\/#website"},"primaryImageOfPage":{"@id":"https:\/\/cioelectro.com\/produkt\/radon-jealous-10-0-1\/#primaryimage"},"image":{"@id":"https:\/\/cioelectro.com\/produkt\/radon-jealous-10-0-1\/#primaryimage"},"thumbnailUrl":"https:\/\/cioelectro.com\/wp-content\/uploads\/2023\/06\/Radon-Jealous-10.0.jpg","datePublished":"2022-11-09T11:18:56+00:00","dateModified":"2023-08-11T11:30:44+00:00","description":"cioelectro.com bietet Ihnen das Radon Jealous 10.0 zum besten Preis mit kostenlosem Versand in ganz EuropaRadon JEALOUS 10.0Radon JEALOUS 10.0","breadcrumb":{"@id":"https:\/\/cioelectro.com\/produkt\/radon-jealous-10-0-1\/#breadcrumb"},"inLanguage":"en-US","potentialAction":[{"@type":"ReadAction","target":["https:\/\/cioelectro.com\/produkt\/radon-jealous-10-0-1\/"]}]},{"@type":"ImageObject","inLanguage":"en-US","@id":"https:\/\/cioelectro.com\/produkt\/radon-jealous-10-0-1\/#primaryimage","url":"https:\/\/cioelectro.com\/wp-content\/uploads\/2023\/06\/Radon-Jealous-10.0.jpg","contentUrl":"https:\/\/cioelectro.com\/wp-content\/uploads\/2023\/06\/Radon-Jealous-10.0.jpg","width":800,"height":449,"caption":"Radon Jealous 10.0"},{"@type":"BreadcrumbList","@id":"https:\/\/cioelectro.com\/produkt\/radon-jealous-10-0-1\/#breadcrumb","itemListElement":[{"@type":"ListItem","position":1,"name":"Startseite","item":"https:\/\/cioelectro.com\/"},{"@type":"ListItem","position":2,"name":"LADEN","item":"https:\/\/cioelectro.com\/laden\/"},{"@type":"ListItem","position":3,"name":"Radon Jealous 10.0"}]},{"@type":"WebSite","@id":"https:\/\/cioelectro.com\/#website","url":"https:\/\/cioelectro.com\/","name":"cioelectro.com","description":"Treten Sie mit uns ins Abenteuer!","publisher":{"@id":"https:\/\/cioelectro.com\/#organization"},"alternateName":"MEIN RADLADEN","potentialAction":[{"@type":"SearchAction","target":{"@type":"EntryPoint","urlTemplate":"https:\/\/cioelectro.com\/?s={search_term_string}"},"query-input":{"@type":"PropertyValueSpecification","valueRequired":true,"valueName":"search_term_string"}}],"inLanguage":"en-US"},{"@type":"Organization","@id":"https:\/\/cioelectro.com\/#organization","name":"CIOELECTRO","alternateName":"MEIN RADLADEN","url":"https:\/\/cioelectro.com\/","logo":{"@type":"ImageObject","inLanguage":"en-US","@id":"https:\/\/cioelectro.com\/#\/schema\/logo\/image\/","url":"https:\/\/cioelectro.com\/wp-content\/uploads\/2025\/12\/Logo-2-1200x800.png","contentUrl":"https:\/\/cioelectro.com\/wp-content\/uploads\/2025\/12\/Logo-2-1200x800.png","width":1200,"height":800,"caption":"CIOELECTRO"},"image":{"@id":"https:\/\/cioelectro.com\/#\/schema\/logo\/image\/"}}]}},"_links":{"self":[{"href":"https:\/\/cioelectro.com\/en\/wp-json\/wp\/v2\/product\/39502","targetHints":{"allow":["GET"]}}],"collection":[{"href":"https:\/\/cioelectro.com\/en\/wp-json\/wp\/v2\/product"}],"about":[{"href":"https:\/\/cioelectro.com\/en\/wp-json\/wp\/v2\/types\/product"}],"replies":[{"embeddable":true,"href":"https:\/\/cioelectro.com\/en\/wp-json\/wp\/v2\/comments?post=39502"}],"version-history":[{"count":0,"href":"https:\/\/cioelectro.com\/en\/wp-json\/wp\/v2\/product\/39502\/revisions"}],"wp:featuredmedia":[{"embeddable":true,"href":"https:\/\/cioelectro.com\/en\/wp-json\/wp\/v2\/media\/61616"}],"wp:attachment":[{"href":"https:\/\/cioelectro.com\/en\/wp-json\/wp\/v2\/media?parent=39502"}],"wp:term":[{"taxonomy":"product_brand","embeddable":true,"href":"https:\/\/cioelectro.com\/en\/wp-json\/wp\/v2\/product_brand?post=39502"},{"taxonomy":"product_cat","embeddable":true,"href":"https:\/\/cioelectro.com\/en\/wp-json\/wp\/v2\/product_cat?post=39502"},{"taxonomy":"product_tag","embeddable":true,"href":"https:\/\/cioelectro.com\/en\/wp-json\/wp\/v2\/product_tag?post=39502"}],"curies":[{"name":"wp","href":"https:\/\/api.w.org\/{rel}","templated":true}]}}