{"id":39527,"date":"2022-11-09T12:46:58","date_gmt":"2022-11-09T11:46:58","guid":{"rendered":"https:\/\/meinradladen.com\/?post_type=product&#038;p=39527"},"modified":"2023-08-11T13:30:03","modified_gmt":"2023-08-11T11:30:03","slug":"radon-cragger-7-0-ms","status":"publish","type":"product","link":"https:\/\/cioelectro.com\/en\/produkt\/radon-cragger-7-0-ms\/","title":{"rendered":"Radon Cragger 7.0 MS"},"content":{"rendered":"<h2 class=\"content--title\"><strong>Radon<\/strong>\u00a0Cragger 7.0 MS<\/h2>\n<p class=\"product--description\">Never change a running system! Das Radon CRAGGER 7.0 MS war unser Liebling auf Events und begeisterte mit verspieltem Handling auf unz\u00e4hligen Flowtrails.<\/p>\n<hr \/>\n<h3>Die Highlights des Cragger 7.0 MS<\/h3>\n<p>Wir haben uns den Wunsch nach einer Neuauflage zu Herzen genommen und schicken das CRAGGER unver\u00e4ndert in die neue Saison. Der SUNringl\u00e9 D\u00fcroc 35 Laufradsatz hat breite 31mm Maulweite und ist mit den stylischen Maxxis Minion DHF\/DHR II in der Skinwall Ausf\u00fchrung best\u00fcckt &#8211; DIE Traumkombi, wenn Du mal wieder eine Extraportion Grip ben\u00f6tigen solltest.<\/p>\n<p class=\"product--description\">Beim Antrieb setzen wir auf eine komplette SRAM 1&#215;12 Schaltung aus der SX Eagle Serie, welche zusammen mit der e*thirteen Kettenf\u00fchrung zuverl\u00e4ssige Performance verspricht. Falls sich der n\u00e4chste Wurzelteppich unerwartet ank\u00fcndigen sollte, kannst Du dich getrost auf die Rock Shox 35 Gold RL und ihre 130mm Federweg verlassen. Mit einstellbarer Low-Speed Druckstufe sowie gro\u00dfer Debon Air Luftkammer gl\u00e4ttet die Gabel selbst gr\u00f6\u00dfere Schl\u00e4ge, ohne mit der Wimper zu zucken. Damit Du die nicht enden wollende Wurzelpassage nun vollends genie\u00dfen kannst, solltest Du die mechanisch angesteuerte Variost\u00fctze mit 130mm Hub schnell absenken und Dich auf das konzentrieren, was Mountainbiken so faszinierend macht. Genie\u00dfe den Flow!<\/p>\n<hr \/>\n<h3>Die Cragger Familie<\/h3>\n<p>&#8220;Back to the roots&#8221; \u2013 ein Hardtail auf dem neuesten Stand der Technik und gemacht f\u00fcr&#8217;s harte Gel\u00e4nde. Mit einer 130mm Federgabel steht puristischem Trailsurfen ohne Grenzen nichts mehr im Weg! Intern verlegte Z\u00fcge helfen der Optik und lassen das CRAGGER aufger\u00e4umter wirken. Unser Cragger kommt mit 100% Ausrichtung auf Einfach-Schaltgruppen, daher entf\u00e4llt eine Aufnahme f\u00fcr Umwerfer, was den Rahmen noch cleaner erscheinen l\u00e4sst. Eine Stealth-Dropper-Post nimmt Dir den letzten Grund, vor dem steilen Downhill vom Bike zu steigen. F\u00fcr maximale Kontrolle sorgt eine hohe und lange Front in Form eines hochsteifen Tapered-Steuerrohrs. In ihm findet die 130mm Gabel sicheren Halt und gibt Dir ausreichend Feedback im Flow-Rausch.<\/p>\n<hr \/>\n<p class=\"product--description\"><img fetchpriority=\"high\" decoding=\"async\" title=\"BikeSize Cragger\" src=\"https:\/\/cd.bike-discount.de\/media\/image\/39\/a5\/38\/bikesize_cragger.jpg\" alt=\"\" width=\"640\" height=\"401\" data-mid=\"618199\" data-src=\"media\/image\/bikesize_cragger.jpg\" \/><\/p>\n<p>Mit Hilfe unserer Grafik wollen wir Dir eine Empfehlung bei der Suche nach Deiner richtigen Rahmengr\u00f6\u00dfe geben. Neben Schrittl\u00e4nge sowie K\u00f6rpergr\u00f6\u00dfe spielt nat\u00fcrlich auch Dein pers\u00f6nlicher Fahrstil, Einsatzbereich sowie Vorliebe eine gro\u00dfe Rolle. Wenn Du mit Deinen Angaben im Grenzbereich liegen solltest, kannst Du zwischen zwei Rahmenh\u00f6hen w\u00e4hlen: die kleinere Rahmengr\u00f6\u00dfe ist agiler\/wendiger\/verspielter, die n\u00e4chstgr\u00f6\u00dfere Rahmenh\u00f6he laufruhiger\/spurtreuer und hat im Uphill die Nase vorn.<\/p>\n<hr \/>\n<p><iframe src=\"https:\/\/www.youtube-nocookie.com\/embed\/oBPFhqhzsGM\" width=\"640\" height=\"360\" frameborder=\"0\" allowfullscreen=\"allowfullscreen\" data-mce-fragment=\"1\"><\/iframe><\/p>\n<div>\n<h2>Ausstattung<\/h2>\n<div class=\"product--properties panel has--border\">\n<table class=\"product--properties-table\">\n<tbody>\n<tr class=\"product--properties-row row1\">\n<td class=\"product--properties-label is--bold\">Rahmen:<\/td>\n<td class=\"product--properties-value\">CRAGGER, Gewicht: 1.850g, Max. Reifenbreite: 2.4&#8243; (29&#8243;) \/ 2.8&#8243; (27.5&#8243;), 1-fach Rahmen<\/td>\n<\/tr>\n<tr class=\"product--properties-row row2\">\n<td class=\"product--properties-label is--bold\">Rahmenmaterial:<\/td>\n<td class=\"product--properties-value\">Aluminium<\/td>\n<\/tr>\n<tr class=\"product--properties-row row3\">\n<td class=\"product--properties-label is--bold\">Laufradgr\u00f6\u00dfe:<\/td>\n<td class=\"product--properties-value\">29&#8243;<\/td>\n<\/tr>\n<tr class=\"product--properties-row row4\">\n<td class=\"product--properties-label is--bold\">Farbe:<\/td>\n<td class=\"product--properties-value\">midnightblue \/ smokeysilver<\/td>\n<\/tr>\n<tr class=\"product--properties-row row5\">\n<td class=\"product--properties-label is--bold\">Gabel:<\/td>\n<td class=\"product--properties-value\">RockShox 35 Gold RL, Air, Boost, Nachlauf: 44mm<\/td>\n<\/tr>\n<tr class=\"product--properties-row row6\">\n<td class=\"product--properties-label is--bold\">Federweg:<\/td>\n<td class=\"product--properties-value\">130mm<\/td>\n<\/tr>\n<tr class=\"product--properties-row row7\">\n<td class=\"product--properties-label is--bold\">Bremsen:<\/td>\n<td class=\"product--properties-value\">Magura MT Thirty Custom<\/td>\n<\/tr>\n<tr class=\"product--properties-row row8\">\n<td class=\"product--properties-label is--bold\">Bremsscheiben:<\/td>\n<td class=\"product--properties-value\">Magura Storm HC, 180\/180mm, 6-bolt<\/td>\n<\/tr>\n<tr class=\"product--properties-row row9\">\n<td class=\"product--properties-label is--bold\">Steuersatz:<\/td>\n<td class=\"product--properties-value\">VP, ZS44\/ZS56<\/td>\n<\/tr>\n<tr class=\"product--properties-row row10\">\n<td class=\"product--properties-label is--bold\">Vorbau:<\/td>\n<td class=\"product--properties-value\">Race Face \u00c6ffect R, \u00d835mm (S: 40mm, M: 40mm, L: 40mm)<\/td>\n<\/tr>\n<tr class=\"product--properties-row row11\">\n<td class=\"product--properties-label is--bold\">Lenker:<\/td>\n<td class=\"product--properties-value\">Race Face Chester, 35 x 780mm, 20mm rise<\/td>\n<\/tr>\n<tr class=\"product--properties-row row12\">\n<td class=\"product--properties-label is--bold\">Griffe:<\/td>\n<td class=\"product--properties-value\">SDG Thrice<\/td>\n<\/tr>\n<tr class=\"product--properties-row row13\">\n<td class=\"product--properties-label is--bold\">Sattel:<\/td>\n<td class=\"product--properties-value\">SDG Radar<\/td>\n<\/tr>\n<tr class=\"product--properties-row row14\">\n<td class=\"product--properties-label is--bold\">Sattelst\u00fctze:<\/td>\n<td class=\"product--properties-value\">RADON Competition Dropper, \u00d830.9mm (S: 125mm, M: 150mm, L: 150mm)<\/td>\n<\/tr>\n<tr class=\"product--properties-row row15\">\n<td class=\"product--properties-label is--bold\">Kurbel:<\/td>\n<td class=\"product--properties-value\">SRAM X1 1000 Eagle, DUB, 30T, 170mm, Boost<\/td>\n<\/tr>\n<\/tbody>\n<\/table>\n<table class=\"product--properties-table\">\n<tbody>\n<tr class=\"product--properties-row row16\">\n<td class=\"product--properties-label is--bold\">Tretlager\/Innenlager:<\/td>\n<td class=\"product--properties-value\">SRAM DUB, Pressfit, 92mm<\/td>\n<\/tr>\n<tr class=\"product--properties-row row17\">\n<td class=\"product--properties-label is--bold\">Schaltwerk:<\/td>\n<td class=\"product--properties-value\">Sram SX Eagle, 12-speed<\/td>\n<\/tr>\n<tr class=\"product--properties-row row18\">\n<td class=\"product--properties-label is--bold\">Schalthebel:<\/td>\n<td class=\"product--properties-value\">Sram SX Eagle<\/td>\n<\/tr>\n<tr class=\"product--properties-row row19\">\n<td class=\"product--properties-label is--bold\">Kettenf\u00fchrung:<\/td>\n<td class=\"product--properties-value\">e*thirteen TRS 2-Bolt, ISCG05<\/td>\n<\/tr>\n<tr class=\"product--properties-row row20\">\n<td class=\"product--properties-label is--bold\">Kassette:<\/td>\n<td class=\"product--properties-value\">SRAM SX Eagle PG-1210 Eagle, 11-50<\/td>\n<\/tr>\n<tr class=\"product--properties-row row21\">\n<td class=\"product--properties-label is--bold\">Kette:<\/td>\n<td class=\"product--properties-value\">Sram SX Eagle<\/td>\n<\/tr>\n<tr class=\"product--properties-row row22\">\n<td class=\"product--properties-label is--bold\">Reifen vorne:<\/td>\n<td class=\"product--properties-value\">Maxxis Minion DHF Skinwall Dual, EXO, TR, 29&#8243; x 2.5&#8243;<\/td>\n<\/tr>\n<tr class=\"product--properties-row row23\">\n<td class=\"product--properties-label is--bold\">Reifen hinten:<\/td>\n<td class=\"product--properties-value\">Maxxis Minion DHR II Skinwall, EXO, TR, 29&#8243; x 2.4&#8243;<\/td>\n<\/tr>\n<tr class=\"product--properties-row row24\">\n<td class=\"product--properties-label is--bold\">Laufradsatz:<\/td>\n<td class=\"product--properties-value\">SunRingl\u00e9 D\u00fcroc 35, 31mm, 110\/148mm<\/td>\n<\/tr>\n<tr class=\"product--properties-row row25\">\n<td class=\"product--properties-label is--bold\">Pedale:<\/td>\n<td class=\"product--properties-value\">nicht im Lieferumfang enthalten<\/td>\n<\/tr>\n<tr class=\"product--properties-row row26\">\n<td class=\"product--properties-label is--bold\">Zul\u00e4ssiges Gesamtgewicht:<\/td>\n<td class=\"product--properties-value\">115 kg (K\u00f6rpergewicht + Fahrrad + Ausr\u00fcstung)<\/td>\n<\/tr>\n<tr class=\"product--properties-row row27\">\n<td class=\"product--properties-label is--bold\">Gewicht Komplettrad:<\/td>\n<td class=\"product--properties-value\">ab 13,60 kg<\/td>\n<\/tr>\n<\/tbody>\n<\/table>\n<\/div>\n<\/div>","protected":false},"excerpt":{"rendered":"<div class=\"tab-menu--product js--tab-menu\">\n<div class=\"tab--container-list\">\n<div class=\"tab--container description has--content is--active\">\n<div class=\"tab--content box-description\">\n<div class=\"content--description\">\n<div class=\"ean-box\"><label>Modelljahr: <span style=\"font-size: 16px;\">2022<\/span><\/label><\/div>\n<\/div>\n<\/div>\n<\/div>\n<\/div>\n<\/div>\n<p><a class=\"rating-link-info--box\" name=\"product--publish-comment\"><\/a><\/p>\n<div id=\"detail--product-reviews\" class=\"content--product-reviews 123\"><\/div>\n<p>&nbsp;<\/p>","protected":false},"featured_media":61632,"comment_status":"open","ping_status":"closed","template":"","meta":{"_rtcl_gb_attr":""},"product_brand":[],"product_cat":[36,302,220],"product_tag":[],"class_list":{"0":"post-39527","1":"product","2":"type-product","3":"status-publish","4":"has-post-thumbnail","6":"product_cat-fahrrad","7":"product_cat-hardtail-29","8":"product_cat-mountainbike","9":"pa_marke-radon","11":"first","12":"instock","13":"sale","14":"taxable","15":"shipping-taxable","16":"purchasable","17":"product-type-variable"},"yoast_head":"<!-- This site is optimized with the Yoast SEO Premium plugin v20.12 (Yoast SEO v27.4) - https:\/\/yoast.com\/product\/yoast-seo-premium-wordpress\/ -->\n<title>Radon Cragger 7.0 MS<\/title>\n<meta name=\"description\" content=\"cioelectro.com bietet Ihnen das Radon Cragger 7.0 MS zum besten Preis mit kostenlosem Versand in ganz EuropaRadon CRAGGER 7.0 MSRadon CRAGGER 7.0 MS\" \/>\n<meta name=\"robots\" content=\"index, follow, max-snippet:-1, max-image-preview:large, max-video-preview:-1\" \/>\n<link rel=\"canonical\" href=\"https:\/\/cioelectro.com\/en\/produkt\/radon-cragger-7-0-ms\/\" \/>\n<meta property=\"og:locale\" content=\"en_US\" \/>\n<meta property=\"og:type\" content=\"article\" \/>\n<meta property=\"og:title\" content=\"Radon Cragger 7.0 MS\" \/>\n<meta property=\"og:description\" content=\"Entdecken Sie unseren Online-Fahrradladen: Gro\u00dfe Auswahl an Modellen f\u00fcr alle Radsportbegeisterten. Von Rennr\u00e4dern bis zu Mountainbikes - finden Sie heute Ihren perfekten Wegbegleiter!\" \/>\n<meta property=\"og:url\" content=\"https:\/\/cioelectro.com\/en\/produkt\/radon-cragger-7-0-ms\/\" \/>\n<meta property=\"og:site_name\" content=\"cioelectro.com\" \/>\n<meta property=\"article:modified_time\" content=\"2023-08-11T11:30:03+00:00\" \/>\n<meta property=\"og:image\" content=\"https:\/\/cioelectro.com\/wp-content\/uploads\/2023\/06\/Radon-Cragger-7.0-MS.jpg\" \/>\n\t<meta property=\"og:image:width\" content=\"800\" \/>\n\t<meta property=\"og:image:height\" content=\"440\" \/>\n\t<meta property=\"og:image:type\" content=\"image\/jpeg\" \/>\n<meta name=\"twitter:card\" content=\"summary_large_image\" \/>\n<meta name=\"twitter:label1\" content=\"Est. reading time\" \/>\n\t<meta name=\"twitter:data1\" content=\"4 minutes\" \/>\n<script type=\"application\/ld+json\" class=\"yoast-schema-graph\">{\"@context\":\"https:\\\/\\\/schema.org\",\"@graph\":[{\"@type\":\"WebPage\",\"@id\":\"https:\\\/\\\/cioelectro.com\\\/produkt\\\/radon-cragger-7-0-ms\\\/\",\"url\":\"https:\\\/\\\/cioelectro.com\\\/produkt\\\/radon-cragger-7-0-ms\\\/\",\"name\":\"Radon Cragger 7.0 MS\",\"isPartOf\":{\"@id\":\"https:\\\/\\\/cioelectro.com\\\/#website\"},\"primaryImageOfPage\":{\"@id\":\"https:\\\/\\\/cioelectro.com\\\/produkt\\\/radon-cragger-7-0-ms\\\/#primaryimage\"},\"image\":{\"@id\":\"https:\\\/\\\/cioelectro.com\\\/produkt\\\/radon-cragger-7-0-ms\\\/#primaryimage\"},\"thumbnailUrl\":\"https:\\\/\\\/cioelectro.com\\\/wp-content\\\/uploads\\\/2023\\\/06\\\/Radon-Cragger-7.0-MS.jpg\",\"datePublished\":\"2022-11-09T11:46:58+00:00\",\"dateModified\":\"2023-08-11T11:30:03+00:00\",\"description\":\"cioelectro.com bietet Ihnen das Radon Cragger 7.0 MS zum besten Preis mit kostenlosem Versand in ganz EuropaRadon CRAGGER 7.0 MSRadon CRAGGER 7.0 MS\",\"breadcrumb\":{\"@id\":\"https:\\\/\\\/cioelectro.com\\\/produkt\\\/radon-cragger-7-0-ms\\\/#breadcrumb\"},\"inLanguage\":\"en-US\",\"potentialAction\":[{\"@type\":\"ReadAction\",\"target\":[\"https:\\\/\\\/cioelectro.com\\\/produkt\\\/radon-cragger-7-0-ms\\\/\"]}]},{\"@type\":\"ImageObject\",\"inLanguage\":\"en-US\",\"@id\":\"https:\\\/\\\/cioelectro.com\\\/produkt\\\/radon-cragger-7-0-ms\\\/#primaryimage\",\"url\":\"https:\\\/\\\/cioelectro.com\\\/wp-content\\\/uploads\\\/2023\\\/06\\\/Radon-Cragger-7.0-MS.jpg\",\"contentUrl\":\"https:\\\/\\\/cioelectro.com\\\/wp-content\\\/uploads\\\/2023\\\/06\\\/Radon-Cragger-7.0-MS.jpg\",\"width\":800,\"height\":440,\"caption\":\"Radon Cragger 7.0 MS\"},{\"@type\":\"BreadcrumbList\",\"@id\":\"https:\\\/\\\/cioelectro.com\\\/produkt\\\/radon-cragger-7-0-ms\\\/#breadcrumb\",\"itemListElement\":[{\"@type\":\"ListItem\",\"position\":1,\"name\":\"Startseite\",\"item\":\"https:\\\/\\\/cioelectro.com\\\/\"},{\"@type\":\"ListItem\",\"position\":2,\"name\":\"LADEN\",\"item\":\"https:\\\/\\\/cioelectro.com\\\/laden\\\/\"},{\"@type\":\"ListItem\",\"position\":3,\"name\":\"Radon Cragger 7.0 MS\"}]},{\"@type\":\"WebSite\",\"@id\":\"https:\\\/\\\/cioelectro.com\\\/#website\",\"url\":\"https:\\\/\\\/cioelectro.com\\\/\",\"name\":\"cioelectro.com\",\"description\":\"Treten Sie mit uns ins Abenteuer!\",\"publisher\":{\"@id\":\"https:\\\/\\\/cioelectro.com\\\/#organization\"},\"alternateName\":\"MEIN RADLADEN\",\"potentialAction\":[{\"@type\":\"SearchAction\",\"target\":{\"@type\":\"EntryPoint\",\"urlTemplate\":\"https:\\\/\\\/cioelectro.com\\\/?s={search_term_string}\"},\"query-input\":{\"@type\":\"PropertyValueSpecification\",\"valueRequired\":true,\"valueName\":\"search_term_string\"}}],\"inLanguage\":\"en-US\"},{\"@type\":\"Organization\",\"@id\":\"https:\\\/\\\/cioelectro.com\\\/#organization\",\"name\":\"CIOELECTRO\",\"alternateName\":\"MEIN RADLADEN\",\"url\":\"https:\\\/\\\/cioelectro.com\\\/\",\"logo\":{\"@type\":\"ImageObject\",\"inLanguage\":\"en-US\",\"@id\":\"https:\\\/\\\/cioelectro.com\\\/#\\\/schema\\\/logo\\\/image\\\/\",\"url\":\"https:\\\/\\\/cioelectro.com\\\/wp-content\\\/uploads\\\/2025\\\/12\\\/Logo-2-1200x800.png\",\"contentUrl\":\"https:\\\/\\\/cioelectro.com\\\/wp-content\\\/uploads\\\/2025\\\/12\\\/Logo-2-1200x800.png\",\"width\":1200,\"height\":800,\"caption\":\"CIOELECTRO\"},\"image\":{\"@id\":\"https:\\\/\\\/cioelectro.com\\\/#\\\/schema\\\/logo\\\/image\\\/\"}}]}<\/script>\n<!-- \/ Yoast SEO Premium plugin. -->","yoast_head_json":{"title":"Radon Cragger 7.0 MS","description":"cioelectro.com bietet Ihnen das Radon Cragger 7.0 MS zum besten Preis mit kostenlosem Versand in ganz EuropaRadon CRAGGER 7.0 MSRadon CRAGGER 7.0 MS","robots":{"index":"index","follow":"follow","max-snippet":"max-snippet:-1","max-image-preview":"max-image-preview:large","max-video-preview":"max-video-preview:-1"},"canonical":"https:\/\/cioelectro.com\/en\/produkt\/radon-cragger-7-0-ms\/","og_locale":"en_US","og_type":"article","og_title":"Radon Cragger 7.0 MS","og_description":"Entdecken Sie unseren Online-Fahrradladen: Gro\u00dfe Auswahl an Modellen f\u00fcr alle Radsportbegeisterten. Von Rennr\u00e4dern bis zu Mountainbikes - finden Sie heute Ihren perfekten Wegbegleiter!","og_url":"https:\/\/cioelectro.com\/en\/produkt\/radon-cragger-7-0-ms\/","og_site_name":"cioelectro.com","article_modified_time":"2023-08-11T11:30:03+00:00","og_image":[{"width":800,"height":440,"url":"https:\/\/cioelectro.com\/wp-content\/uploads\/2023\/06\/Radon-Cragger-7.0-MS.jpg","type":"image\/jpeg"}],"twitter_card":"summary_large_image","twitter_misc":{"Est. reading time":"4 minutes"},"schema":{"@context":"https:\/\/schema.org","@graph":[{"@type":"WebPage","@id":"https:\/\/cioelectro.com\/produkt\/radon-cragger-7-0-ms\/","url":"https:\/\/cioelectro.com\/produkt\/radon-cragger-7-0-ms\/","name":"Radon Cragger 7.0 MS","isPartOf":{"@id":"https:\/\/cioelectro.com\/#website"},"primaryImageOfPage":{"@id":"https:\/\/cioelectro.com\/produkt\/radon-cragger-7-0-ms\/#primaryimage"},"image":{"@id":"https:\/\/cioelectro.com\/produkt\/radon-cragger-7-0-ms\/#primaryimage"},"thumbnailUrl":"https:\/\/cioelectro.com\/wp-content\/uploads\/2023\/06\/Radon-Cragger-7.0-MS.jpg","datePublished":"2022-11-09T11:46:58+00:00","dateModified":"2023-08-11T11:30:03+00:00","description":"cioelectro.com bietet Ihnen das Radon Cragger 7.0 MS zum besten Preis mit kostenlosem Versand in ganz EuropaRadon CRAGGER 7.0 MSRadon CRAGGER 7.0 MS","breadcrumb":{"@id":"https:\/\/cioelectro.com\/produkt\/radon-cragger-7-0-ms\/#breadcrumb"},"inLanguage":"en-US","potentialAction":[{"@type":"ReadAction","target":["https:\/\/cioelectro.com\/produkt\/radon-cragger-7-0-ms\/"]}]},{"@type":"ImageObject","inLanguage":"en-US","@id":"https:\/\/cioelectro.com\/produkt\/radon-cragger-7-0-ms\/#primaryimage","url":"https:\/\/cioelectro.com\/wp-content\/uploads\/2023\/06\/Radon-Cragger-7.0-MS.jpg","contentUrl":"https:\/\/cioelectro.com\/wp-content\/uploads\/2023\/06\/Radon-Cragger-7.0-MS.jpg","width":800,"height":440,"caption":"Radon Cragger 7.0 MS"},{"@type":"BreadcrumbList","@id":"https:\/\/cioelectro.com\/produkt\/radon-cragger-7-0-ms\/#breadcrumb","itemListElement":[{"@type":"ListItem","position":1,"name":"Startseite","item":"https:\/\/cioelectro.com\/"},{"@type":"ListItem","position":2,"name":"LADEN","item":"https:\/\/cioelectro.com\/laden\/"},{"@type":"ListItem","position":3,"name":"Radon Cragger 7.0 MS"}]},{"@type":"WebSite","@id":"https:\/\/cioelectro.com\/#website","url":"https:\/\/cioelectro.com\/","name":"cioelectro.com","description":"Treten Sie mit uns ins Abenteuer!","publisher":{"@id":"https:\/\/cioelectro.com\/#organization"},"alternateName":"MEIN RADLADEN","potentialAction":[{"@type":"SearchAction","target":{"@type":"EntryPoint","urlTemplate":"https:\/\/cioelectro.com\/?s={search_term_string}"},"query-input":{"@type":"PropertyValueSpecification","valueRequired":true,"valueName":"search_term_string"}}],"inLanguage":"en-US"},{"@type":"Organization","@id":"https:\/\/cioelectro.com\/#organization","name":"CIOELECTRO","alternateName":"MEIN RADLADEN","url":"https:\/\/cioelectro.com\/","logo":{"@type":"ImageObject","inLanguage":"en-US","@id":"https:\/\/cioelectro.com\/#\/schema\/logo\/image\/","url":"https:\/\/cioelectro.com\/wp-content\/uploads\/2025\/12\/Logo-2-1200x800.png","contentUrl":"https:\/\/cioelectro.com\/wp-content\/uploads\/2025\/12\/Logo-2-1200x800.png","width":1200,"height":800,"caption":"CIOELECTRO"},"image":{"@id":"https:\/\/cioelectro.com\/#\/schema\/logo\/image\/"}}]}},"_links":{"self":[{"href":"https:\/\/cioelectro.com\/en\/wp-json\/wp\/v2\/product\/39527","targetHints":{"allow":["GET"]}}],"collection":[{"href":"https:\/\/cioelectro.com\/en\/wp-json\/wp\/v2\/product"}],"about":[{"href":"https:\/\/cioelectro.com\/en\/wp-json\/wp\/v2\/types\/product"}],"replies":[{"embeddable":true,"href":"https:\/\/cioelectro.com\/en\/wp-json\/wp\/v2\/comments?post=39527"}],"version-history":[{"count":0,"href":"https:\/\/cioelectro.com\/en\/wp-json\/wp\/v2\/product\/39527\/revisions"}],"wp:featuredmedia":[{"embeddable":true,"href":"https:\/\/cioelectro.com\/en\/wp-json\/wp\/v2\/media\/61632"}],"wp:attachment":[{"href":"https:\/\/cioelectro.com\/en\/wp-json\/wp\/v2\/media?parent=39527"}],"wp:term":[{"taxonomy":"product_brand","embeddable":true,"href":"https:\/\/cioelectro.com\/en\/wp-json\/wp\/v2\/product_brand?post=39527"},{"taxonomy":"product_cat","embeddable":true,"href":"https:\/\/cioelectro.com\/en\/wp-json\/wp\/v2\/product_cat?post=39527"},{"taxonomy":"product_tag","embeddable":true,"href":"https:\/\/cioelectro.com\/en\/wp-json\/wp\/v2\/product_tag?post=39527"}],"curies":[{"name":"wp","href":"https:\/\/api.w.org\/{rel}","templated":true}]}}