{"id":39553,"date":"2022-11-09T13:10:05","date_gmt":"2022-11-09T12:10:05","guid":{"rendered":"https:\/\/meinradladen.com\/?post_type=product&#038;p=39553"},"modified":"2023-08-11T13:30:50","modified_gmt":"2023-08-11T11:30:50","slug":"rieju-gt4-tkk-slx10-npi-gen-4","status":"publish","type":"product","link":"https:\/\/cioelectro.com\/en\/produkt\/rieju-gt4-tkk-slx10-npi-gen-4\/","title":{"rendered":"Rieju GT4 TKK SLX10 NPI GEN 4"},"content":{"rendered":"<h2 class=\"pageTitle\">Rieju GT4 TKK SLX10 NPI GEN 4<\/h2>\n<div>\n<div class=\"col-12 col-sm-12 col-md-12 col-lg-6 col-xl-8\">\n<div class=\"relatedInfo disable-mobile\">\n<div class=\"tabbedWidgetBox clear ui-tabs ui-widget ui-widget-content ui-corner-all\">\n<div class=\"widgetBoxBottomRound\">\n<div id=\"description\" class=\"cmsContent ui-tabs-panel ui-widget-content ui-corner-bottom\" role=\"tabpanel\" aria-labelledby=\"ui-id-2\" aria-expanded=\"true\" aria-hidden=\"false\">\n<p>Rieju GT4 TKK SLX10 Bitte beachten Sie, dass eventuell angegebene Reichweiten nur ca. Angaben entsprechen. Die tats\u00e4chliche Reichweite kann abweichen und je nach gew\u00e4hlter Unterst\u00fctzungsstufe, der Streckentopografie, dem Gewicht des Fahrers, den Wetterverh\u00e4ltnissen und anderer Faktoren niedriger oder h\u00f6her ausfallen.<\/p>\n<\/div>\n<\/div>\n<\/div>\n<\/div>\n<\/div>\n<div class=\"col-12 col-sm-12 col-md-12 col-lg-6 col-xl-4\">\n<div class=\"information\">\n<p>Daher wird das von uns hier angebotene Fahrrad von einem Spezialisten in unserer Fachwerkstatt fahrfertig endmontiert (Aufwand je nach Rad 45 &#8211; 60 Min.) und Probe gefahren. Um f\u00fcr Sie die Versandkosten m\u00f6glichst gering zu halten, wird das Fahrrad &#8211; so wenig wie n\u00f6tig \u2013 f\u00fcr den Versand r\u00fcckmontiert, d.h. in der Regel: der Lenker wird quergestellt und die Pedale\u00a0(sofern enthalten) entfernt, ggf. wird das Vorderrad ausgebaut und danach sorgf\u00e4ltig verpackt. Nach Erhalt m\u00fcssen Sie lediglich die Pedale\u00a0(sofern enthalten) anschrauben, Vorbau und Lenker wieder gerade stellen\/ ausrichten und evtl. das Vorderrad wieder einbauen.<\/p>\n<p><em>Wichtige Hinweise: Bei der Montage eines\u00a0Pedals\u00a0bitte auf Links- bzw. Rechtsgewinde achten! Vor Fahrtantritt bitte die Schnellspanner und Bremsen \u00fcberpr\u00fcfen!<\/em><\/p>\n<h2>Ausstattung<\/h2>\n<table class=\"attributes\">\n<tbody>\n<tr>\n<th id=\"attrTitle_1\"><strong>Akkuleistung (Wh)<\/strong><\/th>\n<td id=\"attrValue_1\">500<\/td>\n<\/tr>\n<tr>\n<th id=\"attrTitle_2\"><strong>Display<\/strong><\/th>\n<td id=\"attrValue_2\">Intuvia<\/td>\n<\/tr>\n<tr>\n<th id=\"attrTitle_3\"><strong>Farbe<\/strong><\/th>\n<td id=\"attrValue_3\">silber<\/td>\n<\/tr>\n<tr>\n<th id=\"attrTitle_5\"><strong>Kategorie<\/strong><\/th>\n<td id=\"attrValue_5\">E-Bikes \/ Pedelecs \/ Trekking\/Touren<\/td>\n<\/tr>\n<tr>\n<th id=\"attrTitle_6\"><strong>Laufradgr\u00f6\u00dfe<\/strong><\/th>\n<td id=\"attrValue_6\">28,0<\/td>\n<\/tr>\n<tr>\n<th id=\"attrTitle_7\"><strong>Modelljahr<\/strong><\/th>\n<td id=\"attrValue_7\">2021<\/td>\n<\/tr>\n<tr>\n<th id=\"attrTitle_8\"><strong>Motorart<\/strong><\/th>\n<td id=\"attrValue_8\">Bosch Performance Line<\/td>\n<\/tr>\n<tr>\n<th id=\"attrTitle_9\"><strong>Motorenhersteller<\/strong><\/th>\n<td id=\"attrValue_9\">Bosch<\/td>\n<\/tr>\n<tr>\n<th id=\"attrTitle_10\"><strong>Motorleistung (Watt)<\/strong><\/th>\n<td id=\"attrValue_10\">65 Nm<\/td>\n<\/tr>\n<tr>\n<th id=\"attrTitle_11\"><strong>Motorunterst\u00fctzung<\/strong><\/th>\n<td id=\"attrValue_11\">bis 25 km\/h<\/td>\n<\/tr>\n<tr>\n<th id=\"attrTitle_12\"><strong>Pedalen enthalten<\/strong><\/th>\n<td id=\"attrValue_12\">ja<\/td>\n<\/tr>\n<tr>\n<th id=\"attrTitle_13\"><strong>Rahmengr\u00f6\u00dfe<\/strong><\/th>\n<td id=\"attrValue_13\">M<\/td>\n<\/tr>\n<tr>\n<th id=\"attrTitle_14\"><strong>Rahmenmaterial<\/strong><\/th>\n<td id=\"attrValue_14\">alu<\/td>\n<\/tr>\n<tr>\n<th id=\"attrTitle_15\"><strong>Zustand<\/strong><\/th>\n<td id=\"attrValue_15\">neu<\/td>\n<\/tr>\n<\/tbody>\n<\/table>\n<\/div>\n<\/div>\n<\/div>","protected":false},"excerpt":{"rendered":"<p>Rieju GT4 TKK SLX10 NPI GEN 4 Rieju GT4 TKK SLX10 Bitte beachten Sie, dass eventuell angegebene Reichweiten nur ca.<\/p>","protected":false},"featured_media":61642,"comment_status":"open","ping_status":"closed","template":"","meta":{"_rtcl_gb_attr":""},"product_brand":[],"product_cat":[33,247,320,281],"product_tag":[],"class_list":{"0":"post-39553","1":"product","2":"type-product","3":"status-publish","4":"has-post-thumbnail","6":"product_cat-e-bike","7":"product_cat-e-bike-trekking","8":"product_cat-e-bikes-2021","9":"product_cat-e-fahrrad","10":"pa_marke-rieju","12":"first","13":"instock","14":"sale","15":"taxable","16":"shipping-taxable","17":"purchasable","18":"product-type-variable"},"yoast_head":"<!-- This site is optimized with the Yoast SEO Premium plugin v20.12 (Yoast SEO v27.4) - https:\/\/yoast.com\/product\/yoast-seo-premium-wordpress\/ -->\n<title>Rieju GT4 TKK SLX10 NPI GEN 4<\/title>\n<meta name=\"description\" content=\"cioelectro.com bietet Ihnen das Rieju GT4 TKK SLX10 NPI GEN 4 zum besten Preis mit kostenlosem Versand in ganz EuropaRieju GT4 TKK SLX10Rieju GT4 TKK SLX10\" \/>\n<meta name=\"robots\" content=\"index, follow, max-snippet:-1, max-image-preview:large, max-video-preview:-1\" \/>\n<link rel=\"canonical\" href=\"https:\/\/cioelectro.com\/en\/produkt\/rieju-gt4-tkk-slx10-npi-gen-4\/\" \/>\n<meta property=\"og:locale\" content=\"en_US\" \/>\n<meta property=\"og:type\" content=\"article\" \/>\n<meta property=\"og:title\" content=\"Rieju GT4 TKK SLX10 NPI GEN 4\" \/>\n<meta property=\"og:description\" content=\"Entdecken Sie unseren Online-Fahrradladen: Gro\u00dfe Auswahl an Modellen f\u00fcr alle Radsportbegeisterten. Von Rennr\u00e4dern bis zu Mountainbikes - finden Sie heute Ihren perfekten Wegbegleiter!\" \/>\n<meta property=\"og:url\" content=\"https:\/\/cioelectro.com\/en\/produkt\/rieju-gt4-tkk-slx10-npi-gen-4\/\" \/>\n<meta property=\"og:site_name\" content=\"cioelectro.com\" \/>\n<meta property=\"article:modified_time\" content=\"2023-08-11T11:30:50+00:00\" \/>\n<meta property=\"og:image\" content=\"https:\/\/cioelectro.com\/wp-content\/uploads\/2023\/06\/GT4-TKK-SLX10-NPI-GEN-4-_45509-1.png\" \/>\n\t<meta property=\"og:image:width\" content=\"1000\" \/>\n\t<meta property=\"og:image:height\" content=\"667\" \/>\n\t<meta property=\"og:image:type\" content=\"image\/png\" \/>\n<meta name=\"twitter:card\" content=\"summary_large_image\" \/>\n<meta name=\"twitter:label1\" content=\"Est. reading time\" \/>\n\t<meta name=\"twitter:data1\" content=\"2 minutes\" \/>\n<script type=\"application\/ld+json\" class=\"yoast-schema-graph\">{\"@context\":\"https:\\\/\\\/schema.org\",\"@graph\":[{\"@type\":\"WebPage\",\"@id\":\"https:\\\/\\\/cioelectro.com\\\/produkt\\\/rieju-gt4-tkk-slx10-npi-gen-4\\\/\",\"url\":\"https:\\\/\\\/cioelectro.com\\\/produkt\\\/rieju-gt4-tkk-slx10-npi-gen-4\\\/\",\"name\":\"Rieju GT4 TKK SLX10 NPI GEN 4\",\"isPartOf\":{\"@id\":\"https:\\\/\\\/cioelectro.com\\\/#website\"},\"primaryImageOfPage\":{\"@id\":\"https:\\\/\\\/cioelectro.com\\\/produkt\\\/rieju-gt4-tkk-slx10-npi-gen-4\\\/#primaryimage\"},\"image\":{\"@id\":\"https:\\\/\\\/cioelectro.com\\\/produkt\\\/rieju-gt4-tkk-slx10-npi-gen-4\\\/#primaryimage\"},\"thumbnailUrl\":\"https:\\\/\\\/cioelectro.com\\\/wp-content\\\/uploads\\\/2023\\\/06\\\/GT4-TKK-SLX10-NPI-GEN-4-_45509-1.png\",\"datePublished\":\"2022-11-09T12:10:05+00:00\",\"dateModified\":\"2023-08-11T11:30:50+00:00\",\"description\":\"cioelectro.com bietet Ihnen das Rieju GT4 TKK SLX10 NPI GEN 4 zum besten Preis mit kostenlosem Versand in ganz EuropaRieju GT4 TKK SLX10Rieju GT4 TKK SLX10\",\"breadcrumb\":{\"@id\":\"https:\\\/\\\/cioelectro.com\\\/produkt\\\/rieju-gt4-tkk-slx10-npi-gen-4\\\/#breadcrumb\"},\"inLanguage\":\"en-US\",\"potentialAction\":[{\"@type\":\"ReadAction\",\"target\":[\"https:\\\/\\\/cioelectro.com\\\/produkt\\\/rieju-gt4-tkk-slx10-npi-gen-4\\\/\"]}]},{\"@type\":\"ImageObject\",\"inLanguage\":\"en-US\",\"@id\":\"https:\\\/\\\/cioelectro.com\\\/produkt\\\/rieju-gt4-tkk-slx10-npi-gen-4\\\/#primaryimage\",\"url\":\"https:\\\/\\\/cioelectro.com\\\/wp-content\\\/uploads\\\/2023\\\/06\\\/GT4-TKK-SLX10-NPI-GEN-4-_45509-1.png\",\"contentUrl\":\"https:\\\/\\\/cioelectro.com\\\/wp-content\\\/uploads\\\/2023\\\/06\\\/GT4-TKK-SLX10-NPI-GEN-4-_45509-1.png\",\"width\":1000,\"height\":667,\"caption\":\"Rieju GT4 TKK SLX10 NPI GEN 4\"},{\"@type\":\"BreadcrumbList\",\"@id\":\"https:\\\/\\\/cioelectro.com\\\/produkt\\\/rieju-gt4-tkk-slx10-npi-gen-4\\\/#breadcrumb\",\"itemListElement\":[{\"@type\":\"ListItem\",\"position\":1,\"name\":\"Startseite\",\"item\":\"https:\\\/\\\/cioelectro.com\\\/\"},{\"@type\":\"ListItem\",\"position\":2,\"name\":\"LADEN\",\"item\":\"https:\\\/\\\/cioelectro.com\\\/laden\\\/\"},{\"@type\":\"ListItem\",\"position\":3,\"name\":\"Rieju GT4 TKK SLX10 NPI GEN 4\"}]},{\"@type\":\"WebSite\",\"@id\":\"https:\\\/\\\/cioelectro.com\\\/#website\",\"url\":\"https:\\\/\\\/cioelectro.com\\\/\",\"name\":\"cioelectro.com\",\"description\":\"Treten Sie mit uns ins Abenteuer!\",\"publisher\":{\"@id\":\"https:\\\/\\\/cioelectro.com\\\/#organization\"},\"alternateName\":\"MEIN RADLADEN\",\"potentialAction\":[{\"@type\":\"SearchAction\",\"target\":{\"@type\":\"EntryPoint\",\"urlTemplate\":\"https:\\\/\\\/cioelectro.com\\\/?s={search_term_string}\"},\"query-input\":{\"@type\":\"PropertyValueSpecification\",\"valueRequired\":true,\"valueName\":\"search_term_string\"}}],\"inLanguage\":\"en-US\"},{\"@type\":\"Organization\",\"@id\":\"https:\\\/\\\/cioelectro.com\\\/#organization\",\"name\":\"CIOELECTRO\",\"alternateName\":\"MEIN RADLADEN\",\"url\":\"https:\\\/\\\/cioelectro.com\\\/\",\"logo\":{\"@type\":\"ImageObject\",\"inLanguage\":\"en-US\",\"@id\":\"https:\\\/\\\/cioelectro.com\\\/#\\\/schema\\\/logo\\\/image\\\/\",\"url\":\"https:\\\/\\\/cioelectro.com\\\/wp-content\\\/uploads\\\/2025\\\/12\\\/Logo-2-1200x800.png\",\"contentUrl\":\"https:\\\/\\\/cioelectro.com\\\/wp-content\\\/uploads\\\/2025\\\/12\\\/Logo-2-1200x800.png\",\"width\":1200,\"height\":800,\"caption\":\"CIOELECTRO\"},\"image\":{\"@id\":\"https:\\\/\\\/cioelectro.com\\\/#\\\/schema\\\/logo\\\/image\\\/\"}}]}<\/script>\n<!-- \/ Yoast SEO Premium plugin. -->","yoast_head_json":{"title":"Rieju GT4 TKK SLX10 NPI GEN 4","description":"cioelectro.com bietet Ihnen das Rieju GT4 TKK SLX10 NPI GEN 4 zum besten Preis mit kostenlosem Versand in ganz EuropaRieju GT4 TKK SLX10Rieju GT4 TKK SLX10","robots":{"index":"index","follow":"follow","max-snippet":"max-snippet:-1","max-image-preview":"max-image-preview:large","max-video-preview":"max-video-preview:-1"},"canonical":"https:\/\/cioelectro.com\/en\/produkt\/rieju-gt4-tkk-slx10-npi-gen-4\/","og_locale":"en_US","og_type":"article","og_title":"Rieju GT4 TKK SLX10 NPI GEN 4","og_description":"Entdecken Sie unseren Online-Fahrradladen: Gro\u00dfe Auswahl an Modellen f\u00fcr alle Radsportbegeisterten. Von Rennr\u00e4dern bis zu Mountainbikes - finden Sie heute Ihren perfekten Wegbegleiter!","og_url":"https:\/\/cioelectro.com\/en\/produkt\/rieju-gt4-tkk-slx10-npi-gen-4\/","og_site_name":"cioelectro.com","article_modified_time":"2023-08-11T11:30:50+00:00","og_image":[{"width":1000,"height":667,"url":"https:\/\/cioelectro.com\/wp-content\/uploads\/2023\/06\/GT4-TKK-SLX10-NPI-GEN-4-_45509-1.png","type":"image\/png"}],"twitter_card":"summary_large_image","twitter_misc":{"Est. reading time":"2 minutes"},"schema":{"@context":"https:\/\/schema.org","@graph":[{"@type":"WebPage","@id":"https:\/\/cioelectro.com\/produkt\/rieju-gt4-tkk-slx10-npi-gen-4\/","url":"https:\/\/cioelectro.com\/produkt\/rieju-gt4-tkk-slx10-npi-gen-4\/","name":"Rieju GT4 TKK SLX10 NPI GEN 4","isPartOf":{"@id":"https:\/\/cioelectro.com\/#website"},"primaryImageOfPage":{"@id":"https:\/\/cioelectro.com\/produkt\/rieju-gt4-tkk-slx10-npi-gen-4\/#primaryimage"},"image":{"@id":"https:\/\/cioelectro.com\/produkt\/rieju-gt4-tkk-slx10-npi-gen-4\/#primaryimage"},"thumbnailUrl":"https:\/\/cioelectro.com\/wp-content\/uploads\/2023\/06\/GT4-TKK-SLX10-NPI-GEN-4-_45509-1.png","datePublished":"2022-11-09T12:10:05+00:00","dateModified":"2023-08-11T11:30:50+00:00","description":"cioelectro.com bietet Ihnen das Rieju GT4 TKK SLX10 NPI GEN 4 zum besten Preis mit kostenlosem Versand in ganz EuropaRieju GT4 TKK SLX10Rieju GT4 TKK SLX10","breadcrumb":{"@id":"https:\/\/cioelectro.com\/produkt\/rieju-gt4-tkk-slx10-npi-gen-4\/#breadcrumb"},"inLanguage":"en-US","potentialAction":[{"@type":"ReadAction","target":["https:\/\/cioelectro.com\/produkt\/rieju-gt4-tkk-slx10-npi-gen-4\/"]}]},{"@type":"ImageObject","inLanguage":"en-US","@id":"https:\/\/cioelectro.com\/produkt\/rieju-gt4-tkk-slx10-npi-gen-4\/#primaryimage","url":"https:\/\/cioelectro.com\/wp-content\/uploads\/2023\/06\/GT4-TKK-SLX10-NPI-GEN-4-_45509-1.png","contentUrl":"https:\/\/cioelectro.com\/wp-content\/uploads\/2023\/06\/GT4-TKK-SLX10-NPI-GEN-4-_45509-1.png","width":1000,"height":667,"caption":"Rieju GT4 TKK SLX10 NPI GEN 4"},{"@type":"BreadcrumbList","@id":"https:\/\/cioelectro.com\/produkt\/rieju-gt4-tkk-slx10-npi-gen-4\/#breadcrumb","itemListElement":[{"@type":"ListItem","position":1,"name":"Startseite","item":"https:\/\/cioelectro.com\/"},{"@type":"ListItem","position":2,"name":"LADEN","item":"https:\/\/cioelectro.com\/laden\/"},{"@type":"ListItem","position":3,"name":"Rieju GT4 TKK SLX10 NPI GEN 4"}]},{"@type":"WebSite","@id":"https:\/\/cioelectro.com\/#website","url":"https:\/\/cioelectro.com\/","name":"cioelectro.com","description":"Treten Sie mit uns ins Abenteuer!","publisher":{"@id":"https:\/\/cioelectro.com\/#organization"},"alternateName":"MEIN RADLADEN","potentialAction":[{"@type":"SearchAction","target":{"@type":"EntryPoint","urlTemplate":"https:\/\/cioelectro.com\/?s={search_term_string}"},"query-input":{"@type":"PropertyValueSpecification","valueRequired":true,"valueName":"search_term_string"}}],"inLanguage":"en-US"},{"@type":"Organization","@id":"https:\/\/cioelectro.com\/#organization","name":"CIOELECTRO","alternateName":"MEIN RADLADEN","url":"https:\/\/cioelectro.com\/","logo":{"@type":"ImageObject","inLanguage":"en-US","@id":"https:\/\/cioelectro.com\/#\/schema\/logo\/image\/","url":"https:\/\/cioelectro.com\/wp-content\/uploads\/2025\/12\/Logo-2-1200x800.png","contentUrl":"https:\/\/cioelectro.com\/wp-content\/uploads\/2025\/12\/Logo-2-1200x800.png","width":1200,"height":800,"caption":"CIOELECTRO"},"image":{"@id":"https:\/\/cioelectro.com\/#\/schema\/logo\/image\/"}}]}},"_links":{"self":[{"href":"https:\/\/cioelectro.com\/en\/wp-json\/wp\/v2\/product\/39553","targetHints":{"allow":["GET"]}}],"collection":[{"href":"https:\/\/cioelectro.com\/en\/wp-json\/wp\/v2\/product"}],"about":[{"href":"https:\/\/cioelectro.com\/en\/wp-json\/wp\/v2\/types\/product"}],"replies":[{"embeddable":true,"href":"https:\/\/cioelectro.com\/en\/wp-json\/wp\/v2\/comments?post=39553"}],"version-history":[{"count":0,"href":"https:\/\/cioelectro.com\/en\/wp-json\/wp\/v2\/product\/39553\/revisions"}],"wp:featuredmedia":[{"embeddable":true,"href":"https:\/\/cioelectro.com\/en\/wp-json\/wp\/v2\/media\/61642"}],"wp:attachment":[{"href":"https:\/\/cioelectro.com\/en\/wp-json\/wp\/v2\/media?parent=39553"}],"wp:term":[{"taxonomy":"product_brand","embeddable":true,"href":"https:\/\/cioelectro.com\/en\/wp-json\/wp\/v2\/product_brand?post=39553"},{"taxonomy":"product_cat","embeddable":true,"href":"https:\/\/cioelectro.com\/en\/wp-json\/wp\/v2\/product_cat?post=39553"},{"taxonomy":"product_tag","embeddable":true,"href":"https:\/\/cioelectro.com\/en\/wp-json\/wp\/v2\/product_tag?post=39553"}],"curies":[{"name":"wp","href":"https:\/\/api.w.org\/{rel}","templated":true}]}}