{"id":39558,"date":"2022-11-09T13:22:59","date_gmt":"2022-11-09T12:22:59","guid":{"rendered":"https:\/\/meinradladen.com\/?post_type=product&#038;p=39558"},"modified":"2023-08-11T13:21:25","modified_gmt":"2023-08-11T11:21:25","slug":"fantic-seven-days-living","status":"publish","type":"product","link":"https:\/\/cioelectro.com\/en\/produkt\/fantic-seven-days-living\/","title":{"rendered":"Fantic Seven Days Living"},"content":{"rendered":"<h2 class=\"pageTitle\">Fantic Seven Days Living<\/h2>\n<div class=\"tobasket\">\n<div class=\"tobasketFunction clear\">\n<div class=\"price-outer\">\n<div class=\"col-12 col-sm-12 col-md-12 col-lg-6 col-xl-8\">\n<div class=\"relatedInfo disable-mobile\">\n<div class=\"tabbedWidgetBox clear ui-tabs ui-widget ui-widget-content ui-corner-all\">\n<div class=\"widgetBoxBottomRound\">\n<div id=\"description\" class=\"cmsContent ui-tabs-panel ui-widget-content ui-corner-bottom\" role=\"tabpanel\" aria-labelledby=\"ui-id-2\" aria-expanded=\"true\" aria-hidden=\"false\">\n<p>Daher wird das von uns hier angebotene Fantic Seven Days Seven von einem <a href=\"http:\/\/1-1\">Spezialisten<\/a> in unserer Fachwerkstatt fahrfertig endmontiert (Aufwand je nach Rad 45 &#8211; 60 Min.) und Probe gefahren. Um f\u00fcr Sie die Versandkosten m\u00f6glichst gering zu halten, wird das Fahrrad &#8211; so wenig wie n\u00f6tig \u2013 f\u00fcr den Versand r\u00fcckmontiert, d.h. in der Regel: der Lenker wird quergestellt und die Pedale (sofern enthalten) entfernt, ggf. wird das Vorderrad ausgebaut und danach sorgf\u00e4ltig verpackt.<\/p>\n<p>Nach Erhalt m\u00fcssen Sie lediglich die Pedale (sofern enthalten) anschrauben, Vorbau und Lenker wieder gerade stellen\/ ausrichten und evtl. das Vorderrad wieder einbauen.<\/p>\n<p>Wichtige Hinweise: Bei der Montage eines\u00a0Pedals\u00a0bitte auf Links- bzw. Rechtsgewinde achten! Vor Fahrtantritt bitte die Schnellspanner und Bremsen \u00fcberpr\u00fcfen!<\/p>\n<h2>Ausstattung<\/h2>\n<table class=\"attributes\">\n<tbody>\n<tr>\n<th id=\"attrTitle_1\" style=\"text-align: left;\"><strong>Farbe<\/strong><\/th>\n<td id=\"attrValue_1\" style=\"text-align: left;\">schwarz<\/td>\n<\/tr>\n<tr>\n<th id=\"attrTitle_2\" style=\"text-align: left;\"><strong>Durchmesser Scheibenbremse hinten<\/strong><\/th>\n<td id=\"attrValue_2\" style=\"text-align: left;\">180<\/td>\n<\/tr>\n<tr>\n<th id=\"attrTitle_3\" style=\"text-align: left;\"><strong>Federweg in mm<\/strong><\/th>\n<td id=\"attrValue_3\">100<\/td>\n<\/tr>\n<tr>\n<th id=\"attrTitle_4\" style=\"text-align: left;\"><strong>Durchmesser Scheibenbremse vorn<\/strong><\/th>\n<td id=\"attrValue_4\" style=\"text-align: left;\">180<\/td>\n<\/tr>\n<tr>\n<th id=\"attrTitle_5\" style=\"text-align: left;\"><strong>Gabelhersteller<\/strong><\/th>\n<td id=\"attrValue_5\">RockShox<\/td>\n<\/tr>\n<tr>\n<th id=\"attrTitle_6\" style=\"text-align: left;\"><strong>Pedalen enthalten<\/strong><\/th>\n<td id=\"attrValue_6\" style=\"text-align: left;\">ja<\/td>\n<\/tr>\n<tr>\n<th id=\"attrTitle_7\" style=\"text-align: left;\"><strong>Rahmenmaterial<\/strong><\/th>\n<td id=\"attrValue_7\">Aluminium<\/td>\n<\/tr>\n<tr>\n<th id=\"attrTitle_8\" style=\"text-align: left;\"><strong>Schaltung<\/strong><\/th>\n<td id=\"attrValue_8\">SRAM SX Eagle 12V &#8211; Single Click<\/td>\n<\/tr>\n<tr>\n<th id=\"attrTitle_9\" style=\"text-align: left;\"><strong>Beleuchtung<\/strong><\/th>\n<td id=\"attrValue_9\">ja<\/td>\n<\/tr>\n<tr>\n<th id=\"attrTitle_10\" style=\"text-align: left;\"><strong>Motorleistung (Watt)<\/strong><\/th>\n<td id=\"attrValue_10\">250<\/td>\n<\/tr>\n<tr>\n<th id=\"attrTitle_11\" style=\"text-align: left;\"><strong>Motorenhersteller<\/strong><\/th>\n<td id=\"attrValue_11\">Brose<\/td>\n<\/tr>\n<tr>\n<th id=\"attrTitle_12\" style=\"text-align: left;\"><strong>Motorart<\/strong><\/th>\n<td id=\"attrValue_12\" style=\"text-align: left;\">Brose T 36<\/td>\n<\/tr>\n<tr>\n<th id=\"attrTitle_13\" style=\"text-align: left;\"><strong>Anfahr-\/Schiebehilfe<\/strong><\/th>\n<td id=\"attrValue_13\">ja<\/td>\n<\/tr>\n<tr>\n<th id=\"attrTitle_14\" style=\"text-align: left;\"><strong>Sattel<\/strong><\/th>\n<td id=\"attrValue_14\" style=\"text-align: left;\">Selle d&#8217;Italia<\/td>\n<\/tr>\n<tr>\n<th id=\"attrTitle_15\" style=\"text-align: left;\"><strong>Display<\/strong><\/th>\n<td id=\"attrValue_15\">Brose Allround<\/td>\n<\/tr>\n<tr>\n<th id=\"attrTitle_16\" style=\"text-align: left;\"><strong>Umwerfer<\/strong><\/th>\n<td id=\"attrValue_16\">SRAM SX Eagle 12V 11-50 teeth<\/td>\n<\/tr>\n<tr>\n<th id=\"attrTitle_17\" style=\"text-align: left;\"><strong>Gep\u00e4cktr\u00e4ger<\/strong><\/th>\n<td id=\"attrValue_17\">ja<\/td>\n<\/tr>\n<tr>\n<th id=\"attrTitle_18\" style=\"text-align: left;\"><strong>Gabel<\/strong><\/th>\n<td id=\"attrValue_18\" style=\"text-align: left;\">RockShox RECON 29, travel 100mm<\/td>\n<\/tr>\n<tr>\n<th id=\"attrTitle_19\" style=\"text-align: left;\"><strong>Schutzbleche<\/strong><\/th>\n<td id=\"attrValue_19\" style=\"text-align: left;\">ja<\/td>\n<\/tr>\n<tr>\n<th id=\"attrTitle_20\" style=\"text-align: left;\"><strong>Bremse<\/strong><\/th>\n<td id=\"attrValue_20\">SRAM Level<\/td>\n<\/tr>\n<tr>\n<th id=\"attrTitle_21\" style=\"text-align: left;\"><strong>Kettenschutz<\/strong><\/th>\n<td id=\"attrValue_21\">ja<\/td>\n<\/tr>\n<tr>\n<th id=\"attrTitle_22\" style=\"text-align: left;\"><strong>Bremshebel<\/strong><\/th>\n<td id=\"attrValue_22\" style=\"text-align: left;\">Sram<\/td>\n<\/tr>\n<tr>\n<th id=\"attrTitle_23\" style=\"text-align: left;\"><strong>Schalthebel<\/strong><\/th>\n<td id=\"attrValue_23\">Sram<\/td>\n<\/tr>\n<tr>\n<th id=\"attrTitle_24\" style=\"text-align: left;\"><strong>St\u00e4nder<\/strong><\/th>\n<td id=\"attrValue_24\">ja<\/td>\n<\/tr>\n<tr>\n<th id=\"attrTitle_25\" style=\"text-align: left;\"><strong>R\u00fcckleuchte<\/strong><\/th>\n<td id=\"attrValue_25\" style=\"text-align: left;\">ja<\/td>\n<\/tr>\n<tr>\n<th id=\"attrTitle_26\" style=\"text-align: left;\"><strong>Akkuleistung (Wh)<\/strong><\/th>\n<td id=\"attrValue_26\">630<\/td>\n<\/tr>\n<tr>\n<th id=\"attrTitle_27\" style=\"text-align: left;\"><strong>Modelljahr<\/strong><\/th>\n<td id=\"attrValue_27\">2021<\/td>\n<\/tr>\n<tr>\n<th id=\"attrTitle_28\" style=\"text-align: left;\"><strong>Kategorie<\/strong><\/th>\n<td id=\"attrValue_28\">E-Bikes \/ Pedelecs \/ Trekking\/Touren<\/td>\n<\/tr>\n<tr>\n<th id=\"attrTitle_29\" style=\"text-align: left;\"><strong>Motorunterst\u00fctzung<\/strong><\/th>\n<td id=\"attrValue_29\">bis 25 km\/h<\/td>\n<\/tr>\n<tr>\n<th id=\"attrTitle_30\" style=\"text-align: left;\"><strong>Zustand<\/strong><\/th>\n<td id=\"attrValue_30\">neu<\/td>\n<\/tr>\n<tr>\n<th id=\"attrTitle_31\" style=\"text-align: left;\"><strong>Laufradgr\u00f6\u00dfe<\/strong><\/th>\n<td id=\"attrValue_31\">27,5<\/td>\n<\/tr>\n<\/tbody>\n<\/table>\n<\/div>\n<\/div>\n<\/div>\n<\/div>\n<\/div>\n<div class=\"col-12 col-sm-12 col-md-12 col-lg-6 col-xl-4\">\n<div class=\"information\"><\/div>\n<\/div>\n<\/div>\n<\/div>\n<\/div>","protected":false},"excerpt":{"rendered":"<p>Fantic Seven Days Living Daher wird das von uns hier angebotene Fantic Seven Days Seven von einem Spezialisten in unserer<\/p>","protected":false},"featured_media":61643,"comment_status":"open","ping_status":"closed","template":"","meta":{"_rtcl_gb_attr":""},"product_brand":[],"product_cat":[33,247,320,281],"product_tag":[],"class_list":{"0":"post-39558","1":"product","2":"type-product","3":"status-publish","4":"has-post-thumbnail","6":"product_cat-e-bike","7":"product_cat-e-bike-trekking","8":"product_cat-e-bikes-2021","9":"product_cat-e-fahrrad","10":"pa_marke-fantic","12":"first","13":"instock","14":"sale","15":"taxable","16":"shipping-taxable","17":"purchasable","18":"product-type-variable"},"yoast_head":"<!-- This site is optimized with the Yoast SEO Premium plugin v20.12 (Yoast SEO v27.4) - https:\/\/yoast.com\/product\/yoast-seo-premium-wordpress\/ -->\n<title>Fantic Seven Days Living<\/title>\n<meta name=\"description\" content=\"cioelectro.com bietet Ihnen das Fantic Seven Days Living zum besten Preis mit kostenlosem Versand in ganz EuropaFantic SeveFantic Seven Days\" \/>\n<meta name=\"robots\" content=\"index, follow, max-snippet:-1, max-image-preview:large, max-video-preview:-1\" \/>\n<link rel=\"canonical\" href=\"https:\/\/cioelectro.com\/en\/produkt\/fantic-seven-days-living\/\" \/>\n<meta property=\"og:locale\" content=\"en_US\" \/>\n<meta property=\"og:type\" content=\"article\" \/>\n<meta property=\"og:title\" content=\"Fantic Seven Days Living\" \/>\n<meta property=\"og:description\" content=\"Entdecken Sie unseren Online-Fahrradladen: Gro\u00dfe Auswahl an Modellen f\u00fcr alle Radsportbegeisterten. Von Rennr\u00e4dern bis zu Mountainbikes - finden Sie heute Ihren perfekten Wegbegleiter!\" \/>\n<meta property=\"og:url\" content=\"https:\/\/cioelectro.com\/en\/produkt\/fantic-seven-days-living\/\" \/>\n<meta property=\"og:site_name\" content=\"cioelectro.com\" \/>\n<meta property=\"article:modified_time\" content=\"2023-08-11T11:21:25+00:00\" \/>\n<meta property=\"og:image\" content=\"https:\/\/cioelectro.com\/wp-content\/uploads\/2023\/06\/Seven-Days-Living_45529-1.jpg\" \/>\n\t<meta property=\"og:image:width\" content=\"1500\" \/>\n\t<meta property=\"og:image:height\" content=\"1500\" \/>\n\t<meta property=\"og:image:type\" content=\"image\/jpeg\" \/>\n<meta name=\"twitter:card\" content=\"summary_large_image\" \/>\n<meta name=\"twitter:label1\" content=\"Est. reading time\" \/>\n\t<meta name=\"twitter:data1\" content=\"2 minutes\" \/>\n<script type=\"application\/ld+json\" class=\"yoast-schema-graph\">{\"@context\":\"https:\\\/\\\/schema.org\",\"@graph\":[{\"@type\":\"WebPage\",\"@id\":\"https:\\\/\\\/cioelectro.com\\\/produkt\\\/fantic-seven-days-living\\\/\",\"url\":\"https:\\\/\\\/cioelectro.com\\\/produkt\\\/fantic-seven-days-living\\\/\",\"name\":\"Fantic Seven Days Living\",\"isPartOf\":{\"@id\":\"https:\\\/\\\/cioelectro.com\\\/#website\"},\"primaryImageOfPage\":{\"@id\":\"https:\\\/\\\/cioelectro.com\\\/produkt\\\/fantic-seven-days-living\\\/#primaryimage\"},\"image\":{\"@id\":\"https:\\\/\\\/cioelectro.com\\\/produkt\\\/fantic-seven-days-living\\\/#primaryimage\"},\"thumbnailUrl\":\"https:\\\/\\\/cioelectro.com\\\/wp-content\\\/uploads\\\/2023\\\/06\\\/Seven-Days-Living_45529-1.jpg\",\"datePublished\":\"2022-11-09T12:22:59+00:00\",\"dateModified\":\"2023-08-11T11:21:25+00:00\",\"description\":\"cioelectro.com bietet Ihnen das Fantic Seven Days Living zum besten Preis mit kostenlosem Versand in ganz EuropaFantic SeveFantic Seven Days\",\"breadcrumb\":{\"@id\":\"https:\\\/\\\/cioelectro.com\\\/produkt\\\/fantic-seven-days-living\\\/#breadcrumb\"},\"inLanguage\":\"en-US\",\"potentialAction\":[{\"@type\":\"ReadAction\",\"target\":[\"https:\\\/\\\/cioelectro.com\\\/produkt\\\/fantic-seven-days-living\\\/\"]}]},{\"@type\":\"ImageObject\",\"inLanguage\":\"en-US\",\"@id\":\"https:\\\/\\\/cioelectro.com\\\/produkt\\\/fantic-seven-days-living\\\/#primaryimage\",\"url\":\"https:\\\/\\\/cioelectro.com\\\/wp-content\\\/uploads\\\/2023\\\/06\\\/Seven-Days-Living_45529-1.jpg\",\"contentUrl\":\"https:\\\/\\\/cioelectro.com\\\/wp-content\\\/uploads\\\/2023\\\/06\\\/Seven-Days-Living_45529-1.jpg\",\"width\":1500,\"height\":1500,\"caption\":\"Fantic Seven Days Living\"},{\"@type\":\"BreadcrumbList\",\"@id\":\"https:\\\/\\\/cioelectro.com\\\/produkt\\\/fantic-seven-days-living\\\/#breadcrumb\",\"itemListElement\":[{\"@type\":\"ListItem\",\"position\":1,\"name\":\"Startseite\",\"item\":\"https:\\\/\\\/cioelectro.com\\\/\"},{\"@type\":\"ListItem\",\"position\":2,\"name\":\"LADEN\",\"item\":\"https:\\\/\\\/cioelectro.com\\\/laden\\\/\"},{\"@type\":\"ListItem\",\"position\":3,\"name\":\"Fantic Seven Days Living\"}]},{\"@type\":\"WebSite\",\"@id\":\"https:\\\/\\\/cioelectro.com\\\/#website\",\"url\":\"https:\\\/\\\/cioelectro.com\\\/\",\"name\":\"cioelectro.com\",\"description\":\"Treten Sie mit uns ins Abenteuer!\",\"publisher\":{\"@id\":\"https:\\\/\\\/cioelectro.com\\\/#organization\"},\"alternateName\":\"MEIN RADLADEN\",\"potentialAction\":[{\"@type\":\"SearchAction\",\"target\":{\"@type\":\"EntryPoint\",\"urlTemplate\":\"https:\\\/\\\/cioelectro.com\\\/?s={search_term_string}\"},\"query-input\":{\"@type\":\"PropertyValueSpecification\",\"valueRequired\":true,\"valueName\":\"search_term_string\"}}],\"inLanguage\":\"en-US\"},{\"@type\":\"Organization\",\"@id\":\"https:\\\/\\\/cioelectro.com\\\/#organization\",\"name\":\"CIOELECTRO\",\"alternateName\":\"MEIN RADLADEN\",\"url\":\"https:\\\/\\\/cioelectro.com\\\/\",\"logo\":{\"@type\":\"ImageObject\",\"inLanguage\":\"en-US\",\"@id\":\"https:\\\/\\\/cioelectro.com\\\/#\\\/schema\\\/logo\\\/image\\\/\",\"url\":\"https:\\\/\\\/cioelectro.com\\\/wp-content\\\/uploads\\\/2025\\\/12\\\/Logo-2-1200x800.png\",\"contentUrl\":\"https:\\\/\\\/cioelectro.com\\\/wp-content\\\/uploads\\\/2025\\\/12\\\/Logo-2-1200x800.png\",\"width\":1200,\"height\":800,\"caption\":\"CIOELECTRO\"},\"image\":{\"@id\":\"https:\\\/\\\/cioelectro.com\\\/#\\\/schema\\\/logo\\\/image\\\/\"}}]}<\/script>\n<!-- \/ Yoast SEO Premium plugin. -->","yoast_head_json":{"title":"Fantic Seven Days Living","description":"cioelectro.com bietet Ihnen das Fantic Seven Days Living zum besten Preis mit kostenlosem Versand in ganz EuropaFantic SeveFantic Seven Days","robots":{"index":"index","follow":"follow","max-snippet":"max-snippet:-1","max-image-preview":"max-image-preview:large","max-video-preview":"max-video-preview:-1"},"canonical":"https:\/\/cioelectro.com\/en\/produkt\/fantic-seven-days-living\/","og_locale":"en_US","og_type":"article","og_title":"Fantic Seven Days Living","og_description":"Entdecken Sie unseren Online-Fahrradladen: Gro\u00dfe Auswahl an Modellen f\u00fcr alle Radsportbegeisterten. Von Rennr\u00e4dern bis zu Mountainbikes - finden Sie heute Ihren perfekten Wegbegleiter!","og_url":"https:\/\/cioelectro.com\/en\/produkt\/fantic-seven-days-living\/","og_site_name":"cioelectro.com","article_modified_time":"2023-08-11T11:21:25+00:00","og_image":[{"width":1500,"height":1500,"url":"https:\/\/cioelectro.com\/wp-content\/uploads\/2023\/06\/Seven-Days-Living_45529-1.jpg","type":"image\/jpeg"}],"twitter_card":"summary_large_image","twitter_misc":{"Est. reading time":"2 minutes"},"schema":{"@context":"https:\/\/schema.org","@graph":[{"@type":"WebPage","@id":"https:\/\/cioelectro.com\/produkt\/fantic-seven-days-living\/","url":"https:\/\/cioelectro.com\/produkt\/fantic-seven-days-living\/","name":"Fantic Seven Days Living","isPartOf":{"@id":"https:\/\/cioelectro.com\/#website"},"primaryImageOfPage":{"@id":"https:\/\/cioelectro.com\/produkt\/fantic-seven-days-living\/#primaryimage"},"image":{"@id":"https:\/\/cioelectro.com\/produkt\/fantic-seven-days-living\/#primaryimage"},"thumbnailUrl":"https:\/\/cioelectro.com\/wp-content\/uploads\/2023\/06\/Seven-Days-Living_45529-1.jpg","datePublished":"2022-11-09T12:22:59+00:00","dateModified":"2023-08-11T11:21:25+00:00","description":"cioelectro.com bietet Ihnen das Fantic Seven Days Living zum besten Preis mit kostenlosem Versand in ganz EuropaFantic SeveFantic Seven Days","breadcrumb":{"@id":"https:\/\/cioelectro.com\/produkt\/fantic-seven-days-living\/#breadcrumb"},"inLanguage":"en-US","potentialAction":[{"@type":"ReadAction","target":["https:\/\/cioelectro.com\/produkt\/fantic-seven-days-living\/"]}]},{"@type":"ImageObject","inLanguage":"en-US","@id":"https:\/\/cioelectro.com\/produkt\/fantic-seven-days-living\/#primaryimage","url":"https:\/\/cioelectro.com\/wp-content\/uploads\/2023\/06\/Seven-Days-Living_45529-1.jpg","contentUrl":"https:\/\/cioelectro.com\/wp-content\/uploads\/2023\/06\/Seven-Days-Living_45529-1.jpg","width":1500,"height":1500,"caption":"Fantic Seven Days Living"},{"@type":"BreadcrumbList","@id":"https:\/\/cioelectro.com\/produkt\/fantic-seven-days-living\/#breadcrumb","itemListElement":[{"@type":"ListItem","position":1,"name":"Startseite","item":"https:\/\/cioelectro.com\/"},{"@type":"ListItem","position":2,"name":"LADEN","item":"https:\/\/cioelectro.com\/laden\/"},{"@type":"ListItem","position":3,"name":"Fantic Seven Days Living"}]},{"@type":"WebSite","@id":"https:\/\/cioelectro.com\/#website","url":"https:\/\/cioelectro.com\/","name":"cioelectro.com","description":"Treten Sie mit uns ins Abenteuer!","publisher":{"@id":"https:\/\/cioelectro.com\/#organization"},"alternateName":"MEIN RADLADEN","potentialAction":[{"@type":"SearchAction","target":{"@type":"EntryPoint","urlTemplate":"https:\/\/cioelectro.com\/?s={search_term_string}"},"query-input":{"@type":"PropertyValueSpecification","valueRequired":true,"valueName":"search_term_string"}}],"inLanguage":"en-US"},{"@type":"Organization","@id":"https:\/\/cioelectro.com\/#organization","name":"CIOELECTRO","alternateName":"MEIN RADLADEN","url":"https:\/\/cioelectro.com\/","logo":{"@type":"ImageObject","inLanguage":"en-US","@id":"https:\/\/cioelectro.com\/#\/schema\/logo\/image\/","url":"https:\/\/cioelectro.com\/wp-content\/uploads\/2025\/12\/Logo-2-1200x800.png","contentUrl":"https:\/\/cioelectro.com\/wp-content\/uploads\/2025\/12\/Logo-2-1200x800.png","width":1200,"height":800,"caption":"CIOELECTRO"},"image":{"@id":"https:\/\/cioelectro.com\/#\/schema\/logo\/image\/"}}]}},"_links":{"self":[{"href":"https:\/\/cioelectro.com\/en\/wp-json\/wp\/v2\/product\/39558","targetHints":{"allow":["GET"]}}],"collection":[{"href":"https:\/\/cioelectro.com\/en\/wp-json\/wp\/v2\/product"}],"about":[{"href":"https:\/\/cioelectro.com\/en\/wp-json\/wp\/v2\/types\/product"}],"replies":[{"embeddable":true,"href":"https:\/\/cioelectro.com\/en\/wp-json\/wp\/v2\/comments?post=39558"}],"version-history":[{"count":0,"href":"https:\/\/cioelectro.com\/en\/wp-json\/wp\/v2\/product\/39558\/revisions"}],"wp:featuredmedia":[{"embeddable":true,"href":"https:\/\/cioelectro.com\/en\/wp-json\/wp\/v2\/media\/61643"}],"wp:attachment":[{"href":"https:\/\/cioelectro.com\/en\/wp-json\/wp\/v2\/media?parent=39558"}],"wp:term":[{"taxonomy":"product_brand","embeddable":true,"href":"https:\/\/cioelectro.com\/en\/wp-json\/wp\/v2\/product_brand?post=39558"},{"taxonomy":"product_cat","embeddable":true,"href":"https:\/\/cioelectro.com\/en\/wp-json\/wp\/v2\/product_cat?post=39558"},{"taxonomy":"product_tag","embeddable":true,"href":"https:\/\/cioelectro.com\/en\/wp-json\/wp\/v2\/product_tag?post=39558"}],"curies":[{"name":"wp","href":"https:\/\/api.w.org\/{rel}","templated":true}]}}