{"id":39992,"date":"2022-11-10T16:12:15","date_gmt":"2022-11-10T15:12:15","guid":{"rendered":"https:\/\/meinradladen.com\/?post_type=product&#038;p=39992"},"modified":"2023-08-11T13:07:09","modified_gmt":"2023-08-11T11:07:09","slug":"cannondale-tesoro-neo-x-3-schwarz","status":"publish","type":"product","link":"https:\/\/cioelectro.com\/en\/produkt\/cannondale-tesoro-neo-x-3-schwarz\/","title":{"rendered":"Cannondale Tesoro Neo X 3 schwarz"},"content":{"rendered":"<h2 class=\"product-name cyc-typo_display-3 cyc-margin_bottom-1 cyc-no-texttransform js-productName\">Cannondale Tesoro Neo X 3 schwarz<\/h2>\n<p style=\"text-align: left;\">Cannondale Tesoro Neo X, Werden Sie wild. Dieses Stra\u00dfen-\/Gel\u00e4nde-E-Bike ist eine voll beladene Trekkingmaschine. Raus aus dem Rattenrennen und rein in die Wildnis.<\/p>\n<p><b>St\u00e4dtisch best\u00e4ndig<\/b><br \/>\nSchlagl\u00f6cher? Kies? Stra\u00dfenbahnschienen? Kein Problem. Alle Merkmale, die das Tesoro Neo X so gel\u00e4ndeg\u00e4ngig machen, sorgen f\u00fcr ein \u00e4u\u00dferst komfortables und sicheres Fahrerlebnis auf der Stra\u00dfe.<\/p>\n<p><b>Leistung und Reichweite<\/b><br \/>\nLanglebige, zuverl\u00e4ssige Antriebseinheit und Batterie von Bosch geben Ihnen die Geschwindigkeit, die Sie brauchen, mit dem n\u00f6tigen Saft f\u00fcr die Strecke.<\/p>\n<p><b>Angetrieben von Bosch<\/b><br \/>\nDer Bosch Performance Line Cruise mit 500Wh PowerTube-Batterie eignet sich perfekt f\u00fcr Stadt- und Abenteuerfahrten. Mit 65 Nm Drehmoment ist er leistungsstark, leise und leicht.<\/p>\n<p><b>SmartForm C2-Legierung<\/b><br \/>\nAluminiumkonstruktion, die einen Schnitt nach oben darstellt. Leistungsstarke Rohrformen, umfangreiche Gewichtseinsparungen durch Stumpfsto\u00df und nahtlose Doppeldurchschwei\u00dfungen sorgen f\u00fcr ein Fahrverhalten, das in seiner Klasse seinesgleichen sucht.<\/p>\n<p><b>Grafische Reflexion<\/b><br \/>\nGesehen werden. Hochreflektierende Akzente an Rahmen und Gabel erh\u00f6hen die Sichtbarkeit bei schlechten Lichtverh\u00e4ltnissen.<\/p>\n<p><b>Si Motorhalterung<\/b><br \/>\nDie propriet\u00e4re Cannondale-Motorhalterung positioniert die Bosch-Antriebseinheit niedrig und nach vorn im Rahmen, wodurch der Schwerpunkt niedrig und die Kettenstreben kurz gehalten werden, was ein ungew\u00f6hnlich agiles Handling erm\u00f6glicht.<\/p>\n<p><b>Der Ai-Vorteil<\/b><br \/>\nDer Ai Offset Drivetrain \u00f6ffnet den Hinterbau f\u00fcr mehr Reifenfreiheit, w\u00e4hrend die Kettenstreben kurz gehalten werden, um eine flinke Agilit\u00e4t zu gew\u00e4hrleisten. Ein steiferes, st\u00e4rkeres Hinterrad ist nur das Sahneh\u00e4ubchen auf dem Kuchen.<\/p>\n<h2>Zus\u00e4tzliche Information<\/h2>\n<table class=\"shop_attributes\">\n<tbody>\n<tr>\n<th class=\"attr_header\" colspan=\"2\">IM \u00dcBERBLICK<\/th>\n<\/tr>\n<tr>\n<th>e-Bike Typ<\/th>\n<td>Trekking e-Bike<\/td>\n<\/tr>\n<tr>\n<th>Modelljahr<\/th>\n<td>2021<\/td>\n<\/tr>\n<tr>\n<th>Motorunterst\u00fctzung<\/th>\n<td>25<\/td>\n<\/tr>\n<tr>\n<th>Schaltung Hersteller<\/th>\n<td>Shimano<\/td>\n<\/tr>\n<tr>\n<th>Schaltungstyp<\/th>\n<td>Kettenschaltung<\/td>\n<\/tr>\n<tr>\n<th>Federung<\/th>\n<td>Federgabel<\/td>\n<\/tr>\n<tr>\n<th>Federung mm<\/th>\n<td>100<\/td>\n<\/tr>\n<tr>\n<th>Bremsentyp<\/th>\n<td>Hydraulische Scheibenbremse<\/td>\n<\/tr>\n<tr>\n<th>Farbe<\/th>\n<td>schwarz<\/td>\n<\/tr>\n<tr>\n<th>Rahmengr\u00f6\u00dfe<\/th>\n<td>S, M, L, XL<\/td>\n<\/tr>\n<tr>\n<th>Reifengr\u00f6\u00dfe<\/th>\n<td>29&#8221;<\/td>\n<\/tr>\n<tr>\n<th>Rahmenform<\/th>\n<td>Diamant<\/td>\n<\/tr>\n<tr>\n<th class=\"attr_header\" colspan=\"2\">ANTRIEBSEINHEIT<\/th>\n<\/tr>\n<tr>\n<th>Motor<\/th>\n<td>Bosch Performance Line 3.0 36V 250W<\/td>\n<\/tr>\n<tr>\n<th>Akku<\/th>\n<td>500 Wh<\/td>\n<\/tr>\n<tr>\n<th>Display<\/th>\n<td>Bosch Purion<\/td>\n<\/tr>\n<tr>\n<th>Ladeger\u00e4t<\/th>\n<td>Bosch 4A<\/td>\n<\/tr>\n<tr>\n<th class=\"attr_header\" colspan=\"2\">SCHALTUNG &amp; ANTRIEB<\/th>\n<\/tr>\n<tr>\n<th>Schaltung<\/th>\n<td>Shimano Deore M4120, 10-Gang Kettenschaltung<\/td>\n<\/tr>\n<tr>\n<th>Schalthebel<\/th>\n<td>Shimano Deore M4100, 10-Gang<\/td>\n<\/tr>\n<tr>\n<th>Schaltwerk<\/th>\n<td>Shimano Deore M4120, 10-Gang<\/td>\n<\/tr>\n<tr>\n<th>Kurbelsatz<\/th>\n<td>FSA Bosch E-Bike, 38T<\/td>\n<\/tr>\n<tr>\n<th>Kassette<\/th>\n<td>Shimano Deore M4100, 11-42, 10-Gang<\/td>\n<\/tr>\n<tr>\n<th>Kette<\/th>\n<td>Shimano HG54, 10-Gang<\/td>\n<\/tr>\n<tr>\n<th class=\"attr_header\" colspan=\"2\">RAHMEN &amp; GABEL<\/th>\n<\/tr>\n<tr>\n<th>Rahmen<\/th>\n<td>SmartForm C2 Alloy, integrierte Kabelf\u00fchrung<\/td>\n<\/tr>\n<tr>\n<th>Gabel<\/th>\n<td>SR Suntour XCM ATB, 100 mm Federweg, Coil, 46 mm offset<\/td>\n<\/tr>\n<tr>\n<th>Steuersatz<\/th>\n<td>Integrated Sealed Bearing, Tapered<\/td>\n<\/tr>\n<tr>\n<th class=\"attr_header\" colspan=\"2\">BREMSE<\/th>\n<\/tr>\n<tr>\n<th>Bremsanlage<\/th>\n<td>Shimano MT200 hydraulic disc, 180 mm, RT10 Rotoren<\/td>\n<\/tr>\n<tr>\n<th>Bremshebel<\/th>\n<td>Shimano MT200 hydraulic disc<\/td>\n<\/tr>\n<tr>\n<th class=\"attr_header\" colspan=\"2\">LAUFR\u00c4DER<\/th>\n<\/tr>\n<tr>\n<th>Felgen<\/th>\n<td>WTB STX i29 TCS, 32h, tubeless ready<\/td>\n<\/tr>\n<tr>\n<th>Naben (V\/H)<\/th>\n<td>Shimano TX505, QR \/ Shimano MT400, 12 x 148 mm<\/td>\n<\/tr>\n<tr>\n<th>Speichen<\/th>\n<td>DT Swiss Champion<\/td>\n<\/tr>\n<tr>\n<th>Reifen<\/th>\n<td>Schwalbe G-One Allround Performance, 29 x 2,25&#8221;, RaceGuard<\/td>\n<\/tr>\n<tr>\n<th class=\"attr_header\" colspan=\"2\">COCKPIT<\/th>\n<\/tr>\n<tr>\n<th>Lenker<\/th>\n<td>Cannondale 3 Riser, 6061 Alloy, 15mm rise, 8\u00b0 sweep, 4\u00b0 rise<\/td>\n<\/tr>\n<tr>\n<th>Vorbau<\/th>\n<td>Cannondale Adjustable, A-headset, 31,8 mm<\/td>\n<\/tr>\n<tr>\n<th>Lenkergriffe<\/th>\n<td>Cannondale Ergo Fitness Dual Density, Lock-On<\/td>\n<\/tr>\n<tr>\n<th>Sattelst\u00fctze<\/th>\n<td>Cannondale 4, 6061 Alloy, 31,6 mm<\/td>\n<\/tr>\n<tr>\n<th>Pedale<\/th>\n<td>Cannondale Platform<\/td>\n<\/tr>\n<tr>\n<th>Sattel<\/th>\n<td>Cannondale Ergo Touring<\/td>\n<\/tr>\n<tr>\n<th class=\"attr_header\" colspan=\"2\">AUSSTATTUNG<\/th>\n<\/tr>\n<tr>\n<th>Frontlicht<\/th>\n<td>Herrmans H-Black MR4<\/td>\n<\/tr>\n<tr>\n<th>R\u00fccklicht<\/th>\n<td>Herrmans H-Trace Micro<\/td>\n<\/tr>\n<tr>\n<th>Gep\u00e4cktr\u00e4ger<\/th>\n<td>Tubus (maximal 25 kg)<\/td>\n<\/tr>\n<tr>\n<th>Schutzbleche<\/th>\n<td>Tubus Wingee<\/td>\n<\/tr>\n<\/tbody>\n<\/table>","protected":false},"excerpt":{"rendered":"<p>Cannondale Tesoro Neo X 3 schwarz Cannondale Tesoro Neo X, Werden Sie wild. Dieses Stra\u00dfen-\/Gel\u00e4nde-E-Bike ist eine voll beladene Trekkingmaschine.<\/p>","protected":false},"featured_media":61729,"comment_status":"open","ping_status":"closed","template":"","meta":{"_rtcl_gb_attr":""},"product_brand":[],"product_cat":[33,247,281],"product_tag":[],"class_list":{"0":"post-39992","1":"product","2":"type-product","3":"status-publish","4":"has-post-thumbnail","6":"product_cat-e-bike","7":"product_cat-e-bike-trekking","8":"product_cat-e-fahrrad","9":"pa_marke-cannondale","11":"first","12":"instock","13":"sale","14":"taxable","15":"shipping-taxable","16":"purchasable","17":"product-type-variable"},"yoast_head":"<!-- This site is optimized with the Yoast SEO Premium plugin v20.12 (Yoast SEO v27.4) - https:\/\/yoast.com\/product\/yoast-seo-premium-wordpress\/ -->\n<title>Cannondale Tesoro Neo X 3 schwarz<\/title>\n<meta name=\"description\" content=\"cioelectro.com bietet Ihnen das Cannondale Tesoro Neo X 3 schwarz zum besten Preis mit kostenlosem Versand in ganz EuropaCannondale Tesoro Neo X\" \/>\n<meta name=\"robots\" content=\"index, follow, max-snippet:-1, max-image-preview:large, max-video-preview:-1\" \/>\n<link rel=\"canonical\" href=\"https:\/\/cioelectro.com\/en\/produkt\/cannondale-tesoro-neo-x-3-schwarz\/\" \/>\n<meta property=\"og:locale\" content=\"en_US\" \/>\n<meta property=\"og:type\" content=\"article\" \/>\n<meta property=\"og:title\" content=\"Cannondale Tesoro Neo X 3 schwarz\" \/>\n<meta property=\"og:description\" content=\"Entdecken Sie unseren Online-Fahrradladen: Gro\u00dfe Auswahl an Modellen f\u00fcr alle Radsportbegeisterten. Von Rennr\u00e4dern bis zu Mountainbikes - finden Sie heute Ihren perfekten Wegbegleiter!\" \/>\n<meta property=\"og:url\" content=\"https:\/\/cioelectro.com\/en\/produkt\/cannondale-tesoro-neo-x-3-schwarz\/\" \/>\n<meta property=\"og:site_name\" content=\"cioelectro.com\" \/>\n<meta property=\"article:modified_time\" content=\"2023-08-11T11:07:09+00:00\" \/>\n<meta property=\"og:image\" content=\"https:\/\/cioelectro.com\/wp-content\/uploads\/2023\/06\/Cannondale-Tesoro-Neo-X-3-500Wh-65Nm-Remixte-schwarz-E-Citybike-2022-C66401U10_b_0.jpg\" \/>\n\t<meta property=\"og:image:width\" content=\"2550\" \/>\n\t<meta property=\"og:image:height\" content=\"1421\" \/>\n\t<meta property=\"og:image:type\" content=\"image\/jpeg\" \/>\n<meta name=\"twitter:card\" content=\"summary_large_image\" \/>\n<meta name=\"twitter:label1\" content=\"Est. reading time\" \/>\n\t<meta name=\"twitter:data1\" content=\"3 minutes\" \/>\n<script type=\"application\/ld+json\" class=\"yoast-schema-graph\">{\"@context\":\"https:\\\/\\\/schema.org\",\"@graph\":[{\"@type\":\"WebPage\",\"@id\":\"https:\\\/\\\/cioelectro.com\\\/produkt\\\/cannondale-tesoro-neo-x-3-schwarz\\\/\",\"url\":\"https:\\\/\\\/cioelectro.com\\\/produkt\\\/cannondale-tesoro-neo-x-3-schwarz\\\/\",\"name\":\"Cannondale Tesoro Neo X 3 schwarz\",\"isPartOf\":{\"@id\":\"https:\\\/\\\/cioelectro.com\\\/#website\"},\"primaryImageOfPage\":{\"@id\":\"https:\\\/\\\/cioelectro.com\\\/produkt\\\/cannondale-tesoro-neo-x-3-schwarz\\\/#primaryimage\"},\"image\":{\"@id\":\"https:\\\/\\\/cioelectro.com\\\/produkt\\\/cannondale-tesoro-neo-x-3-schwarz\\\/#primaryimage\"},\"thumbnailUrl\":\"https:\\\/\\\/cioelectro.com\\\/wp-content\\\/uploads\\\/2023\\\/06\\\/Cannondale-Tesoro-Neo-X-3-500Wh-65Nm-Remixte-schwarz-E-Citybike-2022-C66401U10_b_0.jpg\",\"datePublished\":\"2022-11-10T15:12:15+00:00\",\"dateModified\":\"2023-08-11T11:07:09+00:00\",\"description\":\"cioelectro.com bietet Ihnen das Cannondale Tesoro Neo X 3 schwarz zum besten Preis mit kostenlosem Versand in ganz EuropaCannondale Tesoro Neo X\",\"breadcrumb\":{\"@id\":\"https:\\\/\\\/cioelectro.com\\\/produkt\\\/cannondale-tesoro-neo-x-3-schwarz\\\/#breadcrumb\"},\"inLanguage\":\"en-US\",\"potentialAction\":[{\"@type\":\"ReadAction\",\"target\":[\"https:\\\/\\\/cioelectro.com\\\/produkt\\\/cannondale-tesoro-neo-x-3-schwarz\\\/\"]}]},{\"@type\":\"ImageObject\",\"inLanguage\":\"en-US\",\"@id\":\"https:\\\/\\\/cioelectro.com\\\/produkt\\\/cannondale-tesoro-neo-x-3-schwarz\\\/#primaryimage\",\"url\":\"https:\\\/\\\/cioelectro.com\\\/wp-content\\\/uploads\\\/2023\\\/06\\\/Cannondale-Tesoro-Neo-X-3-500Wh-65Nm-Remixte-schwarz-E-Citybike-2022-C66401U10_b_0.jpg\",\"contentUrl\":\"https:\\\/\\\/cioelectro.com\\\/wp-content\\\/uploads\\\/2023\\\/06\\\/Cannondale-Tesoro-Neo-X-3-500Wh-65Nm-Remixte-schwarz-E-Citybike-2022-C66401U10_b_0.jpg\",\"width\":2550,\"height\":1421,\"caption\":\"Cannondale Tesoro Neo X 3 schwarz\"},{\"@type\":\"BreadcrumbList\",\"@id\":\"https:\\\/\\\/cioelectro.com\\\/produkt\\\/cannondale-tesoro-neo-x-3-schwarz\\\/#breadcrumb\",\"itemListElement\":[{\"@type\":\"ListItem\",\"position\":1,\"name\":\"Startseite\",\"item\":\"https:\\\/\\\/cioelectro.com\\\/\"},{\"@type\":\"ListItem\",\"position\":2,\"name\":\"LADEN\",\"item\":\"https:\\\/\\\/cioelectro.com\\\/laden\\\/\"},{\"@type\":\"ListItem\",\"position\":3,\"name\":\"Cannondale Tesoro Neo X 3 schwarz\"}]},{\"@type\":\"WebSite\",\"@id\":\"https:\\\/\\\/cioelectro.com\\\/#website\",\"url\":\"https:\\\/\\\/cioelectro.com\\\/\",\"name\":\"cioelectro.com\",\"description\":\"Treten Sie mit uns ins Abenteuer!\",\"publisher\":{\"@id\":\"https:\\\/\\\/cioelectro.com\\\/#organization\"},\"alternateName\":\"MEIN RADLADEN\",\"potentialAction\":[{\"@type\":\"SearchAction\",\"target\":{\"@type\":\"EntryPoint\",\"urlTemplate\":\"https:\\\/\\\/cioelectro.com\\\/?s={search_term_string}\"},\"query-input\":{\"@type\":\"PropertyValueSpecification\",\"valueRequired\":true,\"valueName\":\"search_term_string\"}}],\"inLanguage\":\"en-US\"},{\"@type\":\"Organization\",\"@id\":\"https:\\\/\\\/cioelectro.com\\\/#organization\",\"name\":\"CIOELECTRO\",\"alternateName\":\"MEIN RADLADEN\",\"url\":\"https:\\\/\\\/cioelectro.com\\\/\",\"logo\":{\"@type\":\"ImageObject\",\"inLanguage\":\"en-US\",\"@id\":\"https:\\\/\\\/cioelectro.com\\\/#\\\/schema\\\/logo\\\/image\\\/\",\"url\":\"https:\\\/\\\/cioelectro.com\\\/wp-content\\\/uploads\\\/2025\\\/12\\\/Logo-2-1200x800.png\",\"contentUrl\":\"https:\\\/\\\/cioelectro.com\\\/wp-content\\\/uploads\\\/2025\\\/12\\\/Logo-2-1200x800.png\",\"width\":1200,\"height\":800,\"caption\":\"CIOELECTRO\"},\"image\":{\"@id\":\"https:\\\/\\\/cioelectro.com\\\/#\\\/schema\\\/logo\\\/image\\\/\"}}]}<\/script>\n<!-- \/ Yoast SEO Premium plugin. -->","yoast_head_json":{"title":"Cannondale Tesoro Neo X 3 schwarz","description":"cioelectro.com bietet Ihnen das Cannondale Tesoro Neo X 3 schwarz zum besten Preis mit kostenlosem Versand in ganz EuropaCannondale Tesoro Neo X","robots":{"index":"index","follow":"follow","max-snippet":"max-snippet:-1","max-image-preview":"max-image-preview:large","max-video-preview":"max-video-preview:-1"},"canonical":"https:\/\/cioelectro.com\/en\/produkt\/cannondale-tesoro-neo-x-3-schwarz\/","og_locale":"en_US","og_type":"article","og_title":"Cannondale Tesoro Neo X 3 schwarz","og_description":"Entdecken Sie unseren Online-Fahrradladen: Gro\u00dfe Auswahl an Modellen f\u00fcr alle Radsportbegeisterten. Von Rennr\u00e4dern bis zu Mountainbikes - finden Sie heute Ihren perfekten Wegbegleiter!","og_url":"https:\/\/cioelectro.com\/en\/produkt\/cannondale-tesoro-neo-x-3-schwarz\/","og_site_name":"cioelectro.com","article_modified_time":"2023-08-11T11:07:09+00:00","og_image":[{"width":2550,"height":1421,"url":"https:\/\/cioelectro.com\/wp-content\/uploads\/2023\/06\/Cannondale-Tesoro-Neo-X-3-500Wh-65Nm-Remixte-schwarz-E-Citybike-2022-C66401U10_b_0.jpg","type":"image\/jpeg"}],"twitter_card":"summary_large_image","twitter_misc":{"Est. reading time":"3 minutes"},"schema":{"@context":"https:\/\/schema.org","@graph":[{"@type":"WebPage","@id":"https:\/\/cioelectro.com\/produkt\/cannondale-tesoro-neo-x-3-schwarz\/","url":"https:\/\/cioelectro.com\/produkt\/cannondale-tesoro-neo-x-3-schwarz\/","name":"Cannondale Tesoro Neo X 3 schwarz","isPartOf":{"@id":"https:\/\/cioelectro.com\/#website"},"primaryImageOfPage":{"@id":"https:\/\/cioelectro.com\/produkt\/cannondale-tesoro-neo-x-3-schwarz\/#primaryimage"},"image":{"@id":"https:\/\/cioelectro.com\/produkt\/cannondale-tesoro-neo-x-3-schwarz\/#primaryimage"},"thumbnailUrl":"https:\/\/cioelectro.com\/wp-content\/uploads\/2023\/06\/Cannondale-Tesoro-Neo-X-3-500Wh-65Nm-Remixte-schwarz-E-Citybike-2022-C66401U10_b_0.jpg","datePublished":"2022-11-10T15:12:15+00:00","dateModified":"2023-08-11T11:07:09+00:00","description":"cioelectro.com bietet Ihnen das Cannondale Tesoro Neo X 3 schwarz zum besten Preis mit kostenlosem Versand in ganz EuropaCannondale Tesoro Neo X","breadcrumb":{"@id":"https:\/\/cioelectro.com\/produkt\/cannondale-tesoro-neo-x-3-schwarz\/#breadcrumb"},"inLanguage":"en-US","potentialAction":[{"@type":"ReadAction","target":["https:\/\/cioelectro.com\/produkt\/cannondale-tesoro-neo-x-3-schwarz\/"]}]},{"@type":"ImageObject","inLanguage":"en-US","@id":"https:\/\/cioelectro.com\/produkt\/cannondale-tesoro-neo-x-3-schwarz\/#primaryimage","url":"https:\/\/cioelectro.com\/wp-content\/uploads\/2023\/06\/Cannondale-Tesoro-Neo-X-3-500Wh-65Nm-Remixte-schwarz-E-Citybike-2022-C66401U10_b_0.jpg","contentUrl":"https:\/\/cioelectro.com\/wp-content\/uploads\/2023\/06\/Cannondale-Tesoro-Neo-X-3-500Wh-65Nm-Remixte-schwarz-E-Citybike-2022-C66401U10_b_0.jpg","width":2550,"height":1421,"caption":"Cannondale Tesoro Neo X 3 schwarz"},{"@type":"BreadcrumbList","@id":"https:\/\/cioelectro.com\/produkt\/cannondale-tesoro-neo-x-3-schwarz\/#breadcrumb","itemListElement":[{"@type":"ListItem","position":1,"name":"Startseite","item":"https:\/\/cioelectro.com\/"},{"@type":"ListItem","position":2,"name":"LADEN","item":"https:\/\/cioelectro.com\/laden\/"},{"@type":"ListItem","position":3,"name":"Cannondale Tesoro Neo X 3 schwarz"}]},{"@type":"WebSite","@id":"https:\/\/cioelectro.com\/#website","url":"https:\/\/cioelectro.com\/","name":"cioelectro.com","description":"Treten Sie mit uns ins Abenteuer!","publisher":{"@id":"https:\/\/cioelectro.com\/#organization"},"alternateName":"MEIN RADLADEN","potentialAction":[{"@type":"SearchAction","target":{"@type":"EntryPoint","urlTemplate":"https:\/\/cioelectro.com\/?s={search_term_string}"},"query-input":{"@type":"PropertyValueSpecification","valueRequired":true,"valueName":"search_term_string"}}],"inLanguage":"en-US"},{"@type":"Organization","@id":"https:\/\/cioelectro.com\/#organization","name":"CIOELECTRO","alternateName":"MEIN RADLADEN","url":"https:\/\/cioelectro.com\/","logo":{"@type":"ImageObject","inLanguage":"en-US","@id":"https:\/\/cioelectro.com\/#\/schema\/logo\/image\/","url":"https:\/\/cioelectro.com\/wp-content\/uploads\/2025\/12\/Logo-2-1200x800.png","contentUrl":"https:\/\/cioelectro.com\/wp-content\/uploads\/2025\/12\/Logo-2-1200x800.png","width":1200,"height":800,"caption":"CIOELECTRO"},"image":{"@id":"https:\/\/cioelectro.com\/#\/schema\/logo\/image\/"}}]}},"_links":{"self":[{"href":"https:\/\/cioelectro.com\/en\/wp-json\/wp\/v2\/product\/39992","targetHints":{"allow":["GET"]}}],"collection":[{"href":"https:\/\/cioelectro.com\/en\/wp-json\/wp\/v2\/product"}],"about":[{"href":"https:\/\/cioelectro.com\/en\/wp-json\/wp\/v2\/types\/product"}],"replies":[{"embeddable":true,"href":"https:\/\/cioelectro.com\/en\/wp-json\/wp\/v2\/comments?post=39992"}],"version-history":[{"count":0,"href":"https:\/\/cioelectro.com\/en\/wp-json\/wp\/v2\/product\/39992\/revisions"}],"wp:featuredmedia":[{"embeddable":true,"href":"https:\/\/cioelectro.com\/en\/wp-json\/wp\/v2\/media\/61729"}],"wp:attachment":[{"href":"https:\/\/cioelectro.com\/en\/wp-json\/wp\/v2\/media?parent=39992"}],"wp:term":[{"taxonomy":"product_brand","embeddable":true,"href":"https:\/\/cioelectro.com\/en\/wp-json\/wp\/v2\/product_brand?post=39992"},{"taxonomy":"product_cat","embeddable":true,"href":"https:\/\/cioelectro.com\/en\/wp-json\/wp\/v2\/product_cat?post=39992"},{"taxonomy":"product_tag","embeddable":true,"href":"https:\/\/cioelectro.com\/en\/wp-json\/wp\/v2\/product_tag?post=39992"}],"curies":[{"name":"wp","href":"https:\/\/api.w.org\/{rel}","templated":true}]}}