{"id":40373,"date":"2022-11-14T12:52:44","date_gmt":"2022-11-14T11:52:44","guid":{"rendered":"https:\/\/meinradladen.com\/?post_type=product&#038;p=40373"},"modified":"2023-08-11T12:57:46","modified_gmt":"2023-08-11T10:57:46","slug":"shimano-deore-xt-11-gang-bosch-performance-line-cx-625wh-disc","status":"publish","type":"product","link":"https:\/\/cioelectro.com\/en\/produkt\/shimano-deore-xt-11-gang-bosch-performance-line-cx-625wh-disc\/","title":{"rendered":"Shimano Deore XT 11-Gang \/ Bosch Performance Line CX"},"content":{"rendered":"<h2 class=\"layer-title\">Shimano Deore XT 11-Gang \/ Bosch Performance Line CX \/ 625Wh \/ Disc<\/h2>\n<h3>Das Komfortmodell der Trekking-Klasse<\/h3>\n<p>Das in drei Rahmenformen erh\u00e4ltliche E-Bike 13ZEHN Wave epowered by BOSCH ist unser neues Trekking-Modell der \u201egehobenen Mittelklasse\u201c. Es besticht durch sein vollintegriertes <a href=\"http:\/\/1-1\">Rahmendesign<\/a> ebenso, wie durch sportliche Funktionalit\u00e4t und eine hochwertige Gesamtausstattung. In urbaner Umgebung f\u00fchlt sich das 13ZEHN Wave ebenso zuhause, wie auf unbefestigten Wegen.<\/p>\n<p>Unterst\u00fctzt werden Sie auf Ihren Touren vom High-End-Antriebssystem der BOSCH Performance Line CX mit 625 Wh-Akku und Intuvia-Display. Sportlich unterwegs ist man dank einer zuverl\u00e4ssigen und robusten Shimano Deore XT 11-Gang Schaltung und der pfeilschnelle Bereifung Schwalbe Super Moto-X.<\/p>\n<p><strong>Shimano Deore XT Shadow+ 11-fach<\/strong><br \/>\nRobust und bew\u00e4hrt \u2013 mit einer \u00dcbersetzungsbandbreite von nahezu 400% bietet das XT 11-Gang Schaltwerk in der schmalen Shadow plus-Ausf\u00fchrung samtweiche, pr\u00e4szise Schaltvorg\u00e4nge an jedem Anstieg und in jedem Terrain.<\/p>\n<p><strong>27,5 Zoll \u2013 die Komfortgr\u00f6\u00dfe<\/strong><br \/>\n27,5&#8243; Laufr\u00e4der bieten das Beste aus zwei Welten und sind in Kombination mit breiten Reifen die erste Wahl wenn es um Spurtreue, Sicherheit und ein hohes Ma\u00df an Komfort geht.<\/p>\n<p><strong>Suntour Mobie 25<\/strong><br \/>\nDie an das K\u00f6rpergewicht und die Bed\u00fcrfnisse anzupassende Suntour Federgabel punktet mit hohem Komfort und dank Steckachsen-Aufnahme mit \u00fcberdurchschnittlicher Stabilit\u00e4t \u2013 besonders wichtig f\u00fcr Sicherheit bei h\u00f6heren Geschwindigkeiten und gr\u00f6\u00dferen Bremskr\u00e4ften.<\/p>\n<p><strong>BOSCH Performance Line CX &#8211; Powerpaket<\/strong><br \/>\nSportlich, agil, druckvoll \u2013 die BOSCH Performance Line CX bietet dynamische Power und perfekte Kontrolle. Ein max. Drehmoment von 85 Nm, der 625 Wh Akku und die Extended Boost-Funktion sorgen f\u00fcr ein kraftvolles Antriebspaket. Dabei ist der leichte, kompakte Antrieb perfekt vor Steinschlag und Spritzwasser gesch\u00fctzt.<\/p>\n<h3 class=\"size-40\">SPEZIFIKATIONEN<\/h3>\n<table class=\"attributes\">\n<tbody>\n<tr>\n<th id=\"attrTitle_1\"><strong>Gewicht<\/strong><\/th>\n<td id=\"attrValue_1\">28.84<\/td>\n<\/tr>\n<tr>\n<th id=\"attrTitle_2\"><strong>Farbe<\/strong><\/th>\n<td id=\"attrValue_2\">goldbraun matt<\/td>\n<\/tr>\n<tr>\n<th id=\"attrTitle_3\"><strong>Rahmenform<\/strong><\/th>\n<td id=\"attrValue_3\">Disc<\/td>\n<\/tr>\n<tr>\n<th id=\"attrTitle_4\"><strong>Durchmesser Scheibenbremse vorn<\/strong><\/th>\n<td id=\"attrValue_4\">180.00<\/td>\n<\/tr>\n<tr>\n<th id=\"attrTitle_5\"><strong>Ganganzahl<\/strong><\/th>\n<td id=\"attrValue_5\">11<\/td>\n<\/tr>\n<tr>\n<th id=\"attrTitle_6\"><strong>Federweg in mm<\/strong><\/th>\n<td id=\"attrValue_6\">100.00<\/td>\n<\/tr>\n<tr>\n<th id=\"attrTitle_7\"><strong>Durchmesser Scheibenbremse hinten<\/strong><\/th>\n<td id=\"attrValue_7\">180.00<\/td>\n<\/tr>\n<tr>\n<th id=\"attrTitle_8\"><strong>Motorposition<\/strong><\/th>\n<td id=\"attrValue_8\">Mittelmotor<\/td>\n<\/tr>\n<tr>\n<th id=\"attrTitle_9\"><strong>Gabelhersteller<\/strong><\/th>\n<td id=\"attrValue_9\">SR Suntour<\/td>\n<\/tr>\n<tr>\n<th id=\"attrTitle_10\"><strong>Akkuposition<\/strong><\/th>\n<td id=\"attrValue_10\">intube<\/td>\n<\/tr>\n<tr>\n<th id=\"attrTitle_11\"><strong>Federung<\/strong><\/th>\n<td id=\"attrValue_11\">stahlgefedert<\/td>\n<\/tr>\n<tr>\n<th id=\"attrTitle_12\"><strong>Schaltart<\/strong><\/th>\n<td id=\"attrValue_12\">Kettenschaltung<\/td>\n<\/tr>\n<tr>\n<th id=\"attrTitle_13\"><strong>Bremssystem<\/strong><\/th>\n<td id=\"attrValue_13\">Scheibenbremse<\/td>\n<\/tr>\n<tr>\n<th id=\"attrTitle_14\"><strong>Rahmenmaterial<\/strong><\/th>\n<td id=\"attrValue_14\">Aluminium<\/td>\n<\/tr>\n<tr>\n<th id=\"attrTitle_15\"><strong>Schaltung<\/strong><\/th>\n<td id=\"attrValue_15\">Shimano Deore BR-MT410 (180 mm)<\/td>\n<\/tr>\n<tr>\n<th id=\"attrTitle_16\"><strong>Beleuchtung<\/strong><\/th>\n<td id=\"attrValue_16\">Busch &amp; M\u00fcller IQ-XS-E, 70 LUX mit Standlicht<\/td>\n<\/tr>\n<tr>\n<th id=\"attrTitle_17\"><strong>Motorart<\/strong><\/th>\n<td id=\"attrValue_17\">Bosch Performance Line CX, Gen. 4, 36 Mittelmotor, 250 Watt<\/td>\n<\/tr>\n<tr>\n<th id=\"attrTitle_18\"><strong>Pedale<\/strong><\/th>\n<td id=\"attrValue_18\">Marwi SP-823<\/td>\n<\/tr>\n<tr>\n<th id=\"attrTitle_19\"><strong>Gabel<\/strong><\/th>\n<td id=\"attrValue_19\">Suntour Mobie25 Coil, 100 mm Federweg mit Lockout-Funktion, 27,5&#8243; Aluminium<\/td>\n<\/tr>\n<tr>\n<th id=\"attrTitle_20\"><strong>Lenker<\/strong><\/th>\n<td id=\"attrValue_20\">Humpert Ergotec Ergob\u00fcgel, 630 mm<\/td>\n<\/tr>\n<tr>\n<th id=\"attrTitle_21\"><strong>Schutzbleche<\/strong><\/th>\n<td id=\"attrValue_21\">SKS Kunststoff<\/td>\n<\/tr>\n<tr>\n<th id=\"attrTitle_22\"><strong>Schalthebel<\/strong><\/th>\n<td id=\"attrValue_22\">Shimano Deore SL-M5100, I-Spec EV, 11-fach<\/td>\n<\/tr>\n<tr>\n<th id=\"attrTitle_23\"><strong>Zahnkr\u00e4nze<\/strong><\/th>\n<td id=\"attrValue_23\">Shimano SLX, CS-M7000, 11-46 Z\u00e4hne<\/td>\n<\/tr>\n<tr>\n<th id=\"attrTitle_24\"><strong>Speichen<\/strong><\/th>\n<td id=\"attrValue_24\">2,0 mm, schwarz<\/td>\n<\/tr>\n<tr>\n<th id=\"attrTitle_25\"><strong>Naben<\/strong><\/th>\n<td id=\"attrValue_25\">Shimano Alivio HB-MT400, Shimano Deore XT FH-M8000<\/td>\n<\/tr>\n<tr>\n<th id=\"attrTitle_26\"><strong>Sattelst\u00fctze<\/strong><\/th>\n<td id=\"attrValue_26\">Humpert Ergotec Atar, patent, 30,9 mm, 300 mm<\/td>\n<\/tr>\n<tr>\n<th id=\"attrTitle_27\"><strong>Vorbau<\/strong><\/th>\n<td id=\"attrValue_27\">Humpert Ergotec Octopus 50, winkelverstellbar<\/td>\n<\/tr>\n<tr>\n<th id=\"attrTitle_28\"><strong>St\u00e4nder<\/strong><\/th>\n<td id=\"attrValue_28\">Pletscher Comp Flex, Hinterbaust\u00e4nder<\/td>\n<\/tr>\n<tr>\n<th id=\"attrTitle_29\"><strong>Kurbelsatz<\/strong><\/th>\n<td id=\"attrValue_29\">Miranda Aluminium, 170 mm, KMC Kettenblatt 38 Z\u00e4hne<\/td>\n<\/tr>\n<tr>\n<th id=\"attrTitle_30\"><strong>Felgen<\/strong><\/th>\n<td id=\"attrValue_30\">Sch\u00fcrmann YAK 25 Disc Aluminium Hohlkammer<\/td>\n<\/tr>\n<tr>\n<th id=\"attrTitle_31\"><strong>Sattel<\/strong><\/th>\n<td id=\"attrValue_31\">Selle Royal Essenza<\/td>\n<\/tr>\n<tr>\n<th id=\"attrTitle_32\"><strong>Steuersatz<\/strong><\/th>\n<td id=\"attrValue_32\">Acros AZX-212 R5<\/td>\n<\/tr>\n<tr>\n<th id=\"attrTitle_33\"><strong>R\u00fcckleuchte<\/strong><\/th>\n<td id=\"attrValue_33\">Herrmans H-Trace, mit Standlicht<\/td>\n<\/tr>\n<tr>\n<th id=\"attrTitle_34\"><strong>Griffe<\/strong><\/th>\n<td id=\"attrValue_34\">Ergon GP1, mit Schraubklemmung<\/td>\n<\/tr>\n<tr>\n<th id=\"attrTitle_35\"><strong>Gep\u00e4cktr\u00e4ger<\/strong><\/th>\n<td id=\"attrValue_35\">Racktime Stand-it, strebenlos, mit Federklappe \/ Frontgep\u00e4cktr\u00e4ger<\/td>\n<\/tr>\n<tr>\n<th id=\"attrTitle_36\"><strong>Bremshebel<\/strong><\/th>\n<td id=\"attrValue_36\">Shimano Deore BL-M4100<\/td>\n<\/tr>\n<tr>\n<th id=\"attrTitle_37\"><strong>Display<\/strong><\/th>\n<td id=\"attrValue_37\">Intuvia<\/td>\n<\/tr>\n<tr>\n<th id=\"attrTitle_38\"><strong>Kette<\/strong><\/th>\n<td id=\"attrValue_38\">KMC E11 EPT Sport<\/td>\n<\/tr>\n<tr>\n<th id=\"attrTitle_39\"><strong>Akkuleistung (Wh)<\/strong><\/th>\n<td id=\"attrValue_39\">625<\/td>\n<\/tr>\n<tr>\n<th id=\"attrTitle_40\"><strong>Akku<\/strong><\/th>\n<td id=\"attrValue_40\">Bosch Rahmenakku vollintegriert, Lithium Ionen<\/td>\n<\/tr>\n<tr>\n<th id=\"attrTitle_41\"><strong>Modelljahr<\/strong><\/th>\n<td id=\"attrValue_41\">2021<\/td>\n<\/tr>\n<tr>\n<th id=\"attrTitle_42\"><strong>Kategorie<\/strong><\/th>\n<td id=\"attrValue_42\">E-Bikes<\/td>\n<\/tr>\n<tr>\n<th id=\"attrTitle_43\"><strong>Zustand<\/strong><\/th>\n<td id=\"attrValue_43\">neu<\/td>\n<\/tr>\n<\/tbody>\n<\/table>","protected":false},"excerpt":{"rendered":"<p>Shimano Deore XT 11-Gang \/ Bosch Performance Line CX \/ 625Wh \/ Disc Das Komfortmodell der Trekking-Klasse Das in drei<\/p>","protected":false},"featured_media":61746,"comment_status":"open","ping_status":"closed","template":"","meta":{"_rtcl_gb_attr":""},"product_brand":[],"product_cat":[33,247],"product_tag":[],"class_list":{"0":"post-40373","1":"product","2":"type-product","3":"status-publish","4":"has-post-thumbnail","6":"product_cat-e-bike","7":"product_cat-e-bike-trekking","8":"pa_marke-e-bike-manufaktur","10":"first","11":"instock","12":"sale","13":"taxable","14":"shipping-taxable","15":"purchasable","16":"product-type-variable"},"yoast_head":"<!-- This site is optimized with the Yoast SEO Premium plugin v20.12 (Yoast SEO v27.4) - https:\/\/yoast.com\/product\/yoast-seo-premium-wordpress\/ -->\n<title>Shimano Deore XT 11-Gang \/ Bosch Performance Line CX<\/title>\n<meta name=\"description\" content=\"cioelectro.com bietet Ihnen das Shimano Deore XT 11-Gang \/ Bosch Performance Line CX zum besten Preis mit kostenlosem Versand in ganz EuropaShiman\" \/>\n<meta name=\"robots\" content=\"index, follow, max-snippet:-1, max-image-preview:large, max-video-preview:-1\" \/>\n<link rel=\"canonical\" href=\"https:\/\/cioelectro.com\/en\/produkt\/shimano-deore-xt-11-gang-bosch-performance-line-cx-625wh-disc\/\" \/>\n<meta property=\"og:locale\" content=\"en_US\" \/>\n<meta property=\"og:type\" content=\"article\" \/>\n<meta property=\"og:title\" content=\"Shimano Deore XT 11-Gang \/ Bosch Performance Line CX\" \/>\n<meta property=\"og:description\" content=\"Entdecken Sie unseren Online-Fahrradladen: Gro\u00dfe Auswahl an Modellen f\u00fcr alle Radsportbegeisterten. Von Rennr\u00e4dern bis zu Mountainbikes - finden Sie heute Ihren perfekten Wegbegleiter!\" \/>\n<meta property=\"og:url\" content=\"https:\/\/cioelectro.com\/en\/produkt\/shimano-deore-xt-11-gang-bosch-performance-line-cx-625wh-disc\/\" \/>\n<meta property=\"og:site_name\" content=\"cioelectro.com\" \/>\n<meta property=\"article:modified_time\" content=\"2023-08-11T10:57:46+00:00\" \/>\n<meta property=\"og:image\" content=\"https:\/\/cioelectro.com\/wp-content\/uploads\/2023\/06\/102221761-13ZEHN_Wave_Shimano_Deore_XT_11g_625Wh_Disc_schwarz_Wa_DSC1474-1320x824-1.png\" \/>\n\t<meta property=\"og:image:width\" content=\"1318\" \/>\n\t<meta property=\"og:image:height\" content=\"824\" \/>\n\t<meta property=\"og:image:type\" content=\"image\/png\" \/>\n<meta name=\"twitter:card\" content=\"summary_large_image\" \/>\n<meta name=\"twitter:label1\" content=\"Est. reading time\" \/>\n\t<meta name=\"twitter:data1\" content=\"3 minutes\" \/>\n<script type=\"application\/ld+json\" class=\"yoast-schema-graph\">{\"@context\":\"https:\\\/\\\/schema.org\",\"@graph\":[{\"@type\":\"WebPage\",\"@id\":\"https:\\\/\\\/cioelectro.com\\\/produkt\\\/shimano-deore-xt-11-gang-bosch-performance-line-cx-625wh-disc\\\/\",\"url\":\"https:\\\/\\\/cioelectro.com\\\/produkt\\\/shimano-deore-xt-11-gang-bosch-performance-line-cx-625wh-disc\\\/\",\"name\":\"Shimano Deore XT 11-Gang \\\/ Bosch Performance Line CX\",\"isPartOf\":{\"@id\":\"https:\\\/\\\/cioelectro.com\\\/#website\"},\"primaryImageOfPage\":{\"@id\":\"https:\\\/\\\/cioelectro.com\\\/produkt\\\/shimano-deore-xt-11-gang-bosch-performance-line-cx-625wh-disc\\\/#primaryimage\"},\"image\":{\"@id\":\"https:\\\/\\\/cioelectro.com\\\/produkt\\\/shimano-deore-xt-11-gang-bosch-performance-line-cx-625wh-disc\\\/#primaryimage\"},\"thumbnailUrl\":\"https:\\\/\\\/cioelectro.com\\\/wp-content\\\/uploads\\\/2023\\\/06\\\/102221761-13ZEHN_Wave_Shimano_Deore_XT_11g_625Wh_Disc_schwarz_Wa_DSC1474-1320x824-1.png\",\"datePublished\":\"2022-11-14T11:52:44+00:00\",\"dateModified\":\"2023-08-11T10:57:46+00:00\",\"description\":\"cioelectro.com bietet Ihnen das Shimano Deore XT 11-Gang \\\/ Bosch Performance Line CX zum besten Preis mit kostenlosem Versand in ganz EuropaShiman\",\"breadcrumb\":{\"@id\":\"https:\\\/\\\/cioelectro.com\\\/produkt\\\/shimano-deore-xt-11-gang-bosch-performance-line-cx-625wh-disc\\\/#breadcrumb\"},\"inLanguage\":\"en-US\",\"potentialAction\":[{\"@type\":\"ReadAction\",\"target\":[\"https:\\\/\\\/cioelectro.com\\\/produkt\\\/shimano-deore-xt-11-gang-bosch-performance-line-cx-625wh-disc\\\/\"]}]},{\"@type\":\"ImageObject\",\"inLanguage\":\"en-US\",\"@id\":\"https:\\\/\\\/cioelectro.com\\\/produkt\\\/shimano-deore-xt-11-gang-bosch-performance-line-cx-625wh-disc\\\/#primaryimage\",\"url\":\"https:\\\/\\\/cioelectro.com\\\/wp-content\\\/uploads\\\/2023\\\/06\\\/102221761-13ZEHN_Wave_Shimano_Deore_XT_11g_625Wh_Disc_schwarz_Wa_DSC1474-1320x824-1.png\",\"contentUrl\":\"https:\\\/\\\/cioelectro.com\\\/wp-content\\\/uploads\\\/2023\\\/06\\\/102221761-13ZEHN_Wave_Shimano_Deore_XT_11g_625Wh_Disc_schwarz_Wa_DSC1474-1320x824-1.png\",\"width\":1318,\"height\":824,\"caption\":\"Shimano Deore XT 11-Gang \\\/ Bosch Performance Line CX \\\/ 625Wh \\\/ Disc\"},{\"@type\":\"BreadcrumbList\",\"@id\":\"https:\\\/\\\/cioelectro.com\\\/produkt\\\/shimano-deore-xt-11-gang-bosch-performance-line-cx-625wh-disc\\\/#breadcrumb\",\"itemListElement\":[{\"@type\":\"ListItem\",\"position\":1,\"name\":\"Startseite\",\"item\":\"https:\\\/\\\/cioelectro.com\\\/\"},{\"@type\":\"ListItem\",\"position\":2,\"name\":\"LADEN\",\"item\":\"https:\\\/\\\/cioelectro.com\\\/laden\\\/\"},{\"@type\":\"ListItem\",\"position\":3,\"name\":\"Shimano Deore XT 11-Gang \\\/ Bosch Performance Line CX\"}]},{\"@type\":\"WebSite\",\"@id\":\"https:\\\/\\\/cioelectro.com\\\/#website\",\"url\":\"https:\\\/\\\/cioelectro.com\\\/\",\"name\":\"cioelectro.com\",\"description\":\"Treten Sie mit uns ins Abenteuer!\",\"publisher\":{\"@id\":\"https:\\\/\\\/cioelectro.com\\\/#organization\"},\"alternateName\":\"MEIN RADLADEN\",\"potentialAction\":[{\"@type\":\"SearchAction\",\"target\":{\"@type\":\"EntryPoint\",\"urlTemplate\":\"https:\\\/\\\/cioelectro.com\\\/?s={search_term_string}\"},\"query-input\":{\"@type\":\"PropertyValueSpecification\",\"valueRequired\":true,\"valueName\":\"search_term_string\"}}],\"inLanguage\":\"en-US\"},{\"@type\":\"Organization\",\"@id\":\"https:\\\/\\\/cioelectro.com\\\/#organization\",\"name\":\"CIOELECTRO\",\"alternateName\":\"MEIN RADLADEN\",\"url\":\"https:\\\/\\\/cioelectro.com\\\/\",\"logo\":{\"@type\":\"ImageObject\",\"inLanguage\":\"en-US\",\"@id\":\"https:\\\/\\\/cioelectro.com\\\/#\\\/schema\\\/logo\\\/image\\\/\",\"url\":\"https:\\\/\\\/cioelectro.com\\\/wp-content\\\/uploads\\\/2025\\\/12\\\/Logo-2-1200x800.png\",\"contentUrl\":\"https:\\\/\\\/cioelectro.com\\\/wp-content\\\/uploads\\\/2025\\\/12\\\/Logo-2-1200x800.png\",\"width\":1200,\"height\":800,\"caption\":\"CIOELECTRO\"},\"image\":{\"@id\":\"https:\\\/\\\/cioelectro.com\\\/#\\\/schema\\\/logo\\\/image\\\/\"}}]}<\/script>\n<!-- \/ Yoast SEO Premium plugin. -->","yoast_head_json":{"title":"Shimano Deore XT 11-Gang \/ Bosch Performance Line CX","description":"cioelectro.com bietet Ihnen das Shimano Deore XT 11-Gang \/ Bosch Performance Line CX zum besten Preis mit kostenlosem Versand in ganz EuropaShiman","robots":{"index":"index","follow":"follow","max-snippet":"max-snippet:-1","max-image-preview":"max-image-preview:large","max-video-preview":"max-video-preview:-1"},"canonical":"https:\/\/cioelectro.com\/en\/produkt\/shimano-deore-xt-11-gang-bosch-performance-line-cx-625wh-disc\/","og_locale":"en_US","og_type":"article","og_title":"Shimano Deore XT 11-Gang \/ Bosch Performance Line CX","og_description":"Entdecken Sie unseren Online-Fahrradladen: Gro\u00dfe Auswahl an Modellen f\u00fcr alle Radsportbegeisterten. Von Rennr\u00e4dern bis zu Mountainbikes - finden Sie heute Ihren perfekten Wegbegleiter!","og_url":"https:\/\/cioelectro.com\/en\/produkt\/shimano-deore-xt-11-gang-bosch-performance-line-cx-625wh-disc\/","og_site_name":"cioelectro.com","article_modified_time":"2023-08-11T10:57:46+00:00","og_image":[{"width":1318,"height":824,"url":"https:\/\/cioelectro.com\/wp-content\/uploads\/2023\/06\/102221761-13ZEHN_Wave_Shimano_Deore_XT_11g_625Wh_Disc_schwarz_Wa_DSC1474-1320x824-1.png","type":"image\/png"}],"twitter_card":"summary_large_image","twitter_misc":{"Est. reading time":"3 minutes"},"schema":{"@context":"https:\/\/schema.org","@graph":[{"@type":"WebPage","@id":"https:\/\/cioelectro.com\/produkt\/shimano-deore-xt-11-gang-bosch-performance-line-cx-625wh-disc\/","url":"https:\/\/cioelectro.com\/produkt\/shimano-deore-xt-11-gang-bosch-performance-line-cx-625wh-disc\/","name":"Shimano Deore XT 11-Gang \/ Bosch Performance Line CX","isPartOf":{"@id":"https:\/\/cioelectro.com\/#website"},"primaryImageOfPage":{"@id":"https:\/\/cioelectro.com\/produkt\/shimano-deore-xt-11-gang-bosch-performance-line-cx-625wh-disc\/#primaryimage"},"image":{"@id":"https:\/\/cioelectro.com\/produkt\/shimano-deore-xt-11-gang-bosch-performance-line-cx-625wh-disc\/#primaryimage"},"thumbnailUrl":"https:\/\/cioelectro.com\/wp-content\/uploads\/2023\/06\/102221761-13ZEHN_Wave_Shimano_Deore_XT_11g_625Wh_Disc_schwarz_Wa_DSC1474-1320x824-1.png","datePublished":"2022-11-14T11:52:44+00:00","dateModified":"2023-08-11T10:57:46+00:00","description":"cioelectro.com bietet Ihnen das Shimano Deore XT 11-Gang \/ Bosch Performance Line CX zum besten Preis mit kostenlosem Versand in ganz EuropaShiman","breadcrumb":{"@id":"https:\/\/cioelectro.com\/produkt\/shimano-deore-xt-11-gang-bosch-performance-line-cx-625wh-disc\/#breadcrumb"},"inLanguage":"en-US","potentialAction":[{"@type":"ReadAction","target":["https:\/\/cioelectro.com\/produkt\/shimano-deore-xt-11-gang-bosch-performance-line-cx-625wh-disc\/"]}]},{"@type":"ImageObject","inLanguage":"en-US","@id":"https:\/\/cioelectro.com\/produkt\/shimano-deore-xt-11-gang-bosch-performance-line-cx-625wh-disc\/#primaryimage","url":"https:\/\/cioelectro.com\/wp-content\/uploads\/2023\/06\/102221761-13ZEHN_Wave_Shimano_Deore_XT_11g_625Wh_Disc_schwarz_Wa_DSC1474-1320x824-1.png","contentUrl":"https:\/\/cioelectro.com\/wp-content\/uploads\/2023\/06\/102221761-13ZEHN_Wave_Shimano_Deore_XT_11g_625Wh_Disc_schwarz_Wa_DSC1474-1320x824-1.png","width":1318,"height":824,"caption":"Shimano Deore XT 11-Gang \/ Bosch Performance Line CX \/ 625Wh \/ Disc"},{"@type":"BreadcrumbList","@id":"https:\/\/cioelectro.com\/produkt\/shimano-deore-xt-11-gang-bosch-performance-line-cx-625wh-disc\/#breadcrumb","itemListElement":[{"@type":"ListItem","position":1,"name":"Startseite","item":"https:\/\/cioelectro.com\/"},{"@type":"ListItem","position":2,"name":"LADEN","item":"https:\/\/cioelectro.com\/laden\/"},{"@type":"ListItem","position":3,"name":"Shimano Deore XT 11-Gang \/ Bosch Performance Line CX"}]},{"@type":"WebSite","@id":"https:\/\/cioelectro.com\/#website","url":"https:\/\/cioelectro.com\/","name":"cioelectro.com","description":"Treten Sie mit uns ins Abenteuer!","publisher":{"@id":"https:\/\/cioelectro.com\/#organization"},"alternateName":"MEIN RADLADEN","potentialAction":[{"@type":"SearchAction","target":{"@type":"EntryPoint","urlTemplate":"https:\/\/cioelectro.com\/?s={search_term_string}"},"query-input":{"@type":"PropertyValueSpecification","valueRequired":true,"valueName":"search_term_string"}}],"inLanguage":"en-US"},{"@type":"Organization","@id":"https:\/\/cioelectro.com\/#organization","name":"CIOELECTRO","alternateName":"MEIN RADLADEN","url":"https:\/\/cioelectro.com\/","logo":{"@type":"ImageObject","inLanguage":"en-US","@id":"https:\/\/cioelectro.com\/#\/schema\/logo\/image\/","url":"https:\/\/cioelectro.com\/wp-content\/uploads\/2025\/12\/Logo-2-1200x800.png","contentUrl":"https:\/\/cioelectro.com\/wp-content\/uploads\/2025\/12\/Logo-2-1200x800.png","width":1200,"height":800,"caption":"CIOELECTRO"},"image":{"@id":"https:\/\/cioelectro.com\/#\/schema\/logo\/image\/"}}]}},"_links":{"self":[{"href":"https:\/\/cioelectro.com\/en\/wp-json\/wp\/v2\/product\/40373","targetHints":{"allow":["GET"]}}],"collection":[{"href":"https:\/\/cioelectro.com\/en\/wp-json\/wp\/v2\/product"}],"about":[{"href":"https:\/\/cioelectro.com\/en\/wp-json\/wp\/v2\/types\/product"}],"replies":[{"embeddable":true,"href":"https:\/\/cioelectro.com\/en\/wp-json\/wp\/v2\/comments?post=40373"}],"version-history":[{"count":0,"href":"https:\/\/cioelectro.com\/en\/wp-json\/wp\/v2\/product\/40373\/revisions"}],"wp:featuredmedia":[{"embeddable":true,"href":"https:\/\/cioelectro.com\/en\/wp-json\/wp\/v2\/media\/61746"}],"wp:attachment":[{"href":"https:\/\/cioelectro.com\/en\/wp-json\/wp\/v2\/media?parent=40373"}],"wp:term":[{"taxonomy":"product_brand","embeddable":true,"href":"https:\/\/cioelectro.com\/en\/wp-json\/wp\/v2\/product_brand?post=40373"},{"taxonomy":"product_cat","embeddable":true,"href":"https:\/\/cioelectro.com\/en\/wp-json\/wp\/v2\/product_cat?post=40373"},{"taxonomy":"product_tag","embeddable":true,"href":"https:\/\/cioelectro.com\/en\/wp-json\/wp\/v2\/product_tag?post=40373"}],"curies":[{"name":"wp","href":"https:\/\/api.w.org\/{rel}","templated":true}]}}