{"id":40464,"date":"2022-11-14T14:18:33","date_gmt":"2022-11-14T13:18:33","guid":{"rendered":"https:\/\/meinradladen.com\/?post_type=product&#038;p=40464"},"modified":"2023-08-11T12:59:04","modified_gmt":"2023-08-11T10:59:04","slug":"haibike-trekking-5-diamant-blau","status":"publish","type":"product","link":"https:\/\/cioelectro.com\/en\/produkt\/haibike-trekking-5-diamant-blau\/","title":{"rendered":"HAIBIKE Trekking 5 Diamant blau"},"content":{"rendered":"<h2 class=\"product-name cyc-typo_display-3 cyc-margin_bottom-1 cyc-no-texttransform js-productName\">HAIBIKE Trekking 5 Diamant blau<\/h2>\n<p>Du bist jederzeit bereit f\u00fcr gro\u00dfe und kleine Trekking eBike-Abenteuer? Dann starte durch mit dem neuen HAIBIKE Trekking 5! Der Bosch Performance Line Motor unterst\u00fctzt Dich dabei zuverl\u00e4ssig mit ausreichend Power und ein serienm\u00e4\u00dfiger Gep\u00e4cktr\u00e4ger bietet Dir ausreichend Stauraum f\u00fcr Deine Ausr\u00fcstung. Sollte eine Tagesetappe doch mal l\u00e4nger dauern, bringt Dich eine leistungsstarke Beleuchtung auch bei Dunkelheit sicher ans Ziel.<\/p>\n<h2 class=\"cyc-typo_display-2 pdp__headline\">Ausstattung<\/h2>\n<table class=\"attributes\">\n<tbody>\n<tr>\n<th id=\"attrTitle_1\"><strong>Farbzuordnung<\/strong><\/th>\n<td id=\"attrValue_1\">Blau<\/td>\n<\/tr>\n<tr>\n<th id=\"attrTitle_2\"><strong>Farbe<\/strong><\/th>\n<td id=\"attrValue_2\">blue\/canary<\/td>\n<\/tr>\n<tr>\n<th id=\"attrTitle_3\"><strong>Rahmenform<\/strong><\/th>\n<td id=\"attrValue_3\">Diamant<\/td>\n<\/tr>\n<tr>\n<th id=\"attrTitle_4\"><strong>Durchmesser Scheibenbremse vorn<\/strong><\/th>\n<td id=\"attrValue_4\">180.00<\/td>\n<\/tr>\n<tr>\n<th id=\"attrTitle_5\"><strong>Ganganzahl<\/strong><\/th>\n<td id=\"attrValue_5\">9<\/td>\n<\/tr>\n<tr>\n<th id=\"attrTitle_6\"><strong>Federweg in mm<\/strong><\/th>\n<td id=\"attrValue_6\">65.00<\/td>\n<\/tr>\n<tr>\n<th id=\"attrTitle_7\"><strong>Durchmesser Scheibenbremse hinten<\/strong><\/th>\n<td id=\"attrValue_7\">180.00<\/td>\n<\/tr>\n<tr>\n<th id=\"attrTitle_8\"><strong>Motorposition<\/strong><\/th>\n<td id=\"attrValue_8\">Mittelmotor<\/td>\n<\/tr>\n<tr>\n<th id=\"attrTitle_9\"><strong>Gabelhersteller<\/strong><\/th>\n<td id=\"attrValue_9\">SR Suntour<\/td>\n<\/tr>\n<tr>\n<th id=\"attrTitle_10\"><strong>Akkuposition<\/strong><\/th>\n<td id=\"attrValue_10\">intube<\/td>\n<\/tr>\n<tr>\n<th id=\"attrTitle_11\"><strong>Federung<\/strong><\/th>\n<td id=\"attrValue_11\">stahlgefedert<\/td>\n<\/tr>\n<tr>\n<th id=\"attrTitle_12\"><strong>Schaltart<\/strong><\/th>\n<td id=\"attrValue_12\">Kettenschaltung<\/td>\n<\/tr>\n<tr>\n<th id=\"attrTitle_13\"><strong>Bremssystem<\/strong><\/th>\n<td id=\"attrValue_13\">Scheibenbremse, hydraulisch<\/td>\n<\/tr>\n<tr>\n<th id=\"attrTitle_14\"><strong>Rahmenmaterial<\/strong><\/th>\n<td id=\"attrValue_14\">Aluminium<\/td>\n<\/tr>\n<tr>\n<th id=\"attrTitle_15\"><strong>Schaltung<\/strong><\/th>\n<td id=\"attrValue_15\">Shimano Alivio M3100, 9-Gang<\/td>\n<\/tr>\n<tr>\n<th id=\"attrTitle_16\"><strong>Reifen<\/strong><\/th>\n<td id=\"attrValue_16\">WTB Groov-E, 61-584, Reflex<\/td>\n<\/tr>\n<tr>\n<th id=\"attrTitle_17\"><strong>Beleuchtung<\/strong><\/th>\n<td id=\"attrValue_17\">Trelock Bike &#8211; i Veo LS230, 20 lux \/ AXA Juno Ebike<\/td>\n<\/tr>\n<tr>\n<th id=\"attrTitle_18\"><strong>Motorart<\/strong><\/th>\n<td id=\"attrValue_18\">Bosch Performance Line, 250W, 65Nm, 25km\/h<\/td>\n<\/tr>\n<tr>\n<th id=\"attrTitle_19\"><strong>Gabel<\/strong><\/th>\n<td id=\"attrValue_19\">SR Suntour XCM ATB HLO, Stahlfeder, Federweg: 65mm, Stahlschaft 1 1\/8&#8243; &#8211; 1 1\/2&#8243; tapered, 15 x 110mm Steckachse Boost<\/td>\n<\/tr>\n<tr>\n<th id=\"attrTitle_20\"><strong>Sattelst\u00fctze<\/strong><\/th>\n<td id=\"attrValue_20\">XLC, Patent, 31.6mm, Aluminium<\/td>\n<\/tr>\n<tr>\n<th id=\"attrTitle_21\"><strong>Lenker<\/strong><\/th>\n<td id=\"attrValue_21\">XLC Topflat 720mm<\/td>\n<\/tr>\n<tr>\n<th id=\"attrTitle_22\"><strong>Schutzbleche<\/strong><\/th>\n<td id=\"attrValue_22\">Eurofender Tempo, Chromoplastik<\/td>\n<\/tr>\n<tr>\n<th id=\"attrTitle_23\"><strong>Schalthebel<\/strong><\/th>\n<td id=\"attrValue_23\">Shimano Alivio M3100, Triggerschalter<\/td>\n<\/tr>\n<tr>\n<th id=\"attrTitle_24\"><strong>Zahnkr\u00e4nze<\/strong><\/th>\n<td id=\"attrValue_24\">Shimano HG200, 11-36 Z\u00e4hne<\/td>\n<\/tr>\n<tr>\n<th id=\"attrTitle_25\"><strong>Speichen<\/strong><\/th>\n<td id=\"attrValue_25\">Sapim Leader, Schwarz<\/td>\n<\/tr>\n<tr>\n<th id=\"attrTitle_26\"><strong>Naben<\/strong><\/th>\n<td id=\"attrValue_26\">Haibike TheHub ++, Haibike TheHub ++<\/td>\n<\/tr>\n<tr>\n<th id=\"attrTitle_27\"><strong>Sattel<\/strong><\/th>\n<td id=\"attrValue_27\">Selle Royal Wave<\/td>\n<\/tr>\n<tr>\n<th id=\"attrTitle_28\"><strong>Vorbau<\/strong><\/th>\n<td id=\"attrValue_28\">XLC Alu, A-Head<\/td>\n<\/tr>\n<tr>\n<th id=\"attrTitle_29\"><strong>St\u00e4nder<\/strong><\/th>\n<td id=\"attrValue_29\">Ursus Mooi, einstellbar<\/td>\n<\/tr>\n<tr>\n<th id=\"attrTitle_30\"><strong>Bremse<\/strong><\/th>\n<td id=\"attrValue_30\">Alhonga HT474, Aluminium, 180mm<\/td>\n<\/tr>\n<tr>\n<th id=\"attrTitle_31\"><strong>Dynamo<\/strong><\/th>\n<td id=\"attrValue_31\">\u00fcber Systembatterie<\/td>\n<\/tr>\n<tr>\n<th id=\"attrTitle_32\"><strong>Felgen<\/strong><\/th>\n<td id=\"attrValue_32\">Sch\u00fcrmann Yak25, ge\u00f6st, Hohlkammerfelge, Aluminium<\/td>\n<\/tr>\n<tr>\n<th id=\"attrTitle_33\"><strong>Pedale<\/strong><\/th>\n<td id=\"attrValue_33\">VP E461 Aluminium, mit Reflektor<\/td>\n<\/tr>\n<tr>\n<th id=\"attrTitle_34\"><strong>Steuersatz<\/strong><\/th>\n<td id=\"attrValue_34\">A-Head Tapered<\/td>\n<\/tr>\n<tr>\n<th id=\"attrTitle_35\"><strong>Griffe<\/strong><\/th>\n<td id=\"attrValue_35\">XLC Comfort bo3<\/td>\n<\/tr>\n<tr>\n<th id=\"attrTitle_36\"><strong>Gep\u00e4cktr\u00e4ger<\/strong><\/th>\n<td id=\"attrValue_36\">Massload Systemgep\u00e4cktr\u00e4ger, MIK<\/td>\n<\/tr>\n<tr>\n<th id=\"attrTitle_37\"><strong>Bremshebel<\/strong><\/th>\n<td id=\"attrValue_37\">Alhonga HT474, Aluminium<\/td>\n<\/tr>\n<tr>\n<th id=\"attrTitle_38\"><strong>Display<\/strong><\/th>\n<td id=\"attrValue_38\">Bosch Purion<\/td>\n<\/tr>\n<tr>\n<th id=\"attrTitle_39\"><strong>Kette<\/strong><\/th>\n<td id=\"attrValue_39\">KMC e9S<\/td>\n<\/tr>\n<tr>\n<th id=\"attrTitle_40\"><strong>Akkuleistung (Wh)<\/strong><\/th>\n<td id=\"attrValue_40\">500<\/td>\n<\/tr>\n<tr>\n<th id=\"attrTitle_41\"><strong>Akku<\/strong><\/th>\n<td id=\"attrValue_41\">Bosch PowerTube<\/td>\n<\/tr>\n<tr>\n<th id=\"attrTitle_42\"><strong>Modelljahr<\/strong><\/th>\n<td id=\"attrValue_42\">2022<\/td>\n<\/tr>\n<tr>\n<th id=\"attrTitle_43\"><strong>Kategorie<\/strong><\/th>\n<td id=\"attrValue_43\">Trekking\/Touren \/ E-Bikes \/ Pedelecs<\/td>\n<\/tr>\n<tr>\n<th id=\"attrTitle_44\"><strong>Zustand<\/strong><\/th>\n<td id=\"attrValue_44\">neu<\/td>\n<\/tr>\n<\/tbody>\n<\/table>","protected":false},"excerpt":{"rendered":"<p>HAIBIKE Trekking 5 Diamant blau Du bist jederzeit bereit f\u00fcr gro\u00dfe und kleine Trekking eBike-Abenteuer? Dann starte durch mit dem<\/p>","protected":false},"featured_media":61785,"comment_status":"open","ping_status":"closed","template":"","meta":{"_rtcl_gb_attr":""},"product_brand":[],"product_cat":[33,247,35],"product_tag":[],"class_list":{"0":"post-40464","1":"product","2":"type-product","3":"status-publish","4":"has-post-thumbnail","6":"product_cat-e-bike","7":"product_cat-e-bike-trekking","8":"product_cat-e-bikes-2022","9":"pa_marke-haibike","11":"first","12":"instock","13":"sale","14":"taxable","15":"shipping-taxable","16":"purchasable","17":"product-type-variable"},"yoast_head":"<!-- This site is optimized with the Yoast SEO Premium plugin v20.12 (Yoast SEO v27.4) - https:\/\/yoast.com\/product\/yoast-seo-premium-wordpress\/ -->\n<title>HAIBIKE Trekking 5 Diamant blau<\/title>\n<meta name=\"description\" content=\"cioelectro.com bietet Ihnen das HAIBIKE Trekking 5 Diamant blau zum besten Preis mit kostenlosem Versand in ganz EuropaHAIBIKE Trekking 5HAIBIKE Trekking 5\" \/>\n<meta name=\"robots\" content=\"index, follow, max-snippet:-1, max-image-preview:large, max-video-preview:-1\" \/>\n<link rel=\"canonical\" href=\"https:\/\/cioelectro.com\/en\/produkt\/haibike-trekking-5-diamant-blau\/\" \/>\n<meta property=\"og:locale\" content=\"en_US\" \/>\n<meta property=\"og:type\" content=\"article\" \/>\n<meta property=\"og:title\" content=\"HAIBIKE Trekking 5 Diamant blau\" \/>\n<meta property=\"og:description\" content=\"Entdecken Sie unseren Online-Fahrradladen: Gro\u00dfe Auswahl an Modellen f\u00fcr alle Radsportbegeisterten. Von Rennr\u00e4dern bis zu Mountainbikes - finden Sie heute Ihren perfekten Wegbegleiter!\" \/>\n<meta property=\"og:url\" content=\"https:\/\/cioelectro.com\/en\/produkt\/haibike-trekking-5-diamant-blau\/\" \/>\n<meta property=\"og:site_name\" content=\"cioelectro.com\" \/>\n<meta property=\"article:modified_time\" content=\"2023-08-11T10:59:04+00:00\" \/>\n<meta property=\"og:image\" content=\"https:\/\/cioelectro.com\/wp-content\/uploads\/2023\/06\/haibike-trekking-5-diamond-blue-canary-1.jpg\" \/>\n\t<meta property=\"og:image:width\" content=\"613\" \/>\n\t<meta property=\"og:image:height\" content=\"613\" \/>\n\t<meta property=\"og:image:type\" content=\"image\/jpeg\" \/>\n<meta name=\"twitter:card\" content=\"summary_large_image\" \/>\n<meta name=\"twitter:label1\" content=\"Est. reading time\" \/>\n\t<meta name=\"twitter:data1\" content=\"2 minutes\" \/>\n<script type=\"application\/ld+json\" class=\"yoast-schema-graph\">{\"@context\":\"https:\\\/\\\/schema.org\",\"@graph\":[{\"@type\":\"WebPage\",\"@id\":\"https:\\\/\\\/cioelectro.com\\\/produkt\\\/haibike-trekking-5-diamant-blau\\\/\",\"url\":\"https:\\\/\\\/cioelectro.com\\\/produkt\\\/haibike-trekking-5-diamant-blau\\\/\",\"name\":\"HAIBIKE Trekking 5 Diamant blau\",\"isPartOf\":{\"@id\":\"https:\\\/\\\/cioelectro.com\\\/#website\"},\"primaryImageOfPage\":{\"@id\":\"https:\\\/\\\/cioelectro.com\\\/produkt\\\/haibike-trekking-5-diamant-blau\\\/#primaryimage\"},\"image\":{\"@id\":\"https:\\\/\\\/cioelectro.com\\\/produkt\\\/haibike-trekking-5-diamant-blau\\\/#primaryimage\"},\"thumbnailUrl\":\"https:\\\/\\\/cioelectro.com\\\/wp-content\\\/uploads\\\/2023\\\/06\\\/haibike-trekking-5-diamond-blue-canary-1.jpg\",\"datePublished\":\"2022-11-14T13:18:33+00:00\",\"dateModified\":\"2023-08-11T10:59:04+00:00\",\"description\":\"cioelectro.com bietet Ihnen das HAIBIKE Trekking 5 Diamant blau zum besten Preis mit kostenlosem Versand in ganz EuropaHAIBIKE Trekking 5HAIBIKE Trekking 5\",\"breadcrumb\":{\"@id\":\"https:\\\/\\\/cioelectro.com\\\/produkt\\\/haibike-trekking-5-diamant-blau\\\/#breadcrumb\"},\"inLanguage\":\"en-US\",\"potentialAction\":[{\"@type\":\"ReadAction\",\"target\":[\"https:\\\/\\\/cioelectro.com\\\/produkt\\\/haibike-trekking-5-diamant-blau\\\/\"]}]},{\"@type\":\"ImageObject\",\"inLanguage\":\"en-US\",\"@id\":\"https:\\\/\\\/cioelectro.com\\\/produkt\\\/haibike-trekking-5-diamant-blau\\\/#primaryimage\",\"url\":\"https:\\\/\\\/cioelectro.com\\\/wp-content\\\/uploads\\\/2023\\\/06\\\/haibike-trekking-5-diamond-blue-canary-1.jpg\",\"contentUrl\":\"https:\\\/\\\/cioelectro.com\\\/wp-content\\\/uploads\\\/2023\\\/06\\\/haibike-trekking-5-diamond-blue-canary-1.jpg\",\"width\":613,\"height\":613,\"caption\":\"HAIBIKE Trekking 5 Diamant blau\"},{\"@type\":\"BreadcrumbList\",\"@id\":\"https:\\\/\\\/cioelectro.com\\\/produkt\\\/haibike-trekking-5-diamant-blau\\\/#breadcrumb\",\"itemListElement\":[{\"@type\":\"ListItem\",\"position\":1,\"name\":\"Startseite\",\"item\":\"https:\\\/\\\/cioelectro.com\\\/\"},{\"@type\":\"ListItem\",\"position\":2,\"name\":\"LADEN\",\"item\":\"https:\\\/\\\/cioelectro.com\\\/laden\\\/\"},{\"@type\":\"ListItem\",\"position\":3,\"name\":\"HAIBIKE Trekking 5 Diamant blau\"}]},{\"@type\":\"WebSite\",\"@id\":\"https:\\\/\\\/cioelectro.com\\\/#website\",\"url\":\"https:\\\/\\\/cioelectro.com\\\/\",\"name\":\"cioelectro.com\",\"description\":\"Treten Sie mit uns ins Abenteuer!\",\"publisher\":{\"@id\":\"https:\\\/\\\/cioelectro.com\\\/#organization\"},\"alternateName\":\"MEIN RADLADEN\",\"potentialAction\":[{\"@type\":\"SearchAction\",\"target\":{\"@type\":\"EntryPoint\",\"urlTemplate\":\"https:\\\/\\\/cioelectro.com\\\/?s={search_term_string}\"},\"query-input\":{\"@type\":\"PropertyValueSpecification\",\"valueRequired\":true,\"valueName\":\"search_term_string\"}}],\"inLanguage\":\"en-US\"},{\"@type\":\"Organization\",\"@id\":\"https:\\\/\\\/cioelectro.com\\\/#organization\",\"name\":\"CIOELECTRO\",\"alternateName\":\"MEIN RADLADEN\",\"url\":\"https:\\\/\\\/cioelectro.com\\\/\",\"logo\":{\"@type\":\"ImageObject\",\"inLanguage\":\"en-US\",\"@id\":\"https:\\\/\\\/cioelectro.com\\\/#\\\/schema\\\/logo\\\/image\\\/\",\"url\":\"https:\\\/\\\/cioelectro.com\\\/wp-content\\\/uploads\\\/2025\\\/12\\\/Logo-2-1200x800.png\",\"contentUrl\":\"https:\\\/\\\/cioelectro.com\\\/wp-content\\\/uploads\\\/2025\\\/12\\\/Logo-2-1200x800.png\",\"width\":1200,\"height\":800,\"caption\":\"CIOELECTRO\"},\"image\":{\"@id\":\"https:\\\/\\\/cioelectro.com\\\/#\\\/schema\\\/logo\\\/image\\\/\"}}]}<\/script>\n<!-- \/ Yoast SEO Premium plugin. -->","yoast_head_json":{"title":"HAIBIKE Trekking 5 Diamant blau","description":"cioelectro.com bietet Ihnen das HAIBIKE Trekking 5 Diamant blau zum besten Preis mit kostenlosem Versand in ganz EuropaHAIBIKE Trekking 5HAIBIKE Trekking 5","robots":{"index":"index","follow":"follow","max-snippet":"max-snippet:-1","max-image-preview":"max-image-preview:large","max-video-preview":"max-video-preview:-1"},"canonical":"https:\/\/cioelectro.com\/en\/produkt\/haibike-trekking-5-diamant-blau\/","og_locale":"en_US","og_type":"article","og_title":"HAIBIKE Trekking 5 Diamant blau","og_description":"Entdecken Sie unseren Online-Fahrradladen: Gro\u00dfe Auswahl an Modellen f\u00fcr alle Radsportbegeisterten. Von Rennr\u00e4dern bis zu Mountainbikes - finden Sie heute Ihren perfekten Wegbegleiter!","og_url":"https:\/\/cioelectro.com\/en\/produkt\/haibike-trekking-5-diamant-blau\/","og_site_name":"cioelectro.com","article_modified_time":"2023-08-11T10:59:04+00:00","og_image":[{"width":613,"height":613,"url":"https:\/\/cioelectro.com\/wp-content\/uploads\/2023\/06\/haibike-trekking-5-diamond-blue-canary-1.jpg","type":"image\/jpeg"}],"twitter_card":"summary_large_image","twitter_misc":{"Est. reading time":"2 minutes"},"schema":{"@context":"https:\/\/schema.org","@graph":[{"@type":"WebPage","@id":"https:\/\/cioelectro.com\/produkt\/haibike-trekking-5-diamant-blau\/","url":"https:\/\/cioelectro.com\/produkt\/haibike-trekking-5-diamant-blau\/","name":"HAIBIKE Trekking 5 Diamant blau","isPartOf":{"@id":"https:\/\/cioelectro.com\/#website"},"primaryImageOfPage":{"@id":"https:\/\/cioelectro.com\/produkt\/haibike-trekking-5-diamant-blau\/#primaryimage"},"image":{"@id":"https:\/\/cioelectro.com\/produkt\/haibike-trekking-5-diamant-blau\/#primaryimage"},"thumbnailUrl":"https:\/\/cioelectro.com\/wp-content\/uploads\/2023\/06\/haibike-trekking-5-diamond-blue-canary-1.jpg","datePublished":"2022-11-14T13:18:33+00:00","dateModified":"2023-08-11T10:59:04+00:00","description":"cioelectro.com bietet Ihnen das HAIBIKE Trekking 5 Diamant blau zum besten Preis mit kostenlosem Versand in ganz EuropaHAIBIKE Trekking 5HAIBIKE Trekking 5","breadcrumb":{"@id":"https:\/\/cioelectro.com\/produkt\/haibike-trekking-5-diamant-blau\/#breadcrumb"},"inLanguage":"en-US","potentialAction":[{"@type":"ReadAction","target":["https:\/\/cioelectro.com\/produkt\/haibike-trekking-5-diamant-blau\/"]}]},{"@type":"ImageObject","inLanguage":"en-US","@id":"https:\/\/cioelectro.com\/produkt\/haibike-trekking-5-diamant-blau\/#primaryimage","url":"https:\/\/cioelectro.com\/wp-content\/uploads\/2023\/06\/haibike-trekking-5-diamond-blue-canary-1.jpg","contentUrl":"https:\/\/cioelectro.com\/wp-content\/uploads\/2023\/06\/haibike-trekking-5-diamond-blue-canary-1.jpg","width":613,"height":613,"caption":"HAIBIKE Trekking 5 Diamant blau"},{"@type":"BreadcrumbList","@id":"https:\/\/cioelectro.com\/produkt\/haibike-trekking-5-diamant-blau\/#breadcrumb","itemListElement":[{"@type":"ListItem","position":1,"name":"Startseite","item":"https:\/\/cioelectro.com\/"},{"@type":"ListItem","position":2,"name":"LADEN","item":"https:\/\/cioelectro.com\/laden\/"},{"@type":"ListItem","position":3,"name":"HAIBIKE Trekking 5 Diamant blau"}]},{"@type":"WebSite","@id":"https:\/\/cioelectro.com\/#website","url":"https:\/\/cioelectro.com\/","name":"cioelectro.com","description":"Treten Sie mit uns ins Abenteuer!","publisher":{"@id":"https:\/\/cioelectro.com\/#organization"},"alternateName":"MEIN RADLADEN","potentialAction":[{"@type":"SearchAction","target":{"@type":"EntryPoint","urlTemplate":"https:\/\/cioelectro.com\/?s={search_term_string}"},"query-input":{"@type":"PropertyValueSpecification","valueRequired":true,"valueName":"search_term_string"}}],"inLanguage":"en-US"},{"@type":"Organization","@id":"https:\/\/cioelectro.com\/#organization","name":"CIOELECTRO","alternateName":"MEIN RADLADEN","url":"https:\/\/cioelectro.com\/","logo":{"@type":"ImageObject","inLanguage":"en-US","@id":"https:\/\/cioelectro.com\/#\/schema\/logo\/image\/","url":"https:\/\/cioelectro.com\/wp-content\/uploads\/2025\/12\/Logo-2-1200x800.png","contentUrl":"https:\/\/cioelectro.com\/wp-content\/uploads\/2025\/12\/Logo-2-1200x800.png","width":1200,"height":800,"caption":"CIOELECTRO"},"image":{"@id":"https:\/\/cioelectro.com\/#\/schema\/logo\/image\/"}}]}},"_links":{"self":[{"href":"https:\/\/cioelectro.com\/en\/wp-json\/wp\/v2\/product\/40464","targetHints":{"allow":["GET"]}}],"collection":[{"href":"https:\/\/cioelectro.com\/en\/wp-json\/wp\/v2\/product"}],"about":[{"href":"https:\/\/cioelectro.com\/en\/wp-json\/wp\/v2\/types\/product"}],"replies":[{"embeddable":true,"href":"https:\/\/cioelectro.com\/en\/wp-json\/wp\/v2\/comments?post=40464"}],"version-history":[{"count":0,"href":"https:\/\/cioelectro.com\/en\/wp-json\/wp\/v2\/product\/40464\/revisions"}],"wp:featuredmedia":[{"embeddable":true,"href":"https:\/\/cioelectro.com\/en\/wp-json\/wp\/v2\/media\/61785"}],"wp:attachment":[{"href":"https:\/\/cioelectro.com\/en\/wp-json\/wp\/v2\/media?parent=40464"}],"wp:term":[{"taxonomy":"product_brand","embeddable":true,"href":"https:\/\/cioelectro.com\/en\/wp-json\/wp\/v2\/product_brand?post=40464"},{"taxonomy":"product_cat","embeddable":true,"href":"https:\/\/cioelectro.com\/en\/wp-json\/wp\/v2\/product_cat?post=40464"},{"taxonomy":"product_tag","embeddable":true,"href":"https:\/\/cioelectro.com\/en\/wp-json\/wp\/v2\/product_tag?post=40464"}],"curies":[{"name":"wp","href":"https:\/\/api.w.org\/{rel}","templated":true}]}}