{"id":40603,"date":"2022-11-14T17:55:17","date_gmt":"2022-11-14T16:55:17","guid":{"rendered":"https:\/\/meinradladen.com\/?post_type=product&#038;p=40603"},"modified":"2023-08-11T12:43:17","modified_gmt":"2023-08-11T10:43:17","slug":"haibike-trekking-8-gloss-royal-blue-metallic-silver-2022","status":"publish","type":"product","link":"https:\/\/cioelectro.com\/en\/produkt\/haibike-trekking-8-gloss-royal-blue-metallic-silver-2022\/","title":{"rendered":"Haibike Trekking 8 gloss royal blue\/metallic silver 2022"},"content":{"rendered":"<h2 class=\"pageTitle\">Haibike Trekking 8 gloss royal blue\/metallic silver 2022<\/h2>\n<p>Das neue Haibike Trekking 8 gloss HIGH l\u00e4sst optisch und technisch keine W\u00fcnsche offen: Der neue, kraftvolle Bosch Performance CX Smart System Motor bietet dir kraftvolle Unterst\u00fctzung am Berg sowie innovative technische Features. Die vollintegrierte 750Wh Bosch PowerTube sorgt auch bei l\u00e4ngeren Touren f\u00fcr eine cleane Optik und ausreichend Sattheit. Hochwertige Schaltkomponenten von Shimano, eine 100 mm SR Suntour Federgabel und die StVZO-konforme Ausstattung statten dich mit allem aus, was du f\u00fcr unbeschwerte Ausfl\u00fcge auf der Stra\u00dfe oder auf leichten Schotterwegen ben\u00f6tigst.<\/p>\n<h2 class=\"cyc-typo_display-2 pdp__headline\">Ausstattung<\/h2>\n<table class=\"attributes\">\n<tbody>\n<tr>\n<th id=\"attrTitle_1\"><strong>Farbzuordnung<\/strong><\/th>\n<td id=\"attrValue_1\">Blau \/ Silber<\/td>\n<\/tr>\n<tr>\n<th id=\"attrTitle_2\"><strong>Farbe<\/strong><\/th>\n<td id=\"attrValue_2\">gloss royal blue\/metallic silver<\/td>\n<\/tr>\n<tr>\n<th id=\"attrTitle_3\"><strong>Rahmenform<\/strong><\/th>\n<td id=\"attrValue_3\">Diamant<\/td>\n<\/tr>\n<tr>\n<th id=\"attrTitle_4\"><strong>Durchmesser Scheibenbremse vorn<\/strong><\/th>\n<td id=\"attrValue_4\">180.00<\/td>\n<\/tr>\n<tr>\n<th id=\"attrTitle_5\"><strong>Ganganzahl<\/strong><\/th>\n<td id=\"attrValue_5\">11<\/td>\n<\/tr>\n<tr>\n<th id=\"attrTitle_6\"><strong>Federweg in mm<\/strong><\/th>\n<td id=\"attrValue_6\">100.00<\/td>\n<\/tr>\n<tr>\n<th id=\"attrTitle_7\"><strong>Durchmesser Scheibenbremse hinten<\/strong><\/th>\n<td id=\"attrValue_7\">180.00<\/td>\n<\/tr>\n<tr>\n<th id=\"attrTitle_8\"><strong>Motorposition<\/strong><\/th>\n<td id=\"attrValue_8\">Mittelmotor<\/td>\n<\/tr>\n<tr>\n<th id=\"attrTitle_9\"><strong>Gabelhersteller<\/strong><\/th>\n<td id=\"attrValue_9\">SR Suntour<\/td>\n<\/tr>\n<tr>\n<th id=\"attrTitle_10\"><strong>Akkuposition<\/strong><\/th>\n<td id=\"attrValue_10\">intube<\/td>\n<\/tr>\n<tr>\n<th id=\"attrTitle_11\"><strong>Federung<\/strong><\/th>\n<td id=\"attrValue_11\">stahlgefedert<\/td>\n<\/tr>\n<tr>\n<th id=\"attrTitle_12\"><strong>Schaltart<\/strong><\/th>\n<td id=\"attrValue_12\">Kettenschaltung<\/td>\n<\/tr>\n<tr>\n<th id=\"attrTitle_13\"><strong>Bremssystem<\/strong><\/th>\n<td id=\"attrValue_13\">Scheibenbremse, hydraulisch<\/td>\n<\/tr>\n<tr>\n<th id=\"attrTitle_14\"><strong>Rahmenmaterial<\/strong><\/th>\n<td id=\"attrValue_14\">Aluminium<\/td>\n<\/tr>\n<tr>\n<th id=\"attrTitle_15\"><strong>Schaltung<\/strong><\/th>\n<td id=\"attrValue_15\">Shimano Deore M5100, 11-Gang<\/td>\n<\/tr>\n<tr>\n<th id=\"attrTitle_16\"><strong>Reifen<\/strong><\/th>\n<td id=\"attrValue_16\">Schwalbe Al Grounder Performance, 60-584, Reflex<\/td>\n<\/tr>\n<tr>\n<th id=\"attrTitle_17\"><strong>Beleuchtung<\/strong><\/th>\n<td id=\"attrValue_17\">Haibike Skybeamer 300, 100 lux \/ AXA Juno Ebike<\/td>\n<\/tr>\n<tr>\n<th id=\"attrTitle_18\"><strong>Motorart<\/strong><\/th>\n<td id=\"attrValue_18\">Bosch Performance CX Smart System, 250W, 85Nm, 25km\/h<\/td>\n<\/tr>\n<tr>\n<th id=\"attrTitle_19\"><strong>Gabel<\/strong><\/th>\n<td id=\"attrValue_19\">SR Suntour Mobie 25 LOR Lockout, Stahlfeder, Federweg: 100mm, Aluschaft 1 1\/8 &#8211; 1 1\/2\u00b4\u00b4 tapered, 15 x 100mm Steckachse<\/td>\n<\/tr>\n<tr>\n<th id=\"attrTitle_20\"><strong>Sattelst\u00fctze<\/strong><\/th>\n<td id=\"attrValue_20\">Patent, 34.9mm, Aluminium<\/td>\n<\/tr>\n<tr>\n<th id=\"attrTitle_21\"><strong>Lenker<\/strong><\/th>\n<td id=\"attrValue_21\">Haibike Components TheBar ++ 740mm<\/td>\n<\/tr>\n<tr>\n<th id=\"attrTitle_22\"><strong>Schutzbleche<\/strong><\/th>\n<td id=\"attrValue_22\">SKS, Chromoplastik<\/td>\n<\/tr>\n<tr>\n<th id=\"attrTitle_23\"><strong>Schalthebel<\/strong><\/th>\n<td id=\"attrValue_23\">Shimano Deore M5100, Triggerschalter<\/td>\n<\/tr>\n<tr>\n<th id=\"attrTitle_24\"><strong>Zahnkr\u00e4nze<\/strong><\/th>\n<td id=\"attrValue_24\">Shimano M5100, 11-51 Z\u00e4hne<\/td>\n<\/tr>\n<tr>\n<th id=\"attrTitle_25\"><strong>Speichen<\/strong><\/th>\n<td id=\"attrValue_25\">Sapim Leader, Schwarz<\/td>\n<\/tr>\n<tr>\n<th id=\"attrTitle_26\"><strong>Naben<\/strong><\/th>\n<td id=\"attrValue_26\">Shimano MT400, Shimano MT401<\/td>\n<\/tr>\n<tr>\n<th id=\"attrTitle_27\"><strong>Sattel<\/strong><\/th>\n<td id=\"attrValue_27\">Haibike Components TheSaddle<\/td>\n<\/tr>\n<tr>\n<th id=\"attrTitle_28\"><strong>Vorbau<\/strong><\/th>\n<td id=\"attrValue_28\">Haibike Components The Stem ++, A-Head, Bar bore: 31.8mm<\/td>\n<\/tr>\n<tr>\n<th id=\"attrTitle_29\"><strong>St\u00e4nder<\/strong><\/th>\n<td id=\"attrValue_29\">Ursus Mooi, einstellbar<\/td>\n<\/tr>\n<tr>\n<th id=\"attrTitle_30\"><strong>Bremse<\/strong><\/th>\n<td id=\"attrValue_30\">Shimano MT400, Aluminium, 180mm<\/td>\n<\/tr>\n<tr>\n<th id=\"attrTitle_31\"><strong>Dynamo<\/strong><\/th>\n<td id=\"attrValue_31\">\u00fcber Systembatterie<\/td>\n<\/tr>\n<tr>\n<th id=\"attrTitle_32\"><strong>Felgen<\/strong><\/th>\n<td id=\"attrValue_32\">Rodi Tryp 30, ge\u00f6st, Hohlkammerfelge, Aluminium<\/td>\n<\/tr>\n<tr>\n<th id=\"attrTitle_33\"><strong>Pedale<\/strong><\/th>\n<td id=\"attrValue_33\">VP E461 Aluminium, mit Reflektor<\/td>\n<\/tr>\n<tr>\n<th id=\"attrTitle_34\"><strong>Steuersatz<\/strong><\/th>\n<td id=\"attrValue_34\">A-Head Tapered<\/td>\n<\/tr>\n<tr>\n<th id=\"attrTitle_35\"><strong>Griffe<\/strong><\/th>\n<td id=\"attrValue_35\">XLC Comfort bo3<\/td>\n<\/tr>\n<tr>\n<th id=\"attrTitle_36\"><strong>Gep\u00e4cktr\u00e4ger<\/strong><\/th>\n<td id=\"attrValue_36\">StandWell Systemgep\u00e4cktr\u00e4ger, XLC Carrymore<\/td>\n<\/tr>\n<tr>\n<th id=\"attrTitle_37\"><strong>Bremshebel<\/strong><\/th>\n<td id=\"attrValue_37\">Shimano MT401-3, Aluminium<\/td>\n<\/tr>\n<tr>\n<th id=\"attrTitle_38\"><strong>Display<\/strong><\/th>\n<td id=\"attrValue_38\">Bosch Kiox 300 + LED Remote<\/td>\n<\/tr>\n<tr>\n<th id=\"attrTitle_39\"><strong>Kette<\/strong><\/th>\n<td id=\"attrValue_39\">KMC e11S<\/td>\n<\/tr>\n<tr>\n<th id=\"attrTitle_40\"><strong>Akkuleistung (Wh)<\/strong><\/th>\n<td id=\"attrValue_40\">750<\/td>\n<\/tr>\n<tr>\n<th id=\"attrTitle_41\"><strong>Akku<\/strong><\/th>\n<td id=\"attrValue_41\">Bosch PowerTube<\/td>\n<\/tr>\n<tr>\n<th id=\"attrTitle_42\"><strong>Modelljahr<\/strong><\/th>\n<td id=\"attrValue_42\">2022<\/td>\n<\/tr>\n<tr>\n<th id=\"attrTitle_43\"><strong>Kategorie<\/strong><\/th>\n<td id=\"attrValue_43\">E-Bikes \/ Pedelecs \/ Trekking\/Touren<\/td>\n<\/tr>\n<tr>\n<th id=\"attrTitle_44\"><strong>Zustand<\/strong><\/th>\n<td id=\"attrValue_44\">neu<\/td>\n<\/tr>\n<\/tbody>\n<\/table>","protected":false},"excerpt":{"rendered":"<p>Haibike Trekking 8 gloss royal blue\/metallic silver 2022 Das neue Haibike Trekking 8 gloss HIGH l\u00e4sst optisch und technisch keine<\/p>","protected":false},"featured_media":61860,"comment_status":"open","ping_status":"closed","template":"","meta":{"_rtcl_gb_attr":""},"product_brand":[],"product_cat":[33,247,35],"product_tag":[],"class_list":{"0":"post-40603","1":"product","2":"type-product","3":"status-publish","4":"has-post-thumbnail","6":"product_cat-e-bike","7":"product_cat-e-bike-trekking","8":"product_cat-e-bikes-2022","9":"pa_marke-haibike","11":"first","12":"instock","13":"sale","14":"taxable","15":"shipping-taxable","16":"purchasable","17":"product-type-variable"},"yoast_head":"<!-- This site is optimized with the Yoast SEO Premium plugin v20.12 (Yoast SEO v27.4) - https:\/\/yoast.com\/product\/yoast-seo-premium-wordpress\/ -->\n<title>Haibike Trekking 8 gloss royal blue\/metallic silver 2022<\/title>\n<meta name=\"description\" content=\"Entdecken Sie unseren Online-Fahrradladen: Gro\u00dfe Auswahl an Modellen f\u00fcr alle Radsportbegeisterten. Von Rennr\u00e4dern bis zu Mountainbikes - finden Sie heute Ihren perfekten Wegbegleiter!\" \/>\n<meta name=\"robots\" content=\"index, follow, max-snippet:-1, max-image-preview:large, max-video-preview:-1\" \/>\n<link rel=\"canonical\" href=\"https:\/\/cioelectro.com\/en\/produkt\/haibike-trekking-8-gloss-royal-blue-metallic-silver-2022\/\" \/>\n<meta property=\"og:locale\" content=\"en_US\" \/>\n<meta property=\"og:type\" content=\"article\" \/>\n<meta property=\"og:title\" content=\"Haibike Trekking 8 gloss royal blue\/metallic silver 2022\" \/>\n<meta property=\"og:description\" content=\"Entdecken Sie unseren Online-Fahrradladen: Gro\u00dfe Auswahl an Modellen f\u00fcr alle Radsportbegeisterten. Von Rennr\u00e4dern bis zu Mountainbikes - finden Sie heute Ihren perfekten Wegbegleiter!\" \/>\n<meta property=\"og:url\" content=\"https:\/\/cioelectro.com\/en\/produkt\/haibike-trekking-8-gloss-royal-blue-metallic-silver-2022\/\" \/>\n<meta property=\"og:site_name\" content=\"cioelectro.com\" \/>\n<meta property=\"article:modified_time\" content=\"2023-08-11T10:43:17+00:00\" \/>\n<meta property=\"og:image\" content=\"https:\/\/cioelectro.com\/wp-content\/uploads\/2023\/06\/Haibike_MY22_Trekking_8_HIGH-scaled-1.jpg\" \/>\n\t<meta property=\"og:image:width\" content=\"2560\" \/>\n\t<meta property=\"og:image:height\" content=\"1707\" \/>\n\t<meta property=\"og:image:type\" content=\"image\/jpeg\" \/>\n<meta name=\"twitter:card\" content=\"summary_large_image\" \/>\n<meta name=\"twitter:label1\" content=\"Est. reading time\" \/>\n\t<meta name=\"twitter:data1\" content=\"2 minutes\" \/>\n<script type=\"application\/ld+json\" class=\"yoast-schema-graph\">{\"@context\":\"https:\\\/\\\/schema.org\",\"@graph\":[{\"@type\":\"WebPage\",\"@id\":\"https:\\\/\\\/cioelectro.com\\\/produkt\\\/haibike-trekking-8-gloss-royal-blue-metallic-silver-2022\\\/\",\"url\":\"https:\\\/\\\/cioelectro.com\\\/produkt\\\/haibike-trekking-8-gloss-royal-blue-metallic-silver-2022\\\/\",\"name\":\"Haibike Trekking 8 gloss royal blue\\\/metallic silver 2022\",\"isPartOf\":{\"@id\":\"https:\\\/\\\/cioelectro.com\\\/#website\"},\"primaryImageOfPage\":{\"@id\":\"https:\\\/\\\/cioelectro.com\\\/produkt\\\/haibike-trekking-8-gloss-royal-blue-metallic-silver-2022\\\/#primaryimage\"},\"image\":{\"@id\":\"https:\\\/\\\/cioelectro.com\\\/produkt\\\/haibike-trekking-8-gloss-royal-blue-metallic-silver-2022\\\/#primaryimage\"},\"thumbnailUrl\":\"https:\\\/\\\/cioelectro.com\\\/wp-content\\\/uploads\\\/2023\\\/06\\\/Haibike_MY22_Trekking_8_HIGH-scaled-1.jpg\",\"datePublished\":\"2022-11-14T16:55:17+00:00\",\"dateModified\":\"2023-08-11T10:43:17+00:00\",\"description\":\"Entdecken Sie unseren Online-Fahrradladen: Gro\u00dfe Auswahl an Modellen f\u00fcr alle Radsportbegeisterten. Von Rennr\u00e4dern bis zu Mountainbikes - finden Sie heute Ihren perfekten Wegbegleiter!\",\"breadcrumb\":{\"@id\":\"https:\\\/\\\/cioelectro.com\\\/produkt\\\/haibike-trekking-8-gloss-royal-blue-metallic-silver-2022\\\/#breadcrumb\"},\"inLanguage\":\"en-US\",\"potentialAction\":[{\"@type\":\"ReadAction\",\"target\":[\"https:\\\/\\\/cioelectro.com\\\/produkt\\\/haibike-trekking-8-gloss-royal-blue-metallic-silver-2022\\\/\"]}]},{\"@type\":\"ImageObject\",\"inLanguage\":\"en-US\",\"@id\":\"https:\\\/\\\/cioelectro.com\\\/produkt\\\/haibike-trekking-8-gloss-royal-blue-metallic-silver-2022\\\/#primaryimage\",\"url\":\"https:\\\/\\\/cioelectro.com\\\/wp-content\\\/uploads\\\/2023\\\/06\\\/Haibike_MY22_Trekking_8_HIGH-scaled-1.jpg\",\"contentUrl\":\"https:\\\/\\\/cioelectro.com\\\/wp-content\\\/uploads\\\/2023\\\/06\\\/Haibike_MY22_Trekking_8_HIGH-scaled-1.jpg\",\"width\":2560,\"height\":1707,\"caption\":\"Haibike Trekking 8 gloss royal blue\\\/metallic silver 2022\"},{\"@type\":\"BreadcrumbList\",\"@id\":\"https:\\\/\\\/cioelectro.com\\\/produkt\\\/haibike-trekking-8-gloss-royal-blue-metallic-silver-2022\\\/#breadcrumb\",\"itemListElement\":[{\"@type\":\"ListItem\",\"position\":1,\"name\":\"Startseite\",\"item\":\"https:\\\/\\\/cioelectro.com\\\/\"},{\"@type\":\"ListItem\",\"position\":2,\"name\":\"LADEN\",\"item\":\"https:\\\/\\\/cioelectro.com\\\/laden\\\/\"},{\"@type\":\"ListItem\",\"position\":3,\"name\":\"Haibike Trekking 8 gloss royal blue\\\/metallic silver 2022\"}]},{\"@type\":\"WebSite\",\"@id\":\"https:\\\/\\\/cioelectro.com\\\/#website\",\"url\":\"https:\\\/\\\/cioelectro.com\\\/\",\"name\":\"cioelectro.com\",\"description\":\"Treten Sie mit uns ins Abenteuer!\",\"publisher\":{\"@id\":\"https:\\\/\\\/cioelectro.com\\\/#organization\"},\"alternateName\":\"MEIN RADLADEN\",\"potentialAction\":[{\"@type\":\"SearchAction\",\"target\":{\"@type\":\"EntryPoint\",\"urlTemplate\":\"https:\\\/\\\/cioelectro.com\\\/?s={search_term_string}\"},\"query-input\":{\"@type\":\"PropertyValueSpecification\",\"valueRequired\":true,\"valueName\":\"search_term_string\"}}],\"inLanguage\":\"en-US\"},{\"@type\":\"Organization\",\"@id\":\"https:\\\/\\\/cioelectro.com\\\/#organization\",\"name\":\"CIOELECTRO\",\"alternateName\":\"MEIN RADLADEN\",\"url\":\"https:\\\/\\\/cioelectro.com\\\/\",\"logo\":{\"@type\":\"ImageObject\",\"inLanguage\":\"en-US\",\"@id\":\"https:\\\/\\\/cioelectro.com\\\/#\\\/schema\\\/logo\\\/image\\\/\",\"url\":\"https:\\\/\\\/cioelectro.com\\\/wp-content\\\/uploads\\\/2025\\\/12\\\/Logo-2-1200x800.png\",\"contentUrl\":\"https:\\\/\\\/cioelectro.com\\\/wp-content\\\/uploads\\\/2025\\\/12\\\/Logo-2-1200x800.png\",\"width\":1200,\"height\":800,\"caption\":\"CIOELECTRO\"},\"image\":{\"@id\":\"https:\\\/\\\/cioelectro.com\\\/#\\\/schema\\\/logo\\\/image\\\/\"}}]}<\/script>\n<!-- \/ Yoast SEO Premium plugin. -->","yoast_head_json":{"title":"Haibike Trekking 8 gloss royal blue\/metallic silver 2022","description":"Entdecken Sie unseren Online-Fahrradladen: Gro\u00dfe Auswahl an Modellen f\u00fcr alle Radsportbegeisterten. Von Rennr\u00e4dern bis zu Mountainbikes - finden Sie heute Ihren perfekten Wegbegleiter!","robots":{"index":"index","follow":"follow","max-snippet":"max-snippet:-1","max-image-preview":"max-image-preview:large","max-video-preview":"max-video-preview:-1"},"canonical":"https:\/\/cioelectro.com\/en\/produkt\/haibike-trekking-8-gloss-royal-blue-metallic-silver-2022\/","og_locale":"en_US","og_type":"article","og_title":"Haibike Trekking 8 gloss royal blue\/metallic silver 2022","og_description":"Entdecken Sie unseren Online-Fahrradladen: Gro\u00dfe Auswahl an Modellen f\u00fcr alle Radsportbegeisterten. Von Rennr\u00e4dern bis zu Mountainbikes - finden Sie heute Ihren perfekten Wegbegleiter!","og_url":"https:\/\/cioelectro.com\/en\/produkt\/haibike-trekking-8-gloss-royal-blue-metallic-silver-2022\/","og_site_name":"cioelectro.com","article_modified_time":"2023-08-11T10:43:17+00:00","og_image":[{"width":2560,"height":1707,"url":"https:\/\/cioelectro.com\/wp-content\/uploads\/2023\/06\/Haibike_MY22_Trekking_8_HIGH-scaled-1.jpg","type":"image\/jpeg"}],"twitter_card":"summary_large_image","twitter_misc":{"Est. reading time":"2 minutes"},"schema":{"@context":"https:\/\/schema.org","@graph":[{"@type":"WebPage","@id":"https:\/\/cioelectro.com\/produkt\/haibike-trekking-8-gloss-royal-blue-metallic-silver-2022\/","url":"https:\/\/cioelectro.com\/produkt\/haibike-trekking-8-gloss-royal-blue-metallic-silver-2022\/","name":"Haibike Trekking 8 gloss royal blue\/metallic silver 2022","isPartOf":{"@id":"https:\/\/cioelectro.com\/#website"},"primaryImageOfPage":{"@id":"https:\/\/cioelectro.com\/produkt\/haibike-trekking-8-gloss-royal-blue-metallic-silver-2022\/#primaryimage"},"image":{"@id":"https:\/\/cioelectro.com\/produkt\/haibike-trekking-8-gloss-royal-blue-metallic-silver-2022\/#primaryimage"},"thumbnailUrl":"https:\/\/cioelectro.com\/wp-content\/uploads\/2023\/06\/Haibike_MY22_Trekking_8_HIGH-scaled-1.jpg","datePublished":"2022-11-14T16:55:17+00:00","dateModified":"2023-08-11T10:43:17+00:00","description":"Entdecken Sie unseren Online-Fahrradladen: Gro\u00dfe Auswahl an Modellen f\u00fcr alle Radsportbegeisterten. Von Rennr\u00e4dern bis zu Mountainbikes - finden Sie heute Ihren perfekten Wegbegleiter!","breadcrumb":{"@id":"https:\/\/cioelectro.com\/produkt\/haibike-trekking-8-gloss-royal-blue-metallic-silver-2022\/#breadcrumb"},"inLanguage":"en-US","potentialAction":[{"@type":"ReadAction","target":["https:\/\/cioelectro.com\/produkt\/haibike-trekking-8-gloss-royal-blue-metallic-silver-2022\/"]}]},{"@type":"ImageObject","inLanguage":"en-US","@id":"https:\/\/cioelectro.com\/produkt\/haibike-trekking-8-gloss-royal-blue-metallic-silver-2022\/#primaryimage","url":"https:\/\/cioelectro.com\/wp-content\/uploads\/2023\/06\/Haibike_MY22_Trekking_8_HIGH-scaled-1.jpg","contentUrl":"https:\/\/cioelectro.com\/wp-content\/uploads\/2023\/06\/Haibike_MY22_Trekking_8_HIGH-scaled-1.jpg","width":2560,"height":1707,"caption":"Haibike Trekking 8 gloss royal blue\/metallic silver 2022"},{"@type":"BreadcrumbList","@id":"https:\/\/cioelectro.com\/produkt\/haibike-trekking-8-gloss-royal-blue-metallic-silver-2022\/#breadcrumb","itemListElement":[{"@type":"ListItem","position":1,"name":"Startseite","item":"https:\/\/cioelectro.com\/"},{"@type":"ListItem","position":2,"name":"LADEN","item":"https:\/\/cioelectro.com\/laden\/"},{"@type":"ListItem","position":3,"name":"Haibike Trekking 8 gloss royal blue\/metallic silver 2022"}]},{"@type":"WebSite","@id":"https:\/\/cioelectro.com\/#website","url":"https:\/\/cioelectro.com\/","name":"cioelectro.com","description":"Treten Sie mit uns ins Abenteuer!","publisher":{"@id":"https:\/\/cioelectro.com\/#organization"},"alternateName":"MEIN RADLADEN","potentialAction":[{"@type":"SearchAction","target":{"@type":"EntryPoint","urlTemplate":"https:\/\/cioelectro.com\/?s={search_term_string}"},"query-input":{"@type":"PropertyValueSpecification","valueRequired":true,"valueName":"search_term_string"}}],"inLanguage":"en-US"},{"@type":"Organization","@id":"https:\/\/cioelectro.com\/#organization","name":"CIOELECTRO","alternateName":"MEIN RADLADEN","url":"https:\/\/cioelectro.com\/","logo":{"@type":"ImageObject","inLanguage":"en-US","@id":"https:\/\/cioelectro.com\/#\/schema\/logo\/image\/","url":"https:\/\/cioelectro.com\/wp-content\/uploads\/2025\/12\/Logo-2-1200x800.png","contentUrl":"https:\/\/cioelectro.com\/wp-content\/uploads\/2025\/12\/Logo-2-1200x800.png","width":1200,"height":800,"caption":"CIOELECTRO"},"image":{"@id":"https:\/\/cioelectro.com\/#\/schema\/logo\/image\/"}}]}},"_links":{"self":[{"href":"https:\/\/cioelectro.com\/en\/wp-json\/wp\/v2\/product\/40603","targetHints":{"allow":["GET"]}}],"collection":[{"href":"https:\/\/cioelectro.com\/en\/wp-json\/wp\/v2\/product"}],"about":[{"href":"https:\/\/cioelectro.com\/en\/wp-json\/wp\/v2\/types\/product"}],"replies":[{"embeddable":true,"href":"https:\/\/cioelectro.com\/en\/wp-json\/wp\/v2\/comments?post=40603"}],"version-history":[{"count":0,"href":"https:\/\/cioelectro.com\/en\/wp-json\/wp\/v2\/product\/40603\/revisions"}],"wp:featuredmedia":[{"embeddable":true,"href":"https:\/\/cioelectro.com\/en\/wp-json\/wp\/v2\/media\/61860"}],"wp:attachment":[{"href":"https:\/\/cioelectro.com\/en\/wp-json\/wp\/v2\/media?parent=40603"}],"wp:term":[{"taxonomy":"product_brand","embeddable":true,"href":"https:\/\/cioelectro.com\/en\/wp-json\/wp\/v2\/product_brand?post=40603"},{"taxonomy":"product_cat","embeddable":true,"href":"https:\/\/cioelectro.com\/en\/wp-json\/wp\/v2\/product_cat?post=40603"},{"taxonomy":"product_tag","embeddable":true,"href":"https:\/\/cioelectro.com\/en\/wp-json\/wp\/v2\/product_tag?post=40603"}],"curies":[{"name":"wp","href":"https:\/\/api.w.org\/{rel}","templated":true}]}}