{"id":40964,"date":"2022-11-15T14:57:07","date_gmt":"2022-11-15T13:57:07","guid":{"rendered":"https:\/\/meinradladen.com\/?post_type=product&#038;p=40964"},"modified":"2023-08-11T11:15:38","modified_gmt":"2023-08-11T09:15:38","slug":"breezer-powertrip-evo-2-3-grun-schwarz","status":"publish","type":"product","link":"https:\/\/cioelectro.com\/en\/produkt\/breezer-powertrip-evo-2-3-grun-schwarz\/","title":{"rendered":"Breezer Powertrip Evo 2.3+ gr\u00fcn\/schwarz"},"content":{"rendered":"<h2 class=\"product-name cyc-typo_display-3 cyc-margin_bottom-1 cyc-no-texttransform js-productName\">Breezer Powertrip Evo 2.3+ gr\u00fcn\/schwarz<\/h2>\n<div class=\"content-section product-info-ctr\">\n<div id=\"product-info\" class=\"product-info cyc-margin_bottom-5 contentwrapper\">\n<div class=\"product-info-content cyc-typo_column-2 js-productDescription\">\n<div class=\"js-productDescriptionContainer\">\n<div class=\"cyc-margin_bottom-4\">\n<p>Die Powertrip Breezer Powertrip Evo ist die perfekte L\u00f6sung f\u00fcr Fahrer, die ein Fahrrad suchen, das herausragenden Komfort, Vielseitigkeit und Reichweite bietet. Der robuste Gep\u00e4cktr\u00e4ger bietet reichlich Kapazit\u00e4t f\u00fcr den Transport von Lasten, w\u00e4hrend das Bosch-Motorsystem und die leichtg\u00e4ngige SR Suntour-Gabel die Kraft \u00fcber H\u00fcgel bringen, damit Sie entspannt bleiben und die Fahrt genie\u00dfen k\u00f6nnen.<\/p>\n<\/div>\n<\/div>\n<\/div>\n<\/div>\n<\/div>\n<div class=\"content-section product-info-ctr\">\n<div id=\"product-info-avc\" class=\"product-info contentwrapper\"><em><strong>Wichtige Hinweise: Bei der Montage eines\u00a0Pedals\u00a0bitte auf Links- bzw. Rechtsgewinde achten! Vor Fahrtantritt bitte die Schnellspanner und Bremsen \u00fcberpr\u00fcfen!<\/strong><\/em><\/div>\n<div>\n<h2 class=\"cyc-typo_display-2 pdp__headline\">Ausstattung<\/h2>\n<p>&nbsp;<\/p>\n<div class=\"widgetBoxBottomRound\">\n<div id=\"attributes\" class=\"ui-tabs-panel ui-widget-content ui-corner-bottom\" role=\"tabpanel\" aria-labelledby=\"ui-id-1\" aria-expanded=\"true\" aria-hidden=\"false\">\n<table class=\"attributes\">\n<tbody>\n<tr>\n<th id=\"attrTitle_1\"><strong>Gewicht<\/strong><\/th>\n<td id=\"attrValue_1\">25.62<\/td>\n<\/tr>\n<tr>\n<th id=\"attrTitle_2\"><strong>Farbe<\/strong><\/th>\n<td id=\"attrValue_2\">Black\/Forest Green<\/td>\n<\/tr>\n<tr>\n<th id=\"attrTitle_3\"><strong>Farbzuordnung<\/strong><\/th>\n<td id=\"attrValue_3\">Schwarz \/ Gr\u00fcn<\/td>\n<\/tr>\n<tr>\n<th id=\"attrTitle_4\"><strong>Rahmenform<\/strong><\/th>\n<td id=\"attrValue_4\">Diamant<\/td>\n<\/tr>\n<tr>\n<th id=\"attrTitle_5\"><strong>Ganganzahl<\/strong><\/th>\n<td id=\"attrValue_5\">8<\/td>\n<\/tr>\n<tr>\n<th id=\"attrTitle_6\"><strong>Federweg in mm<\/strong><\/th>\n<td id=\"attrValue_6\">63.00<\/td>\n<\/tr>\n<tr>\n<th id=\"attrTitle_7\"><strong>Durchmesser Scheibenbremse hinten<\/strong><\/th>\n<td id=\"attrValue_7\">160.00<\/td>\n<\/tr>\n<tr>\n<th id=\"attrTitle_8\"><strong>Durchmesser Scheibenbremse vorn<\/strong><\/th>\n<td id=\"attrValue_8\">180.00<\/td>\n<\/tr>\n<tr>\n<th id=\"attrTitle_9\"><strong>Motorposition<\/strong><\/th>\n<td id=\"attrValue_9\">Mittelmotor<\/td>\n<\/tr>\n<tr>\n<th id=\"attrTitle_10\"><strong>Gabelhersteller<\/strong><\/th>\n<td id=\"attrValue_10\">SR Suntour<\/td>\n<\/tr>\n<tr>\n<th id=\"attrTitle_11\"><strong>Akkuposition<\/strong><\/th>\n<td id=\"attrValue_11\">intube<\/td>\n<\/tr>\n<tr>\n<th id=\"attrTitle_12\"><strong>Federung<\/strong><\/th>\n<td id=\"attrValue_12\">stahlgefedert<\/td>\n<\/tr>\n<tr>\n<th id=\"attrTitle_13\"><strong>Bremssystem<\/strong><\/th>\n<td id=\"attrValue_13\">Scheibenbremse, hydraulisch<\/td>\n<\/tr>\n<tr>\n<th id=\"attrTitle_14\"><strong>Rahmenmaterial<\/strong><\/th>\n<td id=\"attrValue_14\">Aluminium<\/td>\n<\/tr>\n<tr>\n<th id=\"attrTitle_15\"><strong>Reifen<\/strong><\/th>\n<td id=\"attrValue_15\">Schwalbe Delta Cruiser Plus, 47-622, SBC compound, Twin Skin puncture protection, reflective stripes, 50tpi<\/td>\n<\/tr>\n<tr>\n<th id=\"attrTitle_16\"><strong>Beleuchtung<\/strong><\/th>\n<td id=\"attrValue_16\">Busch + M\u00fcller Lumotec Avy, Mirror Optic Beam, 40 Lux, 5-15V, with reflector, crown mounted<\/td>\n<\/tr>\n<tr>\n<th id=\"attrTitle_17\"><strong>Motorart<\/strong><\/th>\n<td id=\"attrValue_17\">Bosch Active Plus, 3rd generation mid-motor, 250W rated power, 50Nm of torque, 25km\/h maximum assist<\/td>\n<\/tr>\n<tr>\n<th id=\"attrTitle_18\"><strong>Sattelst\u00fctze<\/strong><\/th>\n<td id=\"attrValue_18\">6061 Alloy micro-adjust, 27.2mm diameter<\/td>\n<\/tr>\n<tr>\n<th id=\"attrTitle_19\"><strong>Gabel<\/strong><\/th>\n<td id=\"attrValue_19\">Suntour NCX LO 700C Coil, travel 63mm, hydraulic lockout, steel steerer, 9 x 100mm QR, 30mm stanchions<\/td>\n<\/tr>\n<tr>\n<th id=\"attrTitle_20\"><strong>St\u00e4nder<\/strong><\/th>\n<td id=\"attrValue_20\">Standwell alloy kickstand<\/td>\n<\/tr>\n<tr>\n<th id=\"attrTitle_21\"><strong>Griffe<\/strong><\/th>\n<td id=\"attrValue_21\">Ergon GP1<\/td>\n<\/tr>\n<tr>\n<th id=\"attrTitle_22\"><strong>Bremse<\/strong><\/th>\n<td id=\"attrValue_22\">Shimano MT200 hydraulic disc, 180\/ 160mm rotors and rear Hub Coaster-Brake<\/td>\n<\/tr>\n<tr>\n<th id=\"attrTitle_23\"><strong>Kette<\/strong><\/th>\n<td id=\"attrValue_23\">KMC Z-610 HXRB for E-Bikes, anti-rust, heavy duty<\/td>\n<\/tr>\n<tr>\n<th id=\"attrTitle_24\"><strong>Sattel<\/strong><\/th>\n<td id=\"attrValue_24\">Selle Royal Essenza Moderate<\/td>\n<\/tr>\n<tr>\n<th id=\"attrTitle_25\"><strong>R\u00fcckleuchte<\/strong><\/th>\n<td id=\"attrValue_25\">Herman\u00b4s H-Cargo Narrow, integrated with carrier<\/td>\n<\/tr>\n<tr>\n<th id=\"attrTitle_26\"><strong>Vorbau<\/strong><\/th>\n<td id=\"attrValue_26\">3D-Forged 6061 aluminum, 0-60 degree adjustable rise, 31.8mm clamp<\/td>\n<\/tr>\n<tr>\n<th id=\"attrTitle_27\"><strong>Bremshebel<\/strong><\/th>\n<td id=\"attrValue_27\">Shimano MT201-3A hydraulic disc 3 finger lever<\/td>\n<\/tr>\n<tr>\n<th id=\"attrTitle_28\"><strong>Zahnkr\u00e4nze<\/strong><\/th>\n<td id=\"attrValue_28\">Shimano, 20T<\/td>\n<\/tr>\n<tr>\n<th id=\"attrTitle_29\"><strong>Pedale<\/strong><\/th>\n<td id=\"attrValue_29\">Polished aluminum body, Kraton grip, chromoly axle<\/td>\n<\/tr>\n<tr>\n<th id=\"attrTitle_30\"><strong>Steuersatz<\/strong><\/th>\n<td id=\"attrValue_30\">FSA 1 1\/8\u00b4\u00b4, caged bearings<\/td>\n<\/tr>\n<tr>\n<th id=\"attrTitle_31\"><strong>Schutzbleche<\/strong><\/th>\n<td id=\"attrValue_31\">SKS Stingray 2, PET, stainless hardware, rear reflector<\/td>\n<\/tr>\n<tr>\n<th id=\"attrTitle_32\"><strong>Schalthebel<\/strong><\/th>\n<td id=\"attrValue_32\">Shimano Nexus 8-speed<\/td>\n<\/tr>\n<tr>\n<th id=\"attrTitle_33\"><strong>Display<\/strong><\/th>\n<td id=\"attrValue_33\">Bosch Intuvia<\/td>\n<\/tr>\n<tr>\n<th id=\"attrTitle_34\"><strong>Kurbelsatz<\/strong><\/th>\n<td id=\"attrValue_34\">FSA CK-320 for Bosch gen.3 motors, 38T steel chainring<\/td>\n<\/tr>\n<tr>\n<th id=\"attrTitle_35\"><strong>Akkuleistung (Wh)<\/strong><\/th>\n<td id=\"attrValue_35\">500<\/td>\n<\/tr>\n<tr>\n<th id=\"attrTitle_36\"><strong>Akku<\/strong><\/th>\n<td id=\"attrValue_36\">Bosch Power Tube 500Wh with 2A charger<\/td>\n<\/tr>\n<tr>\n<th id=\"attrTitle_37\"><strong>Modelljahr<\/strong><\/th>\n<td id=\"attrValue_37\">2021<\/td>\n<\/tr>\n<tr>\n<th id=\"attrTitle_38\"><strong>Kategorie<\/strong><\/th>\n<td id=\"attrValue_38\">Trekking\/Touren \/ E-Bikes \/ Pedelecs<\/td>\n<\/tr>\n<tr>\n<th id=\"attrTitle_39\"><strong>Zustand<\/strong><\/th>\n<td id=\"attrValue_39\">neu<\/td>\n<\/tr>\n<\/tbody>\n<\/table>\n<\/div>\n<\/div>\n<\/div>\n<\/div>","protected":false},"excerpt":{"rendered":"<p>Breezer Powertrip Evo 2.3+ gr\u00fcn\/schwarz Die Powertrip Breezer Powertrip Evo ist die perfekte L\u00f6sung f\u00fcr Fahrer, die ein Fahrrad suchen,<\/p>","protected":false},"featured_media":62028,"comment_status":"open","ping_status":"closed","template":"","meta":{"_rtcl_gb_attr":""},"product_brand":[],"product_cat":[33,247],"product_tag":[],"class_list":{"0":"post-40964","1":"product","2":"type-product","3":"status-publish","4":"has-post-thumbnail","6":"product_cat-e-bike","7":"product_cat-e-bike-trekking","8":"pa_marke-breezer","10":"first","11":"instock","12":"sale","13":"taxable","14":"shipping-taxable","15":"purchasable","16":"product-type-variable"},"yoast_head":"<!-- This site is optimized with the Yoast SEO Premium plugin v20.12 (Yoast SEO v27.4) - https:\/\/yoast.com\/product\/yoast-seo-premium-wordpress\/ -->\n<title>Breezer Powertrip Evo 2.3+ gr\u00fcn\/schwarz<\/title>\n<meta name=\"description\" content=\"Entdecken Sie unseren Online-Fahrradladen: Gro\u00dfe Auswahl an Modellen f\u00fcr alle Radsportbegeisterten. Von Rennr\u00e4dern bis zu Mountainbikes - finden Sie heute Ihren perfekten Wegbegleiter!\" \/>\n<meta name=\"robots\" content=\"index, follow, max-snippet:-1, max-image-preview:large, max-video-preview:-1\" \/>\n<link rel=\"canonical\" href=\"https:\/\/cioelectro.com\/en\/produkt\/breezer-powertrip-evo-2-3-grun-schwarz\/\" \/>\n<meta property=\"og:locale\" content=\"en_US\" \/>\n<meta property=\"og:type\" content=\"article\" \/>\n<meta property=\"og:title\" content=\"Breezer Powertrip Evo 2.3+ gr\u00fcn\/schwarz\" \/>\n<meta property=\"og:description\" content=\"Entdecken Sie unseren Online-Fahrradladen: Gro\u00dfe Auswahl an Modellen f\u00fcr alle Radsportbegeisterten. Von Rennr\u00e4dern bis zu Mountainbikes - finden Sie heute Ihren perfekten Wegbegleiter!\" \/>\n<meta property=\"og:url\" content=\"https:\/\/cioelectro.com\/en\/produkt\/breezer-powertrip-evo-2-3-grun-schwarz\/\" \/>\n<meta property=\"og:site_name\" content=\"cioelectro.com\" \/>\n<meta property=\"article:modified_time\" content=\"2023-08-11T09:15:38+00:00\" \/>\n<meta property=\"og:image\" content=\"https:\/\/cioelectro.com\/wp-content\/uploads\/2023\/06\/breezer-powertrip-evo-23-black-forest-green-1.jpg\" \/>\n\t<meta property=\"og:image:width\" content=\"2400\" \/>\n\t<meta property=\"og:image:height\" content=\"2400\" \/>\n\t<meta property=\"og:image:type\" content=\"image\/jpeg\" \/>\n<meta name=\"twitter:card\" content=\"summary_large_image\" \/>\n<meta name=\"twitter:label1\" content=\"Est. reading time\" \/>\n\t<meta name=\"twitter:data1\" content=\"2 minutes\" \/>\n<script type=\"application\/ld+json\" class=\"yoast-schema-graph\">{\"@context\":\"https:\\\/\\\/schema.org\",\"@graph\":[{\"@type\":\"WebPage\",\"@id\":\"https:\\\/\\\/cioelectro.com\\\/produkt\\\/breezer-powertrip-evo-2-3-grun-schwarz\\\/\",\"url\":\"https:\\\/\\\/cioelectro.com\\\/produkt\\\/breezer-powertrip-evo-2-3-grun-schwarz\\\/\",\"name\":\"Breezer Powertrip Evo 2.3+ gr\u00fcn\\\/schwarz\",\"isPartOf\":{\"@id\":\"https:\\\/\\\/cioelectro.com\\\/#website\"},\"primaryImageOfPage\":{\"@id\":\"https:\\\/\\\/cioelectro.com\\\/produkt\\\/breezer-powertrip-evo-2-3-grun-schwarz\\\/#primaryimage\"},\"image\":{\"@id\":\"https:\\\/\\\/cioelectro.com\\\/produkt\\\/breezer-powertrip-evo-2-3-grun-schwarz\\\/#primaryimage\"},\"thumbnailUrl\":\"https:\\\/\\\/cioelectro.com\\\/wp-content\\\/uploads\\\/2023\\\/06\\\/breezer-powertrip-evo-23-black-forest-green-1.jpg\",\"datePublished\":\"2022-11-15T13:57:07+00:00\",\"dateModified\":\"2023-08-11T09:15:38+00:00\",\"description\":\"Entdecken Sie unseren Online-Fahrradladen: Gro\u00dfe Auswahl an Modellen f\u00fcr alle Radsportbegeisterten. Von Rennr\u00e4dern bis zu Mountainbikes - finden Sie heute Ihren perfekten Wegbegleiter!\",\"breadcrumb\":{\"@id\":\"https:\\\/\\\/cioelectro.com\\\/produkt\\\/breezer-powertrip-evo-2-3-grun-schwarz\\\/#breadcrumb\"},\"inLanguage\":\"en-US\",\"potentialAction\":[{\"@type\":\"ReadAction\",\"target\":[\"https:\\\/\\\/cioelectro.com\\\/produkt\\\/breezer-powertrip-evo-2-3-grun-schwarz\\\/\"]}]},{\"@type\":\"ImageObject\",\"inLanguage\":\"en-US\",\"@id\":\"https:\\\/\\\/cioelectro.com\\\/produkt\\\/breezer-powertrip-evo-2-3-grun-schwarz\\\/#primaryimage\",\"url\":\"https:\\\/\\\/cioelectro.com\\\/wp-content\\\/uploads\\\/2023\\\/06\\\/breezer-powertrip-evo-23-black-forest-green-1.jpg\",\"contentUrl\":\"https:\\\/\\\/cioelectro.com\\\/wp-content\\\/uploads\\\/2023\\\/06\\\/breezer-powertrip-evo-23-black-forest-green-1.jpg\",\"width\":2400,\"height\":2400,\"caption\":\"Breezer Powertrip Evo 2.3+ gr\u00fcn\\\/schwarz\"},{\"@type\":\"BreadcrumbList\",\"@id\":\"https:\\\/\\\/cioelectro.com\\\/produkt\\\/breezer-powertrip-evo-2-3-grun-schwarz\\\/#breadcrumb\",\"itemListElement\":[{\"@type\":\"ListItem\",\"position\":1,\"name\":\"Startseite\",\"item\":\"https:\\\/\\\/cioelectro.com\\\/\"},{\"@type\":\"ListItem\",\"position\":2,\"name\":\"LADEN\",\"item\":\"https:\\\/\\\/cioelectro.com\\\/laden\\\/\"},{\"@type\":\"ListItem\",\"position\":3,\"name\":\"Breezer Powertrip Evo 2.3+ gr\u00fcn\\\/schwarz\"}]},{\"@type\":\"WebSite\",\"@id\":\"https:\\\/\\\/cioelectro.com\\\/#website\",\"url\":\"https:\\\/\\\/cioelectro.com\\\/\",\"name\":\"cioelectro.com\",\"description\":\"Treten Sie mit uns ins Abenteuer!\",\"publisher\":{\"@id\":\"https:\\\/\\\/cioelectro.com\\\/#organization\"},\"alternateName\":\"MEIN RADLADEN\",\"potentialAction\":[{\"@type\":\"SearchAction\",\"target\":{\"@type\":\"EntryPoint\",\"urlTemplate\":\"https:\\\/\\\/cioelectro.com\\\/?s={search_term_string}\"},\"query-input\":{\"@type\":\"PropertyValueSpecification\",\"valueRequired\":true,\"valueName\":\"search_term_string\"}}],\"inLanguage\":\"en-US\"},{\"@type\":\"Organization\",\"@id\":\"https:\\\/\\\/cioelectro.com\\\/#organization\",\"name\":\"CIOELECTRO\",\"alternateName\":\"MEIN RADLADEN\",\"url\":\"https:\\\/\\\/cioelectro.com\\\/\",\"logo\":{\"@type\":\"ImageObject\",\"inLanguage\":\"en-US\",\"@id\":\"https:\\\/\\\/cioelectro.com\\\/#\\\/schema\\\/logo\\\/image\\\/\",\"url\":\"https:\\\/\\\/cioelectro.com\\\/wp-content\\\/uploads\\\/2025\\\/12\\\/Logo-2-1200x800.png\",\"contentUrl\":\"https:\\\/\\\/cioelectro.com\\\/wp-content\\\/uploads\\\/2025\\\/12\\\/Logo-2-1200x800.png\",\"width\":1200,\"height\":800,\"caption\":\"CIOELECTRO\"},\"image\":{\"@id\":\"https:\\\/\\\/cioelectro.com\\\/#\\\/schema\\\/logo\\\/image\\\/\"}}]}<\/script>\n<!-- \/ Yoast SEO Premium plugin. -->","yoast_head_json":{"title":"Breezer Powertrip Evo 2.3+ gr\u00fcn\/schwarz","description":"Entdecken Sie unseren Online-Fahrradladen: Gro\u00dfe Auswahl an Modellen f\u00fcr alle Radsportbegeisterten. Von Rennr\u00e4dern bis zu Mountainbikes - finden Sie heute Ihren perfekten Wegbegleiter!","robots":{"index":"index","follow":"follow","max-snippet":"max-snippet:-1","max-image-preview":"max-image-preview:large","max-video-preview":"max-video-preview:-1"},"canonical":"https:\/\/cioelectro.com\/en\/produkt\/breezer-powertrip-evo-2-3-grun-schwarz\/","og_locale":"en_US","og_type":"article","og_title":"Breezer Powertrip Evo 2.3+ gr\u00fcn\/schwarz","og_description":"Entdecken Sie unseren Online-Fahrradladen: Gro\u00dfe Auswahl an Modellen f\u00fcr alle Radsportbegeisterten. Von Rennr\u00e4dern bis zu Mountainbikes - finden Sie heute Ihren perfekten Wegbegleiter!","og_url":"https:\/\/cioelectro.com\/en\/produkt\/breezer-powertrip-evo-2-3-grun-schwarz\/","og_site_name":"cioelectro.com","article_modified_time":"2023-08-11T09:15:38+00:00","og_image":[{"width":2400,"height":2400,"url":"https:\/\/cioelectro.com\/wp-content\/uploads\/2023\/06\/breezer-powertrip-evo-23-black-forest-green-1.jpg","type":"image\/jpeg"}],"twitter_card":"summary_large_image","twitter_misc":{"Est. reading time":"2 minutes"},"schema":{"@context":"https:\/\/schema.org","@graph":[{"@type":"WebPage","@id":"https:\/\/cioelectro.com\/produkt\/breezer-powertrip-evo-2-3-grun-schwarz\/","url":"https:\/\/cioelectro.com\/produkt\/breezer-powertrip-evo-2-3-grun-schwarz\/","name":"Breezer Powertrip Evo 2.3+ gr\u00fcn\/schwarz","isPartOf":{"@id":"https:\/\/cioelectro.com\/#website"},"primaryImageOfPage":{"@id":"https:\/\/cioelectro.com\/produkt\/breezer-powertrip-evo-2-3-grun-schwarz\/#primaryimage"},"image":{"@id":"https:\/\/cioelectro.com\/produkt\/breezer-powertrip-evo-2-3-grun-schwarz\/#primaryimage"},"thumbnailUrl":"https:\/\/cioelectro.com\/wp-content\/uploads\/2023\/06\/breezer-powertrip-evo-23-black-forest-green-1.jpg","datePublished":"2022-11-15T13:57:07+00:00","dateModified":"2023-08-11T09:15:38+00:00","description":"Entdecken Sie unseren Online-Fahrradladen: Gro\u00dfe Auswahl an Modellen f\u00fcr alle Radsportbegeisterten. Von Rennr\u00e4dern bis zu Mountainbikes - finden Sie heute Ihren perfekten Wegbegleiter!","breadcrumb":{"@id":"https:\/\/cioelectro.com\/produkt\/breezer-powertrip-evo-2-3-grun-schwarz\/#breadcrumb"},"inLanguage":"en-US","potentialAction":[{"@type":"ReadAction","target":["https:\/\/cioelectro.com\/produkt\/breezer-powertrip-evo-2-3-grun-schwarz\/"]}]},{"@type":"ImageObject","inLanguage":"en-US","@id":"https:\/\/cioelectro.com\/produkt\/breezer-powertrip-evo-2-3-grun-schwarz\/#primaryimage","url":"https:\/\/cioelectro.com\/wp-content\/uploads\/2023\/06\/breezer-powertrip-evo-23-black-forest-green-1.jpg","contentUrl":"https:\/\/cioelectro.com\/wp-content\/uploads\/2023\/06\/breezer-powertrip-evo-23-black-forest-green-1.jpg","width":2400,"height":2400,"caption":"Breezer Powertrip Evo 2.3+ gr\u00fcn\/schwarz"},{"@type":"BreadcrumbList","@id":"https:\/\/cioelectro.com\/produkt\/breezer-powertrip-evo-2-3-grun-schwarz\/#breadcrumb","itemListElement":[{"@type":"ListItem","position":1,"name":"Startseite","item":"https:\/\/cioelectro.com\/"},{"@type":"ListItem","position":2,"name":"LADEN","item":"https:\/\/cioelectro.com\/laden\/"},{"@type":"ListItem","position":3,"name":"Breezer Powertrip Evo 2.3+ gr\u00fcn\/schwarz"}]},{"@type":"WebSite","@id":"https:\/\/cioelectro.com\/#website","url":"https:\/\/cioelectro.com\/","name":"cioelectro.com","description":"Treten Sie mit uns ins Abenteuer!","publisher":{"@id":"https:\/\/cioelectro.com\/#organization"},"alternateName":"MEIN RADLADEN","potentialAction":[{"@type":"SearchAction","target":{"@type":"EntryPoint","urlTemplate":"https:\/\/cioelectro.com\/?s={search_term_string}"},"query-input":{"@type":"PropertyValueSpecification","valueRequired":true,"valueName":"search_term_string"}}],"inLanguage":"en-US"},{"@type":"Organization","@id":"https:\/\/cioelectro.com\/#organization","name":"CIOELECTRO","alternateName":"MEIN RADLADEN","url":"https:\/\/cioelectro.com\/","logo":{"@type":"ImageObject","inLanguage":"en-US","@id":"https:\/\/cioelectro.com\/#\/schema\/logo\/image\/","url":"https:\/\/cioelectro.com\/wp-content\/uploads\/2025\/12\/Logo-2-1200x800.png","contentUrl":"https:\/\/cioelectro.com\/wp-content\/uploads\/2025\/12\/Logo-2-1200x800.png","width":1200,"height":800,"caption":"CIOELECTRO"},"image":{"@id":"https:\/\/cioelectro.com\/#\/schema\/logo\/image\/"}}]}},"_links":{"self":[{"href":"https:\/\/cioelectro.com\/en\/wp-json\/wp\/v2\/product\/40964","targetHints":{"allow":["GET"]}}],"collection":[{"href":"https:\/\/cioelectro.com\/en\/wp-json\/wp\/v2\/product"}],"about":[{"href":"https:\/\/cioelectro.com\/en\/wp-json\/wp\/v2\/types\/product"}],"replies":[{"embeddable":true,"href":"https:\/\/cioelectro.com\/en\/wp-json\/wp\/v2\/comments?post=40964"}],"version-history":[{"count":0,"href":"https:\/\/cioelectro.com\/en\/wp-json\/wp\/v2\/product\/40964\/revisions"}],"wp:featuredmedia":[{"embeddable":true,"href":"https:\/\/cioelectro.com\/en\/wp-json\/wp\/v2\/media\/62028"}],"wp:attachment":[{"href":"https:\/\/cioelectro.com\/en\/wp-json\/wp\/v2\/media?parent=40964"}],"wp:term":[{"taxonomy":"product_brand","embeddable":true,"href":"https:\/\/cioelectro.com\/en\/wp-json\/wp\/v2\/product_brand?post=40964"},{"taxonomy":"product_cat","embeddable":true,"href":"https:\/\/cioelectro.com\/en\/wp-json\/wp\/v2\/product_cat?post=40964"},{"taxonomy":"product_tag","embeddable":true,"href":"https:\/\/cioelectro.com\/en\/wp-json\/wp\/v2\/product_tag?post=40964"}],"curies":[{"name":"wp","href":"https:\/\/api.w.org\/{rel}","templated":true}]}}