{"id":40982,"date":"2022-11-15T13:28:34","date_gmt":"2022-11-15T12:28:34","guid":{"rendered":"https:\/\/meinradladen.com\/?post_type=product&#038;p=40982"},"modified":"2023-08-11T11:29:37","modified_gmt":"2023-08-11T09:29:37","slug":"cube-agree-c62-greynblack","status":"publish","type":"product","link":"https:\/\/cioelectro.com\/en\/produkt\/cube-agree-c62-greynblack\/","title":{"rendered":"Cube Agree C:62 grey\u00b4n\u00b4black"},"content":{"rendered":"<h2 class=\"content--title\"><strong>Cube<\/strong>\u00a0Agree C:62 grey\u00b4n\u00b4black<\/h2>\n<div class=\"product--description\">\n<p>Es spricht einiges daf\u00fcr, Training und Wettkampf auf ein und demselben Bike zu absolvieren. Vor diesem Hintergrund hat CUBE Agree C:62 entwickelt. Durch seinen in CUBE&#8217;s Advanced Twin Mold Verfahren hergestellten, aerodynamischen C:62\u00ae Carbonrahmen f\u00e4hrt es sich agil und komfortabel. Zugleich \u00fcberzeugen seine Komponenten mit Pr\u00e4zision und Zuverl\u00e4ssigkeit. Aufsitzen, lospowern!<\/p>\n<hr \/>\n<p><a href=\"https:\/\/www.cube.eu\/360\/678050\" target=\"_blank\" rel=\"noopener\"><img decoding=\"async\" title=\"360\u00b0\" src=\"https:\/\/cd.bike-discount.de\/media\/image\/3a\/ee\/83\/360.png\" alt=\"\" width=\"40\" height=\"39\" data-mid=\"729769\" data-src=\"media\/image\/360.png\" \/>360\u00b0-Ansicht \u00f6ffnen<\/a><\/p>\n<hr \/>\n<p>Kompromisse machen war gestern! Dank seinem aerodynamischen Profil sieht das Agree C:62 nicht nur unglaublich gut aus, sondern ist auch pfeilschnell. Mit der neuen Shimano 105 Di2 2&#215;12 Schaltung wechselst du dabei superpr\u00e4zise und leicht von Gang zu Gang. Ebenfalls von Shimano kommen die kraftvoll, geschmeidig und wetterunabh\u00e4ngig verz\u00f6gernden hydraulischen Scheibenbremsen f\u00fcr volle Kontrolle beim Bergabfahren. Last, but not least hat CUBE diesem Allround-Racer Newmen Performance R.32 Laufr\u00e4der spendiert. Die sind nicht nur leicht und reaktionsfreudig, sondern auch robust, sodass du das ganze Jahr \u00fcber ambitioniert trainieren und mit demselben Bike auch beim Rennen brillieren kannst. Was will man mehr?<\/p>\n<hr \/>\n<h3>RAHMEN Cube Agree C:62<\/h3>\n<p>Ab einer bestimmten Geschwindigkeit ist es nicht mehr am Fahrer, ob noch ein paar Millisekunden schneller drin sind, sondern am Bike. Deshalb hat CUBE sich bei der Entwicklung des Agree C:62 von ihren High-End-Rennrad- und Zeitfahr-Rahmen inspirieren lassen. Das Ergebnis ist ebenso aerodynamisch wie \u00e4sthetisch ansprechend \u2013 ein Allround-Chassis aus Carbon, das CUBE zugunsten von wenig Gesamtgewicht und hohem Fahrkomfort mit schlanken Sitzstreben und durchdacht geformten Rohrs\u00e4tzen feinabgestimmt hat. Au\u00dferdem sind die Schalt- und Bremsz\u00fcge semi-integriert, was das Handling optimiert und den Wartungsaufwand reduziert. Optional l\u00e4sst sich eine Rahmenbox montieren, in der Energieriegel oder Werkzeug Platz finden, falls die Tour doch mal l\u00e4nger dauert als geplant.<\/p>\n<hr \/>\n<h3>Technologien<\/h3>\n<p><strong>Advanced Twin Mold<\/strong><br \/>\nBei CUBE&#8217;s Advanced Twin Mold Verfahren f\u00fcr die C:62\u00ae, C:68\u00ae und C:68X\u00ae Carbonrahmen kommen zwei pr\u00e4zise Formen zum Einsatz. Die erste sorgt f\u00fcr ein exaktes Layup, die zweite (der Innenkern) h\u00e4lt jede einzelne Faser an ihrer vorgesehenen Position, w\u00e4hrend der Rahmen aush\u00e4rtet. Das Ergebnis ist ein enorm leichtes, stabiles Chassis mit einer jeweils optimal auf st\u00e4rker belastete Knotenpunkte abgestimmten Faserdichte.<\/p>\n<p><strong>Garmin Halterung<\/strong><br \/>\nNat\u00fcrlich m\u00f6chtest du beim Biken deine Performance-Daten immer im Blick haben, weshalb CUBE eine cleane, unauff\u00e4llige Halterung f\u00fcr dein Garmin-Ger\u00e4t entwickelt hat. So kannst du deine Informationen genau aufzeichnen und abrufen, egal wo du gerade unterwegs bist. Dein Garmin sitzt dabei sicher und fest in der Halterung und wird perfekt gesch\u00fctzt.<\/p>\n<h4><strong>Full Internal Cable Routing<\/strong><\/h4>\n<p>Mit dem Full Internal Cable Routing geh\u00f6ren Kabelsalat und exponierte Brems- und Schaltz\u00fcge der Vergangenheit an. Dabei hat CUBE den Rahmen und Lenker von Grund auf neu gestaltet, damit s\u00e4mtliche Kabel im Inneren verlaufen k\u00f6nnen und die cleane Optik und Linienf\u00fchrung des Bikes nicht st\u00f6ren. Diese interne Zugf\u00fchrung sieht sch\u00f6ner aus, ist aerodynamischer und sch\u00fctzt die Kabel vor Besch\u00e4digungen, was widerum den Wartungsaufwand reduziert. Einfach perfekt!<\/p>\n<p><strong>C:62\u00ae Carbon Fiber Technology<\/strong><br \/>\nCarbon ist nicht gleich Carbon. Bei CUBE&#8217;s C:62\u00ae Carbon wurde der Anteil an High-Modulus-Fasern erh\u00f6ht und das Material dann mit in das verbindende Harzsystem eingebauten, fein-dispergierten Nanopartikeln verst\u00e4rkt. Mit anderen Worten: Dieser besondere Werkstoff ist maximal stabil, leicht und haltbar.<\/p>\n<p><strong>Integrierte Sattelst\u00fctzenklemme<\/strong><br \/>\nCUBE hat sich kontinuierlicher Innovation verschrieben, auch bei den kleinsten Details, sodass du dein Bike-Erlebnis in vollen Z\u00fcgen genie\u00dfen kannst. Die integrierte Sattelst\u00fctzenklemme f\u00fcgt sich mit ihrem minimalistischen Design formsch\u00f6n in das zur\u00fcckgenommende Rahmendesign ein und spart sogar noch ein paar Gramm Gewicht. Das Ergebnis: eine wundersch\u00f6ne, aufger\u00e4umte Optik in Kombination mit optimierter Performance.<\/p>\n<p><strong>UCI konform<\/strong><br \/>\nRennen zu fahren hei\u00dft auch, sich an gewisse Regeln zu halten. Und weil dem so ist, entsprechen alle f\u00fcr den Renneinsatz konzipierten Road-Bikes in Sachen Design und Konstruktion vollst\u00e4ndig den UCI-Richtlinien. CUBE hat eine komplette Kollektion regelkonformer High-Performance-Rennr\u00e4der im Programm \u2013 damit kannst du dich voll und ganz auf dein Ziel konzentrieren: der Sieg, was sonst?<\/p>\n<h2>Ausstattung<\/h2>\n<div class=\"product--properties panel has--border\">\n<table class=\"product--properties-table\">\n<tbody>\n<tr class=\"product--properties-row row1\">\n<td class=\"product--properties-label is--bold\">Rahmen:<\/td>\n<td class=\"product--properties-value\">C:62\u00ae Advanced Twin Mold Technology, Internal Cable Routing, Integrated Seat Post Clamp, Flat Mount Disc, Storage Box Option, AXH, 12x142mm<\/td>\n<\/tr>\n<tr class=\"product--properties-row row2\">\n<td class=\"product--properties-label is--bold\">Rahmenmaterial:<\/td>\n<td class=\"product--properties-value\">Carbon<\/td>\n<\/tr>\n<tr class=\"product--properties-row row3\">\n<td class=\"product--properties-label is--bold\">Laufradgr\u00f6\u00dfe:<\/td>\n<td class=\"product--properties-value\">28&#8243;<\/td>\n<\/tr>\n<tr class=\"product--properties-row row4\">\n<td class=\"product--properties-label is--bold\">Farbe:<\/td>\n<td class=\"product--properties-value\">grey\u00b4n\u00b4black<\/td>\n<\/tr>\n<tr class=\"product--properties-row row5\">\n<td class=\"product--properties-label is--bold\">Gabel:<\/td>\n<td class=\"product--properties-value\">CUBE CSL Evo Aero C:62\u00ae Technology, 1 1\/8&#8243; &#8211; 1 1\/4&#8243; Tapered, Flat Mount, 12x100mm<\/td>\n<\/tr>\n<tr class=\"product--properties-row row6\">\n<td class=\"product--properties-label is--bold\">Bremsen:<\/td>\n<td class=\"product--properties-value\">Shimano 105 BR-R7170, Hydr. Disc Brake, Flat Mount<\/td>\n<\/tr>\n<tr class=\"product--properties-row row7\">\n<td class=\"product--properties-label is--bold\">Bremsscheiben:<\/td>\n<td class=\"product--properties-value\">160\/160 mm<\/td>\n<\/tr>\n<tr class=\"product--properties-row row8\">\n<td class=\"product--properties-label is--bold\">Steuersatz:<\/td>\n<td class=\"product--properties-value\">ACROS, Top Integrated 1 1\/2&#8243; w\/ Integrated Cable Routing, Bottom Integrated 1 1\/4&#8243;<\/td>\n<\/tr>\n<tr class=\"product--properties-row row9\">\n<td class=\"product--properties-label is--bold\">Vorbau:<\/td>\n<td class=\"product--properties-value\">CUBE Aero Stem w\/ Cable Routing<\/td>\n<\/tr>\n<tr class=\"product--properties-row row10\">\n<td class=\"product--properties-label is--bold\">Lenker:<\/td>\n<td class=\"product--properties-value\">Newmen Evolution Wing Bar<\/td>\n<\/tr>\n<tr class=\"product--properties-row row11\">\n<td class=\"product--properties-label is--bold\">Griffe:<\/td>\n<td class=\"product--properties-value\">ACID Bartape RD<\/td>\n<\/tr>\n<tr class=\"product--properties-row row12\">\n<td class=\"product--properties-label is--bold\">Sattel:<\/td>\n<td class=\"product--properties-value\">Natural Fit Nuance<\/td>\n<\/tr>\n<tr class=\"product--properties-row row13\">\n<td class=\"product--properties-label is--bold\">Sattelst\u00fctze:<\/td>\n<td class=\"product--properties-value\">Agree C:62\u00ae Aero, Comfort Flex<\/td>\n<\/tr>\n<tr class=\"product--properties-row row14\">\n<td class=\"product--properties-label is--bold\">Sattelklemme:<\/td>\n<td class=\"product--properties-value\">Integrated Seat Post Clamp<\/td>\n<\/tr>\n<tr class=\"product--properties-row row15\">\n<td class=\"product--properties-label is--bold\">Kurbel:<\/td>\n<td class=\"product--properties-value\">Shimano 105 FC-R7100, Hollowtech II, 50x34T<\/td>\n<\/tr>\n<\/tbody>\n<\/table>\n<table class=\"product--properties-table\">\n<tbody>\n<tr class=\"product--properties-row row16\">\n<td class=\"product--properties-label is--bold\">Schaltwerk:<\/td>\n<td class=\"product--properties-value\">Shimano 105 Di2 RD-R7150-DGS, 12-Speed<\/td>\n<\/tr>\n<tr class=\"product--properties-row row17\">\n<td class=\"product--properties-label is--bold\">Schalthebel:<\/td>\n<td class=\"product--properties-value\">Shimano 105 Di2 ST-R7170<\/td>\n<\/tr>\n<tr class=\"product--properties-row row18\">\n<td class=\"product--properties-label is--bold\">Umwerfer:<\/td>\n<td class=\"product--properties-value\">Shimano 105 Di2 FD-R7150F<\/td>\n<\/tr>\n<tr class=\"product--properties-row row19\">\n<td class=\"product--properties-label is--bold\">Kassette:<\/td>\n<td class=\"product--properties-value\">Shimano 105 CS-R7100, 11-34T<\/td>\n<\/tr>\n<tr class=\"product--properties-row row20\">\n<td class=\"product--properties-label is--bold\">Kette:<\/td>\n<td class=\"product--properties-value\">Shimano CN-M7100<\/td>\n<\/tr>\n<tr class=\"product--properties-row row21\">\n<td class=\"product--properties-label is--bold\">Reifen:<\/td>\n<td class=\"product--properties-value\">Conti Grand Sport Race SL, 28-622<\/td>\n<\/tr>\n<tr class=\"product--properties-row row22\">\n<td class=\"product--properties-label is--bold\">Laufradsatz:<\/td>\n<td class=\"product--properties-value\">Newmen Performance SL R.32<\/td>\n<\/tr>\n<tr class=\"product--properties-row row23\">\n<td class=\"product--properties-label is--bold\">Pedale:<\/td>\n<td class=\"product--properties-value\">nicht im Lieferumfang enthalten<\/td>\n<\/tr>\n<tr class=\"product--properties-row row24\">\n<td class=\"product--properties-label is--bold\">Zul\u00e4ssiges Gesamtgewicht:<\/td>\n<td class=\"product--properties-value\">115 kg (K\u00f6rpergewicht + Fahrrad + Ausr\u00fcstung)<\/td>\n<\/tr>\n<tr class=\"product--properties-row row25\">\n<td class=\"product--properties-label is--bold\">Gewicht Komplettrad:<\/td>\n<td class=\"product--properties-value\">ab 8,6 kg<\/td>\n<\/tr>\n<\/tbody>\n<\/table>\n<\/div>\n<\/div>","protected":false},"excerpt":{"rendered":"<div class=\"tab-menu--product js--tab-menu\">\n<div class=\"tab--container-list\">\n<div class=\"tab--container description has--content is--active\">\n<div class=\"tab--content box-description\">\n<div class=\"content--description\">\n<div class=\"ean-box\"><label>Modelljahr: <span style=\"font-size: 16px;\">2023<\/span><\/label><\/div>\n<\/div>\n<\/div>\n<\/div>\n<\/div>\n<\/div>\n<div id=\"detail--product-reviews\" class=\"content--product-reviews 123\"><\/div>","protected":false},"featured_media":62031,"comment_status":"open","ping_status":"closed","template":"","meta":{"_rtcl_gb_attr":""},"product_brand":[],"product_cat":[36,129],"product_tag":[],"class_list":{"0":"post-40982","1":"product","2":"type-product","3":"status-publish","4":"has-post-thumbnail","6":"product_cat-fahrrad","7":"product_cat-rennrad","8":"pa_marke-cube","10":"first","11":"instock","12":"sale","13":"taxable","14":"shipping-taxable","15":"purchasable","16":"product-type-variable"},"yoast_head":"<!-- This site is optimized with the Yoast SEO Premium plugin v20.12 (Yoast SEO v27.4) - https:\/\/yoast.com\/product\/yoast-seo-premium-wordpress\/ -->\n<title>Cube Agree C:62 grey\u00b4n\u00b4black<\/title>\n<meta name=\"description\" content=\"cioelectro.com bietet Ihnen das Cube Agree C:62 grey\u00b4n\u00b4black zum besten Preis mit kostenlosem Versand in ganz EuropaCUBE Agree C:62CUBE Agree C:62\" \/>\n<meta name=\"robots\" content=\"index, follow, max-snippet:-1, max-image-preview:large, max-video-preview:-1\" \/>\n<link rel=\"canonical\" href=\"https:\/\/cioelectro.com\/en\/produkt\/cube-agree-c62-greynblack\/\" \/>\n<meta property=\"og:locale\" content=\"en_US\" \/>\n<meta property=\"og:type\" content=\"article\" \/>\n<meta property=\"og:title\" content=\"Cube Agree C:62 grey\u00b4n\u00b4black\" \/>\n<meta property=\"og:description\" content=\"Entdecken Sie unseren Online-Fahrradladen: Gro\u00dfe Auswahl an Modellen f\u00fcr alle Radsportbegeisterten. Von Rennr\u00e4dern bis zu Mountainbikes - finden Sie heute Ihren perfekten Wegbegleiter!\" \/>\n<meta property=\"og:url\" content=\"https:\/\/cioelectro.com\/en\/produkt\/cube-agree-c62-greynblack\/\" \/>\n<meta property=\"og:site_name\" content=\"cioelectro.com\" \/>\n<meta property=\"article:modified_time\" content=\"2023-08-11T09:29:37+00:00\" \/>\n<meta property=\"og:image\" content=\"https:\/\/cioelectro.com\/wp-content\/uploads\/2023\/06\/Cube-Agree-C62-grey\u00b4n\u00b4black.jpg\" \/>\n\t<meta property=\"og:image:width\" content=\"800\" \/>\n\t<meta property=\"og:image:height\" content=\"475\" \/>\n\t<meta property=\"og:image:type\" content=\"image\/jpeg\" \/>\n<meta name=\"twitter:card\" content=\"summary_large_image\" \/>\n<meta name=\"twitter:label1\" content=\"Est. reading time\" \/>\n\t<meta name=\"twitter:data1\" content=\"5 minutes\" \/>\n<script type=\"application\/ld+json\" class=\"yoast-schema-graph\">{\"@context\":\"https:\\\/\\\/schema.org\",\"@graph\":[{\"@type\":\"WebPage\",\"@id\":\"https:\\\/\\\/cioelectro.com\\\/produkt\\\/cube-agree-c62-greynblack\\\/\",\"url\":\"https:\\\/\\\/cioelectro.com\\\/produkt\\\/cube-agree-c62-greynblack\\\/\",\"name\":\"Cube Agree C:62 grey\u00b4n\u00b4black\",\"isPartOf\":{\"@id\":\"https:\\\/\\\/cioelectro.com\\\/#website\"},\"primaryImageOfPage\":{\"@id\":\"https:\\\/\\\/cioelectro.com\\\/produkt\\\/cube-agree-c62-greynblack\\\/#primaryimage\"},\"image\":{\"@id\":\"https:\\\/\\\/cioelectro.com\\\/produkt\\\/cube-agree-c62-greynblack\\\/#primaryimage\"},\"thumbnailUrl\":\"https:\\\/\\\/cioelectro.com\\\/wp-content\\\/uploads\\\/2023\\\/06\\\/Cube-Agree-C62-grey\u00b4n\u00b4black.jpg\",\"datePublished\":\"2022-11-15T12:28:34+00:00\",\"dateModified\":\"2023-08-11T09:29:37+00:00\",\"description\":\"cioelectro.com bietet Ihnen das Cube Agree C:62 grey\u00b4n\u00b4black zum besten Preis mit kostenlosem Versand in ganz EuropaCUBE Agree C:62CUBE Agree C:62\",\"breadcrumb\":{\"@id\":\"https:\\\/\\\/cioelectro.com\\\/produkt\\\/cube-agree-c62-greynblack\\\/#breadcrumb\"},\"inLanguage\":\"en-US\",\"potentialAction\":[{\"@type\":\"ReadAction\",\"target\":[\"https:\\\/\\\/cioelectro.com\\\/produkt\\\/cube-agree-c62-greynblack\\\/\"]}]},{\"@type\":\"ImageObject\",\"inLanguage\":\"en-US\",\"@id\":\"https:\\\/\\\/cioelectro.com\\\/produkt\\\/cube-agree-c62-greynblack\\\/#primaryimage\",\"url\":\"https:\\\/\\\/cioelectro.com\\\/wp-content\\\/uploads\\\/2023\\\/06\\\/Cube-Agree-C62-grey\u00b4n\u00b4black.jpg\",\"contentUrl\":\"https:\\\/\\\/cioelectro.com\\\/wp-content\\\/uploads\\\/2023\\\/06\\\/Cube-Agree-C62-grey\u00b4n\u00b4black.jpg\",\"width\":800,\"height\":475,\"caption\":\"Cube Agree C62 grey\u00b4n\u00b4black\"},{\"@type\":\"BreadcrumbList\",\"@id\":\"https:\\\/\\\/cioelectro.com\\\/produkt\\\/cube-agree-c62-greynblack\\\/#breadcrumb\",\"itemListElement\":[{\"@type\":\"ListItem\",\"position\":1,\"name\":\"Startseite\",\"item\":\"https:\\\/\\\/cioelectro.com\\\/\"},{\"@type\":\"ListItem\",\"position\":2,\"name\":\"LADEN\",\"item\":\"https:\\\/\\\/cioelectro.com\\\/laden\\\/\"},{\"@type\":\"ListItem\",\"position\":3,\"name\":\"Cube Agree C:62 grey\u00b4n\u00b4black\"}]},{\"@type\":\"WebSite\",\"@id\":\"https:\\\/\\\/cioelectro.com\\\/#website\",\"url\":\"https:\\\/\\\/cioelectro.com\\\/\",\"name\":\"cioelectro.com\",\"description\":\"Treten Sie mit uns ins Abenteuer!\",\"publisher\":{\"@id\":\"https:\\\/\\\/cioelectro.com\\\/#organization\"},\"alternateName\":\"MEIN RADLADEN\",\"potentialAction\":[{\"@type\":\"SearchAction\",\"target\":{\"@type\":\"EntryPoint\",\"urlTemplate\":\"https:\\\/\\\/cioelectro.com\\\/?s={search_term_string}\"},\"query-input\":{\"@type\":\"PropertyValueSpecification\",\"valueRequired\":true,\"valueName\":\"search_term_string\"}}],\"inLanguage\":\"en-US\"},{\"@type\":\"Organization\",\"@id\":\"https:\\\/\\\/cioelectro.com\\\/#organization\",\"name\":\"CIOELECTRO\",\"alternateName\":\"MEIN RADLADEN\",\"url\":\"https:\\\/\\\/cioelectro.com\\\/\",\"logo\":{\"@type\":\"ImageObject\",\"inLanguage\":\"en-US\",\"@id\":\"https:\\\/\\\/cioelectro.com\\\/#\\\/schema\\\/logo\\\/image\\\/\",\"url\":\"https:\\\/\\\/cioelectro.com\\\/wp-content\\\/uploads\\\/2025\\\/12\\\/Logo-2-1200x800.png\",\"contentUrl\":\"https:\\\/\\\/cioelectro.com\\\/wp-content\\\/uploads\\\/2025\\\/12\\\/Logo-2-1200x800.png\",\"width\":1200,\"height\":800,\"caption\":\"CIOELECTRO\"},\"image\":{\"@id\":\"https:\\\/\\\/cioelectro.com\\\/#\\\/schema\\\/logo\\\/image\\\/\"}}]}<\/script>\n<!-- \/ Yoast SEO Premium plugin. -->","yoast_head_json":{"title":"Cube Agree C:62 grey\u00b4n\u00b4black","description":"cioelectro.com bietet Ihnen das Cube Agree C:62 grey\u00b4n\u00b4black zum besten Preis mit kostenlosem Versand in ganz EuropaCUBE Agree C:62CUBE Agree C:62","robots":{"index":"index","follow":"follow","max-snippet":"max-snippet:-1","max-image-preview":"max-image-preview:large","max-video-preview":"max-video-preview:-1"},"canonical":"https:\/\/cioelectro.com\/en\/produkt\/cube-agree-c62-greynblack\/","og_locale":"en_US","og_type":"article","og_title":"Cube Agree C:62 grey\u00b4n\u00b4black","og_description":"Entdecken Sie unseren Online-Fahrradladen: Gro\u00dfe Auswahl an Modellen f\u00fcr alle Radsportbegeisterten. Von Rennr\u00e4dern bis zu Mountainbikes - finden Sie heute Ihren perfekten Wegbegleiter!","og_url":"https:\/\/cioelectro.com\/en\/produkt\/cube-agree-c62-greynblack\/","og_site_name":"cioelectro.com","article_modified_time":"2023-08-11T09:29:37+00:00","og_image":[{"width":800,"height":475,"url":"https:\/\/cioelectro.com\/wp-content\/uploads\/2023\/06\/Cube-Agree-C62-grey\u00b4n\u00b4black.jpg","type":"image\/jpeg"}],"twitter_card":"summary_large_image","twitter_misc":{"Est. reading time":"5 minutes"},"schema":{"@context":"https:\/\/schema.org","@graph":[{"@type":"WebPage","@id":"https:\/\/cioelectro.com\/produkt\/cube-agree-c62-greynblack\/","url":"https:\/\/cioelectro.com\/produkt\/cube-agree-c62-greynblack\/","name":"Cube Agree C:62 grey\u00b4n\u00b4black","isPartOf":{"@id":"https:\/\/cioelectro.com\/#website"},"primaryImageOfPage":{"@id":"https:\/\/cioelectro.com\/produkt\/cube-agree-c62-greynblack\/#primaryimage"},"image":{"@id":"https:\/\/cioelectro.com\/produkt\/cube-agree-c62-greynblack\/#primaryimage"},"thumbnailUrl":"https:\/\/cioelectro.com\/wp-content\/uploads\/2023\/06\/Cube-Agree-C62-grey\u00b4n\u00b4black.jpg","datePublished":"2022-11-15T12:28:34+00:00","dateModified":"2023-08-11T09:29:37+00:00","description":"cioelectro.com bietet Ihnen das Cube Agree C:62 grey\u00b4n\u00b4black zum besten Preis mit kostenlosem Versand in ganz EuropaCUBE Agree C:62CUBE Agree C:62","breadcrumb":{"@id":"https:\/\/cioelectro.com\/produkt\/cube-agree-c62-greynblack\/#breadcrumb"},"inLanguage":"en-US","potentialAction":[{"@type":"ReadAction","target":["https:\/\/cioelectro.com\/produkt\/cube-agree-c62-greynblack\/"]}]},{"@type":"ImageObject","inLanguage":"en-US","@id":"https:\/\/cioelectro.com\/produkt\/cube-agree-c62-greynblack\/#primaryimage","url":"https:\/\/cioelectro.com\/wp-content\/uploads\/2023\/06\/Cube-Agree-C62-grey\u00b4n\u00b4black.jpg","contentUrl":"https:\/\/cioelectro.com\/wp-content\/uploads\/2023\/06\/Cube-Agree-C62-grey\u00b4n\u00b4black.jpg","width":800,"height":475,"caption":"Cube Agree C62 grey\u00b4n\u00b4black"},{"@type":"BreadcrumbList","@id":"https:\/\/cioelectro.com\/produkt\/cube-agree-c62-greynblack\/#breadcrumb","itemListElement":[{"@type":"ListItem","position":1,"name":"Startseite","item":"https:\/\/cioelectro.com\/"},{"@type":"ListItem","position":2,"name":"LADEN","item":"https:\/\/cioelectro.com\/laden\/"},{"@type":"ListItem","position":3,"name":"Cube Agree C:62 grey\u00b4n\u00b4black"}]},{"@type":"WebSite","@id":"https:\/\/cioelectro.com\/#website","url":"https:\/\/cioelectro.com\/","name":"cioelectro.com","description":"Treten Sie mit uns ins Abenteuer!","publisher":{"@id":"https:\/\/cioelectro.com\/#organization"},"alternateName":"MEIN RADLADEN","potentialAction":[{"@type":"SearchAction","target":{"@type":"EntryPoint","urlTemplate":"https:\/\/cioelectro.com\/?s={search_term_string}"},"query-input":{"@type":"PropertyValueSpecification","valueRequired":true,"valueName":"search_term_string"}}],"inLanguage":"en-US"},{"@type":"Organization","@id":"https:\/\/cioelectro.com\/#organization","name":"CIOELECTRO","alternateName":"MEIN RADLADEN","url":"https:\/\/cioelectro.com\/","logo":{"@type":"ImageObject","inLanguage":"en-US","@id":"https:\/\/cioelectro.com\/#\/schema\/logo\/image\/","url":"https:\/\/cioelectro.com\/wp-content\/uploads\/2025\/12\/Logo-2-1200x800.png","contentUrl":"https:\/\/cioelectro.com\/wp-content\/uploads\/2025\/12\/Logo-2-1200x800.png","width":1200,"height":800,"caption":"CIOELECTRO"},"image":{"@id":"https:\/\/cioelectro.com\/#\/schema\/logo\/image\/"}}]}},"_links":{"self":[{"href":"https:\/\/cioelectro.com\/en\/wp-json\/wp\/v2\/product\/40982","targetHints":{"allow":["GET"]}}],"collection":[{"href":"https:\/\/cioelectro.com\/en\/wp-json\/wp\/v2\/product"}],"about":[{"href":"https:\/\/cioelectro.com\/en\/wp-json\/wp\/v2\/types\/product"}],"replies":[{"embeddable":true,"href":"https:\/\/cioelectro.com\/en\/wp-json\/wp\/v2\/comments?post=40982"}],"version-history":[{"count":0,"href":"https:\/\/cioelectro.com\/en\/wp-json\/wp\/v2\/product\/40982\/revisions"}],"wp:featuredmedia":[{"embeddable":true,"href":"https:\/\/cioelectro.com\/en\/wp-json\/wp\/v2\/media\/62031"}],"wp:attachment":[{"href":"https:\/\/cioelectro.com\/en\/wp-json\/wp\/v2\/media?parent=40982"}],"wp:term":[{"taxonomy":"product_brand","embeddable":true,"href":"https:\/\/cioelectro.com\/en\/wp-json\/wp\/v2\/product_brand?post=40982"},{"taxonomy":"product_cat","embeddable":true,"href":"https:\/\/cioelectro.com\/en\/wp-json\/wp\/v2\/product_cat?post=40982"},{"taxonomy":"product_tag","embeddable":true,"href":"https:\/\/cioelectro.com\/en\/wp-json\/wp\/v2\/product_tag?post=40982"}],"curies":[{"name":"wp","href":"https:\/\/api.w.org\/{rel}","templated":true}]}}