{"id":41130,"date":"2022-11-15T15:33:12","date_gmt":"2022-11-15T14:33:12","guid":{"rendered":"https:\/\/meinradladen.com\/?post_type=product&#038;p=41130"},"modified":"2023-08-11T10:49:31","modified_gmt":"2023-08-11T08:49:31","slug":"breezer-powertrip-wet-gray","status":"publish","type":"product","link":"https:\/\/cioelectro.com\/en\/produkt\/breezer-powertrip-wet-gray\/","title":{"rendered":"Breezer POWERTRIP+ Wet Gray"},"content":{"rendered":"<h2 class=\"pageTitle\">Breezer POWERTRIP+ Wet Gray<\/h2>\n<div class=\"content-section product-info-ctr\">\n<div id=\"product-info\" class=\"product-info cyc-margin_bottom-5 contentwrapper\">\n<div class=\"product-info-content js-productDescription cyc-width_60p cyc-layout_block active\">\n<div class=\"js-productDescriptionContainer\">\n<div class=\"cyc-margin_bottom-4\">\n<p>Das Breezer POWERTRIP+ (Super Moto) mit Federgabel und verst\u00e4rkter Bereifung bietet den Komfort eines schnellen Pendlers und die Vielseitigkeit eines All-Terrain-Bikes. Mit dem leistungsstarken Bosch Performance Cruise Motor und dem Batteriesystem mit gro\u00dfer Reichweite bringt es Sie in der Stadt und in der Umgebung voran. Es ist au\u00dferdem mit Schutzblechen und einem leichten Gep\u00e4cktr\u00e4ger ausgestattet, der den Transport von Vorr\u00e4ten bei N\u00e4sse erleichtert.<\/p>\n<\/div>\n<\/div>\n<\/div>\n<\/div>\n<\/div>\n<div class=\"content-section product-info-ctr\">\n<div id=\"product-info-avc\" class=\"product-info contentwrapper\"><em><strong>Wichtige Hinweise: Bei der Montage eines\u00a0Pedals\u00a0bitte auf Links- bzw. Rechtsgewinde achten! Vor Fahrtantritt bitte die Schnellspanner und Bremsen \u00fcberpr\u00fcfen!<\/strong><\/em><\/div>\n<div>\n<h2 class=\"cyc-typo_display-2 pdp__headline\">Ausstattung<\/h2>\n<p>&nbsp;<\/p>\n<div class=\"widgetBoxBottomRound\">\n<div id=\"attributes\" class=\"ui-tabs-panel ui-widget-content ui-corner-bottom\" role=\"tabpanel\" aria-labelledby=\"ui-id-1\" aria-expanded=\"true\" aria-hidden=\"false\">\n<table class=\"attributes\">\n<tbody>\n<tr>\n<th id=\"attrTitle_1\"><strong>Gewicht<\/strong><\/th>\n<td id=\"attrValue_1\">22.98<\/td>\n<\/tr>\n<tr>\n<th id=\"attrTitle_2\"><strong>Farbzuordnung<\/strong><\/th>\n<td id=\"attrValue_2\">Grau<\/td>\n<\/tr>\n<tr>\n<th id=\"attrTitle_3\"><strong>Farbe<\/strong><\/th>\n<td id=\"attrValue_3\">Wet Gray<\/td>\n<\/tr>\n<tr>\n<th id=\"attrTitle_4\"><strong>Rahmenform<\/strong><\/th>\n<td id=\"attrValue_4\">Diamant<\/td>\n<\/tr>\n<tr>\n<th id=\"attrTitle_5\"><strong>Durchmesser Scheibenbremse vorn<\/strong><\/th>\n<td id=\"attrValue_5\">160.00<\/td>\n<\/tr>\n<tr>\n<th id=\"attrTitle_6\"><strong>Ganganzahl<\/strong><\/th>\n<td id=\"attrValue_6\">9<\/td>\n<\/tr>\n<tr>\n<th id=\"attrTitle_7\"><strong>Federweg in mm<\/strong><\/th>\n<td id=\"attrValue_7\">63.00<\/td>\n<\/tr>\n<tr>\n<th id=\"attrTitle_8\"><strong>Durchmesser Scheibenbremse hinten<\/strong><\/th>\n<td id=\"attrValue_8\">160.00<\/td>\n<\/tr>\n<tr>\n<th id=\"attrTitle_9\"><strong>Gabelhersteller<\/strong><\/th>\n<td id=\"attrValue_9\">SR Suntour<\/td>\n<\/tr>\n<tr>\n<th id=\"attrTitle_10\"><strong>Akkuposition<\/strong><\/th>\n<td id=\"attrValue_10\">ontube<\/td>\n<\/tr>\n<tr>\n<th id=\"attrTitle_11\"><strong>Federung<\/strong><\/th>\n<td id=\"attrValue_11\">stahlgefedert<\/td>\n<\/tr>\n<tr>\n<th id=\"attrTitle_12\"><strong>Schaltart<\/strong><\/th>\n<td id=\"attrValue_12\">Kettenschaltung<\/td>\n<\/tr>\n<tr>\n<th id=\"attrTitle_13\"><strong>Motorposition<\/strong><\/th>\n<td id=\"attrValue_13\">Mittelmotor<\/td>\n<\/tr>\n<tr>\n<th id=\"attrTitle_14\"><strong>Bremssystem<\/strong><\/th>\n<td id=\"attrValue_14\">Scheibenbremse, hydraulisch<\/td>\n<\/tr>\n<tr>\n<th id=\"attrTitle_15\"><strong>Rahmenmaterial<\/strong><\/th>\n<td id=\"attrValue_15\">Aluminium<\/td>\n<\/tr>\n<tr>\n<th id=\"attrTitle_16\"><strong>Schaltung<\/strong><\/th>\n<td id=\"attrValue_16\">Shimano Alivio<\/td>\n<\/tr>\n<tr>\n<th id=\"attrTitle_17\"><strong>Reifen<\/strong><\/th>\n<td id=\"attrValue_17\">Continental Ride City Reflex 42-622, puncture protection<\/td>\n<\/tr>\n<tr>\n<th id=\"attrTitle_18\"><strong>Beleuchtung<\/strong><\/th>\n<td id=\"attrValue_18\">Axa Blueline-E 30 lux, 12V<\/td>\n<\/tr>\n<tr>\n<th id=\"attrTitle_19\"><strong>Motorart<\/strong><\/th>\n<td id=\"attrValue_19\">Bosch Active Plus, 3rd generation mid-motor, 250W rated power, 50Nm of torque, 25km\/h maximum assist<\/td>\n<\/tr>\n<tr>\n<th id=\"attrTitle_20\"><strong>Sattel<\/strong><\/th>\n<td id=\"attrValue_20\">Selle Royal Milo+ HRC, Soft Touch cover<\/td>\n<\/tr>\n<tr>\n<th id=\"attrTitle_21\"><strong>Gabel<\/strong><\/th>\n<td id=\"attrValue_21\">Suntour NEX LO 700C coil, travel 63mm, hydraulic lockout, steel steerer<\/td>\n<\/tr>\n<tr>\n<th id=\"attrTitle_22\"><strong>R\u00fcckleuchte<\/strong><\/th>\n<td id=\"attrValue_22\">Axa Blueline-E LED, 12V<\/td>\n<\/tr>\n<tr>\n<th id=\"attrTitle_23\"><strong>Griffe<\/strong><\/th>\n<td id=\"attrValue_23\">Breezer Ergo dual density Comfort grips, single LO<\/td>\n<\/tr>\n<tr>\n<th id=\"attrTitle_24\"><strong>Bremshebel<\/strong><\/th>\n<td id=\"attrValue_24\">Shimano MT201-3A hydraulic disc 3 finger lever<\/td>\n<\/tr>\n<tr>\n<th id=\"attrTitle_25\"><strong>Zahnkr\u00e4nze<\/strong><\/th>\n<td id=\"attrValue_25\">Shimano Altus HG201, 11-36T, 9-speed<\/td>\n<\/tr>\n<tr>\n<th id=\"attrTitle_26\"><strong>Pedale<\/strong><\/th>\n<td id=\"attrValue_26\">Polished aluminum body, Kraton grip, chromoly axle<\/td>\n<\/tr>\n<tr>\n<th id=\"attrTitle_27\"><strong>Vorbau<\/strong><\/th>\n<td id=\"attrValue_27\">3D-Forged 6061 aluminum, 0-60 degree adjustable rise, 31.8mm clamp<\/td>\n<\/tr>\n<tr>\n<th id=\"attrTitle_28\"><strong>Schutzbleche<\/strong><\/th>\n<td id=\"attrValue_28\">SKS Stingray 2, PET, stainless hardware, rear reflector<\/td>\n<\/tr>\n<tr>\n<th id=\"attrTitle_29\"><strong>Schalthebel<\/strong><\/th>\n<td id=\"attrValue_29\">Shimano Altus<\/td>\n<\/tr>\n<tr>\n<th id=\"attrTitle_30\"><strong>Display<\/strong><\/th>\n<td id=\"attrValue_30\">Bosch Intuvia<\/td>\n<\/tr>\n<tr>\n<th id=\"attrTitle_31\"><strong>Kurbelsatz<\/strong><\/th>\n<td id=\"attrValue_31\">Breezer alloy for Bosch gen.3, 38T alloy chainring<\/td>\n<\/tr>\n<tr>\n<th id=\"attrTitle_32\"><strong>Sattelst\u00fctze<\/strong><\/th>\n<td id=\"attrValue_32\">6061 Alloy micro-adjust, 27.2mm diameter<\/td>\n<\/tr>\n<tr>\n<th id=\"attrTitle_33\"><strong>Steuersatz<\/strong><\/th>\n<td id=\"attrValue_33\">FSA 1 1\/8\u00b4\u00b4, caged bearings<\/td>\n<\/tr>\n<tr>\n<th id=\"attrTitle_34\"><strong>St\u00e4nder<\/strong><\/th>\n<td id=\"attrValue_34\">Standwell alloy kickstand<\/td>\n<\/tr>\n<tr>\n<th id=\"attrTitle_35\"><strong>Bremse<\/strong><\/th>\n<td id=\"attrValue_35\">Shimano MT200 hydraulic disc, 160mm rotors<\/td>\n<\/tr>\n<tr>\n<th id=\"attrTitle_36\"><strong>Kette<\/strong><\/th>\n<td id=\"attrValue_36\">KMC e9Turbo with Missing Link, 9-speed<\/td>\n<\/tr>\n<tr>\n<th id=\"attrTitle_37\"><strong>Akkuleistung (Wh)<\/strong><\/th>\n<td id=\"attrValue_37\">500<\/td>\n<\/tr>\n<tr>\n<th id=\"attrTitle_38\"><strong>Akku<\/strong><\/th>\n<td id=\"attrValue_38\">Bosch Power Pack 500Wh with 2A charger<\/td>\n<\/tr>\n<tr>\n<th id=\"attrTitle_39\"><strong>Modelljahr<\/strong><\/th>\n<td id=\"attrValue_39\">2021<\/td>\n<\/tr>\n<tr>\n<th id=\"attrTitle_40\"><strong>Kategorie<\/strong><\/th>\n<td id=\"attrValue_40\">E-Bikes \/ Pedelecs \/ Trekking\/Touren<\/td>\n<\/tr>\n<tr>\n<th id=\"attrTitle_41\"><strong>Zustand<\/strong><\/th>\n<td id=\"attrValue_41\">neu<\/td>\n<\/tr>\n<\/tbody>\n<\/table>\n<\/div>\n<\/div>\n<\/div>\n<\/div>","protected":false},"excerpt":{"rendered":"<p>Breezer POWERTRIP+ Wet Gray Das Breezer POWERTRIP+ (Super Moto) mit Federgabel und verst\u00e4rkter Bereifung bietet den Komfort eines schnellen Pendlers<\/p>","protected":false},"featured_media":62093,"comment_status":"open","ping_status":"closed","template":"","meta":{"_rtcl_gb_attr":""},"product_brand":[],"product_cat":[33,247],"product_tag":[],"class_list":{"0":"post-41130","1":"product","2":"type-product","3":"status-publish","4":"has-post-thumbnail","6":"product_cat-e-bike","7":"product_cat-e-bike-trekking","8":"pa_marke-breezer","10":"first","11":"instock","12":"sale","13":"taxable","14":"shipping-taxable","15":"purchasable","16":"product-type-variable"},"yoast_head":"<!-- This site is optimized with the Yoast SEO Premium plugin v20.12 (Yoast SEO v27.4) - https:\/\/yoast.com\/product\/yoast-seo-premium-wordpress\/ -->\n<title>Breezer POWERTRIP+ Wet Gray<\/title>\n<meta name=\"description\" content=\"cioelectro.com bietet Ihnen das Breezer POWERTRIP+ Wet Gray zum besten Preis mit kostenlosem Versand in ganz EuropaBreezer POWERTRIP+\" \/>\n<meta name=\"robots\" content=\"index, follow, max-snippet:-1, max-image-preview:large, max-video-preview:-1\" \/>\n<link rel=\"canonical\" href=\"https:\/\/cioelectro.com\/en\/produkt\/breezer-powertrip-wet-gray\/\" \/>\n<meta property=\"og:locale\" content=\"en_US\" \/>\n<meta property=\"og:type\" content=\"article\" \/>\n<meta property=\"og:title\" content=\"Breezer POWERTRIP+ Wet Gray\" \/>\n<meta property=\"og:description\" content=\"Entdecken Sie unseren Online-Fahrradladen: Gro\u00dfe Auswahl an Modellen f\u00fcr alle Radsportbegeisterten. Von Rennr\u00e4dern bis zu Mountainbikes - finden Sie heute Ihren perfekten Wegbegleiter!\" \/>\n<meta property=\"og:url\" content=\"https:\/\/cioelectro.com\/en\/produkt\/breezer-powertrip-wet-gray\/\" \/>\n<meta property=\"og:site_name\" content=\"cioelectro.com\" \/>\n<meta property=\"article:modified_time\" content=\"2023-08-11T08:49:31+00:00\" \/>\n<meta property=\"og:image\" content=\"https:\/\/cioelectro.com\/wp-content\/uploads\/2023\/06\/2021_Breezer_POWERTRIP__Gray.jpg\" \/>\n\t<meta property=\"og:image:width\" content=\"1400\" \/>\n\t<meta property=\"og:image:height\" content=\"900\" \/>\n\t<meta property=\"og:image:type\" content=\"image\/jpeg\" \/>\n<meta name=\"twitter:card\" content=\"summary_large_image\" \/>\n<meta name=\"twitter:label1\" content=\"Est. reading time\" \/>\n\t<meta name=\"twitter:data1\" content=\"2 minutes\" \/>\n<script type=\"application\/ld+json\" class=\"yoast-schema-graph\">{\"@context\":\"https:\\\/\\\/schema.org\",\"@graph\":[{\"@type\":\"WebPage\",\"@id\":\"https:\\\/\\\/cioelectro.com\\\/produkt\\\/breezer-powertrip-wet-gray\\\/\",\"url\":\"https:\\\/\\\/cioelectro.com\\\/produkt\\\/breezer-powertrip-wet-gray\\\/\",\"name\":\"Breezer POWERTRIP+ Wet Gray\",\"isPartOf\":{\"@id\":\"https:\\\/\\\/cioelectro.com\\\/#website\"},\"primaryImageOfPage\":{\"@id\":\"https:\\\/\\\/cioelectro.com\\\/produkt\\\/breezer-powertrip-wet-gray\\\/#primaryimage\"},\"image\":{\"@id\":\"https:\\\/\\\/cioelectro.com\\\/produkt\\\/breezer-powertrip-wet-gray\\\/#primaryimage\"},\"thumbnailUrl\":\"https:\\\/\\\/cioelectro.com\\\/wp-content\\\/uploads\\\/2023\\\/06\\\/2021_Breezer_POWERTRIP__Gray.jpg\",\"datePublished\":\"2022-11-15T14:33:12+00:00\",\"dateModified\":\"2023-08-11T08:49:31+00:00\",\"description\":\"cioelectro.com bietet Ihnen das Breezer POWERTRIP+ Wet Gray zum besten Preis mit kostenlosem Versand in ganz EuropaBreezer POWERTRIP+\",\"breadcrumb\":{\"@id\":\"https:\\\/\\\/cioelectro.com\\\/produkt\\\/breezer-powertrip-wet-gray\\\/#breadcrumb\"},\"inLanguage\":\"en-US\",\"potentialAction\":[{\"@type\":\"ReadAction\",\"target\":[\"https:\\\/\\\/cioelectro.com\\\/produkt\\\/breezer-powertrip-wet-gray\\\/\"]}]},{\"@type\":\"ImageObject\",\"inLanguage\":\"en-US\",\"@id\":\"https:\\\/\\\/cioelectro.com\\\/produkt\\\/breezer-powertrip-wet-gray\\\/#primaryimage\",\"url\":\"https:\\\/\\\/cioelectro.com\\\/wp-content\\\/uploads\\\/2023\\\/06\\\/2021_Breezer_POWERTRIP__Gray.jpg\",\"contentUrl\":\"https:\\\/\\\/cioelectro.com\\\/wp-content\\\/uploads\\\/2023\\\/06\\\/2021_Breezer_POWERTRIP__Gray.jpg\",\"width\":1400,\"height\":900,\"caption\":\"Breezer POWERTRIP+ Wet Gray\"},{\"@type\":\"BreadcrumbList\",\"@id\":\"https:\\\/\\\/cioelectro.com\\\/produkt\\\/breezer-powertrip-wet-gray\\\/#breadcrumb\",\"itemListElement\":[{\"@type\":\"ListItem\",\"position\":1,\"name\":\"Startseite\",\"item\":\"https:\\\/\\\/cioelectro.com\\\/\"},{\"@type\":\"ListItem\",\"position\":2,\"name\":\"LADEN\",\"item\":\"https:\\\/\\\/cioelectro.com\\\/laden\\\/\"},{\"@type\":\"ListItem\",\"position\":3,\"name\":\"Breezer POWERTRIP+ Wet Gray\"}]},{\"@type\":\"WebSite\",\"@id\":\"https:\\\/\\\/cioelectro.com\\\/#website\",\"url\":\"https:\\\/\\\/cioelectro.com\\\/\",\"name\":\"cioelectro.com\",\"description\":\"Treten Sie mit uns ins Abenteuer!\",\"publisher\":{\"@id\":\"https:\\\/\\\/cioelectro.com\\\/#organization\"},\"alternateName\":\"MEIN RADLADEN\",\"potentialAction\":[{\"@type\":\"SearchAction\",\"target\":{\"@type\":\"EntryPoint\",\"urlTemplate\":\"https:\\\/\\\/cioelectro.com\\\/?s={search_term_string}\"},\"query-input\":{\"@type\":\"PropertyValueSpecification\",\"valueRequired\":true,\"valueName\":\"search_term_string\"}}],\"inLanguage\":\"en-US\"},{\"@type\":\"Organization\",\"@id\":\"https:\\\/\\\/cioelectro.com\\\/#organization\",\"name\":\"CIOELECTRO\",\"alternateName\":\"MEIN RADLADEN\",\"url\":\"https:\\\/\\\/cioelectro.com\\\/\",\"logo\":{\"@type\":\"ImageObject\",\"inLanguage\":\"en-US\",\"@id\":\"https:\\\/\\\/cioelectro.com\\\/#\\\/schema\\\/logo\\\/image\\\/\",\"url\":\"https:\\\/\\\/cioelectro.com\\\/wp-content\\\/uploads\\\/2025\\\/12\\\/Logo-2-1200x800.png\",\"contentUrl\":\"https:\\\/\\\/cioelectro.com\\\/wp-content\\\/uploads\\\/2025\\\/12\\\/Logo-2-1200x800.png\",\"width\":1200,\"height\":800,\"caption\":\"CIOELECTRO\"},\"image\":{\"@id\":\"https:\\\/\\\/cioelectro.com\\\/#\\\/schema\\\/logo\\\/image\\\/\"}}]}<\/script>\n<!-- \/ Yoast SEO Premium plugin. -->","yoast_head_json":{"title":"Breezer POWERTRIP+ Wet Gray","description":"cioelectro.com bietet Ihnen das Breezer POWERTRIP+ Wet Gray zum besten Preis mit kostenlosem Versand in ganz EuropaBreezer POWERTRIP+","robots":{"index":"index","follow":"follow","max-snippet":"max-snippet:-1","max-image-preview":"max-image-preview:large","max-video-preview":"max-video-preview:-1"},"canonical":"https:\/\/cioelectro.com\/en\/produkt\/breezer-powertrip-wet-gray\/","og_locale":"en_US","og_type":"article","og_title":"Breezer POWERTRIP+ Wet Gray","og_description":"Entdecken Sie unseren Online-Fahrradladen: Gro\u00dfe Auswahl an Modellen f\u00fcr alle Radsportbegeisterten. Von Rennr\u00e4dern bis zu Mountainbikes - finden Sie heute Ihren perfekten Wegbegleiter!","og_url":"https:\/\/cioelectro.com\/en\/produkt\/breezer-powertrip-wet-gray\/","og_site_name":"cioelectro.com","article_modified_time":"2023-08-11T08:49:31+00:00","og_image":[{"width":1400,"height":900,"url":"https:\/\/cioelectro.com\/wp-content\/uploads\/2023\/06\/2021_Breezer_POWERTRIP__Gray.jpg","type":"image\/jpeg"}],"twitter_card":"summary_large_image","twitter_misc":{"Est. reading time":"2 minutes"},"schema":{"@context":"https:\/\/schema.org","@graph":[{"@type":"WebPage","@id":"https:\/\/cioelectro.com\/produkt\/breezer-powertrip-wet-gray\/","url":"https:\/\/cioelectro.com\/produkt\/breezer-powertrip-wet-gray\/","name":"Breezer POWERTRIP+ Wet Gray","isPartOf":{"@id":"https:\/\/cioelectro.com\/#website"},"primaryImageOfPage":{"@id":"https:\/\/cioelectro.com\/produkt\/breezer-powertrip-wet-gray\/#primaryimage"},"image":{"@id":"https:\/\/cioelectro.com\/produkt\/breezer-powertrip-wet-gray\/#primaryimage"},"thumbnailUrl":"https:\/\/cioelectro.com\/wp-content\/uploads\/2023\/06\/2021_Breezer_POWERTRIP__Gray.jpg","datePublished":"2022-11-15T14:33:12+00:00","dateModified":"2023-08-11T08:49:31+00:00","description":"cioelectro.com bietet Ihnen das Breezer POWERTRIP+ Wet Gray zum besten Preis mit kostenlosem Versand in ganz EuropaBreezer POWERTRIP+","breadcrumb":{"@id":"https:\/\/cioelectro.com\/produkt\/breezer-powertrip-wet-gray\/#breadcrumb"},"inLanguage":"en-US","potentialAction":[{"@type":"ReadAction","target":["https:\/\/cioelectro.com\/produkt\/breezer-powertrip-wet-gray\/"]}]},{"@type":"ImageObject","inLanguage":"en-US","@id":"https:\/\/cioelectro.com\/produkt\/breezer-powertrip-wet-gray\/#primaryimage","url":"https:\/\/cioelectro.com\/wp-content\/uploads\/2023\/06\/2021_Breezer_POWERTRIP__Gray.jpg","contentUrl":"https:\/\/cioelectro.com\/wp-content\/uploads\/2023\/06\/2021_Breezer_POWERTRIP__Gray.jpg","width":1400,"height":900,"caption":"Breezer POWERTRIP+ Wet Gray"},{"@type":"BreadcrumbList","@id":"https:\/\/cioelectro.com\/produkt\/breezer-powertrip-wet-gray\/#breadcrumb","itemListElement":[{"@type":"ListItem","position":1,"name":"Startseite","item":"https:\/\/cioelectro.com\/"},{"@type":"ListItem","position":2,"name":"LADEN","item":"https:\/\/cioelectro.com\/laden\/"},{"@type":"ListItem","position":3,"name":"Breezer POWERTRIP+ Wet Gray"}]},{"@type":"WebSite","@id":"https:\/\/cioelectro.com\/#website","url":"https:\/\/cioelectro.com\/","name":"cioelectro.com","description":"Treten Sie mit uns ins Abenteuer!","publisher":{"@id":"https:\/\/cioelectro.com\/#organization"},"alternateName":"MEIN RADLADEN","potentialAction":[{"@type":"SearchAction","target":{"@type":"EntryPoint","urlTemplate":"https:\/\/cioelectro.com\/?s={search_term_string}"},"query-input":{"@type":"PropertyValueSpecification","valueRequired":true,"valueName":"search_term_string"}}],"inLanguage":"en-US"},{"@type":"Organization","@id":"https:\/\/cioelectro.com\/#organization","name":"CIOELECTRO","alternateName":"MEIN RADLADEN","url":"https:\/\/cioelectro.com\/","logo":{"@type":"ImageObject","inLanguage":"en-US","@id":"https:\/\/cioelectro.com\/#\/schema\/logo\/image\/","url":"https:\/\/cioelectro.com\/wp-content\/uploads\/2025\/12\/Logo-2-1200x800.png","contentUrl":"https:\/\/cioelectro.com\/wp-content\/uploads\/2025\/12\/Logo-2-1200x800.png","width":1200,"height":800,"caption":"CIOELECTRO"},"image":{"@id":"https:\/\/cioelectro.com\/#\/schema\/logo\/image\/"}}]}},"_links":{"self":[{"href":"https:\/\/cioelectro.com\/en\/wp-json\/wp\/v2\/product\/41130","targetHints":{"allow":["GET"]}}],"collection":[{"href":"https:\/\/cioelectro.com\/en\/wp-json\/wp\/v2\/product"}],"about":[{"href":"https:\/\/cioelectro.com\/en\/wp-json\/wp\/v2\/types\/product"}],"replies":[{"embeddable":true,"href":"https:\/\/cioelectro.com\/en\/wp-json\/wp\/v2\/comments?post=41130"}],"version-history":[{"count":0,"href":"https:\/\/cioelectro.com\/en\/wp-json\/wp\/v2\/product\/41130\/revisions"}],"wp:featuredmedia":[{"embeddable":true,"href":"https:\/\/cioelectro.com\/en\/wp-json\/wp\/v2\/media\/62093"}],"wp:attachment":[{"href":"https:\/\/cioelectro.com\/en\/wp-json\/wp\/v2\/media?parent=41130"}],"wp:term":[{"taxonomy":"product_brand","embeddable":true,"href":"https:\/\/cioelectro.com\/en\/wp-json\/wp\/v2\/product_brand?post=41130"},{"taxonomy":"product_cat","embeddable":true,"href":"https:\/\/cioelectro.com\/en\/wp-json\/wp\/v2\/product_cat?post=41130"},{"taxonomy":"product_tag","embeddable":true,"href":"https:\/\/cioelectro.com\/en\/wp-json\/wp\/v2\/product_tag?post=41130"}],"curies":[{"name":"wp","href":"https:\/\/api.w.org\/{rel}","templated":true}]}}