{"id":41138,"date":"2022-11-15T16:07:28","date_gmt":"2022-11-15T15:07:28","guid":{"rendered":"https:\/\/meinradladen.com\/?post_type=product&#038;p=41138"},"modified":"2023-08-11T10:49:30","modified_gmt":"2023-08-11T08:49:30","slug":"diamant-zouma-supreme-s-diamant-schwarz","status":"publish","type":"product","link":"https:\/\/cioelectro.com\/en\/produkt\/diamant-zouma-supreme-s-diamant-schwarz\/","title":{"rendered":"Diamant Zouma Supreme+ S Diamant schwarz"},"content":{"rendered":"<h2>Diamant Zouma Supreme+ S Diamant schwarz<\/h2>\n<p>Das Zouma Supreme+ ist unser erstes Fahrrad mit Carbonrahmen: ein echtes Superbike f\u00fcr die Stadt. Das Modell Zouma Supreme+ ist auch ein Synonym f\u00fcr ein High-End-Bike. So wird das E-Bike zum Statement, das einst das teure Auto war.<\/p>\n<p>Unser innovativer OLCV-Carbonrahmen mit integriertem Stack ist das Herzst\u00fcck des Zouma Supreme+. Der Bosch Performance CX Motor ist mit einem gro\u00dfen 625 Wh Akku ausgestattet \u2013 die Range Boost Technologie erlaubt eine Ausstattung mit bis zu 1125 Wh. Eine Supernova-Beleuchtung, eine komplette Shimano XT 12-fach Gruppe, ein Carbon-Lenker und ein Brooks-Sattel runden diese hochwertige <a href=\"https:\/\/trek.scene7.com\/is\/image\/TrekBicycleProducts\/ZoumaSupremePlusS_20_29400_A_Primary_V2?$responsive-pjpg$&amp;cache=on,on&amp;wid=1920&amp;hei=1440\">Ausstattung<\/a> ab. Die Speed-Version bis 45 km\/h integriert die Hupe dezent in die Pedale.<\/p>\n<p>Dieses Motorrad ist cool. Seine gr\u00f6\u00dfte St\u00e4rke ist sein Charisma. Stark und sportlich wie ein Konkurrent, aber mit der Eleganz und Schlichtheit eines Gentleman. Mit seiner gro\u00dfen Bandbreite ist er mit jeder Strecke und jedem Anspruch kompatibel. Dieses Rad wird Sie bewegen.<\/p>\n<h2 class=\"cyc-typo_display-2 pdp__headline\">Ausstattung<\/h2>\n<div id=\"shrink\" class=\"sticky\">\n<div class=\"container cat-nav\">\n<div class=\"row\">\n<div class=\"col-12 col-sm-12 col-md-12 col-lg-12 col-xl-12\">\n<nav id=\"main-nav\" class=\"navbar navbar-expand-lg navbar-light nav-large\">\n<div id=\"navbar\" class=\"collapse navbar-collapse\"><\/div>\n<\/nav>\n<\/div>\n<\/div>\n<\/div>\n<\/div>\n<div id=\"page\" class=\"\">\n<div class=\"container\">\n<div class=\"row\">\n<div class=\"col-12 col-sm-12 col-md-12 col-lg-12 col-xl-12\">\n<div id=\"content\">\n<div id=\"details_container\">\n<div id=\"details\">\n<div class=\"detailsParams\">\n<div id=\"overviewLink\"><\/div>\n<\/div>\n<div id=\"productinfo\">\n<div id=\"detailsMain\">\n<form class=\"js-oxProductForm\" action=\"https:\/\/www.bike-angebot.de\/index.php?\" method=\"post\">\n<div class=\"detailsInfo clear\">\n<div class=\"row productdetail\">\n<div class=\"col-12 col-sm-12 col-md-12 col-lg-6 col-xl-8\">\n<div class=\"relatedInfo disable-mobile\">\n<div class=\"tabbedWidgetBox clear ui-tabs ui-widget ui-widget-content ui-corner-all\">\n<div class=\"widgetBoxBottomRound\">\n<div id=\"attributes\" class=\"ui-tabs-panel ui-widget-content ui-corner-bottom\" role=\"tabpanel\" aria-labelledby=\"ui-id-1\" aria-expanded=\"true\" aria-hidden=\"false\">\n<table class=\"attributes\">\n<tbody>\n<tr>\n<th id=\"attrTitle_1\"><strong>Gewicht<\/strong><\/th>\n<td id=\"attrValue_1\">22.80<\/td>\n<\/tr>\n<tr>\n<th id=\"attrTitle_2\"><strong>Farbe<\/strong><\/th>\n<td id=\"attrValue_2\">Carbonschwarz<\/td>\n<\/tr>\n<tr>\n<th id=\"attrTitle_3\"><strong>Rahmenform<\/strong><\/th>\n<td id=\"attrValue_3\">Diamant<\/td>\n<\/tr>\n<tr>\n<th id=\"attrTitle_4\"><strong>Ganganzahl<\/strong><\/th>\n<td id=\"attrValue_4\">12<\/td>\n<\/tr>\n<tr>\n<th id=\"attrTitle_5\"><strong>Schaltart<\/strong><\/th>\n<td id=\"attrValue_5\">Kettenschaltung<\/td>\n<\/tr>\n<tr>\n<th id=\"attrTitle_6\"><strong>Motorposition<\/strong><\/th>\n<td id=\"attrValue_6\">Mittelmotor<\/td>\n<\/tr>\n<tr>\n<th id=\"attrTitle_7\"><strong>Gabelhersteller<\/strong><\/th>\n<td id=\"attrValue_7\">Bontrager<\/td>\n<\/tr>\n<tr>\n<th id=\"attrTitle_8\"><strong>Akkuposition<\/strong><\/th>\n<td id=\"attrValue_8\">intube<\/td>\n<\/tr>\n<tr>\n<th id=\"attrTitle_9\"><strong>Federung<\/strong><\/th>\n<td id=\"attrValue_9\">starr<\/td>\n<\/tr>\n<tr>\n<th id=\"attrTitle_10\"><strong>Bremssystem<\/strong><\/th>\n<td id=\"attrValue_10\">Scheibenbremse, hydraulisch<\/td>\n<\/tr>\n<tr>\n<th id=\"attrTitle_11\"><strong>Rahmenmaterial<\/strong><\/th>\n<td id=\"attrValue_11\">Carbon<\/td>\n<\/tr>\n<tr>\n<th id=\"attrTitle_12\"><strong>Schaltung<\/strong><\/th>\n<td id=\"attrValue_12\">Shimano Deore XT Shadow Plus<\/td>\n<\/tr>\n<tr>\n<th id=\"attrTitle_13\"><strong>Motorart<\/strong><\/th>\n<td id=\"attrValue_13\">Bosch Performance Speed<\/td>\n<\/tr>\n<tr>\n<th id=\"attrTitle_14\"><strong>Gabel<\/strong><\/th>\n<td id=\"attrValue_14\">Carbon-Starrgabel mit integrierter Schutzblechaufnahme, mit Bontrager Steckachse<\/td>\n<\/tr>\n<tr>\n<th id=\"attrTitle_15\"><strong>Griffe<\/strong><\/th>\n<td id=\"attrValue_15\">Brooks Cambium Comfort, klemmbar<\/td>\n<\/tr>\n<tr>\n<th id=\"attrTitle_16\"><strong>Bremse<\/strong><\/th>\n<td id=\"attrValue_16\">Magura MT5Ne CarboTecture<\/td>\n<\/tr>\n<tr>\n<th id=\"attrTitle_17\"><strong>Pedale<\/strong><\/th>\n<td id=\"attrValue_17\">Aluminium mit Gummstandfl\u00e4che<\/td>\n<\/tr>\n<tr>\n<th id=\"attrTitle_18\"><strong>Lenker<\/strong><\/th>\n<td id=\"attrValue_18\">Bontrager Pro Carbon LowRiser, 31.8mm, 5mm hochgezogen<\/td>\n<\/tr>\n<tr>\n<th id=\"attrTitle_19\"><strong>Schalthebel<\/strong><\/th>\n<td id=\"attrValue_19\">Shimano Deore XT, 12 G\u00e4nge<\/td>\n<\/tr>\n<tr>\n<th id=\"attrTitle_20\"><strong>Zahnkr\u00e4nze<\/strong><\/th>\n<td id=\"attrValue_20\">Shimano M7100 11-45, 12-Fach<\/td>\n<\/tr>\n<tr>\n<th id=\"attrTitle_21\"><strong>Sattelst\u00fctze<\/strong><\/th>\n<td id=\"attrValue_21\">Bontrager SSR<\/td>\n<\/tr>\n<tr>\n<th id=\"attrTitle_22\"><strong>Vorbau<\/strong><\/th>\n<td id=\"attrValue_22\">Bontrager mit integrierter Kabelf\u00fchrung und Blendr Halterung<\/td>\n<\/tr>\n<tr>\n<th id=\"attrTitle_23\"><strong>Kurbelsatz<\/strong><\/th>\n<td id=\"attrValue_23\">Alumnium, 46 Z\u00e4hne<\/td>\n<\/tr>\n<tr>\n<th id=\"attrTitle_24\"><strong>Sattel<\/strong><\/th>\n<td id=\"attrValue_24\">Brooks Cambium All Weather<\/td>\n<\/tr>\n<tr>\n<th id=\"attrTitle_25\"><strong>Akkuleistung (Wh)<\/strong><\/th>\n<td id=\"attrValue_25\">625<\/td>\n<\/tr>\n<tr>\n<th id=\"attrTitle_26\"><strong>Akku<\/strong><\/th>\n<td id=\"attrValue_26\">Bosch PowerTube 625, Lithium-Ionen-Akku<\/td>\n<\/tr>\n<tr>\n<th id=\"attrTitle_27\"><strong>Modelljahr<\/strong><\/th>\n<td id=\"attrValue_27\">2022<\/td>\n<\/tr>\n<tr>\n<th id=\"attrTitle_28\"><strong>Kategorie<\/strong><\/th>\n<td id=\"attrValue_28\">E-Bikes \/ Pedelecs \/ Trekking\/Touren<\/td>\n<\/tr>\n<tr>\n<th id=\"attrTitle_29\"><strong>Zustand<\/strong><\/th>\n<td id=\"attrValue_29\">neu<\/td>\n<\/tr>\n<\/tbody>\n<\/table>\n<\/div>\n<\/div>\n<\/div>\n<\/div>\n<\/div>\n<\/div>\n<\/div>\n<\/form>\n<\/div>\n<\/div>\n<\/div>\n<\/div>\n<\/div>\n<\/div>\n<\/div>\n<\/div>\n<\/div>","protected":false},"excerpt":{"rendered":"<p>Diamant Zouma Supreme+ S Diamant schwarz Das Zouma Supreme+ ist unser erstes Fahrrad mit Carbonrahmen: ein echtes Superbike f\u00fcr die<\/p>","protected":false},"featured_media":62094,"comment_status":"open","ping_status":"closed","template":"","meta":{"_rtcl_gb_attr":""},"product_brand":[],"product_cat":[34,247,35],"product_tag":[],"class_list":{"0":"post-41138","1":"product","2":"type-product","3":"status-publish","4":"has-post-thumbnail","6":"product_cat-e-bike-city-urban","7":"product_cat-e-bike-trekking","8":"product_cat-e-bikes-2022","9":"pa_marke-diamant","11":"first","12":"instock","13":"sale","14":"taxable","15":"shipping-taxable","16":"purchasable","17":"product-type-variable"},"yoast_head":"<!-- This site is optimized with the Yoast SEO Premium plugin v20.12 (Yoast SEO v27.4) - https:\/\/yoast.com\/product\/yoast-seo-premium-wordpress\/ -->\n<title>Diamant Zouma Supreme+ S Diamant schwarz<\/title>\n<meta name=\"description\" content=\"Entdecken Sie unseren Online-Fahrradladen: Gro\u00dfe Auswahl an Modellen f\u00fcr alle Radsportbegeisterten. Von Rennr\u00e4dern bis zu Mountainbikes - finden Sie heute Ihren perfekten Wegbegleiter!\" \/>\n<meta name=\"robots\" content=\"index, follow, max-snippet:-1, max-image-preview:large, max-video-preview:-1\" \/>\n<link rel=\"canonical\" href=\"https:\/\/cioelectro.com\/en\/produkt\/diamant-zouma-supreme-s-diamant-schwarz\/\" \/>\n<meta property=\"og:locale\" content=\"en_US\" \/>\n<meta property=\"og:type\" content=\"article\" \/>\n<meta property=\"og:title\" content=\"Diamant Zouma Supreme+ S Diamant schwarz\" \/>\n<meta property=\"og:description\" content=\"Entdecken Sie unseren Online-Fahrradladen: Gro\u00dfe Auswahl an Modellen f\u00fcr alle Radsportbegeisterten. Von Rennr\u00e4dern bis zu Mountainbikes - finden Sie heute Ihren perfekten Wegbegleiter!\" \/>\n<meta property=\"og:url\" content=\"https:\/\/cioelectro.com\/en\/produkt\/diamant-zouma-supreme-s-diamant-schwarz\/\" \/>\n<meta property=\"og:site_name\" content=\"cioelectro.com\" \/>\n<meta property=\"article:modified_time\" content=\"2023-08-11T08:49:30+00:00\" \/>\n<meta property=\"og:image\" content=\"https:\/\/cioelectro.com\/wp-content\/uploads\/2023\/06\/diamant-zouma-supreme-s-diamond-carbon-black-1.jpg\" \/>\n\t<meta property=\"og:image:width\" content=\"2400\" \/>\n\t<meta property=\"og:image:height\" content=\"2400\" \/>\n\t<meta property=\"og:image:type\" content=\"image\/jpeg\" \/>\n<meta name=\"twitter:card\" content=\"summary_large_image\" \/>\n<meta name=\"twitter:label1\" content=\"Est. reading time\" \/>\n\t<meta name=\"twitter:data1\" content=\"2 minutes\" \/>\n<script type=\"application\/ld+json\" class=\"yoast-schema-graph\">{\"@context\":\"https:\\\/\\\/schema.org\",\"@graph\":[{\"@type\":\"WebPage\",\"@id\":\"https:\\\/\\\/cioelectro.com\\\/produkt\\\/diamant-zouma-supreme-s-diamant-schwarz\\\/\",\"url\":\"https:\\\/\\\/cioelectro.com\\\/produkt\\\/diamant-zouma-supreme-s-diamant-schwarz\\\/\",\"name\":\"Diamant Zouma Supreme+ S Diamant schwarz\",\"isPartOf\":{\"@id\":\"https:\\\/\\\/cioelectro.com\\\/#website\"},\"primaryImageOfPage\":{\"@id\":\"https:\\\/\\\/cioelectro.com\\\/produkt\\\/diamant-zouma-supreme-s-diamant-schwarz\\\/#primaryimage\"},\"image\":{\"@id\":\"https:\\\/\\\/cioelectro.com\\\/produkt\\\/diamant-zouma-supreme-s-diamant-schwarz\\\/#primaryimage\"},\"thumbnailUrl\":\"https:\\\/\\\/cioelectro.com\\\/wp-content\\\/uploads\\\/2023\\\/06\\\/diamant-zouma-supreme-s-diamond-carbon-black-1.jpg\",\"datePublished\":\"2022-11-15T15:07:28+00:00\",\"dateModified\":\"2023-08-11T08:49:30+00:00\",\"description\":\"Entdecken Sie unseren Online-Fahrradladen: Gro\u00dfe Auswahl an Modellen f\u00fcr alle Radsportbegeisterten. Von Rennr\u00e4dern bis zu Mountainbikes - finden Sie heute Ihren perfekten Wegbegleiter!\",\"breadcrumb\":{\"@id\":\"https:\\\/\\\/cioelectro.com\\\/produkt\\\/diamant-zouma-supreme-s-diamant-schwarz\\\/#breadcrumb\"},\"inLanguage\":\"en-US\",\"potentialAction\":[{\"@type\":\"ReadAction\",\"target\":[\"https:\\\/\\\/cioelectro.com\\\/produkt\\\/diamant-zouma-supreme-s-diamant-schwarz\\\/\"]}]},{\"@type\":\"ImageObject\",\"inLanguage\":\"en-US\",\"@id\":\"https:\\\/\\\/cioelectro.com\\\/produkt\\\/diamant-zouma-supreme-s-diamant-schwarz\\\/#primaryimage\",\"url\":\"https:\\\/\\\/cioelectro.com\\\/wp-content\\\/uploads\\\/2023\\\/06\\\/diamant-zouma-supreme-s-diamond-carbon-black-1.jpg\",\"contentUrl\":\"https:\\\/\\\/cioelectro.com\\\/wp-content\\\/uploads\\\/2023\\\/06\\\/diamant-zouma-supreme-s-diamond-carbon-black-1.jpg\",\"width\":2400,\"height\":2400,\"caption\":\"Diamant Zouma Supreme+ S Diamant schwarz\"},{\"@type\":\"BreadcrumbList\",\"@id\":\"https:\\\/\\\/cioelectro.com\\\/produkt\\\/diamant-zouma-supreme-s-diamant-schwarz\\\/#breadcrumb\",\"itemListElement\":[{\"@type\":\"ListItem\",\"position\":1,\"name\":\"Startseite\",\"item\":\"https:\\\/\\\/cioelectro.com\\\/\"},{\"@type\":\"ListItem\",\"position\":2,\"name\":\"LADEN\",\"item\":\"https:\\\/\\\/cioelectro.com\\\/laden\\\/\"},{\"@type\":\"ListItem\",\"position\":3,\"name\":\"Diamant Zouma Supreme+ S Diamant schwarz\"}]},{\"@type\":\"WebSite\",\"@id\":\"https:\\\/\\\/cioelectro.com\\\/#website\",\"url\":\"https:\\\/\\\/cioelectro.com\\\/\",\"name\":\"cioelectro.com\",\"description\":\"Treten Sie mit uns ins Abenteuer!\",\"publisher\":{\"@id\":\"https:\\\/\\\/cioelectro.com\\\/#organization\"},\"alternateName\":\"MEIN RADLADEN\",\"potentialAction\":[{\"@type\":\"SearchAction\",\"target\":{\"@type\":\"EntryPoint\",\"urlTemplate\":\"https:\\\/\\\/cioelectro.com\\\/?s={search_term_string}\"},\"query-input\":{\"@type\":\"PropertyValueSpecification\",\"valueRequired\":true,\"valueName\":\"search_term_string\"}}],\"inLanguage\":\"en-US\"},{\"@type\":\"Organization\",\"@id\":\"https:\\\/\\\/cioelectro.com\\\/#organization\",\"name\":\"CIOELECTRO\",\"alternateName\":\"MEIN RADLADEN\",\"url\":\"https:\\\/\\\/cioelectro.com\\\/\",\"logo\":{\"@type\":\"ImageObject\",\"inLanguage\":\"en-US\",\"@id\":\"https:\\\/\\\/cioelectro.com\\\/#\\\/schema\\\/logo\\\/image\\\/\",\"url\":\"https:\\\/\\\/cioelectro.com\\\/wp-content\\\/uploads\\\/2025\\\/12\\\/Logo-2-1200x800.png\",\"contentUrl\":\"https:\\\/\\\/cioelectro.com\\\/wp-content\\\/uploads\\\/2025\\\/12\\\/Logo-2-1200x800.png\",\"width\":1200,\"height\":800,\"caption\":\"CIOELECTRO\"},\"image\":{\"@id\":\"https:\\\/\\\/cioelectro.com\\\/#\\\/schema\\\/logo\\\/image\\\/\"}}]}<\/script>\n<!-- \/ Yoast SEO Premium plugin. -->","yoast_head_json":{"title":"Diamant Zouma Supreme+ S Diamant schwarz","description":"Entdecken Sie unseren Online-Fahrradladen: Gro\u00dfe Auswahl an Modellen f\u00fcr alle Radsportbegeisterten. Von Rennr\u00e4dern bis zu Mountainbikes - finden Sie heute Ihren perfekten Wegbegleiter!","robots":{"index":"index","follow":"follow","max-snippet":"max-snippet:-1","max-image-preview":"max-image-preview:large","max-video-preview":"max-video-preview:-1"},"canonical":"https:\/\/cioelectro.com\/en\/produkt\/diamant-zouma-supreme-s-diamant-schwarz\/","og_locale":"en_US","og_type":"article","og_title":"Diamant Zouma Supreme+ S Diamant schwarz","og_description":"Entdecken Sie unseren Online-Fahrradladen: Gro\u00dfe Auswahl an Modellen f\u00fcr alle Radsportbegeisterten. Von Rennr\u00e4dern bis zu Mountainbikes - finden Sie heute Ihren perfekten Wegbegleiter!","og_url":"https:\/\/cioelectro.com\/en\/produkt\/diamant-zouma-supreme-s-diamant-schwarz\/","og_site_name":"cioelectro.com","article_modified_time":"2023-08-11T08:49:30+00:00","og_image":[{"width":2400,"height":2400,"url":"https:\/\/cioelectro.com\/wp-content\/uploads\/2023\/06\/diamant-zouma-supreme-s-diamond-carbon-black-1.jpg","type":"image\/jpeg"}],"twitter_card":"summary_large_image","twitter_misc":{"Est. reading time":"2 minutes"},"schema":{"@context":"https:\/\/schema.org","@graph":[{"@type":"WebPage","@id":"https:\/\/cioelectro.com\/produkt\/diamant-zouma-supreme-s-diamant-schwarz\/","url":"https:\/\/cioelectro.com\/produkt\/diamant-zouma-supreme-s-diamant-schwarz\/","name":"Diamant Zouma Supreme+ S Diamant schwarz","isPartOf":{"@id":"https:\/\/cioelectro.com\/#website"},"primaryImageOfPage":{"@id":"https:\/\/cioelectro.com\/produkt\/diamant-zouma-supreme-s-diamant-schwarz\/#primaryimage"},"image":{"@id":"https:\/\/cioelectro.com\/produkt\/diamant-zouma-supreme-s-diamant-schwarz\/#primaryimage"},"thumbnailUrl":"https:\/\/cioelectro.com\/wp-content\/uploads\/2023\/06\/diamant-zouma-supreme-s-diamond-carbon-black-1.jpg","datePublished":"2022-11-15T15:07:28+00:00","dateModified":"2023-08-11T08:49:30+00:00","description":"Entdecken Sie unseren Online-Fahrradladen: Gro\u00dfe Auswahl an Modellen f\u00fcr alle Radsportbegeisterten. Von Rennr\u00e4dern bis zu Mountainbikes - finden Sie heute Ihren perfekten Wegbegleiter!","breadcrumb":{"@id":"https:\/\/cioelectro.com\/produkt\/diamant-zouma-supreme-s-diamant-schwarz\/#breadcrumb"},"inLanguage":"en-US","potentialAction":[{"@type":"ReadAction","target":["https:\/\/cioelectro.com\/produkt\/diamant-zouma-supreme-s-diamant-schwarz\/"]}]},{"@type":"ImageObject","inLanguage":"en-US","@id":"https:\/\/cioelectro.com\/produkt\/diamant-zouma-supreme-s-diamant-schwarz\/#primaryimage","url":"https:\/\/cioelectro.com\/wp-content\/uploads\/2023\/06\/diamant-zouma-supreme-s-diamond-carbon-black-1.jpg","contentUrl":"https:\/\/cioelectro.com\/wp-content\/uploads\/2023\/06\/diamant-zouma-supreme-s-diamond-carbon-black-1.jpg","width":2400,"height":2400,"caption":"Diamant Zouma Supreme+ S Diamant schwarz"},{"@type":"BreadcrumbList","@id":"https:\/\/cioelectro.com\/produkt\/diamant-zouma-supreme-s-diamant-schwarz\/#breadcrumb","itemListElement":[{"@type":"ListItem","position":1,"name":"Startseite","item":"https:\/\/cioelectro.com\/"},{"@type":"ListItem","position":2,"name":"LADEN","item":"https:\/\/cioelectro.com\/laden\/"},{"@type":"ListItem","position":3,"name":"Diamant Zouma Supreme+ S Diamant schwarz"}]},{"@type":"WebSite","@id":"https:\/\/cioelectro.com\/#website","url":"https:\/\/cioelectro.com\/","name":"cioelectro.com","description":"Treten Sie mit uns ins Abenteuer!","publisher":{"@id":"https:\/\/cioelectro.com\/#organization"},"alternateName":"MEIN RADLADEN","potentialAction":[{"@type":"SearchAction","target":{"@type":"EntryPoint","urlTemplate":"https:\/\/cioelectro.com\/?s={search_term_string}"},"query-input":{"@type":"PropertyValueSpecification","valueRequired":true,"valueName":"search_term_string"}}],"inLanguage":"en-US"},{"@type":"Organization","@id":"https:\/\/cioelectro.com\/#organization","name":"CIOELECTRO","alternateName":"MEIN RADLADEN","url":"https:\/\/cioelectro.com\/","logo":{"@type":"ImageObject","inLanguage":"en-US","@id":"https:\/\/cioelectro.com\/#\/schema\/logo\/image\/","url":"https:\/\/cioelectro.com\/wp-content\/uploads\/2025\/12\/Logo-2-1200x800.png","contentUrl":"https:\/\/cioelectro.com\/wp-content\/uploads\/2025\/12\/Logo-2-1200x800.png","width":1200,"height":800,"caption":"CIOELECTRO"},"image":{"@id":"https:\/\/cioelectro.com\/#\/schema\/logo\/image\/"}}]}},"_links":{"self":[{"href":"https:\/\/cioelectro.com\/en\/wp-json\/wp\/v2\/product\/41138","targetHints":{"allow":["GET"]}}],"collection":[{"href":"https:\/\/cioelectro.com\/en\/wp-json\/wp\/v2\/product"}],"about":[{"href":"https:\/\/cioelectro.com\/en\/wp-json\/wp\/v2\/types\/product"}],"replies":[{"embeddable":true,"href":"https:\/\/cioelectro.com\/en\/wp-json\/wp\/v2\/comments?post=41138"}],"version-history":[{"count":0,"href":"https:\/\/cioelectro.com\/en\/wp-json\/wp\/v2\/product\/41138\/revisions"}],"wp:featuredmedia":[{"embeddable":true,"href":"https:\/\/cioelectro.com\/en\/wp-json\/wp\/v2\/media\/62094"}],"wp:attachment":[{"href":"https:\/\/cioelectro.com\/en\/wp-json\/wp\/v2\/media?parent=41138"}],"wp:term":[{"taxonomy":"product_brand","embeddable":true,"href":"https:\/\/cioelectro.com\/en\/wp-json\/wp\/v2\/product_brand?post=41138"},{"taxonomy":"product_cat","embeddable":true,"href":"https:\/\/cioelectro.com\/en\/wp-json\/wp\/v2\/product_cat?post=41138"},{"taxonomy":"product_tag","embeddable":true,"href":"https:\/\/cioelectro.com\/en\/wp-json\/wp\/v2\/product_tag?post=41138"}],"curies":[{"name":"wp","href":"https:\/\/api.w.org\/{rel}","templated":true}]}}