{"id":41147,"date":"2022-11-15T15:53:29","date_gmt":"2022-11-15T14:53:29","guid":{"rendered":"https:\/\/meinradladen.com\/?post_type=product&#038;p=41147"},"modified":"2023-08-11T10:49:31","modified_gmt":"2023-08-11T08:49:31","slug":"cube-agree-c62-sl-prismagreyncarbon","status":"publish","type":"product","link":"https:\/\/cioelectro.com\/en\/produkt\/cube-agree-c62-sl-prismagreyncarbon\/","title":{"rendered":"Cube Agree C:62 SL prismagrey\u00b4n\u00b4carbon"},"content":{"rendered":"<h2 class=\"content--title\"><strong>Cube<\/strong>\u00a0Agree C:62 SL prismagrey\u00b4n\u00b4carbon<\/h2>\n<div class=\"product--description\">\n<p>Wer im Kampf um die entscheidenden Sekunden Vorsprung alles gibt, wird vom Cube Agree C:62 SL begeistert sein. Und zwar, weil dieser Road-Flitzer pfeilschnell und \u00e6rodynamisch durch die Luft schneidet, seinem Fahrer aber an langen Tagen im Sattel mit hohem Fahrkomfort und wenig Gesamtgewicht zur Seite steht. Und ganz im Sinne der Aerodynamik &#8211; der Aero-Rahmen ist ein echter Speed-Profi &#8211; hat Cube dem Bike Newmen STREEM Laufr\u00e4der mit Aero-Profil verpasst.<\/p>\n<hr \/>\n<p><a href=\"https:\/\/www.cube.eu\/360\/578300\" target=\"_blank\" rel=\"noopener\"><img decoding=\"async\" title=\"360\u00b0\" src=\"https:\/\/cd.bike-discount.de\/media\/image\/3a\/ee\/83\/360.png\" alt=\"\" width=\"40\" height=\"39\" data-mid=\"729769\" data-src=\"media\/image\/360.png\" \/>360\u00b0-Ansicht \u00f6ffnen<\/a><\/p>\n<hr \/>\n<p>Dazu gesellen sich eine Vollcarbongabel, ein voll integriertes Carbon-Cockpit sowie die Force 2&#215;12 Komponenten von Sram f\u00fcr superpr\u00e4zise Schaltvorg\u00e4nge und kompromisslos kraftvolle Bremsman\u00f6ver. Fazit: Mit diesem leichten Allround-Racer ist alles m\u00f6glich!<\/p>\n<hr \/>\n<h3>RAHMEN Agree C:62 SL prismagrey\u00b4n\u00b4carbon<\/h3>\n<p>Ab einer bestimmten Geschwindigkeit ist es nicht mehr am Fahrer, ob noch ein paar Millisekunden schneller drin sind, sondern am Bike. Deshalb haben wir uns bei der Konzeption des brandneuen Agree C:62 Chassis&#8217; von unseren Highend-Rennrad- und Zeitfahrrahmen inspirieren lassen. Das Ergebnis ist ebenso \u00e6rodynamisch wie \u00e4sthetisch ansprechend &#8211; ein Allround-Rahmen aus Carbon, den wir zugunsten von wenig Gesamtgewicht und hohem Fahrkomfort mit schlanken Sitzstreben und durchdacht geformten Rohrs\u00e4tzen feinabgestimmt haben. Au\u00dferdem sind die Schalt- und Bremsz\u00fcge semi-integriert, was das Handling optimiert und den Wartungsaufwand reduziert. Optional l\u00e4sst sich eine Rahmenbox montieren, in der Energieriegel oder Werkzeug oder Platz finden, falls die Tour doch mal l\u00e4nger dauert als geplant.<\/p>\n<hr \/>\n<h3>Agree C:62 SL [2022] &#8211; CUBE Bikes Official<\/h3>\n<p><iframe title=\"YouTube video player\" src=\"https:\/\/www.youtube-nocookie.com\/embed\/dP_Lo7IEGY0\" width=\"640\" height=\"360\" frameborder=\"0\" allowfullscreen=\"allowfullscreen\" data-mce-fragment=\"1\"><\/iframe><\/p>\n<\/div>\n<div class=\"ean-box\">\n<h2>Ausstattung<\/h2>\n<div class=\"product--properties panel has--border\">\n<table class=\"product--properties-table\">\n<tbody>\n<tr class=\"product--properties-row row1\">\n<td class=\"product--properties-label is--bold\">Rahmen:<\/td>\n<td class=\"product--properties-value\">C:62 Advanced Twin Mold Technology, Full Internal Cable Routing, Integrated Seat Post Clamp, Flat Mount Disc, Storage Box Option, AXH, 12x142mm<\/td>\n<\/tr>\n<tr class=\"product--properties-row row2\">\n<td class=\"product--properties-label is--bold\">Rahmenmaterial:<\/td>\n<td class=\"product--properties-value\">Carbon<\/td>\n<\/tr>\n<tr class=\"product--properties-row row3\">\n<td class=\"product--properties-label is--bold\">Laufradgr\u00f6\u00dfe:<\/td>\n<td class=\"product--properties-value\">28&#8243;<\/td>\n<\/tr>\n<tr class=\"product--properties-row row4\">\n<td class=\"product--properties-label is--bold\">Farbe:<\/td>\n<td class=\"product--properties-value\">prismagrey\u00b4n\u00b4carbon<\/td>\n<\/tr>\n<tr class=\"product--properties-row row5\">\n<td class=\"product--properties-label is--bold\">Gabel:<\/td>\n<td class=\"product--properties-value\">CUBE CSL Evo Aero C:62 Technology, 1 1\/8&#8243; \/ 1 1\/4&#8243; Tapered, Flat Mount, 12x100mm<\/td>\n<\/tr>\n<tr class=\"product--properties-row row6\">\n<td class=\"product--properties-label is--bold\">Bremsen:<\/td>\n<td class=\"product--properties-value\">Sram Force eTap AXS\u2122 (160\/160)<\/td>\n<\/tr>\n<tr class=\"product--properties-row row7\">\n<td class=\"product--properties-label is--bold\">Bremsscheiben:<\/td>\n<td class=\"product--properties-value\">160mm<\/td>\n<\/tr>\n<tr class=\"product--properties-row row8\">\n<td class=\"product--properties-label is--bold\">Steuersatz:<\/td>\n<td class=\"product--properties-value\">ACROS, Top Integrated 1 1\/2&#8243; w\/ Integrated Cable Routing, Bottom Integrated 1 1\/4&#8243;<\/td>\n<\/tr>\n<tr class=\"product--properties-row row9\">\n<td class=\"product--properties-label is--bold\">Lenker:<\/td>\n<td class=\"product--properties-value\">Agree C:62 ICR Aero Cockpit System, Integrated Cable Routing, Aero Spacer System, Garmin Mount Interface (50cm: 400mm\/90mm, 53cm: 420\/90mm, 56cm: 420mm\/100mm, 58cm: 440mm\/100mm, 60cm: 440mm\/110mm, 62cm: 440mm\/120mm)<\/td>\n<\/tr>\n<tr class=\"product--properties-row row10\">\n<td class=\"product--properties-label is--bold\">Griffe:<\/td>\n<td class=\"product--properties-value\">ACID Bartape RD<\/td>\n<\/tr>\n<tr class=\"product--properties-row row11\">\n<td class=\"product--properties-label is--bold\">Sattel:<\/td>\n<td class=\"product--properties-value\">Natural Fit Nuance SLT Road Carbon<\/td>\n<\/tr>\n<tr class=\"product--properties-row row12\">\n<td class=\"product--properties-label is--bold\">Sattelst\u00fctze:<\/td>\n<td class=\"product--properties-value\">Agree C:62 Aero, Comfort Flex<\/td>\n<\/tr>\n<tr class=\"product--properties-row row13\">\n<td class=\"product--properties-label is--bold\">Sattelklemme:<\/td>\n<td class=\"product--properties-value\">CUBE Full Integrated Aero Clamp<\/td>\n<\/tr>\n<tr class=\"product--properties-row row14\">\n<td class=\"product--properties-label is--bold\">Kurbel:<\/td>\n<td class=\"product--properties-value\">Sram Force DUB Carbon, 48x35T<\/td>\n<\/tr>\n<tr class=\"product--properties-row row15\">\n<td class=\"product--properties-label is--bold\">Schaltwerk:<\/td>\n<td class=\"product--properties-value\">Sram Force eTap AXS\u2122, 12-Speed<\/td>\n<\/tr>\n<\/tbody>\n<\/table>\n<table class=\"product--properties-table\">\n<tbody>\n<tr class=\"product--properties-row row16\">\n<td class=\"product--properties-label is--bold\">Schalthebel:<\/td>\n<td class=\"product--properties-value\">Sram Force eTap AXS\u2122<\/td>\n<\/tr>\n<tr class=\"product--properties-row row17\">\n<td class=\"product--properties-label is--bold\">Umwerfer:<\/td>\n<td class=\"product--properties-value\">Sram Force eTap AXS\u2122<\/td>\n<\/tr>\n<tr class=\"product--properties-row row18\">\n<td class=\"product--properties-label is--bold\">Kassette:<\/td>\n<td class=\"product--properties-value\">Sram Force XG-1270, 10-33T<\/td>\n<\/tr>\n<tr class=\"product--properties-row row19\">\n<td class=\"product--properties-label is--bold\">Kette:<\/td>\n<td class=\"product--properties-value\">SRAM Force D1<\/td>\n<\/tr>\n<tr class=\"product--properties-row row20\">\n<td class=\"product--properties-label is--bold\">Reifen:<\/td>\n<td class=\"product--properties-value\">Conti Grand Prix 5000 Kevlar, 28-622<\/td>\n<\/tr>\n<tr class=\"product--properties-row row21\">\n<td class=\"product--properties-label is--bold\">Laufradsatz:<\/td>\n<td class=\"product--properties-value\">Newmen Advanced SL R.38, Carbon<\/td>\n<\/tr>\n<tr class=\"product--properties-row row22\">\n<td class=\"product--properties-label is--bold\">Pedale:<\/td>\n<td class=\"product--properties-value\">nicht im Lieferumfang enthalten<\/td>\n<\/tr>\n<tr class=\"product--properties-row row23\">\n<td class=\"product--properties-label is--bold\">Zul\u00e4ssiges Gesamtgewicht:<\/td>\n<td class=\"product--properties-value\">115 kg (K\u00f6rpergewicht + Fahrrad + Ausr\u00fcstung)<\/td>\n<\/tr>\n<tr class=\"product--properties-row row24\">\n<td class=\"product--properties-label is--bold\">Gewicht Komplettrad:<\/td>\n<td class=\"product--properties-value\">ab 7,8 kg<\/td>\n<\/tr>\n<\/tbody>\n<\/table>\n<\/div>\n<\/div>","protected":false},"excerpt":{"rendered":"<div class=\"tab-menu--product js--tab-menu\">\n<div class=\"tab--container-list\">\n<div class=\"tab--container description has--content is--active\">\n<div class=\"tab--content box-description\">\n<div class=\"content--description\">\n<div class=\"ean-box\"><label>Modelljahr: <span style=\"font-size: 16px;\">2022<\/span><\/label><\/div>\n<\/div>\n<\/div>\n<\/div>\n<\/div>\n<\/div>\n<div id=\"detail--product-reviews\" class=\"content--product-reviews 123\"><\/div>","protected":false},"featured_media":62095,"comment_status":"open","ping_status":"closed","template":"","meta":{"_rtcl_gb_attr":""},"product_brand":[],"product_cat":[36,129],"product_tag":[],"class_list":{"0":"post-41147","1":"product","2":"type-product","3":"status-publish","4":"has-post-thumbnail","6":"product_cat-fahrrad","7":"product_cat-rennrad","8":"pa_marke-cube","10":"first","11":"instock","12":"sale","13":"taxable","14":"shipping-taxable","15":"purchasable","16":"product-type-variable"},"yoast_head":"<!-- This site is optimized with the Yoast SEO Premium plugin v20.12 (Yoast SEO v27.4) - https:\/\/yoast.com\/product\/yoast-seo-premium-wordpress\/ -->\n<title>Cube Agree C:62 SL prismagrey\u00b4n\u00b4carbon<\/title>\n<meta name=\"description\" content=\"cioelectro.com bietet Ihnen das Cube Agree C:62 SL prismagrey\u00b4n\u00b4carbon zum besten Preis mit kostenlosem Versand in ganz EuropaCube Agree C:62 SL\" \/>\n<meta name=\"robots\" content=\"index, follow, max-snippet:-1, max-image-preview:large, max-video-preview:-1\" \/>\n<link rel=\"canonical\" href=\"https:\/\/cioelectro.com\/en\/produkt\/cube-agree-c62-sl-prismagreyncarbon\/\" \/>\n<meta property=\"og:locale\" content=\"en_US\" \/>\n<meta property=\"og:type\" content=\"article\" \/>\n<meta property=\"og:title\" content=\"Cube Agree C:62 SL prismagrey\u00b4n\u00b4carbon\" \/>\n<meta property=\"og:description\" content=\"Entdecken Sie unseren Online-Fahrradladen: Gro\u00dfe Auswahl an Modellen f\u00fcr alle Radsportbegeisterten. Von Rennr\u00e4dern bis zu Mountainbikes - finden Sie heute Ihren perfekten Wegbegleiter!\" \/>\n<meta property=\"og:url\" content=\"https:\/\/cioelectro.com\/en\/produkt\/cube-agree-c62-sl-prismagreyncarbon\/\" \/>\n<meta property=\"og:site_name\" content=\"cioelectro.com\" \/>\n<meta property=\"article:modified_time\" content=\"2023-08-11T08:49:31+00:00\" \/>\n<meta property=\"og:image\" content=\"https:\/\/cioelectro.com\/wp-content\/uploads\/2023\/06\/Cube-Agree-C62-SL-prismagrey\u00b4n\u00b4carbon.jpg\" \/>\n\t<meta property=\"og:image:width\" content=\"800\" \/>\n\t<meta property=\"og:image:height\" content=\"488\" \/>\n\t<meta property=\"og:image:type\" content=\"image\/jpeg\" \/>\n<meta name=\"twitter:card\" content=\"summary_large_image\" \/>\n<meta name=\"twitter:label1\" content=\"Est. reading time\" \/>\n\t<meta name=\"twitter:data1\" content=\"3 minutes\" \/>\n<script type=\"application\/ld+json\" class=\"yoast-schema-graph\">{\"@context\":\"https:\\\/\\\/schema.org\",\"@graph\":[{\"@type\":\"WebPage\",\"@id\":\"https:\\\/\\\/cioelectro.com\\\/produkt\\\/cube-agree-c62-sl-prismagreyncarbon\\\/\",\"url\":\"https:\\\/\\\/cioelectro.com\\\/produkt\\\/cube-agree-c62-sl-prismagreyncarbon\\\/\",\"name\":\"Cube Agree C:62 SL prismagrey\u00b4n\u00b4carbon\",\"isPartOf\":{\"@id\":\"https:\\\/\\\/cioelectro.com\\\/#website\"},\"primaryImageOfPage\":{\"@id\":\"https:\\\/\\\/cioelectro.com\\\/produkt\\\/cube-agree-c62-sl-prismagreyncarbon\\\/#primaryimage\"},\"image\":{\"@id\":\"https:\\\/\\\/cioelectro.com\\\/produkt\\\/cube-agree-c62-sl-prismagreyncarbon\\\/#primaryimage\"},\"thumbnailUrl\":\"https:\\\/\\\/cioelectro.com\\\/wp-content\\\/uploads\\\/2023\\\/06\\\/Cube-Agree-C62-SL-prismagrey\u00b4n\u00b4carbon.jpg\",\"datePublished\":\"2022-11-15T14:53:29+00:00\",\"dateModified\":\"2023-08-11T08:49:31+00:00\",\"description\":\"cioelectro.com bietet Ihnen das Cube Agree C:62 SL prismagrey\u00b4n\u00b4carbon zum besten Preis mit kostenlosem Versand in ganz EuropaCube Agree C:62 SL\",\"breadcrumb\":{\"@id\":\"https:\\\/\\\/cioelectro.com\\\/produkt\\\/cube-agree-c62-sl-prismagreyncarbon\\\/#breadcrumb\"},\"inLanguage\":\"en-US\",\"potentialAction\":[{\"@type\":\"ReadAction\",\"target\":[\"https:\\\/\\\/cioelectro.com\\\/produkt\\\/cube-agree-c62-sl-prismagreyncarbon\\\/\"]}]},{\"@type\":\"ImageObject\",\"inLanguage\":\"en-US\",\"@id\":\"https:\\\/\\\/cioelectro.com\\\/produkt\\\/cube-agree-c62-sl-prismagreyncarbon\\\/#primaryimage\",\"url\":\"https:\\\/\\\/cioelectro.com\\\/wp-content\\\/uploads\\\/2023\\\/06\\\/Cube-Agree-C62-SL-prismagrey\u00b4n\u00b4carbon.jpg\",\"contentUrl\":\"https:\\\/\\\/cioelectro.com\\\/wp-content\\\/uploads\\\/2023\\\/06\\\/Cube-Agree-C62-SL-prismagrey\u00b4n\u00b4carbon.jpg\",\"width\":800,\"height\":488,\"caption\":\"Cube\u00a0Agree C62 SL prismagrey\u00b4n\u00b4carbon\"},{\"@type\":\"BreadcrumbList\",\"@id\":\"https:\\\/\\\/cioelectro.com\\\/produkt\\\/cube-agree-c62-sl-prismagreyncarbon\\\/#breadcrumb\",\"itemListElement\":[{\"@type\":\"ListItem\",\"position\":1,\"name\":\"Startseite\",\"item\":\"https:\\\/\\\/cioelectro.com\\\/\"},{\"@type\":\"ListItem\",\"position\":2,\"name\":\"LADEN\",\"item\":\"https:\\\/\\\/cioelectro.com\\\/laden\\\/\"},{\"@type\":\"ListItem\",\"position\":3,\"name\":\"Cube Agree C:62 SL prismagrey\u00b4n\u00b4carbon\"}]},{\"@type\":\"WebSite\",\"@id\":\"https:\\\/\\\/cioelectro.com\\\/#website\",\"url\":\"https:\\\/\\\/cioelectro.com\\\/\",\"name\":\"cioelectro.com\",\"description\":\"Treten Sie mit uns ins Abenteuer!\",\"publisher\":{\"@id\":\"https:\\\/\\\/cioelectro.com\\\/#organization\"},\"alternateName\":\"MEIN RADLADEN\",\"potentialAction\":[{\"@type\":\"SearchAction\",\"target\":{\"@type\":\"EntryPoint\",\"urlTemplate\":\"https:\\\/\\\/cioelectro.com\\\/?s={search_term_string}\"},\"query-input\":{\"@type\":\"PropertyValueSpecification\",\"valueRequired\":true,\"valueName\":\"search_term_string\"}}],\"inLanguage\":\"en-US\"},{\"@type\":\"Organization\",\"@id\":\"https:\\\/\\\/cioelectro.com\\\/#organization\",\"name\":\"CIOELECTRO\",\"alternateName\":\"MEIN RADLADEN\",\"url\":\"https:\\\/\\\/cioelectro.com\\\/\",\"logo\":{\"@type\":\"ImageObject\",\"inLanguage\":\"en-US\",\"@id\":\"https:\\\/\\\/cioelectro.com\\\/#\\\/schema\\\/logo\\\/image\\\/\",\"url\":\"https:\\\/\\\/cioelectro.com\\\/wp-content\\\/uploads\\\/2025\\\/12\\\/Logo-2-1200x800.png\",\"contentUrl\":\"https:\\\/\\\/cioelectro.com\\\/wp-content\\\/uploads\\\/2025\\\/12\\\/Logo-2-1200x800.png\",\"width\":1200,\"height\":800,\"caption\":\"CIOELECTRO\"},\"image\":{\"@id\":\"https:\\\/\\\/cioelectro.com\\\/#\\\/schema\\\/logo\\\/image\\\/\"}}]}<\/script>\n<!-- \/ Yoast SEO Premium plugin. -->","yoast_head_json":{"title":"Cube Agree C:62 SL prismagrey\u00b4n\u00b4carbon","description":"cioelectro.com bietet Ihnen das Cube Agree C:62 SL prismagrey\u00b4n\u00b4carbon zum besten Preis mit kostenlosem Versand in ganz EuropaCube Agree C:62 SL","robots":{"index":"index","follow":"follow","max-snippet":"max-snippet:-1","max-image-preview":"max-image-preview:large","max-video-preview":"max-video-preview:-1"},"canonical":"https:\/\/cioelectro.com\/en\/produkt\/cube-agree-c62-sl-prismagreyncarbon\/","og_locale":"en_US","og_type":"article","og_title":"Cube Agree C:62 SL prismagrey\u00b4n\u00b4carbon","og_description":"Entdecken Sie unseren Online-Fahrradladen: Gro\u00dfe Auswahl an Modellen f\u00fcr alle Radsportbegeisterten. Von Rennr\u00e4dern bis zu Mountainbikes - finden Sie heute Ihren perfekten Wegbegleiter!","og_url":"https:\/\/cioelectro.com\/en\/produkt\/cube-agree-c62-sl-prismagreyncarbon\/","og_site_name":"cioelectro.com","article_modified_time":"2023-08-11T08:49:31+00:00","og_image":[{"width":800,"height":488,"url":"https:\/\/cioelectro.com\/wp-content\/uploads\/2023\/06\/Cube-Agree-C62-SL-prismagrey\u00b4n\u00b4carbon.jpg","type":"image\/jpeg"}],"twitter_card":"summary_large_image","twitter_misc":{"Est. reading time":"3 minutes"},"schema":{"@context":"https:\/\/schema.org","@graph":[{"@type":"WebPage","@id":"https:\/\/cioelectro.com\/produkt\/cube-agree-c62-sl-prismagreyncarbon\/","url":"https:\/\/cioelectro.com\/produkt\/cube-agree-c62-sl-prismagreyncarbon\/","name":"Cube Agree C:62 SL prismagrey\u00b4n\u00b4carbon","isPartOf":{"@id":"https:\/\/cioelectro.com\/#website"},"primaryImageOfPage":{"@id":"https:\/\/cioelectro.com\/produkt\/cube-agree-c62-sl-prismagreyncarbon\/#primaryimage"},"image":{"@id":"https:\/\/cioelectro.com\/produkt\/cube-agree-c62-sl-prismagreyncarbon\/#primaryimage"},"thumbnailUrl":"https:\/\/cioelectro.com\/wp-content\/uploads\/2023\/06\/Cube-Agree-C62-SL-prismagrey\u00b4n\u00b4carbon.jpg","datePublished":"2022-11-15T14:53:29+00:00","dateModified":"2023-08-11T08:49:31+00:00","description":"cioelectro.com bietet Ihnen das Cube Agree C:62 SL prismagrey\u00b4n\u00b4carbon zum besten Preis mit kostenlosem Versand in ganz EuropaCube Agree C:62 SL","breadcrumb":{"@id":"https:\/\/cioelectro.com\/produkt\/cube-agree-c62-sl-prismagreyncarbon\/#breadcrumb"},"inLanguage":"en-US","potentialAction":[{"@type":"ReadAction","target":["https:\/\/cioelectro.com\/produkt\/cube-agree-c62-sl-prismagreyncarbon\/"]}]},{"@type":"ImageObject","inLanguage":"en-US","@id":"https:\/\/cioelectro.com\/produkt\/cube-agree-c62-sl-prismagreyncarbon\/#primaryimage","url":"https:\/\/cioelectro.com\/wp-content\/uploads\/2023\/06\/Cube-Agree-C62-SL-prismagrey\u00b4n\u00b4carbon.jpg","contentUrl":"https:\/\/cioelectro.com\/wp-content\/uploads\/2023\/06\/Cube-Agree-C62-SL-prismagrey\u00b4n\u00b4carbon.jpg","width":800,"height":488,"caption":"Cube\u00a0Agree C62 SL prismagrey\u00b4n\u00b4carbon"},{"@type":"BreadcrumbList","@id":"https:\/\/cioelectro.com\/produkt\/cube-agree-c62-sl-prismagreyncarbon\/#breadcrumb","itemListElement":[{"@type":"ListItem","position":1,"name":"Startseite","item":"https:\/\/cioelectro.com\/"},{"@type":"ListItem","position":2,"name":"LADEN","item":"https:\/\/cioelectro.com\/laden\/"},{"@type":"ListItem","position":3,"name":"Cube Agree C:62 SL prismagrey\u00b4n\u00b4carbon"}]},{"@type":"WebSite","@id":"https:\/\/cioelectro.com\/#website","url":"https:\/\/cioelectro.com\/","name":"cioelectro.com","description":"Treten Sie mit uns ins Abenteuer!","publisher":{"@id":"https:\/\/cioelectro.com\/#organization"},"alternateName":"MEIN RADLADEN","potentialAction":[{"@type":"SearchAction","target":{"@type":"EntryPoint","urlTemplate":"https:\/\/cioelectro.com\/?s={search_term_string}"},"query-input":{"@type":"PropertyValueSpecification","valueRequired":true,"valueName":"search_term_string"}}],"inLanguage":"en-US"},{"@type":"Organization","@id":"https:\/\/cioelectro.com\/#organization","name":"CIOELECTRO","alternateName":"MEIN RADLADEN","url":"https:\/\/cioelectro.com\/","logo":{"@type":"ImageObject","inLanguage":"en-US","@id":"https:\/\/cioelectro.com\/#\/schema\/logo\/image\/","url":"https:\/\/cioelectro.com\/wp-content\/uploads\/2025\/12\/Logo-2-1200x800.png","contentUrl":"https:\/\/cioelectro.com\/wp-content\/uploads\/2025\/12\/Logo-2-1200x800.png","width":1200,"height":800,"caption":"CIOELECTRO"},"image":{"@id":"https:\/\/cioelectro.com\/#\/schema\/logo\/image\/"}}]}},"_links":{"self":[{"href":"https:\/\/cioelectro.com\/en\/wp-json\/wp\/v2\/product\/41147","targetHints":{"allow":["GET"]}}],"collection":[{"href":"https:\/\/cioelectro.com\/en\/wp-json\/wp\/v2\/product"}],"about":[{"href":"https:\/\/cioelectro.com\/en\/wp-json\/wp\/v2\/types\/product"}],"replies":[{"embeddable":true,"href":"https:\/\/cioelectro.com\/en\/wp-json\/wp\/v2\/comments?post=41147"}],"version-history":[{"count":0,"href":"https:\/\/cioelectro.com\/en\/wp-json\/wp\/v2\/product\/41147\/revisions"}],"wp:featuredmedia":[{"embeddable":true,"href":"https:\/\/cioelectro.com\/en\/wp-json\/wp\/v2\/media\/62095"}],"wp:attachment":[{"href":"https:\/\/cioelectro.com\/en\/wp-json\/wp\/v2\/media?parent=41147"}],"wp:term":[{"taxonomy":"product_brand","embeddable":true,"href":"https:\/\/cioelectro.com\/en\/wp-json\/wp\/v2\/product_brand?post=41147"},{"taxonomy":"product_cat","embeddable":true,"href":"https:\/\/cioelectro.com\/en\/wp-json\/wp\/v2\/product_cat?post=41147"},{"taxonomy":"product_tag","embeddable":true,"href":"https:\/\/cioelectro.com\/en\/wp-json\/wp\/v2\/product_tag?post=41147"}],"curies":[{"name":"wp","href":"https:\/\/api.w.org\/{rel}","templated":true}]}}