{"id":41463,"date":"2022-11-16T16:00:12","date_gmt":"2022-11-16T15:00:12","guid":{"rendered":"https:\/\/meinradladen.com\/?post_type=product&#038;p=41463"},"modified":"2023-08-11T10:35:23","modified_gmt":"2023-08-11T08:35:23","slug":"kreidler-vitality-eco-2-sport-schwarz-matt","status":"publish","type":"product","link":"https:\/\/cioelectro.com\/en\/produkt\/kreidler-vitality-eco-2-sport-schwarz-matt\/","title":{"rendered":"Kreidler Vitality Eco 2 Sport schwarz matt"},"content":{"rendered":"<h2 class=\"pageTitle\">Kreidler Vitality Eco 2 Sport schwarz matt<\/h2>\n<p><b>Trekking Erlebnis plus E-Bike Fahrspa\u00df<\/b><\/p>\n<p>Kreidler Vitality Eco 2 F\u00fcr konstante Trittfrequenz, egal ob Berg hoch oder Berg runter, shiftet die Shimano Schaltung pr\u00e4zise wie ein Uhrwerk durch die G\u00e4nge. Um sich nicht nur auf die Beine verlassen zu m\u00fcssen greift Ihnen dabei der Mittelmotor von Bosch helfend unter die Arme. Er bietet mit 250 Watt eine zuverl\u00e4ssige Schubhilfe bei einer Geschwindigkeit bis zu 25 km\/h. Mit dem starken 400 Wh Akku ist das E-Bike hervorragend f\u00fcr mittellange Touren ins Gr\u00fcne. Selbstverst\u00e4ndlich ist dieses motorunterst\u00fctzte Velo mit Licht, Schutzblechen, Gep\u00e4cktr\u00e4ger und St\u00e4nder versehen, damit Sie f\u00fcr Ihre Fahrten gewappnet sind. Seine Rahmenform und die hochwertige Austattung bieten alle M\u00f6glichkeiten&#8230;Wie Sie dieses E-Velo f\u00fcr Sich nutzen liegt allein bei Ihnen.<\/p>\n<h2 class=\"cyc-typo_display-2 pdp__headline\">Ausstattung<\/h2>\n<div class=\"widgetBoxBottomRound\">\n<div id=\"attributes\" class=\"ui-tabs-panel ui-widget-content ui-corner-bottom\" role=\"tabpanel\" aria-labelledby=\"ui-id-1\" aria-expanded=\"true\" aria-hidden=\"false\">\n<div class=\"widgetBoxBottomRound\">\n<div id=\"attributes\" class=\"ui-tabs-panel ui-widget-content ui-corner-bottom\" role=\"tabpanel\" aria-labelledby=\"ui-id-1\" aria-expanded=\"true\" aria-hidden=\"false\">\n<table class=\"attributes\">\n<tbody>\n<tr>\n<th id=\"attrTitle_1\"><strong>Gewicht<\/strong><\/th>\n<td id=\"attrValue_1\">24.20<\/td>\n<\/tr>\n<tr>\n<th id=\"attrTitle_2\"><strong>Farbe<\/strong><\/th>\n<td id=\"attrValue_2\">schwarz matt<\/td>\n<\/tr>\n<tr>\n<th id=\"attrTitle_3\"><strong>Rahmenform<\/strong><\/th>\n<td id=\"attrValue_3\">Diamant<\/td>\n<\/tr>\n<tr>\n<th id=\"attrTitle_4\"><strong>Durchmesser Scheibenbremse vorn<\/strong><\/th>\n<td id=\"attrValue_4\">180.00<\/td>\n<\/tr>\n<tr>\n<th id=\"attrTitle_5\"><strong>Ganganzahl<\/strong><\/th>\n<td id=\"attrValue_5\">9<\/td>\n<\/tr>\n<tr>\n<th id=\"attrTitle_6\"><strong>Federweg in mm<\/strong><\/th>\n<td id=\"attrValue_6\">65.00<\/td>\n<\/tr>\n<tr>\n<th id=\"attrTitle_7\"><strong>Durchmesser Scheibenbremse hinten<\/strong><\/th>\n<td id=\"attrValue_7\">160.00<\/td>\n<\/tr>\n<tr>\n<th id=\"attrTitle_8\"><strong>Motorposition<\/strong><\/th>\n<td id=\"attrValue_8\">Mittelmotor<\/td>\n<\/tr>\n<tr>\n<th id=\"attrTitle_9\"><strong>Gabelhersteller<\/strong><\/th>\n<td id=\"attrValue_9\">SR Suntour<\/td>\n<\/tr>\n<tr>\n<th id=\"attrTitle_10\"><strong>Akkuposition<\/strong><\/th>\n<td id=\"attrValue_10\">ontube<\/td>\n<\/tr>\n<tr>\n<th id=\"attrTitle_11\"><strong>Federung<\/strong><\/th>\n<td id=\"attrValue_11\">stahlgefedert<\/td>\n<\/tr>\n<tr>\n<th id=\"attrTitle_12\"><strong>Schaltart<\/strong><\/th>\n<td id=\"attrValue_12\">Kettenschaltung<\/td>\n<\/tr>\n<tr>\n<th id=\"attrTitle_13\"><strong>Bremssystem<\/strong><\/th>\n<td id=\"attrValue_13\">Scheibenbremse<\/td>\n<\/tr>\n<tr>\n<th id=\"attrTitle_14\"><strong>Rahmenmaterial<\/strong><\/th>\n<td id=\"attrValue_14\">Aluminium<\/td>\n<\/tr>\n<tr>\n<th id=\"attrTitle_15\"><strong>Schaltung<\/strong><\/th>\n<td id=\"attrValue_15\">Shimano BR-MT200 (160 mm)<\/td>\n<\/tr>\n<tr>\n<th id=\"attrTitle_16\"><strong>Beleuchtung<\/strong><\/th>\n<td id=\"attrValue_16\">Herrmans MR Go, 30 LUX mit Standlicht<\/td>\n<\/tr>\n<tr>\n<th id=\"attrTitle_17\"><strong>Motorart<\/strong><\/th>\n<td id=\"attrValue_17\">Bosch Performance, Gen.3, 36 Mittelmotor, 250 Watt<\/td>\n<\/tr>\n<tr>\n<th id=\"attrTitle_18\"><strong>Pedale<\/strong><\/th>\n<td id=\"attrValue_18\">Marwi SP-811<\/td>\n<\/tr>\n<tr>\n<th id=\"attrTitle_19\"><strong>Gabel<\/strong><\/th>\n<td id=\"attrValue_19\">Suntour NEX, 28&#8243; Aluminium<\/td>\n<\/tr>\n<tr>\n<th id=\"attrTitle_20\"><strong>Schutzbleche<\/strong><\/th>\n<td id=\"attrValue_20\">SKS Kunststoff<\/td>\n<\/tr>\n<tr>\n<th id=\"attrTitle_21\"><strong>Lenker<\/strong><\/th>\n<td id=\"attrValue_21\">Trekking, Stahl, 600 mm<\/td>\n<\/tr>\n<tr>\n<th id=\"attrTitle_22\"><strong>Schalthebel<\/strong><\/th>\n<td id=\"attrValue_22\">Shimano Alivio SL-M3100<\/td>\n<\/tr>\n<tr>\n<th id=\"attrTitle_23\"><strong>Speichen<\/strong><\/th>\n<td id=\"attrValue_23\">Niro 2,0 mm<\/td>\n<\/tr>\n<tr>\n<th id=\"attrTitle_24\"><strong>Zahnkr\u00e4nze<\/strong><\/th>\n<td id=\"attrValue_24\">Shimano Acera CS-HG200, 11-32 Z\u00e4hne<\/td>\n<\/tr>\n<tr>\n<th id=\"attrTitle_25\"><strong>Naben<\/strong><\/th>\n<td id=\"attrValue_25\">Parallax Aluminium, Parallax Aluminium<\/td>\n<\/tr>\n<tr>\n<th id=\"attrTitle_26\"><strong>Sattelst\u00fctze<\/strong><\/th>\n<td id=\"attrValue_26\">Humpert Ergotec Atar, patent, 27,2 mm, 300 mm<\/td>\n<\/tr>\n<tr>\n<th id=\"attrTitle_27\"><strong>St\u00e4nder<\/strong><\/th>\n<td id=\"attrValue_27\">Pletscher Comp Flex, Hinterbaust\u00e4nder<\/td>\n<\/tr>\n<tr>\n<th id=\"attrTitle_28\"><strong>Vorbau<\/strong><\/th>\n<td id=\"attrValue_28\">a-head, winkelverstellbar, Aluminium 31,8mm<\/td>\n<\/tr>\n<tr>\n<th id=\"attrTitle_29\"><strong>Kurbelsatz<\/strong><\/th>\n<td id=\"attrValue_29\">Miranda Aluminium, 170 mm<\/td>\n<\/tr>\n<tr>\n<th id=\"attrTitle_30\"><strong>Felgen<\/strong><\/th>\n<td id=\"attrValue_30\">Sch\u00fcrmann YAK19 Disc Aluminium Hohlkammer<\/td>\n<\/tr>\n<tr>\n<th id=\"attrTitle_31\"><strong>Sattel<\/strong><\/th>\n<td id=\"attrValue_31\">Selle Royal Rio<\/td>\n<\/tr>\n<tr>\n<th id=\"attrTitle_32\"><strong>R\u00fcckleuchte<\/strong><\/th>\n<td id=\"attrValue_32\">Hermans H-Trace, mit Standlicht<\/td>\n<\/tr>\n<tr>\n<th id=\"attrTitle_33\"><strong>Steuersatz<\/strong><\/th>\n<td id=\"attrValue_33\">Chin Haur, tapered 1 1\/8\u201d \u2013 1,5\u201d semi-integriert<\/td>\n<\/tr>\n<tr>\n<th id=\"attrTitle_34\"><strong>Gep\u00e4cktr\u00e4ger<\/strong><\/th>\n<td id=\"attrValue_34\">Aluminium, strebenlos, mit Federklappe<\/td>\n<\/tr>\n<tr>\n<th id=\"attrTitle_35\"><strong>Griffe<\/strong><\/th>\n<td id=\"attrValue_35\">Herrmans DD37, mit Schraubklemmung<\/td>\n<\/tr>\n<tr>\n<th id=\"attrTitle_36\"><strong>Display<\/strong><\/th>\n<td id=\"attrValue_36\">Purion<\/td>\n<\/tr>\n<tr>\n<th id=\"attrTitle_37\"><strong>Bremshebel<\/strong><\/th>\n<td id=\"attrValue_37\">Shimano Altus, 3-Finger Bremshebel<\/td>\n<\/tr>\n<tr>\n<th id=\"attrTitle_38\"><strong>Kette<\/strong><\/th>\n<td id=\"attrValue_38\">KMC E9 Sport EPT<\/td>\n<\/tr>\n<tr>\n<th id=\"attrTitle_39\"><strong>Akkuleistung (Wh)<\/strong><\/th>\n<td id=\"attrValue_39\">400<\/td>\n<\/tr>\n<tr>\n<th id=\"attrTitle_40\"><strong>Akku<\/strong><\/th>\n<td id=\"attrValue_40\">Bosch Rahmenakku semi-integriert, Lithium Ionen<\/td>\n<\/tr>\n<tr>\n<th id=\"attrTitle_41\"><strong>Modelljahr<\/strong><\/th>\n<td id=\"attrValue_41\">2022<\/td>\n<\/tr>\n<tr>\n<th id=\"attrTitle_42\"><strong>Kategorie<\/strong><\/th>\n<td id=\"attrValue_42\">E-Bikes \/ Pedelecs \/ Trekking\/Touren<\/td>\n<\/tr>\n<tr>\n<th id=\"attrTitle_43\"><strong>Zustand<\/strong><\/th>\n<td id=\"attrValue_43\">neu<\/td>\n<\/tr>\n<\/tbody>\n<\/table>\n<\/div>\n<\/div>\n<\/div>\n<\/div>","protected":false},"excerpt":{"rendered":"<p>Kreidler Vitality Eco 2 Sport schwarz matt Trekking Erlebnis plus E-Bike Fahrspa\u00df Kreidler Vitality Eco 2 F\u00fcr konstante Trittfrequenz, egal<\/p>","protected":false},"featured_media":62168,"comment_status":"open","ping_status":"closed","template":"","meta":{"_rtcl_gb_attr":""},"product_brand":[],"product_cat":[33,247,35],"product_tag":[],"class_list":{"0":"post-41463","1":"product","2":"type-product","3":"status-publish","4":"has-post-thumbnail","6":"product_cat-e-bike","7":"product_cat-e-bike-trekking","8":"product_cat-e-bikes-2022","9":"pa_marke-kreidler","11":"first","12":"instock","13":"sale","14":"taxable","15":"shipping-taxable","16":"purchasable","17":"product-type-variable"},"yoast_head":"<!-- This site is optimized with the Yoast SEO Premium plugin v20.12 (Yoast SEO v27.4) - https:\/\/yoast.com\/product\/yoast-seo-premium-wordpress\/ -->\n<title>Kreidler Vitality Eco 2 Sport schwarz matt<\/title>\n<meta name=\"description\" content=\"Entdecken Sie unseren Online-Fahrradladen: Gro\u00dfe Auswahl an Modellen f\u00fcr alle Radsportbegeisterten. Von Rennr\u00e4dern bis zu Mountainbikes - finden Sie heute Ihren perfekten Wegbegleiter!\" \/>\n<meta name=\"robots\" content=\"index, follow, max-snippet:-1, max-image-preview:large, max-video-preview:-1\" \/>\n<link rel=\"canonical\" href=\"https:\/\/cioelectro.com\/en\/produkt\/kreidler-vitality-eco-2-sport-schwarz-matt\/\" \/>\n<meta property=\"og:locale\" content=\"en_US\" \/>\n<meta property=\"og:type\" content=\"article\" \/>\n<meta property=\"og:title\" content=\"Kreidler Vitality Eco 2 Sport schwarz matt\" \/>\n<meta property=\"og:description\" content=\"Entdecken Sie unseren Online-Fahrradladen: Gro\u00dfe Auswahl an Modellen f\u00fcr alle Radsportbegeisterten. Von Rennr\u00e4dern bis zu Mountainbikes - finden Sie heute Ihren perfekten Wegbegleiter!\" \/>\n<meta property=\"og:url\" content=\"https:\/\/cioelectro.com\/en\/produkt\/kreidler-vitality-eco-2-sport-schwarz-matt\/\" \/>\n<meta property=\"og:site_name\" content=\"cioelectro.com\" \/>\n<meta property=\"article:modified_time\" content=\"2023-08-11T08:35:23+00:00\" \/>\n<meta property=\"og:image\" content=\"https:\/\/cioelectro.com\/wp-content\/uploads\/2023\/06\/Vitality_Eco2_Sport_Shimano_Alivio_9g_Dia_schwarz-matt.png\" \/>\n\t<meta property=\"og:image:width\" content=\"1920\" \/>\n\t<meta property=\"og:image:height\" content=\"1200\" \/>\n\t<meta property=\"og:image:type\" content=\"image\/png\" \/>\n<meta name=\"twitter:card\" content=\"summary_large_image\" \/>\n<meta name=\"twitter:label1\" content=\"Est. reading time\" \/>\n\t<meta name=\"twitter:data1\" content=\"2 minutes\" \/>\n<script type=\"application\/ld+json\" class=\"yoast-schema-graph\">{\"@context\":\"https:\\\/\\\/schema.org\",\"@graph\":[{\"@type\":\"WebPage\",\"@id\":\"https:\\\/\\\/cioelectro.com\\\/produkt\\\/kreidler-vitality-eco-2-sport-schwarz-matt\\\/\",\"url\":\"https:\\\/\\\/cioelectro.com\\\/produkt\\\/kreidler-vitality-eco-2-sport-schwarz-matt\\\/\",\"name\":\"Kreidler Vitality Eco 2 Sport schwarz matt\",\"isPartOf\":{\"@id\":\"https:\\\/\\\/cioelectro.com\\\/#website\"},\"primaryImageOfPage\":{\"@id\":\"https:\\\/\\\/cioelectro.com\\\/produkt\\\/kreidler-vitality-eco-2-sport-schwarz-matt\\\/#primaryimage\"},\"image\":{\"@id\":\"https:\\\/\\\/cioelectro.com\\\/produkt\\\/kreidler-vitality-eco-2-sport-schwarz-matt\\\/#primaryimage\"},\"thumbnailUrl\":\"https:\\\/\\\/cioelectro.com\\\/wp-content\\\/uploads\\\/2023\\\/06\\\/Vitality_Eco2_Sport_Shimano_Alivio_9g_Dia_schwarz-matt.png\",\"datePublished\":\"2022-11-16T15:00:12+00:00\",\"dateModified\":\"2023-08-11T08:35:23+00:00\",\"description\":\"Entdecken Sie unseren Online-Fahrradladen: Gro\u00dfe Auswahl an Modellen f\u00fcr alle Radsportbegeisterten. Von Rennr\u00e4dern bis zu Mountainbikes - finden Sie heute Ihren perfekten Wegbegleiter!\",\"breadcrumb\":{\"@id\":\"https:\\\/\\\/cioelectro.com\\\/produkt\\\/kreidler-vitality-eco-2-sport-schwarz-matt\\\/#breadcrumb\"},\"inLanguage\":\"en-US\",\"potentialAction\":[{\"@type\":\"ReadAction\",\"target\":[\"https:\\\/\\\/cioelectro.com\\\/produkt\\\/kreidler-vitality-eco-2-sport-schwarz-matt\\\/\"]}]},{\"@type\":\"ImageObject\",\"inLanguage\":\"en-US\",\"@id\":\"https:\\\/\\\/cioelectro.com\\\/produkt\\\/kreidler-vitality-eco-2-sport-schwarz-matt\\\/#primaryimage\",\"url\":\"https:\\\/\\\/cioelectro.com\\\/wp-content\\\/uploads\\\/2023\\\/06\\\/Vitality_Eco2_Sport_Shimano_Alivio_9g_Dia_schwarz-matt.png\",\"contentUrl\":\"https:\\\/\\\/cioelectro.com\\\/wp-content\\\/uploads\\\/2023\\\/06\\\/Vitality_Eco2_Sport_Shimano_Alivio_9g_Dia_schwarz-matt.png\",\"width\":1920,\"height\":1200,\"caption\":\"Kreidler Vitality Eco 2 Sport schwarz matt\"},{\"@type\":\"BreadcrumbList\",\"@id\":\"https:\\\/\\\/cioelectro.com\\\/produkt\\\/kreidler-vitality-eco-2-sport-schwarz-matt\\\/#breadcrumb\",\"itemListElement\":[{\"@type\":\"ListItem\",\"position\":1,\"name\":\"Startseite\",\"item\":\"https:\\\/\\\/cioelectro.com\\\/\"},{\"@type\":\"ListItem\",\"position\":2,\"name\":\"LADEN\",\"item\":\"https:\\\/\\\/cioelectro.com\\\/laden\\\/\"},{\"@type\":\"ListItem\",\"position\":3,\"name\":\"Kreidler Vitality Eco 2 Sport schwarz matt\"}]},{\"@type\":\"WebSite\",\"@id\":\"https:\\\/\\\/cioelectro.com\\\/#website\",\"url\":\"https:\\\/\\\/cioelectro.com\\\/\",\"name\":\"cioelectro.com\",\"description\":\"Treten Sie mit uns ins Abenteuer!\",\"publisher\":{\"@id\":\"https:\\\/\\\/cioelectro.com\\\/#organization\"},\"alternateName\":\"MEIN RADLADEN\",\"potentialAction\":[{\"@type\":\"SearchAction\",\"target\":{\"@type\":\"EntryPoint\",\"urlTemplate\":\"https:\\\/\\\/cioelectro.com\\\/?s={search_term_string}\"},\"query-input\":{\"@type\":\"PropertyValueSpecification\",\"valueRequired\":true,\"valueName\":\"search_term_string\"}}],\"inLanguage\":\"en-US\"},{\"@type\":\"Organization\",\"@id\":\"https:\\\/\\\/cioelectro.com\\\/#organization\",\"name\":\"CIOELECTRO\",\"alternateName\":\"MEIN RADLADEN\",\"url\":\"https:\\\/\\\/cioelectro.com\\\/\",\"logo\":{\"@type\":\"ImageObject\",\"inLanguage\":\"en-US\",\"@id\":\"https:\\\/\\\/cioelectro.com\\\/#\\\/schema\\\/logo\\\/image\\\/\",\"url\":\"https:\\\/\\\/cioelectro.com\\\/wp-content\\\/uploads\\\/2025\\\/12\\\/Logo-2-1200x800.png\",\"contentUrl\":\"https:\\\/\\\/cioelectro.com\\\/wp-content\\\/uploads\\\/2025\\\/12\\\/Logo-2-1200x800.png\",\"width\":1200,\"height\":800,\"caption\":\"CIOELECTRO\"},\"image\":{\"@id\":\"https:\\\/\\\/cioelectro.com\\\/#\\\/schema\\\/logo\\\/image\\\/\"}}]}<\/script>\n<!-- \/ Yoast SEO Premium plugin. -->","yoast_head_json":{"title":"Kreidler Vitality Eco 2 Sport schwarz matt","description":"Entdecken Sie unseren Online-Fahrradladen: Gro\u00dfe Auswahl an Modellen f\u00fcr alle Radsportbegeisterten. Von Rennr\u00e4dern bis zu Mountainbikes - finden Sie heute Ihren perfekten Wegbegleiter!","robots":{"index":"index","follow":"follow","max-snippet":"max-snippet:-1","max-image-preview":"max-image-preview:large","max-video-preview":"max-video-preview:-1"},"canonical":"https:\/\/cioelectro.com\/en\/produkt\/kreidler-vitality-eco-2-sport-schwarz-matt\/","og_locale":"en_US","og_type":"article","og_title":"Kreidler Vitality Eco 2 Sport schwarz matt","og_description":"Entdecken Sie unseren Online-Fahrradladen: Gro\u00dfe Auswahl an Modellen f\u00fcr alle Radsportbegeisterten. Von Rennr\u00e4dern bis zu Mountainbikes - finden Sie heute Ihren perfekten Wegbegleiter!","og_url":"https:\/\/cioelectro.com\/en\/produkt\/kreidler-vitality-eco-2-sport-schwarz-matt\/","og_site_name":"cioelectro.com","article_modified_time":"2023-08-11T08:35:23+00:00","og_image":[{"width":1920,"height":1200,"url":"https:\/\/cioelectro.com\/wp-content\/uploads\/2023\/06\/Vitality_Eco2_Sport_Shimano_Alivio_9g_Dia_schwarz-matt.png","type":"image\/png"}],"twitter_card":"summary_large_image","twitter_misc":{"Est. reading time":"2 minutes"},"schema":{"@context":"https:\/\/schema.org","@graph":[{"@type":"WebPage","@id":"https:\/\/cioelectro.com\/produkt\/kreidler-vitality-eco-2-sport-schwarz-matt\/","url":"https:\/\/cioelectro.com\/produkt\/kreidler-vitality-eco-2-sport-schwarz-matt\/","name":"Kreidler Vitality Eco 2 Sport schwarz matt","isPartOf":{"@id":"https:\/\/cioelectro.com\/#website"},"primaryImageOfPage":{"@id":"https:\/\/cioelectro.com\/produkt\/kreidler-vitality-eco-2-sport-schwarz-matt\/#primaryimage"},"image":{"@id":"https:\/\/cioelectro.com\/produkt\/kreidler-vitality-eco-2-sport-schwarz-matt\/#primaryimage"},"thumbnailUrl":"https:\/\/cioelectro.com\/wp-content\/uploads\/2023\/06\/Vitality_Eco2_Sport_Shimano_Alivio_9g_Dia_schwarz-matt.png","datePublished":"2022-11-16T15:00:12+00:00","dateModified":"2023-08-11T08:35:23+00:00","description":"Entdecken Sie unseren Online-Fahrradladen: Gro\u00dfe Auswahl an Modellen f\u00fcr alle Radsportbegeisterten. Von Rennr\u00e4dern bis zu Mountainbikes - finden Sie heute Ihren perfekten Wegbegleiter!","breadcrumb":{"@id":"https:\/\/cioelectro.com\/produkt\/kreidler-vitality-eco-2-sport-schwarz-matt\/#breadcrumb"},"inLanguage":"en-US","potentialAction":[{"@type":"ReadAction","target":["https:\/\/cioelectro.com\/produkt\/kreidler-vitality-eco-2-sport-schwarz-matt\/"]}]},{"@type":"ImageObject","inLanguage":"en-US","@id":"https:\/\/cioelectro.com\/produkt\/kreidler-vitality-eco-2-sport-schwarz-matt\/#primaryimage","url":"https:\/\/cioelectro.com\/wp-content\/uploads\/2023\/06\/Vitality_Eco2_Sport_Shimano_Alivio_9g_Dia_schwarz-matt.png","contentUrl":"https:\/\/cioelectro.com\/wp-content\/uploads\/2023\/06\/Vitality_Eco2_Sport_Shimano_Alivio_9g_Dia_schwarz-matt.png","width":1920,"height":1200,"caption":"Kreidler Vitality Eco 2 Sport schwarz matt"},{"@type":"BreadcrumbList","@id":"https:\/\/cioelectro.com\/produkt\/kreidler-vitality-eco-2-sport-schwarz-matt\/#breadcrumb","itemListElement":[{"@type":"ListItem","position":1,"name":"Startseite","item":"https:\/\/cioelectro.com\/"},{"@type":"ListItem","position":2,"name":"LADEN","item":"https:\/\/cioelectro.com\/laden\/"},{"@type":"ListItem","position":3,"name":"Kreidler Vitality Eco 2 Sport schwarz matt"}]},{"@type":"WebSite","@id":"https:\/\/cioelectro.com\/#website","url":"https:\/\/cioelectro.com\/","name":"cioelectro.com","description":"Treten Sie mit uns ins Abenteuer!","publisher":{"@id":"https:\/\/cioelectro.com\/#organization"},"alternateName":"MEIN RADLADEN","potentialAction":[{"@type":"SearchAction","target":{"@type":"EntryPoint","urlTemplate":"https:\/\/cioelectro.com\/?s={search_term_string}"},"query-input":{"@type":"PropertyValueSpecification","valueRequired":true,"valueName":"search_term_string"}}],"inLanguage":"en-US"},{"@type":"Organization","@id":"https:\/\/cioelectro.com\/#organization","name":"CIOELECTRO","alternateName":"MEIN RADLADEN","url":"https:\/\/cioelectro.com\/","logo":{"@type":"ImageObject","inLanguage":"en-US","@id":"https:\/\/cioelectro.com\/#\/schema\/logo\/image\/","url":"https:\/\/cioelectro.com\/wp-content\/uploads\/2025\/12\/Logo-2-1200x800.png","contentUrl":"https:\/\/cioelectro.com\/wp-content\/uploads\/2025\/12\/Logo-2-1200x800.png","width":1200,"height":800,"caption":"CIOELECTRO"},"image":{"@id":"https:\/\/cioelectro.com\/#\/schema\/logo\/image\/"}}]}},"_links":{"self":[{"href":"https:\/\/cioelectro.com\/en\/wp-json\/wp\/v2\/product\/41463","targetHints":{"allow":["GET"]}}],"collection":[{"href":"https:\/\/cioelectro.com\/en\/wp-json\/wp\/v2\/product"}],"about":[{"href":"https:\/\/cioelectro.com\/en\/wp-json\/wp\/v2\/types\/product"}],"replies":[{"embeddable":true,"href":"https:\/\/cioelectro.com\/en\/wp-json\/wp\/v2\/comments?post=41463"}],"version-history":[{"count":0,"href":"https:\/\/cioelectro.com\/en\/wp-json\/wp\/v2\/product\/41463\/revisions"}],"wp:featuredmedia":[{"embeddable":true,"href":"https:\/\/cioelectro.com\/en\/wp-json\/wp\/v2\/media\/62168"}],"wp:attachment":[{"href":"https:\/\/cioelectro.com\/en\/wp-json\/wp\/v2\/media?parent=41463"}],"wp:term":[{"taxonomy":"product_brand","embeddable":true,"href":"https:\/\/cioelectro.com\/en\/wp-json\/wp\/v2\/product_brand?post=41463"},{"taxonomy":"product_cat","embeddable":true,"href":"https:\/\/cioelectro.com\/en\/wp-json\/wp\/v2\/product_cat?post=41463"},{"taxonomy":"product_tag","embeddable":true,"href":"https:\/\/cioelectro.com\/en\/wp-json\/wp\/v2\/product_tag?post=41463"}],"curies":[{"name":"wp","href":"https:\/\/api.w.org\/{rel}","templated":true}]}}