{"id":41473,"date":"2022-11-17T14:39:47","date_gmt":"2022-11-17T13:39:47","guid":{"rendered":"https:\/\/meinradladen.com\/?post_type=product&#038;p=41473"},"modified":"2023-08-11T10:35:13","modified_gmt":"2023-08-11T08:35:13","slug":"ktm-macina-gran-620-us-2022","status":"publish","type":"product","link":"https:\/\/cioelectro.com\/en\/produkt\/ktm-macina-gran-620-us-2022\/","title":{"rendered":"KTM Macina Gran 620 US 2022"},"content":{"rendered":"<h2 class=\"tw-text-3xl tw-font-extrabold tw-tracking-tight tw-text-gray-900 lg:tw-pr-8 tw-flex\" data-testid=\"productName\">KTM Macina Gran 620 US<\/h2>\n<p>Das KTM Macina Belt ist das perfekte Verkehrsmittel im urbanen Bereich. Mit den E-Urban Modellen von KTM erlebst du deine Stadt ganz neu. Lebe den Fahrradkult, f\u00fchle dich frei, sei stylisch und immer zur richtigen Zeit am richtigen Ort. Ewige Staus und lange Parkplatzsuche waren gestern.<\/p>\n<p>Das Macina Gran ist der ideale Begleiter durch den st\u00e4dtischen Trubel und f\u00fcr das nahe Umland. Das Macina Gran ist bei uns in Diamant Rahmenformen f\u00fcr Herren oder in der unisex Tiefeinstiegs Rahmenform erh\u00e4ltlich und bietet eine hochwertige Ausstattung, breite Reifen, ordentlich Power und eine gewaltige Portion Style. Bei diesem Modell steht die Alltagstauglichkeit im Vordergrund, weshalb es mit Schutzblechen einer taghellen Busch&amp;M\u00fcller Lichtanlage und einem Racktime Gep\u00e4cktr\u00e4ger ausgestattet ist.<\/p>\n<p>Dank zus\u00e4tzlicher Strebe lassen sich ganz bequem wetterfeste Ortlieb\u00a0oder\u00a0Vaude\u00a0Taschen anbringen. Dir\u00a0geh\u00f6rt die Stadt und der Alltag.\u00a0Eine\u00a0Shimano MT420 4-Kolben Bremse sorgt jederzeit f\u00fcr zuverl\u00e4ssige Entschleunigung.<\/p>\n<h3>Die Kraft des Bosch Performance CX Motors<\/h3>\n<p>Der im Jahr 2020 vorgestellte Bosch Performance CX Motor der 4ten Generation ist auch 2022 das Ma\u00df der Dinge in Punkto E-Bike-Antriebstechnik. Kaum ein anderer Motor greift so harmonisch und kraftvoll in den Antrieb ein.\u00a0Neu im Jahr 2022 kommt der Tour+ Modus hinzu, der dir noch mehr Reichweite dank\u00a0progressiver Unterst\u00fctzung erm\u00f6glicht. Dieser ist auch per Update nachtr\u00e4glich\u00a0nachr\u00fcstbar.\u00a0Ein m\u00fchelos ablesbares Bosch\u00a0Intuvia\u00a0Display versorgt dich w\u00e4hrend der Fahrt mit allen wichtigen Informationen, zum Beispiel \u00fcber die gew\u00e4hlte Unterst\u00fctzungsstufe und die verbleibende Reichweite. Der elegant im Unterrohr versteckte PowerTube bringt dich mit satten 625 Wattstunden Kapazit\u00e4t immer ans Ziel.<\/p>\n<h3>Highlights<\/h3>\n<ul>\n<li>Brandneuer\u00a0Macina Rahmen<\/li>\n<li>Bosch Performance CX Gen4 Motor (85 Nm)<\/li>\n<li>Integrierter PowerTubeAkku mit 625-Wh-Ausdauer<\/li>\n<li>Zuverl\u00e4ssige Shimano Deore 10-Fach Schaltung<\/li>\n<li>Shimano\u00a04-Kolben-Scheibenbremsen\n<div class=\"tw-text-center\" data-v-2a2d1a6f=\"\">\n<h2 class=\"tw-text-2xl tw-font-extrabold tw-tracking-tight tw-text-gray-900\" data-v-2a2d1a6f=\"\">Zusatzinformation<\/h2>\n<\/div>\n<div class=\"tw-my-6 tw-mx-auto tw-max-w-prose\" data-v-2a2d1a6f=\"\">\n<table data-v-2a2d1a6f=\"\">\n<colgroup data-v-2a2d1a6f=\"\">\n<col width=\"28%\" data-v-2a2d1a6f=\"\" \/>\n<col data-v-2a2d1a6f=\"\" \/><\/colgroup>\n<tbody data-v-2a2d1a6f=\"\">\n<tr class=\"tw-border-b tw-border-gray-200\" data-v-2a2d1a6f=\"\">\n<th class=\"tw-text-left tw-text-base tw-font-bold tw-pt-3 sm:tw-py-3 tw-block tw-px-0 sm:tw-table-cell\">Fahrradtyp<\/th>\n<td class=\"tw-pt-1 tw-pb-3 tw-px-0 sm:tw-py-3 sm:tw-pl-6 tw-block sm:tw-table-cell\">City E-Bike<\/td>\n<\/tr>\n<tr class=\"tw-border-b tw-border-gray-200\" data-v-2a2d1a6f=\"\">\n<th class=\"tw-text-left tw-text-base tw-font-bold tw-pt-3 sm:tw-py-3 tw-block tw-px-0 sm:tw-table-cell\">EAN<\/th>\n<td class=\"tw-pt-1 tw-pb-3 tw-px-0 sm:tw-py-3 sm:tw-pl-6 tw-block sm:tw-table-cell\">9008594463547<\/td>\n<\/tr>\n<tr class=\"tw-border-b tw-border-gray-200\" data-v-2a2d1a6f=\"\">\n<th class=\"tw-text-left tw-text-base tw-font-bold tw-pt-3 sm:tw-py-3 tw-block tw-px-0 sm:tw-table-cell\">Hersteller<\/th>\n<td class=\"tw-pt-1 tw-pb-3 tw-px-0 sm:tw-py-3 sm:tw-pl-6 tw-block sm:tw-table-cell\">KTM<\/td>\n<\/tr>\n<tr class=\"tw-border-b tw-border-gray-200\" data-v-2a2d1a6f=\"\">\n<th class=\"tw-text-left tw-text-base tw-font-bold tw-pt-3 sm:tw-py-3 tw-block tw-px-0 sm:tw-table-cell\">Modelljahr<\/th>\n<td class=\"tw-pt-1 tw-pb-3 tw-px-0 sm:tw-py-3 sm:tw-pl-6 tw-block sm:tw-table-cell\">2022<\/td>\n<\/tr>\n<tr class=\"tw-border-b tw-border-gray-200\" data-v-2a2d1a6f=\"\">\n<th class=\"tw-text-left tw-text-base tw-font-bold tw-pt-3 sm:tw-py-3 tw-block tw-px-0 sm:tw-table-cell\">Farbe<\/th>\n<td class=\"tw-pt-1 tw-pb-3 tw-px-0 sm:tw-py-3 sm:tw-pl-6 tw-block sm:tw-table-cell\">machine grey (black+orange)<\/td>\n<\/tr>\n<tr class=\"tw-border-b tw-border-gray-200\" data-v-2a2d1a6f=\"\">\n<th class=\"tw-text-left tw-text-base tw-font-bold tw-pt-3 sm:tw-py-3 tw-block tw-px-0 sm:tw-table-cell\">Gewicht<\/th>\n<td class=\"tw-pt-1 tw-pb-3 tw-px-0 sm:tw-py-3 sm:tw-pl-6 tw-block sm:tw-table-cell\">26,8kg<\/td>\n<\/tr>\n<tr class=\"tw-border-b tw-border-gray-200\" data-v-2a2d1a6f=\"\">\n<th class=\"tw-text-left tw-text-base tw-font-bold tw-pt-3 sm:tw-py-3 tw-block tw-px-0 sm:tw-table-cell\">Reifengr\u00f6\u00dfe<\/th>\n<td class=\"tw-pt-1 tw-pb-3 tw-px-0 sm:tw-py-3 sm:tw-pl-6 tw-block sm:tw-table-cell\">29&#8221;<\/td>\n<\/tr>\n<tr class=\"tw-border-b tw-border-gray-200\" data-v-2a2d1a6f=\"\">\n<th class=\"tw-text-left tw-text-base tw-font-bold tw-pt-3 sm:tw-py-3 tw-block tw-px-0 sm:tw-table-cell\">Rahmen<\/th>\n<td class=\"tw-pt-1 tw-pb-3 tw-px-0 sm:tw-py-3 sm:tw-pl-6 tw-block sm:tw-table-cell\">Macina Trekking Onroad Alloy6061; PT625Wh Bosch Gen.4 \/ T-2450<\/td>\n<\/tr>\n<tr class=\"tw-border-b tw-border-gray-200\" data-v-2a2d1a6f=\"\">\n<th class=\"tw-text-left tw-text-base tw-font-bold tw-pt-3 sm:tw-py-3 tw-block tw-px-0 sm:tw-table-cell\">Rahmenform<\/th>\n<td class=\"tw-pt-1 tw-pb-3 tw-px-0 sm:tw-py-3 sm:tw-pl-6 tw-block sm:tw-table-cell\">Tiefeinsteiger<\/td>\n<\/tr>\n<tr class=\"tw-border-b tw-border-gray-200\" data-v-2a2d1a6f=\"\">\n<th class=\"tw-text-left tw-text-base tw-font-bold tw-pt-3 sm:tw-py-3 tw-block tw-px-0 sm:tw-table-cell\">Gabel<\/th>\n<td class=\"tw-pt-1 tw-pb-3 tw-px-0 sm:tw-py-3 sm:tw-pl-6 tw-block sm:tw-table-cell\">SunTour XCR 32 ATB coil 29&#8221; LO 80mm<\/td>\n<\/tr>\n<tr class=\"tw-border-b tw-border-gray-200\" data-v-2a2d1a6f=\"\">\n<th class=\"tw-text-left tw-text-base tw-font-bold tw-pt-3 sm:tw-py-3 tw-block tw-px-0 sm:tw-table-cell\">Anpassung &#8211; nur in Filiale<\/th>\n<td class=\"tw-pt-1 tw-pb-3 tw-px-0 sm:tw-py-3 sm:tw-pl-6 tw-block sm:tw-table-cell\">Anpassen der optimalen Sitzposition entsprechend deiner Anatomie<\/td>\n<\/tr>\n<tr class=\"tw-border-b tw-border-gray-200\" data-v-2a2d1a6f=\"\">\n<th class=\"tw-text-left tw-text-base tw-font-bold tw-pt-3 sm:tw-py-3 tw-block tw-px-0 sm:tw-table-cell\">Kassette<\/th>\n<td class=\"tw-pt-1 tw-pb-3 tw-px-0 sm:tw-py-3 sm:tw-pl-6 tw-block sm:tw-table-cell\">Shimano LG600-10 \/ 11-43<\/td>\n<\/tr>\n<tr class=\"tw-border-b tw-border-gray-200\" data-v-2a2d1a6f=\"\">\n<th class=\"tw-text-left tw-text-base tw-font-bold tw-pt-3 sm:tw-py-3 tw-block tw-px-0 sm:tw-table-cell\">Nabe vorn<\/th>\n<td class=\"tw-pt-1 tw-pb-3 tw-px-0 sm:tw-py-3 sm:tw-pl-6 tw-block sm:tw-table-cell\">Shimano Deore M6000 CL 32H 100-5QR<\/td>\n<\/tr>\n<tr class=\"tw-border-b tw-border-gray-200\" data-v-2a2d1a6f=\"\">\n<th class=\"tw-text-left tw-text-base tw-font-bold tw-pt-3 sm:tw-py-3 tw-block tw-px-0 sm:tw-table-cell\">Nabe hinten<\/th>\n<td class=\"tw-pt-1 tw-pb-3 tw-px-0 sm:tw-py-3 sm:tw-pl-6 tw-block sm:tw-table-cell\">Shimano Deore M6000 CL 32H 135-5QR<\/td>\n<\/tr>\n<tr class=\"tw-border-b tw-border-gray-200\" data-v-2a2d1a6f=\"\">\n<th class=\"tw-text-left tw-text-base tw-font-bold tw-pt-3 sm:tw-py-3 tw-block tw-px-0 sm:tw-table-cell\">Reifen<\/th>\n<td class=\"tw-pt-1 tw-pb-3 tw-px-0 sm:tw-py-3 sm:tw-pl-6 tw-block sm:tw-table-cell\">Schwalbe Al Grounder Perf. RaceGuard 60-622<\/td>\n<\/tr>\n<tr class=\"tw-border-b tw-border-gray-200\" data-v-2a2d1a6f=\"\">\n<th class=\"tw-text-left tw-text-base tw-font-bold tw-pt-3 sm:tw-py-3 tw-block tw-px-0 sm:tw-table-cell\">Schalthebel<\/th>\n<td class=\"tw-pt-1 tw-pb-3 tw-px-0 sm:tw-py-3 sm:tw-pl-6 tw-block sm:tw-table-cell\">Shimano Deore M5130-10 LG display<\/td>\n<\/tr>\n<tr class=\"tw-border-b tw-border-gray-200\" data-v-2a2d1a6f=\"\">\n<th class=\"tw-text-left tw-text-base tw-font-bold tw-pt-3 sm:tw-py-3 tw-block tw-px-0 sm:tw-table-cell\">Schaltwerk<\/th>\n<td class=\"tw-pt-1 tw-pb-3 tw-px-0 sm:tw-py-3 sm:tw-pl-6 tw-block sm:tw-table-cell\">Shimano Deore M5130-10 LG shadow+<\/td>\n<\/tr>\n<tr class=\"tw-border-b tw-border-gray-200\" data-v-2a2d1a6f=\"\">\n<th class=\"tw-text-left tw-text-base tw-font-bold tw-pt-3 sm:tw-py-3 tw-block tw-px-0 sm:tw-table-cell\">Kurbel<\/th>\n<td class=\"tw-pt-1 tw-pb-3 tw-px-0 sm:tw-py-3 sm:tw-pl-6 tw-block sm:tw-table-cell\">KTM COMP ISIS 170mm Q16<\/td>\n<\/tr>\n<tr class=\"tw-border-b tw-border-gray-200\" data-v-2a2d1a6f=\"\">\n<th class=\"tw-text-left tw-text-base tw-font-bold tw-pt-3 sm:tw-py-3 tw-block tw-px-0 sm:tw-table-cell\">Kette<\/th>\n<td class=\"tw-pt-1 tw-pb-3 tw-px-0 sm:tw-py-3 sm:tw-pl-6 tw-block sm:tw-table-cell\">Shimano LG500<\/td>\n<\/tr>\n<tr class=\"tw-border-b tw-border-gray-200\" data-v-2a2d1a6f=\"\">\n<th class=\"tw-text-left tw-text-base tw-font-bold tw-pt-3 sm:tw-py-3 tw-block tw-px-0 sm:tw-table-cell\">E-Motor<\/th>\n<td class=\"tw-pt-1 tw-pb-3 tw-px-0 sm:tw-py-3 sm:tw-pl-6 tw-block sm:tw-table-cell\">Bosch PERFORMANCE CX Gen.4 &#8211; 25km\/h \/ 85Nm<\/td>\n<\/tr>\n<tr class=\"tw-border-b tw-border-gray-200\" data-v-2a2d1a6f=\"\">\n<th class=\"tw-text-left tw-text-base tw-font-bold tw-pt-3 sm:tw-py-3 tw-block tw-px-0 sm:tw-table-cell\">Akku<\/th>\n<td class=\"tw-pt-1 tw-pb-3 tw-px-0 sm:tw-py-3 sm:tw-pl-6 tw-block sm:tw-table-cell\">Bosch PowerTUBE 625Wh hor.<\/td>\n<\/tr>\n<tr class=\"tw-border-b tw-border-gray-200\" data-v-2a2d1a6f=\"\">\n<th class=\"tw-text-left tw-text-base tw-font-bold tw-pt-3 sm:tw-py-3 tw-block tw-px-0 sm:tw-table-cell\">Display<\/th>\n<td class=\"tw-pt-1 tw-pb-3 tw-px-0 sm:tw-py-3 sm:tw-pl-6 tw-block sm:tw-table-cell\">Bosch INTUVIA LCD Display with Remote<\/td>\n<\/tr>\n<tr class=\"tw-border-b tw-border-gray-200\" data-v-2a2d1a6f=\"\">\n<th class=\"tw-text-left tw-text-base tw-font-bold tw-pt-3 sm:tw-py-3 tw-block tw-px-0 sm:tw-table-cell\">Ladeger\u00e4t<\/th>\n<td class=\"tw-pt-1 tw-pb-3 tw-px-0 sm:tw-py-3 sm:tw-pl-6 tw-block sm:tw-table-cell\">Bosch STANDARD Charger 4A<\/td>\n<\/tr>\n<tr class=\"tw-border-b tw-border-gray-200\" data-v-2a2d1a6f=\"\">\n<th class=\"tw-text-left tw-text-base tw-font-bold tw-pt-3 sm:tw-py-3 tw-block tw-px-0 sm:tw-table-cell\">Bremse<\/th>\n<td class=\"tw-pt-1 tw-pb-3 tw-px-0 sm:tw-py-3 sm:tw-pl-6 tw-block sm:tw-table-cell\">Shimano MT402 (3-F) \/ MT420 4-Piston, Shimano RT30 CL 180\/160 magnet<\/td>\n<\/tr>\n<tr class=\"tw-border-b tw-border-gray-200\" data-v-2a2d1a6f=\"\">\n<th class=\"tw-text-left tw-text-base tw-font-bold tw-pt-3 sm:tw-py-3 tw-block tw-px-0 sm:tw-table-cell\">Lenker<\/th>\n<td class=\"tw-pt-1 tw-pb-3 tw-px-0 sm:tw-py-3 sm:tw-pl-6 tw-block sm:tw-table-cell\">Ergotec Lady Town GH16 630mm<\/td>\n<\/tr>\n<tr class=\"tw-border-b tw-border-gray-200\" data-v-2a2d1a6f=\"\">\n<th class=\"tw-text-left tw-text-base tw-font-bold tw-pt-3 sm:tw-py-3 tw-block tw-px-0 sm:tw-table-cell\">Griffe<\/th>\n<td class=\"tw-pt-1 tw-pb-3 tw-px-0 sm:tw-py-3 sm:tw-pl-6 tw-block sm:tw-table-cell\">Ergon GP1 SD<\/td>\n<\/tr>\n<tr class=\"tw-border-b tw-border-gray-200\" data-v-2a2d1a6f=\"\">\n<th class=\"tw-text-left tw-text-base tw-font-bold tw-pt-3 sm:tw-py-3 tw-block tw-px-0 sm:tw-table-cell\">Vorbau<\/th>\n<td class=\"tw-pt-1 tw-pb-3 tw-px-0 sm:tw-py-3 sm:tw-pl-6 tw-block sm:tw-table-cell\">KTM Line UP3 adjust. 0-90\u00b0<\/td>\n<\/tr>\n<tr class=\"tw-border-b tw-border-gray-200\" data-v-2a2d1a6f=\"\">\n<th class=\"tw-text-left tw-text-base tw-font-bold tw-pt-3 sm:tw-py-3 tw-block tw-px-0 sm:tw-table-cell\">Steuersatz<\/th>\n<td class=\"tw-pt-1 tw-pb-3 tw-px-0 sm:tw-py-3 sm:tw-pl-6 tw-block sm:tw-table-cell\">KTM Team Trekking 1.1\/8&#8221;-1.5&#8221; angle limit<\/td>\n<\/tr>\n<tr class=\"tw-border-b tw-border-gray-200\" data-v-2a2d1a6f=\"\">\n<th class=\"tw-text-left tw-text-base tw-font-bold tw-pt-3 sm:tw-py-3 tw-block tw-px-0 sm:tw-table-cell\">Sattel<\/th>\n<td class=\"tw-pt-1 tw-pb-3 tw-px-0 sm:tw-py-3 sm:tw-pl-6 tw-block sm:tw-table-cell\">Selle Royal Lookin+<\/td>\n<\/tr>\n<tr class=\"tw-border-b tw-border-gray-200\" data-v-2a2d1a6f=\"\">\n<th class=\"tw-text-left tw-text-base tw-font-bold tw-pt-3 sm:tw-py-3 tw-block tw-px-0 sm:tw-table-cell\">Sattelst\u00fctze<\/th>\n<td class=\"tw-pt-1 tw-pb-3 tw-px-0 sm:tw-py-3 sm:tw-pl-6 tw-block sm:tw-table-cell\">KTM Line 30.9\/350<\/td>\n<\/tr>\n<tr class=\"tw-border-b tw-border-gray-200\" data-v-2a2d1a6f=\"\">\n<th class=\"tw-text-left tw-text-base tw-font-bold tw-pt-3 sm:tw-py-3 tw-block tw-px-0 sm:tw-table-cell\">Sattelklemme<\/th>\n<td class=\"tw-pt-1 tw-pb-3 tw-px-0 sm:tw-py-3 sm:tw-pl-6 tw-block sm:tw-table-cell\">KTM Line JD-SC99 &#8211; 34,9mm<\/td>\n<\/tr>\n<tr class=\"tw-border-b tw-border-gray-200\" data-v-2a2d1a6f=\"\">\n<th class=\"tw-text-left tw-text-base tw-font-bold tw-pt-3 sm:tw-py-3 tw-block tw-px-0 sm:tw-table-cell\">Scheinwerfer<\/th>\n<td class=\"tw-pt-1 tw-pb-3 tw-px-0 sm:tw-py-3 sm:tw-pl-6 tw-block sm:tw-table-cell\">B&amp;M Lumotec MYC LED 50Lux<\/td>\n<\/tr>\n<tr class=\"tw-border-b tw-border-gray-200\" data-v-2a2d1a6f=\"\">\n<th class=\"tw-text-left tw-text-base tw-font-bold tw-pt-3 sm:tw-py-3 tw-block tw-px-0 sm:tw-table-cell\">R\u00fccklicht<\/th>\n<td class=\"tw-pt-1 tw-pb-3 tw-px-0 sm:tw-py-3 sm:tw-pl-6 tw-block sm:tw-table-cell\">B&amp;M Toplight 2C LED<\/td>\n<\/tr>\n<tr class=\"tw-border-b tw-border-gray-200\" data-v-2a2d1a6f=\"\">\n<th class=\"tw-text-left tw-text-base tw-font-bold tw-pt-3 sm:tw-py-3 tw-block tw-px-0 sm:tw-table-cell\">Schutzbleche<\/th>\n<td class=\"tw-pt-1 tw-pb-3 tw-px-0 sm:tw-py-3 sm:tw-pl-6 tw-block sm:tw-table-cell\">SKS A69R 69mm black matt<\/td>\n<\/tr>\n<tr class=\"tw-border-b tw-border-gray-200\" data-v-2a2d1a6f=\"\">\n<th class=\"tw-text-left tw-text-base tw-font-bold tw-pt-3 sm:tw-py-3 tw-block tw-px-0 sm:tw-table-cell\">Gep\u00e4cktr\u00e4ger<\/th>\n<td class=\"tw-pt-1 tw-pb-3 tw-px-0 sm:tw-py-3 sm:tw-pl-6 tw-block sm:tw-table-cell\">KTM Racktime light (snap-it 1.0)<\/td>\n<\/tr>\n<tr class=\"tw-border-b tw-border-gray-200\" data-v-2a2d1a6f=\"\">\n<th class=\"tw-text-left tw-text-base tw-font-bold tw-pt-3 sm:tw-py-3 tw-block tw-px-0 sm:tw-table-cell\">St\u00e4nder<\/th>\n<td class=\"tw-pt-1 tw-pb-3 tw-px-0 sm:tw-py-3 sm:tw-pl-6 tw-block sm:tw-table-cell\">KTM 28&#8221; adjust<\/td>\n<\/tr>\n<tr class=\"tw-border-b tw-border-gray-200\" data-v-2a2d1a6f=\"\">\n<th class=\"tw-text-left tw-text-base tw-font-bold tw-pt-3 sm:tw-py-3 tw-block tw-px-0 sm:tw-table-cell\">Zul. Gesamtgewicht<\/th>\n<td class=\"tw-pt-1 tw-pb-3 tw-px-0 sm:tw-py-3 sm:tw-pl-6 tw-block sm:tw-table-cell\">146kg<\/td>\n<\/tr>\n<tr class=\"tw-border-b tw-border-gray-200\" data-v-2a2d1a6f=\"\">\n<th class=\"tw-text-left tw-text-base tw-font-bold tw-pt-3 sm:tw-py-3 tw-block tw-px-0 sm:tw-table-cell\">Anmerkung<\/th>\n<td class=\"tw-pt-1 tw-pb-3 tw-px-0 sm:tw-py-3 sm:tw-pl-6 tw-block sm:tw-table-cell\">Die Abbildung kann abweichen. Der Hersteller beh\u00e4lt es sich vor, bestimmte Komponenten durch qualitativ gleichwertige zu ersetzen.<\/td>\n<\/tr>\n<\/tbody>\n<\/table>\n<\/div>\n<\/li>\n<\/ul>","protected":false},"excerpt":{"rendered":"<p>KTM Macina Gran 620 US Das KTM Macina Belt ist das perfekte Verkehrsmittel im urbanen Bereich. Mit den E-Urban Modellen<\/p>","protected":false},"featured_media":62169,"comment_status":"open","ping_status":"closed","template":"","meta":{"_rtcl_gb_attr":""},"product_brand":[],"product_cat":[33,247,35],"product_tag":[],"class_list":{"0":"post-41473","1":"product","2":"type-product","3":"status-publish","4":"has-post-thumbnail","6":"product_cat-e-bike","7":"product_cat-e-bike-trekking","8":"product_cat-e-bikes-2022","9":"pa_marke-ktm","11":"first","12":"instock","13":"sale","14":"taxable","15":"shipping-taxable","16":"purchasable","17":"product-type-variable"},"yoast_head":"<!-- This site is optimized with the Yoast SEO Premium plugin v20.12 (Yoast SEO v27.4) - https:\/\/yoast.com\/product\/yoast-seo-premium-wordpress\/ -->\n<title>KTM Macina Gran 620 US 2022<\/title>\n<meta name=\"description\" content=\"cioelectro.com bietet Ihnen das KTM Macina Gran 620 US 2022 zum besten Preis mit kostenlosem Versand in ganz EuropaKTM MacinaKTM Macina\" \/>\n<meta name=\"robots\" content=\"index, follow, max-snippet:-1, max-image-preview:large, max-video-preview:-1\" \/>\n<link rel=\"canonical\" href=\"https:\/\/cioelectro.com\/en\/produkt\/ktm-macina-gran-620-us-2022\/\" \/>\n<meta property=\"og:locale\" content=\"en_US\" \/>\n<meta property=\"og:type\" content=\"article\" \/>\n<meta property=\"og:title\" content=\"KTM Macina Gran 620 US 2022\" \/>\n<meta property=\"og:description\" content=\"Entdecken Sie unseren Online-Fahrradladen: Gro\u00dfe Auswahl an Modellen f\u00fcr alle Radsportbegeisterten. Von Rennr\u00e4dern bis zu Mountainbikes - finden Sie heute Ihren perfekten Wegbegleiter!\" \/>\n<meta property=\"og:url\" content=\"https:\/\/cioelectro.com\/en\/produkt\/ktm-macina-gran-620-us-2022\/\" \/>\n<meta property=\"og:site_name\" content=\"cioelectro.com\" \/>\n<meta property=\"article:modified_time\" content=\"2023-08-11T08:35:13+00:00\" \/>\n<meta property=\"og:image\" content=\"https:\/\/cioelectro.com\/wp-content\/uploads\/2023\/06\/ktm-macina-gran-620-machine-grey-us-2022-1_11.jpg\" \/>\n\t<meta property=\"og:image:width\" content=\"1440\" \/>\n\t<meta property=\"og:image:height\" content=\"960\" \/>\n\t<meta property=\"og:image:type\" content=\"image\/jpeg\" \/>\n<meta name=\"twitter:card\" content=\"summary_large_image\" \/>\n<meta name=\"twitter:label1\" content=\"Est. reading time\" \/>\n\t<meta name=\"twitter:data1\" content=\"3 minutes\" \/>\n<script type=\"application\/ld+json\" class=\"yoast-schema-graph\">{\"@context\":\"https:\\\/\\\/schema.org\",\"@graph\":[{\"@type\":\"WebPage\",\"@id\":\"https:\\\/\\\/cioelectro.com\\\/produkt\\\/ktm-macina-gran-620-us-2022\\\/\",\"url\":\"https:\\\/\\\/cioelectro.com\\\/produkt\\\/ktm-macina-gran-620-us-2022\\\/\",\"name\":\"KTM Macina Gran 620 US 2022\",\"isPartOf\":{\"@id\":\"https:\\\/\\\/cioelectro.com\\\/#website\"},\"primaryImageOfPage\":{\"@id\":\"https:\\\/\\\/cioelectro.com\\\/produkt\\\/ktm-macina-gran-620-us-2022\\\/#primaryimage\"},\"image\":{\"@id\":\"https:\\\/\\\/cioelectro.com\\\/produkt\\\/ktm-macina-gran-620-us-2022\\\/#primaryimage\"},\"thumbnailUrl\":\"https:\\\/\\\/cioelectro.com\\\/wp-content\\\/uploads\\\/2023\\\/06\\\/ktm-macina-gran-620-machine-grey-us-2022-1_11.jpg\",\"datePublished\":\"2022-11-17T13:39:47+00:00\",\"dateModified\":\"2023-08-11T08:35:13+00:00\",\"description\":\"cioelectro.com bietet Ihnen das KTM Macina Gran 620 US 2022 zum besten Preis mit kostenlosem Versand in ganz EuropaKTM MacinaKTM Macina\",\"breadcrumb\":{\"@id\":\"https:\\\/\\\/cioelectro.com\\\/produkt\\\/ktm-macina-gran-620-us-2022\\\/#breadcrumb\"},\"inLanguage\":\"en-US\",\"potentialAction\":[{\"@type\":\"ReadAction\",\"target\":[\"https:\\\/\\\/cioelectro.com\\\/produkt\\\/ktm-macina-gran-620-us-2022\\\/\"]}]},{\"@type\":\"ImageObject\",\"inLanguage\":\"en-US\",\"@id\":\"https:\\\/\\\/cioelectro.com\\\/produkt\\\/ktm-macina-gran-620-us-2022\\\/#primaryimage\",\"url\":\"https:\\\/\\\/cioelectro.com\\\/wp-content\\\/uploads\\\/2023\\\/06\\\/ktm-macina-gran-620-machine-grey-us-2022-1_11.jpg\",\"contentUrl\":\"https:\\\/\\\/cioelectro.com\\\/wp-content\\\/uploads\\\/2023\\\/06\\\/ktm-macina-gran-620-machine-grey-us-2022-1_11.jpg\",\"width\":1440,\"height\":960,\"caption\":\"KTM Macina Gran 620 US\"},{\"@type\":\"BreadcrumbList\",\"@id\":\"https:\\\/\\\/cioelectro.com\\\/produkt\\\/ktm-macina-gran-620-us-2022\\\/#breadcrumb\",\"itemListElement\":[{\"@type\":\"ListItem\",\"position\":1,\"name\":\"Startseite\",\"item\":\"https:\\\/\\\/cioelectro.com\\\/\"},{\"@type\":\"ListItem\",\"position\":2,\"name\":\"LADEN\",\"item\":\"https:\\\/\\\/cioelectro.com\\\/laden\\\/\"},{\"@type\":\"ListItem\",\"position\":3,\"name\":\"KTM Macina Gran 620 US 2022\"}]},{\"@type\":\"WebSite\",\"@id\":\"https:\\\/\\\/cioelectro.com\\\/#website\",\"url\":\"https:\\\/\\\/cioelectro.com\\\/\",\"name\":\"cioelectro.com\",\"description\":\"Treten Sie mit uns ins Abenteuer!\",\"publisher\":{\"@id\":\"https:\\\/\\\/cioelectro.com\\\/#organization\"},\"alternateName\":\"MEIN RADLADEN\",\"potentialAction\":[{\"@type\":\"SearchAction\",\"target\":{\"@type\":\"EntryPoint\",\"urlTemplate\":\"https:\\\/\\\/cioelectro.com\\\/?s={search_term_string}\"},\"query-input\":{\"@type\":\"PropertyValueSpecification\",\"valueRequired\":true,\"valueName\":\"search_term_string\"}}],\"inLanguage\":\"en-US\"},{\"@type\":\"Organization\",\"@id\":\"https:\\\/\\\/cioelectro.com\\\/#organization\",\"name\":\"CIOELECTRO\",\"alternateName\":\"MEIN RADLADEN\",\"url\":\"https:\\\/\\\/cioelectro.com\\\/\",\"logo\":{\"@type\":\"ImageObject\",\"inLanguage\":\"en-US\",\"@id\":\"https:\\\/\\\/cioelectro.com\\\/#\\\/schema\\\/logo\\\/image\\\/\",\"url\":\"https:\\\/\\\/cioelectro.com\\\/wp-content\\\/uploads\\\/2025\\\/12\\\/Logo-2-1200x800.png\",\"contentUrl\":\"https:\\\/\\\/cioelectro.com\\\/wp-content\\\/uploads\\\/2025\\\/12\\\/Logo-2-1200x800.png\",\"width\":1200,\"height\":800,\"caption\":\"CIOELECTRO\"},\"image\":{\"@id\":\"https:\\\/\\\/cioelectro.com\\\/#\\\/schema\\\/logo\\\/image\\\/\"}}]}<\/script>\n<!-- \/ Yoast SEO Premium plugin. -->","yoast_head_json":{"title":"KTM Macina Gran 620 US 2022","description":"cioelectro.com bietet Ihnen das KTM Macina Gran 620 US 2022 zum besten Preis mit kostenlosem Versand in ganz EuropaKTM MacinaKTM Macina","robots":{"index":"index","follow":"follow","max-snippet":"max-snippet:-1","max-image-preview":"max-image-preview:large","max-video-preview":"max-video-preview:-1"},"canonical":"https:\/\/cioelectro.com\/en\/produkt\/ktm-macina-gran-620-us-2022\/","og_locale":"en_US","og_type":"article","og_title":"KTM Macina Gran 620 US 2022","og_description":"Entdecken Sie unseren Online-Fahrradladen: Gro\u00dfe Auswahl an Modellen f\u00fcr alle Radsportbegeisterten. Von Rennr\u00e4dern bis zu Mountainbikes - finden Sie heute Ihren perfekten Wegbegleiter!","og_url":"https:\/\/cioelectro.com\/en\/produkt\/ktm-macina-gran-620-us-2022\/","og_site_name":"cioelectro.com","article_modified_time":"2023-08-11T08:35:13+00:00","og_image":[{"width":1440,"height":960,"url":"https:\/\/cioelectro.com\/wp-content\/uploads\/2023\/06\/ktm-macina-gran-620-machine-grey-us-2022-1_11.jpg","type":"image\/jpeg"}],"twitter_card":"summary_large_image","twitter_misc":{"Est. reading time":"3 minutes"},"schema":{"@context":"https:\/\/schema.org","@graph":[{"@type":"WebPage","@id":"https:\/\/cioelectro.com\/produkt\/ktm-macina-gran-620-us-2022\/","url":"https:\/\/cioelectro.com\/produkt\/ktm-macina-gran-620-us-2022\/","name":"KTM Macina Gran 620 US 2022","isPartOf":{"@id":"https:\/\/cioelectro.com\/#website"},"primaryImageOfPage":{"@id":"https:\/\/cioelectro.com\/produkt\/ktm-macina-gran-620-us-2022\/#primaryimage"},"image":{"@id":"https:\/\/cioelectro.com\/produkt\/ktm-macina-gran-620-us-2022\/#primaryimage"},"thumbnailUrl":"https:\/\/cioelectro.com\/wp-content\/uploads\/2023\/06\/ktm-macina-gran-620-machine-grey-us-2022-1_11.jpg","datePublished":"2022-11-17T13:39:47+00:00","dateModified":"2023-08-11T08:35:13+00:00","description":"cioelectro.com bietet Ihnen das KTM Macina Gran 620 US 2022 zum besten Preis mit kostenlosem Versand in ganz EuropaKTM MacinaKTM Macina","breadcrumb":{"@id":"https:\/\/cioelectro.com\/produkt\/ktm-macina-gran-620-us-2022\/#breadcrumb"},"inLanguage":"en-US","potentialAction":[{"@type":"ReadAction","target":["https:\/\/cioelectro.com\/produkt\/ktm-macina-gran-620-us-2022\/"]}]},{"@type":"ImageObject","inLanguage":"en-US","@id":"https:\/\/cioelectro.com\/produkt\/ktm-macina-gran-620-us-2022\/#primaryimage","url":"https:\/\/cioelectro.com\/wp-content\/uploads\/2023\/06\/ktm-macina-gran-620-machine-grey-us-2022-1_11.jpg","contentUrl":"https:\/\/cioelectro.com\/wp-content\/uploads\/2023\/06\/ktm-macina-gran-620-machine-grey-us-2022-1_11.jpg","width":1440,"height":960,"caption":"KTM Macina Gran 620 US"},{"@type":"BreadcrumbList","@id":"https:\/\/cioelectro.com\/produkt\/ktm-macina-gran-620-us-2022\/#breadcrumb","itemListElement":[{"@type":"ListItem","position":1,"name":"Startseite","item":"https:\/\/cioelectro.com\/"},{"@type":"ListItem","position":2,"name":"LADEN","item":"https:\/\/cioelectro.com\/laden\/"},{"@type":"ListItem","position":3,"name":"KTM Macina Gran 620 US 2022"}]},{"@type":"WebSite","@id":"https:\/\/cioelectro.com\/#website","url":"https:\/\/cioelectro.com\/","name":"cioelectro.com","description":"Treten Sie mit uns ins Abenteuer!","publisher":{"@id":"https:\/\/cioelectro.com\/#organization"},"alternateName":"MEIN RADLADEN","potentialAction":[{"@type":"SearchAction","target":{"@type":"EntryPoint","urlTemplate":"https:\/\/cioelectro.com\/?s={search_term_string}"},"query-input":{"@type":"PropertyValueSpecification","valueRequired":true,"valueName":"search_term_string"}}],"inLanguage":"en-US"},{"@type":"Organization","@id":"https:\/\/cioelectro.com\/#organization","name":"CIOELECTRO","alternateName":"MEIN RADLADEN","url":"https:\/\/cioelectro.com\/","logo":{"@type":"ImageObject","inLanguage":"en-US","@id":"https:\/\/cioelectro.com\/#\/schema\/logo\/image\/","url":"https:\/\/cioelectro.com\/wp-content\/uploads\/2025\/12\/Logo-2-1200x800.png","contentUrl":"https:\/\/cioelectro.com\/wp-content\/uploads\/2025\/12\/Logo-2-1200x800.png","width":1200,"height":800,"caption":"CIOELECTRO"},"image":{"@id":"https:\/\/cioelectro.com\/#\/schema\/logo\/image\/"}}]}},"_links":{"self":[{"href":"https:\/\/cioelectro.com\/en\/wp-json\/wp\/v2\/product\/41473","targetHints":{"allow":["GET"]}}],"collection":[{"href":"https:\/\/cioelectro.com\/en\/wp-json\/wp\/v2\/product"}],"about":[{"href":"https:\/\/cioelectro.com\/en\/wp-json\/wp\/v2\/types\/product"}],"replies":[{"embeddable":true,"href":"https:\/\/cioelectro.com\/en\/wp-json\/wp\/v2\/comments?post=41473"}],"version-history":[{"count":0,"href":"https:\/\/cioelectro.com\/en\/wp-json\/wp\/v2\/product\/41473\/revisions"}],"wp:featuredmedia":[{"embeddable":true,"href":"https:\/\/cioelectro.com\/en\/wp-json\/wp\/v2\/media\/62169"}],"wp:attachment":[{"href":"https:\/\/cioelectro.com\/en\/wp-json\/wp\/v2\/media?parent=41473"}],"wp:term":[{"taxonomy":"product_brand","embeddable":true,"href":"https:\/\/cioelectro.com\/en\/wp-json\/wp\/v2\/product_brand?post=41473"},{"taxonomy":"product_cat","embeddable":true,"href":"https:\/\/cioelectro.com\/en\/wp-json\/wp\/v2\/product_cat?post=41473"},{"taxonomy":"product_tag","embeddable":true,"href":"https:\/\/cioelectro.com\/en\/wp-json\/wp\/v2\/product_tag?post=41473"}],"curies":[{"name":"wp","href":"https:\/\/api.w.org\/{rel}","templated":true}]}}