{"id":41779,"date":"2022-11-17T21:03:32","date_gmt":"2022-11-17T20:03:32","guid":{"rendered":"https:\/\/meinradladen.com\/?post_type=product&#038;p=41779"},"modified":"2023-08-11T10:12:46","modified_gmt":"2023-08-11T08:12:46","slug":"cannondale-tesoro-neo-sl-eq-250-wh-2022-28-zoll-diamant","status":"publish","type":"product","link":"https:\/\/cioelectro.com\/en\/produkt\/cannondale-tesoro-neo-sl-eq-250-wh-2022-28-zoll-diamant\/","title":{"rendered":"Cannondale Tesoro Neo SL EQ &#8211; 250 Wh &#8211; 2022 &#8211; 28 Zoll &#8211; Diamant"},"content":{"rendered":"<div class=\"col product-detail-name-container\">\n<h2 class=\"product-detail-name\">Cannondale Tesoro Neo SL EQ &#8211; 250 Wh &#8211; 2022 &#8211; 28 Zoll &#8211; Diamant<\/h2>\n<p>Tesoro Neo SL EQ Aber nat\u00fcrlich stimmt auch die Performance.<\/p>\n<p>Beim Tesoro Neo SL EQ ist es Cannondale gelungen, den gro\u00dfz\u00fcgigen 250 Wh Intube-Akku sch\u00f6n zu platzieren. Auch der kr\u00e4ftige Ebikemotion x35 Drive M1 Hinterradmotor findet elegant seinen Platz, so dass die Optik besonders gelungen wirkt. Zus\u00e4tzlich besticht das E-Trekkingrad mit einem formsch\u00f6nen Diamant Rahmen aus Aluminium. Ordentliche 40 Nm Drehmoment liefert das kleine Kraftpaket. Es geht also z\u00fcgig voran, auch dank der 28&#8243; Laufr\u00e4der. Herren, die schnell von A nach B kommen wollen, dabei aber eine gem\u00fctliche Geometrie bevorzugen, sind daher beim Tesoro Neo SL EQ absolut richtig.<\/p>\n<p>&nbsp;<\/p>\n<hr \/>\n<h3>Details<\/h3>\n<div>\n<table>\n<tbody>\n<tr>\n<td>Zul\u00e4ssiges Gewicht inkl. Fahrer und Zuladung<\/td>\n<td>150 kg<\/td>\n<\/tr>\n<tr>\n<td>Motor<\/td>\n<td>Ebikemotion X35 Hinterradmotor M1 250 Watt<\/td>\n<\/tr>\n<tr>\n<td>Display<\/td>\n<td>Mahle ebikemotion iWoc ONE integrierte Steuerung, iWoc Trio, Smartphone-App mit Intellimount-Vorbau<\/td>\n<\/tr>\n<tr>\n<td>Drehmoment in Nm<\/td>\n<td>40 Nm<\/td>\n<\/tr>\n<tr>\n<td>Motorposition<\/td>\n<td>Hinterradmotor<\/td>\n<\/tr>\n<tr>\n<td>Kette<\/td>\n<td>KMC E10T, 10-fach<\/td>\n<\/tr>\n<tr>\n<td>Schaltung<\/td>\n<td>10-Gang Kettenschaltung<\/td>\n<\/tr>\n<tr>\n<td>Schalthebel<\/td>\n<td>microSHIFT Advent X, 10-fach<\/td>\n<\/tr>\n<tr>\n<td>Schaltwerk<\/td>\n<td>microSHIFT Advent X, 10-fach<\/td>\n<\/tr>\n<tr>\n<td>Kassette<\/td>\n<td>microSHIFT, 11-48 Z\u00e4hne, 10-fach<\/td>\n<\/tr>\n<tr>\n<td>Kurbelgarnitur<\/td>\n<td>Prowheel, 38 Z\u00e4hne<\/td>\n<\/tr>\n<tr>\n<td>Schaltungscode<\/td>\n<td>10-Gang Kette<\/td>\n<\/tr>\n<tr>\n<td>Bremsen vorne<\/td>\n<td>Tektro M275, hydraulische Scheibenbremse<\/td>\n<\/tr>\n<tr>\n<td>Bremsen hinten<\/td>\n<td>Tektro M275, hydraulische Scheibenbremse<\/td>\n<\/tr>\n<tr>\n<td>Bremsscheibe<\/td>\n<td>160mm \/ 160mm;160mm \/ 160mm<\/td>\n<\/tr>\n<tr>\n<td>Gabel<\/td>\n<td>Full carbon, 12x100mm Steckachse, 1-1\/4&#8243; to 1-1\/8&#8243; tapered Steuerrohr, Flat mount Disc, Schutzblechhalterungen, 360\u00b0 Reflektivit\u00e4t<\/td>\n<\/tr>\n<tr>\n<td>Rahmen<\/td>\n<td>SmartForm C3 Aluminium, interner Akku, SAVE, tapered Steuerrohr, Straightshot verdeckte Kabelf\u00fchrung, Flat mount Disc, Gep\u00e4cktr\u00e4ger\/Schutzblechbefestigung, 360\u00b0 Reflektivit\u00e4t<\/td>\n<\/tr>\n<tr>\n<td>Rahmenform<\/td>\n<td>Diamant<\/td>\n<\/tr>\n<tr>\n<td>Griffe<\/td>\n<td>Cannondale Fitness Ergo Double Density<\/td>\n<\/tr>\n<tr>\n<td>Lenker<\/td>\n<td>Cannondale Riser, 6061 Aluminium, 18mm Erh\u00f6hung, 8\u00b0 backsweep, 4\u00b0 upsweep, 680mm<\/td>\n<\/tr>\n<tr>\n<td>Vorbau<\/td>\n<td>Cannondale 3 mit Intellimount, Aluminium, 31.8, 6\u00b0<\/td>\n<\/tr>\n<tr>\n<td>Sattelst\u00fctze<\/td>\n<td>6061 Aluminium, 31.6 x 350mm<\/td>\n<\/tr>\n<tr>\n<td>Sattel<\/td>\n<td>Cannondale Fitness Ergo Double Density<\/td>\n<\/tr>\n<tr>\n<td>Reifen (vorne)<\/td>\n<td>Vittoria Terreno Zero, 28&#215;1.35&#8243; (700x35c \/ 35-622)<\/td>\n<\/tr>\n<tr>\n<td>Reifen (hinten)<\/td>\n<td>Vittoria Terreno Zero, 28&#215;1.35&#8243; (700x35c \/ 35-622)<\/td>\n<\/tr>\n<tr>\n<td>Felgen<\/td>\n<td>Shining, 32-loch;Shining, 32-loch<\/td>\n<\/tr>\n<tr>\n<td>Speichen<\/td>\n<td>Stainless Steel (F) 14g \/ (R) 13g<\/td>\n<\/tr>\n<tr>\n<td>Pedale<\/td>\n<td>Cannondale Fitness<\/td>\n<\/tr>\n<tr>\n<td>Ladeger\u00e4t<\/td>\n<td>Mahle ebikemotion X35, 2A<\/td>\n<\/tr>\n<tr>\n<td>Steuersatz<\/td>\n<td>FSA Sealed Bearing, integriert, 1-1\/4&#8243;-1-1\/8&#8243;<\/td>\n<\/tr>\n<tr>\n<td>Beleuchtung vorn<\/td>\n<td>Herrmans H-Black MR8<\/td>\n<\/tr>\n<tr>\n<td>Beleuchtung hinten<\/td>\n<td>Herrmans H-trace<\/td>\n<\/tr>\n<tr>\n<td>Akku<\/td>\n<td>Mahle ebikemotion X35, 250Wh<\/td>\n<\/tr>\n<tr>\n<td>Schutzbleche<\/td>\n<td>Aluminium Schutzbleche<\/td>\n<\/tr>\n<tr>\n<td>Tretlager<\/td>\n<td>Cartridge, square taper<\/td>\n<\/tr>\n<tr>\n<td>Felge hinten<\/td>\n<td>Shining, 32-loch<\/td>\n<\/tr>\n<tr>\n<td>H\u00f6chstgeschwindigkeit<\/td>\n<td>25<\/td>\n<\/tr>\n<tr>\n<td>Ma\u00dfeinheit<\/td>\n<td>km\/h<\/td>\n<\/tr>\n<tr>\n<td>St\u00e4nder<\/td>\n<td>St\u00e4nder<\/td>\n<\/tr>\n<tr>\n<td>Gep\u00e4cktr\u00e4ger vorn<\/td>\n<td>Front-Gep\u00e4cktr\u00e4ger (max. 15kg)<\/td>\n<\/tr>\n<tr>\n<td>Akku entnehmbar<\/td>\n<td>ja<\/td>\n<\/tr>\n<tr>\n<td>Beleuchtung<\/td>\n<td>mit Beleuchtung<\/td>\n<\/tr>\n<tr>\n<td>E-Bike Motor Hersteller<\/td>\n<td>Ebikemotion<\/td>\n<\/tr>\n<tr>\n<td>E-Bike Zulassungspflichtig<\/td>\n<td>Nein<\/td>\n<\/tr>\n<tr>\n<td>Farbe<\/td>\n<td>Schwarz<\/td>\n<\/tr>\n<tr>\n<td>Federung<\/td>\n<td>Mit Starrgabel<\/td>\n<\/tr>\n<tr>\n<td>G\u00e4nge<\/td>\n<td>10 &#8211; G\u00e4nge<\/td>\n<\/tr>\n<tr>\n<td>Geschlecht<\/td>\n<td>Herren<\/td>\n<\/tr>\n<tr>\n<td>Marke<\/td>\n<td>Cannondale<\/td>\n<\/tr>\n<tr>\n<td>Radgr\u00f6\u00dfe<\/td>\n<td>28 Zoll<\/td>\n<\/tr>\n<tr>\n<td>Rahmenmaterial<\/td>\n<td>Aluminium<\/td>\n<\/tr>\n<tr>\n<td>Saison<\/td>\n<td>2022<\/td>\n<\/tr>\n<tr>\n<td>Schaltart<\/td>\n<td>Kettenschaltung<\/td>\n<\/tr>\n<\/tbody>\n<\/table>\n<\/div>\n<p>&nbsp;<\/p>\n<\/div>","protected":false},"excerpt":{"rendered":"<p>Cannondale Tesoro Neo SL EQ &#8211; 250 Wh &#8211; 2022 &#8211; 28 Zoll &#8211; Diamant Tesoro Neo SL EQ Aber<\/p>","protected":false},"featured_media":62281,"comment_status":"open","ping_status":"closed","template":"","meta":{"_rtcl_gb_attr":""},"product_brand":[],"product_cat":[33,247,35],"product_tag":[],"class_list":{"0":"post-41779","1":"product","2":"type-product","3":"status-publish","4":"has-post-thumbnail","6":"product_cat-e-bike","7":"product_cat-e-bike-trekking","8":"product_cat-e-bikes-2022","9":"pa_marke-bergamont","11":"first","12":"instock","13":"taxable","14":"shipping-taxable","15":"purchasable","16":"product-type-variable"},"yoast_head":"<!-- This site is optimized with the Yoast SEO Premium plugin v20.12 (Yoast SEO v27.4) - https:\/\/yoast.com\/product\/yoast-seo-premium-wordpress\/ -->\n<title>Cannondale Tesoro Neo SL EQ - 250 Wh - 2022 - 28 Zoll - Diamant<\/title>\n<meta name=\"description\" content=\"Entdecken Sie unseren Online-Fahrradladen: Gro\u00dfe Auswahl an Modellen f\u00fcr alle Radsportbegeisterten. Von Rennr\u00e4dern bis zu Mountainbikes - finden Sie heute Ihren perfekten Wegbegleiter!\" \/>\n<meta name=\"robots\" content=\"index, follow, max-snippet:-1, max-image-preview:large, max-video-preview:-1\" \/>\n<link rel=\"canonical\" href=\"https:\/\/cioelectro.com\/en\/produkt\/cannondale-tesoro-neo-sl-eq-250-wh-2022-28-zoll-diamant\/\" \/>\n<meta property=\"og:locale\" content=\"en_US\" \/>\n<meta property=\"og:type\" content=\"article\" \/>\n<meta property=\"og:title\" content=\"Cannondale Tesoro Neo SL EQ - 250 Wh - 2022 - 28 Zoll - Diamant\" \/>\n<meta property=\"og:description\" content=\"Entdecken Sie unseren Online-Fahrradladen: Gro\u00dfe Auswahl an Modellen f\u00fcr alle Radsportbegeisterten. Von Rennr\u00e4dern bis zu Mountainbikes - finden Sie heute Ihren perfekten Wegbegleiter!\" \/>\n<meta property=\"og:url\" content=\"https:\/\/cioelectro.com\/en\/produkt\/cannondale-tesoro-neo-sl-eq-250-wh-2022-28-zoll-diamant\/\" \/>\n<meta property=\"og:site_name\" content=\"cioelectro.com\" \/>\n<meta property=\"article:modified_time\" content=\"2023-08-11T08:12:46+00:00\" \/>\n<meta property=\"og:image\" content=\"https:\/\/cioelectro.com\/wp-content\/uploads\/2023\/06\/c359c2a64ff1408b8dcd667244e56085.jpg\" \/>\n\t<meta property=\"og:image:width\" content=\"1920\" \/>\n\t<meta property=\"og:image:height\" content=\"1280\" \/>\n\t<meta property=\"og:image:type\" content=\"image\/jpeg\" \/>\n<meta name=\"twitter:card\" content=\"summary_large_image\" \/>\n<meta name=\"twitter:label1\" content=\"Est. reading time\" \/>\n\t<meta name=\"twitter:data1\" content=\"3 minutes\" \/>\n<script type=\"application\/ld+json\" class=\"yoast-schema-graph\">{\"@context\":\"https:\\\/\\\/schema.org\",\"@graph\":[{\"@type\":\"WebPage\",\"@id\":\"https:\\\/\\\/cioelectro.com\\\/produkt\\\/cannondale-tesoro-neo-sl-eq-250-wh-2022-28-zoll-diamant\\\/\",\"url\":\"https:\\\/\\\/cioelectro.com\\\/produkt\\\/cannondale-tesoro-neo-sl-eq-250-wh-2022-28-zoll-diamant\\\/\",\"name\":\"Cannondale Tesoro Neo SL EQ - 250 Wh - 2022 - 28 Zoll - Diamant\",\"isPartOf\":{\"@id\":\"https:\\\/\\\/cioelectro.com\\\/#website\"},\"primaryImageOfPage\":{\"@id\":\"https:\\\/\\\/cioelectro.com\\\/produkt\\\/cannondale-tesoro-neo-sl-eq-250-wh-2022-28-zoll-diamant\\\/#primaryimage\"},\"image\":{\"@id\":\"https:\\\/\\\/cioelectro.com\\\/produkt\\\/cannondale-tesoro-neo-sl-eq-250-wh-2022-28-zoll-diamant\\\/#primaryimage\"},\"thumbnailUrl\":\"https:\\\/\\\/cioelectro.com\\\/wp-content\\\/uploads\\\/2023\\\/06\\\/c359c2a64ff1408b8dcd667244e56085.jpg\",\"datePublished\":\"2022-11-17T20:03:32+00:00\",\"dateModified\":\"2023-08-11T08:12:46+00:00\",\"description\":\"Entdecken Sie unseren Online-Fahrradladen: Gro\u00dfe Auswahl an Modellen f\u00fcr alle Radsportbegeisterten. Von Rennr\u00e4dern bis zu Mountainbikes - finden Sie heute Ihren perfekten Wegbegleiter!\",\"breadcrumb\":{\"@id\":\"https:\\\/\\\/cioelectro.com\\\/produkt\\\/cannondale-tesoro-neo-sl-eq-250-wh-2022-28-zoll-diamant\\\/#breadcrumb\"},\"inLanguage\":\"en-US\",\"potentialAction\":[{\"@type\":\"ReadAction\",\"target\":[\"https:\\\/\\\/cioelectro.com\\\/produkt\\\/cannondale-tesoro-neo-sl-eq-250-wh-2022-28-zoll-diamant\\\/\"]}]},{\"@type\":\"ImageObject\",\"inLanguage\":\"en-US\",\"@id\":\"https:\\\/\\\/cioelectro.com\\\/produkt\\\/cannondale-tesoro-neo-sl-eq-250-wh-2022-28-zoll-diamant\\\/#primaryimage\",\"url\":\"https:\\\/\\\/cioelectro.com\\\/wp-content\\\/uploads\\\/2023\\\/06\\\/c359c2a64ff1408b8dcd667244e56085.jpg\",\"contentUrl\":\"https:\\\/\\\/cioelectro.com\\\/wp-content\\\/uploads\\\/2023\\\/06\\\/c359c2a64ff1408b8dcd667244e56085.jpg\",\"width\":1920,\"height\":1280,\"caption\":\"Cannondale Tesoro Neo SL EQ - 250 Wh - 2022 - 28 Zoll - Diamant\"},{\"@type\":\"BreadcrumbList\",\"@id\":\"https:\\\/\\\/cioelectro.com\\\/produkt\\\/cannondale-tesoro-neo-sl-eq-250-wh-2022-28-zoll-diamant\\\/#breadcrumb\",\"itemListElement\":[{\"@type\":\"ListItem\",\"position\":1,\"name\":\"Startseite\",\"item\":\"https:\\\/\\\/cioelectro.com\\\/\"},{\"@type\":\"ListItem\",\"position\":2,\"name\":\"LADEN\",\"item\":\"https:\\\/\\\/cioelectro.com\\\/laden\\\/\"},{\"@type\":\"ListItem\",\"position\":3,\"name\":\"Cannondale Tesoro Neo SL EQ &#8211; 250 Wh &#8211; 2022 &#8211; 28 Zoll &#8211; Diamant\"}]},{\"@type\":\"WebSite\",\"@id\":\"https:\\\/\\\/cioelectro.com\\\/#website\",\"url\":\"https:\\\/\\\/cioelectro.com\\\/\",\"name\":\"cioelectro.com\",\"description\":\"Treten Sie mit uns ins Abenteuer!\",\"publisher\":{\"@id\":\"https:\\\/\\\/cioelectro.com\\\/#organization\"},\"alternateName\":\"MEIN RADLADEN\",\"potentialAction\":[{\"@type\":\"SearchAction\",\"target\":{\"@type\":\"EntryPoint\",\"urlTemplate\":\"https:\\\/\\\/cioelectro.com\\\/?s={search_term_string}\"},\"query-input\":{\"@type\":\"PropertyValueSpecification\",\"valueRequired\":true,\"valueName\":\"search_term_string\"}}],\"inLanguage\":\"en-US\"},{\"@type\":\"Organization\",\"@id\":\"https:\\\/\\\/cioelectro.com\\\/#organization\",\"name\":\"CIOELECTRO\",\"alternateName\":\"MEIN RADLADEN\",\"url\":\"https:\\\/\\\/cioelectro.com\\\/\",\"logo\":{\"@type\":\"ImageObject\",\"inLanguage\":\"en-US\",\"@id\":\"https:\\\/\\\/cioelectro.com\\\/#\\\/schema\\\/logo\\\/image\\\/\",\"url\":\"https:\\\/\\\/cioelectro.com\\\/wp-content\\\/uploads\\\/2025\\\/12\\\/Logo-2-1200x800.png\",\"contentUrl\":\"https:\\\/\\\/cioelectro.com\\\/wp-content\\\/uploads\\\/2025\\\/12\\\/Logo-2-1200x800.png\",\"width\":1200,\"height\":800,\"caption\":\"CIOELECTRO\"},\"image\":{\"@id\":\"https:\\\/\\\/cioelectro.com\\\/#\\\/schema\\\/logo\\\/image\\\/\"}}]}<\/script>\n<!-- \/ Yoast SEO Premium plugin. -->","yoast_head_json":{"title":"Cannondale Tesoro Neo SL EQ - 250 Wh - 2022 - 28 Zoll - Diamant","description":"Entdecken Sie unseren Online-Fahrradladen: Gro\u00dfe Auswahl an Modellen f\u00fcr alle Radsportbegeisterten. Von Rennr\u00e4dern bis zu Mountainbikes - finden Sie heute Ihren perfekten Wegbegleiter!","robots":{"index":"index","follow":"follow","max-snippet":"max-snippet:-1","max-image-preview":"max-image-preview:large","max-video-preview":"max-video-preview:-1"},"canonical":"https:\/\/cioelectro.com\/en\/produkt\/cannondale-tesoro-neo-sl-eq-250-wh-2022-28-zoll-diamant\/","og_locale":"en_US","og_type":"article","og_title":"Cannondale Tesoro Neo SL EQ - 250 Wh - 2022 - 28 Zoll - Diamant","og_description":"Entdecken Sie unseren Online-Fahrradladen: Gro\u00dfe Auswahl an Modellen f\u00fcr alle Radsportbegeisterten. Von Rennr\u00e4dern bis zu Mountainbikes - finden Sie heute Ihren perfekten Wegbegleiter!","og_url":"https:\/\/cioelectro.com\/en\/produkt\/cannondale-tesoro-neo-sl-eq-250-wh-2022-28-zoll-diamant\/","og_site_name":"cioelectro.com","article_modified_time":"2023-08-11T08:12:46+00:00","og_image":[{"width":1920,"height":1280,"url":"https:\/\/cioelectro.com\/wp-content\/uploads\/2023\/06\/c359c2a64ff1408b8dcd667244e56085.jpg","type":"image\/jpeg"}],"twitter_card":"summary_large_image","twitter_misc":{"Est. reading time":"3 minutes"},"schema":{"@context":"https:\/\/schema.org","@graph":[{"@type":"WebPage","@id":"https:\/\/cioelectro.com\/produkt\/cannondale-tesoro-neo-sl-eq-250-wh-2022-28-zoll-diamant\/","url":"https:\/\/cioelectro.com\/produkt\/cannondale-tesoro-neo-sl-eq-250-wh-2022-28-zoll-diamant\/","name":"Cannondale Tesoro Neo SL EQ - 250 Wh - 2022 - 28 Zoll - Diamant","isPartOf":{"@id":"https:\/\/cioelectro.com\/#website"},"primaryImageOfPage":{"@id":"https:\/\/cioelectro.com\/produkt\/cannondale-tesoro-neo-sl-eq-250-wh-2022-28-zoll-diamant\/#primaryimage"},"image":{"@id":"https:\/\/cioelectro.com\/produkt\/cannondale-tesoro-neo-sl-eq-250-wh-2022-28-zoll-diamant\/#primaryimage"},"thumbnailUrl":"https:\/\/cioelectro.com\/wp-content\/uploads\/2023\/06\/c359c2a64ff1408b8dcd667244e56085.jpg","datePublished":"2022-11-17T20:03:32+00:00","dateModified":"2023-08-11T08:12:46+00:00","description":"Entdecken Sie unseren Online-Fahrradladen: Gro\u00dfe Auswahl an Modellen f\u00fcr alle Radsportbegeisterten. Von Rennr\u00e4dern bis zu Mountainbikes - finden Sie heute Ihren perfekten Wegbegleiter!","breadcrumb":{"@id":"https:\/\/cioelectro.com\/produkt\/cannondale-tesoro-neo-sl-eq-250-wh-2022-28-zoll-diamant\/#breadcrumb"},"inLanguage":"en-US","potentialAction":[{"@type":"ReadAction","target":["https:\/\/cioelectro.com\/produkt\/cannondale-tesoro-neo-sl-eq-250-wh-2022-28-zoll-diamant\/"]}]},{"@type":"ImageObject","inLanguage":"en-US","@id":"https:\/\/cioelectro.com\/produkt\/cannondale-tesoro-neo-sl-eq-250-wh-2022-28-zoll-diamant\/#primaryimage","url":"https:\/\/cioelectro.com\/wp-content\/uploads\/2023\/06\/c359c2a64ff1408b8dcd667244e56085.jpg","contentUrl":"https:\/\/cioelectro.com\/wp-content\/uploads\/2023\/06\/c359c2a64ff1408b8dcd667244e56085.jpg","width":1920,"height":1280,"caption":"Cannondale Tesoro Neo SL EQ - 250 Wh - 2022 - 28 Zoll - Diamant"},{"@type":"BreadcrumbList","@id":"https:\/\/cioelectro.com\/produkt\/cannondale-tesoro-neo-sl-eq-250-wh-2022-28-zoll-diamant\/#breadcrumb","itemListElement":[{"@type":"ListItem","position":1,"name":"Startseite","item":"https:\/\/cioelectro.com\/"},{"@type":"ListItem","position":2,"name":"LADEN","item":"https:\/\/cioelectro.com\/laden\/"},{"@type":"ListItem","position":3,"name":"Cannondale Tesoro Neo SL EQ &#8211; 250 Wh &#8211; 2022 &#8211; 28 Zoll &#8211; Diamant"}]},{"@type":"WebSite","@id":"https:\/\/cioelectro.com\/#website","url":"https:\/\/cioelectro.com\/","name":"cioelectro.com","description":"Treten Sie mit uns ins Abenteuer!","publisher":{"@id":"https:\/\/cioelectro.com\/#organization"},"alternateName":"MEIN RADLADEN","potentialAction":[{"@type":"SearchAction","target":{"@type":"EntryPoint","urlTemplate":"https:\/\/cioelectro.com\/?s={search_term_string}"},"query-input":{"@type":"PropertyValueSpecification","valueRequired":true,"valueName":"search_term_string"}}],"inLanguage":"en-US"},{"@type":"Organization","@id":"https:\/\/cioelectro.com\/#organization","name":"CIOELECTRO","alternateName":"MEIN RADLADEN","url":"https:\/\/cioelectro.com\/","logo":{"@type":"ImageObject","inLanguage":"en-US","@id":"https:\/\/cioelectro.com\/#\/schema\/logo\/image\/","url":"https:\/\/cioelectro.com\/wp-content\/uploads\/2025\/12\/Logo-2-1200x800.png","contentUrl":"https:\/\/cioelectro.com\/wp-content\/uploads\/2025\/12\/Logo-2-1200x800.png","width":1200,"height":800,"caption":"CIOELECTRO"},"image":{"@id":"https:\/\/cioelectro.com\/#\/schema\/logo\/image\/"}}]}},"_links":{"self":[{"href":"https:\/\/cioelectro.com\/en\/wp-json\/wp\/v2\/product\/41779","targetHints":{"allow":["GET"]}}],"collection":[{"href":"https:\/\/cioelectro.com\/en\/wp-json\/wp\/v2\/product"}],"about":[{"href":"https:\/\/cioelectro.com\/en\/wp-json\/wp\/v2\/types\/product"}],"replies":[{"embeddable":true,"href":"https:\/\/cioelectro.com\/en\/wp-json\/wp\/v2\/comments?post=41779"}],"version-history":[{"count":0,"href":"https:\/\/cioelectro.com\/en\/wp-json\/wp\/v2\/product\/41779\/revisions"}],"wp:featuredmedia":[{"embeddable":true,"href":"https:\/\/cioelectro.com\/en\/wp-json\/wp\/v2\/media\/62281"}],"wp:attachment":[{"href":"https:\/\/cioelectro.com\/en\/wp-json\/wp\/v2\/media?parent=41779"}],"wp:term":[{"taxonomy":"product_brand","embeddable":true,"href":"https:\/\/cioelectro.com\/en\/wp-json\/wp\/v2\/product_brand?post=41779"},{"taxonomy":"product_cat","embeddable":true,"href":"https:\/\/cioelectro.com\/en\/wp-json\/wp\/v2\/product_cat?post=41779"},{"taxonomy":"product_tag","embeddable":true,"href":"https:\/\/cioelectro.com\/en\/wp-json\/wp\/v2\/product_tag?post=41779"}],"curies":[{"name":"wp","href":"https:\/\/api.w.org\/{rel}","templated":true}]}}