{"id":41860,"date":"2022-11-18T15:54:10","date_gmt":"2022-11-18T14:54:10","guid":{"rendered":"https:\/\/meinradladen.com\/?post_type=product&#038;p=41860"},"modified":"2023-08-11T10:11:27","modified_gmt":"2023-08-11T08:11:27","slug":"cube-axial-ws-gtc-pro-carbonncoral","status":"publish","type":"product","link":"https:\/\/cioelectro.com\/en\/produkt\/cube-axial-ws-gtc-pro-carbonncoral\/","title":{"rendered":"Cube Axial WS GTC Pro carbon\u00b4n\u00b4coral"},"content":{"rendered":"<h2 class=\"content--title\"><strong>Cube<\/strong>\u00a0Axial WS GTC Pro carbon\u00b4n\u00b4coral<\/h2>\n<div class=\"product--description\">\n<p>Das Axial WS GTC Pro ist ein Vollblut-Racer &#8211; leicht, schnell und komfortabel zu fahren. Verantwortlich daf\u00fcr ist unter anderem die legend\u00e4re Shimano 105 2&#215;11-Gruppe: eine Schaltung mit hoher \u00fcbersetzungsbandbreite und leistungsstarke hydraulische Scheibenbremsen, die das Bike unabh\u00e4ngig vom Wetter zuverl\u00e4ssig und sicher verz\u00f6gern.<\/p>\n<hr \/>\n<p><a href=\"https:\/\/www.cube.eu\/360\/529400\" target=\"_blank\" rel=\"noopener\"><img decoding=\"async\" title=\"360\u00b0\" src=\"https:\/\/cd.bike-discount.de\/media\/image\/3a\/ee\/83\/360.png\" alt=\"\" width=\"40\" height=\"39\" data-mid=\"729769\" data-src=\"media\/image\/360.png\" \/>360\u00b0-Ansicht \u00f6ffnen<\/a><\/p>\n<hr \/>\n<p>Und das alles per Fingerzeig vom Lenker aus. Das Kraftpaket perfekt machen griffige Continental Reifen, komfortabel konzipierte Kontaktpunkte und eine Vollcarbongabel. Fazit: der Komfort und die Performance von Carbon in Form einer Rennmaschine, die ihresgleichen sucht &#8211; wer nimmt die Herausforderung an?<\/p>\n<hr \/>\n<h3>RAHMEN Cube Axial WS GTC Pro carbon\u00b4n\u00b4coral<\/h3>\n<p>In unserem Twin Mold Monocoque Verfahren hergestellt, pr\u00e4sentiert sich der Axial WS GTC Rahmen als absolutes Meisterwerk im puncto cleane Carbonkonstruktion. Seine hohe Steifigkeit verdankt er den Oversized-Rohren des Hauptrahmens, die nicht nur die Lenkpr\u00e4zision, sondern auch die Kraft\u00fcbertragung von der Fahrerin aufs Hinterrad optimieren. Seine schlanken Sitzstreben arbeiten perfekt mit der Carbongabel zusammen &#8211; gemeinsam federn sie s\u00e4mtliche Unebenheiten auf der Stra\u00dfe souver\u00e4n ab. Ihrem Namen alle Ehre macht die Road Comfort Geometry, denn sie erm\u00f6glicht Racerinnen eine erstklassige, komfortable Sitzposition auf dem Bike &#8211; besonders wertvoll auf langen Distanzen. Das Ergebnis ist ein leichtes, pr\u00e4zises, bequemes &#8211; und pfeilschnelles &#8211; Chassis!<\/p>\n<h2>Ausstattung<\/h2>\n<div class=\"product--properties panel has--border\">\n<table class=\"product--properties-table\">\n<tbody>\n<tr class=\"product--properties-row row1\">\n<td class=\"product--properties-label is--bold\">Rahmen:<\/td>\n<td class=\"product--properties-value\">GTC Monocoque Twin Mold Technology, Flat Mount Disc, Road Comfort Geometry, AXH, 12x142mm<\/td>\n<\/tr>\n<tr class=\"product--properties-row row2\">\n<td class=\"product--properties-label is--bold\">Rahmenmaterial:<\/td>\n<td class=\"product--properties-value\">Carbon<\/td>\n<\/tr>\n<tr class=\"product--properties-row row3\">\n<td class=\"product--properties-label is--bold\">Laufradgr\u00f6\u00dfe:<\/td>\n<td class=\"product--properties-value\">28&#8243;<\/td>\n<\/tr>\n<tr class=\"product--properties-row row4\">\n<td class=\"product--properties-label is--bold\">Farbe:<\/td>\n<td class=\"product--properties-value\">carbon\u00b4n\u00b4coral<\/td>\n<\/tr>\n<tr class=\"product--properties-row row5\">\n<td class=\"product--properties-label is--bold\">Gabel:<\/td>\n<td class=\"product--properties-value\">CUBE CSL Race Disc, Full Carbon, 1 1\/8&#8243; &#8211; 1 1\/4&#8243; Tapered, Flat Mount, 12x100mm<\/td>\n<\/tr>\n<tr class=\"product--properties-row row6\">\n<td class=\"product--properties-label is--bold\">Bremsen:<\/td>\n<td class=\"product--properties-value\">Shimano 105 BR-R7070, Hydr. Disc Brake, Flat Mount (160\/160)<\/td>\n<\/tr>\n<tr class=\"product--properties-row row7\">\n<td class=\"product--properties-label is--bold\">Steuersatz:<\/td>\n<td class=\"product--properties-value\">VP I-t, Top Integrated 1 1\/8&#8243;, Bottom Integrated 1 1\/4&#8243;<\/td>\n<\/tr>\n<tr class=\"product--properties-row row8\">\n<td class=\"product--properties-label is--bold\">Vorbau:<\/td>\n<td class=\"product--properties-value\">CUBE Performance Stem SL, 31.8mm<\/td>\n<\/tr>\n<tr class=\"product--properties-row row9\">\n<td class=\"product--properties-label is--bold\">Lenker:<\/td>\n<td class=\"product--properties-value\">CUBE Compact Race Bar<\/td>\n<\/tr>\n<tr class=\"product--properties-row row10\">\n<td class=\"product--properties-label is--bold\">Griffe:<\/td>\n<td class=\"product--properties-value\">ACID Bartape RD<\/td>\n<\/tr>\n<tr class=\"product--properties-row row11\">\n<td class=\"product--properties-label is--bold\">Sattel:<\/td>\n<td class=\"product--properties-value\">Natural Fit Venec WS<\/td>\n<\/tr>\n<tr class=\"product--properties-row row12\">\n<td class=\"product--properties-label is--bold\">Sattelst\u00fctze:<\/td>\n<td class=\"product--properties-value\">CUBE Performance Post, 27.2mm<\/td>\n<\/tr>\n<tr class=\"product--properties-row row13\">\n<td class=\"product--properties-label is--bold\">Sattelklemme:<\/td>\n<td class=\"product--properties-value\">CUBE Screwlock, 31.8mm<\/td>\n<\/tr>\n<tr class=\"product--properties-row row14\">\n<td class=\"product--properties-label is--bold\">Kurbel:<\/td>\n<td class=\"product--properties-value\">Shimano FC-RS510, 50x34T<\/td>\n<\/tr>\n<tr class=\"product--properties-row row15\">\n<td class=\"product--properties-label is--bold\">Schaltwerk:<\/td>\n<td class=\"product--properties-value\">Shimano 105 RD-R7000-DGS, 11-Speed<\/td>\n<\/tr>\n<\/tbody>\n<\/table>\n<table class=\"product--properties-table\">\n<tbody>\n<tr class=\"product--properties-row row16\">\n<td class=\"product--properties-label is--bold\">Schalthebel:<\/td>\n<td class=\"product--properties-value\">Shimano 105 ST-R7025<\/td>\n<\/tr>\n<tr class=\"product--properties-row row17\">\n<td class=\"product--properties-label is--bold\">Umwerfer:<\/td>\n<td class=\"product--properties-value\">Shimano 105 FD-R7000, 31.8mm Clamp<\/td>\n<\/tr>\n<tr class=\"product--properties-row row18\">\n<td class=\"product--properties-label is--bold\">Kassette:<\/td>\n<td class=\"product--properties-value\">Shimano CS-R7000, 11-32T<\/td>\n<\/tr>\n<tr class=\"product--properties-row row19\">\n<td class=\"product--properties-label is--bold\">Kette:<\/td>\n<td class=\"product--properties-value\">Shimano CN-HG600-11<\/td>\n<\/tr>\n<tr class=\"product--properties-row row20\">\n<td class=\"product--properties-label is--bold\">Reifen:<\/td>\n<td class=\"product--properties-value\">Conti Grand Sport Race SL, 28-622<\/td>\n<\/tr>\n<tr class=\"product--properties-row row21\">\n<td class=\"product--properties-label is--bold\">Laufradsatz:<\/td>\n<td class=\"product--properties-value\">CUBE RA 1.9 Aero Disc, 12x100mm \/ 12x142mm<\/td>\n<\/tr>\n<tr class=\"product--properties-row row22\">\n<td class=\"product--properties-label is--bold\">Pedale:<\/td>\n<td class=\"product--properties-value\">nicht im Lieferumfang enthalten<\/td>\n<\/tr>\n<tr class=\"product--properties-row row23\">\n<td class=\"product--properties-label is--bold\">Zul\u00e4ssiges Gesamtgewicht:<\/td>\n<td class=\"product--properties-value\">115 kg (K\u00f6rpergewicht + Fahrrad + Ausr\u00fcstung)<\/td>\n<\/tr>\n<tr class=\"product--properties-row row24\">\n<td class=\"product--properties-label is--bold\">Gewicht Komplettrad:<\/td>\n<td class=\"product--properties-value\">ab 9,2 kg<\/td>\n<\/tr>\n<\/tbody>\n<\/table>\n<\/div>\n<\/div>","protected":false},"excerpt":{"rendered":"<div class=\"tab-menu--product js--tab-menu\">\n<div class=\"tab--container-list\">\n<div class=\"tab--container description has--content is--active\">\n<div class=\"tab--content box-description\">\n<div class=\"content--description\">\n<div class=\"ean-box\"><label>Modelljahr: <span style=\"font-size: 16px;\">2022<\/span><\/label><\/div>\n<\/div>\n<\/div>\n<\/div>\n<\/div>\n<\/div>\n<div id=\"detail--product-reviews\" class=\"content--product-reviews 123\"><\/div>","protected":false},"featured_media":62316,"comment_status":"open","ping_status":"closed","template":"","meta":{"_rtcl_gb_attr":""},"product_brand":[],"product_cat":[36,129],"product_tag":[],"class_list":{"0":"post-41860","1":"product","2":"type-product","3":"status-publish","4":"has-post-thumbnail","6":"product_cat-fahrrad","7":"product_cat-rennrad","8":"pa_marke-cube","10":"first","11":"instock","12":"sale","13":"taxable","14":"shipping-taxable","15":"purchasable","16":"product-type-variable"},"yoast_head":"<!-- This site is optimized with the Yoast SEO Premium plugin v20.12 (Yoast SEO v27.4) - https:\/\/yoast.com\/product\/yoast-seo-premium-wordpress\/ -->\n<title>Cube Axial WS GTC Pro carbon\u00b4n\u00b4coral<\/title>\n<meta name=\"description\" content=\"cioelectro.com bietet Ihnen das Cube Axial WS GTC Pro carbon\u00b4n\u00b4coral zum besten Preis mit kostenlosem Versand in ganz EuropaAxial WS GTC ProAxial WS GTC Pro\" \/>\n<meta name=\"robots\" content=\"index, follow, max-snippet:-1, max-image-preview:large, max-video-preview:-1\" \/>\n<link rel=\"canonical\" href=\"https:\/\/cioelectro.com\/en\/produkt\/cube-axial-ws-gtc-pro-carbonncoral\/\" \/>\n<meta property=\"og:locale\" content=\"en_US\" \/>\n<meta property=\"og:type\" content=\"article\" \/>\n<meta property=\"og:title\" content=\"Cube Axial WS GTC Pro carbon\u00b4n\u00b4coral\" \/>\n<meta property=\"og:description\" content=\"Entdecken Sie unseren Online-Fahrradladen: Gro\u00dfe Auswahl an Modellen f\u00fcr alle Radsportbegeisterten. Von Rennr\u00e4dern bis zu Mountainbikes - finden Sie heute Ihren perfekten Wegbegleiter!\" \/>\n<meta property=\"og:url\" content=\"https:\/\/cioelectro.com\/en\/produkt\/cube-axial-ws-gtc-pro-carbonncoral\/\" \/>\n<meta property=\"og:site_name\" content=\"cioelectro.com\" \/>\n<meta property=\"article:modified_time\" content=\"2023-08-11T08:11:27+00:00\" \/>\n<meta property=\"og:image\" content=\"https:\/\/cioelectro.com\/wp-content\/uploads\/2023\/06\/Cube-Axial-WS-GTC-Pro-carbon\u00b4n\u00b4coral.jpg\" \/>\n\t<meta property=\"og:image:width\" content=\"1000\" \/>\n\t<meta property=\"og:image:height\" content=\"585\" \/>\n\t<meta property=\"og:image:type\" content=\"image\/jpeg\" \/>\n<meta name=\"twitter:card\" content=\"summary_large_image\" \/>\n<meta name=\"twitter:label1\" content=\"Est. reading time\" \/>\n\t<meta name=\"twitter:data1\" content=\"3 minutes\" \/>\n<script type=\"application\/ld+json\" class=\"yoast-schema-graph\">{\"@context\":\"https:\\\/\\\/schema.org\",\"@graph\":[{\"@type\":\"WebPage\",\"@id\":\"https:\\\/\\\/cioelectro.com\\\/produkt\\\/cube-axial-ws-gtc-pro-carbonncoral\\\/\",\"url\":\"https:\\\/\\\/cioelectro.com\\\/produkt\\\/cube-axial-ws-gtc-pro-carbonncoral\\\/\",\"name\":\"Cube Axial WS GTC Pro carbon\u00b4n\u00b4coral\",\"isPartOf\":{\"@id\":\"https:\\\/\\\/cioelectro.com\\\/#website\"},\"primaryImageOfPage\":{\"@id\":\"https:\\\/\\\/cioelectro.com\\\/produkt\\\/cube-axial-ws-gtc-pro-carbonncoral\\\/#primaryimage\"},\"image\":{\"@id\":\"https:\\\/\\\/cioelectro.com\\\/produkt\\\/cube-axial-ws-gtc-pro-carbonncoral\\\/#primaryimage\"},\"thumbnailUrl\":\"https:\\\/\\\/cioelectro.com\\\/wp-content\\\/uploads\\\/2023\\\/06\\\/Cube-Axial-WS-GTC-Pro-carbon\u00b4n\u00b4coral.jpg\",\"datePublished\":\"2022-11-18T14:54:10+00:00\",\"dateModified\":\"2023-08-11T08:11:27+00:00\",\"description\":\"cioelectro.com bietet Ihnen das Cube Axial WS GTC Pro carbon\u00b4n\u00b4coral zum besten Preis mit kostenlosem Versand in ganz EuropaAxial WS GTC ProAxial WS GTC Pro\",\"breadcrumb\":{\"@id\":\"https:\\\/\\\/cioelectro.com\\\/produkt\\\/cube-axial-ws-gtc-pro-carbonncoral\\\/#breadcrumb\"},\"inLanguage\":\"en-US\",\"potentialAction\":[{\"@type\":\"ReadAction\",\"target\":[\"https:\\\/\\\/cioelectro.com\\\/produkt\\\/cube-axial-ws-gtc-pro-carbonncoral\\\/\"]}]},{\"@type\":\"ImageObject\",\"inLanguage\":\"en-US\",\"@id\":\"https:\\\/\\\/cioelectro.com\\\/produkt\\\/cube-axial-ws-gtc-pro-carbonncoral\\\/#primaryimage\",\"url\":\"https:\\\/\\\/cioelectro.com\\\/wp-content\\\/uploads\\\/2023\\\/06\\\/Cube-Axial-WS-GTC-Pro-carbon\u00b4n\u00b4coral.jpg\",\"contentUrl\":\"https:\\\/\\\/cioelectro.com\\\/wp-content\\\/uploads\\\/2023\\\/06\\\/Cube-Axial-WS-GTC-Pro-carbon\u00b4n\u00b4coral.jpg\",\"width\":1000,\"height\":585,\"caption\":\"Cube Axial WS GTC Pro carbon\u00b4n\u00b4coral\"},{\"@type\":\"BreadcrumbList\",\"@id\":\"https:\\\/\\\/cioelectro.com\\\/produkt\\\/cube-axial-ws-gtc-pro-carbonncoral\\\/#breadcrumb\",\"itemListElement\":[{\"@type\":\"ListItem\",\"position\":1,\"name\":\"Startseite\",\"item\":\"https:\\\/\\\/cioelectro.com\\\/\"},{\"@type\":\"ListItem\",\"position\":2,\"name\":\"LADEN\",\"item\":\"https:\\\/\\\/cioelectro.com\\\/laden\\\/\"},{\"@type\":\"ListItem\",\"position\":3,\"name\":\"Cube Axial WS GTC Pro carbon\u00b4n\u00b4coral\"}]},{\"@type\":\"WebSite\",\"@id\":\"https:\\\/\\\/cioelectro.com\\\/#website\",\"url\":\"https:\\\/\\\/cioelectro.com\\\/\",\"name\":\"cioelectro.com\",\"description\":\"Treten Sie mit uns ins Abenteuer!\",\"publisher\":{\"@id\":\"https:\\\/\\\/cioelectro.com\\\/#organization\"},\"alternateName\":\"MEIN RADLADEN\",\"potentialAction\":[{\"@type\":\"SearchAction\",\"target\":{\"@type\":\"EntryPoint\",\"urlTemplate\":\"https:\\\/\\\/cioelectro.com\\\/?s={search_term_string}\"},\"query-input\":{\"@type\":\"PropertyValueSpecification\",\"valueRequired\":true,\"valueName\":\"search_term_string\"}}],\"inLanguage\":\"en-US\"},{\"@type\":\"Organization\",\"@id\":\"https:\\\/\\\/cioelectro.com\\\/#organization\",\"name\":\"CIOELECTRO\",\"alternateName\":\"MEIN RADLADEN\",\"url\":\"https:\\\/\\\/cioelectro.com\\\/\",\"logo\":{\"@type\":\"ImageObject\",\"inLanguage\":\"en-US\",\"@id\":\"https:\\\/\\\/cioelectro.com\\\/#\\\/schema\\\/logo\\\/image\\\/\",\"url\":\"https:\\\/\\\/cioelectro.com\\\/wp-content\\\/uploads\\\/2025\\\/12\\\/Logo-2-1200x800.png\",\"contentUrl\":\"https:\\\/\\\/cioelectro.com\\\/wp-content\\\/uploads\\\/2025\\\/12\\\/Logo-2-1200x800.png\",\"width\":1200,\"height\":800,\"caption\":\"CIOELECTRO\"},\"image\":{\"@id\":\"https:\\\/\\\/cioelectro.com\\\/#\\\/schema\\\/logo\\\/image\\\/\"}}]}<\/script>\n<!-- \/ Yoast SEO Premium plugin. -->","yoast_head_json":{"title":"Cube Axial WS GTC Pro carbon\u00b4n\u00b4coral","description":"cioelectro.com bietet Ihnen das Cube Axial WS GTC Pro carbon\u00b4n\u00b4coral zum besten Preis mit kostenlosem Versand in ganz EuropaAxial WS GTC ProAxial WS GTC Pro","robots":{"index":"index","follow":"follow","max-snippet":"max-snippet:-1","max-image-preview":"max-image-preview:large","max-video-preview":"max-video-preview:-1"},"canonical":"https:\/\/cioelectro.com\/en\/produkt\/cube-axial-ws-gtc-pro-carbonncoral\/","og_locale":"en_US","og_type":"article","og_title":"Cube Axial WS GTC Pro carbon\u00b4n\u00b4coral","og_description":"Entdecken Sie unseren Online-Fahrradladen: Gro\u00dfe Auswahl an Modellen f\u00fcr alle Radsportbegeisterten. Von Rennr\u00e4dern bis zu Mountainbikes - finden Sie heute Ihren perfekten Wegbegleiter!","og_url":"https:\/\/cioelectro.com\/en\/produkt\/cube-axial-ws-gtc-pro-carbonncoral\/","og_site_name":"cioelectro.com","article_modified_time":"2023-08-11T08:11:27+00:00","og_image":[{"width":1000,"height":585,"url":"https:\/\/cioelectro.com\/wp-content\/uploads\/2023\/06\/Cube-Axial-WS-GTC-Pro-carbon\u00b4n\u00b4coral.jpg","type":"image\/jpeg"}],"twitter_card":"summary_large_image","twitter_misc":{"Est. reading time":"3 minutes"},"schema":{"@context":"https:\/\/schema.org","@graph":[{"@type":"WebPage","@id":"https:\/\/cioelectro.com\/produkt\/cube-axial-ws-gtc-pro-carbonncoral\/","url":"https:\/\/cioelectro.com\/produkt\/cube-axial-ws-gtc-pro-carbonncoral\/","name":"Cube Axial WS GTC Pro carbon\u00b4n\u00b4coral","isPartOf":{"@id":"https:\/\/cioelectro.com\/#website"},"primaryImageOfPage":{"@id":"https:\/\/cioelectro.com\/produkt\/cube-axial-ws-gtc-pro-carbonncoral\/#primaryimage"},"image":{"@id":"https:\/\/cioelectro.com\/produkt\/cube-axial-ws-gtc-pro-carbonncoral\/#primaryimage"},"thumbnailUrl":"https:\/\/cioelectro.com\/wp-content\/uploads\/2023\/06\/Cube-Axial-WS-GTC-Pro-carbon\u00b4n\u00b4coral.jpg","datePublished":"2022-11-18T14:54:10+00:00","dateModified":"2023-08-11T08:11:27+00:00","description":"cioelectro.com bietet Ihnen das Cube Axial WS GTC Pro carbon\u00b4n\u00b4coral zum besten Preis mit kostenlosem Versand in ganz EuropaAxial WS GTC ProAxial WS GTC Pro","breadcrumb":{"@id":"https:\/\/cioelectro.com\/produkt\/cube-axial-ws-gtc-pro-carbonncoral\/#breadcrumb"},"inLanguage":"en-US","potentialAction":[{"@type":"ReadAction","target":["https:\/\/cioelectro.com\/produkt\/cube-axial-ws-gtc-pro-carbonncoral\/"]}]},{"@type":"ImageObject","inLanguage":"en-US","@id":"https:\/\/cioelectro.com\/produkt\/cube-axial-ws-gtc-pro-carbonncoral\/#primaryimage","url":"https:\/\/cioelectro.com\/wp-content\/uploads\/2023\/06\/Cube-Axial-WS-GTC-Pro-carbon\u00b4n\u00b4coral.jpg","contentUrl":"https:\/\/cioelectro.com\/wp-content\/uploads\/2023\/06\/Cube-Axial-WS-GTC-Pro-carbon\u00b4n\u00b4coral.jpg","width":1000,"height":585,"caption":"Cube Axial WS GTC Pro carbon\u00b4n\u00b4coral"},{"@type":"BreadcrumbList","@id":"https:\/\/cioelectro.com\/produkt\/cube-axial-ws-gtc-pro-carbonncoral\/#breadcrumb","itemListElement":[{"@type":"ListItem","position":1,"name":"Startseite","item":"https:\/\/cioelectro.com\/"},{"@type":"ListItem","position":2,"name":"LADEN","item":"https:\/\/cioelectro.com\/laden\/"},{"@type":"ListItem","position":3,"name":"Cube Axial WS GTC Pro carbon\u00b4n\u00b4coral"}]},{"@type":"WebSite","@id":"https:\/\/cioelectro.com\/#website","url":"https:\/\/cioelectro.com\/","name":"cioelectro.com","description":"Treten Sie mit uns ins Abenteuer!","publisher":{"@id":"https:\/\/cioelectro.com\/#organization"},"alternateName":"MEIN RADLADEN","potentialAction":[{"@type":"SearchAction","target":{"@type":"EntryPoint","urlTemplate":"https:\/\/cioelectro.com\/?s={search_term_string}"},"query-input":{"@type":"PropertyValueSpecification","valueRequired":true,"valueName":"search_term_string"}}],"inLanguage":"en-US"},{"@type":"Organization","@id":"https:\/\/cioelectro.com\/#organization","name":"CIOELECTRO","alternateName":"MEIN RADLADEN","url":"https:\/\/cioelectro.com\/","logo":{"@type":"ImageObject","inLanguage":"en-US","@id":"https:\/\/cioelectro.com\/#\/schema\/logo\/image\/","url":"https:\/\/cioelectro.com\/wp-content\/uploads\/2025\/12\/Logo-2-1200x800.png","contentUrl":"https:\/\/cioelectro.com\/wp-content\/uploads\/2025\/12\/Logo-2-1200x800.png","width":1200,"height":800,"caption":"CIOELECTRO"},"image":{"@id":"https:\/\/cioelectro.com\/#\/schema\/logo\/image\/"}}]}},"_links":{"self":[{"href":"https:\/\/cioelectro.com\/en\/wp-json\/wp\/v2\/product\/41860","targetHints":{"allow":["GET"]}}],"collection":[{"href":"https:\/\/cioelectro.com\/en\/wp-json\/wp\/v2\/product"}],"about":[{"href":"https:\/\/cioelectro.com\/en\/wp-json\/wp\/v2\/types\/product"}],"replies":[{"embeddable":true,"href":"https:\/\/cioelectro.com\/en\/wp-json\/wp\/v2\/comments?post=41860"}],"version-history":[{"count":0,"href":"https:\/\/cioelectro.com\/en\/wp-json\/wp\/v2\/product\/41860\/revisions"}],"wp:featuredmedia":[{"embeddable":true,"href":"https:\/\/cioelectro.com\/en\/wp-json\/wp\/v2\/media\/62316"}],"wp:attachment":[{"href":"https:\/\/cioelectro.com\/en\/wp-json\/wp\/v2\/media?parent=41860"}],"wp:term":[{"taxonomy":"product_brand","embeddable":true,"href":"https:\/\/cioelectro.com\/en\/wp-json\/wp\/v2\/product_brand?post=41860"},{"taxonomy":"product_cat","embeddable":true,"href":"https:\/\/cioelectro.com\/en\/wp-json\/wp\/v2\/product_cat?post=41860"},{"taxonomy":"product_tag","embeddable":true,"href":"https:\/\/cioelectro.com\/en\/wp-json\/wp\/v2\/product_tag?post=41860"}],"curies":[{"name":"wp","href":"https:\/\/api.w.org\/{rel}","templated":true}]}}