{"id":42034,"date":"2022-11-18T17:26:19","date_gmt":"2022-11-18T16:26:19","guid":{"rendered":"https:\/\/meinradladen.com\/?post_type=product&#038;p=42034"},"modified":"2023-08-11T10:04:49","modified_gmt":"2023-08-11T08:04:49","slug":"cube-litening-air-c68x-slt-carbonnrainbow","status":"publish","type":"product","link":"https:\/\/cioelectro.com\/en\/produkt\/cube-litening-air-c68x-slt-carbonnrainbow\/","title":{"rendered":"Cube Litening AIR C:68X SLT carbon\u00b4n\u00b4rainbow"},"content":{"rendered":"<h2 class=\"content--title\"><strong>Cube<\/strong>\u00a0Litening AIR C:68X SLT carbon\u00b4n\u00b4rainbow<\/h2>\n<p class=\"product--description\">Ja, das Cube Litening AIR C:68X SLT entspricht in Sachen Gewicht und Rahmenkonstruktion den UCI-Regularien. Das war&#8217;s aber auch schon, denn der Rest dieser ultraleichten, superaerodynamischen und pfeilschnellen Carbon-Rennmaschine ist absolut au\u00dfergew\u00f6hnlich. Newmen Advanced Laufr\u00e4der mit Carbonfelgen und Carbonspeichen in Kombination mit superleichten Schwalbe Aerothan Schl\u00e4uchen und durchdacht konstruierten Rohrprofilen lassen vermuten: Hier dreht sich alles um maximalen Speed und diese eine entscheidende Hunderstelsekunde.<\/p>\n<hr \/>\n<p class=\"product--description\"><a href=\"https:\/\/www.cube.eu\/360\/679700\" target=\"_blank\" rel=\"noopener\"><img decoding=\"async\" title=\"360\u00b0\" src=\"https:\/\/cd.bike-discount.de\/media\/image\/3a\/ee\/83\/360.png\" alt=\"\" width=\"40\" height=\"39\" data-mid=\"729769\" data-src=\"media\/image\/360.png\" \/>360\u00b0-Ansicht \u00f6ffnen<\/a><\/p>\n<hr \/>\n<p>Die hochwertige Shimano Dura Ace Di2 Schaltgruppe inklusive Powermeter bringt deine Kraft aus den Beinen effizient auf die Stra\u00dfe und erlaubt pr\u00e4zises, sicheres Bremsen. Du willst ein rasantes, extrem schnelles Rennrad, um nach den Sternen zu greifen? Hier ist es!<\/p>\n<hr \/>\n<h4>RAHMEN Cube Litening AIR C:68X SLT carbon\u00b4n\u00b4rainbow<\/h4>\n<p>Federleicht, kaum Luftwiderstand und jede Menge Racing-DNA \u2013 dieses Bike ist f\u00fcr Speed gemacht! Ein aerodynamisches Bike mit wenig Luftwiderstand ist etwas Feines, klar. Ein Race-Bike, das noch dazu extrem wenig wiegt, ist noch besser. Insofern hat Cube bei der Entwicklung des brandneuen Litening AIR C:68X mit dem Team Wanty zusammengearbeitet. Der superschlanke Rahmen aus dem hochwertigen C:68X Carbonverbundmaterial vereint das Best-of in puncto Aerodynamik und Leichtgewicht. Bei einer mittleren Rahmengr\u00f6\u00dfe bringt er lediglich circa 799 g auf die Waage \u2013 die perfekte Basis f\u00fcr das Set-up als 6,6 kg leichter, UCI-konformer Racer. Dass das Chassis trotzdem extrem windschnittig und vor allem auf langen Strecken superkomfortabel zu fahren ist, versteht sich von selbst. Die Gesamtgewichtsersparnis gegen\u00fcber einem klassischen Rennrad ist deutlich sp\u00fcrbar. Probier&#8217;s aus und deine Bestzeit ist zum Greifen nah!<\/p>\n<h2>Ausstattung<\/h2>\n<div class=\"product--properties panel has--border\">\n<table class=\"product--properties-table\">\n<tbody>\n<tr class=\"product--properties-row row1\">\n<td class=\"product--properties-label is--bold\">Rahmen:<\/td>\n<td class=\"product--properties-value\">Litening C:68X Air Monocoque Advanced Twin Mold Technology, Aero-Weight Optimized Tubes, Full Internal Cable Routing, Flat Mount Disc<\/td>\n<\/tr>\n<tr class=\"product--properties-row row2\">\n<td class=\"product--properties-label is--bold\">Rahmenmaterial:<\/td>\n<td class=\"product--properties-value\">Carbon<\/td>\n<\/tr>\n<tr class=\"product--properties-row row3\">\n<td class=\"product--properties-label is--bold\">Laufradgr\u00f6\u00dfe:<\/td>\n<td class=\"product--properties-value\">28&#8243;<\/td>\n<\/tr>\n<tr class=\"product--properties-row row4\">\n<td class=\"product--properties-label is--bold\">Farbe:<\/td>\n<td class=\"product--properties-value\">carbon\u00b4n\u00b4rainbow<\/td>\n<\/tr>\n<tr class=\"product--properties-row row5\">\n<td class=\"product--properties-label is--bold\">Gabel:<\/td>\n<td class=\"product--properties-value\">Litening C:68X Air, Integrated Cable Routing, Flat Mount Disc<\/td>\n<\/tr>\n<tr class=\"product--properties-row row6\">\n<td class=\"product--properties-label is--bold\">Bremsen:<\/td>\n<td class=\"product--properties-value\">Shimano Dura Ace BR-R9270, Hydr. Disc Brake, Flat Mount<\/td>\n<\/tr>\n<tr class=\"product--properties-row row7\">\n<td class=\"product--properties-label is--bold\">Bremsscheiben:<\/td>\n<td class=\"product--properties-value\">160\/160 mm<\/td>\n<\/tr>\n<tr class=\"product--properties-row row8\">\n<td class=\"product--properties-label is--bold\">Steuersatz:<\/td>\n<td class=\"product--properties-value\">ACROS, Top Integrated 1 1\/2&#8243;, Bottom Integrated 1 1\/4&#8243;<\/td>\n<\/tr>\n<tr class=\"product--properties-row row9\">\n<td class=\"product--properties-label is--bold\">Lenker:<\/td>\n<td class=\"product--properties-value\">ICR Cockpit System, Integrated Cable Routing, Aero Spacer System, Garmin Mount Interface (50cm: 400mm\/90mm; 53cm: 420\/90mm; 56cm: 420mm\/100mm; 58cm: 440mm\/100mm; 60cm: 440mm\/110mm; 62cm: 440mm\/120mm)<\/td>\n<\/tr>\n<tr class=\"product--properties-row row10\">\n<td class=\"product--properties-label is--bold\">Sattel:<\/td>\n<td class=\"product--properties-value\">Natural Fit Nuance SLT Road Carbon<\/td>\n<\/tr>\n<tr class=\"product--properties-row row11\">\n<td class=\"product--properties-label is--bold\">Sattelst\u00fctze:<\/td>\n<td class=\"product--properties-value\">Litening C:68X Aero, Comfort Flex<\/td>\n<\/tr>\n<tr class=\"product--properties-row row12\">\n<td class=\"product--properties-label is--bold\">Sattelklemme:<\/td>\n<td class=\"product--properties-value\">CUBE Full Integrated<\/td>\n<\/tr>\n<tr class=\"product--properties-row row13\">\n<td class=\"product--properties-label is--bold\">Kurbel:<\/td>\n<td class=\"product--properties-value\">Shimano Dura Ace FC-R9200-P, Powermeter, Hollowtech ll, 52x36T<\/td>\n<\/tr>\n<tr class=\"product--properties-row row14\">\n<td class=\"product--properties-label is--bold\">Schaltwerk:<\/td>\n<td class=\"product--properties-value\">Shimano Dura Ace Di2 RD-R9250-D, 12-Speed<\/td>\n<\/tr>\n<tr class=\"product--properties-row row15\">\n<td class=\"product--properties-label is--bold\">Schalthebel:<\/td>\n<td class=\"product--properties-value\">Shimano Dura Ace Di2 ST-R9270<\/td>\n<\/tr>\n<\/tbody>\n<\/table>\n<table class=\"product--properties-table\">\n<tbody>\n<tr class=\"product--properties-row row16\">\n<td class=\"product--properties-label is--bold\">Umwerfer:<\/td>\n<td class=\"product--properties-value\">Shimano Dura Ace Di2 FD-R9250-F, Braze-On<\/td>\n<\/tr>\n<tr class=\"product--properties-row row17\">\n<td class=\"product--properties-label is--bold\">Kassette:<\/td>\n<td class=\"product--properties-value\">Shimano Dura Ace CS-R9200, 11-30T<\/td>\n<\/tr>\n<tr class=\"product--properties-row row18\">\n<td class=\"product--properties-label is--bold\">Kette:<\/td>\n<td class=\"product--properties-value\">Shimano CN-M9100<\/td>\n<\/tr>\n<tr class=\"product--properties-row row19\">\n<td class=\"product--properties-label is--bold\">Reifen:<\/td>\n<td class=\"product--properties-value\">Conti Grand Prix 5000 TT, 28-622<\/td>\n<\/tr>\n<tr class=\"product--properties-row row20\">\n<td class=\"product--properties-label is--bold\">Laufradsatz:<\/td>\n<td class=\"product--properties-value\">Newmen Advanced SL R.50 CS Streem, Aero Carbon Spokes<\/td>\n<\/tr>\n<tr class=\"product--properties-row row21\">\n<td class=\"product--properties-label is--bold\">Pedale:<\/td>\n<td class=\"product--properties-value\">nicht im Lieferumfang enthalten<\/td>\n<\/tr>\n<tr class=\"product--properties-row row22\">\n<td class=\"product--properties-label is--bold\">Zul\u00e4ssiges Gesamtgewicht:<\/td>\n<td class=\"product--properties-value\">115 kg (K\u00f6rpergewicht + Fahrrad + Ausr\u00fcstung)<\/td>\n<\/tr>\n<tr class=\"product--properties-row row23\">\n<td class=\"product--properties-label is--bold\">Gewicht Komplettrad:<\/td>\n<td class=\"product--properties-value\">ab 6,6 kg<\/td>\n<\/tr>\n<\/tbody>\n<\/table>\n<div class=\"product--description\">\n<h3>Challenging gravity | Litening Air C:68X<\/h3>\n<p><iframe title=\"YouTube video player\" src=\"https:\/\/www.youtube-nocookie.com\/embed\/kaAhn0WAwyw\" width=\"640\" height=\"360\" frameborder=\"0\" allowfullscreen=\"allowfullscreen\" data-mce-fragment=\"1\"><\/iframe><\/p>\n<hr \/>\n<p><iframe title=\"YouTube video player\" src=\"https:\/\/www.youtube-nocookie.com\/embed\/RFvP07urmTY\" width=\"640\" height=\"360\" frameborder=\"0\" allowfullscreen=\"allowfullscreen\" data-mce-fragment=\"1\"><\/iframe><\/p>\n<hr \/>\n<h3>Litening Air C:68X SLT<\/h3>\n<p><iframe title=\"YouTube video player\" src=\"https:\/\/www.youtube-nocookie.com\/embed\/UutLca-mPAA\" width=\"640\" height=\"360\" frameborder=\"0\" allowfullscreen=\"allowfullscreen\" data-mce-fragment=\"1\"><\/iframe><\/p>\n<\/div>\n<div class=\"ean-box\"><label>\u00a0<\/label><\/div>\n<\/div>","protected":false},"excerpt":{"rendered":"<div class=\"tab-menu--product js--tab-menu\">\n<div class=\"tab--container-list\">\n<div class=\"tab--container description has--content is--active\">\n<div class=\"tab--content box-description\">\n<div class=\"content--description\">\n<div class=\"ean-box\"><label>Modelljahr: <span style=\"font-size: 16px;\">2023<\/span><\/label><\/div>\n<\/div>\n<\/div>\n<\/div>\n<\/div>\n<\/div>\n<div id=\"detail--product-reviews\" class=\"content--product-reviews 123\"><\/div>","protected":false},"featured_media":62397,"comment_status":"open","ping_status":"closed","template":"","meta":{"_rtcl_gb_attr":""},"product_brand":[],"product_cat":[36,129],"product_tag":[],"class_list":{"0":"post-42034","1":"product","2":"type-product","3":"status-publish","4":"has-post-thumbnail","6":"product_cat-fahrrad","7":"product_cat-rennrad","8":"pa_marke-cube","10":"first","11":"instock","12":"sale","13":"taxable","14":"shipping-taxable","15":"purchasable","16":"product-type-variable"},"yoast_head":"<!-- This site is optimized with the Yoast SEO Premium plugin v20.12 (Yoast SEO v27.4) - https:\/\/yoast.com\/product\/yoast-seo-premium-wordpress\/ -->\n<title>Cube Litening AIR C:68X SLT carbon\u00b4n\u00b4rainbow<\/title>\n<meta name=\"description\" content=\"Entdecken Sie unseren Online-Fahrradladen: Gro\u00dfe Auswahl an Modellen f\u00fcr alle Radsportbegeisterten. Von Rennr\u00e4dern bis zu Mountainbikes - finden Sie heute Ihren perfekten Wegbegleiter!\" \/>\n<meta name=\"robots\" content=\"index, follow, max-snippet:-1, max-image-preview:large, max-video-preview:-1\" \/>\n<link rel=\"canonical\" href=\"https:\/\/cioelectro.com\/en\/produkt\/cube-litening-air-c68x-slt-carbonnrainbow\/\" \/>\n<meta property=\"og:locale\" content=\"en_US\" \/>\n<meta property=\"og:type\" content=\"article\" \/>\n<meta property=\"og:title\" content=\"Cube Litening AIR C:68X SLT carbon\u00b4n\u00b4rainbow\" \/>\n<meta property=\"og:description\" content=\"Entdecken Sie unseren Online-Fahrradladen: Gro\u00dfe Auswahl an Modellen f\u00fcr alle Radsportbegeisterten. Von Rennr\u00e4dern bis zu Mountainbikes - finden Sie heute Ihren perfekten Wegbegleiter!\" \/>\n<meta property=\"og:url\" content=\"https:\/\/cioelectro.com\/en\/produkt\/cube-litening-air-c68x-slt-carbonnrainbow\/\" \/>\n<meta property=\"og:site_name\" content=\"cioelectro.com\" \/>\n<meta property=\"article:modified_time\" content=\"2023-08-11T08:04:49+00:00\" \/>\n<meta property=\"og:image\" content=\"https:\/\/cioelectro.com\/wp-content\/uploads\/2023\/06\/Cube-Litening-AIR-C68X-SLT-carbon\u00b4n\u00b4rainbow.jpg\" \/>\n\t<meta property=\"og:image:width\" content=\"800\" \/>\n\t<meta property=\"og:image:height\" content=\"488\" \/>\n\t<meta property=\"og:image:type\" content=\"image\/jpeg\" \/>\n<meta name=\"twitter:card\" content=\"summary_large_image\" \/>\n<meta name=\"twitter:label1\" content=\"Est. reading time\" \/>\n\t<meta name=\"twitter:data1\" content=\"3 minutes\" \/>\n<script type=\"application\/ld+json\" class=\"yoast-schema-graph\">{\"@context\":\"https:\\\/\\\/schema.org\",\"@graph\":[{\"@type\":\"WebPage\",\"@id\":\"https:\\\/\\\/cioelectro.com\\\/produkt\\\/cube-litening-air-c68x-slt-carbonnrainbow\\\/\",\"url\":\"https:\\\/\\\/cioelectro.com\\\/produkt\\\/cube-litening-air-c68x-slt-carbonnrainbow\\\/\",\"name\":\"Cube Litening AIR C:68X SLT carbon\u00b4n\u00b4rainbow\",\"isPartOf\":{\"@id\":\"https:\\\/\\\/cioelectro.com\\\/#website\"},\"primaryImageOfPage\":{\"@id\":\"https:\\\/\\\/cioelectro.com\\\/produkt\\\/cube-litening-air-c68x-slt-carbonnrainbow\\\/#primaryimage\"},\"image\":{\"@id\":\"https:\\\/\\\/cioelectro.com\\\/produkt\\\/cube-litening-air-c68x-slt-carbonnrainbow\\\/#primaryimage\"},\"thumbnailUrl\":\"https:\\\/\\\/cioelectro.com\\\/wp-content\\\/uploads\\\/2023\\\/06\\\/Cube-Litening-AIR-C68X-SLT-carbon\u00b4n\u00b4rainbow.jpg\",\"datePublished\":\"2022-11-18T16:26:19+00:00\",\"dateModified\":\"2023-08-11T08:04:49+00:00\",\"description\":\"Entdecken Sie unseren Online-Fahrradladen: Gro\u00dfe Auswahl an Modellen f\u00fcr alle Radsportbegeisterten. Von Rennr\u00e4dern bis zu Mountainbikes - finden Sie heute Ihren perfekten Wegbegleiter!\",\"breadcrumb\":{\"@id\":\"https:\\\/\\\/cioelectro.com\\\/produkt\\\/cube-litening-air-c68x-slt-carbonnrainbow\\\/#breadcrumb\"},\"inLanguage\":\"en-US\",\"potentialAction\":[{\"@type\":\"ReadAction\",\"target\":[\"https:\\\/\\\/cioelectro.com\\\/produkt\\\/cube-litening-air-c68x-slt-carbonnrainbow\\\/\"]}]},{\"@type\":\"ImageObject\",\"inLanguage\":\"en-US\",\"@id\":\"https:\\\/\\\/cioelectro.com\\\/produkt\\\/cube-litening-air-c68x-slt-carbonnrainbow\\\/#primaryimage\",\"url\":\"https:\\\/\\\/cioelectro.com\\\/wp-content\\\/uploads\\\/2023\\\/06\\\/Cube-Litening-AIR-C68X-SLT-carbon\u00b4n\u00b4rainbow.jpg\",\"contentUrl\":\"https:\\\/\\\/cioelectro.com\\\/wp-content\\\/uploads\\\/2023\\\/06\\\/Cube-Litening-AIR-C68X-SLT-carbon\u00b4n\u00b4rainbow.jpg\",\"width\":800,\"height\":488,\"caption\":\"Cube Litening AIR C68X SLT carbon\u00b4n\u00b4rainbow\"},{\"@type\":\"BreadcrumbList\",\"@id\":\"https:\\\/\\\/cioelectro.com\\\/produkt\\\/cube-litening-air-c68x-slt-carbonnrainbow\\\/#breadcrumb\",\"itemListElement\":[{\"@type\":\"ListItem\",\"position\":1,\"name\":\"Startseite\",\"item\":\"https:\\\/\\\/cioelectro.com\\\/\"},{\"@type\":\"ListItem\",\"position\":2,\"name\":\"LADEN\",\"item\":\"https:\\\/\\\/cioelectro.com\\\/laden\\\/\"},{\"@type\":\"ListItem\",\"position\":3,\"name\":\"Cube Litening AIR C:68X SLT carbon\u00b4n\u00b4rainbow\"}]},{\"@type\":\"WebSite\",\"@id\":\"https:\\\/\\\/cioelectro.com\\\/#website\",\"url\":\"https:\\\/\\\/cioelectro.com\\\/\",\"name\":\"cioelectro.com\",\"description\":\"Treten Sie mit uns ins Abenteuer!\",\"publisher\":{\"@id\":\"https:\\\/\\\/cioelectro.com\\\/#organization\"},\"alternateName\":\"MEIN RADLADEN\",\"potentialAction\":[{\"@type\":\"SearchAction\",\"target\":{\"@type\":\"EntryPoint\",\"urlTemplate\":\"https:\\\/\\\/cioelectro.com\\\/?s={search_term_string}\"},\"query-input\":{\"@type\":\"PropertyValueSpecification\",\"valueRequired\":true,\"valueName\":\"search_term_string\"}}],\"inLanguage\":\"en-US\"},{\"@type\":\"Organization\",\"@id\":\"https:\\\/\\\/cioelectro.com\\\/#organization\",\"name\":\"CIOELECTRO\",\"alternateName\":\"MEIN RADLADEN\",\"url\":\"https:\\\/\\\/cioelectro.com\\\/\",\"logo\":{\"@type\":\"ImageObject\",\"inLanguage\":\"en-US\",\"@id\":\"https:\\\/\\\/cioelectro.com\\\/#\\\/schema\\\/logo\\\/image\\\/\",\"url\":\"https:\\\/\\\/cioelectro.com\\\/wp-content\\\/uploads\\\/2025\\\/12\\\/Logo-2-1200x800.png\",\"contentUrl\":\"https:\\\/\\\/cioelectro.com\\\/wp-content\\\/uploads\\\/2025\\\/12\\\/Logo-2-1200x800.png\",\"width\":1200,\"height\":800,\"caption\":\"CIOELECTRO\"},\"image\":{\"@id\":\"https:\\\/\\\/cioelectro.com\\\/#\\\/schema\\\/logo\\\/image\\\/\"}}]}<\/script>\n<!-- \/ Yoast SEO Premium plugin. -->","yoast_head_json":{"title":"Cube Litening AIR C:68X SLT carbon\u00b4n\u00b4rainbow","description":"Entdecken Sie unseren Online-Fahrradladen: Gro\u00dfe Auswahl an Modellen f\u00fcr alle Radsportbegeisterten. Von Rennr\u00e4dern bis zu Mountainbikes - finden Sie heute Ihren perfekten Wegbegleiter!","robots":{"index":"index","follow":"follow","max-snippet":"max-snippet:-1","max-image-preview":"max-image-preview:large","max-video-preview":"max-video-preview:-1"},"canonical":"https:\/\/cioelectro.com\/en\/produkt\/cube-litening-air-c68x-slt-carbonnrainbow\/","og_locale":"en_US","og_type":"article","og_title":"Cube Litening AIR C:68X SLT carbon\u00b4n\u00b4rainbow","og_description":"Entdecken Sie unseren Online-Fahrradladen: Gro\u00dfe Auswahl an Modellen f\u00fcr alle Radsportbegeisterten. Von Rennr\u00e4dern bis zu Mountainbikes - finden Sie heute Ihren perfekten Wegbegleiter!","og_url":"https:\/\/cioelectro.com\/en\/produkt\/cube-litening-air-c68x-slt-carbonnrainbow\/","og_site_name":"cioelectro.com","article_modified_time":"2023-08-11T08:04:49+00:00","og_image":[{"width":800,"height":488,"url":"https:\/\/cioelectro.com\/wp-content\/uploads\/2023\/06\/Cube-Litening-AIR-C68X-SLT-carbon\u00b4n\u00b4rainbow.jpg","type":"image\/jpeg"}],"twitter_card":"summary_large_image","twitter_misc":{"Est. reading time":"3 minutes"},"schema":{"@context":"https:\/\/schema.org","@graph":[{"@type":"WebPage","@id":"https:\/\/cioelectro.com\/produkt\/cube-litening-air-c68x-slt-carbonnrainbow\/","url":"https:\/\/cioelectro.com\/produkt\/cube-litening-air-c68x-slt-carbonnrainbow\/","name":"Cube Litening AIR C:68X SLT carbon\u00b4n\u00b4rainbow","isPartOf":{"@id":"https:\/\/cioelectro.com\/#website"},"primaryImageOfPage":{"@id":"https:\/\/cioelectro.com\/produkt\/cube-litening-air-c68x-slt-carbonnrainbow\/#primaryimage"},"image":{"@id":"https:\/\/cioelectro.com\/produkt\/cube-litening-air-c68x-slt-carbonnrainbow\/#primaryimage"},"thumbnailUrl":"https:\/\/cioelectro.com\/wp-content\/uploads\/2023\/06\/Cube-Litening-AIR-C68X-SLT-carbon\u00b4n\u00b4rainbow.jpg","datePublished":"2022-11-18T16:26:19+00:00","dateModified":"2023-08-11T08:04:49+00:00","description":"Entdecken Sie unseren Online-Fahrradladen: Gro\u00dfe Auswahl an Modellen f\u00fcr alle Radsportbegeisterten. Von Rennr\u00e4dern bis zu Mountainbikes - finden Sie heute Ihren perfekten Wegbegleiter!","breadcrumb":{"@id":"https:\/\/cioelectro.com\/produkt\/cube-litening-air-c68x-slt-carbonnrainbow\/#breadcrumb"},"inLanguage":"en-US","potentialAction":[{"@type":"ReadAction","target":["https:\/\/cioelectro.com\/produkt\/cube-litening-air-c68x-slt-carbonnrainbow\/"]}]},{"@type":"ImageObject","inLanguage":"en-US","@id":"https:\/\/cioelectro.com\/produkt\/cube-litening-air-c68x-slt-carbonnrainbow\/#primaryimage","url":"https:\/\/cioelectro.com\/wp-content\/uploads\/2023\/06\/Cube-Litening-AIR-C68X-SLT-carbon\u00b4n\u00b4rainbow.jpg","contentUrl":"https:\/\/cioelectro.com\/wp-content\/uploads\/2023\/06\/Cube-Litening-AIR-C68X-SLT-carbon\u00b4n\u00b4rainbow.jpg","width":800,"height":488,"caption":"Cube Litening AIR C68X SLT carbon\u00b4n\u00b4rainbow"},{"@type":"BreadcrumbList","@id":"https:\/\/cioelectro.com\/produkt\/cube-litening-air-c68x-slt-carbonnrainbow\/#breadcrumb","itemListElement":[{"@type":"ListItem","position":1,"name":"Startseite","item":"https:\/\/cioelectro.com\/"},{"@type":"ListItem","position":2,"name":"LADEN","item":"https:\/\/cioelectro.com\/laden\/"},{"@type":"ListItem","position":3,"name":"Cube Litening AIR C:68X SLT carbon\u00b4n\u00b4rainbow"}]},{"@type":"WebSite","@id":"https:\/\/cioelectro.com\/#website","url":"https:\/\/cioelectro.com\/","name":"cioelectro.com","description":"Treten Sie mit uns ins Abenteuer!","publisher":{"@id":"https:\/\/cioelectro.com\/#organization"},"alternateName":"MEIN RADLADEN","potentialAction":[{"@type":"SearchAction","target":{"@type":"EntryPoint","urlTemplate":"https:\/\/cioelectro.com\/?s={search_term_string}"},"query-input":{"@type":"PropertyValueSpecification","valueRequired":true,"valueName":"search_term_string"}}],"inLanguage":"en-US"},{"@type":"Organization","@id":"https:\/\/cioelectro.com\/#organization","name":"CIOELECTRO","alternateName":"MEIN RADLADEN","url":"https:\/\/cioelectro.com\/","logo":{"@type":"ImageObject","inLanguage":"en-US","@id":"https:\/\/cioelectro.com\/#\/schema\/logo\/image\/","url":"https:\/\/cioelectro.com\/wp-content\/uploads\/2025\/12\/Logo-2-1200x800.png","contentUrl":"https:\/\/cioelectro.com\/wp-content\/uploads\/2025\/12\/Logo-2-1200x800.png","width":1200,"height":800,"caption":"CIOELECTRO"},"image":{"@id":"https:\/\/cioelectro.com\/#\/schema\/logo\/image\/"}}]}},"_links":{"self":[{"href":"https:\/\/cioelectro.com\/en\/wp-json\/wp\/v2\/product\/42034","targetHints":{"allow":["GET"]}}],"collection":[{"href":"https:\/\/cioelectro.com\/en\/wp-json\/wp\/v2\/product"}],"about":[{"href":"https:\/\/cioelectro.com\/en\/wp-json\/wp\/v2\/types\/product"}],"replies":[{"embeddable":true,"href":"https:\/\/cioelectro.com\/en\/wp-json\/wp\/v2\/comments?post=42034"}],"version-history":[{"count":0,"href":"https:\/\/cioelectro.com\/en\/wp-json\/wp\/v2\/product\/42034\/revisions"}],"wp:featuredmedia":[{"embeddable":true,"href":"https:\/\/cioelectro.com\/en\/wp-json\/wp\/v2\/media\/62397"}],"wp:attachment":[{"href":"https:\/\/cioelectro.com\/en\/wp-json\/wp\/v2\/media?parent=42034"}],"wp:term":[{"taxonomy":"product_brand","embeddable":true,"href":"https:\/\/cioelectro.com\/en\/wp-json\/wp\/v2\/product_brand?post=42034"},{"taxonomy":"product_cat","embeddable":true,"href":"https:\/\/cioelectro.com\/en\/wp-json\/wp\/v2\/product_cat?post=42034"},{"taxonomy":"product_tag","embeddable":true,"href":"https:\/\/cioelectro.com\/en\/wp-json\/wp\/v2\/product_tag?post=42034"}],"curies":[{"name":"wp","href":"https:\/\/api.w.org\/{rel}","templated":true}]}}