{"id":42312,"date":"2022-11-19T11:01:26","date_gmt":"2022-11-19T10:01:26","guid":{"rendered":"https:\/\/meinradladen.com\/?post_type=product&#038;p=42312"},"modified":"2023-08-11T09:54:03","modified_gmt":"2023-08-11T07:54:03","slug":"electra-loft-go-5i-eq-step-thru-400-wh-400-wh-2023-28-zoll-damen-sport","status":"publish","type":"product","link":"https:\/\/cioelectro.com\/en\/produkt\/electra-loft-go-5i-eq-step-thru-400-wh-400-wh-2023-28-zoll-damen-sport\/","title":{"rendered":"Electra Loft Go! 5i EQ Step-Thru 400 Wh &#8211; 400 Wh &#8211; 2023 &#8211; 28 Zoll"},"content":{"rendered":"<h2>Electra Loft Go! 5i EQ Step-Thru 400 Wh &#8211; 400 Wh &#8211; 2023 &#8211; 28 Zoll &#8211; Damen Sport<\/h2>\n<p>Electra Loft Go Sie suchen ein E-Bike f\u00fcr die Stadt, zur Arbeit oder zum Einkaufen? Der offene Rahmen dieses Modells erm\u00f6glicht ein einfaches Auf- und Absteigen, dessen Komfort durch Schutzbleche, LED-Front- und R\u00fccklichter, stabile Gep\u00e4cktr\u00e4ger und pannensichere Schwalbe 700c-Reifen noch gesteigert wird.<\/p>\n<p>Der Dachboden Go! verf\u00fcgt \u00fcber das Bosch Active Line Plus-System, das einen 250-W-Mittelrahmenmotor mit einem Bosch Purion-Bordcomputer kombiniert. Mit vier Unterst\u00fctzungsstufen sowie mehreren Geschwindigkeitsoptionen k\u00f6nnen Sie die ben\u00f6tigte Unterst\u00fctzung sowie die Akkulaufzeit steuern. Die Shimano Nexus Inter-5E-Nabe erleichtert das Schalten selbst an steilen Anstiegen, w\u00e4hrend die hydraulischen Scheibenbremsen dich schnell und sicher zum Stehen bringen.<\/p>\n<h3 class=\"h3 product-detail-description-title\">Produktinformationen &#8220;Electra Loft Go! 5i EQ Step-Thru 400 Wh &#8211; 400 Wh &#8211; 2023 &#8211; 28 Zoll &#8211; Damen Sport&#8221;<\/h3>\n<div class=\"product-detail-description-text\">\n<hr \/>\n<h3>Details<\/h3>\n<div>\n<table>\n<tbody>\n<tr>\n<td>Gewicht in kg<\/td>\n<td>24.5<\/td>\n<\/tr>\n<tr>\n<td>Motor<\/td>\n<td>Bosch Mittelmotor Active Line Plus 250 Watt, 50Nm<\/td>\n<\/tr>\n<tr>\n<td>Display<\/td>\n<td>Bosch Purion<\/td>\n<\/tr>\n<tr>\n<td>Drehmoment in Nm<\/td>\n<td>50 Nm<\/td>\n<\/tr>\n<tr>\n<td>Motorposition<\/td>\n<td>Mittelmotor<\/td>\n<\/tr>\n<tr>\n<td>Kette<\/td>\n<td>KMC Z1EHX EPT, vernickelt<\/td>\n<\/tr>\n<tr>\n<td>Schaltung<\/td>\n<td>5-Gang Nabenschaltung (mit Freilauf)<\/td>\n<\/tr>\n<tr>\n<td>Schalthebel<\/td>\n<td>Shimano Nexus, 5-fach Drehgriff mit optischer Ganganzeige<\/td>\n<\/tr>\n<tr>\n<td>Kurbelgarnitur<\/td>\n<td>Geschmiedete Aluminium-Kurbelarme, 170 mm, Bosch-System_x000D_<\/td>\n<\/tr>\n<tr>\n<td>Schaltungscode<\/td>\n<td>05-Gang Nabe Freilauf<\/td>\n<\/tr>\n<tr>\n<td>Bremsen vorne<\/td>\n<td>Tektro, hydraulische Scheibenbremse<\/td>\n<\/tr>\n<tr>\n<td>Bremsen hinten<\/td>\n<td>Tektro, hydraulische Scheibenbremse<\/td>\n<\/tr>\n<tr>\n<td>Bremsscheibe<\/td>\n<td>Shimano RT10, Center\u00a0Lock;180mm \/ 160mm<\/td>\n<\/tr>\n<tr>\n<td>Gabel<\/td>\n<td>Unicrown-Gabel aus hochfestem Stahl, konische Holme<\/td>\n<\/tr>\n<tr>\n<td>Rahmen<\/td>\n<td>Aluminium 6061-T6<\/td>\n<\/tr>\n<tr>\n<td>Rahmenform<\/td>\n<td>Damen Sport<\/td>\n<\/tr>\n<tr>\n<td>Sattel<\/td>\n<td>Retro Kunstledersattel mit Druckfederd\u00e4mpfung<\/td>\n<\/tr>\n<tr>\n<td>Sattelst\u00fctze<\/td>\n<td>Aluminium-Sattelst\u00fctze mit Micro Adjust, 27,2&#215;300\u00a0mm<\/td>\n<\/tr>\n<tr>\n<td>Vorbau<\/td>\n<td>Geschmiedetes Aluminium, 25,4 mm Schaft ohne Gewinde<\/td>\n<\/tr>\n<tr>\n<td>Griffe<\/td>\n<td>Electra Custom handgen\u00e4ht<\/td>\n<\/tr>\n<tr>\n<td>Reifen (vorne)<\/td>\n<td>Schwalbe Fat Frank, Balloon-Reifen mit Kevlar Guard-Pannenschutzg\u00fcrtel, 28&#215;2.00&#8243; (50-622)<\/td>\n<\/tr>\n<tr>\n<td>Reifen (hinten)<\/td>\n<td>Schwalbe Fat Frank, Balloon-Reifen mit Kevlar Guard-Pannenschutzg\u00fcrtel, 28&#215;2.00&#8243; (50-622)<\/td>\n<\/tr>\n<tr>\n<td>Nabe hinten<\/td>\n<td>Shimano Nexus, 5-Gang-Nabe mit Center Lock Disc, 36-Loch<\/td>\n<\/tr>\n<tr>\n<td>Pedale<\/td>\n<td>Plattformpedale aus Aluminium mit rutschfester Gummiauflage<\/td>\n<\/tr>\n<tr>\n<td>Ladeger\u00e4t<\/td>\n<td>Bosch Standardladeger\u00e4t 4\u00a0A, 220\u00a0\u2013\u00a0240\u00a0V<\/td>\n<\/tr>\n<tr>\n<td>Gep\u00e4cktr\u00e4ger<\/td>\n<td>Gep\u00e4cktr\u00e4ger<\/td>\n<\/tr>\n<tr>\n<td>Beleuchtung vorn<\/td>\n<td>Spanninga LED-Lichtanlage<\/td>\n<\/tr>\n<tr>\n<td>Beleuchtung hinten<\/td>\n<td>Spanninga LED-Lichtanlage<\/td>\n<\/tr>\n<tr>\n<td>Akku<\/td>\n<td>Bosch PowerPack, 400\u00a0Wh<\/td>\n<\/tr>\n<tr>\n<td>Steuersatz<\/td>\n<td>Stahl, gewindelos, 1\u00a01\/8&#8243;<\/td>\n<\/tr>\n<tr>\n<td>Kettenschutz<\/td>\n<td>Lackierter Kettenschutz<\/td>\n<\/tr>\n<tr>\n<td>Schloss<\/td>\n<td>ABUS Ringschloss<\/td>\n<\/tr>\n<tr>\n<td>Gep\u00e4cktr\u00e4ger vorn<\/td>\n<td>Front-Rack<\/td>\n<\/tr>\n<tr>\n<td>Zahnkranz Singlespeed<\/td>\n<td>30 Z\u00e4hne<\/td>\n<\/tr>\n<tr>\n<td>H\u00f6chstgeschwindigkeit<\/td>\n<td>25<\/td>\n<\/tr>\n<tr>\n<td>Ma\u00dfeinheit<\/td>\n<td>km\/h<\/td>\n<\/tr>\n<tr>\n<td>St\u00e4nder<\/td>\n<td>Hebie, stabiler Zweibeinst\u00e4nder<\/td>\n<\/tr>\n<tr>\n<td>Schutzbleche<\/td>\n<td>Aluminium, lackiert<\/td>\n<\/tr>\n<tr>\n<td>Extras \/ Zubeh\u00f6r<\/td>\n<td>Reflektierender Akku-Aufkleber, Klingel<\/td>\n<\/tr>\n<tr>\n<td>Akku entnehmbar<\/td>\n<td>ja<\/td>\n<\/tr>\n<tr>\n<td>Beleuchtung<\/td>\n<td>mit Beleuchtung<\/td>\n<\/tr>\n<tr>\n<td>E-Bike Motor Hersteller<\/td>\n<td>Bosch<\/td>\n<\/tr>\n<tr>\n<td>E-Bike Zulassungspflichtig<\/td>\n<td>Nein<\/td>\n<\/tr>\n<tr>\n<td>Federung<\/td>\n<td>Mit Starrgabel<\/td>\n<\/tr>\n<tr>\n<td>G\u00e4nge<\/td>\n<td>05 &#8211; G\u00e4nge<\/td>\n<\/tr>\n<tr>\n<td>Geschlecht<\/td>\n<td>Damen<\/td>\n<\/tr>\n<tr>\n<td>Marke<\/td>\n<td>Electra<\/td>\n<\/tr>\n<tr>\n<td>Radgr\u00f6\u00dfe<\/td>\n<td>28 Zoll<\/td>\n<\/tr>\n<tr>\n<td>Rahmenmaterial<\/td>\n<td>Aluminium<\/td>\n<\/tr>\n<tr>\n<td>Saison<\/td>\n<td>2023<\/td>\n<\/tr>\n<tr>\n<td>Schaltart<\/td>\n<td>Nabe ohne R\u00fccktritt<\/td>\n<\/tr>\n<\/tbody>\n<\/table>\n<\/div>\n<\/div>\n<div class=\"product-detail-properties\">\n<div class=\"row product-detail-properties-container\">\n<div class=\"col-md-10 col-lg-6\">\n<table class=\"table table-striped product-detail-properties-table\">\n<tbody>\n<tr class=\"properties-row\">\n<th class=\"properties-label\">Akku :<\/th>\n<td class=\"properties-value\">Bosch PowerPack, 400\u00a0Wh<\/td>\n<\/tr>\n<tr class=\"properties-row\">\n<th class=\"properties-label\">\n<h5>Akku entnehmbar :<\/h5>\n<\/th>\n<td class=\"properties-value\">ja<\/td>\n<\/tr>\n<tr class=\"properties-row\">\n<th class=\"properties-label\">Beleuchtung :<\/th>\n<td class=\"properties-value\">mit Beleuchtung<\/td>\n<\/tr>\n<tr class=\"properties-row\">\n<th class=\"properties-label\">Beleuchtung hinten :<\/th>\n<td class=\"properties-value\">Spanninga LED-Lichtanlage<\/td>\n<\/tr>\n<tr class=\"properties-row\">\n<th class=\"properties-label\">Beleuchtung vorn :<\/th>\n<td class=\"properties-value\">Spanninga LED-Lichtanlage<\/td>\n<\/tr>\n<tr class=\"properties-row\">\n<th class=\"properties-label\">Bremsen hinten :<\/th>\n<td class=\"properties-value\">Tektro, hydraulische Scheibenbremse<\/td>\n<\/tr>\n<tr class=\"properties-row\">\n<th class=\"properties-label\">Bremsen vorne :<\/th>\n<td class=\"properties-value\">Tektro, hydraulische Scheibenbremse<\/td>\n<\/tr>\n<tr class=\"properties-row\">\n<th class=\"properties-label\">Bremsscheibe :<\/th>\n<td class=\"properties-value\">Shimano RT10, Center\u00a0Lock;180mm \/ 160mm<\/td>\n<\/tr>\n<tr class=\"properties-row\">\n<th class=\"properties-label\">Display :<\/th>\n<td class=\"properties-value\">Bosch Purion<\/td>\n<\/tr>\n<tr class=\"properties-row\">\n<th class=\"properties-label\">Drehmoment in Nm :<\/th>\n<td class=\"properties-value\">50 Nm<\/td>\n<\/tr>\n<tr class=\"properties-row\">\n<th class=\"properties-label\">E-Bike Motor Hersteller :<\/th>\n<td class=\"properties-value\">Bosch<\/td>\n<\/tr>\n<tr class=\"properties-row\">\n<th class=\"properties-label\">E-Bike Zulassungspflichtig :<\/th>\n<td class=\"properties-value\">Nein<\/td>\n<\/tr>\n<tr class=\"properties-row\">\n<th class=\"properties-label\">Extras \/ Zubeh\u00f6r :<\/th>\n<td class=\"properties-value\">Reflektierender Akku-Aufkleber, Klingel<\/td>\n<\/tr>\n<tr class=\"properties-row\">\n<th class=\"properties-label\">Federung :<\/th>\n<td class=\"properties-value\">Mit Starrgabel<\/td>\n<\/tr>\n<tr class=\"properties-row\">\n<th class=\"properties-label\">Gabel :<\/th>\n<td class=\"properties-value\">Unicrown-Gabel aus hochfestem Stahl, konische Holme<\/td>\n<\/tr>\n<tr class=\"properties-row\">\n<th class=\"properties-label\">Gep\u00e4cktr\u00e4ger :<\/th>\n<td class=\"properties-value\">Gep\u00e4cktr\u00e4ger<\/td>\n<\/tr>\n<tr class=\"properties-row\">\n<th class=\"properties-label\">Gep\u00e4cktr\u00e4ger vorn :<\/th>\n<td class=\"properties-value\">Front-Rack<\/td>\n<\/tr>\n<tr class=\"properties-row\">\n<th class=\"properties-label\">Geschlecht :<\/th>\n<td class=\"properties-value\">Damen<\/td>\n<\/tr>\n<tr class=\"properties-row\">\n<th class=\"properties-label\">Gewicht in kg :<\/th>\n<td class=\"properties-value\">24.5<\/td>\n<\/tr>\n<tr class=\"properties-row\">\n<th class=\"properties-label\">Griffe :<\/th>\n<td class=\"properties-value\">Electra Custom handgen\u00e4ht<\/td>\n<\/tr>\n<tr class=\"properties-row\">\n<th class=\"properties-label\">G\u00e4nge :<\/th>\n<td class=\"properties-value\">05 &#8211; G\u00e4nge<\/td>\n<\/tr>\n<tr class=\"properties-row\">\n<th class=\"properties-label\">H\u00f6chstgeschwindigkeit :<\/th>\n<td class=\"properties-value\">25<\/td>\n<\/tr>\n<tr class=\"properties-row\">\n<th class=\"properties-label\">Kette :<\/th>\n<td class=\"properties-value\">KMC Z1EHX EPT, vernickelt<\/td>\n<\/tr>\n<tr class=\"properties-row\">\n<th class=\"properties-label\">Kettenschutz :<\/th>\n<td class=\"properties-value\">Lackierter Kettenschutz<\/td>\n<\/tr>\n<tr class=\"properties-row\">\n<th class=\"properties-label\">Kurbelgarnitur :<\/th>\n<td class=\"properties-value\">Geschmiedete Aluminium-Kurbelarme, 170 mm, Bosch-System_x000D_<\/td>\n<\/tr>\n<tr class=\"properties-row\">\n<th class=\"properties-label\">Ladeger\u00e4t :<\/th>\n<td class=\"properties-value\">Bosch Standardladeger\u00e4t 4\u00a0A, 220\u00a0\u2013\u00a0240\u00a0V<\/td>\n<\/tr>\n<tr class=\"properties-row\">\n<th class=\"properties-label\">Marke :<\/th>\n<td class=\"properties-value\">Electra<\/td>\n<\/tr>\n<tr class=\"properties-row\">\n<th class=\"properties-label\">Ma\u00dfeinheit :<\/th>\n<td class=\"properties-value\">km\/h<\/td>\n<\/tr>\n<tr class=\"properties-row\">\n<th class=\"properties-label\">Motor :<\/th>\n<td class=\"properties-value\">Bosch Mittelmotor Active Line Plus 250 Watt, 50Nm<\/td>\n<\/tr>\n<tr class=\"properties-row\">\n<th class=\"properties-label\">Motorposition :<\/th>\n<td class=\"properties-value\">Mittelmotor<\/td>\n<\/tr>\n<tr class=\"properties-row\">\n<th class=\"properties-label\">Nabe hinten :<\/th>\n<td class=\"properties-value\">Shimano Nexus, 5-Gang-Nabe mit Center Lock Disc, 36-Loch<\/td>\n<\/tr>\n<tr class=\"properties-row\">\n<th class=\"properties-label\">Pedale :<\/th>\n<td class=\"properties-value\">Plattformpedale aus Aluminium mit rutschfester Gummiauflage<\/td>\n<\/tr>\n<tr class=\"properties-row\">\n<th class=\"properties-label\">Radgr\u00f6\u00dfe :<\/th>\n<td class=\"properties-value\">28 Zoll<\/td>\n<\/tr>\n<tr class=\"properties-row\">\n<th class=\"properties-label\">Rahmen :<\/th>\n<td class=\"properties-value\">Aluminium 6061-T6<\/td>\n<\/tr>\n<tr class=\"properties-row\">\n<th class=\"properties-label\">Rahmenform :<\/th>\n<td class=\"properties-value\">Damen Sport<\/td>\n<\/tr>\n<tr class=\"properties-row\">\n<th class=\"properties-label\">Rahmenmaterial :<\/th>\n<td class=\"properties-value\">Aluminium<\/td>\n<\/tr>\n<tr class=\"properties-row\">\n<th class=\"properties-label\">Reifen (hinten) :<\/th>\n<td class=\"properties-value\">Schwalbe Fat Frank, Balloon-Reifen mit Kevlar Guard-Pannenschutzg\u00fcrtel, 28&#215;2.00&#8243; (50-622)<\/td>\n<\/tr>\n<tr class=\"properties-row\">\n<th class=\"properties-label\">Reifen (vorne) :<\/th>\n<td class=\"properties-value\">Schwalbe Fat Frank, Balloon-Reifen mit Kevlar Guard-Pannenschutzg\u00fcrtel, 28&#215;2.00&#8243; (50-622)<\/td>\n<\/tr>\n<tr class=\"properties-row\">\n<th class=\"properties-label\">Saison :<\/th>\n<td class=\"properties-value\">2023<\/td>\n<\/tr>\n<tr class=\"properties-row\">\n<th class=\"properties-label\">Sattel :<\/th>\n<td class=\"properties-value\">Retro Kunstledersattel mit Druckfederd\u00e4mpfung<\/td>\n<\/tr>\n<tr class=\"properties-row\">\n<th class=\"properties-label\">Sattelst\u00fctze :<\/th>\n<td class=\"properties-value\">Aluminium-Sattelst\u00fctze mit Micro Adjust, 27,2&#215;300\u00a0mm<\/td>\n<\/tr>\n<tr class=\"properties-row\">\n<th class=\"properties-label\">Schaltart :<\/th>\n<td class=\"properties-value\">Nabe ohne R\u00fccktritt<\/td>\n<\/tr>\n<tr class=\"properties-row\">\n<th class=\"properties-label\">Schalthebel :<\/th>\n<td class=\"properties-value\">Shimano Nexus, 5-fach Drehgriff mit optischer Ganganzeige<\/td>\n<\/tr>\n<tr class=\"properties-row\">\n<th class=\"properties-label\">Schaltung :<\/th>\n<td class=\"properties-value\">5-Gang Nabenschaltung (mit Freilauf)<\/td>\n<\/tr>\n<tr class=\"properties-row\">\n<th class=\"properties-label\">Schaltungscode :<\/th>\n<td class=\"properties-value\">05-Gang Nabe Freilauf<\/td>\n<\/tr>\n<tr class=\"properties-row\">\n<th class=\"properties-label\">Schloss :<\/th>\n<td class=\"properties-value\">ABUS Ringschloss<\/td>\n<\/tr>\n<tr class=\"properties-row\">\n<th class=\"properties-label\">Schutzbleche :<\/th>\n<td class=\"properties-value\">Aluminium, lackiert<\/td>\n<\/tr>\n<tr class=\"properties-row\">\n<th class=\"properties-label\">Steuersatz :<\/th>\n<td class=\"properties-value\">Stahl, gewindelos, 1\u00a01\/8&#8243;<\/td>\n<\/tr>\n<tr class=\"properties-row\">\n<th class=\"properties-label\">St\u00e4nder :<\/th>\n<td class=\"properties-value\">Hebie, stabiler Zweibeinst\u00e4nder<\/td>\n<\/tr>\n<tr class=\"properties-row\">\n<th class=\"properties-label\">Vorbau :<\/th>\n<td class=\"properties-value\">Geschmiedetes Aluminium, 25,4 mm Schaft ohne Gewinde<\/td>\n<\/tr>\n<tr class=\"properties-row\">\n<th class=\"properties-label\">Zahnkranz Singlespeed :<\/th>\n<td class=\"properties-value\">30 Z\u00e4hne<\/td>\n<\/tr>\n<\/tbody>\n<\/table>\n<\/div>\n<\/div>\n<\/div>","protected":false},"excerpt":{"rendered":"<p>Electra Loft Go! 5i EQ Step-Thru 400 Wh &#8211; 400 Wh &#8211; 2023 &#8211; 28 Zoll &#8211; Damen Sport Electra<\/p>","protected":false},"featured_media":62521,"comment_status":"open","ping_status":"closed","template":"","meta":{"_rtcl_gb_attr":""},"product_brand":[],"product_cat":[33,247,270],"product_tag":[],"class_list":{"0":"post-42312","1":"product","2":"type-product","3":"status-publish","4":"has-post-thumbnail","6":"product_cat-e-bike","7":"product_cat-e-bike-trekking","8":"product_cat-e-bikes-2023","9":"pa_marke-electra","11":"first","12":"instock","13":"taxable","14":"shipping-taxable","15":"purchasable","16":"product-type-simple"},"yoast_head":"<!-- This site is optimized with the Yoast SEO Premium plugin v20.12 (Yoast SEO v27.4) - https:\/\/yoast.com\/product\/yoast-seo-premium-wordpress\/ -->\n<title>Electra Loft Go! 5i EQ Step-Thru 400 Wh - 400 Wh - 2023 - 28 Zoll<\/title>\n<meta name=\"description\" content=\"cioelectro.com bietet Ihnen das Electra Loft Go! 5i EQ Step-Thru 400 Wh - 400 Wh - 2023 - 28 Zoll zum besten Preis mit kostenlosem Versand in ganz E\" \/>\n<meta name=\"robots\" content=\"index, follow, max-snippet:-1, max-image-preview:large, max-video-preview:-1\" \/>\n<link rel=\"canonical\" href=\"https:\/\/cioelectro.com\/en\/produkt\/electra-loft-go-5i-eq-step-thru-400-wh-400-wh-2023-28-zoll-damen-sport\/\" \/>\n<meta property=\"og:locale\" content=\"en_US\" \/>\n<meta property=\"og:type\" content=\"article\" \/>\n<meta property=\"og:title\" content=\"Electra Loft Go! 5i EQ Step-Thru 400 Wh - 400 Wh - 2023 - 28 Zoll\" \/>\n<meta property=\"og:description\" content=\"Entdecken Sie unseren Online-Fahrradladen: Gro\u00dfe Auswahl an Modellen f\u00fcr alle Radsportbegeisterten. Von Rennr\u00e4dern bis zu Mountainbikes - finden Sie heute Ihren perfekten Wegbegleiter!\" \/>\n<meta property=\"og:url\" content=\"https:\/\/cioelectro.com\/en\/produkt\/electra-loft-go-5i-eq-step-thru-400-wh-400-wh-2023-28-zoll-damen-sport\/\" \/>\n<meta property=\"og:site_name\" content=\"cioelectro.com\" \/>\n<meta property=\"article:modified_time\" content=\"2023-08-11T07:54:03+00:00\" \/>\n<meta property=\"og:image\" content=\"https:\/\/cioelectro.com\/wp-content\/uploads\/2023\/06\/30f4104eb4a44318a8555e3ed9c965e4.jpg\" \/>\n\t<meta property=\"og:image:width\" content=\"1920\" \/>\n\t<meta property=\"og:image:height\" content=\"1280\" \/>\n\t<meta property=\"og:image:type\" content=\"image\/jpeg\" \/>\n<meta name=\"twitter:card\" content=\"summary_large_image\" \/>\n<meta name=\"twitter:label1\" content=\"Est. reading time\" \/>\n\t<meta name=\"twitter:data1\" content=\"4 minutes\" \/>\n<script type=\"application\/ld+json\" class=\"yoast-schema-graph\">{\"@context\":\"https:\\\/\\\/schema.org\",\"@graph\":[{\"@type\":\"WebPage\",\"@id\":\"https:\\\/\\\/cioelectro.com\\\/produkt\\\/electra-loft-go-5i-eq-step-thru-400-wh-400-wh-2023-28-zoll-damen-sport\\\/\",\"url\":\"https:\\\/\\\/cioelectro.com\\\/produkt\\\/electra-loft-go-5i-eq-step-thru-400-wh-400-wh-2023-28-zoll-damen-sport\\\/\",\"name\":\"Electra Loft Go! 5i EQ Step-Thru 400 Wh - 400 Wh - 2023 - 28 Zoll\",\"isPartOf\":{\"@id\":\"https:\\\/\\\/cioelectro.com\\\/#website\"},\"primaryImageOfPage\":{\"@id\":\"https:\\\/\\\/cioelectro.com\\\/produkt\\\/electra-loft-go-5i-eq-step-thru-400-wh-400-wh-2023-28-zoll-damen-sport\\\/#primaryimage\"},\"image\":{\"@id\":\"https:\\\/\\\/cioelectro.com\\\/produkt\\\/electra-loft-go-5i-eq-step-thru-400-wh-400-wh-2023-28-zoll-damen-sport\\\/#primaryimage\"},\"thumbnailUrl\":\"https:\\\/\\\/cioelectro.com\\\/wp-content\\\/uploads\\\/2023\\\/06\\\/30f4104eb4a44318a8555e3ed9c965e4.jpg\",\"datePublished\":\"2022-11-19T10:01:26+00:00\",\"dateModified\":\"2023-08-11T07:54:03+00:00\",\"description\":\"cioelectro.com bietet Ihnen das Electra Loft Go! 5i EQ Step-Thru 400 Wh - 400 Wh - 2023 - 28 Zoll zum besten Preis mit kostenlosem Versand in ganz E\",\"breadcrumb\":{\"@id\":\"https:\\\/\\\/cioelectro.com\\\/produkt\\\/electra-loft-go-5i-eq-step-thru-400-wh-400-wh-2023-28-zoll-damen-sport\\\/#breadcrumb\"},\"inLanguage\":\"en-US\",\"potentialAction\":[{\"@type\":\"ReadAction\",\"target\":[\"https:\\\/\\\/cioelectro.com\\\/produkt\\\/electra-loft-go-5i-eq-step-thru-400-wh-400-wh-2023-28-zoll-damen-sport\\\/\"]}]},{\"@type\":\"ImageObject\",\"inLanguage\":\"en-US\",\"@id\":\"https:\\\/\\\/cioelectro.com\\\/produkt\\\/electra-loft-go-5i-eq-step-thru-400-wh-400-wh-2023-28-zoll-damen-sport\\\/#primaryimage\",\"url\":\"https:\\\/\\\/cioelectro.com\\\/wp-content\\\/uploads\\\/2023\\\/06\\\/30f4104eb4a44318a8555e3ed9c965e4.jpg\",\"contentUrl\":\"https:\\\/\\\/cioelectro.com\\\/wp-content\\\/uploads\\\/2023\\\/06\\\/30f4104eb4a44318a8555e3ed9c965e4.jpg\",\"width\":1920,\"height\":1280,\"caption\":\"Electra Loft Go\"},{\"@type\":\"BreadcrumbList\",\"@id\":\"https:\\\/\\\/cioelectro.com\\\/produkt\\\/electra-loft-go-5i-eq-step-thru-400-wh-400-wh-2023-28-zoll-damen-sport\\\/#breadcrumb\",\"itemListElement\":[{\"@type\":\"ListItem\",\"position\":1,\"name\":\"Startseite\",\"item\":\"https:\\\/\\\/cioelectro.com\\\/\"},{\"@type\":\"ListItem\",\"position\":2,\"name\":\"LADEN\",\"item\":\"https:\\\/\\\/cioelectro.com\\\/laden\\\/\"},{\"@type\":\"ListItem\",\"position\":3,\"name\":\"Electra Loft Go! 5i EQ Step-Thru 400 Wh &#8211; 400 Wh &#8211; 2023 &#8211; 28 Zoll\"}]},{\"@type\":\"WebSite\",\"@id\":\"https:\\\/\\\/cioelectro.com\\\/#website\",\"url\":\"https:\\\/\\\/cioelectro.com\\\/\",\"name\":\"cioelectro.com\",\"description\":\"Treten Sie mit uns ins Abenteuer!\",\"publisher\":{\"@id\":\"https:\\\/\\\/cioelectro.com\\\/#organization\"},\"alternateName\":\"MEIN RADLADEN\",\"potentialAction\":[{\"@type\":\"SearchAction\",\"target\":{\"@type\":\"EntryPoint\",\"urlTemplate\":\"https:\\\/\\\/cioelectro.com\\\/?s={search_term_string}\"},\"query-input\":{\"@type\":\"PropertyValueSpecification\",\"valueRequired\":true,\"valueName\":\"search_term_string\"}}],\"inLanguage\":\"en-US\"},{\"@type\":\"Organization\",\"@id\":\"https:\\\/\\\/cioelectro.com\\\/#organization\",\"name\":\"CIOELECTRO\",\"alternateName\":\"MEIN RADLADEN\",\"url\":\"https:\\\/\\\/cioelectro.com\\\/\",\"logo\":{\"@type\":\"ImageObject\",\"inLanguage\":\"en-US\",\"@id\":\"https:\\\/\\\/cioelectro.com\\\/#\\\/schema\\\/logo\\\/image\\\/\",\"url\":\"https:\\\/\\\/cioelectro.com\\\/wp-content\\\/uploads\\\/2025\\\/12\\\/Logo-2-1200x800.png\",\"contentUrl\":\"https:\\\/\\\/cioelectro.com\\\/wp-content\\\/uploads\\\/2025\\\/12\\\/Logo-2-1200x800.png\",\"width\":1200,\"height\":800,\"caption\":\"CIOELECTRO\"},\"image\":{\"@id\":\"https:\\\/\\\/cioelectro.com\\\/#\\\/schema\\\/logo\\\/image\\\/\"}}]}<\/script>\n<!-- \/ Yoast SEO Premium plugin. -->","yoast_head_json":{"title":"Electra Loft Go! 5i EQ Step-Thru 400 Wh - 400 Wh - 2023 - 28 Zoll","description":"cioelectro.com bietet Ihnen das Electra Loft Go! 5i EQ Step-Thru 400 Wh - 400 Wh - 2023 - 28 Zoll zum besten Preis mit kostenlosem Versand in ganz E","robots":{"index":"index","follow":"follow","max-snippet":"max-snippet:-1","max-image-preview":"max-image-preview:large","max-video-preview":"max-video-preview:-1"},"canonical":"https:\/\/cioelectro.com\/en\/produkt\/electra-loft-go-5i-eq-step-thru-400-wh-400-wh-2023-28-zoll-damen-sport\/","og_locale":"en_US","og_type":"article","og_title":"Electra Loft Go! 5i EQ Step-Thru 400 Wh - 400 Wh - 2023 - 28 Zoll","og_description":"Entdecken Sie unseren Online-Fahrradladen: Gro\u00dfe Auswahl an Modellen f\u00fcr alle Radsportbegeisterten. Von Rennr\u00e4dern bis zu Mountainbikes - finden Sie heute Ihren perfekten Wegbegleiter!","og_url":"https:\/\/cioelectro.com\/en\/produkt\/electra-loft-go-5i-eq-step-thru-400-wh-400-wh-2023-28-zoll-damen-sport\/","og_site_name":"cioelectro.com","article_modified_time":"2023-08-11T07:54:03+00:00","og_image":[{"width":1920,"height":1280,"url":"https:\/\/cioelectro.com\/wp-content\/uploads\/2023\/06\/30f4104eb4a44318a8555e3ed9c965e4.jpg","type":"image\/jpeg"}],"twitter_card":"summary_large_image","twitter_misc":{"Est. reading time":"4 minutes"},"schema":{"@context":"https:\/\/schema.org","@graph":[{"@type":"WebPage","@id":"https:\/\/cioelectro.com\/produkt\/electra-loft-go-5i-eq-step-thru-400-wh-400-wh-2023-28-zoll-damen-sport\/","url":"https:\/\/cioelectro.com\/produkt\/electra-loft-go-5i-eq-step-thru-400-wh-400-wh-2023-28-zoll-damen-sport\/","name":"Electra Loft Go! 5i EQ Step-Thru 400 Wh - 400 Wh - 2023 - 28 Zoll","isPartOf":{"@id":"https:\/\/cioelectro.com\/#website"},"primaryImageOfPage":{"@id":"https:\/\/cioelectro.com\/produkt\/electra-loft-go-5i-eq-step-thru-400-wh-400-wh-2023-28-zoll-damen-sport\/#primaryimage"},"image":{"@id":"https:\/\/cioelectro.com\/produkt\/electra-loft-go-5i-eq-step-thru-400-wh-400-wh-2023-28-zoll-damen-sport\/#primaryimage"},"thumbnailUrl":"https:\/\/cioelectro.com\/wp-content\/uploads\/2023\/06\/30f4104eb4a44318a8555e3ed9c965e4.jpg","datePublished":"2022-11-19T10:01:26+00:00","dateModified":"2023-08-11T07:54:03+00:00","description":"cioelectro.com bietet Ihnen das Electra Loft Go! 5i EQ Step-Thru 400 Wh - 400 Wh - 2023 - 28 Zoll zum besten Preis mit kostenlosem Versand in ganz E","breadcrumb":{"@id":"https:\/\/cioelectro.com\/produkt\/electra-loft-go-5i-eq-step-thru-400-wh-400-wh-2023-28-zoll-damen-sport\/#breadcrumb"},"inLanguage":"en-US","potentialAction":[{"@type":"ReadAction","target":["https:\/\/cioelectro.com\/produkt\/electra-loft-go-5i-eq-step-thru-400-wh-400-wh-2023-28-zoll-damen-sport\/"]}]},{"@type":"ImageObject","inLanguage":"en-US","@id":"https:\/\/cioelectro.com\/produkt\/electra-loft-go-5i-eq-step-thru-400-wh-400-wh-2023-28-zoll-damen-sport\/#primaryimage","url":"https:\/\/cioelectro.com\/wp-content\/uploads\/2023\/06\/30f4104eb4a44318a8555e3ed9c965e4.jpg","contentUrl":"https:\/\/cioelectro.com\/wp-content\/uploads\/2023\/06\/30f4104eb4a44318a8555e3ed9c965e4.jpg","width":1920,"height":1280,"caption":"Electra Loft Go"},{"@type":"BreadcrumbList","@id":"https:\/\/cioelectro.com\/produkt\/electra-loft-go-5i-eq-step-thru-400-wh-400-wh-2023-28-zoll-damen-sport\/#breadcrumb","itemListElement":[{"@type":"ListItem","position":1,"name":"Startseite","item":"https:\/\/cioelectro.com\/"},{"@type":"ListItem","position":2,"name":"LADEN","item":"https:\/\/cioelectro.com\/laden\/"},{"@type":"ListItem","position":3,"name":"Electra Loft Go! 5i EQ Step-Thru 400 Wh &#8211; 400 Wh &#8211; 2023 &#8211; 28 Zoll"}]},{"@type":"WebSite","@id":"https:\/\/cioelectro.com\/#website","url":"https:\/\/cioelectro.com\/","name":"cioelectro.com","description":"Treten Sie mit uns ins Abenteuer!","publisher":{"@id":"https:\/\/cioelectro.com\/#organization"},"alternateName":"MEIN RADLADEN","potentialAction":[{"@type":"SearchAction","target":{"@type":"EntryPoint","urlTemplate":"https:\/\/cioelectro.com\/?s={search_term_string}"},"query-input":{"@type":"PropertyValueSpecification","valueRequired":true,"valueName":"search_term_string"}}],"inLanguage":"en-US"},{"@type":"Organization","@id":"https:\/\/cioelectro.com\/#organization","name":"CIOELECTRO","alternateName":"MEIN RADLADEN","url":"https:\/\/cioelectro.com\/","logo":{"@type":"ImageObject","inLanguage":"en-US","@id":"https:\/\/cioelectro.com\/#\/schema\/logo\/image\/","url":"https:\/\/cioelectro.com\/wp-content\/uploads\/2025\/12\/Logo-2-1200x800.png","contentUrl":"https:\/\/cioelectro.com\/wp-content\/uploads\/2025\/12\/Logo-2-1200x800.png","width":1200,"height":800,"caption":"CIOELECTRO"},"image":{"@id":"https:\/\/cioelectro.com\/#\/schema\/logo\/image\/"}}]}},"_links":{"self":[{"href":"https:\/\/cioelectro.com\/en\/wp-json\/wp\/v2\/product\/42312","targetHints":{"allow":["GET"]}}],"collection":[{"href":"https:\/\/cioelectro.com\/en\/wp-json\/wp\/v2\/product"}],"about":[{"href":"https:\/\/cioelectro.com\/en\/wp-json\/wp\/v2\/types\/product"}],"replies":[{"embeddable":true,"href":"https:\/\/cioelectro.com\/en\/wp-json\/wp\/v2\/comments?post=42312"}],"version-history":[{"count":0,"href":"https:\/\/cioelectro.com\/en\/wp-json\/wp\/v2\/product\/42312\/revisions"}],"wp:featuredmedia":[{"embeddable":true,"href":"https:\/\/cioelectro.com\/en\/wp-json\/wp\/v2\/media\/62521"}],"wp:attachment":[{"href":"https:\/\/cioelectro.com\/en\/wp-json\/wp\/v2\/media?parent=42312"}],"wp:term":[{"taxonomy":"product_brand","embeddable":true,"href":"https:\/\/cioelectro.com\/en\/wp-json\/wp\/v2\/product_brand?post=42312"},{"taxonomy":"product_cat","embeddable":true,"href":"https:\/\/cioelectro.com\/en\/wp-json\/wp\/v2\/product_cat?post=42312"},{"taxonomy":"product_tag","embeddable":true,"href":"https:\/\/cioelectro.com\/en\/wp-json\/wp\/v2\/product_tag?post=42312"}],"curies":[{"name":"wp","href":"https:\/\/api.w.org\/{rel}","templated":true}]}}