{"id":42615,"date":"2022-11-19T13:04:35","date_gmt":"2022-11-19T12:04:35","guid":{"rendered":"https:\/\/meinradladen.com\/?post_type=product&#038;p=42615"},"modified":"2023-08-11T09:47:02","modified_gmt":"2023-08-11T07:47:02","slug":"flyer-upstreet3-7-23-750-wh-2022-275-zoll-diamant","status":"publish","type":"product","link":"https:\/\/cioelectro.com\/en\/produkt\/flyer-upstreet3-7-23-750-wh-2022-275-zoll-diamant\/","title":{"rendered":"Flyer Upstreet3 7.23 &#8211; 750 Wh &#8211; 2022 &#8211; 27,5 Zoll &#8211; Diamant"},"content":{"rendered":"<div class=\"col product-detail-name-container\">\n<div class=\"col product-detail-name-container\">\n<h2 class=\"product-detail-name\">Flyer Upstreet3 7.23 &#8211; 750 Wh &#8211; 2022 &#8211; 27,5 Zoll &#8211; Diamant<\/h2>\n<\/div>\n<p>Das robuste Flyer Upstreet3 7.23 inspiriert zum Spa\u00df auf zwei R\u00e4dern und ist ideal f\u00fcr nahezu jeden. Das sportlich-elegante E-Bike ist sein Element sowohl auf dem flotten Weg zur Arbeit als auch auf dem Abstecher nach Feierabend \u00fcber Landstra\u00dfen.<\/p>\n<h4 class=\"h3 product-detail-description-title\">Produktinformationen &#8220;Flyer Upstreet3 7.23 &#8211; 750 Wh &#8211; 2022 &#8211; 27,5 Zoll &#8211; Diamant&#8221;<\/h4>\n<div class=\"product-detail-description-text\">\n<hr \/>\n<h3>Details<\/h3>\n<div>\n<table>\n<tbody>\n<tr>\n<td>Zul\u00e4ssiges Gewicht inkl. Fahrer und Zuladung<\/td>\n<td>180 kg<\/td>\n<\/tr>\n<tr>\n<td>Gewicht in kg<\/td>\n<td>31<\/td>\n<\/tr>\n<tr>\n<td>Motor<\/td>\n<td>Panasonic GX Ultimate Mittelmotor 36V 250 Watt<\/td>\n<\/tr>\n<tr>\n<td>Drehmoment in Nm<\/td>\n<td>90 Nm<\/td>\n<\/tr>\n<tr>\n<td>Display<\/td>\n<td>FIT D0 (2&#8243; Color Display)<\/td>\n<\/tr>\n<tr>\n<td>Motorposition<\/td>\n<td>Mittelmotor<\/td>\n<\/tr>\n<tr>\n<td>Kassette<\/td>\n<td>Gates CDX, 28 Z\u00e4hne<\/td>\n<\/tr>\n<tr>\n<td>Schalthebel<\/td>\n<td>enviolo TR Manual Controller<\/td>\n<\/tr>\n<tr>\n<td>Kurbelgarnitur<\/td>\n<td>Samox EC40, 170mm Kurbelarml\u00e4nge<\/td>\n<\/tr>\n<tr>\n<td>Schaltung<\/td>\n<td>stufenlose Getriebenabe<\/td>\n<\/tr>\n<tr>\n<td>Schaltungscode<\/td>\n<td>Automatiknabe Riemen Freilauf<\/td>\n<\/tr>\n<tr>\n<td>Bremsen vorne<\/td>\n<td>Magura MT5 4P<\/td>\n<\/tr>\n<tr>\n<td>Bremsen hinten<\/td>\n<td>Magura MT5 4P<\/td>\n<\/tr>\n<tr>\n<td>Gabel<\/td>\n<td>SR Suntour Mobie45 Air, 60mm Federweg, 15x100mm axle<\/td>\n<\/tr>\n<tr>\n<td>Sattelklemme<\/td>\n<td>Laminar CL07JB1 BK 39\/34.9<\/td>\n<\/tr>\n<tr>\n<td>Rahmen<\/td>\n<td>Aluminium<\/td>\n<\/tr>\n<tr>\n<td>Rahmenform<\/td>\n<td>Diamant<\/td>\n<\/tr>\n<tr>\n<td>Griffe<\/td>\n<td>Flyer Comfort<\/td>\n<\/tr>\n<tr>\n<td>Lenker<\/td>\n<td>Flyer Cruise, 42\u00b0, 55 mm , 640mm Lenkerbreite<\/td>\n<\/tr>\n<tr>\n<td>Sattel<\/td>\n<td>Selle Royal Viaggio<\/td>\n<\/tr>\n<tr>\n<td>Vorbau<\/td>\n<td>Satori All Up 1.5&#8243;, 35 x 95 mm, adjustable height 90 mm, adjustable angle<\/td>\n<\/tr>\n<tr>\n<td>Sattelst\u00fctze<\/td>\n<td>bySchulz G.2 ST, 31.6 x 350 mm<\/td>\n<\/tr>\n<tr>\n<td>Reifen (vorne)<\/td>\n<td>Schwalbe Super Moto 27.5 x 2.4 (62-584)<\/td>\n<\/tr>\n<tr>\n<td>Reifen (hinten)<\/td>\n<td>Schwalbe Super Moto 27.5 x 2.4 (62-584)<\/td>\n<\/tr>\n<tr>\n<td>Speichen<\/td>\n<td>Front: DT Swiss Champion 2.0 x 272\/270 mm \/ Rear: DT Swiss Champion 2.0 x 239 mm<\/td>\n<\/tr>\n<tr>\n<td>Nabe vorne<\/td>\n<td>Bear Pawls BMT-003, 36h<\/td>\n<\/tr>\n<tr>\n<td>Nabe hinten<\/td>\n<td>Enviolo TR CVP, 36h<\/td>\n<\/tr>\n<tr>\n<td>Felgen<\/td>\n<td>Mach1 Trucky;Mach1 Trucky<\/td>\n<\/tr>\n<tr>\n<td>H\u00f6chstgeschwindigkeit<\/td>\n<td>25<\/td>\n<\/tr>\n<tr>\n<td>Ma\u00dfeinheit<\/td>\n<td>km\/h<\/td>\n<\/tr>\n<tr>\n<td>Akku<\/td>\n<td>Flyer SIB-750 (750 Wh \/ 20.1 Ah \/ 36 V)<\/td>\n<\/tr>\n<tr>\n<td>Schloss<\/td>\n<td>Abus Shield 5650L; battery lock with YourPlus one key system<\/td>\n<\/tr>\n<tr>\n<td>St\u00e4nder<\/td>\n<td>Pletscher Comp 40 Flex<\/td>\n<\/tr>\n<tr>\n<td>Gep\u00e4cktr\u00e4ger<\/td>\n<td>Flyer Racktime, integrated spring flap<\/td>\n<\/tr>\n<tr>\n<td>Beleuchtung vorn<\/td>\n<td>Busch &amp; M\u00fcller IQ-XS Friendly<\/td>\n<\/tr>\n<tr>\n<td>Beleuchtung hinten<\/td>\n<td>Busch &amp; M\u00fcller 2C<\/td>\n<\/tr>\n<tr>\n<td>Pedale<\/td>\n<td>Flyer Wellgo<\/td>\n<\/tr>\n<tr>\n<td>Steuersatz<\/td>\n<td>Acros AZF-1029<\/td>\n<\/tr>\n<tr>\n<td>Schutzbleche<\/td>\n<td>SunnyWheel 70mm<\/td>\n<\/tr>\n<tr>\n<td>Ladeger\u00e4t<\/td>\n<td>Flyer Fast Charger 6A 36V<\/td>\n<\/tr>\n<tr>\n<td>Schl\u00e4uche<\/td>\n<td>SchwalbeAV21 40\/62-584<\/td>\n<\/tr>\n<tr>\n<td>Felge hinten<\/td>\n<td>Mach1 Trucky<\/td>\n<\/tr>\n<tr>\n<td>Riemen<\/td>\n<td>Gates CDX, 130t<\/td>\n<\/tr>\n<tr>\n<td>E-Bike Motor Hersteller<\/td>\n<td>Panasonic<\/td>\n<\/tr>\n<tr>\n<td>E-Bike Zulassungspflichtig<\/td>\n<td>Nein<\/td>\n<\/tr>\n<tr>\n<td>G\u00e4nge<\/td>\n<td>Stufenlos<\/td>\n<\/tr>\n<tr>\n<td>Geschlecht<\/td>\n<td>Herren<\/td>\n<\/tr>\n<tr>\n<td>Marke<\/td>\n<td>Flyer<\/td>\n<\/tr>\n<tr>\n<td>Radgr\u00f6\u00dfe<\/td>\n<td>27,5 Zoll<\/td>\n<\/tr>\n<tr>\n<td>Rahmenmaterial<\/td>\n<td>Aluminium<\/td>\n<\/tr>\n<tr>\n<td>Saison<\/td>\n<td>2022<\/td>\n<\/tr>\n<tr>\n<td>Schaltart<\/td>\n<td>Enviolo<\/td>\n<\/tr>\n<\/tbody>\n<\/table>\n<\/div>\n<\/div>\n<p>&nbsp;<\/p>\n<\/div>","protected":false},"excerpt":{"rendered":"<p>Flyer Upstreet3 7.23 &#8211; 750 Wh &#8211; 2022 &#8211; 27,5 Zoll &#8211; Diamant Das robuste Flyer Upstreet3 7.23 inspiriert zum<\/p>","protected":false},"featured_media":62620,"comment_status":"open","ping_status":"closed","template":"","meta":{"_rtcl_gb_attr":""},"product_brand":[],"product_cat":[33,34,247,35],"product_tag":[],"class_list":{"0":"post-42615","1":"product","2":"type-product","3":"status-publish","4":"has-post-thumbnail","6":"product_cat-e-bike","7":"product_cat-e-bike-city-urban","8":"product_cat-e-bike-trekking","9":"product_cat-e-bikes-2022","10":"pa_marke-flyer","12":"first","13":"instock","14":"sale","15":"taxable","16":"shipping-taxable","17":"purchasable","18":"product-type-variable"},"yoast_head":"<!-- This site is optimized with the Yoast SEO Premium plugin v20.12 (Yoast SEO v27.4) - https:\/\/yoast.com\/product\/yoast-seo-premium-wordpress\/ -->\n<title>Flyer Upstreet3 7.23 - 750 Wh - 2022 - 27,5 Zoll - Diamant<\/title>\n<meta name=\"description\" content=\"Entdecken Sie unseren Online-Fahrradladen: Gro\u00dfe Auswahl an Modellen f\u00fcr alle Radsportbegeisterten. Von Rennr\u00e4dern bis zu Mountainbikes - finden Sie heute Ihren perfekten Wegbegleiter!\" \/>\n<meta name=\"robots\" content=\"index, follow, max-snippet:-1, max-image-preview:large, max-video-preview:-1\" \/>\n<link rel=\"canonical\" href=\"https:\/\/cioelectro.com\/en\/produkt\/flyer-upstreet3-7-23-750-wh-2022-275-zoll-diamant\/\" \/>\n<meta property=\"og:locale\" content=\"en_US\" \/>\n<meta property=\"og:type\" content=\"article\" \/>\n<meta property=\"og:title\" content=\"Flyer Upstreet3 7.23 - 750 Wh - 2022 - 27,5 Zoll - Diamant\" \/>\n<meta property=\"og:description\" content=\"Entdecken Sie unseren Online-Fahrradladen: Gro\u00dfe Auswahl an Modellen f\u00fcr alle Radsportbegeisterten. Von Rennr\u00e4dern bis zu Mountainbikes - finden Sie heute Ihren perfekten Wegbegleiter!\" \/>\n<meta property=\"og:url\" content=\"https:\/\/cioelectro.com\/en\/produkt\/flyer-upstreet3-7-23-750-wh-2022-275-zoll-diamant\/\" \/>\n<meta property=\"og:site_name\" content=\"cioelectro.com\" \/>\n<meta property=\"article:modified_time\" content=\"2023-08-11T07:47:02+00:00\" \/>\n<meta property=\"og:image\" content=\"https:\/\/cioelectro.com\/wp-content\/uploads\/2023\/06\/2ca3adc463b841be992ec9ae60276c25.jpg\" \/>\n\t<meta property=\"og:image:width\" content=\"1920\" \/>\n\t<meta property=\"og:image:height\" content=\"1280\" \/>\n\t<meta property=\"og:image:type\" content=\"image\/jpeg\" \/>\n<meta name=\"twitter:card\" content=\"summary_large_image\" \/>\n<meta name=\"twitter:label1\" content=\"Est. reading time\" \/>\n\t<meta name=\"twitter:data1\" content=\"2 minutes\" \/>\n<script type=\"application\/ld+json\" class=\"yoast-schema-graph\">{\"@context\":\"https:\\\/\\\/schema.org\",\"@graph\":[{\"@type\":\"WebPage\",\"@id\":\"https:\\\/\\\/cioelectro.com\\\/produkt\\\/flyer-upstreet3-7-23-750-wh-2022-275-zoll-diamant\\\/\",\"url\":\"https:\\\/\\\/cioelectro.com\\\/produkt\\\/flyer-upstreet3-7-23-750-wh-2022-275-zoll-diamant\\\/\",\"name\":\"Flyer Upstreet3 7.23 - 750 Wh - 2022 - 27,5 Zoll - Diamant\",\"isPartOf\":{\"@id\":\"https:\\\/\\\/cioelectro.com\\\/#website\"},\"primaryImageOfPage\":{\"@id\":\"https:\\\/\\\/cioelectro.com\\\/produkt\\\/flyer-upstreet3-7-23-750-wh-2022-275-zoll-diamant\\\/#primaryimage\"},\"image\":{\"@id\":\"https:\\\/\\\/cioelectro.com\\\/produkt\\\/flyer-upstreet3-7-23-750-wh-2022-275-zoll-diamant\\\/#primaryimage\"},\"thumbnailUrl\":\"https:\\\/\\\/cioelectro.com\\\/wp-content\\\/uploads\\\/2023\\\/06\\\/2ca3adc463b841be992ec9ae60276c25.jpg\",\"datePublished\":\"2022-11-19T12:04:35+00:00\",\"dateModified\":\"2023-08-11T07:47:02+00:00\",\"description\":\"Entdecken Sie unseren Online-Fahrradladen: Gro\u00dfe Auswahl an Modellen f\u00fcr alle Radsportbegeisterten. Von Rennr\u00e4dern bis zu Mountainbikes - finden Sie heute Ihren perfekten Wegbegleiter!\",\"breadcrumb\":{\"@id\":\"https:\\\/\\\/cioelectro.com\\\/produkt\\\/flyer-upstreet3-7-23-750-wh-2022-275-zoll-diamant\\\/#breadcrumb\"},\"inLanguage\":\"en-US\",\"potentialAction\":[{\"@type\":\"ReadAction\",\"target\":[\"https:\\\/\\\/cioelectro.com\\\/produkt\\\/flyer-upstreet3-7-23-750-wh-2022-275-zoll-diamant\\\/\"]}]},{\"@type\":\"ImageObject\",\"inLanguage\":\"en-US\",\"@id\":\"https:\\\/\\\/cioelectro.com\\\/produkt\\\/flyer-upstreet3-7-23-750-wh-2022-275-zoll-diamant\\\/#primaryimage\",\"url\":\"https:\\\/\\\/cioelectro.com\\\/wp-content\\\/uploads\\\/2023\\\/06\\\/2ca3adc463b841be992ec9ae60276c25.jpg\",\"contentUrl\":\"https:\\\/\\\/cioelectro.com\\\/wp-content\\\/uploads\\\/2023\\\/06\\\/2ca3adc463b841be992ec9ae60276c25.jpg\",\"width\":1920,\"height\":1280,\"caption\":\"Flyer Upstreet3 7.23 - 750 Wh - 2022 - 27\"},{\"@type\":\"BreadcrumbList\",\"@id\":\"https:\\\/\\\/cioelectro.com\\\/produkt\\\/flyer-upstreet3-7-23-750-wh-2022-275-zoll-diamant\\\/#breadcrumb\",\"itemListElement\":[{\"@type\":\"ListItem\",\"position\":1,\"name\":\"Startseite\",\"item\":\"https:\\\/\\\/cioelectro.com\\\/\"},{\"@type\":\"ListItem\",\"position\":2,\"name\":\"LADEN\",\"item\":\"https:\\\/\\\/cioelectro.com\\\/laden\\\/\"},{\"@type\":\"ListItem\",\"position\":3,\"name\":\"Flyer Upstreet3 7.23 &#8211; 750 Wh &#8211; 2022 &#8211; 27,5 Zoll &#8211; Diamant\"}]},{\"@type\":\"WebSite\",\"@id\":\"https:\\\/\\\/cioelectro.com\\\/#website\",\"url\":\"https:\\\/\\\/cioelectro.com\\\/\",\"name\":\"cioelectro.com\",\"description\":\"Treten Sie mit uns ins Abenteuer!\",\"publisher\":{\"@id\":\"https:\\\/\\\/cioelectro.com\\\/#organization\"},\"alternateName\":\"MEIN RADLADEN\",\"potentialAction\":[{\"@type\":\"SearchAction\",\"target\":{\"@type\":\"EntryPoint\",\"urlTemplate\":\"https:\\\/\\\/cioelectro.com\\\/?s={search_term_string}\"},\"query-input\":{\"@type\":\"PropertyValueSpecification\",\"valueRequired\":true,\"valueName\":\"search_term_string\"}}],\"inLanguage\":\"en-US\"},{\"@type\":\"Organization\",\"@id\":\"https:\\\/\\\/cioelectro.com\\\/#organization\",\"name\":\"CIOELECTRO\",\"alternateName\":\"MEIN RADLADEN\",\"url\":\"https:\\\/\\\/cioelectro.com\\\/\",\"logo\":{\"@type\":\"ImageObject\",\"inLanguage\":\"en-US\",\"@id\":\"https:\\\/\\\/cioelectro.com\\\/#\\\/schema\\\/logo\\\/image\\\/\",\"url\":\"https:\\\/\\\/cioelectro.com\\\/wp-content\\\/uploads\\\/2025\\\/12\\\/Logo-2-1200x800.png\",\"contentUrl\":\"https:\\\/\\\/cioelectro.com\\\/wp-content\\\/uploads\\\/2025\\\/12\\\/Logo-2-1200x800.png\",\"width\":1200,\"height\":800,\"caption\":\"CIOELECTRO\"},\"image\":{\"@id\":\"https:\\\/\\\/cioelectro.com\\\/#\\\/schema\\\/logo\\\/image\\\/\"}}]}<\/script>\n<!-- \/ Yoast SEO Premium plugin. -->","yoast_head_json":{"title":"Flyer Upstreet3 7.23 - 750 Wh - 2022 - 27,5 Zoll - Diamant","description":"Entdecken Sie unseren Online-Fahrradladen: Gro\u00dfe Auswahl an Modellen f\u00fcr alle Radsportbegeisterten. Von Rennr\u00e4dern bis zu Mountainbikes - finden Sie heute Ihren perfekten Wegbegleiter!","robots":{"index":"index","follow":"follow","max-snippet":"max-snippet:-1","max-image-preview":"max-image-preview:large","max-video-preview":"max-video-preview:-1"},"canonical":"https:\/\/cioelectro.com\/en\/produkt\/flyer-upstreet3-7-23-750-wh-2022-275-zoll-diamant\/","og_locale":"en_US","og_type":"article","og_title":"Flyer Upstreet3 7.23 - 750 Wh - 2022 - 27,5 Zoll - Diamant","og_description":"Entdecken Sie unseren Online-Fahrradladen: Gro\u00dfe Auswahl an Modellen f\u00fcr alle Radsportbegeisterten. Von Rennr\u00e4dern bis zu Mountainbikes - finden Sie heute Ihren perfekten Wegbegleiter!","og_url":"https:\/\/cioelectro.com\/en\/produkt\/flyer-upstreet3-7-23-750-wh-2022-275-zoll-diamant\/","og_site_name":"cioelectro.com","article_modified_time":"2023-08-11T07:47:02+00:00","og_image":[{"width":1920,"height":1280,"url":"https:\/\/cioelectro.com\/wp-content\/uploads\/2023\/06\/2ca3adc463b841be992ec9ae60276c25.jpg","type":"image\/jpeg"}],"twitter_card":"summary_large_image","twitter_misc":{"Est. reading time":"2 minutes"},"schema":{"@context":"https:\/\/schema.org","@graph":[{"@type":"WebPage","@id":"https:\/\/cioelectro.com\/produkt\/flyer-upstreet3-7-23-750-wh-2022-275-zoll-diamant\/","url":"https:\/\/cioelectro.com\/produkt\/flyer-upstreet3-7-23-750-wh-2022-275-zoll-diamant\/","name":"Flyer Upstreet3 7.23 - 750 Wh - 2022 - 27,5 Zoll - Diamant","isPartOf":{"@id":"https:\/\/cioelectro.com\/#website"},"primaryImageOfPage":{"@id":"https:\/\/cioelectro.com\/produkt\/flyer-upstreet3-7-23-750-wh-2022-275-zoll-diamant\/#primaryimage"},"image":{"@id":"https:\/\/cioelectro.com\/produkt\/flyer-upstreet3-7-23-750-wh-2022-275-zoll-diamant\/#primaryimage"},"thumbnailUrl":"https:\/\/cioelectro.com\/wp-content\/uploads\/2023\/06\/2ca3adc463b841be992ec9ae60276c25.jpg","datePublished":"2022-11-19T12:04:35+00:00","dateModified":"2023-08-11T07:47:02+00:00","description":"Entdecken Sie unseren Online-Fahrradladen: Gro\u00dfe Auswahl an Modellen f\u00fcr alle Radsportbegeisterten. Von Rennr\u00e4dern bis zu Mountainbikes - finden Sie heute Ihren perfekten Wegbegleiter!","breadcrumb":{"@id":"https:\/\/cioelectro.com\/produkt\/flyer-upstreet3-7-23-750-wh-2022-275-zoll-diamant\/#breadcrumb"},"inLanguage":"en-US","potentialAction":[{"@type":"ReadAction","target":["https:\/\/cioelectro.com\/produkt\/flyer-upstreet3-7-23-750-wh-2022-275-zoll-diamant\/"]}]},{"@type":"ImageObject","inLanguage":"en-US","@id":"https:\/\/cioelectro.com\/produkt\/flyer-upstreet3-7-23-750-wh-2022-275-zoll-diamant\/#primaryimage","url":"https:\/\/cioelectro.com\/wp-content\/uploads\/2023\/06\/2ca3adc463b841be992ec9ae60276c25.jpg","contentUrl":"https:\/\/cioelectro.com\/wp-content\/uploads\/2023\/06\/2ca3adc463b841be992ec9ae60276c25.jpg","width":1920,"height":1280,"caption":"Flyer Upstreet3 7.23 - 750 Wh - 2022 - 27"},{"@type":"BreadcrumbList","@id":"https:\/\/cioelectro.com\/produkt\/flyer-upstreet3-7-23-750-wh-2022-275-zoll-diamant\/#breadcrumb","itemListElement":[{"@type":"ListItem","position":1,"name":"Startseite","item":"https:\/\/cioelectro.com\/"},{"@type":"ListItem","position":2,"name":"LADEN","item":"https:\/\/cioelectro.com\/laden\/"},{"@type":"ListItem","position":3,"name":"Flyer Upstreet3 7.23 &#8211; 750 Wh &#8211; 2022 &#8211; 27,5 Zoll &#8211; Diamant"}]},{"@type":"WebSite","@id":"https:\/\/cioelectro.com\/#website","url":"https:\/\/cioelectro.com\/","name":"cioelectro.com","description":"Treten Sie mit uns ins Abenteuer!","publisher":{"@id":"https:\/\/cioelectro.com\/#organization"},"alternateName":"MEIN RADLADEN","potentialAction":[{"@type":"SearchAction","target":{"@type":"EntryPoint","urlTemplate":"https:\/\/cioelectro.com\/?s={search_term_string}"},"query-input":{"@type":"PropertyValueSpecification","valueRequired":true,"valueName":"search_term_string"}}],"inLanguage":"en-US"},{"@type":"Organization","@id":"https:\/\/cioelectro.com\/#organization","name":"CIOELECTRO","alternateName":"MEIN RADLADEN","url":"https:\/\/cioelectro.com\/","logo":{"@type":"ImageObject","inLanguage":"en-US","@id":"https:\/\/cioelectro.com\/#\/schema\/logo\/image\/","url":"https:\/\/cioelectro.com\/wp-content\/uploads\/2025\/12\/Logo-2-1200x800.png","contentUrl":"https:\/\/cioelectro.com\/wp-content\/uploads\/2025\/12\/Logo-2-1200x800.png","width":1200,"height":800,"caption":"CIOELECTRO"},"image":{"@id":"https:\/\/cioelectro.com\/#\/schema\/logo\/image\/"}}]}},"_links":{"self":[{"href":"https:\/\/cioelectro.com\/en\/wp-json\/wp\/v2\/product\/42615","targetHints":{"allow":["GET"]}}],"collection":[{"href":"https:\/\/cioelectro.com\/en\/wp-json\/wp\/v2\/product"}],"about":[{"href":"https:\/\/cioelectro.com\/en\/wp-json\/wp\/v2\/types\/product"}],"replies":[{"embeddable":true,"href":"https:\/\/cioelectro.com\/en\/wp-json\/wp\/v2\/comments?post=42615"}],"version-history":[{"count":0,"href":"https:\/\/cioelectro.com\/en\/wp-json\/wp\/v2\/product\/42615\/revisions"}],"wp:featuredmedia":[{"embeddable":true,"href":"https:\/\/cioelectro.com\/en\/wp-json\/wp\/v2\/media\/62620"}],"wp:attachment":[{"href":"https:\/\/cioelectro.com\/en\/wp-json\/wp\/v2\/media?parent=42615"}],"wp:term":[{"taxonomy":"product_brand","embeddable":true,"href":"https:\/\/cioelectro.com\/en\/wp-json\/wp\/v2\/product_brand?post=42615"},{"taxonomy":"product_cat","embeddable":true,"href":"https:\/\/cioelectro.com\/en\/wp-json\/wp\/v2\/product_cat?post=42615"},{"taxonomy":"product_tag","embeddable":true,"href":"https:\/\/cioelectro.com\/en\/wp-json\/wp\/v2\/product_tag?post=42615"}],"curies":[{"name":"wp","href":"https:\/\/api.w.org\/{rel}","templated":true}]}}