{"id":42674,"date":"2022-11-21T15:38:03","date_gmt":"2022-11-21T14:38:03","guid":{"rendered":"https:\/\/meinradladen.com\/?post_type=product&#038;p=42674"},"modified":"2023-08-11T09:45:14","modified_gmt":"2023-08-11T07:45:14","slug":"flyer-upstreet6-7-10-hs-810-wh-2022-275-zoll-diamant","status":"publish","type":"product","link":"https:\/\/cioelectro.com\/en\/produkt\/flyer-upstreet6-7-10-hs-810-wh-2022-275-zoll-diamant\/","title":{"rendered":"Flyer Upstreet6 7.10 HS &#8211; 810 Wh &#8211; 2022 &#8211; 27,5 Zoll &#8211; Diamant"},"content":{"rendered":"<div class=\"col product-detail-name-container\">\n<div class=\"col product-detail-name-container\">\n<h2 class=\"product-detail-name\">Flyer Upstreet6 7.10 HS &#8211; 810 Wh &#8211; 2022 &#8211; 27,5 Zoll &#8211; Diamant<\/h2>\n<h4 class=\"h3 product-detail-description-title\">Produktinformationen &#8220;Flyer Upstreet6 7.10 HS &#8211; 810 Wh &#8211; 2022 &#8211; 27,5 Zoll &#8211; <a href=\"http:\/\/-12\">1<\/a>&#8220;<\/h4>\n<div class=\"product-detail-description-text\">\n<hr \/>\n<h3>Details<\/h3>\n<div>\n<table>\n<tbody>\n<tr>\n<td>Zul\u00e4ssiges Gewicht inkl. Fahrer und Zuladung<\/td>\n<td>149 kg<\/td>\n<\/tr>\n<tr>\n<td>Gewicht in kg<\/td>\n<td>32<\/td>\n<\/tr>\n<tr>\n<td>Motor<\/td>\n<td>TDCM HCA5 Hinterradmotor<\/td>\n<\/tr>\n<tr>\n<td>Drehmoment in Nm<\/td>\n<td>37 Nm<\/td>\n<\/tr>\n<tr>\n<td>Display<\/td>\n<td>FIT D1 (3.5&#8243; Color Display)<\/td>\n<\/tr>\n<tr>\n<td>Motorposition<\/td>\n<td>Hinterradmotor<\/td>\n<\/tr>\n<tr>\n<td>Kassette<\/td>\n<td>Shimano Deore CS-M4100, 10-fach, 11-42 Z\u00e4hne<\/td>\n<\/tr>\n<tr>\n<td>Schaltwerk<\/td>\n<td>Shimano Deore RD-M5120-SGS, 10 speed<\/td>\n<\/tr>\n<tr>\n<td>Schalthebel<\/td>\n<td>Shimano Deore SL-M4100-R, 10-fach<\/td>\n<\/tr>\n<tr>\n<td>Kette<\/td>\n<td>Shimano CN-E6090<\/td>\n<\/tr>\n<tr>\n<td>Kurbelgarnitur<\/td>\n<td>Samox TAF, 170mm Kurbelarml\u00e4nge<\/td>\n<\/tr>\n<tr>\n<td>Schaltung<\/td>\n<td>10-Gang Kettenschaltung<\/td>\n<\/tr>\n<tr>\n<td>Schaltungscode<\/td>\n<td>10-Gang Kette<\/td>\n<\/tr>\n<tr>\n<td>Bremsen vorne<\/td>\n<td>Magura MT4e, hydraulische Scheibenbremse<\/td>\n<\/tr>\n<tr>\n<td>Bremsen hinten<\/td>\n<td>Magura MT4e, hydraulische Scheibenbremse<\/td>\n<\/tr>\n<tr>\n<td>Gabel<\/td>\n<td>SR Suntour Mobie45 Air, 60mm Federweg, 15x100mm axle<\/td>\n<\/tr>\n<tr>\n<td>Sattelklemme<\/td>\n<td>Laminar CL07JB1 BK 35\/27.2<\/td>\n<\/tr>\n<tr>\n<td>Rahmen<\/td>\n<td>Aluminium<\/td>\n<\/tr>\n<tr>\n<td>Rahmenform<\/td>\n<td>Diamant<\/td>\n<\/tr>\n<tr>\n<td>Griffe<\/td>\n<td>Flyer Urban<\/td>\n<\/tr>\n<tr>\n<td>Lenker<\/td>\n<td>Satori Wien 15\u00b0, 640mm Lenkerbreite<\/td>\n<\/tr>\n<tr>\n<td>Sattel<\/td>\n<td>Selle Royal Essenza+<\/td>\n<\/tr>\n<tr>\n<td>Vorbau<\/td>\n<td>Flyer Integrated Stem, 31.8 x 95 mm, adjustable angle<\/td>\n<\/tr>\n<tr>\n<td>Sattelst\u00fctze<\/td>\n<td>Flyer Alloy, 31.6 x 250 mm<\/td>\n<\/tr>\n<tr>\n<td>Reifen (vorne)<\/td>\n<td>Continental Contact Plus City 27.5 x 2.20 (55-584)<\/td>\n<\/tr>\n<tr>\n<td>Reifen (hinten)<\/td>\n<td>Continental Contact Plus City 27.5 x 2.20 (55-584)<\/td>\n<\/tr>\n<tr>\n<td>Nabe vorne<\/td>\n<td>Bear Pawls BMT-003, 32h<\/td>\n<\/tr>\n<tr>\n<td>Nabe hinten<\/td>\n<td>TDCM HCA5<\/td>\n<\/tr>\n<tr>\n<td>Felgen<\/td>\n<td>Alexrims Supra35;Alexrims Supra35<\/td>\n<\/tr>\n<tr>\n<td>H\u00f6chstgeschwindigkeit<\/td>\n<td>45<\/td>\n<\/tr>\n<tr>\n<td>Ma\u00dfeinheit<\/td>\n<td>km\/h<\/td>\n<\/tr>\n<tr>\n<td>Akku<\/td>\n<td>Flyer FIB-810 (810 Wh \/ 16.75 Ah \/ 48 V)<\/td>\n<\/tr>\n<tr>\n<td>Schloss<\/td>\n<td>Abus Shield 5650L; battery lock with YourPlus one key system<\/td>\n<\/tr>\n<tr>\n<td>St\u00e4nder<\/td>\n<td>Pletscher Comp 40 Flex<\/td>\n<\/tr>\n<tr>\n<td>Gep\u00e4cktr\u00e4ger<\/td>\n<td>Flyer Racktime, integrated spring flap<\/td>\n<\/tr>\n<tr>\n<td>Beleuchtung vorn<\/td>\n<td>Busch &amp; M\u00fcller IQ-X<\/td>\n<\/tr>\n<tr>\n<td>Beleuchtung hinten<\/td>\n<td>Supernova M99 Tail Light 45<\/td>\n<\/tr>\n<tr>\n<td>Pedale<\/td>\n<td>Flyer Wellgo<\/td>\n<\/tr>\n<tr>\n<td>Tretlager<\/td>\n<td>Samox BB-EB2401<\/td>\n<\/tr>\n<tr>\n<td>Steuersatz<\/td>\n<td>VP Ahead VP-A41AC1<\/td>\n<\/tr>\n<tr>\n<td>Schutzbleche<\/td>\n<td>Pletscher 60mm<\/td>\n<\/tr>\n<tr>\n<td>Ladeger\u00e4t<\/td>\n<td>Flyer Fast Charger 5A 48V<\/td>\n<\/tr>\n<tr>\n<td>Schl\u00e4uche<\/td>\n<td>Schwalbe AV21 40\/62-584<\/td>\n<\/tr>\n<tr>\n<td>Felge hinten<\/td>\n<td>Alexrims Supra35<\/td>\n<\/tr>\n<tr>\n<td>E-Bike Motor Hersteller<\/td>\n<td>FLYER<\/td>\n<\/tr>\n<tr>\n<td>E-Bike Zulassungspflichtig<\/td>\n<td>Ja<\/td>\n<\/tr>\n<tr>\n<td>G\u00e4nge<\/td>\n<td>10 &#8211; G\u00e4nge<\/td>\n<\/tr>\n<tr>\n<td>Geschlecht<\/td>\n<td>Herren<\/td>\n<\/tr>\n<tr>\n<td>Marke<\/td>\n<td>Flyer<\/td>\n<\/tr>\n<tr>\n<td>Radgr\u00f6\u00dfe<\/td>\n<td>27,5 Zoll<\/td>\n<\/tr>\n<tr>\n<td>Rahmenmaterial<\/td>\n<td>Aluminium<\/td>\n<\/tr>\n<tr>\n<td>Saison<\/td>\n<td>2022<\/td>\n<\/tr>\n<tr>\n<td>Schaltart<\/td>\n<td>Kettenschaltung<\/td>\n<\/tr>\n<\/tbody>\n<\/table>\n<\/div>\n<\/div>\n<\/div>\n<\/div>","protected":false},"excerpt":{"rendered":"<p>Flyer Upstreet6 7.10 HS &#8211; 810 Wh &#8211; 2022 &#8211; 27,5 Zoll &#8211; Diamant Produktinformationen &#8220;Flyer Upstreet6 7.10 HS &#8211;<\/p>","protected":false},"featured_media":62631,"comment_status":"open","ping_status":"closed","template":"","meta":{"_rtcl_gb_attr":""},"product_brand":[],"product_cat":[33,247,35],"product_tag":[],"class_list":{"0":"post-42674","1":"product","2":"type-product","3":"status-publish","4":"has-post-thumbnail","6":"product_cat-e-bike","7":"product_cat-e-bike-trekking","8":"product_cat-e-bikes-2022","9":"pa_marke-flyer","11":"first","12":"instock","13":"sale","14":"taxable","15":"shipping-taxable","16":"purchasable","17":"product-type-variable"},"yoast_head":"<!-- This site is optimized with the Yoast SEO Premium plugin v20.12 (Yoast SEO v27.4) - https:\/\/yoast.com\/product\/yoast-seo-premium-wordpress\/ -->\n<title>Flyer Upstreet6 7.10 HS - 810 Wh - 2022 - 27,5 Zoll - Diamant<\/title>\n<meta name=\"description\" content=\"Entdecken Sie unseren Online-Fahrradladen: Gro\u00dfe Auswahl an Modellen f\u00fcr alle Radsportbegeisterten. Von Rennr\u00e4dern bis zu Mountainbikes - finden Sie heute Ihren perfekten Wegbegleiter!\" \/>\n<meta name=\"robots\" content=\"index, follow, max-snippet:-1, max-image-preview:large, max-video-preview:-1\" \/>\n<link rel=\"canonical\" href=\"https:\/\/cioelectro.com\/en\/produkt\/flyer-upstreet6-7-10-hs-810-wh-2022-275-zoll-diamant\/\" \/>\n<meta property=\"og:locale\" content=\"en_US\" \/>\n<meta property=\"og:type\" content=\"article\" \/>\n<meta property=\"og:title\" content=\"Flyer Upstreet6 7.10 HS - 810 Wh - 2022 - 27,5 Zoll - Diamant\" \/>\n<meta property=\"og:description\" content=\"Entdecken Sie unseren Online-Fahrradladen: Gro\u00dfe Auswahl an Modellen f\u00fcr alle Radsportbegeisterten. Von Rennr\u00e4dern bis zu Mountainbikes - finden Sie heute Ihren perfekten Wegbegleiter!\" \/>\n<meta property=\"og:url\" content=\"https:\/\/cioelectro.com\/en\/produkt\/flyer-upstreet6-7-10-hs-810-wh-2022-275-zoll-diamant\/\" \/>\n<meta property=\"og:site_name\" content=\"cioelectro.com\" \/>\n<meta property=\"article:modified_time\" content=\"2023-08-11T07:45:14+00:00\" \/>\n<meta property=\"og:image\" content=\"https:\/\/cioelectro.com\/wp-content\/uploads\/2023\/06\/9bd625a7786f45a49124b7512387f82d.jpg\" \/>\n\t<meta property=\"og:image:width\" content=\"1920\" \/>\n\t<meta property=\"og:image:height\" content=\"1280\" \/>\n\t<meta property=\"og:image:type\" content=\"image\/jpeg\" \/>\n<meta name=\"twitter:card\" content=\"summary_large_image\" \/>\n<meta name=\"twitter:label1\" content=\"Est. reading time\" \/>\n\t<meta name=\"twitter:data1\" content=\"2 minutes\" \/>\n<script type=\"application\/ld+json\" class=\"yoast-schema-graph\">{\"@context\":\"https:\\\/\\\/schema.org\",\"@graph\":[{\"@type\":\"WebPage\",\"@id\":\"https:\\\/\\\/cioelectro.com\\\/produkt\\\/flyer-upstreet6-7-10-hs-810-wh-2022-275-zoll-diamant\\\/\",\"url\":\"https:\\\/\\\/cioelectro.com\\\/produkt\\\/flyer-upstreet6-7-10-hs-810-wh-2022-275-zoll-diamant\\\/\",\"name\":\"Flyer Upstreet6 7.10 HS - 810 Wh - 2022 - 27,5 Zoll - Diamant\",\"isPartOf\":{\"@id\":\"https:\\\/\\\/cioelectro.com\\\/#website\"},\"primaryImageOfPage\":{\"@id\":\"https:\\\/\\\/cioelectro.com\\\/produkt\\\/flyer-upstreet6-7-10-hs-810-wh-2022-275-zoll-diamant\\\/#primaryimage\"},\"image\":{\"@id\":\"https:\\\/\\\/cioelectro.com\\\/produkt\\\/flyer-upstreet6-7-10-hs-810-wh-2022-275-zoll-diamant\\\/#primaryimage\"},\"thumbnailUrl\":\"https:\\\/\\\/cioelectro.com\\\/wp-content\\\/uploads\\\/2023\\\/06\\\/9bd625a7786f45a49124b7512387f82d.jpg\",\"datePublished\":\"2022-11-21T14:38:03+00:00\",\"dateModified\":\"2023-08-11T07:45:14+00:00\",\"description\":\"Entdecken Sie unseren Online-Fahrradladen: Gro\u00dfe Auswahl an Modellen f\u00fcr alle Radsportbegeisterten. Von Rennr\u00e4dern bis zu Mountainbikes - finden Sie heute Ihren perfekten Wegbegleiter!\",\"breadcrumb\":{\"@id\":\"https:\\\/\\\/cioelectro.com\\\/produkt\\\/flyer-upstreet6-7-10-hs-810-wh-2022-275-zoll-diamant\\\/#breadcrumb\"},\"inLanguage\":\"en-US\",\"potentialAction\":[{\"@type\":\"ReadAction\",\"target\":[\"https:\\\/\\\/cioelectro.com\\\/produkt\\\/flyer-upstreet6-7-10-hs-810-wh-2022-275-zoll-diamant\\\/\"]}]},{\"@type\":\"ImageObject\",\"inLanguage\":\"en-US\",\"@id\":\"https:\\\/\\\/cioelectro.com\\\/produkt\\\/flyer-upstreet6-7-10-hs-810-wh-2022-275-zoll-diamant\\\/#primaryimage\",\"url\":\"https:\\\/\\\/cioelectro.com\\\/wp-content\\\/uploads\\\/2023\\\/06\\\/9bd625a7786f45a49124b7512387f82d.jpg\",\"contentUrl\":\"https:\\\/\\\/cioelectro.com\\\/wp-content\\\/uploads\\\/2023\\\/06\\\/9bd625a7786f45a49124b7512387f82d.jpg\",\"width\":1920,\"height\":1280,\"caption\":\"Flyer Upstreet6 7.10 HS - 810 Wh - 2022 - 27\"},{\"@type\":\"BreadcrumbList\",\"@id\":\"https:\\\/\\\/cioelectro.com\\\/produkt\\\/flyer-upstreet6-7-10-hs-810-wh-2022-275-zoll-diamant\\\/#breadcrumb\",\"itemListElement\":[{\"@type\":\"ListItem\",\"position\":1,\"name\":\"Startseite\",\"item\":\"https:\\\/\\\/cioelectro.com\\\/\"},{\"@type\":\"ListItem\",\"position\":2,\"name\":\"LADEN\",\"item\":\"https:\\\/\\\/cioelectro.com\\\/laden\\\/\"},{\"@type\":\"ListItem\",\"position\":3,\"name\":\"Flyer Upstreet6 7.10 HS &#8211; 810 Wh &#8211; 2022 &#8211; 27,5 Zoll &#8211; Diamant\"}]},{\"@type\":\"WebSite\",\"@id\":\"https:\\\/\\\/cioelectro.com\\\/#website\",\"url\":\"https:\\\/\\\/cioelectro.com\\\/\",\"name\":\"cioelectro.com\",\"description\":\"Treten Sie mit uns ins Abenteuer!\",\"publisher\":{\"@id\":\"https:\\\/\\\/cioelectro.com\\\/#organization\"},\"alternateName\":\"MEIN RADLADEN\",\"potentialAction\":[{\"@type\":\"SearchAction\",\"target\":{\"@type\":\"EntryPoint\",\"urlTemplate\":\"https:\\\/\\\/cioelectro.com\\\/?s={search_term_string}\"},\"query-input\":{\"@type\":\"PropertyValueSpecification\",\"valueRequired\":true,\"valueName\":\"search_term_string\"}}],\"inLanguage\":\"en-US\"},{\"@type\":\"Organization\",\"@id\":\"https:\\\/\\\/cioelectro.com\\\/#organization\",\"name\":\"CIOELECTRO\",\"alternateName\":\"MEIN RADLADEN\",\"url\":\"https:\\\/\\\/cioelectro.com\\\/\",\"logo\":{\"@type\":\"ImageObject\",\"inLanguage\":\"en-US\",\"@id\":\"https:\\\/\\\/cioelectro.com\\\/#\\\/schema\\\/logo\\\/image\\\/\",\"url\":\"https:\\\/\\\/cioelectro.com\\\/wp-content\\\/uploads\\\/2025\\\/12\\\/Logo-2-1200x800.png\",\"contentUrl\":\"https:\\\/\\\/cioelectro.com\\\/wp-content\\\/uploads\\\/2025\\\/12\\\/Logo-2-1200x800.png\",\"width\":1200,\"height\":800,\"caption\":\"CIOELECTRO\"},\"image\":{\"@id\":\"https:\\\/\\\/cioelectro.com\\\/#\\\/schema\\\/logo\\\/image\\\/\"}}]}<\/script>\n<!-- \/ Yoast SEO Premium plugin. -->","yoast_head_json":{"title":"Flyer Upstreet6 7.10 HS - 810 Wh - 2022 - 27,5 Zoll - Diamant","description":"Entdecken Sie unseren Online-Fahrradladen: Gro\u00dfe Auswahl an Modellen f\u00fcr alle Radsportbegeisterten. Von Rennr\u00e4dern bis zu Mountainbikes - finden Sie heute Ihren perfekten Wegbegleiter!","robots":{"index":"index","follow":"follow","max-snippet":"max-snippet:-1","max-image-preview":"max-image-preview:large","max-video-preview":"max-video-preview:-1"},"canonical":"https:\/\/cioelectro.com\/en\/produkt\/flyer-upstreet6-7-10-hs-810-wh-2022-275-zoll-diamant\/","og_locale":"en_US","og_type":"article","og_title":"Flyer Upstreet6 7.10 HS - 810 Wh - 2022 - 27,5 Zoll - Diamant","og_description":"Entdecken Sie unseren Online-Fahrradladen: Gro\u00dfe Auswahl an Modellen f\u00fcr alle Radsportbegeisterten. Von Rennr\u00e4dern bis zu Mountainbikes - finden Sie heute Ihren perfekten Wegbegleiter!","og_url":"https:\/\/cioelectro.com\/en\/produkt\/flyer-upstreet6-7-10-hs-810-wh-2022-275-zoll-diamant\/","og_site_name":"cioelectro.com","article_modified_time":"2023-08-11T07:45:14+00:00","og_image":[{"width":1920,"height":1280,"url":"https:\/\/cioelectro.com\/wp-content\/uploads\/2023\/06\/9bd625a7786f45a49124b7512387f82d.jpg","type":"image\/jpeg"}],"twitter_card":"summary_large_image","twitter_misc":{"Est. reading time":"2 minutes"},"schema":{"@context":"https:\/\/schema.org","@graph":[{"@type":"WebPage","@id":"https:\/\/cioelectro.com\/produkt\/flyer-upstreet6-7-10-hs-810-wh-2022-275-zoll-diamant\/","url":"https:\/\/cioelectro.com\/produkt\/flyer-upstreet6-7-10-hs-810-wh-2022-275-zoll-diamant\/","name":"Flyer Upstreet6 7.10 HS - 810 Wh - 2022 - 27,5 Zoll - Diamant","isPartOf":{"@id":"https:\/\/cioelectro.com\/#website"},"primaryImageOfPage":{"@id":"https:\/\/cioelectro.com\/produkt\/flyer-upstreet6-7-10-hs-810-wh-2022-275-zoll-diamant\/#primaryimage"},"image":{"@id":"https:\/\/cioelectro.com\/produkt\/flyer-upstreet6-7-10-hs-810-wh-2022-275-zoll-diamant\/#primaryimage"},"thumbnailUrl":"https:\/\/cioelectro.com\/wp-content\/uploads\/2023\/06\/9bd625a7786f45a49124b7512387f82d.jpg","datePublished":"2022-11-21T14:38:03+00:00","dateModified":"2023-08-11T07:45:14+00:00","description":"Entdecken Sie unseren Online-Fahrradladen: Gro\u00dfe Auswahl an Modellen f\u00fcr alle Radsportbegeisterten. Von Rennr\u00e4dern bis zu Mountainbikes - finden Sie heute Ihren perfekten Wegbegleiter!","breadcrumb":{"@id":"https:\/\/cioelectro.com\/produkt\/flyer-upstreet6-7-10-hs-810-wh-2022-275-zoll-diamant\/#breadcrumb"},"inLanguage":"en-US","potentialAction":[{"@type":"ReadAction","target":["https:\/\/cioelectro.com\/produkt\/flyer-upstreet6-7-10-hs-810-wh-2022-275-zoll-diamant\/"]}]},{"@type":"ImageObject","inLanguage":"en-US","@id":"https:\/\/cioelectro.com\/produkt\/flyer-upstreet6-7-10-hs-810-wh-2022-275-zoll-diamant\/#primaryimage","url":"https:\/\/cioelectro.com\/wp-content\/uploads\/2023\/06\/9bd625a7786f45a49124b7512387f82d.jpg","contentUrl":"https:\/\/cioelectro.com\/wp-content\/uploads\/2023\/06\/9bd625a7786f45a49124b7512387f82d.jpg","width":1920,"height":1280,"caption":"Flyer Upstreet6 7.10 HS - 810 Wh - 2022 - 27"},{"@type":"BreadcrumbList","@id":"https:\/\/cioelectro.com\/produkt\/flyer-upstreet6-7-10-hs-810-wh-2022-275-zoll-diamant\/#breadcrumb","itemListElement":[{"@type":"ListItem","position":1,"name":"Startseite","item":"https:\/\/cioelectro.com\/"},{"@type":"ListItem","position":2,"name":"LADEN","item":"https:\/\/cioelectro.com\/laden\/"},{"@type":"ListItem","position":3,"name":"Flyer Upstreet6 7.10 HS &#8211; 810 Wh &#8211; 2022 &#8211; 27,5 Zoll &#8211; Diamant"}]},{"@type":"WebSite","@id":"https:\/\/cioelectro.com\/#website","url":"https:\/\/cioelectro.com\/","name":"cioelectro.com","description":"Treten Sie mit uns ins Abenteuer!","publisher":{"@id":"https:\/\/cioelectro.com\/#organization"},"alternateName":"MEIN RADLADEN","potentialAction":[{"@type":"SearchAction","target":{"@type":"EntryPoint","urlTemplate":"https:\/\/cioelectro.com\/?s={search_term_string}"},"query-input":{"@type":"PropertyValueSpecification","valueRequired":true,"valueName":"search_term_string"}}],"inLanguage":"en-US"},{"@type":"Organization","@id":"https:\/\/cioelectro.com\/#organization","name":"CIOELECTRO","alternateName":"MEIN RADLADEN","url":"https:\/\/cioelectro.com\/","logo":{"@type":"ImageObject","inLanguage":"en-US","@id":"https:\/\/cioelectro.com\/#\/schema\/logo\/image\/","url":"https:\/\/cioelectro.com\/wp-content\/uploads\/2025\/12\/Logo-2-1200x800.png","contentUrl":"https:\/\/cioelectro.com\/wp-content\/uploads\/2025\/12\/Logo-2-1200x800.png","width":1200,"height":800,"caption":"CIOELECTRO"},"image":{"@id":"https:\/\/cioelectro.com\/#\/schema\/logo\/image\/"}}]}},"_links":{"self":[{"href":"https:\/\/cioelectro.com\/en\/wp-json\/wp\/v2\/product\/42674","targetHints":{"allow":["GET"]}}],"collection":[{"href":"https:\/\/cioelectro.com\/en\/wp-json\/wp\/v2\/product"}],"about":[{"href":"https:\/\/cioelectro.com\/en\/wp-json\/wp\/v2\/types\/product"}],"replies":[{"embeddable":true,"href":"https:\/\/cioelectro.com\/en\/wp-json\/wp\/v2\/comments?post=42674"}],"version-history":[{"count":0,"href":"https:\/\/cioelectro.com\/en\/wp-json\/wp\/v2\/product\/42674\/revisions"}],"wp:featuredmedia":[{"embeddable":true,"href":"https:\/\/cioelectro.com\/en\/wp-json\/wp\/v2\/media\/62631"}],"wp:attachment":[{"href":"https:\/\/cioelectro.com\/en\/wp-json\/wp\/v2\/media?parent=42674"}],"wp:term":[{"taxonomy":"product_brand","embeddable":true,"href":"https:\/\/cioelectro.com\/en\/wp-json\/wp\/v2\/product_brand?post=42674"},{"taxonomy":"product_cat","embeddable":true,"href":"https:\/\/cioelectro.com\/en\/wp-json\/wp\/v2\/product_cat?post=42674"},{"taxonomy":"product_tag","embeddable":true,"href":"https:\/\/cioelectro.com\/en\/wp-json\/wp\/v2\/product_tag?post=42674"}],"curies":[{"name":"wp","href":"https:\/\/api.w.org\/{rel}","templated":true}]}}