{"id":42683,"date":"2022-11-21T16:07:00","date_gmt":"2022-11-21T15:07:00","guid":{"rendered":"https:\/\/meinradladen.com\/?post_type=product&#038;p=42683"},"modified":"2023-08-11T09:45:01","modified_gmt":"2023-08-11T07:45:01","slug":"focus-thron2-6-8-eqp-750-wh-2023-29-zoll-fully","status":"publish","type":"product","link":"https:\/\/cioelectro.com\/en\/produkt\/focus-thron2-6-8-eqp-750-wh-2023-29-zoll-fully\/","title":{"rendered":"Focus Thron2 6.8 EQP &#8211; 750 Wh &#8211; 2023 &#8211; 29 Zoll &#8211; Fully"},"content":{"rendered":"<h2>Focus Thron2 6.8 EQP &#8211; 750 Wh &#8211; 2023 &#8211; 29 Zoll &#8211; Fully<\/h2>\n<p><em>SUPER LEISTUNGSF\u00c4HIGER UND DYNAMISCHER ELEKTROMOTOR, dessen integrierte Autonomie alle Rekorde bricht<\/em><\/p>\n<p>Der effiziente Bosch Performance CX Elektroantrieb der vierten Generation unterst\u00fctzt dich mit 85 Nm Drehmoment bis 25 km\/h. Boschs st\u00e4rkster Elektromotor ist perfekt integriert und l\u00e4sst das THRON\u00b2 gut ausbalancieren. Im eMTB-Modus passt sich die Motorunterst\u00fctzung automatisch an Ihre Tretleistung an. Der neue 750-Wh-Akku (Smart-System) (625 Wh in Gr\u00f6\u00dfe S) bietet grenzenlosen Spa\u00df auf deinen gro\u00dfen Ausfahrten. Der Akku ist perfekt in das Unterrohr integriert und kann jederzeit zum Laden einfach entnommen werden.<\/p>\n<p>Mit seinen 130 mm Federweg ist das F.O.L.D. absorbiert alle Unebenheiten auf Ihrem Weg und bietet viel Komfort. Egal, ob es sich um einen Wochenendausflug, einen kurzen Abstecher auf einem Trail oder nur um eine Fahrt zur Arbeit handelt, die perfekte Mischung aus Sensibilit\u00e4t und Widerstandsf\u00e4higkeit am Ende des Schlags erm\u00f6glicht es Ihnen, alle Ihre Ausfl\u00fcge zu genie\u00dfen. Die Eigenschaften sind absolut progressiv, was dem Chassis viel Stabilit\u00e4t verleiht, damit Sie sich in jedem Gel\u00e4nde sicher f\u00fchlen. Durch das Mehrgewicht von Motor und Akku sind ausger\u00fcstete E-MTBs schwerer und profitieren dadurch von einer l\u00e4ngeren Progression.<\/p>\n<div class=\"h3 product-detail-description-title\">Produktinformationen &#8220;Focus Thron2 6.8 EQP &#8211; 750 Wh &#8211; 2023 &#8211; 29 Zoll &#8211; Fully&#8221;<\/div>\n<div class=\"product-detail-description-text\">\n<hr \/>\n<h3>Details<\/h3>\n<div>\n<table>\n<tbody>\n<tr>\n<td>Zul\u00e4ssiges Gewicht inkl. Fahrer und Zuladung<\/td>\n<td>135 kg<\/td>\n<\/tr>\n<tr>\n<td>Gewicht in kg<\/td>\n<td>28.6<\/td>\n<\/tr>\n<tr>\n<td>Motor<\/td>\n<td>Bosch Mittelmotor Performance Line CX Smart 250 Watt<\/td>\n<\/tr>\n<tr>\n<td>Drehmoment in Nm<\/td>\n<td>85 Nm<\/td>\n<\/tr>\n<tr>\n<td>Display<\/td>\n<td>Bosch Purion<\/td>\n<\/tr>\n<tr>\n<td>Motorposition<\/td>\n<td>Mittelmotor<\/td>\n<\/tr>\n<tr>\n<td>Kette<\/td>\n<td>Shimano CN-HG601<\/td>\n<\/tr>\n<tr>\n<td>Kassette<\/td>\n<td>Shimano Deore CS-M6100, 10-51 Z\u00e4hne, 12-fach<\/td>\n<\/tr>\n<tr>\n<td>Schaltung<\/td>\n<td>12-Gang Kettenschaltung<\/td>\n<\/tr>\n<tr>\n<td>Schaltwerk<\/td>\n<td>Shimano Deore M5100, 11-fach<\/td>\n<\/tr>\n<tr>\n<td>Kettenblatt<\/td>\n<td>34 Z\u00e4hne<\/td>\n<\/tr>\n<tr>\n<td>Kurbelgarnitur<\/td>\n<td>FSA CK-320, Aluminium<\/td>\n<\/tr>\n<tr>\n<td>Schalthebel<\/td>\n<td>Shimano Deore M5100, 1&#215;11-fach<\/td>\n<\/tr>\n<tr>\n<td>Schaltungscode<\/td>\n<td>12-Gang Kette<\/td>\n<\/tr>\n<tr>\n<td>Bremsen vorne<\/td>\n<td>Shimano MT420, 4-Kolben, hydraulische Scheibenbremse<\/td>\n<\/tr>\n<tr>\n<td>Bremsen hinten<\/td>\n<td>Shimano MT420, 4-Kolben, hydraulische Scheibenbremse<\/td>\n<\/tr>\n<tr>\n<td>Bremsscheibe<\/td>\n<td>203mm \/ 180mm;203mm \/ 180mm<\/td>\n<\/tr>\n<tr>\n<td>Gabel<\/td>\n<td>Rock Shox 35 Silver 29, 110x15mm<\/td>\n<\/tr>\n<tr>\n<td>Rahmen<\/td>\n<td>7005 hydroformed Aluminium, 3D forging, 130mm F.O.L.D. Gen2 kinematic, 148x12mm Steckachse, interne Kabelf\u00fchrung, C.I.S. cockpit integration, USB-C port, Post mount 180mm<\/td>\n<\/tr>\n<tr>\n<td>D\u00e4mpfer<\/td>\n<td>Suntour Edge LOR, 190\/45mm, hardware: 25,0 x 8mm<\/td>\n<\/tr>\n<tr>\n<td>Federweg hinten in mm<\/td>\n<td>130 mm<\/td>\n<\/tr>\n<tr>\n<td>Federweg vorne in mm<\/td>\n<td>120 mm<\/td>\n<\/tr>\n<tr>\n<td>Rahmenform<\/td>\n<td>Fully<\/td>\n<\/tr>\n<tr>\n<td>Lenker<\/td>\n<td>760mm, Flatbar, Backsweep: 9\u00b0, 35,0mm<\/td>\n<\/tr>\n<tr>\n<td>Sattel<\/td>\n<td>Selle Royal Vivo<\/td>\n<\/tr>\n<tr>\n<td>Vorbau<\/td>\n<td>Focus C.I.S. integriert, 30\u00b0, 35mm, Aluminium, L\u00e4nge: 60mm<\/td>\n<\/tr>\n<tr>\n<td>Sattelst\u00fctze<\/td>\n<td>Focus Moderne PM-214, Vario-Sattelst\u00fctze, 34.9mm<\/td>\n<\/tr>\n<tr>\n<td>Nabe vorne<\/td>\n<td>Shimano Alivio MT400, 15x110mm<\/td>\n<\/tr>\n<tr>\n<td>Felgen<\/td>\n<td>Rodi TRYP25, 25-622;Rodi TRYP25, 25-622<\/td>\n<\/tr>\n<tr>\n<td>Nabe hinten<\/td>\n<td>Shimano MT410, 12x148mm<\/td>\n<\/tr>\n<tr>\n<td>Reifen (vorne)<\/td>\n<td>Schwalbe Smart Sam, 29&#215;2.25&#8243; (57-622)<\/td>\n<\/tr>\n<tr>\n<td>Reifen (hinten)<\/td>\n<td>Schwalbe Smart Sam, 29&#215;2.25&#8243; (57-622)<\/td>\n<\/tr>\n<tr>\n<td>H\u00f6chstgeschwindigkeit<\/td>\n<td>25<\/td>\n<\/tr>\n<tr>\n<td>Ma\u00dfeinheit<\/td>\n<td>km\/h<\/td>\n<\/tr>\n<tr>\n<td>Felge hinten<\/td>\n<td>Rodi TRYP25, 25-622<\/td>\n<\/tr>\n<tr>\n<td>Schutzbleche<\/td>\n<td>B\u00fcchel, Aluminium, 60mm, pulverbeschichtet<\/td>\n<\/tr>\n<tr>\n<td>Gep\u00e4cktr\u00e4ger<\/td>\n<td>Massload, 3-Bein, max. 25 kg Tragf\u00e4higkeit<\/td>\n<\/tr>\n<tr>\n<td>Beleuchtung vorn<\/td>\n<td>Litemove SE70, 70 LUX<\/td>\n<\/tr>\n<tr>\n<td>Beleuchtung hinten<\/td>\n<td>Herrmans H-Trace Mini<\/td>\n<\/tr>\n<tr>\n<td>Akku<\/td>\n<td>Unterrohr, integriert, Li-Ion, 750 Wh<\/td>\n<\/tr>\n<tr>\n<td>Pedale<\/td>\n<td>MTB, mit Reflektor<\/td>\n<\/tr>\n<tr>\n<td>Akku entnehmbar<\/td>\n<td>ja<\/td>\n<\/tr>\n<tr>\n<td>Beleuchtung<\/td>\n<td>mit Beleuchtung<\/td>\n<\/tr>\n<tr>\n<td>E-Bike Motor Hersteller<\/td>\n<td>Bosch<\/td>\n<\/tr>\n<tr>\n<td>E-Bike Zulassungspflichtig<\/td>\n<td>Nein<\/td>\n<\/tr>\n<tr>\n<td>Federung<\/td>\n<td>Mit Federung<\/td>\n<\/tr>\n<tr>\n<td>G\u00e4nge<\/td>\n<td>12 &#8211; G\u00e4nge<\/td>\n<\/tr>\n<tr>\n<td>Geschlecht<\/td>\n<td>Herren<\/td>\n<\/tr>\n<tr>\n<td>Marke<\/td>\n<td>Focus<\/td>\n<\/tr>\n<tr>\n<td>Radgr\u00f6\u00dfe<\/td>\n<td>29 Zoll<\/td>\n<\/tr>\n<tr>\n<td>Rahmenmaterial<\/td>\n<td>Aluminium<\/td>\n<\/tr>\n<tr>\n<td>Saison<\/td>\n<td>2023<\/td>\n<\/tr>\n<tr>\n<td>Schaltart<\/td>\n<td>Kettenschaltung<\/td>\n<\/tr>\n<\/tbody>\n<\/table>\n<\/div>\n<\/div>","protected":false},"excerpt":{"rendered":"<p>Focus Thron2 6.8 EQP &#8211; 750 Wh &#8211; 2023 &#8211; 29 Zoll &#8211; Fully SUPER LEISTUNGSF\u00c4HIGER UND DYNAMISCHER ELEKTROMOTOR, dessen<\/p>","protected":false},"featured_media":62632,"comment_status":"open","ping_status":"closed","template":"","meta":{"_rtcl_gb_attr":""},"product_brand":[],"product_cat":[33,34,247,270],"product_tag":[],"class_list":{"0":"post-42683","1":"product","2":"type-product","3":"status-publish","4":"has-post-thumbnail","6":"product_cat-e-bike","7":"product_cat-e-bike-city-urban","8":"product_cat-e-bike-trekking","9":"product_cat-e-bikes-2023","10":"pa_marke-flyer","12":"first","13":"instock","14":"sale","15":"taxable","16":"shipping-taxable","17":"purchasable","18":"product-type-variable"},"yoast_head":"<!-- This site is optimized with the Yoast SEO Premium plugin v20.12 (Yoast SEO v27.4) - https:\/\/yoast.com\/product\/yoast-seo-premium-wordpress\/ -->\n<title>Focus Thron2 6.8 EQP - 750 Wh - 2023 - 29 Zoll - Fully<\/title>\n<meta name=\"description\" content=\"Entdecken Sie unseren Online-Fahrradladen: Gro\u00dfe Auswahl an Modellen f\u00fcr alle Radsportbegeisterten. Von Rennr\u00e4dern bis zu Mountainbikes - finden Sie heute Ihren perfekten Wegbegleiter!\" \/>\n<meta name=\"robots\" content=\"index, follow, max-snippet:-1, max-image-preview:large, max-video-preview:-1\" \/>\n<link rel=\"canonical\" href=\"https:\/\/cioelectro.com\/en\/produkt\/focus-thron2-6-8-eqp-750-wh-2023-29-zoll-fully\/\" \/>\n<meta property=\"og:locale\" content=\"en_US\" \/>\n<meta property=\"og:type\" content=\"article\" \/>\n<meta property=\"og:title\" content=\"Focus Thron2 6.8 EQP - 750 Wh - 2023 - 29 Zoll - Fully\" \/>\n<meta property=\"og:description\" content=\"Entdecken Sie unseren Online-Fahrradladen: Gro\u00dfe Auswahl an Modellen f\u00fcr alle Radsportbegeisterten. Von Rennr\u00e4dern bis zu Mountainbikes - finden Sie heute Ihren perfekten Wegbegleiter!\" \/>\n<meta property=\"og:url\" content=\"https:\/\/cioelectro.com\/en\/produkt\/focus-thron2-6-8-eqp-750-wh-2023-29-zoll-fully\/\" \/>\n<meta property=\"og:site_name\" content=\"cioelectro.com\" \/>\n<meta property=\"article:modified_time\" content=\"2023-08-11T07:45:01+00:00\" \/>\n<meta property=\"og:image\" content=\"https:\/\/cioelectro.com\/wp-content\/uploads\/2023\/06\/4eec4bb29836474ea271c0012a8f6eb0.jpg\" \/>\n\t<meta property=\"og:image:width\" content=\"1920\" \/>\n\t<meta property=\"og:image:height\" content=\"1280\" \/>\n\t<meta property=\"og:image:type\" content=\"image\/jpeg\" \/>\n<meta name=\"twitter:card\" content=\"summary_large_image\" \/>\n<meta name=\"twitter:label1\" content=\"Est. reading time\" \/>\n\t<meta name=\"twitter:data1\" content=\"3 minutes\" \/>\n<script type=\"application\/ld+json\" class=\"yoast-schema-graph\">{\"@context\":\"https:\\\/\\\/schema.org\",\"@graph\":[{\"@type\":\"WebPage\",\"@id\":\"https:\\\/\\\/cioelectro.com\\\/produkt\\\/focus-thron2-6-8-eqp-750-wh-2023-29-zoll-fully\\\/\",\"url\":\"https:\\\/\\\/cioelectro.com\\\/produkt\\\/focus-thron2-6-8-eqp-750-wh-2023-29-zoll-fully\\\/\",\"name\":\"Focus Thron2 6.8 EQP - 750 Wh - 2023 - 29 Zoll - Fully\",\"isPartOf\":{\"@id\":\"https:\\\/\\\/cioelectro.com\\\/#website\"},\"primaryImageOfPage\":{\"@id\":\"https:\\\/\\\/cioelectro.com\\\/produkt\\\/focus-thron2-6-8-eqp-750-wh-2023-29-zoll-fully\\\/#primaryimage\"},\"image\":{\"@id\":\"https:\\\/\\\/cioelectro.com\\\/produkt\\\/focus-thron2-6-8-eqp-750-wh-2023-29-zoll-fully\\\/#primaryimage\"},\"thumbnailUrl\":\"https:\\\/\\\/cioelectro.com\\\/wp-content\\\/uploads\\\/2023\\\/06\\\/4eec4bb29836474ea271c0012a8f6eb0.jpg\",\"datePublished\":\"2022-11-21T15:07:00+00:00\",\"dateModified\":\"2023-08-11T07:45:01+00:00\",\"description\":\"Entdecken Sie unseren Online-Fahrradladen: Gro\u00dfe Auswahl an Modellen f\u00fcr alle Radsportbegeisterten. Von Rennr\u00e4dern bis zu Mountainbikes - finden Sie heute Ihren perfekten Wegbegleiter!\",\"breadcrumb\":{\"@id\":\"https:\\\/\\\/cioelectro.com\\\/produkt\\\/focus-thron2-6-8-eqp-750-wh-2023-29-zoll-fully\\\/#breadcrumb\"},\"inLanguage\":\"en-US\",\"potentialAction\":[{\"@type\":\"ReadAction\",\"target\":[\"https:\\\/\\\/cioelectro.com\\\/produkt\\\/focus-thron2-6-8-eqp-750-wh-2023-29-zoll-fully\\\/\"]}]},{\"@type\":\"ImageObject\",\"inLanguage\":\"en-US\",\"@id\":\"https:\\\/\\\/cioelectro.com\\\/produkt\\\/focus-thron2-6-8-eqp-750-wh-2023-29-zoll-fully\\\/#primaryimage\",\"url\":\"https:\\\/\\\/cioelectro.com\\\/wp-content\\\/uploads\\\/2023\\\/06\\\/4eec4bb29836474ea271c0012a8f6eb0.jpg\",\"contentUrl\":\"https:\\\/\\\/cioelectro.com\\\/wp-content\\\/uploads\\\/2023\\\/06\\\/4eec4bb29836474ea271c0012a8f6eb0.jpg\",\"width\":1920,\"height\":1280,\"caption\":\"Focus Thron2 6.8 EQP - 750 Wh - 2023 - 29 Zoll - Fully\"},{\"@type\":\"BreadcrumbList\",\"@id\":\"https:\\\/\\\/cioelectro.com\\\/produkt\\\/focus-thron2-6-8-eqp-750-wh-2023-29-zoll-fully\\\/#breadcrumb\",\"itemListElement\":[{\"@type\":\"ListItem\",\"position\":1,\"name\":\"Startseite\",\"item\":\"https:\\\/\\\/cioelectro.com\\\/\"},{\"@type\":\"ListItem\",\"position\":2,\"name\":\"LADEN\",\"item\":\"https:\\\/\\\/cioelectro.com\\\/laden\\\/\"},{\"@type\":\"ListItem\",\"position\":3,\"name\":\"Focus Thron2 6.8 EQP &#8211; 750 Wh &#8211; 2023 &#8211; 29 Zoll &#8211; Fully\"}]},{\"@type\":\"WebSite\",\"@id\":\"https:\\\/\\\/cioelectro.com\\\/#website\",\"url\":\"https:\\\/\\\/cioelectro.com\\\/\",\"name\":\"cioelectro.com\",\"description\":\"Treten Sie mit uns ins Abenteuer!\",\"publisher\":{\"@id\":\"https:\\\/\\\/cioelectro.com\\\/#organization\"},\"alternateName\":\"MEIN RADLADEN\",\"potentialAction\":[{\"@type\":\"SearchAction\",\"target\":{\"@type\":\"EntryPoint\",\"urlTemplate\":\"https:\\\/\\\/cioelectro.com\\\/?s={search_term_string}\"},\"query-input\":{\"@type\":\"PropertyValueSpecification\",\"valueRequired\":true,\"valueName\":\"search_term_string\"}}],\"inLanguage\":\"en-US\"},{\"@type\":\"Organization\",\"@id\":\"https:\\\/\\\/cioelectro.com\\\/#organization\",\"name\":\"CIOELECTRO\",\"alternateName\":\"MEIN RADLADEN\",\"url\":\"https:\\\/\\\/cioelectro.com\\\/\",\"logo\":{\"@type\":\"ImageObject\",\"inLanguage\":\"en-US\",\"@id\":\"https:\\\/\\\/cioelectro.com\\\/#\\\/schema\\\/logo\\\/image\\\/\",\"url\":\"https:\\\/\\\/cioelectro.com\\\/wp-content\\\/uploads\\\/2025\\\/12\\\/Logo-2-1200x800.png\",\"contentUrl\":\"https:\\\/\\\/cioelectro.com\\\/wp-content\\\/uploads\\\/2025\\\/12\\\/Logo-2-1200x800.png\",\"width\":1200,\"height\":800,\"caption\":\"CIOELECTRO\"},\"image\":{\"@id\":\"https:\\\/\\\/cioelectro.com\\\/#\\\/schema\\\/logo\\\/image\\\/\"}}]}<\/script>\n<!-- \/ Yoast SEO Premium plugin. -->","yoast_head_json":{"title":"Focus Thron2 6.8 EQP - 750 Wh - 2023 - 29 Zoll - Fully","description":"Entdecken Sie unseren Online-Fahrradladen: Gro\u00dfe Auswahl an Modellen f\u00fcr alle Radsportbegeisterten. Von Rennr\u00e4dern bis zu Mountainbikes - finden Sie heute Ihren perfekten Wegbegleiter!","robots":{"index":"index","follow":"follow","max-snippet":"max-snippet:-1","max-image-preview":"max-image-preview:large","max-video-preview":"max-video-preview:-1"},"canonical":"https:\/\/cioelectro.com\/en\/produkt\/focus-thron2-6-8-eqp-750-wh-2023-29-zoll-fully\/","og_locale":"en_US","og_type":"article","og_title":"Focus Thron2 6.8 EQP - 750 Wh - 2023 - 29 Zoll - Fully","og_description":"Entdecken Sie unseren Online-Fahrradladen: Gro\u00dfe Auswahl an Modellen f\u00fcr alle Radsportbegeisterten. Von Rennr\u00e4dern bis zu Mountainbikes - finden Sie heute Ihren perfekten Wegbegleiter!","og_url":"https:\/\/cioelectro.com\/en\/produkt\/focus-thron2-6-8-eqp-750-wh-2023-29-zoll-fully\/","og_site_name":"cioelectro.com","article_modified_time":"2023-08-11T07:45:01+00:00","og_image":[{"width":1920,"height":1280,"url":"https:\/\/cioelectro.com\/wp-content\/uploads\/2023\/06\/4eec4bb29836474ea271c0012a8f6eb0.jpg","type":"image\/jpeg"}],"twitter_card":"summary_large_image","twitter_misc":{"Est. reading time":"3 minutes"},"schema":{"@context":"https:\/\/schema.org","@graph":[{"@type":"WebPage","@id":"https:\/\/cioelectro.com\/produkt\/focus-thron2-6-8-eqp-750-wh-2023-29-zoll-fully\/","url":"https:\/\/cioelectro.com\/produkt\/focus-thron2-6-8-eqp-750-wh-2023-29-zoll-fully\/","name":"Focus Thron2 6.8 EQP - 750 Wh - 2023 - 29 Zoll - Fully","isPartOf":{"@id":"https:\/\/cioelectro.com\/#website"},"primaryImageOfPage":{"@id":"https:\/\/cioelectro.com\/produkt\/focus-thron2-6-8-eqp-750-wh-2023-29-zoll-fully\/#primaryimage"},"image":{"@id":"https:\/\/cioelectro.com\/produkt\/focus-thron2-6-8-eqp-750-wh-2023-29-zoll-fully\/#primaryimage"},"thumbnailUrl":"https:\/\/cioelectro.com\/wp-content\/uploads\/2023\/06\/4eec4bb29836474ea271c0012a8f6eb0.jpg","datePublished":"2022-11-21T15:07:00+00:00","dateModified":"2023-08-11T07:45:01+00:00","description":"Entdecken Sie unseren Online-Fahrradladen: Gro\u00dfe Auswahl an Modellen f\u00fcr alle Radsportbegeisterten. Von Rennr\u00e4dern bis zu Mountainbikes - finden Sie heute Ihren perfekten Wegbegleiter!","breadcrumb":{"@id":"https:\/\/cioelectro.com\/produkt\/focus-thron2-6-8-eqp-750-wh-2023-29-zoll-fully\/#breadcrumb"},"inLanguage":"en-US","potentialAction":[{"@type":"ReadAction","target":["https:\/\/cioelectro.com\/produkt\/focus-thron2-6-8-eqp-750-wh-2023-29-zoll-fully\/"]}]},{"@type":"ImageObject","inLanguage":"en-US","@id":"https:\/\/cioelectro.com\/produkt\/focus-thron2-6-8-eqp-750-wh-2023-29-zoll-fully\/#primaryimage","url":"https:\/\/cioelectro.com\/wp-content\/uploads\/2023\/06\/4eec4bb29836474ea271c0012a8f6eb0.jpg","contentUrl":"https:\/\/cioelectro.com\/wp-content\/uploads\/2023\/06\/4eec4bb29836474ea271c0012a8f6eb0.jpg","width":1920,"height":1280,"caption":"Focus Thron2 6.8 EQP - 750 Wh - 2023 - 29 Zoll - Fully"},{"@type":"BreadcrumbList","@id":"https:\/\/cioelectro.com\/produkt\/focus-thron2-6-8-eqp-750-wh-2023-29-zoll-fully\/#breadcrumb","itemListElement":[{"@type":"ListItem","position":1,"name":"Startseite","item":"https:\/\/cioelectro.com\/"},{"@type":"ListItem","position":2,"name":"LADEN","item":"https:\/\/cioelectro.com\/laden\/"},{"@type":"ListItem","position":3,"name":"Focus Thron2 6.8 EQP &#8211; 750 Wh &#8211; 2023 &#8211; 29 Zoll &#8211; Fully"}]},{"@type":"WebSite","@id":"https:\/\/cioelectro.com\/#website","url":"https:\/\/cioelectro.com\/","name":"cioelectro.com","description":"Treten Sie mit uns ins Abenteuer!","publisher":{"@id":"https:\/\/cioelectro.com\/#organization"},"alternateName":"MEIN RADLADEN","potentialAction":[{"@type":"SearchAction","target":{"@type":"EntryPoint","urlTemplate":"https:\/\/cioelectro.com\/?s={search_term_string}"},"query-input":{"@type":"PropertyValueSpecification","valueRequired":true,"valueName":"search_term_string"}}],"inLanguage":"en-US"},{"@type":"Organization","@id":"https:\/\/cioelectro.com\/#organization","name":"CIOELECTRO","alternateName":"MEIN RADLADEN","url":"https:\/\/cioelectro.com\/","logo":{"@type":"ImageObject","inLanguage":"en-US","@id":"https:\/\/cioelectro.com\/#\/schema\/logo\/image\/","url":"https:\/\/cioelectro.com\/wp-content\/uploads\/2025\/12\/Logo-2-1200x800.png","contentUrl":"https:\/\/cioelectro.com\/wp-content\/uploads\/2025\/12\/Logo-2-1200x800.png","width":1200,"height":800,"caption":"CIOELECTRO"},"image":{"@id":"https:\/\/cioelectro.com\/#\/schema\/logo\/image\/"}}]}},"_links":{"self":[{"href":"https:\/\/cioelectro.com\/en\/wp-json\/wp\/v2\/product\/42683","targetHints":{"allow":["GET"]}}],"collection":[{"href":"https:\/\/cioelectro.com\/en\/wp-json\/wp\/v2\/product"}],"about":[{"href":"https:\/\/cioelectro.com\/en\/wp-json\/wp\/v2\/types\/product"}],"replies":[{"embeddable":true,"href":"https:\/\/cioelectro.com\/en\/wp-json\/wp\/v2\/comments?post=42683"}],"version-history":[{"count":0,"href":"https:\/\/cioelectro.com\/en\/wp-json\/wp\/v2\/product\/42683\/revisions"}],"wp:featuredmedia":[{"embeddable":true,"href":"https:\/\/cioelectro.com\/en\/wp-json\/wp\/v2\/media\/62632"}],"wp:attachment":[{"href":"https:\/\/cioelectro.com\/en\/wp-json\/wp\/v2\/media?parent=42683"}],"wp:term":[{"taxonomy":"product_brand","embeddable":true,"href":"https:\/\/cioelectro.com\/en\/wp-json\/wp\/v2\/product_brand?post=42683"},{"taxonomy":"product_cat","embeddable":true,"href":"https:\/\/cioelectro.com\/en\/wp-json\/wp\/v2\/product_cat?post=42683"},{"taxonomy":"product_tag","embeddable":true,"href":"https:\/\/cioelectro.com\/en\/wp-json\/wp\/v2\/product_tag?post=42683"}],"curies":[{"name":"wp","href":"https:\/\/api.w.org\/{rel}","templated":true}]}}