{"id":42711,"date":"2022-11-21T18:10:55","date_gmt":"2022-11-21T17:10:55","guid":{"rendered":"https:\/\/meinradladen.com\/?post_type=product&#038;p=42711"},"modified":"2023-08-11T09:44:16","modified_gmt":"2023-08-11T07:44:16","slug":"gazelle-medeo-t10-hmb-500-wh-2022-28-zoll-diamant","status":"publish","type":"product","link":"https:\/\/cioelectro.com\/en\/produkt\/gazelle-medeo-t10-hmb-500-wh-2022-28-zoll-diamant\/","title":{"rendered":"Gazelle Medeo T10 HMB &#8211; 500 Wh &#8211; 2022 &#8211; 28 Zoll &#8211; Diamant"},"content":{"rendered":"<h2>Gazelle Medeo T10 HMB &#8211; 500 Wh &#8211; 2022 &#8211; 28 Zoll &#8211; Diamant<\/h2>\n<p>Das Gazelle Medeo T10 Medeo rollt sportlich und bequem zu einem fantastischen E-Bike. Leistungs- und Stilkomponenten basieren auf Sportfahrr\u00e4dern, wobei Komfort und Benutzerfreundlichkeit von Stadtfahrr\u00e4dern abgeleitet sind. Das Ergebnis? Ein super bequemes, sportliches E-Bike-Mashup, das Sie in die Stadt oder \u00fcber den langen Weg zur Arbeit bringt. Breite Reifen und die Vorderradgabelfederung sind zwei weitere Gr\u00fcnde, weiterzulesen\u2026<\/p>\n<div class=\"h3 product-detail-description-title\">Produktinformationen &#8220;Gazelle Medeo T10 HMB &#8211; 500 Wh &#8211; 2022 &#8211; 28 Zoll &#8211; Diamant&#8221;<\/div>\n<div class=\"product-detail-description-text\">\n<hr \/>\n<h3>Details<\/h3>\n<div>\n<table>\n<tbody>\n<tr>\n<td>Zul\u00e4ssiges Gewicht inkl. Fahrer und Zuladung<\/td>\n<td>130 kg<\/td>\n<\/tr>\n<tr>\n<td>Gewicht in kg<\/td>\n<td>24<\/td>\n<\/tr>\n<tr>\n<td>Motor<\/td>\n<td>Bosch Mittelmotor Performance Line Gen3 250 Watt<\/td>\n<\/tr>\n<tr>\n<td>Display<\/td>\n<td>Bosch Intuvia<\/td>\n<\/tr>\n<tr>\n<td>Drehmoment in Nm<\/td>\n<td>65 Nm<\/td>\n<\/tr>\n<tr>\n<td>Motorposition<\/td>\n<td>Mittelmotor<\/td>\n<\/tr>\n<tr>\n<td>Schaltung<\/td>\n<td>10-Gang Kettenschaltung<\/td>\n<\/tr>\n<tr>\n<td>Schalthebel<\/td>\n<td>Shimano Deore, 10-fach<\/td>\n<\/tr>\n<tr>\n<td>Kurbelgarnitur<\/td>\n<td>Aluminium<\/td>\n<\/tr>\n<tr>\n<td>Kette<\/td>\n<td>extra stark, speziell f\u00fcr E-Bikes<\/td>\n<\/tr>\n<tr>\n<td>Kassette<\/td>\n<td>11-42 Z\u00e4hne<\/td>\n<\/tr>\n<tr>\n<td>Schaltwerk<\/td>\n<td>Shimano Deore, 10-fach<\/td>\n<\/tr>\n<tr>\n<td>Schaltungscode<\/td>\n<td>10-Gang Kette<\/td>\n<\/tr>\n<tr>\n<td>Bremsen vorne<\/td>\n<td>Shimano MT200, hydraulische Scheibenbremse<\/td>\n<\/tr>\n<tr>\n<td>Bremsen hinten<\/td>\n<td>Shimano MT200, hydraulische Scheibenbremse<\/td>\n<\/tr>\n<tr>\n<td>Bremsscheibe<\/td>\n<td>180mm \/ 160mm;180mm \/ 160mm<\/td>\n<\/tr>\n<tr>\n<td>Bremshebel<\/td>\n<td>Shimano BR-MT200<\/td>\n<\/tr>\n<tr>\n<td>Gabel<\/td>\n<td>Suntour NEX E25 HLO 50mm<\/td>\n<\/tr>\n<tr>\n<td>Rahmen<\/td>\n<td>Aluminium<\/td>\n<\/tr>\n<tr>\n<td>Federweg vorne in mm<\/td>\n<td>50 mm<\/td>\n<\/tr>\n<tr>\n<td>Rahmenform<\/td>\n<td>Diamant<\/td>\n<\/tr>\n<tr>\n<td>Rahmenh\u00f6he<\/td>\n<td>55 cm<\/td>\n<\/tr>\n<tr>\n<td>Griffe<\/td>\n<td>Herrmans DD36<\/td>\n<\/tr>\n<tr>\n<td>Lenker<\/td>\n<td>Aluminium, gerade<\/td>\n<\/tr>\n<tr>\n<td>Sattel<\/td>\n<td>BBB Diamond<\/td>\n<\/tr>\n<tr>\n<td>Vorbau<\/td>\n<td>Mit Werkzeug stufenlos verstellbar<\/td>\n<\/tr>\n<tr>\n<td>Sattelst\u00fctze<\/td>\n<td>Starr<\/td>\n<\/tr>\n<tr>\n<td>Speichen<\/td>\n<td>Edelstahl, extra stark<\/td>\n<\/tr>\n<tr>\n<td>Nabe vorne<\/td>\n<td>Shimano Deore<\/td>\n<\/tr>\n<tr>\n<td>Nabe hinten<\/td>\n<td>Shimano Deore<\/td>\n<\/tr>\n<tr>\n<td>Reifen (vorne)<\/td>\n<td>Schwalbe Big Apple, 28&#215;2.00&#8243; (50-622)<\/td>\n<\/tr>\n<tr>\n<td>Reifen (hinten)<\/td>\n<td>Schwalbe Big Apple, 28&#215;2.00&#8243; (50-622)<\/td>\n<\/tr>\n<tr>\n<td>Felgen<\/td>\n<td>Mach1 ER-10, Doppelwandig Aluminium f\u00fcr besondere Stabilit\u00e4t und gute Fahreigenschaften<\/td>\n<\/tr>\n<tr>\n<td>Schutzbleche<\/td>\n<td>Aluminium<\/td>\n<\/tr>\n<tr>\n<td>Beleuchtung vorn<\/td>\n<td>Axa Compactline 35<\/td>\n<\/tr>\n<tr>\n<td>Beleuchtung hinten<\/td>\n<td>Axa Blueline<\/td>\n<\/tr>\n<tr>\n<td>Akku<\/td>\n<td>Lithium-ion 500 Wh<\/td>\n<\/tr>\n<tr>\n<td>St\u00e4nder<\/td>\n<td>Ursus Mooi<\/td>\n<\/tr>\n<tr>\n<td>Steuersatz<\/td>\n<td>Nicht integriert, 1-1\/8&#8243;<\/td>\n<\/tr>\n<tr>\n<td>Gep\u00e4cktr\u00e4ger<\/td>\n<td>MIK-System Tr\u00e4ger aus Aluminium<\/td>\n<\/tr>\n<tr>\n<td>H\u00f6chstgeschwindigkeit<\/td>\n<td>25<\/td>\n<\/tr>\n<tr>\n<td>Ma\u00dfeinheit<\/td>\n<td>km\/h<\/td>\n<\/tr>\n<tr>\n<td>Beleuchtung<\/td>\n<td>mit Beleuchtung<\/td>\n<\/tr>\n<tr>\n<td>E-Bike Motor Hersteller<\/td>\n<td>Bosch<\/td>\n<\/tr>\n<tr>\n<td>E-Bike Zulassungspflichtig<\/td>\n<td>Nein<\/td>\n<\/tr>\n<tr>\n<td>Farbe<\/td>\n<td>Blau<\/td>\n<\/tr>\n<tr>\n<td>Federung<\/td>\n<td>Mit Federung<\/td>\n<\/tr>\n<tr>\n<td>G\u00e4nge<\/td>\n<td>10 &#8211; G\u00e4nge<\/td>\n<\/tr>\n<tr>\n<td>Geschlecht<\/td>\n<td>Herren<\/td>\n<\/tr>\n<tr>\n<td>Marke<\/td>\n<td>Gazelle<\/td>\n<\/tr>\n<tr>\n<td>Radgr\u00f6\u00dfe<\/td>\n<td>28 Zoll<\/td>\n<\/tr>\n<tr>\n<td>Rahmenmaterial<\/td>\n<td>Aluminium<\/td>\n<\/tr>\n<tr>\n<td>Saison<\/td>\n<td>2022<\/td>\n<\/tr>\n<tr>\n<td>Schaltart<\/td>\n<td>Kettenschaltung<\/td>\n<\/tr>\n<\/tbody>\n<\/table>\n<\/div>\n<\/div>","protected":false},"excerpt":{"rendered":"<p>Gazelle Medeo T10 HMB &#8211; 500 Wh &#8211; 2022 &#8211; 28 Zoll &#8211; Diamant Das Gazelle Medeo T10 Medeo rollt<\/p>","protected":false},"featured_media":62636,"comment_status":"open","ping_status":"closed","template":"","meta":{"_rtcl_gb_attr":""},"product_brand":[],"product_cat":[33,247,35],"product_tag":[],"class_list":{"0":"post-42711","1":"product","2":"type-product","3":"status-publish","4":"has-post-thumbnail","6":"product_cat-e-bike","7":"product_cat-e-bike-trekking","8":"product_cat-e-bikes-2022","9":"pa_marke-gazelle","11":"first","12":"instock","13":"taxable","14":"shipping-taxable","15":"purchasable","16":"product-type-variable"},"yoast_head":"<!-- This site is optimized with the Yoast SEO Premium plugin v20.12 (Yoast SEO v27.4) - https:\/\/yoast.com\/product\/yoast-seo-premium-wordpress\/ -->\n<title>Gazelle Medeo T10 HMB - 500 Wh - 2022 - 28 Zoll - Diamant<\/title>\n<meta name=\"description\" content=\"Entdecken Sie unseren Online-Fahrradladen: Gro\u00dfe Auswahl an Modellen f\u00fcr alle Radsportbegeisterten. Von Rennr\u00e4dern bis zu Mountainbikes - finden Sie heute Ihren perfekten Wegbegleiter!\" \/>\n<meta name=\"robots\" content=\"index, follow, max-snippet:-1, max-image-preview:large, max-video-preview:-1\" \/>\n<link rel=\"canonical\" href=\"https:\/\/cioelectro.com\/en\/produkt\/gazelle-medeo-t10-hmb-500-wh-2022-28-zoll-diamant\/\" \/>\n<meta property=\"og:locale\" content=\"en_US\" \/>\n<meta property=\"og:type\" content=\"article\" \/>\n<meta property=\"og:title\" content=\"Gazelle Medeo T10 HMB - 500 Wh - 2022 - 28 Zoll - Diamant\" \/>\n<meta property=\"og:description\" content=\"Entdecken Sie unseren Online-Fahrradladen: Gro\u00dfe Auswahl an Modellen f\u00fcr alle Radsportbegeisterten. Von Rennr\u00e4dern bis zu Mountainbikes - finden Sie heute Ihren perfekten Wegbegleiter!\" \/>\n<meta property=\"og:url\" content=\"https:\/\/cioelectro.com\/en\/produkt\/gazelle-medeo-t10-hmb-500-wh-2022-28-zoll-diamant\/\" \/>\n<meta property=\"og:site_name\" content=\"cioelectro.com\" \/>\n<meta property=\"article:modified_time\" content=\"2023-08-11T07:44:16+00:00\" \/>\n<meta property=\"og:image\" content=\"https:\/\/cioelectro.com\/wp-content\/uploads\/2023\/06\/f56d790e571a4c77992b23ed3de99457.jpg\" \/>\n\t<meta property=\"og:image:width\" content=\"1920\" \/>\n\t<meta property=\"og:image:height\" content=\"1280\" \/>\n\t<meta property=\"og:image:type\" content=\"image\/jpeg\" \/>\n<meta name=\"twitter:card\" content=\"summary_large_image\" \/>\n<meta name=\"twitter:label1\" content=\"Est. reading time\" \/>\n\t<meta name=\"twitter:data1\" content=\"2 minutes\" \/>\n<script type=\"application\/ld+json\" class=\"yoast-schema-graph\">{\"@context\":\"https:\\\/\\\/schema.org\",\"@graph\":[{\"@type\":\"WebPage\",\"@id\":\"https:\\\/\\\/cioelectro.com\\\/produkt\\\/gazelle-medeo-t10-hmb-500-wh-2022-28-zoll-diamant\\\/\",\"url\":\"https:\\\/\\\/cioelectro.com\\\/produkt\\\/gazelle-medeo-t10-hmb-500-wh-2022-28-zoll-diamant\\\/\",\"name\":\"Gazelle Medeo T10 HMB - 500 Wh - 2022 - 28 Zoll - Diamant\",\"isPartOf\":{\"@id\":\"https:\\\/\\\/cioelectro.com\\\/#website\"},\"primaryImageOfPage\":{\"@id\":\"https:\\\/\\\/cioelectro.com\\\/produkt\\\/gazelle-medeo-t10-hmb-500-wh-2022-28-zoll-diamant\\\/#primaryimage\"},\"image\":{\"@id\":\"https:\\\/\\\/cioelectro.com\\\/produkt\\\/gazelle-medeo-t10-hmb-500-wh-2022-28-zoll-diamant\\\/#primaryimage\"},\"thumbnailUrl\":\"https:\\\/\\\/cioelectro.com\\\/wp-content\\\/uploads\\\/2023\\\/06\\\/f56d790e571a4c77992b23ed3de99457.jpg\",\"datePublished\":\"2022-11-21T17:10:55+00:00\",\"dateModified\":\"2023-08-11T07:44:16+00:00\",\"description\":\"Entdecken Sie unseren Online-Fahrradladen: Gro\u00dfe Auswahl an Modellen f\u00fcr alle Radsportbegeisterten. Von Rennr\u00e4dern bis zu Mountainbikes - finden Sie heute Ihren perfekten Wegbegleiter!\",\"breadcrumb\":{\"@id\":\"https:\\\/\\\/cioelectro.com\\\/produkt\\\/gazelle-medeo-t10-hmb-500-wh-2022-28-zoll-diamant\\\/#breadcrumb\"},\"inLanguage\":\"en-US\",\"potentialAction\":[{\"@type\":\"ReadAction\",\"target\":[\"https:\\\/\\\/cioelectro.com\\\/produkt\\\/gazelle-medeo-t10-hmb-500-wh-2022-28-zoll-diamant\\\/\"]}]},{\"@type\":\"ImageObject\",\"inLanguage\":\"en-US\",\"@id\":\"https:\\\/\\\/cioelectro.com\\\/produkt\\\/gazelle-medeo-t10-hmb-500-wh-2022-28-zoll-diamant\\\/#primaryimage\",\"url\":\"https:\\\/\\\/cioelectro.com\\\/wp-content\\\/uploads\\\/2023\\\/06\\\/f56d790e571a4c77992b23ed3de99457.jpg\",\"contentUrl\":\"https:\\\/\\\/cioelectro.com\\\/wp-content\\\/uploads\\\/2023\\\/06\\\/f56d790e571a4c77992b23ed3de99457.jpg\",\"width\":1920,\"height\":1280,\"caption\":\"Gazelle Medeo T10 HMB - 500 Wh - 2022 - 28 Zoll - Diamant\"},{\"@type\":\"BreadcrumbList\",\"@id\":\"https:\\\/\\\/cioelectro.com\\\/produkt\\\/gazelle-medeo-t10-hmb-500-wh-2022-28-zoll-diamant\\\/#breadcrumb\",\"itemListElement\":[{\"@type\":\"ListItem\",\"position\":1,\"name\":\"Startseite\",\"item\":\"https:\\\/\\\/cioelectro.com\\\/\"},{\"@type\":\"ListItem\",\"position\":2,\"name\":\"LADEN\",\"item\":\"https:\\\/\\\/cioelectro.com\\\/laden\\\/\"},{\"@type\":\"ListItem\",\"position\":3,\"name\":\"Gazelle Medeo T10 HMB &#8211; 500 Wh &#8211; 2022 &#8211; 28 Zoll &#8211; Diamant\"}]},{\"@type\":\"WebSite\",\"@id\":\"https:\\\/\\\/cioelectro.com\\\/#website\",\"url\":\"https:\\\/\\\/cioelectro.com\\\/\",\"name\":\"cioelectro.com\",\"description\":\"Treten Sie mit uns ins Abenteuer!\",\"publisher\":{\"@id\":\"https:\\\/\\\/cioelectro.com\\\/#organization\"},\"alternateName\":\"MEIN RADLADEN\",\"potentialAction\":[{\"@type\":\"SearchAction\",\"target\":{\"@type\":\"EntryPoint\",\"urlTemplate\":\"https:\\\/\\\/cioelectro.com\\\/?s={search_term_string}\"},\"query-input\":{\"@type\":\"PropertyValueSpecification\",\"valueRequired\":true,\"valueName\":\"search_term_string\"}}],\"inLanguage\":\"en-US\"},{\"@type\":\"Organization\",\"@id\":\"https:\\\/\\\/cioelectro.com\\\/#organization\",\"name\":\"CIOELECTRO\",\"alternateName\":\"MEIN RADLADEN\",\"url\":\"https:\\\/\\\/cioelectro.com\\\/\",\"logo\":{\"@type\":\"ImageObject\",\"inLanguage\":\"en-US\",\"@id\":\"https:\\\/\\\/cioelectro.com\\\/#\\\/schema\\\/logo\\\/image\\\/\",\"url\":\"https:\\\/\\\/cioelectro.com\\\/wp-content\\\/uploads\\\/2025\\\/12\\\/Logo-2-1200x800.png\",\"contentUrl\":\"https:\\\/\\\/cioelectro.com\\\/wp-content\\\/uploads\\\/2025\\\/12\\\/Logo-2-1200x800.png\",\"width\":1200,\"height\":800,\"caption\":\"CIOELECTRO\"},\"image\":{\"@id\":\"https:\\\/\\\/cioelectro.com\\\/#\\\/schema\\\/logo\\\/image\\\/\"}}]}<\/script>\n<!-- \/ Yoast SEO Premium plugin. -->","yoast_head_json":{"title":"Gazelle Medeo T10 HMB - 500 Wh - 2022 - 28 Zoll - Diamant","description":"Entdecken Sie unseren Online-Fahrradladen: Gro\u00dfe Auswahl an Modellen f\u00fcr alle Radsportbegeisterten. Von Rennr\u00e4dern bis zu Mountainbikes - finden Sie heute Ihren perfekten Wegbegleiter!","robots":{"index":"index","follow":"follow","max-snippet":"max-snippet:-1","max-image-preview":"max-image-preview:large","max-video-preview":"max-video-preview:-1"},"canonical":"https:\/\/cioelectro.com\/en\/produkt\/gazelle-medeo-t10-hmb-500-wh-2022-28-zoll-diamant\/","og_locale":"en_US","og_type":"article","og_title":"Gazelle Medeo T10 HMB - 500 Wh - 2022 - 28 Zoll - Diamant","og_description":"Entdecken Sie unseren Online-Fahrradladen: Gro\u00dfe Auswahl an Modellen f\u00fcr alle Radsportbegeisterten. Von Rennr\u00e4dern bis zu Mountainbikes - finden Sie heute Ihren perfekten Wegbegleiter!","og_url":"https:\/\/cioelectro.com\/en\/produkt\/gazelle-medeo-t10-hmb-500-wh-2022-28-zoll-diamant\/","og_site_name":"cioelectro.com","article_modified_time":"2023-08-11T07:44:16+00:00","og_image":[{"width":1920,"height":1280,"url":"https:\/\/cioelectro.com\/wp-content\/uploads\/2023\/06\/f56d790e571a4c77992b23ed3de99457.jpg","type":"image\/jpeg"}],"twitter_card":"summary_large_image","twitter_misc":{"Est. reading time":"2 minutes"},"schema":{"@context":"https:\/\/schema.org","@graph":[{"@type":"WebPage","@id":"https:\/\/cioelectro.com\/produkt\/gazelle-medeo-t10-hmb-500-wh-2022-28-zoll-diamant\/","url":"https:\/\/cioelectro.com\/produkt\/gazelle-medeo-t10-hmb-500-wh-2022-28-zoll-diamant\/","name":"Gazelle Medeo T10 HMB - 500 Wh - 2022 - 28 Zoll - Diamant","isPartOf":{"@id":"https:\/\/cioelectro.com\/#website"},"primaryImageOfPage":{"@id":"https:\/\/cioelectro.com\/produkt\/gazelle-medeo-t10-hmb-500-wh-2022-28-zoll-diamant\/#primaryimage"},"image":{"@id":"https:\/\/cioelectro.com\/produkt\/gazelle-medeo-t10-hmb-500-wh-2022-28-zoll-diamant\/#primaryimage"},"thumbnailUrl":"https:\/\/cioelectro.com\/wp-content\/uploads\/2023\/06\/f56d790e571a4c77992b23ed3de99457.jpg","datePublished":"2022-11-21T17:10:55+00:00","dateModified":"2023-08-11T07:44:16+00:00","description":"Entdecken Sie unseren Online-Fahrradladen: Gro\u00dfe Auswahl an Modellen f\u00fcr alle Radsportbegeisterten. Von Rennr\u00e4dern bis zu Mountainbikes - finden Sie heute Ihren perfekten Wegbegleiter!","breadcrumb":{"@id":"https:\/\/cioelectro.com\/produkt\/gazelle-medeo-t10-hmb-500-wh-2022-28-zoll-diamant\/#breadcrumb"},"inLanguage":"en-US","potentialAction":[{"@type":"ReadAction","target":["https:\/\/cioelectro.com\/produkt\/gazelle-medeo-t10-hmb-500-wh-2022-28-zoll-diamant\/"]}]},{"@type":"ImageObject","inLanguage":"en-US","@id":"https:\/\/cioelectro.com\/produkt\/gazelle-medeo-t10-hmb-500-wh-2022-28-zoll-diamant\/#primaryimage","url":"https:\/\/cioelectro.com\/wp-content\/uploads\/2023\/06\/f56d790e571a4c77992b23ed3de99457.jpg","contentUrl":"https:\/\/cioelectro.com\/wp-content\/uploads\/2023\/06\/f56d790e571a4c77992b23ed3de99457.jpg","width":1920,"height":1280,"caption":"Gazelle Medeo T10 HMB - 500 Wh - 2022 - 28 Zoll - Diamant"},{"@type":"BreadcrumbList","@id":"https:\/\/cioelectro.com\/produkt\/gazelle-medeo-t10-hmb-500-wh-2022-28-zoll-diamant\/#breadcrumb","itemListElement":[{"@type":"ListItem","position":1,"name":"Startseite","item":"https:\/\/cioelectro.com\/"},{"@type":"ListItem","position":2,"name":"LADEN","item":"https:\/\/cioelectro.com\/laden\/"},{"@type":"ListItem","position":3,"name":"Gazelle Medeo T10 HMB &#8211; 500 Wh &#8211; 2022 &#8211; 28 Zoll &#8211; Diamant"}]},{"@type":"WebSite","@id":"https:\/\/cioelectro.com\/#website","url":"https:\/\/cioelectro.com\/","name":"cioelectro.com","description":"Treten Sie mit uns ins Abenteuer!","publisher":{"@id":"https:\/\/cioelectro.com\/#organization"},"alternateName":"MEIN RADLADEN","potentialAction":[{"@type":"SearchAction","target":{"@type":"EntryPoint","urlTemplate":"https:\/\/cioelectro.com\/?s={search_term_string}"},"query-input":{"@type":"PropertyValueSpecification","valueRequired":true,"valueName":"search_term_string"}}],"inLanguage":"en-US"},{"@type":"Organization","@id":"https:\/\/cioelectro.com\/#organization","name":"CIOELECTRO","alternateName":"MEIN RADLADEN","url":"https:\/\/cioelectro.com\/","logo":{"@type":"ImageObject","inLanguage":"en-US","@id":"https:\/\/cioelectro.com\/#\/schema\/logo\/image\/","url":"https:\/\/cioelectro.com\/wp-content\/uploads\/2025\/12\/Logo-2-1200x800.png","contentUrl":"https:\/\/cioelectro.com\/wp-content\/uploads\/2025\/12\/Logo-2-1200x800.png","width":1200,"height":800,"caption":"CIOELECTRO"},"image":{"@id":"https:\/\/cioelectro.com\/#\/schema\/logo\/image\/"}}]}},"_links":{"self":[{"href":"https:\/\/cioelectro.com\/en\/wp-json\/wp\/v2\/product\/42711","targetHints":{"allow":["GET"]}}],"collection":[{"href":"https:\/\/cioelectro.com\/en\/wp-json\/wp\/v2\/product"}],"about":[{"href":"https:\/\/cioelectro.com\/en\/wp-json\/wp\/v2\/types\/product"}],"replies":[{"embeddable":true,"href":"https:\/\/cioelectro.com\/en\/wp-json\/wp\/v2\/comments?post=42711"}],"version-history":[{"count":0,"href":"https:\/\/cioelectro.com\/en\/wp-json\/wp\/v2\/product\/42711\/revisions"}],"wp:featuredmedia":[{"embeddable":true,"href":"https:\/\/cioelectro.com\/en\/wp-json\/wp\/v2\/media\/62636"}],"wp:attachment":[{"href":"https:\/\/cioelectro.com\/en\/wp-json\/wp\/v2\/media?parent=42711"}],"wp:term":[{"taxonomy":"product_brand","embeddable":true,"href":"https:\/\/cioelectro.com\/en\/wp-json\/wp\/v2\/product_brand?post=42711"},{"taxonomy":"product_cat","embeddable":true,"href":"https:\/\/cioelectro.com\/en\/wp-json\/wp\/v2\/product_cat?post=42711"},{"taxonomy":"product_tag","embeddable":true,"href":"https:\/\/cioelectro.com\/en\/wp-json\/wp\/v2\/product_tag?post=42711"}],"curies":[{"name":"wp","href":"https:\/\/api.w.org\/{rel}","templated":true}]}}