{"id":42719,"date":"2022-11-21T18:12:14","date_gmt":"2022-11-21T17:12:14","guid":{"rendered":"https:\/\/meinradladen.com\/?post_type=product&#038;p=42719"},"modified":"2023-08-11T09:40:40","modified_gmt":"2023-08-11T07:40:40","slug":"gazelle-n1-1125-wh-2022-275-zoll-diamant","status":"publish","type":"product","link":"https:\/\/cioelectro.com\/en\/produkt\/gazelle-n1-1125-wh-2022-275-zoll-diamant\/","title":{"rendered":"Gazelle N\u00b01 &#8211; 1125 Wh &#8211; 2022 &#8211; 27,5 Zoll &#8211; Diamant"},"content":{"rendered":"<div class=\"col product-detail-name-container\">\n<h2 class=\"product-detail-name\">Gazelle N\u00b01 &#8211; 1125 Wh &#8211; 2022 &#8211; 27,5 Zoll &#8211; Diamant<\/h2>\n<p>Mit der Wahl des N\u00b01 Speed \u200b\u200bPedelec entscheiden Sie sich f\u00fcr ein einzigartiges Design; ein Rahmen mit klaren Linien. F\u00fcr ein einzigartiges Fahrerlebnis voller Geschwindigkeit und Kontrolle. Und f\u00fcr absolute Perfektion haben wir die besten Teile eingebaut. Unsere preisgekr\u00f6nte Nr. 1 hat alles, was Sie von Gazelle erwarten: Qualit\u00e4t und Zuverl\u00e4ssigkeit. Und dieses Modell verf\u00fcgt \u00fcber einen zus\u00e4tzlichen Akku, mit dem Sie bis zu 1125 Wh erreichen k\u00f6nnen.<\/p>\n<div class=\"h3 product-detail-description-title\">Produktinformationen &#8220;Gazelle N\u00b01 &#8211; 1125 Wh &#8211; 2022 &#8211; 27,5 Zoll &#8211; Diamant&#8221;<\/div>\n<div class=\"product-detail-description-text\">\n<hr \/>\n<h3>Details<\/h3>\n<div>\n<table>\n<tbody>\n<tr>\n<td>Zul\u00e4ssiges Gewicht inkl. Fahrer und Zuladung<\/td>\n<td>150 kg<\/td>\n<\/tr>\n<tr>\n<td>Gewicht in kg<\/td>\n<td>26.2<\/td>\n<\/tr>\n<tr>\n<td>Motor<\/td>\n<td>Bosch Mittelmotor Performance Line Speed G3 250 Watt<\/td>\n<\/tr>\n<tr>\n<td>Drehmoment in Nm<\/td>\n<td>75 Nm<\/td>\n<\/tr>\n<tr>\n<td>Display<\/td>\n<td>Bosch Kiox<\/td>\n<\/tr>\n<tr>\n<td>Motorposition<\/td>\n<td>Mittelmotor<\/td>\n<\/tr>\n<tr>\n<td>Schaltung<\/td>\n<td>Stufenlose Getriebe-Nabenschaltung<\/td>\n<\/tr>\n<tr>\n<td>Kettenblatt<\/td>\n<td>55 Z\u00e4hne<\/td>\n<\/tr>\n<tr>\n<td>Schalthebel<\/td>\n<td>Enviolo Automatic<\/td>\n<\/tr>\n<tr>\n<td>Schaltungscode<\/td>\n<td>Automatiknabe Riemen Freilauf<\/td>\n<\/tr>\n<tr>\n<td>Bremsen vorne<\/td>\n<td>TRP C2.3, 4-Kolben, hydraulische Scheibenbremse<\/td>\n<\/tr>\n<tr>\n<td>Bremsen hinten<\/td>\n<td>TRP C2.3, 4-Kolben, hydraulische Scheibenbremse<\/td>\n<\/tr>\n<tr>\n<td>Gabel<\/td>\n<td>Carbon, ungefedert<\/td>\n<\/tr>\n<tr>\n<td>Rahmen<\/td>\n<td>Sportlicher Aluminiumrahmen<\/td>\n<\/tr>\n<tr>\n<td>Rahmenform<\/td>\n<td>Diamant<\/td>\n<\/tr>\n<tr>\n<td>Griffe<\/td>\n<td>Ergon GP1-L, ergonomic<\/td>\n<\/tr>\n<tr>\n<td>Lenker<\/td>\n<td>Kohlefaser, 720mm Breite, mit Kabelintegration<\/td>\n<\/tr>\n<tr>\n<td>Sattel<\/td>\n<td>BBB Spectrum<\/td>\n<\/tr>\n<tr>\n<td>Vorbau<\/td>\n<td>Sportive, L\u00e4nge: 90mm (S), 110mm (M,L)<\/td>\n<\/tr>\n<tr>\n<td>Sattelst\u00fctze<\/td>\n<td>Starr<\/td>\n<\/tr>\n<tr>\n<td>Speichen<\/td>\n<td>Edelstahl, extra stark<\/td>\n<\/tr>\n<tr>\n<td>Felgen<\/td>\n<td>Ryde Andra 40, Aluminium;Ryde Andra 40, Aluminium<\/td>\n<\/tr>\n<tr>\n<td>Nabe hinten<\/td>\n<td>Enviolo Sportive Automatiq, stufenlose Gangschaltung, Freilauf<\/td>\n<\/tr>\n<tr>\n<td>Reifen (vorne)<\/td>\n<td>Schwalbe Super Moto-X, 27.5&#215;2.40&#8243; (62-584)<\/td>\n<\/tr>\n<tr>\n<td>Reifen (hinten)<\/td>\n<td>Schwalbe Super Moto-X, 27.5&#215;2.40&#8243; (62-584)<\/td>\n<\/tr>\n<tr>\n<td>H\u00f6chstgeschwindigkeit<\/td>\n<td>45<\/td>\n<\/tr>\n<tr>\n<td>Ma\u00dfeinheit<\/td>\n<td>km\/h<\/td>\n<\/tr>\n<tr>\n<td>Akku<\/td>\n<td>Bosch Powertube, Li-Ion, 625Wh + 500Wh Powerpack<\/td>\n<\/tr>\n<tr>\n<td>Riemen<\/td>\n<td>Gates CDX-Riemenantrieb<\/td>\n<\/tr>\n<tr>\n<td>St\u00e4nder<\/td>\n<td>Ursus Mooi, Seitenst\u00e4nder<\/td>\n<\/tr>\n<tr>\n<td>Ladeger\u00e4t<\/td>\n<td>Bosch, 4 Ah<\/td>\n<\/tr>\n<tr>\n<td>Felge hinten<\/td>\n<td>Ryde Andra 40, Aluminium<\/td>\n<\/tr>\n<tr>\n<td>Kettenschutz<\/td>\n<td>Aluminium<\/td>\n<\/tr>\n<tr>\n<td>Schutzbleche<\/td>\n<td>Aluminium<\/td>\n<\/tr>\n<tr>\n<td>Gep\u00e4cktr\u00e4ger<\/td>\n<td>Aluminium<\/td>\n<\/tr>\n<tr>\n<td>Beleuchtung vorn<\/td>\n<td>Supernova M99 Mini Pure-45, 230 Lux<\/td>\n<\/tr>\n<tr>\n<td>Beleuchtung hinten<\/td>\n<td>Supernova M99 Tail Light-45, LED<\/td>\n<\/tr>\n<tr>\n<td>Zahnkranz Singlespeed<\/td>\n<td>22 Z\u00e4hne<\/td>\n<\/tr>\n<tr>\n<td>Akku entnehmbar<\/td>\n<td>ja<\/td>\n<\/tr>\n<tr>\n<td>Beleuchtung<\/td>\n<td>mit Beleuchtung<\/td>\n<\/tr>\n<tr>\n<td>E-Bike Motor Hersteller<\/td>\n<td>Bosch<\/td>\n<\/tr>\n<tr>\n<td>E-Bike Zulassungspflichtig<\/td>\n<td>Ja<\/td>\n<\/tr>\n<tr>\n<td>Federung<\/td>\n<td>Mit Starrgabel<\/td>\n<\/tr>\n<tr>\n<td>G\u00e4nge<\/td>\n<td>Stufenlos<\/td>\n<\/tr>\n<tr>\n<td>Geschlecht<\/td>\n<td>Herren<\/td>\n<\/tr>\n<tr>\n<td>Marke<\/td>\n<td>Gazelle<\/td>\n<\/tr>\n<tr>\n<td>Radgr\u00f6\u00dfe<\/td>\n<td>27,5 Zoll<\/td>\n<\/tr>\n<tr>\n<td>Rahmenmaterial<\/td>\n<td>Aluminium<\/td>\n<\/tr>\n<tr>\n<td>Saison<\/td>\n<td>2022<\/td>\n<\/tr>\n<tr>\n<td>Schaltart<\/td>\n<td>Enviolo<\/td>\n<\/tr>\n<\/tbody>\n<\/table>\n<\/div>\n<\/div>\n<\/div>","protected":false},"excerpt":{"rendered":"<p>Gazelle N\u00b01 &#8211; 1125 Wh &#8211; 2022 &#8211; 27,5 Zoll &#8211; Diamant Mit der Wahl des N\u00b01 Speed \u200b\u200bPedelec entscheiden<\/p>","protected":false},"featured_media":62637,"comment_status":"open","ping_status":"closed","template":"","meta":{"_rtcl_gb_attr":""},"product_brand":[],"product_cat":[33,247,35],"product_tag":[],"class_list":{"0":"post-42719","1":"product","2":"type-product","3":"status-publish","4":"has-post-thumbnail","6":"product_cat-e-bike","7":"product_cat-e-bike-trekking","8":"product_cat-e-bikes-2022","9":"pa_marke-gazelle","11":"first","12":"instock","13":"sale","14":"taxable","15":"shipping-taxable","16":"purchasable","17":"product-type-variable"},"yoast_head":"<!-- This site is optimized with the Yoast SEO Premium plugin v20.12 (Yoast SEO v27.4) - https:\/\/yoast.com\/product\/yoast-seo-premium-wordpress\/ -->\n<title>Gazelle N\u00b01 - 1125 Wh - 2022 - 27,5 Zoll - Diamant<\/title>\n<meta name=\"description\" content=\"Entdecken Sie unseren Online-Fahrradladen: Gro\u00dfe Auswahl an Modellen f\u00fcr alle Radsportbegeisterten. Von Rennr\u00e4dern bis zu Mountainbikes - finden Sie heute Ihren perfekten Wegbegleiter!\" \/>\n<meta name=\"robots\" content=\"index, follow, max-snippet:-1, max-image-preview:large, max-video-preview:-1\" \/>\n<link rel=\"canonical\" href=\"https:\/\/cioelectro.com\/en\/produkt\/gazelle-n1-1125-wh-2022-275-zoll-diamant\/\" \/>\n<meta property=\"og:locale\" content=\"en_US\" \/>\n<meta property=\"og:type\" content=\"article\" \/>\n<meta property=\"og:title\" content=\"Gazelle N\u00b01 - 1125 Wh - 2022 - 27,5 Zoll - Diamant\" \/>\n<meta property=\"og:description\" content=\"Entdecken Sie unseren Online-Fahrradladen: Gro\u00dfe Auswahl an Modellen f\u00fcr alle Radsportbegeisterten. Von Rennr\u00e4dern bis zu Mountainbikes - finden Sie heute Ihren perfekten Wegbegleiter!\" \/>\n<meta property=\"og:url\" content=\"https:\/\/cioelectro.com\/en\/produkt\/gazelle-n1-1125-wh-2022-275-zoll-diamant\/\" \/>\n<meta property=\"og:site_name\" content=\"cioelectro.com\" \/>\n<meta property=\"article:modified_time\" content=\"2023-08-11T07:40:40+00:00\" \/>\n<meta property=\"og:image\" content=\"https:\/\/cioelectro.com\/wp-content\/uploads\/2023\/06\/b1ab7ee060b84924ab958996c82a88ff.jpg\" \/>\n\t<meta property=\"og:image:width\" content=\"1920\" \/>\n\t<meta property=\"og:image:height\" content=\"1280\" \/>\n\t<meta property=\"og:image:type\" content=\"image\/jpeg\" \/>\n<meta name=\"twitter:card\" content=\"summary_large_image\" \/>\n<meta name=\"twitter:label1\" content=\"Est. reading time\" \/>\n\t<meta name=\"twitter:data1\" content=\"2 minutes\" \/>\n<script type=\"application\/ld+json\" class=\"yoast-schema-graph\">{\"@context\":\"https:\\\/\\\/schema.org\",\"@graph\":[{\"@type\":\"WebPage\",\"@id\":\"https:\\\/\\\/cioelectro.com\\\/produkt\\\/gazelle-n1-1125-wh-2022-275-zoll-diamant\\\/\",\"url\":\"https:\\\/\\\/cioelectro.com\\\/produkt\\\/gazelle-n1-1125-wh-2022-275-zoll-diamant\\\/\",\"name\":\"Gazelle N\u00b01 - 1125 Wh - 2022 - 27,5 Zoll - Diamant\",\"isPartOf\":{\"@id\":\"https:\\\/\\\/cioelectro.com\\\/#website\"},\"primaryImageOfPage\":{\"@id\":\"https:\\\/\\\/cioelectro.com\\\/produkt\\\/gazelle-n1-1125-wh-2022-275-zoll-diamant\\\/#primaryimage\"},\"image\":{\"@id\":\"https:\\\/\\\/cioelectro.com\\\/produkt\\\/gazelle-n1-1125-wh-2022-275-zoll-diamant\\\/#primaryimage\"},\"thumbnailUrl\":\"https:\\\/\\\/cioelectro.com\\\/wp-content\\\/uploads\\\/2023\\\/06\\\/b1ab7ee060b84924ab958996c82a88ff.jpg\",\"datePublished\":\"2022-11-21T17:12:14+00:00\",\"dateModified\":\"2023-08-11T07:40:40+00:00\",\"description\":\"Entdecken Sie unseren Online-Fahrradladen: Gro\u00dfe Auswahl an Modellen f\u00fcr alle Radsportbegeisterten. Von Rennr\u00e4dern bis zu Mountainbikes - finden Sie heute Ihren perfekten Wegbegleiter!\",\"breadcrumb\":{\"@id\":\"https:\\\/\\\/cioelectro.com\\\/produkt\\\/gazelle-n1-1125-wh-2022-275-zoll-diamant\\\/#breadcrumb\"},\"inLanguage\":\"en-US\",\"potentialAction\":[{\"@type\":\"ReadAction\",\"target\":[\"https:\\\/\\\/cioelectro.com\\\/produkt\\\/gazelle-n1-1125-wh-2022-275-zoll-diamant\\\/\"]}]},{\"@type\":\"ImageObject\",\"inLanguage\":\"en-US\",\"@id\":\"https:\\\/\\\/cioelectro.com\\\/produkt\\\/gazelle-n1-1125-wh-2022-275-zoll-diamant\\\/#primaryimage\",\"url\":\"https:\\\/\\\/cioelectro.com\\\/wp-content\\\/uploads\\\/2023\\\/06\\\/b1ab7ee060b84924ab958996c82a88ff.jpg\",\"contentUrl\":\"https:\\\/\\\/cioelectro.com\\\/wp-content\\\/uploads\\\/2023\\\/06\\\/b1ab7ee060b84924ab958996c82a88ff.jpg\",\"width\":1920,\"height\":1280,\"caption\":\"Gazelle N\u00b01 - 1125 Wh - 2022 - 27\"},{\"@type\":\"BreadcrumbList\",\"@id\":\"https:\\\/\\\/cioelectro.com\\\/produkt\\\/gazelle-n1-1125-wh-2022-275-zoll-diamant\\\/#breadcrumb\",\"itemListElement\":[{\"@type\":\"ListItem\",\"position\":1,\"name\":\"Startseite\",\"item\":\"https:\\\/\\\/cioelectro.com\\\/\"},{\"@type\":\"ListItem\",\"position\":2,\"name\":\"LADEN\",\"item\":\"https:\\\/\\\/cioelectro.com\\\/laden\\\/\"},{\"@type\":\"ListItem\",\"position\":3,\"name\":\"Gazelle N\u00b01 &#8211; 1125 Wh &#8211; 2022 &#8211; 27,5 Zoll &#8211; Diamant\"}]},{\"@type\":\"WebSite\",\"@id\":\"https:\\\/\\\/cioelectro.com\\\/#website\",\"url\":\"https:\\\/\\\/cioelectro.com\\\/\",\"name\":\"cioelectro.com\",\"description\":\"Treten Sie mit uns ins Abenteuer!\",\"publisher\":{\"@id\":\"https:\\\/\\\/cioelectro.com\\\/#organization\"},\"alternateName\":\"MEIN RADLADEN\",\"potentialAction\":[{\"@type\":\"SearchAction\",\"target\":{\"@type\":\"EntryPoint\",\"urlTemplate\":\"https:\\\/\\\/cioelectro.com\\\/?s={search_term_string}\"},\"query-input\":{\"@type\":\"PropertyValueSpecification\",\"valueRequired\":true,\"valueName\":\"search_term_string\"}}],\"inLanguage\":\"en-US\"},{\"@type\":\"Organization\",\"@id\":\"https:\\\/\\\/cioelectro.com\\\/#organization\",\"name\":\"CIOELECTRO\",\"alternateName\":\"MEIN RADLADEN\",\"url\":\"https:\\\/\\\/cioelectro.com\\\/\",\"logo\":{\"@type\":\"ImageObject\",\"inLanguage\":\"en-US\",\"@id\":\"https:\\\/\\\/cioelectro.com\\\/#\\\/schema\\\/logo\\\/image\\\/\",\"url\":\"https:\\\/\\\/cioelectro.com\\\/wp-content\\\/uploads\\\/2025\\\/12\\\/Logo-2-1200x800.png\",\"contentUrl\":\"https:\\\/\\\/cioelectro.com\\\/wp-content\\\/uploads\\\/2025\\\/12\\\/Logo-2-1200x800.png\",\"width\":1200,\"height\":800,\"caption\":\"CIOELECTRO\"},\"image\":{\"@id\":\"https:\\\/\\\/cioelectro.com\\\/#\\\/schema\\\/logo\\\/image\\\/\"}}]}<\/script>\n<!-- \/ Yoast SEO Premium plugin. -->","yoast_head_json":{"title":"Gazelle N\u00b01 - 1125 Wh - 2022 - 27,5 Zoll - Diamant","description":"Entdecken Sie unseren Online-Fahrradladen: Gro\u00dfe Auswahl an Modellen f\u00fcr alle Radsportbegeisterten. Von Rennr\u00e4dern bis zu Mountainbikes - finden Sie heute Ihren perfekten Wegbegleiter!","robots":{"index":"index","follow":"follow","max-snippet":"max-snippet:-1","max-image-preview":"max-image-preview:large","max-video-preview":"max-video-preview:-1"},"canonical":"https:\/\/cioelectro.com\/en\/produkt\/gazelle-n1-1125-wh-2022-275-zoll-diamant\/","og_locale":"en_US","og_type":"article","og_title":"Gazelle N\u00b01 - 1125 Wh - 2022 - 27,5 Zoll - Diamant","og_description":"Entdecken Sie unseren Online-Fahrradladen: Gro\u00dfe Auswahl an Modellen f\u00fcr alle Radsportbegeisterten. Von Rennr\u00e4dern bis zu Mountainbikes - finden Sie heute Ihren perfekten Wegbegleiter!","og_url":"https:\/\/cioelectro.com\/en\/produkt\/gazelle-n1-1125-wh-2022-275-zoll-diamant\/","og_site_name":"cioelectro.com","article_modified_time":"2023-08-11T07:40:40+00:00","og_image":[{"width":1920,"height":1280,"url":"https:\/\/cioelectro.com\/wp-content\/uploads\/2023\/06\/b1ab7ee060b84924ab958996c82a88ff.jpg","type":"image\/jpeg"}],"twitter_card":"summary_large_image","twitter_misc":{"Est. reading time":"2 minutes"},"schema":{"@context":"https:\/\/schema.org","@graph":[{"@type":"WebPage","@id":"https:\/\/cioelectro.com\/produkt\/gazelle-n1-1125-wh-2022-275-zoll-diamant\/","url":"https:\/\/cioelectro.com\/produkt\/gazelle-n1-1125-wh-2022-275-zoll-diamant\/","name":"Gazelle N\u00b01 - 1125 Wh - 2022 - 27,5 Zoll - Diamant","isPartOf":{"@id":"https:\/\/cioelectro.com\/#website"},"primaryImageOfPage":{"@id":"https:\/\/cioelectro.com\/produkt\/gazelle-n1-1125-wh-2022-275-zoll-diamant\/#primaryimage"},"image":{"@id":"https:\/\/cioelectro.com\/produkt\/gazelle-n1-1125-wh-2022-275-zoll-diamant\/#primaryimage"},"thumbnailUrl":"https:\/\/cioelectro.com\/wp-content\/uploads\/2023\/06\/b1ab7ee060b84924ab958996c82a88ff.jpg","datePublished":"2022-11-21T17:12:14+00:00","dateModified":"2023-08-11T07:40:40+00:00","description":"Entdecken Sie unseren Online-Fahrradladen: Gro\u00dfe Auswahl an Modellen f\u00fcr alle Radsportbegeisterten. Von Rennr\u00e4dern bis zu Mountainbikes - finden Sie heute Ihren perfekten Wegbegleiter!","breadcrumb":{"@id":"https:\/\/cioelectro.com\/produkt\/gazelle-n1-1125-wh-2022-275-zoll-diamant\/#breadcrumb"},"inLanguage":"en-US","potentialAction":[{"@type":"ReadAction","target":["https:\/\/cioelectro.com\/produkt\/gazelle-n1-1125-wh-2022-275-zoll-diamant\/"]}]},{"@type":"ImageObject","inLanguage":"en-US","@id":"https:\/\/cioelectro.com\/produkt\/gazelle-n1-1125-wh-2022-275-zoll-diamant\/#primaryimage","url":"https:\/\/cioelectro.com\/wp-content\/uploads\/2023\/06\/b1ab7ee060b84924ab958996c82a88ff.jpg","contentUrl":"https:\/\/cioelectro.com\/wp-content\/uploads\/2023\/06\/b1ab7ee060b84924ab958996c82a88ff.jpg","width":1920,"height":1280,"caption":"Gazelle N\u00b01 - 1125 Wh - 2022 - 27"},{"@type":"BreadcrumbList","@id":"https:\/\/cioelectro.com\/produkt\/gazelle-n1-1125-wh-2022-275-zoll-diamant\/#breadcrumb","itemListElement":[{"@type":"ListItem","position":1,"name":"Startseite","item":"https:\/\/cioelectro.com\/"},{"@type":"ListItem","position":2,"name":"LADEN","item":"https:\/\/cioelectro.com\/laden\/"},{"@type":"ListItem","position":3,"name":"Gazelle N\u00b01 &#8211; 1125 Wh &#8211; 2022 &#8211; 27,5 Zoll &#8211; Diamant"}]},{"@type":"WebSite","@id":"https:\/\/cioelectro.com\/#website","url":"https:\/\/cioelectro.com\/","name":"cioelectro.com","description":"Treten Sie mit uns ins Abenteuer!","publisher":{"@id":"https:\/\/cioelectro.com\/#organization"},"alternateName":"MEIN RADLADEN","potentialAction":[{"@type":"SearchAction","target":{"@type":"EntryPoint","urlTemplate":"https:\/\/cioelectro.com\/?s={search_term_string}"},"query-input":{"@type":"PropertyValueSpecification","valueRequired":true,"valueName":"search_term_string"}}],"inLanguage":"en-US"},{"@type":"Organization","@id":"https:\/\/cioelectro.com\/#organization","name":"CIOELECTRO","alternateName":"MEIN RADLADEN","url":"https:\/\/cioelectro.com\/","logo":{"@type":"ImageObject","inLanguage":"en-US","@id":"https:\/\/cioelectro.com\/#\/schema\/logo\/image\/","url":"https:\/\/cioelectro.com\/wp-content\/uploads\/2025\/12\/Logo-2-1200x800.png","contentUrl":"https:\/\/cioelectro.com\/wp-content\/uploads\/2025\/12\/Logo-2-1200x800.png","width":1200,"height":800,"caption":"CIOELECTRO"},"image":{"@id":"https:\/\/cioelectro.com\/#\/schema\/logo\/image\/"}}]}},"_links":{"self":[{"href":"https:\/\/cioelectro.com\/en\/wp-json\/wp\/v2\/product\/42719","targetHints":{"allow":["GET"]}}],"collection":[{"href":"https:\/\/cioelectro.com\/en\/wp-json\/wp\/v2\/product"}],"about":[{"href":"https:\/\/cioelectro.com\/en\/wp-json\/wp\/v2\/types\/product"}],"replies":[{"embeddable":true,"href":"https:\/\/cioelectro.com\/en\/wp-json\/wp\/v2\/comments?post=42719"}],"version-history":[{"count":0,"href":"https:\/\/cioelectro.com\/en\/wp-json\/wp\/v2\/product\/42719\/revisions"}],"wp:featuredmedia":[{"embeddable":true,"href":"https:\/\/cioelectro.com\/en\/wp-json\/wp\/v2\/media\/62637"}],"wp:attachment":[{"href":"https:\/\/cioelectro.com\/en\/wp-json\/wp\/v2\/media?parent=42719"}],"wp:term":[{"taxonomy":"product_brand","embeddable":true,"href":"https:\/\/cioelectro.com\/en\/wp-json\/wp\/v2\/product_brand?post=42719"},{"taxonomy":"product_cat","embeddable":true,"href":"https:\/\/cioelectro.com\/en\/wp-json\/wp\/v2\/product_cat?post=42719"},{"taxonomy":"product_tag","embeddable":true,"href":"https:\/\/cioelectro.com\/en\/wp-json\/wp\/v2\/product_tag?post=42719"}],"curies":[{"name":"wp","href":"https:\/\/api.w.org\/{rel}","templated":true}]}}