{"id":42935,"date":"2022-11-22T15:53:06","date_gmt":"2022-11-22T14:53:06","guid":{"rendered":"https:\/\/meinradladen.com\/?post_type=product&#038;p=42935"},"modified":"2023-08-11T09:28:58","modified_gmt":"2023-08-11T07:28:58","slug":"tern-quick-haul-p5i-rbn-2","status":"publish","type":"product","link":"https:\/\/cioelectro.com\/en\/produkt\/tern-quick-haul-p5i-rbn-2\/","title":{"rendered":"tern Quick Haul P5i RBN"},"content":{"rendered":"<div class=\"product--headername\">\n<h2 class=\"product--title\"><strong>tern<\/strong>\u00a0Quick Haul P5i RBN<\/h2>\n<p>Das kompakte E-Bike Quick Haul P5i RBN von Tern ist richtig praktisch und bietet dank R\u00fccktrittbremse ein Plus an Sicherheit! Dank schlauem Rahmenkonzept mit vielen Zuladungsm\u00f6glichkeiten und starkem Bosch Performance Line Motor wird das Quick Haul dein neues Lieblingsbike, um deine Aufgaben im Alltag bequem zu meistern. Es ist das Multitool unter den E-Bikes: es ist klein und handlich genug, um dich Tag f\u00fcr Tag zu begleiten. Und ist dennoch in der Lage, gro\u00dfe Aufgaben mit Bravour zu bew\u00e4ltigen.<\/p>\n<p>Das Quick Haul macht Erledigungen mit dem Fahrrad so angenehm, einfach und praktisch, dass du es fast jeden Tag benutzen wirst. Es wurde so konzipiert, dass du kleine Passagiere und Gep\u00e4ck m\u00fchelos transportieren kannst. Und es macht einfach Spa\u00df, damit zu fahren. Dazu vereinfacht seine kompakte, platzsparende Bauweise die Aufbewahrung und den Transport.<\/p>\n<p>Die meisten City-Bikes haben kurze Gep\u00e4cktr\u00e4ger mit einer geringen Zuladung, die leider die M\u00f6glichkeiten dieser Fahrr\u00e4der einschr\u00e4nken. Das Quick Haul hingegen verf\u00fcgt \u00fcber einen extralangen Gep\u00e4cktr\u00e4ger mit einer Nutzlast von 50 kg, so dass du viel mehr transportieren kannst \u2013 vom Einkauf bis hin zum Kindertransport zum Kindergarten oder in die Schule.<\/p>\n<p>Terns Philosophie lautet, Fahrr\u00e4der so lange wie m\u00f6glich auf der Stra\u00dfe zu lassen und keine Wegwerfprodukte zu bauen, bei denen der Versagensfall bereits ab Werk eingebaut ist. Das beginnt bei der bewussten Entscheidung f\u00fcr eine Konstruktion, die das Fahrrad wartungsfreundlich und sicher macht, und endet bei einem zuverl\u00e4ssigen Rad, welches du tagein, tagaus nutzen kannst.<\/p>\n<p>Beim Kauf eines Autos w\u00fcrdest du bestimmt davon ausgehen, dass deine Familienmitglieder und deine besten Freund:innen es auch benutzen k\u00f6nnen. Das Gleiche sollte auch f\u00fcr dein E-Bike gelten. Deshalb hat Tern das Quick Haul mit einem h\u00f6henverstellbaren Vorbau und einer extra langen Sattelst\u00fctze ausgestattet, die f\u00fcr Fahrer:innen mit einer K\u00f6rpergr\u00f6\u00dfe von 150 bis 195 cm geeignet sind.<\/p>\n<hr \/>\n<h3>Produkteigenschaften &#8211; Tern Quick Haul P5i RBN<\/h3>\n<ul>\n<li>Bosch Performance Line-Antrieb mit bis zu 65 Nm Drehmoment und 300% Unterst\u00fctzung<\/li>\n<li>Zus\u00e4tzliche R\u00fccktrittbremse \u2013 f\u00fcr Fahrer:innen, die weiterhin auf die gewohnte Bremstechnik &#8220;mit den F\u00fc\u00dfen&#8221; vertrauen wollen<\/li>\n<li>500 Wh Akku f\u00fcr gro\u00dfe Reichweite<\/li>\n<li>5-Gang Shimano Nexus Inter5-E-Nabenschaltung mit Drehgriff<\/li>\n<li>Ladekapazit\u00e4t: 60 kg auf dem hinteren Gep\u00e4cktr\u00e4ger \u2013 plus 20 kg auf dem optionalen Frontgep\u00e4cktr\u00e4ger<\/li>\n<li>Sehr niedrige \u00dcberstandsh\u00f6he (490 mm) macht das Auf- und Absteigen sicherer und einfacher<\/li>\n<li>Hydraulik-Scheibenbremsen garantieren zuverl\u00e4ssig hohe Bremskraft \u2013 auch bei voller Zuladung und wenn du schnell unterwegs bist<\/li>\n<li>Gepr\u00fcfte Sicherheit und Zuverl\u00e4ssigkeit: Rahmen und Gabel wurden vom EFBE-Institut bis zum zul\u00e4ssigen Gesamtgewicht von 150 kg getestet und f\u00fcr gut befunden<\/li>\n<li><b>Maximales Fahrergewicht:<\/b>\u00a0120 kg<\/li>\n<li><b>Maximales Gesamtgewicht:<\/b>\u00a0150 kg (Fahrrad + Fahrer + Gep\u00e4ck)<\/li>\n<li><b>Empfohlene K\u00f6rpergr\u00f6\u00dfe:<\/b>\u00a0150 &#8211; 195 cm<\/li>\n<\/ul>\n<hr \/>\n<h3>Features<\/h3>\n<p><strong>Bosch Antrieb<\/strong><br \/>\nMit herausragender Leistung und dem umfangreichsten Servicenetzwerk bieteten die Bosch-Motoren nicht nur eine reibungslose Fahrt, sondern auch ein Plus an Sicherheit.<\/p>\n<p><strong>Mehr Platz f\u00fcr Gep\u00e4ck<\/strong><br \/>\nMit dem robusten, extra langen Gep\u00e4cktr\u00e4ger hinten und dem optionalen Frontgep\u00e4cktr\u00e4ger kann das Quick Haul bis zu 400% mehr transportieren als ein durchschnittliches City-Bike.<\/p>\n<p><strong>Ideal f\u00fcr kleine und gro\u00dfe Kinder<\/strong><br \/>\nAuf den Gep\u00e4cktr\u00e4ger passen ein Kindersitz oder eine Sitzbank f\u00fcr gro\u00dfe Kinder. Der niedrige Gep\u00e4cktr\u00e4ger sorgt daf\u00fcr, dass das Fahrrad nicht kippelig wird, wenn dein Kind an Bord ist.<\/p>\n<p><strong>Mehr Fahrsicherheit<\/strong><br \/>\nEin l\u00e4ngerer Radstand als bei herk\u00f6mmlichen City-Bikes und ein niedrigerer Schwerpunkt sorgen f\u00fcr ein stabileres Fahrverhalten, insbesondere wenn du mit viel Zuladung unterwegs bist.<\/p>\n<p><strong>Rahmen mit tiefem Durchstieg<\/strong><br \/>\nDie sehr niedrige \u00dcberstandsh\u00f6he von 490 mm macht das Auf- und Absteigen sicherer und einfacher, selbst bei hoher Zuladung. Davon profitiert auch deine Alltagskleidung.<\/p>\n<p><strong>Problemlos zu Parken<\/strong><br \/>\nDas Quick Haul kann vertikal geparkt und gerollt werden und passt so auch in kleine R\u00e4ume (einschlie\u00dflich Aufz\u00fcge). Seine Standfl\u00e4che ist etwa so gro\u00df wie eine Topfpflanze.<\/p>\n<h3>Meet the E-Bike for everyday life &#8211; The Tern Quick Haul<\/h3>\n<p><iframe title=\"YouTube video player\" src=\"https:\/\/www.youtube-nocookie.com\/embed\/DNhNjYpfBwk\" width=\"640\" height=\"360\" frameborder=\"0\" allowfullscreen=\"allowfullscreen\" data-mce-fragment=\"1\"><\/iframe><\/p>\n<h3>Tern Quick Haul | Owner Briefing<\/h3>\n<p><iframe title=\"YouTube video player\" src=\"https:\/\/www.youtube-nocookie.com\/embed\/NxxFpW5TSNY\" width=\"640\" height=\"360\" frameborder=\"0\" allowfullscreen=\"allowfullscreen\" data-mce-fragment=\"1\"><\/iframe><\/p>\n<h2>Ausstattung<\/h2>\n<div class=\"product--properties panel has--border\">\n<table class=\"product--properties-table\">\n<tbody>\n<tr class=\"product--properties-row row1\">\n<td class=\"product--properties-label is--bold\">Rahmen:<\/td>\n<td class=\"product--properties-value\">Tern Quick Haul, Patented Design, 6061-AL, EFBE Tri-Test approved: 150 kg<\/td>\n<\/tr>\n<tr class=\"product--properties-row row2\">\n<td class=\"product--properties-label is--bold\">Rahmenmaterial:<\/td>\n<td class=\"product--properties-value\">Aluminium<\/td>\n<\/tr>\n<tr class=\"product--properties-row row3\">\n<td class=\"product--properties-label is--bold\">Laufradgr\u00f6\u00dfe:<\/td>\n<td class=\"product--properties-value\">20&#8243;<\/td>\n<\/tr>\n<tr class=\"product--properties-row row4\">\n<td class=\"product--properties-label is--bold\">Farbe:<\/td>\n<td class=\"product--properties-value\">Black \/ Nimbus<\/td>\n<\/tr>\n<tr class=\"product--properties-row row5\">\n<td class=\"product--properties-label is--bold\">Gabel:<\/td>\n<td class=\"product--properties-value\">Cargo, steel, EFBE approved: 150 kg<\/td>\n<\/tr>\n<tr class=\"product--properties-row row6\">\n<td class=\"product--properties-label is--bold\">Bremsen:<\/td>\n<td class=\"product--properties-value\">Clarks, hydraulic disc, 180 mm rotor<\/td>\n<\/tr>\n<tr class=\"product--properties-row row7\">\n<td class=\"product--properties-label is--bold\">Steuersatz:<\/td>\n<td class=\"product--properties-value\">Tern Flux by FSA, cartridge bearings, Physis integrated<\/td>\n<\/tr>\n<tr class=\"product--properties-row row8\">\n<td class=\"product--properties-label is--bold\">Vorbau:<\/td>\n<td class=\"product--properties-value\">Speedlifter, 150 mm extension, 3D Forged stem, 31.8<\/td>\n<\/tr>\n<tr class=\"product--properties-row row9\">\n<td class=\"product--properties-label is--bold\">Lenker:<\/td>\n<td class=\"product--properties-value\">Low riser, 31.8, 6061-AL<\/td>\n<\/tr>\n<tr class=\"product--properties-row row10\">\n<td class=\"product--properties-label is--bold\">Griffe:<\/td>\n<td class=\"product--properties-value\">Velo ergonomic, lock-on<\/td>\n<\/tr>\n<tr class=\"product--properties-row row11\">\n<td class=\"product--properties-label is--bold\">Sattel:<\/td>\n<td class=\"product--properties-value\">Velo Comfort<\/td>\n<\/tr>\n<tr class=\"product--properties-row row12\">\n<td class=\"product--properties-label is--bold\">Sattelst\u00fctze:<\/td>\n<td class=\"product--properties-value\">31.6 mm, 6061-AL, micro-adjust clamp<\/td>\n<\/tr>\n<tr class=\"product--properties-row row13\">\n<td class=\"product--properties-label is--bold\">Sattelklemme:<\/td>\n<td class=\"product--properties-value\">Tern Collar<\/td>\n<\/tr>\n<tr class=\"product--properties-row row14\">\n<td class=\"product--properties-label is--bold\">Kurbel:<\/td>\n<td class=\"product--properties-value\">Tern custom, forged 6061-AL crankarm<\/td>\n<\/tr>\n<tr class=\"product--properties-row row15\">\n<td class=\"product--properties-label is--bold\">Tretlager\/Innenlager:<\/td>\n<td class=\"product--properties-value\">Motor integrated<\/td>\n<\/tr>\n<\/tbody>\n<\/table>\n<table class=\"product--properties-table\">\n<tbody>\n<tr class=\"product--properties-row row16\">\n<td class=\"product--properties-label is--bold\">Schalthebel:<\/td>\n<td class=\"product--properties-value\">Shimano Nexus, 5 spd, twist<\/td>\n<\/tr>\n<tr class=\"product--properties-row row17\">\n<td class=\"product--properties-label is--bold\">Kassette:<\/td>\n<td class=\"product--properties-value\">For hub gear<\/td>\n<\/tr>\n<tr class=\"product--properties-row row18\">\n<td class=\"product--properties-label is--bold\">Kette:<\/td>\n<td class=\"product--properties-value\">KMC for eBike, corrosion resistant coating<\/td>\n<\/tr>\n<tr class=\"product--properties-row row19\">\n<td class=\"product--properties-label is--bold\">Reifen:<\/td>\n<td class=\"product--properties-value\">Schwalbe Big Apple, 55-406, puncture protection, Reflex<\/td>\n<\/tr>\n<tr class=\"product--properties-row row20\">\n<td class=\"product--properties-label is--bold\">Nabe Vorderrad:<\/td>\n<td class=\"product--properties-value\">Disc, aluminum<\/td>\n<\/tr>\n<tr class=\"product--properties-row row21\">\n<td class=\"product--properties-label is--bold\">Nabe Hinterrad:<\/td>\n<td class=\"product--properties-value\">Shimano Inter 5-E, disc, coaster<\/td>\n<\/tr>\n<tr class=\"product--properties-row row22\">\n<td class=\"product--properties-label is--bold\">Speichen:<\/td>\n<td class=\"product--properties-value\">Stainless steel<\/td>\n<\/tr>\n<tr class=\"product--properties-row row23\">\n<td class=\"product--properties-label is--bold\">Felgen:<\/td>\n<td class=\"product--properties-value\">Sch\u00fcrmann, Disc<\/td>\n<\/tr>\n<tr class=\"product--properties-row row24\">\n<td class=\"product--properties-label is--bold\">Display:<\/td>\n<td class=\"product--properties-value\">Bosch Intuvia, 4 mode selectable, walk assist<\/td>\n<\/tr>\n<tr class=\"product--properties-row row25\">\n<td class=\"product--properties-label is--bold\">Akku:<\/td>\n<td class=\"product--properties-value\">Bosch PowerPack 500<\/td>\n<\/tr>\n<tr class=\"product--properties-row row26\">\n<td class=\"product--properties-label is--bold\">Ladeger\u00e4t:<\/td>\n<td class=\"product--properties-value\">Compact Charger, 100-240V, 2A<\/td>\n<\/tr>\n<tr class=\"product--properties-row row27\">\n<td class=\"product--properties-label is--bold\">Motor:<\/td>\n<td class=\"product--properties-value\">Bosch Performance Line, 300% Assist, 65 Nm Torque, max speed 25 kph (EU)<\/td>\n<\/tr>\n<tr class=\"product--properties-row row28\">\n<td class=\"product--properties-label is--bold\">Scheinwerfer:<\/td>\n<td class=\"product--properties-value\">Contec DLUX 50N++, 50 Lux<\/td>\n<\/tr>\n<tr class=\"product--properties-row row29\">\n<td class=\"product--properties-label is--bold\">R\u00fccklicht:<\/td>\n<td class=\"product--properties-value\">Contec TL-335<\/td>\n<\/tr>\n<tr class=\"product--properties-row row30\">\n<td class=\"product--properties-label is--bold\">Gep\u00e4cktr\u00e4ger:<\/td>\n<td class=\"product--properties-value\">Atlas QX Rack, UpperDeck Mount System, Vertical Parking, 60 kg capacity<\/td>\n<\/tr>\n<tr class=\"product--properties-row row31\">\n<td class=\"product--properties-label is--bold\">Pedale:<\/td>\n<td class=\"product--properties-value\">Contec CP-030<\/td>\n<\/tr>\n<tr class=\"product--properties-row row32\">\n<td class=\"product--properties-label is--bold\">Sonstiges:<\/td>\n<td class=\"product--properties-value\">Schutzblech, Kettenschutz, St\u00e4nder, Glocke<\/td>\n<\/tr>\n<tr class=\"product--properties-row row33\">\n<td class=\"product--properties-label is--bold\">Zul\u00e4ssiges Gesamtgewicht:<\/td>\n<td class=\"product--properties-value\">150 kg (K\u00f6rpergewicht + Fahrrad + Ausr\u00fcstung)<\/td>\n<\/tr>\n<\/tbody>\n<\/table>\n<\/div>\n<\/div>","protected":false},"excerpt":{"rendered":"<p>tern\u00a0Quick Haul P5i RBN Das kompakte E-Bike Quick Haul P5i RBN von Tern ist richtig praktisch und bietet dank R\u00fccktrittbremse<\/p>","protected":false},"featured_media":62700,"comment_status":"open","ping_status":"closed","template":"","meta":{"_rtcl_gb_attr":""},"product_brand":[],"product_cat":[33,34,35,395],"product_tag":[],"class_list":{"0":"post-42935","1":"product","2":"type-product","3":"status-publish","4":"has-post-thumbnail","6":"product_cat-e-bike","7":"product_cat-e-bike-city-urban","8":"product_cat-e-bikes-2022","9":"product_cat-e-lastenraeder","10":"pa_marke-tern","12":"first","13":"instock","14":"sale","15":"taxable","16":"shipping-taxable","17":"purchasable","18":"product-type-variable"},"yoast_head":"<!-- This site is optimized with the Yoast SEO Premium plugin v20.12 (Yoast SEO v27.4) - https:\/\/yoast.com\/product\/yoast-seo-premium-wordpress\/ -->\n<title>tern Quick Haul P5i RBN<\/title>\n<meta name=\"description\" content=\"cioelectro.com bietet Ihnen das tern Quick Haul P5i RBN zum besten Preis mit kostenlosem Versand in ganz EuropaQuick Haul P5i RBNQuick Haul P5i RBN\" \/>\n<meta name=\"robots\" content=\"index, follow, max-snippet:-1, max-image-preview:large, max-video-preview:-1\" \/>\n<link rel=\"canonical\" href=\"https:\/\/cioelectro.com\/en\/produkt\/tern-quick-haul-p5i-rbn-2\/\" \/>\n<meta property=\"og:locale\" content=\"en_US\" \/>\n<meta property=\"og:type\" content=\"article\" \/>\n<meta property=\"og:title\" content=\"tern Quick Haul P5i RBN\" \/>\n<meta property=\"og:description\" content=\"Entdecken Sie unseren Online-Fahrradladen: Gro\u00dfe Auswahl an Modellen f\u00fcr alle Radsportbegeisterten. Von Rennr\u00e4dern bis zu Mountainbikes - finden Sie heute Ihren perfekten Wegbegleiter!\" \/>\n<meta property=\"og:url\" content=\"https:\/\/cioelectro.com\/en\/produkt\/tern-quick-haul-p5i-rbn-2\/\" \/>\n<meta property=\"og:site_name\" content=\"cioelectro.com\" \/>\n<meta property=\"article:modified_time\" content=\"2023-08-11T07:28:58+00:00\" \/>\n<meta property=\"og:image\" content=\"https:\/\/cioelectro.com\/wp-content\/uploads\/2023\/06\/Tern_Quick_Haul-blau_800x800.jpg\" \/>\n\t<meta property=\"og:image:width\" content=\"800\" \/>\n\t<meta property=\"og:image:height\" content=\"511\" \/>\n\t<meta property=\"og:image:type\" content=\"image\/jpeg\" \/>\n<meta name=\"twitter:card\" content=\"summary_large_image\" \/>\n<meta name=\"twitter:label1\" content=\"Est. reading time\" \/>\n\t<meta name=\"twitter:data1\" content=\"5 minutes\" \/>\n<script type=\"application\/ld+json\" class=\"yoast-schema-graph\">{\"@context\":\"https:\\\/\\\/schema.org\",\"@graph\":[{\"@type\":\"WebPage\",\"@id\":\"https:\\\/\\\/cioelectro.com\\\/produkt\\\/tern-quick-haul-p5i-rbn-2\\\/\",\"url\":\"https:\\\/\\\/cioelectro.com\\\/produkt\\\/tern-quick-haul-p5i-rbn-2\\\/\",\"name\":\"tern Quick Haul P5i RBN\",\"isPartOf\":{\"@id\":\"https:\\\/\\\/cioelectro.com\\\/#website\"},\"primaryImageOfPage\":{\"@id\":\"https:\\\/\\\/cioelectro.com\\\/produkt\\\/tern-quick-haul-p5i-rbn-2\\\/#primaryimage\"},\"image\":{\"@id\":\"https:\\\/\\\/cioelectro.com\\\/produkt\\\/tern-quick-haul-p5i-rbn-2\\\/#primaryimage\"},\"thumbnailUrl\":\"https:\\\/\\\/cioelectro.com\\\/wp-content\\\/uploads\\\/2023\\\/06\\\/Tern_Quick_Haul-blau_800x800.jpg\",\"datePublished\":\"2022-11-22T14:53:06+00:00\",\"dateModified\":\"2023-08-11T07:28:58+00:00\",\"description\":\"cioelectro.com bietet Ihnen das tern Quick Haul P5i RBN zum besten Preis mit kostenlosem Versand in ganz EuropaQuick Haul P5i RBNQuick Haul P5i RBN\",\"breadcrumb\":{\"@id\":\"https:\\\/\\\/cioelectro.com\\\/produkt\\\/tern-quick-haul-p5i-rbn-2\\\/#breadcrumb\"},\"inLanguage\":\"en-US\",\"potentialAction\":[{\"@type\":\"ReadAction\",\"target\":[\"https:\\\/\\\/cioelectro.com\\\/produkt\\\/tern-quick-haul-p5i-rbn-2\\\/\"]}]},{\"@type\":\"ImageObject\",\"inLanguage\":\"en-US\",\"@id\":\"https:\\\/\\\/cioelectro.com\\\/produkt\\\/tern-quick-haul-p5i-rbn-2\\\/#primaryimage\",\"url\":\"https:\\\/\\\/cioelectro.com\\\/wp-content\\\/uploads\\\/2023\\\/06\\\/Tern_Quick_Haul-blau_800x800.jpg\",\"contentUrl\":\"https:\\\/\\\/cioelectro.com\\\/wp-content\\\/uploads\\\/2023\\\/06\\\/Tern_Quick_Haul-blau_800x800.jpg\",\"width\":800,\"height\":511,\"caption\":\"tern Quick Haul P5i RBN\"},{\"@type\":\"BreadcrumbList\",\"@id\":\"https:\\\/\\\/cioelectro.com\\\/produkt\\\/tern-quick-haul-p5i-rbn-2\\\/#breadcrumb\",\"itemListElement\":[{\"@type\":\"ListItem\",\"position\":1,\"name\":\"Startseite\",\"item\":\"https:\\\/\\\/cioelectro.com\\\/\"},{\"@type\":\"ListItem\",\"position\":2,\"name\":\"LADEN\",\"item\":\"https:\\\/\\\/cioelectro.com\\\/laden\\\/\"},{\"@type\":\"ListItem\",\"position\":3,\"name\":\"tern Quick Haul P5i RBN\"}]},{\"@type\":\"WebSite\",\"@id\":\"https:\\\/\\\/cioelectro.com\\\/#website\",\"url\":\"https:\\\/\\\/cioelectro.com\\\/\",\"name\":\"cioelectro.com\",\"description\":\"Treten Sie mit uns ins Abenteuer!\",\"publisher\":{\"@id\":\"https:\\\/\\\/cioelectro.com\\\/#organization\"},\"alternateName\":\"MEIN RADLADEN\",\"potentialAction\":[{\"@type\":\"SearchAction\",\"target\":{\"@type\":\"EntryPoint\",\"urlTemplate\":\"https:\\\/\\\/cioelectro.com\\\/?s={search_term_string}\"},\"query-input\":{\"@type\":\"PropertyValueSpecification\",\"valueRequired\":true,\"valueName\":\"search_term_string\"}}],\"inLanguage\":\"en-US\"},{\"@type\":\"Organization\",\"@id\":\"https:\\\/\\\/cioelectro.com\\\/#organization\",\"name\":\"CIOELECTRO\",\"alternateName\":\"MEIN RADLADEN\",\"url\":\"https:\\\/\\\/cioelectro.com\\\/\",\"logo\":{\"@type\":\"ImageObject\",\"inLanguage\":\"en-US\",\"@id\":\"https:\\\/\\\/cioelectro.com\\\/#\\\/schema\\\/logo\\\/image\\\/\",\"url\":\"https:\\\/\\\/cioelectro.com\\\/wp-content\\\/uploads\\\/2025\\\/12\\\/Logo-2-1200x800.png\",\"contentUrl\":\"https:\\\/\\\/cioelectro.com\\\/wp-content\\\/uploads\\\/2025\\\/12\\\/Logo-2-1200x800.png\",\"width\":1200,\"height\":800,\"caption\":\"CIOELECTRO\"},\"image\":{\"@id\":\"https:\\\/\\\/cioelectro.com\\\/#\\\/schema\\\/logo\\\/image\\\/\"}}]}<\/script>\n<!-- \/ Yoast SEO Premium plugin. -->","yoast_head_json":{"title":"tern Quick Haul P5i RBN","description":"cioelectro.com bietet Ihnen das tern Quick Haul P5i RBN zum besten Preis mit kostenlosem Versand in ganz EuropaQuick Haul P5i RBNQuick Haul P5i RBN","robots":{"index":"index","follow":"follow","max-snippet":"max-snippet:-1","max-image-preview":"max-image-preview:large","max-video-preview":"max-video-preview:-1"},"canonical":"https:\/\/cioelectro.com\/en\/produkt\/tern-quick-haul-p5i-rbn-2\/","og_locale":"en_US","og_type":"article","og_title":"tern Quick Haul P5i RBN","og_description":"Entdecken Sie unseren Online-Fahrradladen: Gro\u00dfe Auswahl an Modellen f\u00fcr alle Radsportbegeisterten. Von Rennr\u00e4dern bis zu Mountainbikes - finden Sie heute Ihren perfekten Wegbegleiter!","og_url":"https:\/\/cioelectro.com\/en\/produkt\/tern-quick-haul-p5i-rbn-2\/","og_site_name":"cioelectro.com","article_modified_time":"2023-08-11T07:28:58+00:00","og_image":[{"width":800,"height":511,"url":"https:\/\/cioelectro.com\/wp-content\/uploads\/2023\/06\/Tern_Quick_Haul-blau_800x800.jpg","type":"image\/jpeg"}],"twitter_card":"summary_large_image","twitter_misc":{"Est. reading time":"5 minutes"},"schema":{"@context":"https:\/\/schema.org","@graph":[{"@type":"WebPage","@id":"https:\/\/cioelectro.com\/produkt\/tern-quick-haul-p5i-rbn-2\/","url":"https:\/\/cioelectro.com\/produkt\/tern-quick-haul-p5i-rbn-2\/","name":"tern Quick Haul P5i RBN","isPartOf":{"@id":"https:\/\/cioelectro.com\/#website"},"primaryImageOfPage":{"@id":"https:\/\/cioelectro.com\/produkt\/tern-quick-haul-p5i-rbn-2\/#primaryimage"},"image":{"@id":"https:\/\/cioelectro.com\/produkt\/tern-quick-haul-p5i-rbn-2\/#primaryimage"},"thumbnailUrl":"https:\/\/cioelectro.com\/wp-content\/uploads\/2023\/06\/Tern_Quick_Haul-blau_800x800.jpg","datePublished":"2022-11-22T14:53:06+00:00","dateModified":"2023-08-11T07:28:58+00:00","description":"cioelectro.com bietet Ihnen das tern Quick Haul P5i RBN zum besten Preis mit kostenlosem Versand in ganz EuropaQuick Haul P5i RBNQuick Haul P5i RBN","breadcrumb":{"@id":"https:\/\/cioelectro.com\/produkt\/tern-quick-haul-p5i-rbn-2\/#breadcrumb"},"inLanguage":"en-US","potentialAction":[{"@type":"ReadAction","target":["https:\/\/cioelectro.com\/produkt\/tern-quick-haul-p5i-rbn-2\/"]}]},{"@type":"ImageObject","inLanguage":"en-US","@id":"https:\/\/cioelectro.com\/produkt\/tern-quick-haul-p5i-rbn-2\/#primaryimage","url":"https:\/\/cioelectro.com\/wp-content\/uploads\/2023\/06\/Tern_Quick_Haul-blau_800x800.jpg","contentUrl":"https:\/\/cioelectro.com\/wp-content\/uploads\/2023\/06\/Tern_Quick_Haul-blau_800x800.jpg","width":800,"height":511,"caption":"tern Quick Haul P5i RBN"},{"@type":"BreadcrumbList","@id":"https:\/\/cioelectro.com\/produkt\/tern-quick-haul-p5i-rbn-2\/#breadcrumb","itemListElement":[{"@type":"ListItem","position":1,"name":"Startseite","item":"https:\/\/cioelectro.com\/"},{"@type":"ListItem","position":2,"name":"LADEN","item":"https:\/\/cioelectro.com\/laden\/"},{"@type":"ListItem","position":3,"name":"tern Quick Haul P5i RBN"}]},{"@type":"WebSite","@id":"https:\/\/cioelectro.com\/#website","url":"https:\/\/cioelectro.com\/","name":"cioelectro.com","description":"Treten Sie mit uns ins Abenteuer!","publisher":{"@id":"https:\/\/cioelectro.com\/#organization"},"alternateName":"MEIN RADLADEN","potentialAction":[{"@type":"SearchAction","target":{"@type":"EntryPoint","urlTemplate":"https:\/\/cioelectro.com\/?s={search_term_string}"},"query-input":{"@type":"PropertyValueSpecification","valueRequired":true,"valueName":"search_term_string"}}],"inLanguage":"en-US"},{"@type":"Organization","@id":"https:\/\/cioelectro.com\/#organization","name":"CIOELECTRO","alternateName":"MEIN RADLADEN","url":"https:\/\/cioelectro.com\/","logo":{"@type":"ImageObject","inLanguage":"en-US","@id":"https:\/\/cioelectro.com\/#\/schema\/logo\/image\/","url":"https:\/\/cioelectro.com\/wp-content\/uploads\/2025\/12\/Logo-2-1200x800.png","contentUrl":"https:\/\/cioelectro.com\/wp-content\/uploads\/2025\/12\/Logo-2-1200x800.png","width":1200,"height":800,"caption":"CIOELECTRO"},"image":{"@id":"https:\/\/cioelectro.com\/#\/schema\/logo\/image\/"}}]}},"_links":{"self":[{"href":"https:\/\/cioelectro.com\/en\/wp-json\/wp\/v2\/product\/42935","targetHints":{"allow":["GET"]}}],"collection":[{"href":"https:\/\/cioelectro.com\/en\/wp-json\/wp\/v2\/product"}],"about":[{"href":"https:\/\/cioelectro.com\/en\/wp-json\/wp\/v2\/types\/product"}],"replies":[{"embeddable":true,"href":"https:\/\/cioelectro.com\/en\/wp-json\/wp\/v2\/comments?post=42935"}],"version-history":[{"count":0,"href":"https:\/\/cioelectro.com\/en\/wp-json\/wp\/v2\/product\/42935\/revisions"}],"wp:featuredmedia":[{"embeddable":true,"href":"https:\/\/cioelectro.com\/en\/wp-json\/wp\/v2\/media\/62700"}],"wp:attachment":[{"href":"https:\/\/cioelectro.com\/en\/wp-json\/wp\/v2\/media?parent=42935"}],"wp:term":[{"taxonomy":"product_brand","embeddable":true,"href":"https:\/\/cioelectro.com\/en\/wp-json\/wp\/v2\/product_brand?post=42935"},{"taxonomy":"product_cat","embeddable":true,"href":"https:\/\/cioelectro.com\/en\/wp-json\/wp\/v2\/product_cat?post=42935"},{"taxonomy":"product_tag","embeddable":true,"href":"https:\/\/cioelectro.com\/en\/wp-json\/wp\/v2\/product_tag?post=42935"}],"curies":[{"name":"wp","href":"https:\/\/api.w.org\/{rel}","templated":true}]}}