{"id":43597,"date":"2022-11-23T19:22:39","date_gmt":"2022-11-23T18:22:39","guid":{"rendered":"https:\/\/meinradladen.com\/?post_type=product&#038;p=43597"},"modified":"2023-08-11T08:45:20","modified_gmt":"2023-08-11T06:45:20","slug":"radon-slide-trail-10-0-ms","status":"publish","type":"product","link":"https:\/\/cioelectro.com\/en\/produkt\/radon-slide-trail-10-0-ms\/","title":{"rendered":"Radon Slide Trail 10.0 MS"},"content":{"rendered":"<h2 class=\"content--title\"><strong>Radon<\/strong>\u00a0Slide Trail 10.0 MS<\/h2>\n<p class=\"product--description\">Das Preis-Leistungs-Topmodell der Radon SLIDE TRAIL Serie bleibt auch f\u00fcr die Saison 2022 das SLIDE TRAIL 10.0 &#8211; Basis ist der leichte und solide Carbonrahmen, der am Hinterbau komfortable 140 mm Federweg freigibt. An der Front arbeitet die \u00fcber jeden Zweifel erhabene Fox 36 Float Factory Federgabel mit Kashima Beschichtung und gibt ihre 150 mm Federweg sportlich-straff frei.<\/p>\n<hr \/>\n<h3>Die Highlights des Slide Trail 10.0 MS<\/h3>\n<p>Erg\u00e4nzt wird sie am Heck vom nagelneuen Float X Factory D\u00e4mpfer, der ebenfalls mit der reibungsminimierten Kashima &#8211; Beschichtung gl\u00e4nzt und im Zusammenspiel mit der Gabel f\u00fcr ein ausbalanciertes Fahrwerk sorgt. Eine SRAM Eagle Schaltgruppe mit X01 Schaltwerk sorgt mit der enormen Bandbreite der 10-52 Z\u00e4hne gro\u00dfen Kassette f\u00fcr die richtige \u00dcbersetzung in jedem Gel\u00e4nde, eingebremst wird der Vorw\u00e4rtsdrang auf Wunsch mit der starken G2 RS Vier-Kolben-Bremse aus dem gleichen Hause.<\/p>\n<p>Volle Kontrolle \u00fcber den Trail erreichen wir mit dem Cockpit aus dem Hause RaceFace, bestehend aus kurzem \u00c6ffect R Vorbau und dem breiten und komfortablen \u00c6ffect R Riser. Zus\u00e4tzlich bietet die SDG Tellis Variost\u00fctze viel Bewegungsfreiheit im Trail und nimmt zudem den bequemen Bel Air V3 Sattel auf, der auch auf epischen Touren genug Komfort spendet. Komplettiert wird das perfekte Enduro-Paket vom leichten wie stabilen Newmen Evolution SL A.30 Laufradsatz, der die griffigen Maxxis Minion Reifen mit seiner Maulweite von 30 mm perfekt entfalten l\u00e4sst. SLIDE TRAIL 10.0 rockt!<\/p>\n<hr \/>\n<h3>Die Slide Trail Familie<\/h3>\n<p>Unser RADON SLIDE TRAIL ist das breitbandigste Bike in der ganzen Modellpalette. Es gibt quasi nichts, was es nicht kann. Wilde Enduro-Eins\u00e4tze, epische Trailtouren mit ordentlich H\u00f6henmetern, die Runde mit den Kumpels auf den Hometrails&#8230; alles hat es schon gesehen und gemeistert. Das SLIDE TRAIL wurde von unseren Teamfahrern \u00fcber EWS-Strecken gepr\u00fcgelt, kennt Bikeparks in- und auswendig und ist einfach der supersolide treue Begleiter in allen Lebenslagen. Zahlreiche Testsiege, Pr\u00e4dikate und Empfehlungen in der internationalen Presse untermauern den Platz an der Spitze f\u00fcr das SLIDE TRAIL. Allesk\u00f6nner und everybody&#8217;s Darling!<\/p>\n<hr \/>\n<h3>Der Slide Trail Rahmen<\/h3>\n<p>Die Rahmengeometrie des SLIDE TRAIL ist modern mit flachem Lenk- und steilem Sitzwinkel und f\u00fcr Spa\u00df optimiert. Mit dem im Hinterbau integrierten Flip-Chip kannst Du den Lenk- und Sitzwinkel um ein Grad ver\u00e4ndern und an Deine W\u00fcnsche anpassen. Unser SLIDE TRAIL kommt mit 29 Zoll Laufr\u00e4dern, dabei stehen 150 Millimeter Federweg an der Front und 140mm am Heck bereit. Das Rad geht flink um jede Kurve und es l\u00e4sst sich mit viel Pop \u00fcber die Trails fliegen. In Highspeed-Passagen liegt es satt auf der Strecke und durch die hohe Laufruhe gibt es viel Selbstvertrauen in der Abfahrt.<\/p>\n<hr \/>\n<p class=\"product--description\"><img fetchpriority=\"high\" decoding=\"async\" title=\" BikeSize Slide Trail \" src=\"https:\/\/cd.bike-discount.de\/media\/image\/22\/b0\/b8\/bikesize_slidetrail.jpg\" alt=\"\" width=\"640\" height=\"401\" data-mid=\"618199\" data-src=\"media\/image\/bikesize_slidetrail.jpg\" \/><\/p>\n<p>Mit Hilfe unserer Grafik wollen wir Dir eine Empfehlung bei der Suche nach Deiner richtigen Rahmengr\u00f6\u00dfe geben. Neben Schrittl\u00e4nge sowie K\u00f6rpergr\u00f6\u00dfe spielt nat\u00fcrlich auch Dein pers\u00f6nlicher Fahrstil, Einsatzbereich sowie Vorliebe eine gro\u00dfe Rolle. Wenn Du mit Deinen Angaben im Grenzbereich liegen solltest, kannst Du zwischen zwei Rahmenh\u00f6hen w\u00e4hlen: die kleinere Rahmengr\u00f6\u00dfe ist agiler\/wendiger\/verspielter, die n\u00e4chstgr\u00f6\u00dfere Rahmenh\u00f6he laufruhiger\/spurtreuer und hat im Uphill die Nase vorn.<\/p>\n<h2>Ausstattung<\/h2>\n<div class=\"product--properties panel has--border\">\n<table class=\"product--properties-table\">\n<tbody>\n<tr class=\"product--properties-row row1\">\n<td class=\"product--properties-label is--bold\">Rahmen:<\/td>\n<td class=\"product--properties-value\">SLIDE TRAIL 29, Maximale Reifenbreite: 2.4&#8243;, Flip Chip zur Geometrie-Variation, Schaltauge: #10240<\/td>\n<\/tr>\n<tr class=\"product--properties-row row2\">\n<td class=\"product--properties-label is--bold\">Rahmenmaterial:<\/td>\n<td class=\"product--properties-value\">Carbonfrontrahmen, Aluminium Hinterbau<\/td>\n<\/tr>\n<tr class=\"product--properties-row row3\">\n<td class=\"product--properties-label is--bold\">Laufradgr\u00f6\u00dfe:<\/td>\n<td class=\"product--properties-value\">29&#8243;<\/td>\n<\/tr>\n<tr class=\"product--properties-row row4\">\n<td class=\"product--properties-label is--bold\">Farbe:<\/td>\n<td class=\"product--properties-value\">liquidpetrol \/ deepblack<\/td>\n<\/tr>\n<tr class=\"product--properties-row row5\">\n<td class=\"product--properties-label is--bold\">Gabel:<\/td>\n<td class=\"product--properties-value\">Fox 36 Factory FIT4 3-Pos., Kashima, Boost | Nachlauf: 44mm<\/td>\n<\/tr>\n<tr class=\"product--properties-row row6\">\n<td class=\"product--properties-label is--bold\">D\u00e4mpfer:<\/td>\n<td class=\"product--properties-value\">Fox Float X Factory, 2-pos., EVOL LV, Kashima | Einbauma\u00df: 185 x 55mm, Buchsenma\u00df: Trunnion \/ 8 x 22.2mm<\/td>\n<\/tr>\n<tr class=\"product--properties-row row7\">\n<td class=\"product--properties-label is--bold\">Federweg:<\/td>\n<td class=\"product--properties-value\">150mm \/ 140mm<\/td>\n<\/tr>\n<tr class=\"product--properties-row row8\">\n<td class=\"product--properties-label is--bold\">Bremsen:<\/td>\n<td class=\"product--properties-value\">SRAM G2 RS<\/td>\n<\/tr>\n<tr class=\"product--properties-row row9\">\n<td class=\"product--properties-label is--bold\">Bremsscheiben:<\/td>\n<td class=\"product--properties-value\">SRAM Centerline, 200\/180mm, 6-bolt<\/td>\n<\/tr>\n<tr class=\"product--properties-row row10\">\n<td class=\"product--properties-label is--bold\">Steuersatz:<\/td>\n<td class=\"product--properties-value\">Acros AzX, ZS44\/ZS56<\/td>\n<\/tr>\n<tr class=\"product--properties-row row11\">\n<td class=\"product--properties-label is--bold\">Vorbau:<\/td>\n<td class=\"product--properties-value\">Race Face \u00c6ffect R, \u00d835mm (16&#8243;\/50mm, 18&#8243;\/50mm, 20&#8243;\/50mm, 22&#8243;\/50mm)<\/td>\n<\/tr>\n<tr class=\"product--properties-row row12\">\n<td class=\"product--properties-label is--bold\">Lenker:<\/td>\n<td class=\"product--properties-value\">Race Face \u00c6ffect R, 35 x 780mm, 20mm rise<\/td>\n<\/tr>\n<tr class=\"product--properties-row row13\">\n<td class=\"product--properties-label is--bold\">Griffe:<\/td>\n<td class=\"product--properties-value\">SDG Thrice<\/td>\n<\/tr>\n<tr class=\"product--properties-row row14\">\n<td class=\"product--properties-label is--bold\">Sattel:<\/td>\n<td class=\"product--properties-value\">SDG Bel Air V3<\/td>\n<\/tr>\n<tr class=\"product--properties-row row15\">\n<td class=\"product--properties-label is--bold\">Sattelst\u00fctze:<\/td>\n<td class=\"product--properties-value\">SDG Tellis, 31.6mm (16&#8243;\/125mm Hub, 18&#8243;\/150mm Hub, 20&#8243;\/150mm Hub, 22&#8243;\/150mm Hub)<\/td>\n<\/tr>\n<\/tbody>\n<\/table>\n<table class=\"product--properties-table\">\n<tbody>\n<tr class=\"product--properties-row row16\">\n<td class=\"product--properties-label is--bold\">Kurbel:<\/td>\n<td class=\"product--properties-value\">SRAM GX Eagle, DUB, 30T, Boost, 170mm<\/td>\n<\/tr>\n<tr class=\"product--properties-row row17\">\n<td class=\"product--properties-label is--bold\">Tretlager\/Innenlager:<\/td>\n<td class=\"product--properties-value\">SRAM DUB, Pressfit, 92mm<\/td>\n<\/tr>\n<tr class=\"product--properties-row row18\">\n<td class=\"product--properties-label is--bold\">Schaltwerk:<\/td>\n<td class=\"product--properties-value\">SRAM X01 Eagle, 12-speed<\/td>\n<\/tr>\n<tr class=\"product--properties-row row19\">\n<td class=\"product--properties-label is--bold\">Schalthebel:<\/td>\n<td class=\"product--properties-value\">SRAM GX Eagle, Matchmaker X<\/td>\n<\/tr>\n<tr class=\"product--properties-row row20\">\n<td class=\"product--properties-label is--bold\">Kettenf\u00fchrung:<\/td>\n<td class=\"product--properties-value\">MRP 1X, ISCG05<\/td>\n<\/tr>\n<tr class=\"product--properties-row row21\">\n<td class=\"product--properties-label is--bold\">Kassette:<\/td>\n<td class=\"product--properties-value\">SRAM GX Eagle XG-1275, 10-52<\/td>\n<\/tr>\n<tr class=\"product--properties-row row22\">\n<td class=\"product--properties-label is--bold\">Kette:<\/td>\n<td class=\"product--properties-value\">SRAM GX Eagle<\/td>\n<\/tr>\n<tr class=\"product--properties-row row23\">\n<td class=\"product--properties-label is--bold\">Reifen vorne:<\/td>\n<td class=\"product--properties-value\">Maxxis Minion DHF Skinwall, Dual, EXO, TR, 29&#8243; x 2.5&#8243; WT<\/td>\n<\/tr>\n<tr class=\"product--properties-row row24\">\n<td class=\"product--properties-label is--bold\">Reifen hinten:<\/td>\n<td class=\"product--properties-value\">Maxxis Minion DHR II Skinwall, Dual, EXO, TR, 29&#8243; x 2.4&#8243; WT<\/td>\n<\/tr>\n<tr class=\"product--properties-row row25\">\n<td class=\"product--properties-label is--bold\">Laufradsatz:<\/td>\n<td class=\"product--properties-value\">Newmen Evolution SL A.30, 30mm, 110\/148mm<\/td>\n<\/tr>\n<tr class=\"product--properties-row row26\">\n<td class=\"product--properties-label is--bold\">Pedale:<\/td>\n<td class=\"product--properties-value\">nicht im Lieferumfang enthalten<\/td>\n<\/tr>\n<tr class=\"product--properties-row row27\">\n<td class=\"product--properties-label is--bold\">Zul\u00e4ssiges Gesamtgewicht:<\/td>\n<td class=\"product--properties-value\">115 kg (K\u00f6rpergewicht + Fahrrad + Ausr\u00fcstung)<\/td>\n<\/tr>\n<tr class=\"product--properties-row row28\">\n<td class=\"product--properties-label is--bold\">Gewicht Komplettrad:<\/td>\n<td class=\"product--properties-value\">ab 13,95 kg<\/td>\n<\/tr>\n<\/tbody>\n<\/table>\n<\/div>\n<hr \/>\n<p><iframe src=\"https:\/\/www.youtube-nocookie.com\/embed\/oBPFhqhzsGM\" width=\"640\" height=\"360\" frameborder=\"0\" allowfullscreen=\"allowfullscreen\" data-mce-fragment=\"1\"><\/iframe><\/p>","protected":false},"excerpt":{"rendered":"<div class=\"tab-menu--product js--tab-menu\">\n<div class=\"tab--container-list\">\n<div class=\"tab--container description has--content is--active\">\n<div class=\"tab--content box-description\">\n<div class=\"content--description\">\n<div class=\"ean-box\"><label>Modelljahr: <span style=\"font-size: 16px;\">2022<\/span><\/label><\/div>\n<\/div>\n<\/div>\n<\/div>\n<\/div>\n<\/div>\n<p><a class=\"rating-link-info--box\" name=\"product--publish-comment\"><\/a><\/p>\n<div id=\"detail--product-reviews\" class=\"content--product-reviews 123\"><\/div>","protected":false},"featured_media":62933,"comment_status":"open","ping_status":"closed","template":"","meta":{"_rtcl_gb_attr":""},"product_brand":[],"product_cat":[36,426,220],"product_tag":[],"class_list":{"0":"post-43597","1":"product","2":"type-product","3":"status-publish","4":"has-post-thumbnail","6":"product_cat-fahrrad","7":"product_cat-fullsuspension","8":"product_cat-mountainbike","9":"pa_marke-radon","11":"first","12":"instock","13":"sale","14":"taxable","15":"shipping-taxable","16":"purchasable","17":"product-type-variable"},"yoast_head":"<!-- This site is optimized with the Yoast SEO Premium plugin v20.12 (Yoast SEO v27.4) - https:\/\/yoast.com\/product\/yoast-seo-premium-wordpress\/ -->\n<title>Radon Slide Trail 10.0 MS<\/title>\n<meta name=\"description\" content=\"cioelectro.com bietet Ihnen das Radon Slide Trail 10.0 MS zum besten Preis mit kostenlosem Versand in ganz EuropaRadon SLIDE TRAILRadon SLIDE TRAIL\" \/>\n<meta name=\"robots\" content=\"index, follow, max-snippet:-1, max-image-preview:large, max-video-preview:-1\" \/>\n<link rel=\"canonical\" href=\"https:\/\/cioelectro.com\/en\/produkt\/radon-slide-trail-10-0-ms\/\" \/>\n<meta property=\"og:locale\" content=\"en_US\" \/>\n<meta property=\"og:type\" content=\"article\" \/>\n<meta property=\"og:title\" content=\"Radon Slide Trail 10.0 MS\" \/>\n<meta property=\"og:description\" content=\"Entdecken Sie unseren Online-Fahrradladen: Gro\u00dfe Auswahl an Modellen f\u00fcr alle Radsportbegeisterten. Von Rennr\u00e4dern bis zu Mountainbikes - finden Sie heute Ihren perfekten Wegbegleiter!\" \/>\n<meta property=\"og:url\" content=\"https:\/\/cioelectro.com\/en\/produkt\/radon-slide-trail-10-0-ms\/\" \/>\n<meta property=\"og:site_name\" content=\"cioelectro.com\" \/>\n<meta property=\"article:modified_time\" content=\"2023-08-11T06:45:20+00:00\" \/>\n<meta property=\"og:image\" content=\"https:\/\/cioelectro.com\/wp-content\/uploads\/2023\/06\/Radon-Slide-Trail-10.0-MS.jpg\" \/>\n\t<meta property=\"og:image:width\" content=\"800\" \/>\n\t<meta property=\"og:image:height\" content=\"450\" \/>\n\t<meta property=\"og:image:type\" content=\"image\/jpeg\" \/>\n<meta name=\"twitter:card\" content=\"summary_large_image\" \/>\n<meta name=\"twitter:label1\" content=\"Est. reading time\" \/>\n\t<meta name=\"twitter:data1\" content=\"5 minutes\" \/>\n<script type=\"application\/ld+json\" class=\"yoast-schema-graph\">{\"@context\":\"https:\\\/\\\/schema.org\",\"@graph\":[{\"@type\":\"WebPage\",\"@id\":\"https:\\\/\\\/cioelectro.com\\\/produkt\\\/radon-slide-trail-10-0-ms\\\/\",\"url\":\"https:\\\/\\\/cioelectro.com\\\/produkt\\\/radon-slide-trail-10-0-ms\\\/\",\"name\":\"Radon Slide Trail 10.0 MS\",\"isPartOf\":{\"@id\":\"https:\\\/\\\/cioelectro.com\\\/#website\"},\"primaryImageOfPage\":{\"@id\":\"https:\\\/\\\/cioelectro.com\\\/produkt\\\/radon-slide-trail-10-0-ms\\\/#primaryimage\"},\"image\":{\"@id\":\"https:\\\/\\\/cioelectro.com\\\/produkt\\\/radon-slide-trail-10-0-ms\\\/#primaryimage\"},\"thumbnailUrl\":\"https:\\\/\\\/cioelectro.com\\\/wp-content\\\/uploads\\\/2023\\\/06\\\/Radon-Slide-Trail-10.0-MS.jpg\",\"datePublished\":\"2022-11-23T18:22:39+00:00\",\"dateModified\":\"2023-08-11T06:45:20+00:00\",\"description\":\"cioelectro.com bietet Ihnen das Radon Slide Trail 10.0 MS zum besten Preis mit kostenlosem Versand in ganz EuropaRadon SLIDE TRAILRadon SLIDE TRAIL\",\"breadcrumb\":{\"@id\":\"https:\\\/\\\/cioelectro.com\\\/produkt\\\/radon-slide-trail-10-0-ms\\\/#breadcrumb\"},\"inLanguage\":\"en-US\",\"potentialAction\":[{\"@type\":\"ReadAction\",\"target\":[\"https:\\\/\\\/cioelectro.com\\\/produkt\\\/radon-slide-trail-10-0-ms\\\/\"]}]},{\"@type\":\"ImageObject\",\"inLanguage\":\"en-US\",\"@id\":\"https:\\\/\\\/cioelectro.com\\\/produkt\\\/radon-slide-trail-10-0-ms\\\/#primaryimage\",\"url\":\"https:\\\/\\\/cioelectro.com\\\/wp-content\\\/uploads\\\/2023\\\/06\\\/Radon-Slide-Trail-10.0-MS.jpg\",\"contentUrl\":\"https:\\\/\\\/cioelectro.com\\\/wp-content\\\/uploads\\\/2023\\\/06\\\/Radon-Slide-Trail-10.0-MS.jpg\",\"width\":800,\"height\":450,\"caption\":\"Radon Slide Trail 10.0 MS\"},{\"@type\":\"BreadcrumbList\",\"@id\":\"https:\\\/\\\/cioelectro.com\\\/produkt\\\/radon-slide-trail-10-0-ms\\\/#breadcrumb\",\"itemListElement\":[{\"@type\":\"ListItem\",\"position\":1,\"name\":\"Startseite\",\"item\":\"https:\\\/\\\/cioelectro.com\\\/\"},{\"@type\":\"ListItem\",\"position\":2,\"name\":\"LADEN\",\"item\":\"https:\\\/\\\/cioelectro.com\\\/laden\\\/\"},{\"@type\":\"ListItem\",\"position\":3,\"name\":\"Radon Slide Trail 10.0 MS\"}]},{\"@type\":\"WebSite\",\"@id\":\"https:\\\/\\\/cioelectro.com\\\/#website\",\"url\":\"https:\\\/\\\/cioelectro.com\\\/\",\"name\":\"cioelectro.com\",\"description\":\"Treten Sie mit uns ins Abenteuer!\",\"publisher\":{\"@id\":\"https:\\\/\\\/cioelectro.com\\\/#organization\"},\"alternateName\":\"MEIN RADLADEN\",\"potentialAction\":[{\"@type\":\"SearchAction\",\"target\":{\"@type\":\"EntryPoint\",\"urlTemplate\":\"https:\\\/\\\/cioelectro.com\\\/?s={search_term_string}\"},\"query-input\":{\"@type\":\"PropertyValueSpecification\",\"valueRequired\":true,\"valueName\":\"search_term_string\"}}],\"inLanguage\":\"en-US\"},{\"@type\":\"Organization\",\"@id\":\"https:\\\/\\\/cioelectro.com\\\/#organization\",\"name\":\"CIOELECTRO\",\"alternateName\":\"MEIN RADLADEN\",\"url\":\"https:\\\/\\\/cioelectro.com\\\/\",\"logo\":{\"@type\":\"ImageObject\",\"inLanguage\":\"en-US\",\"@id\":\"https:\\\/\\\/cioelectro.com\\\/#\\\/schema\\\/logo\\\/image\\\/\",\"url\":\"https:\\\/\\\/cioelectro.com\\\/wp-content\\\/uploads\\\/2025\\\/12\\\/Logo-2-1200x800.png\",\"contentUrl\":\"https:\\\/\\\/cioelectro.com\\\/wp-content\\\/uploads\\\/2025\\\/12\\\/Logo-2-1200x800.png\",\"width\":1200,\"height\":800,\"caption\":\"CIOELECTRO\"},\"image\":{\"@id\":\"https:\\\/\\\/cioelectro.com\\\/#\\\/schema\\\/logo\\\/image\\\/\"}}]}<\/script>\n<!-- \/ Yoast SEO Premium plugin. -->","yoast_head_json":{"title":"Radon Slide Trail 10.0 MS","description":"cioelectro.com bietet Ihnen das Radon Slide Trail 10.0 MS zum besten Preis mit kostenlosem Versand in ganz EuropaRadon SLIDE TRAILRadon SLIDE TRAIL","robots":{"index":"index","follow":"follow","max-snippet":"max-snippet:-1","max-image-preview":"max-image-preview:large","max-video-preview":"max-video-preview:-1"},"canonical":"https:\/\/cioelectro.com\/en\/produkt\/radon-slide-trail-10-0-ms\/","og_locale":"en_US","og_type":"article","og_title":"Radon Slide Trail 10.0 MS","og_description":"Entdecken Sie unseren Online-Fahrradladen: Gro\u00dfe Auswahl an Modellen f\u00fcr alle Radsportbegeisterten. Von Rennr\u00e4dern bis zu Mountainbikes - finden Sie heute Ihren perfekten Wegbegleiter!","og_url":"https:\/\/cioelectro.com\/en\/produkt\/radon-slide-trail-10-0-ms\/","og_site_name":"cioelectro.com","article_modified_time":"2023-08-11T06:45:20+00:00","og_image":[{"width":800,"height":450,"url":"https:\/\/cioelectro.com\/wp-content\/uploads\/2023\/06\/Radon-Slide-Trail-10.0-MS.jpg","type":"image\/jpeg"}],"twitter_card":"summary_large_image","twitter_misc":{"Est. reading time":"5 minutes"},"schema":{"@context":"https:\/\/schema.org","@graph":[{"@type":"WebPage","@id":"https:\/\/cioelectro.com\/produkt\/radon-slide-trail-10-0-ms\/","url":"https:\/\/cioelectro.com\/produkt\/radon-slide-trail-10-0-ms\/","name":"Radon Slide Trail 10.0 MS","isPartOf":{"@id":"https:\/\/cioelectro.com\/#website"},"primaryImageOfPage":{"@id":"https:\/\/cioelectro.com\/produkt\/radon-slide-trail-10-0-ms\/#primaryimage"},"image":{"@id":"https:\/\/cioelectro.com\/produkt\/radon-slide-trail-10-0-ms\/#primaryimage"},"thumbnailUrl":"https:\/\/cioelectro.com\/wp-content\/uploads\/2023\/06\/Radon-Slide-Trail-10.0-MS.jpg","datePublished":"2022-11-23T18:22:39+00:00","dateModified":"2023-08-11T06:45:20+00:00","description":"cioelectro.com bietet Ihnen das Radon Slide Trail 10.0 MS zum besten Preis mit kostenlosem Versand in ganz EuropaRadon SLIDE TRAILRadon SLIDE TRAIL","breadcrumb":{"@id":"https:\/\/cioelectro.com\/produkt\/radon-slide-trail-10-0-ms\/#breadcrumb"},"inLanguage":"en-US","potentialAction":[{"@type":"ReadAction","target":["https:\/\/cioelectro.com\/produkt\/radon-slide-trail-10-0-ms\/"]}]},{"@type":"ImageObject","inLanguage":"en-US","@id":"https:\/\/cioelectro.com\/produkt\/radon-slide-trail-10-0-ms\/#primaryimage","url":"https:\/\/cioelectro.com\/wp-content\/uploads\/2023\/06\/Radon-Slide-Trail-10.0-MS.jpg","contentUrl":"https:\/\/cioelectro.com\/wp-content\/uploads\/2023\/06\/Radon-Slide-Trail-10.0-MS.jpg","width":800,"height":450,"caption":"Radon Slide Trail 10.0 MS"},{"@type":"BreadcrumbList","@id":"https:\/\/cioelectro.com\/produkt\/radon-slide-trail-10-0-ms\/#breadcrumb","itemListElement":[{"@type":"ListItem","position":1,"name":"Startseite","item":"https:\/\/cioelectro.com\/"},{"@type":"ListItem","position":2,"name":"LADEN","item":"https:\/\/cioelectro.com\/laden\/"},{"@type":"ListItem","position":3,"name":"Radon Slide Trail 10.0 MS"}]},{"@type":"WebSite","@id":"https:\/\/cioelectro.com\/#website","url":"https:\/\/cioelectro.com\/","name":"cioelectro.com","description":"Treten Sie mit uns ins Abenteuer!","publisher":{"@id":"https:\/\/cioelectro.com\/#organization"},"alternateName":"MEIN RADLADEN","potentialAction":[{"@type":"SearchAction","target":{"@type":"EntryPoint","urlTemplate":"https:\/\/cioelectro.com\/?s={search_term_string}"},"query-input":{"@type":"PropertyValueSpecification","valueRequired":true,"valueName":"search_term_string"}}],"inLanguage":"en-US"},{"@type":"Organization","@id":"https:\/\/cioelectro.com\/#organization","name":"CIOELECTRO","alternateName":"MEIN RADLADEN","url":"https:\/\/cioelectro.com\/","logo":{"@type":"ImageObject","inLanguage":"en-US","@id":"https:\/\/cioelectro.com\/#\/schema\/logo\/image\/","url":"https:\/\/cioelectro.com\/wp-content\/uploads\/2025\/12\/Logo-2-1200x800.png","contentUrl":"https:\/\/cioelectro.com\/wp-content\/uploads\/2025\/12\/Logo-2-1200x800.png","width":1200,"height":800,"caption":"CIOELECTRO"},"image":{"@id":"https:\/\/cioelectro.com\/#\/schema\/logo\/image\/"}}]}},"_links":{"self":[{"href":"https:\/\/cioelectro.com\/en\/wp-json\/wp\/v2\/product\/43597","targetHints":{"allow":["GET"]}}],"collection":[{"href":"https:\/\/cioelectro.com\/en\/wp-json\/wp\/v2\/product"}],"about":[{"href":"https:\/\/cioelectro.com\/en\/wp-json\/wp\/v2\/types\/product"}],"replies":[{"embeddable":true,"href":"https:\/\/cioelectro.com\/en\/wp-json\/wp\/v2\/comments?post=43597"}],"version-history":[{"count":0,"href":"https:\/\/cioelectro.com\/en\/wp-json\/wp\/v2\/product\/43597\/revisions"}],"wp:featuredmedia":[{"embeddable":true,"href":"https:\/\/cioelectro.com\/en\/wp-json\/wp\/v2\/media\/62933"}],"wp:attachment":[{"href":"https:\/\/cioelectro.com\/en\/wp-json\/wp\/v2\/media?parent=43597"}],"wp:term":[{"taxonomy":"product_brand","embeddable":true,"href":"https:\/\/cioelectro.com\/en\/wp-json\/wp\/v2\/product_brand?post=43597"},{"taxonomy":"product_cat","embeddable":true,"href":"https:\/\/cioelectro.com\/en\/wp-json\/wp\/v2\/product_cat?post=43597"},{"taxonomy":"product_tag","embeddable":true,"href":"https:\/\/cioelectro.com\/en\/wp-json\/wp\/v2\/product_tag?post=43597"}],"curies":[{"name":"wp","href":"https:\/\/api.w.org\/{rel}","templated":true}]}}