{"id":43629,"date":"2022-11-23T19:40:34","date_gmt":"2022-11-23T18:40:34","guid":{"rendered":"https:\/\/meinradladen.com\/?post_type=product&#038;p=43629"},"modified":"2023-08-11T08:44:44","modified_gmt":"2023-08-11T06:44:44","slug":"radon-swoop-al-9-0","status":"publish","type":"product","link":"https:\/\/cioelectro.com\/en\/produkt\/radon-swoop-al-9-0\/","title":{"rendered":"Radon Swoop AL 9.0"},"content":{"rendered":"<h2 class=\"content--title\"><strong>Radon<\/strong>\u00a0Swoop AL 9.0<\/h2>\n<p class=\"product--description\">Los gehts! Mit unserem Enduro-Klassiker Radon SWOOP AL 9.0 liegst Du bei langen Enduro-Touren bis zu schneller Bikepark-Action immer richtig. Das Rad macht einfach Bock. Die Fox 36 Float Performance Elite Gabel mit FIT GRIP2 D\u00e4mpferkartusche und dem Fox Float X2 Performance D\u00e4mpfer mit Piggy Bag und 2-Position Verstellm\u00f6glichkeit lassen keine W\u00fcnsche offen.<\/p>\n<hr \/>\n<h3>Die Highlights des Swoop AL 9.0<\/h3>\n<p>Die DT Swiss EX 1700 Laufr\u00e4der mit 30 mm breiten Felgen und den Maxxis Minion DHR II und DHF Reifen, beide mit der griffigen Maxxterra Gummimischung und der stabilen EXO+ Karkasse, haben immer genug Grip damit auch der l\u00e4ngste Drop sicher zu fahren ist. Verz\u00f6gert wird anschlie\u00dfend auf den Punkt genau mit Sram Code R Bremsen mit gro\u00dfen 200\/180 mm Bremsscheiben. Um auch bergauf Spa\u00df zu haben kommt das SWOOP AL 9.0 mit kompletter Sram GX Eagle 1&#215;12 Gruppe. Die Sram XG-1275 Kassette mit gro\u00dfer Gangbandbreite l\u00e4sst dabei selbst lange Anstiege locker werden. Abgerundet wird das Paket mit RaceFace Turbine R Cockpit und dem bequemen SDG Bel Air Sattel. Worauf also warten &#8211; das SWOOP AL 9.0 kennt keine Grenzen.<\/p>\n<hr \/>\n<h3>Die Swoop AL Familie<\/h3>\n<p>Unser Enduroklassiker SWOOP AL geht in die n\u00e4chste Runde. Ob Freeride, Enduro oder Bikepark das SWOOP AL ist immer am Start. Mit 170 mm Federweg, 29&#8243; Laufr\u00e4dern und gro\u00dfen \u00dcbersetzungsbandbreiten bietet der Rahmen die ideale Grundlage f\u00fcr Dein neues Rad. Das technische Highlight des Aluminiumrahmens ist aber die Geometrieverstellung mittels des FlipChip. So kannst du das Fahrwerk auf Deine Bed\u00fcrfnisse einstellen und die Performance voll nutzen.<\/p>\n<hr \/>\n<hr \/>\n<p class=\"product--description\"><img fetchpriority=\"high\" decoding=\"async\" title=\"BikeSize Swoop AL\" src=\"https:\/\/cd.bike-discount.de\/media\/image\/5c\/15\/35\/bikesize_swoop_al_white.jpg\" alt=\"\" width=\"640\" height=\"446\" data-mid=\"618199\" data-src=\"media\/image\/bikesize_swoop_al_white.jpg\" \/><\/p>\n<p>Mit Hilfe unserer Grafik wollen wir Dir eine Empfehlung bei der Suche nach Deiner richtigen Rahmengr\u00f6\u00dfe geben. Neben Schrittl\u00e4nge sowie K\u00f6rpergr\u00f6\u00dfe spielt nat\u00fcrlich auch Dein pers\u00f6nlicher Fahrstil, Einsatzbereich sowie Vorliebe eine gro\u00dfe Rolle. Wenn Du mit Deinen Angaben im Grenzbereich liegen solltest, kannst Du zwischen zwei Rahmenh\u00f6hen w\u00e4hlen: die kleinere Rahmengr\u00f6\u00dfe ist agiler\/wendiger\/verspielter, die n\u00e4chstgr\u00f6\u00dfere Rahmenh\u00f6he laufruhiger\/spurtreuer und hat im Uphill die Nase vorn.<\/p>\n<h2>Ausstattung<\/h2>\n<div class=\"product--properties panel has--border\">\n<table class=\"product--properties-table\">\n<tbody>\n<tr class=\"product--properties-row row1\">\n<td class=\"product--properties-label is--bold\">Rahmen:<\/td>\n<td class=\"product--properties-value\">SWOOP AL<\/td>\n<\/tr>\n<tr class=\"product--properties-row row2\">\n<td class=\"product--properties-label is--bold\">Rahmenmaterial:<\/td>\n<td class=\"product--properties-value\">Aluminium<\/td>\n<\/tr>\n<tr class=\"product--properties-row row3\">\n<td class=\"product--properties-label is--bold\">Laufradgr\u00f6\u00dfe:<\/td>\n<td class=\"product--properties-value\">29&#8243;<\/td>\n<\/tr>\n<tr class=\"product--properties-row row4\">\n<td class=\"product--properties-label is--bold\">Farbe:<\/td>\n<td class=\"product--properties-value\">stealthgrey \/ deepblack<\/td>\n<\/tr>\n<tr class=\"product--properties-row row5\">\n<td class=\"product--properties-label is--bold\">Gabel:<\/td>\n<td class=\"product--properties-value\">Fox 36 Performance Elite, FIT GRIP2, Boost<\/td>\n<\/tr>\n<tr class=\"product--properties-row row6\">\n<td class=\"product--properties-label is--bold\">D\u00e4mpfer:<\/td>\n<td class=\"product--properties-value\">Fox Float X2 Performance, 2-pos., EVOL LV<\/td>\n<\/tr>\n<tr class=\"product--properties-row row7\">\n<td class=\"product--properties-label is--bold\">Federweg:<\/td>\n<td class=\"product--properties-value\">170\/170<\/td>\n<\/tr>\n<tr class=\"product--properties-row row8\">\n<td class=\"product--properties-label is--bold\">Bremsen:<\/td>\n<td class=\"product--properties-value\">SRAM Code R<\/td>\n<\/tr>\n<tr class=\"product--properties-row row9\">\n<td class=\"product--properties-label is--bold\">Bremsscheiben:<\/td>\n<td class=\"product--properties-value\">SRAM Centerline 200\/180mm, 6-bolt<\/td>\n<\/tr>\n<tr class=\"product--properties-row row10\">\n<td class=\"product--properties-label is--bold\">Steuersatz:<\/td>\n<td class=\"product--properties-value\">VP, ZS44\/ZS56<\/td>\n<\/tr>\n<tr class=\"product--properties-row row11\">\n<td class=\"product--properties-label is--bold\">Vorbau:<\/td>\n<td class=\"product--properties-value\">Race Face Turbine R, 35 x 40mm<\/td>\n<\/tr>\n<tr class=\"product--properties-row row12\">\n<td class=\"product--properties-label is--bold\">Lenker:<\/td>\n<td class=\"product--properties-value\">Race Face Turbine R, 35 x 800mm, 35mm rise<\/td>\n<\/tr>\n<tr class=\"product--properties-row row13\">\n<td class=\"product--properties-label is--bold\">Griffe:<\/td>\n<td class=\"product--properties-value\">SDG Thrice<\/td>\n<\/tr>\n<tr class=\"product--properties-row row14\">\n<td class=\"product--properties-label is--bold\">Sattel:<\/td>\n<td class=\"product--properties-value\">SDG Bel Air V3<\/td>\n<\/tr>\n<tr class=\"product--properties-row row15\">\n<td class=\"product--properties-label is--bold\">Sattelst\u00fctze:<\/td>\n<td class=\"product--properties-value\">RADON Competition Dropper, 31.6 x 150mm<\/td>\n<\/tr>\n<\/tbody>\n<\/table>\n<table class=\"product--properties-table\">\n<tbody>\n<tr class=\"product--properties-row row16\">\n<td class=\"product--properties-label is--bold\">Kurbel:<\/td>\n<td class=\"product--properties-value\">SRAM GX Eagle, DUB, 30T, Boost, 170mm<\/td>\n<\/tr>\n<tr class=\"product--properties-row row17\">\n<td class=\"product--properties-label is--bold\">Tretlager\/Innenlager:<\/td>\n<td class=\"product--properties-value\">SRAM DUB, BSA, 73mm<\/td>\n<\/tr>\n<tr class=\"product--properties-row row18\">\n<td class=\"product--properties-label is--bold\">Schaltwerk:<\/td>\n<td class=\"product--properties-value\">SRAM GX Eagle, 12-speed<\/td>\n<\/tr>\n<tr class=\"product--properties-row row19\">\n<td class=\"product--properties-label is--bold\">Schalthebel:<\/td>\n<td class=\"product--properties-value\">SRAM GX Eagle, Matchmaker X<\/td>\n<\/tr>\n<tr class=\"product--properties-row row20\">\n<td class=\"product--properties-label is--bold\">Kettenf\u00fchrung:<\/td>\n<td class=\"product--properties-value\">MRP 1X, ISCG05<\/td>\n<\/tr>\n<tr class=\"product--properties-row row21\">\n<td class=\"product--properties-label is--bold\">Kassette:<\/td>\n<td class=\"product--properties-value\">SRAM GX Eagle XG-1275, 10-52<\/td>\n<\/tr>\n<tr class=\"product--properties-row row22\">\n<td class=\"product--properties-label is--bold\">Kette:<\/td>\n<td class=\"product--properties-value\">SRAM GX Eagle<\/td>\n<\/tr>\n<tr class=\"product--properties-row row23\">\n<td class=\"product--properties-label is--bold\">Reifen vorne:<\/td>\n<td class=\"product--properties-value\">Maxxis Minion DHF 3C, Maxterra, EXO+, TR, 29&#8243; x 2.5&#8243; WT<\/td>\n<\/tr>\n<tr class=\"product--properties-row row24\">\n<td class=\"product--properties-label is--bold\">Reifen hinten:<\/td>\n<td class=\"product--properties-value\">Maxxis Minion DHR II, 3C, Maxterra, EXO+, TR, 29&#8243; x 2.4&#8243; WT<\/td>\n<\/tr>\n<tr class=\"product--properties-row row25\">\n<td class=\"product--properties-label is--bold\">Laufradsatz:<\/td>\n<td class=\"product--properties-value\">DT Swiss EX1700 Spline 29, 30mm, 110\/148mm<\/td>\n<\/tr>\n<tr class=\"product--properties-row row26\">\n<td class=\"product--properties-label is--bold\">Pedale:<\/td>\n<td class=\"product--properties-value\">nicht im Lieferumfang enthalten<\/td>\n<\/tr>\n<tr class=\"product--properties-row row27\">\n<td class=\"product--properties-label is--bold\">Zul\u00e4ssiges Gesamtgewicht:<\/td>\n<td class=\"product--properties-value\">115 kg (K\u00f6rpergewicht + Fahrrad + Ausr\u00fcstung)<\/td>\n<\/tr>\n<tr class=\"product--properties-row row28\">\n<td class=\"product--properties-label is--bold\">Gewicht Komplettrad:<\/td>\n<td class=\"product--properties-value\">ab 14,70 kg<\/td>\n<\/tr>\n<\/tbody>\n<\/table>\n<\/div>\n<hr \/>\n<p><iframe src=\"https:\/\/www.youtube-nocookie.com\/embed\/oBPFhqhzsGM\" width=\"640\" height=\"360\" frameborder=\"0\" allowfullscreen=\"allowfullscreen\" data-mce-fragment=\"1\"><\/iframe><\/p>\n<div class=\"ean-box\"><label>\u00a0<\/label><\/div>","protected":false},"excerpt":{"rendered":"<div class=\"tab-menu--product js--tab-menu\">\n<div class=\"tab--container-list\">\n<div class=\"tab--container description has--content is--active\">\n<div class=\"tab--content box-description\">\n<div class=\"content--description\">\n<div class=\"ean-box\"><label>Modelljahr: <span style=\"font-size: 16px;\">2022<\/span><\/label><\/div>\n<\/div>\n<\/div>\n<\/div>\n<\/div>\n<\/div>\n<p><a class=\"rating-link-info--box\" name=\"product--publish-comment\"><\/a><\/p>\n<div id=\"detail--product-reviews\" class=\"content--product-reviews 123\"><\/div>","protected":false},"featured_media":62943,"comment_status":"open","ping_status":"closed","template":"","meta":{"_rtcl_gb_attr":""},"product_brand":[],"product_cat":[36,426,220],"product_tag":[],"class_list":{"0":"post-43629","1":"product","2":"type-product","3":"status-publish","4":"has-post-thumbnail","6":"product_cat-fahrrad","7":"product_cat-fullsuspension","8":"product_cat-mountainbike","9":"pa_marke-radon","11":"first","12":"instock","13":"sale","14":"taxable","15":"shipping-taxable","16":"purchasable","17":"product-type-variable"},"yoast_head":"<!-- This site is optimized with the Yoast SEO Premium plugin v20.12 (Yoast SEO v27.4) - https:\/\/yoast.com\/product\/yoast-seo-premium-wordpress\/ -->\n<title>Radon Swoop AL 9.0<\/title>\n<meta name=\"description\" content=\"cioelectro.com bietet Ihnen das Radon Swoop AL 9.0 zum besten Preis mit kostenlosem Versand in ganz EuropaRadon SWOOP AL 9.0Radon SWOOP AL 9.0\" \/>\n<meta name=\"robots\" content=\"index, follow, max-snippet:-1, max-image-preview:large, max-video-preview:-1\" \/>\n<link rel=\"canonical\" href=\"https:\/\/cioelectro.com\/en\/produkt\/radon-swoop-al-9-0\/\" \/>\n<meta property=\"og:locale\" content=\"en_US\" \/>\n<meta property=\"og:type\" content=\"article\" \/>\n<meta property=\"og:title\" content=\"Radon Swoop AL 9.0\" \/>\n<meta property=\"og:description\" content=\"Entdecken Sie unseren Online-Fahrradladen: Gro\u00dfe Auswahl an Modellen f\u00fcr alle Radsportbegeisterten. Von Rennr\u00e4dern bis zu Mountainbikes - finden Sie heute Ihren perfekten Wegbegleiter!\" \/>\n<meta property=\"og:url\" content=\"https:\/\/cioelectro.com\/en\/produkt\/radon-swoop-al-9-0\/\" \/>\n<meta property=\"og:site_name\" content=\"cioelectro.com\" \/>\n<meta property=\"article:modified_time\" content=\"2023-08-11T06:44:44+00:00\" \/>\n<meta property=\"og:image\" content=\"https:\/\/cioelectro.com\/wp-content\/uploads\/2023\/06\/Radon-Swoop-AL-9.0.jpg\" \/>\n\t<meta property=\"og:image:width\" content=\"800\" \/>\n\t<meta property=\"og:image:height\" content=\"465\" \/>\n\t<meta property=\"og:image:type\" content=\"image\/jpeg\" \/>\n<meta name=\"twitter:card\" content=\"summary_large_image\" \/>\n<meta name=\"twitter:label1\" content=\"Est. reading time\" \/>\n\t<meta name=\"twitter:data1\" content=\"3 minutes\" \/>\n<script type=\"application\/ld+json\" class=\"yoast-schema-graph\">{\"@context\":\"https:\\\/\\\/schema.org\",\"@graph\":[{\"@type\":\"WebPage\",\"@id\":\"https:\\\/\\\/cioelectro.com\\\/produkt\\\/radon-swoop-al-9-0\\\/\",\"url\":\"https:\\\/\\\/cioelectro.com\\\/produkt\\\/radon-swoop-al-9-0\\\/\",\"name\":\"Radon Swoop AL 9.0\",\"isPartOf\":{\"@id\":\"https:\\\/\\\/cioelectro.com\\\/#website\"},\"primaryImageOfPage\":{\"@id\":\"https:\\\/\\\/cioelectro.com\\\/produkt\\\/radon-swoop-al-9-0\\\/#primaryimage\"},\"image\":{\"@id\":\"https:\\\/\\\/cioelectro.com\\\/produkt\\\/radon-swoop-al-9-0\\\/#primaryimage\"},\"thumbnailUrl\":\"https:\\\/\\\/cioelectro.com\\\/wp-content\\\/uploads\\\/2023\\\/06\\\/Radon-Swoop-AL-9.0.jpg\",\"datePublished\":\"2022-11-23T18:40:34+00:00\",\"dateModified\":\"2023-08-11T06:44:44+00:00\",\"description\":\"cioelectro.com bietet Ihnen das Radon Swoop AL 9.0 zum besten Preis mit kostenlosem Versand in ganz EuropaRadon SWOOP AL 9.0Radon SWOOP AL 9.0\",\"breadcrumb\":{\"@id\":\"https:\\\/\\\/cioelectro.com\\\/produkt\\\/radon-swoop-al-9-0\\\/#breadcrumb\"},\"inLanguage\":\"en-US\",\"potentialAction\":[{\"@type\":\"ReadAction\",\"target\":[\"https:\\\/\\\/cioelectro.com\\\/produkt\\\/radon-swoop-al-9-0\\\/\"]}]},{\"@type\":\"ImageObject\",\"inLanguage\":\"en-US\",\"@id\":\"https:\\\/\\\/cioelectro.com\\\/produkt\\\/radon-swoop-al-9-0\\\/#primaryimage\",\"url\":\"https:\\\/\\\/cioelectro.com\\\/wp-content\\\/uploads\\\/2023\\\/06\\\/Radon-Swoop-AL-9.0.jpg\",\"contentUrl\":\"https:\\\/\\\/cioelectro.com\\\/wp-content\\\/uploads\\\/2023\\\/06\\\/Radon-Swoop-AL-9.0.jpg\",\"width\":800,\"height\":465,\"caption\":\"Radon Swoop AL 9.0\"},{\"@type\":\"BreadcrumbList\",\"@id\":\"https:\\\/\\\/cioelectro.com\\\/produkt\\\/radon-swoop-al-9-0\\\/#breadcrumb\",\"itemListElement\":[{\"@type\":\"ListItem\",\"position\":1,\"name\":\"Startseite\",\"item\":\"https:\\\/\\\/cioelectro.com\\\/\"},{\"@type\":\"ListItem\",\"position\":2,\"name\":\"LADEN\",\"item\":\"https:\\\/\\\/cioelectro.com\\\/laden\\\/\"},{\"@type\":\"ListItem\",\"position\":3,\"name\":\"Radon Swoop AL 9.0\"}]},{\"@type\":\"WebSite\",\"@id\":\"https:\\\/\\\/cioelectro.com\\\/#website\",\"url\":\"https:\\\/\\\/cioelectro.com\\\/\",\"name\":\"cioelectro.com\",\"description\":\"Treten Sie mit uns ins Abenteuer!\",\"publisher\":{\"@id\":\"https:\\\/\\\/cioelectro.com\\\/#organization\"},\"alternateName\":\"MEIN RADLADEN\",\"potentialAction\":[{\"@type\":\"SearchAction\",\"target\":{\"@type\":\"EntryPoint\",\"urlTemplate\":\"https:\\\/\\\/cioelectro.com\\\/?s={search_term_string}\"},\"query-input\":{\"@type\":\"PropertyValueSpecification\",\"valueRequired\":true,\"valueName\":\"search_term_string\"}}],\"inLanguage\":\"en-US\"},{\"@type\":\"Organization\",\"@id\":\"https:\\\/\\\/cioelectro.com\\\/#organization\",\"name\":\"CIOELECTRO\",\"alternateName\":\"MEIN RADLADEN\",\"url\":\"https:\\\/\\\/cioelectro.com\\\/\",\"logo\":{\"@type\":\"ImageObject\",\"inLanguage\":\"en-US\",\"@id\":\"https:\\\/\\\/cioelectro.com\\\/#\\\/schema\\\/logo\\\/image\\\/\",\"url\":\"https:\\\/\\\/cioelectro.com\\\/wp-content\\\/uploads\\\/2025\\\/12\\\/Logo-2-1200x800.png\",\"contentUrl\":\"https:\\\/\\\/cioelectro.com\\\/wp-content\\\/uploads\\\/2025\\\/12\\\/Logo-2-1200x800.png\",\"width\":1200,\"height\":800,\"caption\":\"CIOELECTRO\"},\"image\":{\"@id\":\"https:\\\/\\\/cioelectro.com\\\/#\\\/schema\\\/logo\\\/image\\\/\"}}]}<\/script>\n<!-- \/ Yoast SEO Premium plugin. -->","yoast_head_json":{"title":"Radon Swoop AL 9.0","description":"cioelectro.com bietet Ihnen das Radon Swoop AL 9.0 zum besten Preis mit kostenlosem Versand in ganz EuropaRadon SWOOP AL 9.0Radon SWOOP AL 9.0","robots":{"index":"index","follow":"follow","max-snippet":"max-snippet:-1","max-image-preview":"max-image-preview:large","max-video-preview":"max-video-preview:-1"},"canonical":"https:\/\/cioelectro.com\/en\/produkt\/radon-swoop-al-9-0\/","og_locale":"en_US","og_type":"article","og_title":"Radon Swoop AL 9.0","og_description":"Entdecken Sie unseren Online-Fahrradladen: Gro\u00dfe Auswahl an Modellen f\u00fcr alle Radsportbegeisterten. Von Rennr\u00e4dern bis zu Mountainbikes - finden Sie heute Ihren perfekten Wegbegleiter!","og_url":"https:\/\/cioelectro.com\/en\/produkt\/radon-swoop-al-9-0\/","og_site_name":"cioelectro.com","article_modified_time":"2023-08-11T06:44:44+00:00","og_image":[{"width":800,"height":465,"url":"https:\/\/cioelectro.com\/wp-content\/uploads\/2023\/06\/Radon-Swoop-AL-9.0.jpg","type":"image\/jpeg"}],"twitter_card":"summary_large_image","twitter_misc":{"Est. reading time":"3 minutes"},"schema":{"@context":"https:\/\/schema.org","@graph":[{"@type":"WebPage","@id":"https:\/\/cioelectro.com\/produkt\/radon-swoop-al-9-0\/","url":"https:\/\/cioelectro.com\/produkt\/radon-swoop-al-9-0\/","name":"Radon Swoop AL 9.0","isPartOf":{"@id":"https:\/\/cioelectro.com\/#website"},"primaryImageOfPage":{"@id":"https:\/\/cioelectro.com\/produkt\/radon-swoop-al-9-0\/#primaryimage"},"image":{"@id":"https:\/\/cioelectro.com\/produkt\/radon-swoop-al-9-0\/#primaryimage"},"thumbnailUrl":"https:\/\/cioelectro.com\/wp-content\/uploads\/2023\/06\/Radon-Swoop-AL-9.0.jpg","datePublished":"2022-11-23T18:40:34+00:00","dateModified":"2023-08-11T06:44:44+00:00","description":"cioelectro.com bietet Ihnen das Radon Swoop AL 9.0 zum besten Preis mit kostenlosem Versand in ganz EuropaRadon SWOOP AL 9.0Radon SWOOP AL 9.0","breadcrumb":{"@id":"https:\/\/cioelectro.com\/produkt\/radon-swoop-al-9-0\/#breadcrumb"},"inLanguage":"en-US","potentialAction":[{"@type":"ReadAction","target":["https:\/\/cioelectro.com\/produkt\/radon-swoop-al-9-0\/"]}]},{"@type":"ImageObject","inLanguage":"en-US","@id":"https:\/\/cioelectro.com\/produkt\/radon-swoop-al-9-0\/#primaryimage","url":"https:\/\/cioelectro.com\/wp-content\/uploads\/2023\/06\/Radon-Swoop-AL-9.0.jpg","contentUrl":"https:\/\/cioelectro.com\/wp-content\/uploads\/2023\/06\/Radon-Swoop-AL-9.0.jpg","width":800,"height":465,"caption":"Radon Swoop AL 9.0"},{"@type":"BreadcrumbList","@id":"https:\/\/cioelectro.com\/produkt\/radon-swoop-al-9-0\/#breadcrumb","itemListElement":[{"@type":"ListItem","position":1,"name":"Startseite","item":"https:\/\/cioelectro.com\/"},{"@type":"ListItem","position":2,"name":"LADEN","item":"https:\/\/cioelectro.com\/laden\/"},{"@type":"ListItem","position":3,"name":"Radon Swoop AL 9.0"}]},{"@type":"WebSite","@id":"https:\/\/cioelectro.com\/#website","url":"https:\/\/cioelectro.com\/","name":"cioelectro.com","description":"Treten Sie mit uns ins Abenteuer!","publisher":{"@id":"https:\/\/cioelectro.com\/#organization"},"alternateName":"MEIN RADLADEN","potentialAction":[{"@type":"SearchAction","target":{"@type":"EntryPoint","urlTemplate":"https:\/\/cioelectro.com\/?s={search_term_string}"},"query-input":{"@type":"PropertyValueSpecification","valueRequired":true,"valueName":"search_term_string"}}],"inLanguage":"en-US"},{"@type":"Organization","@id":"https:\/\/cioelectro.com\/#organization","name":"CIOELECTRO","alternateName":"MEIN RADLADEN","url":"https:\/\/cioelectro.com\/","logo":{"@type":"ImageObject","inLanguage":"en-US","@id":"https:\/\/cioelectro.com\/#\/schema\/logo\/image\/","url":"https:\/\/cioelectro.com\/wp-content\/uploads\/2025\/12\/Logo-2-1200x800.png","contentUrl":"https:\/\/cioelectro.com\/wp-content\/uploads\/2025\/12\/Logo-2-1200x800.png","width":1200,"height":800,"caption":"CIOELECTRO"},"image":{"@id":"https:\/\/cioelectro.com\/#\/schema\/logo\/image\/"}}]}},"_links":{"self":[{"href":"https:\/\/cioelectro.com\/en\/wp-json\/wp\/v2\/product\/43629","targetHints":{"allow":["GET"]}}],"collection":[{"href":"https:\/\/cioelectro.com\/en\/wp-json\/wp\/v2\/product"}],"about":[{"href":"https:\/\/cioelectro.com\/en\/wp-json\/wp\/v2\/types\/product"}],"replies":[{"embeddable":true,"href":"https:\/\/cioelectro.com\/en\/wp-json\/wp\/v2\/comments?post=43629"}],"version-history":[{"count":0,"href":"https:\/\/cioelectro.com\/en\/wp-json\/wp\/v2\/product\/43629\/revisions"}],"wp:featuredmedia":[{"embeddable":true,"href":"https:\/\/cioelectro.com\/en\/wp-json\/wp\/v2\/media\/62943"}],"wp:attachment":[{"href":"https:\/\/cioelectro.com\/en\/wp-json\/wp\/v2\/media?parent=43629"}],"wp:term":[{"taxonomy":"product_brand","embeddable":true,"href":"https:\/\/cioelectro.com\/en\/wp-json\/wp\/v2\/product_brand?post=43629"},{"taxonomy":"product_cat","embeddable":true,"href":"https:\/\/cioelectro.com\/en\/wp-json\/wp\/v2\/product_cat?post=43629"},{"taxonomy":"product_tag","embeddable":true,"href":"https:\/\/cioelectro.com\/en\/wp-json\/wp\/v2\/product_tag?post=43629"}],"curies":[{"name":"wp","href":"https:\/\/api.w.org\/{rel}","templated":true}]}}