{"id":43728,"date":"2022-11-23T20:29:01","date_gmt":"2022-11-23T19:29:01","guid":{"rendered":"https:\/\/meinradladen.com\/?post_type=product&#038;p=43728"},"modified":"2023-08-11T08:32:56","modified_gmt":"2023-08-11T06:32:56","slug":"radon-skeen-al-8-0","status":"publish","type":"product","link":"https:\/\/cioelectro.com\/en\/produkt\/radon-skeen-al-8-0\/","title":{"rendered":"Radon Skeen AL 8.0"},"content":{"rendered":"<h2 class=\"content--title\"><strong>Radon<\/strong>\u00a0Skeen AL 8.0<\/h2>\n<p>Auch f\u00fcr das Modelljahr 2022 muss sich unser Klassiker Radon SKEEN AL 8.0 nicht verstecken, so viel Bike wirst Du in der Preisklasse um 2.000 \u20ac nicht ein zweites Mal finden.<\/p>\n<hr \/>\n<h3>Die Highlights des Skeen AL 8.0<\/h3>\n<p>Basis ist der bew\u00e4hrte, leichte SKEEN AL Aluminiumrahmen, dem ein Carbon-Rocker ein Plus an Steifigkeit verleiht und dessen Geometrie f\u00fcr seine sportive Allroundf\u00e4higkeit bekannt ist. Wir verfeinern den Rahmen mit einem kompletten Fox Fahrwerk, bestehend aus der 34 Rhythm Gabel Sweep Adjust Gabel mit 130mm Federweg und dem Float DPS Performance D\u00e4mpfer, der am Hinterbau 120mm komfortablen Federweg generiert. Eine SRAM Eagle Gruppe mit der gro\u00dfen 10-52 Z\u00e4hne umfassenden Kassette erm\u00f6glicht eine enorme Bandbreite an \u00dcbersetzungen, die Dich sowohl steilste Ansteige erklimmen als auch Downhills durchpowern l\u00e4sst.<\/p>\n<p>Zum kontrollierten Abbremsen spendieren wir dem SKEEN AL 8.0 eine starke Magura MT Thirty mit vier Kolben an der Vorderradbremse. F\u00fcr technisch knifflige Passagen ist eine absenkbare RADON Sattelst\u00fctze mit an Bord, die Dir mit ihren vom Lenker aus absenkbaren 130mm Hub viel Bewegungsfreiheit gibt. Abgerundet wird das \u00fcppige Trail-Paket mit einem leichten wie soliden SUNringl\u00e9 D\u00fcroc 30 Laufradsatz, auf dem sich griffige Schwalbe Nobby Nic Reifen drehen. Sicher Dir das Trailvergn\u00fcgen mit dem SKEEN AL 8.0!<\/p>\n<hr \/>\n<h4>Die Skeen Trail AL Familie<\/h4>\n<p>Das Skeen Trail AL ist der Evergreen unter den RADON Fully Modellen. Bereits seit einigen Jahren im Programm, wurde es immer wieder in Details verbessert und mit technischen Neuerungen aufgewertet. So stellt die heutige Evolutionsstufe ein Bike f\u00fcr alle F\u00e4lle dar: bei niedrigem Gewicht macht es jede Menge Trailspa\u00df mit, epische Tagestouren sind genauso sein Ding wie ein Marathon. Basis daf\u00fcr ist ein leichter Aluminiumrahmen mit Carbonschwinge, der am Hinterbau 120mm Federweg freigibt. Wir verbauen Federgabeln mit 130mm Federweg f\u00fcr ein fein ausbalanciertes Fahrwerk, damit Du dich auf das Wesentliche konzentrieren kannst: den Trail!<\/p>\n<h4>Ausstattung<\/h4>\n<div class=\"product--properties panel has--border\">\n<table class=\"product--properties-table\">\n<tbody>\n<tr class=\"product--properties-row row1\">\n<td class=\"product--properties-label is--bold\">Rahmen:<\/td>\n<td class=\"product--properties-value\">SKEEN AL 29, Schaltauge: #10240<\/td>\n<\/tr>\n<tr class=\"product--properties-row row2\">\n<td class=\"product--properties-label is--bold\">Rahmenmaterial:<\/td>\n<td class=\"product--properties-value\">Aluminium<\/td>\n<\/tr>\n<tr class=\"product--properties-row row3\">\n<td class=\"product--properties-label is--bold\">Laufradgr\u00f6\u00dfe:<\/td>\n<td class=\"product--properties-value\">29&#8243;<\/td>\n<\/tr>\n<tr class=\"product--properties-row row4\">\n<td class=\"product--properties-label is--bold\">Farbe:<\/td>\n<td class=\"product--properties-value\">stealthgrey \/ deepblack \/ firered<\/td>\n<\/tr>\n<tr class=\"product--properties-row row5\">\n<td class=\"product--properties-label is--bold\">Gabel:<\/td>\n<td class=\"product--properties-value\">Fox 34 Rhythm FIT GRIP Sweep-Adjust, Boost<\/td>\n<\/tr>\n<tr class=\"product--properties-row row6\">\n<td class=\"product--properties-label is--bold\">D\u00e4mpfer:<\/td>\n<td class=\"product--properties-value\">Fox Float DPS Performance, 3-Pos., EVOL LV, Einbauma\u00df: 184 x 44mm, Buchsenma\u00df: 22.2 x 8mm<\/td>\n<\/tr>\n<tr class=\"product--properties-row row7\">\n<td class=\"product--properties-label is--bold\">Federweg:<\/td>\n<td class=\"product--properties-value\">130mm \/ 120mm<\/td>\n<\/tr>\n<tr class=\"product--properties-row row8\">\n<td class=\"product--properties-label is--bold\">Bremsen:<\/td>\n<td class=\"product--properties-value\">Magura MT Thirty<\/td>\n<\/tr>\n<tr class=\"product--properties-row row9\">\n<td class=\"product--properties-label is--bold\">Bremsscheiben:<\/td>\n<td class=\"product--properties-value\">Magura MDR-C, 180\/180mm, 6-bolt<\/td>\n<\/tr>\n<tr class=\"product--properties-row row10\">\n<td class=\"product--properties-label is--bold\">Steuersatz:<\/td>\n<td class=\"product--properties-value\">VP, ZS44\/IS52<\/td>\n<\/tr>\n<tr class=\"product--properties-row row11\">\n<td class=\"product--properties-label is--bold\">Vorbau:<\/td>\n<td class=\"product--properties-value\">Race Face Ride, \u00d835mm (16&#8243;\/60mm, 18&#8243;\/60mm, 20&#8243;\/60mm, 22&#8243;\/70mm)<\/td>\n<\/tr>\n<tr class=\"product--properties-row row12\">\n<td class=\"product--properties-label is--bold\">Lenker:<\/td>\n<td class=\"product--properties-value\">Race Face Ride, 35 x 760mm, 10mm rise<\/td>\n<\/tr>\n<tr class=\"product--properties-row row13\">\n<td class=\"product--properties-label is--bold\">Griffe:<\/td>\n<td class=\"product--properties-value\">ACID React Pro<\/td>\n<\/tr>\n<tr class=\"product--properties-row row14\">\n<td class=\"product--properties-label is--bold\">Sattel:<\/td>\n<td class=\"product--properties-value\">Selle Italia X1<\/td>\n<\/tr>\n<tr class=\"product--properties-row row15\">\n<td class=\"product--properties-label is--bold\">Sattelst\u00fctze:<\/td>\n<td class=\"product--properties-value\">Radon Dropper, 30.9mm (16&#8243;\/130mm, 18&#8243;\/130mm, 20&#8243;\/130mm, 22&#8243;\/130mm)<\/td>\n<\/tr>\n<\/tbody>\n<\/table>\n<table class=\"product--properties-table\">\n<tbody>\n<tr class=\"product--properties-row row16\">\n<td class=\"product--properties-label is--bold\">Kurbel:<\/td>\n<td class=\"product--properties-value\">SRAM X1 1000 DUB, 32T, Boost, 175mm<\/td>\n<\/tr>\n<tr class=\"product--properties-row row17\">\n<td class=\"product--properties-label is--bold\">Tretlager\/Innenlager:<\/td>\n<td class=\"product--properties-value\">SRAM DUB, Pressfit, 92mm<\/td>\n<\/tr>\n<tr class=\"product--properties-row row18\">\n<td class=\"product--properties-label is--bold\">Schaltwerk:<\/td>\n<td class=\"product--properties-value\">SRAM GX Eagle, 12-speed<\/td>\n<\/tr>\n<tr class=\"product--properties-row row19\">\n<td class=\"product--properties-label is--bold\">Schalthebel:<\/td>\n<td class=\"product--properties-value\">SRAM NX Eagle, Shiftmix<\/td>\n<\/tr>\n<tr class=\"product--properties-row row20\">\n<td class=\"product--properties-label is--bold\">Kassette:<\/td>\n<td class=\"product--properties-value\">SRAM GX Eagle XG-1275, 10-52<\/td>\n<\/tr>\n<tr class=\"product--properties-row row21\">\n<td class=\"product--properties-label is--bold\">Kette:<\/td>\n<td class=\"product--properties-value\">Sram SX Eagle<\/td>\n<\/tr>\n<tr class=\"product--properties-row row22\">\n<td class=\"product--properties-label is--bold\">Reifen vorne:<\/td>\n<td class=\"product--properties-value\">Schwalbe Nobby Nic, Addix Performance Line, 29&#8243; x 2.35&#8243;<\/td>\n<\/tr>\n<tr class=\"product--properties-row row23\">\n<td class=\"product--properties-label is--bold\">Reifen hinten:<\/td>\n<td class=\"product--properties-value\">Schwalbe Nobby Nic, Addix Performance Line, 29&#8243; x 2.25&#8243;<\/td>\n<\/tr>\n<tr class=\"product--properties-row row24\">\n<td class=\"product--properties-label is--bold\">Laufradsatz:<\/td>\n<td class=\"product--properties-value\">SunRingl\u00e9 D\u00fcroc 30, 26mm, 110\/142mm<\/td>\n<\/tr>\n<tr class=\"product--properties-row row25\">\n<td class=\"product--properties-label is--bold\">Pedale:<\/td>\n<td class=\"product--properties-value\">nicht im Lieferumfang enthalten<\/td>\n<\/tr>\n<tr class=\"product--properties-row row26\">\n<td class=\"product--properties-label is--bold\">Zul\u00e4ssiges Gesamtgewicht:<\/td>\n<td class=\"product--properties-value\">115 kg (K\u00f6rpergewicht + Fahrrad + Ausr\u00fcstung)<\/td>\n<\/tr>\n<tr class=\"product--properties-row row27\">\n<td class=\"product--properties-label is--bold\">Gewicht Komplettrad:<\/td>\n<td class=\"product--properties-value\">ab 13,60 kg<\/td>\n<\/tr>\n<\/tbody>\n<\/table>\n<\/div>\n<hr \/>\n<p><iframe src=\"https:\/\/www.youtube-nocookie.com\/embed\/oBPFhqhzsGM\" width=\"640\" height=\"360\" frameborder=\"0\" allowfullscreen=\"allowfullscreen\" data-mce-fragment=\"1\"><\/iframe><\/p>\n<div class=\"ean-box\"><label>\u00a0<\/label><\/div>","protected":false},"excerpt":{"rendered":"<div class=\"tab-menu--product js--tab-menu\">\n<div class=\"tab--container-list\">\n<div class=\"tab--container description has--content is--active\">\n<div class=\"tab--content box-description\">\n<div class=\"content--description\">\n<div class=\"ean-box\"><label>Modelljahr: <span style=\"font-size: 16px;\">2022<\/span><\/label><\/div>\n<\/div>\n<\/div>\n<\/div>\n<\/div>\n<\/div>\n<p><a class=\"rating-link-info--box\" name=\"product--publish-comment\"><\/a><\/p>\n<div id=\"detail--product-reviews\" class=\"content--product-reviews 123\"><\/div>","protected":false},"featured_media":62984,"comment_status":"open","ping_status":"closed","template":"","meta":{"_rtcl_gb_attr":""},"product_brand":[],"product_cat":[36,426,220],"product_tag":[],"class_list":{"0":"post-43728","1":"product","2":"type-product","3":"status-publish","4":"has-post-thumbnail","6":"product_cat-fahrrad","7":"product_cat-fullsuspension","8":"product_cat-mountainbike","9":"pa_marke-radon","11":"first","12":"instock","13":"sale","14":"taxable","15":"shipping-taxable","16":"purchasable","17":"product-type-variable"},"yoast_head":"<!-- This site is optimized with the Yoast SEO Premium plugin v20.12 (Yoast SEO v27.4) - https:\/\/yoast.com\/product\/yoast-seo-premium-wordpress\/ -->\n<title>Radon Skeen AL 8.0<\/title>\n<meta name=\"description\" content=\"cioelectro.com bietet Ihnen das Radon Skeen AL 8.0 zum besten Preis mit kostenlosem Versand in ganz EuropaRadon SKEEN AL 8.0Radon SKEEN AL 8.0\" \/>\n<meta name=\"robots\" content=\"index, follow, max-snippet:-1, max-image-preview:large, max-video-preview:-1\" \/>\n<link rel=\"canonical\" href=\"https:\/\/cioelectro.com\/en\/produkt\/radon-skeen-al-8-0\/\" \/>\n<meta property=\"og:locale\" content=\"en_US\" \/>\n<meta property=\"og:type\" content=\"article\" \/>\n<meta property=\"og:title\" content=\"Radon Skeen AL 8.0\" \/>\n<meta property=\"og:description\" content=\"Entdecken Sie unseren Online-Fahrradladen: Gro\u00dfe Auswahl an Modellen f\u00fcr alle Radsportbegeisterten. Von Rennr\u00e4dern bis zu Mountainbikes - finden Sie heute Ihren perfekten Wegbegleiter!\" \/>\n<meta property=\"og:url\" content=\"https:\/\/cioelectro.com\/en\/produkt\/radon-skeen-al-8-0\/\" \/>\n<meta property=\"og:site_name\" content=\"cioelectro.com\" \/>\n<meta property=\"article:modified_time\" content=\"2023-08-11T06:32:56+00:00\" \/>\n<meta property=\"og:image\" content=\"https:\/\/cioelectro.com\/wp-content\/uploads\/2023\/06\/Radon-Skeen-AL-8.0.jpg\" \/>\n\t<meta property=\"og:image:width\" content=\"800\" \/>\n\t<meta property=\"og:image:height\" content=\"454\" \/>\n\t<meta property=\"og:image:type\" content=\"image\/jpeg\" \/>\n<meta name=\"twitter:card\" content=\"summary_large_image\" \/>\n<meta name=\"twitter:label1\" content=\"Est. reading time\" \/>\n\t<meta name=\"twitter:data1\" content=\"3 minutes\" \/>\n<script type=\"application\/ld+json\" class=\"yoast-schema-graph\">{\"@context\":\"https:\\\/\\\/schema.org\",\"@graph\":[{\"@type\":\"WebPage\",\"@id\":\"https:\\\/\\\/cioelectro.com\\\/produkt\\\/radon-skeen-al-8-0\\\/\",\"url\":\"https:\\\/\\\/cioelectro.com\\\/produkt\\\/radon-skeen-al-8-0\\\/\",\"name\":\"Radon Skeen AL 8.0\",\"isPartOf\":{\"@id\":\"https:\\\/\\\/cioelectro.com\\\/#website\"},\"primaryImageOfPage\":{\"@id\":\"https:\\\/\\\/cioelectro.com\\\/produkt\\\/radon-skeen-al-8-0\\\/#primaryimage\"},\"image\":{\"@id\":\"https:\\\/\\\/cioelectro.com\\\/produkt\\\/radon-skeen-al-8-0\\\/#primaryimage\"},\"thumbnailUrl\":\"https:\\\/\\\/cioelectro.com\\\/wp-content\\\/uploads\\\/2023\\\/06\\\/Radon-Skeen-AL-8.0.jpg\",\"datePublished\":\"2022-11-23T19:29:01+00:00\",\"dateModified\":\"2023-08-11T06:32:56+00:00\",\"description\":\"cioelectro.com bietet Ihnen das Radon Skeen AL 8.0 zum besten Preis mit kostenlosem Versand in ganz EuropaRadon SKEEN AL 8.0Radon SKEEN AL 8.0\",\"breadcrumb\":{\"@id\":\"https:\\\/\\\/cioelectro.com\\\/produkt\\\/radon-skeen-al-8-0\\\/#breadcrumb\"},\"inLanguage\":\"en-US\",\"potentialAction\":[{\"@type\":\"ReadAction\",\"target\":[\"https:\\\/\\\/cioelectro.com\\\/produkt\\\/radon-skeen-al-8-0\\\/\"]}]},{\"@type\":\"ImageObject\",\"inLanguage\":\"en-US\",\"@id\":\"https:\\\/\\\/cioelectro.com\\\/produkt\\\/radon-skeen-al-8-0\\\/#primaryimage\",\"url\":\"https:\\\/\\\/cioelectro.com\\\/wp-content\\\/uploads\\\/2023\\\/06\\\/Radon-Skeen-AL-8.0.jpg\",\"contentUrl\":\"https:\\\/\\\/cioelectro.com\\\/wp-content\\\/uploads\\\/2023\\\/06\\\/Radon-Skeen-AL-8.0.jpg\",\"width\":800,\"height\":454,\"caption\":\"Radon Skeen AL 8.0\"},{\"@type\":\"BreadcrumbList\",\"@id\":\"https:\\\/\\\/cioelectro.com\\\/produkt\\\/radon-skeen-al-8-0\\\/#breadcrumb\",\"itemListElement\":[{\"@type\":\"ListItem\",\"position\":1,\"name\":\"Startseite\",\"item\":\"https:\\\/\\\/cioelectro.com\\\/\"},{\"@type\":\"ListItem\",\"position\":2,\"name\":\"LADEN\",\"item\":\"https:\\\/\\\/cioelectro.com\\\/laden\\\/\"},{\"@type\":\"ListItem\",\"position\":3,\"name\":\"Radon Skeen AL 8.0\"}]},{\"@type\":\"WebSite\",\"@id\":\"https:\\\/\\\/cioelectro.com\\\/#website\",\"url\":\"https:\\\/\\\/cioelectro.com\\\/\",\"name\":\"cioelectro.com\",\"description\":\"Treten Sie mit uns ins Abenteuer!\",\"publisher\":{\"@id\":\"https:\\\/\\\/cioelectro.com\\\/#organization\"},\"alternateName\":\"MEIN RADLADEN\",\"potentialAction\":[{\"@type\":\"SearchAction\",\"target\":{\"@type\":\"EntryPoint\",\"urlTemplate\":\"https:\\\/\\\/cioelectro.com\\\/?s={search_term_string}\"},\"query-input\":{\"@type\":\"PropertyValueSpecification\",\"valueRequired\":true,\"valueName\":\"search_term_string\"}}],\"inLanguage\":\"en-US\"},{\"@type\":\"Organization\",\"@id\":\"https:\\\/\\\/cioelectro.com\\\/#organization\",\"name\":\"CIOELECTRO\",\"alternateName\":\"MEIN RADLADEN\",\"url\":\"https:\\\/\\\/cioelectro.com\\\/\",\"logo\":{\"@type\":\"ImageObject\",\"inLanguage\":\"en-US\",\"@id\":\"https:\\\/\\\/cioelectro.com\\\/#\\\/schema\\\/logo\\\/image\\\/\",\"url\":\"https:\\\/\\\/cioelectro.com\\\/wp-content\\\/uploads\\\/2025\\\/12\\\/Logo-2-1200x800.png\",\"contentUrl\":\"https:\\\/\\\/cioelectro.com\\\/wp-content\\\/uploads\\\/2025\\\/12\\\/Logo-2-1200x800.png\",\"width\":1200,\"height\":800,\"caption\":\"CIOELECTRO\"},\"image\":{\"@id\":\"https:\\\/\\\/cioelectro.com\\\/#\\\/schema\\\/logo\\\/image\\\/\"}}]}<\/script>\n<!-- \/ Yoast SEO Premium plugin. -->","yoast_head_json":{"title":"Radon Skeen AL 8.0","description":"cioelectro.com bietet Ihnen das Radon Skeen AL 8.0 zum besten Preis mit kostenlosem Versand in ganz EuropaRadon SKEEN AL 8.0Radon SKEEN AL 8.0","robots":{"index":"index","follow":"follow","max-snippet":"max-snippet:-1","max-image-preview":"max-image-preview:large","max-video-preview":"max-video-preview:-1"},"canonical":"https:\/\/cioelectro.com\/en\/produkt\/radon-skeen-al-8-0\/","og_locale":"en_US","og_type":"article","og_title":"Radon Skeen AL 8.0","og_description":"Entdecken Sie unseren Online-Fahrradladen: Gro\u00dfe Auswahl an Modellen f\u00fcr alle Radsportbegeisterten. Von Rennr\u00e4dern bis zu Mountainbikes - finden Sie heute Ihren perfekten Wegbegleiter!","og_url":"https:\/\/cioelectro.com\/en\/produkt\/radon-skeen-al-8-0\/","og_site_name":"cioelectro.com","article_modified_time":"2023-08-11T06:32:56+00:00","og_image":[{"width":800,"height":454,"url":"https:\/\/cioelectro.com\/wp-content\/uploads\/2023\/06\/Radon-Skeen-AL-8.0.jpg","type":"image\/jpeg"}],"twitter_card":"summary_large_image","twitter_misc":{"Est. reading time":"3 minutes"},"schema":{"@context":"https:\/\/schema.org","@graph":[{"@type":"WebPage","@id":"https:\/\/cioelectro.com\/produkt\/radon-skeen-al-8-0\/","url":"https:\/\/cioelectro.com\/produkt\/radon-skeen-al-8-0\/","name":"Radon Skeen AL 8.0","isPartOf":{"@id":"https:\/\/cioelectro.com\/#website"},"primaryImageOfPage":{"@id":"https:\/\/cioelectro.com\/produkt\/radon-skeen-al-8-0\/#primaryimage"},"image":{"@id":"https:\/\/cioelectro.com\/produkt\/radon-skeen-al-8-0\/#primaryimage"},"thumbnailUrl":"https:\/\/cioelectro.com\/wp-content\/uploads\/2023\/06\/Radon-Skeen-AL-8.0.jpg","datePublished":"2022-11-23T19:29:01+00:00","dateModified":"2023-08-11T06:32:56+00:00","description":"cioelectro.com bietet Ihnen das Radon Skeen AL 8.0 zum besten Preis mit kostenlosem Versand in ganz EuropaRadon SKEEN AL 8.0Radon SKEEN AL 8.0","breadcrumb":{"@id":"https:\/\/cioelectro.com\/produkt\/radon-skeen-al-8-0\/#breadcrumb"},"inLanguage":"en-US","potentialAction":[{"@type":"ReadAction","target":["https:\/\/cioelectro.com\/produkt\/radon-skeen-al-8-0\/"]}]},{"@type":"ImageObject","inLanguage":"en-US","@id":"https:\/\/cioelectro.com\/produkt\/radon-skeen-al-8-0\/#primaryimage","url":"https:\/\/cioelectro.com\/wp-content\/uploads\/2023\/06\/Radon-Skeen-AL-8.0.jpg","contentUrl":"https:\/\/cioelectro.com\/wp-content\/uploads\/2023\/06\/Radon-Skeen-AL-8.0.jpg","width":800,"height":454,"caption":"Radon Skeen AL 8.0"},{"@type":"BreadcrumbList","@id":"https:\/\/cioelectro.com\/produkt\/radon-skeen-al-8-0\/#breadcrumb","itemListElement":[{"@type":"ListItem","position":1,"name":"Startseite","item":"https:\/\/cioelectro.com\/"},{"@type":"ListItem","position":2,"name":"LADEN","item":"https:\/\/cioelectro.com\/laden\/"},{"@type":"ListItem","position":3,"name":"Radon Skeen AL 8.0"}]},{"@type":"WebSite","@id":"https:\/\/cioelectro.com\/#website","url":"https:\/\/cioelectro.com\/","name":"cioelectro.com","description":"Treten Sie mit uns ins Abenteuer!","publisher":{"@id":"https:\/\/cioelectro.com\/#organization"},"alternateName":"MEIN RADLADEN","potentialAction":[{"@type":"SearchAction","target":{"@type":"EntryPoint","urlTemplate":"https:\/\/cioelectro.com\/?s={search_term_string}"},"query-input":{"@type":"PropertyValueSpecification","valueRequired":true,"valueName":"search_term_string"}}],"inLanguage":"en-US"},{"@type":"Organization","@id":"https:\/\/cioelectro.com\/#organization","name":"CIOELECTRO","alternateName":"MEIN RADLADEN","url":"https:\/\/cioelectro.com\/","logo":{"@type":"ImageObject","inLanguage":"en-US","@id":"https:\/\/cioelectro.com\/#\/schema\/logo\/image\/","url":"https:\/\/cioelectro.com\/wp-content\/uploads\/2025\/12\/Logo-2-1200x800.png","contentUrl":"https:\/\/cioelectro.com\/wp-content\/uploads\/2025\/12\/Logo-2-1200x800.png","width":1200,"height":800,"caption":"CIOELECTRO"},"image":{"@id":"https:\/\/cioelectro.com\/#\/schema\/logo\/image\/"}}]}},"_links":{"self":[{"href":"https:\/\/cioelectro.com\/en\/wp-json\/wp\/v2\/product\/43728","targetHints":{"allow":["GET"]}}],"collection":[{"href":"https:\/\/cioelectro.com\/en\/wp-json\/wp\/v2\/product"}],"about":[{"href":"https:\/\/cioelectro.com\/en\/wp-json\/wp\/v2\/types\/product"}],"replies":[{"embeddable":true,"href":"https:\/\/cioelectro.com\/en\/wp-json\/wp\/v2\/comments?post=43728"}],"version-history":[{"count":0,"href":"https:\/\/cioelectro.com\/en\/wp-json\/wp\/v2\/product\/43728\/revisions"}],"wp:featuredmedia":[{"embeddable":true,"href":"https:\/\/cioelectro.com\/en\/wp-json\/wp\/v2\/media\/62984"}],"wp:attachment":[{"href":"https:\/\/cioelectro.com\/en\/wp-json\/wp\/v2\/media?parent=43728"}],"wp:term":[{"taxonomy":"product_brand","embeddable":true,"href":"https:\/\/cioelectro.com\/en\/wp-json\/wp\/v2\/product_brand?post=43728"},{"taxonomy":"product_cat","embeddable":true,"href":"https:\/\/cioelectro.com\/en\/wp-json\/wp\/v2\/product_cat?post=43728"},{"taxonomy":"product_tag","embeddable":true,"href":"https:\/\/cioelectro.com\/en\/wp-json\/wp\/v2\/product_tag?post=43728"}],"curies":[{"name":"wp","href":"https:\/\/api.w.org\/{rel}","templated":true}]}}