{"id":43946,"date":"2022-11-24T15:50:10","date_gmt":"2022-11-24T14:50:10","guid":{"rendered":"https:\/\/meinradladen.com\/?post_type=product&#038;p=43946"},"modified":"2023-08-11T08:18:23","modified_gmt":"2023-08-11T06:18:23","slug":"radon-slide-trail-al-8-0","status":"publish","type":"product","link":"https:\/\/cioelectro.com\/en\/produkt\/radon-slide-trail-al-8-0\/","title":{"rendered":"Radon\u00a0Slide Trail AL 8.0"},"content":{"rendered":"<h2 class=\"content--title\"><strong>Radon<\/strong>\u00a0Slide Trail AL 8.0<\/h2>\n<p class=\"content--title\">Shine bright\u201c ist die Devise unseres brandneuen Radon SLIDE TRAIL AL 8.0. Du m\u00f6chtest gesehen werden? Die Komposition aus kontr\u00e4rer Farbgebung macht dieses Bike zum Blickfang auf jedem Trail! Serviert wird Dir ein Fox Fahrwerk.<\/p>\n<hr \/>\n<h4>Die Highlights des SLIDE TRAIL AL 8.0<\/h4>\n<p>Die Fox 36 Performance Federgabel mit 150mm und der Fox Float DPS Performance D\u00e4mpfer mit 140mm Federweg geben Dir die ben\u00f6tigte Performance, um jedes Hindernis mit Eleganz und Leichtigkeit zu bew\u00e4ltigen. Die Zusammensetzung aus Race Face Aeffect R Vorbau und Lenker demonstriert den roten Faden, das dieses Trailbike verfolgt. Der SRAM Antrieb gl\u00e4nzt mit seiner Zuverl\u00e4ssigkeit. Die Kombination aus einer 12-fach SRAM Eagle Schaltgruppe bietet die perfekte \u00dcbersetzung, um nicht nur die Berge zu besteigen, sondern auch den Speed auf allen Wegen zu halten! Eine Magura MT5 Vierkolben Bremsanlage vorne und hinten rundet den Grundgedanken einer einheitlichen Interaktion der Komponenten ab, sodass eine absolut aufeinander abgestimmte Funktionalit\u00e4t herausgekitzelt werden kann.<\/p>\n<p class=\"product--description\">Diese Vollkommenheit macht sprachlos! Doch das SLIDE TRAIL AL 8.0 setzt noch einen obendrauf! Mit dem aggressiven Magic Mary an der Front und dem geschmeidigen Big Betty am Heck aus dem Hause Schwalbe, beide mit ADDIX Soft Gummimischung und Supertrail Karkasse, hast Du stets endlosen Grip und volle Kontrolle auf dem Trail. Abgerundet wird das grandiose Gesamtpaket durch den leichten SUNringl\u00e9 D\u00fcroc 35 Expert Systemlaufradsatz. Grenzenloser Fahrspa\u00df mit dem SLIDE TRAIL AL 8.0!<\/p>\n<hr \/>\n<h4>Die SLIDE TRAIL AL Familie<\/h4>\n<p>Wir kredenzen Euch eine komplette Neuentwicklung! Angelehnt an die Geometrie des SLIDE TRAIL pr\u00e4sentieren wir erstmals die Aluminiumversion! Wenn man von Multitasking spricht, dann von unserem SLIDE TRAIL AL. Du suchst ein wendiges, schnelles und leichtes Bike mit ausreichend Federweg? Dann bist Du bei dem SLIDE TRAIL AL genau richtig! Es ist nicht nur ein treuer Trail Begleiter, sondern erm\u00f6glicht Dir auch jeden Anstieg. Dem H\u00f6henmeter sammeln steht also nichts mehr im Wege! Mit 150mm Federweg an der Front und 140mm am Heck lassen sich selbst steile Passagen bew\u00e4ltigen. Mach Dich gefasst auf ein nie dagewesenes Feeling von Verspieltheit, Freiheit und Variabilit\u00e4t! Diese Leichtf\u00fc\u00dfigkeit wird Dich umhauen, sodass jede Wurzel oder Unebenheit zum Kinderspiel wird!<\/p>\n<hr \/>\n<h4>Der SLIDE TRAIL AL Rahmen<\/h4>\n<p>Die moderne Rahmengeometrie des SLIDE TRAIL AL gleicht der Carbon Version. Der flache Lenk- und der steile Sitzwinkel bietet ein Spektrum an Einsatzgebieten. Der ultimative Flip-Chip erm\u00f6glicht Dir eine nur auf dich angepasste Einstellung der Geometrie, sodass Du den optimalen Fahrspa\u00df erf\u00e4hrst! Unsere Trail Maschine liefert Dir 29 Zoll Laufr\u00e4der, in Kombination mit 150mm Federweg an der Front und 140mm am Heck. Damit l\u00e4sst sich jeder Trail problemlos bew\u00e4ltigen. Dem Speed sind keine Grenzen gesetzt, denn die Geometrie setzt den Fokus auf Laufruhe und Stabilit\u00e4t.<\/p>\n<hr \/>\n<h2>Ausstattung<\/h2>\n<div class=\"product--properties panel has--border\">\n<table class=\"product--properties-table\">\n<tbody>\n<tr class=\"product--properties-row row1\">\n<td class=\"product--properties-label is--bold\">Rahmen:<\/td>\n<td class=\"product--properties-value\">SLIDE TRAIL AL 29, Maximale Reifenbreite: 2.4&#8243;, Flip Chip Technology, Schaltauge #10240<\/td>\n<\/tr>\n<tr class=\"product--properties-row row2\">\n<td class=\"product--properties-label is--bold\">Rahmenmaterial:<\/td>\n<td class=\"product--properties-value\">Aluminium<\/td>\n<\/tr>\n<tr class=\"product--properties-row row3\">\n<td class=\"product--properties-label is--bold\">Laufradgr\u00f6\u00dfe:<\/td>\n<td class=\"product--properties-value\">29&#8243;<\/td>\n<\/tr>\n<tr class=\"product--properties-row row4\">\n<td class=\"product--properties-label is--bold\">Farbe:<\/td>\n<td class=\"product--properties-value\">coolgray \/ coolgray<\/td>\n<\/tr>\n<tr class=\"product--properties-row row5\">\n<td class=\"product--properties-label is--bold\">Gabel:<\/td>\n<td class=\"product--properties-value\">Fox 36 Performance, FIT GRIP 3-Pos., Boost, Nachlauf: 44mm<\/td>\n<\/tr>\n<tr class=\"product--properties-row row6\">\n<td class=\"product--properties-label is--bold\">D\u00e4mpfer:<\/td>\n<td class=\"product--properties-value\">Fox Float DPS Performance, 3-Pos., EVOL LV (Einbauma\u00df: 185 x 55mm, Buchsenma\u00df: oben: Trunnion, unten: 8 x 22,2mm)<\/td>\n<\/tr>\n<tr class=\"product--properties-row row7\">\n<td class=\"product--properties-label is--bold\">Federweg:<\/td>\n<td class=\"product--properties-value\">150mm \/ 140mm<\/td>\n<\/tr>\n<tr class=\"product--properties-row row8\">\n<td class=\"product--properties-label is--bold\">Bremsen:<\/td>\n<td class=\"product--properties-value\">Magura MT5<\/td>\n<\/tr>\n<tr class=\"product--properties-row row9\">\n<td class=\"product--properties-label is--bold\">Bremsscheiben:<\/td>\n<td class=\"product--properties-value\">Magura Storm HC, 203\/180mm, 6-bolt<\/td>\n<\/tr>\n<tr class=\"product--properties-row row10\">\n<td class=\"product--properties-label is--bold\">Steuersatz:<\/td>\n<td class=\"product--properties-value\">VP, ZS44\/ZS56<\/td>\n<\/tr>\n<tr class=\"product--properties-row row11\">\n<td class=\"product--properties-label is--bold\">Vorbau:<\/td>\n<td class=\"product--properties-value\">Race Face \u00c6ffect R, \u00d835mm (16&#8243;: 40mm, 18&#8243;: 50mm, 20&#8243;: 50mm, 22&#8243;: 50mm)<\/td>\n<\/tr>\n<tr class=\"product--properties-row row12\">\n<td class=\"product--properties-label is--bold\">Lenker:<\/td>\n<td class=\"product--properties-value\">Race Face \u00c6ffect R, 35 x 780mm, 20mm rise<\/td>\n<\/tr>\n<tr class=\"product--properties-row row13\">\n<td class=\"product--properties-label is--bold\">Griffe:<\/td>\n<td class=\"product--properties-value\">SDG Thrice<\/td>\n<\/tr>\n<tr class=\"product--properties-row row14\">\n<td class=\"product--properties-label is--bold\">Sattel:<\/td>\n<td class=\"product--properties-value\">SDG Bel Air V3<\/td>\n<\/tr>\n<tr class=\"product--properties-row row15\">\n<td class=\"product--properties-label is--bold\">Sattelst\u00fctze:<\/td>\n<td class=\"product--properties-value\">Radon Competition Dropper, 31.6mm (16&#8243;: 125mm Hub, 18&#8243;: 150mm Hub, 20&#8243;: 150mm Hub, 22&#8243;: 150mm Hub)<\/td>\n<\/tr>\n<\/tbody>\n<\/table>\n<table class=\"product--properties-table\">\n<tbody>\n<tr class=\"product--properties-row row16\">\n<td class=\"product--properties-label is--bold\">Kurbel:<\/td>\n<td class=\"product--properties-value\">SRAM X1 1000 Eagle, DUB, 30T, Boost, 170mm<\/td>\n<\/tr>\n<tr class=\"product--properties-row row17\">\n<td class=\"product--properties-label is--bold\">Tretlager\/Innenlager:<\/td>\n<td class=\"product--properties-value\">SRAM DUB, Pressfit, 92mm<\/td>\n<\/tr>\n<tr class=\"product--properties-row row18\">\n<td class=\"product--properties-label is--bold\">Schaltwerk:<\/td>\n<td class=\"product--properties-value\">SRAM GX Eagle, 12-speed<\/td>\n<\/tr>\n<tr class=\"product--properties-row row19\">\n<td class=\"product--properties-label is--bold\">Schalthebel:<\/td>\n<td class=\"product--properties-value\">SRAM GX Eagle, Shiftmix<\/td>\n<\/tr>\n<tr class=\"product--properties-row row20\">\n<td class=\"product--properties-label is--bold\">Kettenf\u00fchrung:<\/td>\n<td class=\"product--properties-value\">MRP1X, ISCG05<\/td>\n<\/tr>\n<tr class=\"product--properties-row row21\">\n<td class=\"product--properties-label is--bold\">Kassette:<\/td>\n<td class=\"product--properties-value\">SRAM GX Eagle XG-1275, 10-52<\/td>\n<\/tr>\n<tr class=\"product--properties-row row22\">\n<td class=\"product--properties-label is--bold\">Kette:<\/td>\n<td class=\"product--properties-value\">Sram SX Eagle<\/td>\n<\/tr>\n<tr class=\"product--properties-row row23\">\n<td class=\"product--properties-label is--bold\">Reifen vorne:<\/td>\n<td class=\"product--properties-value\">Schwalbe Magic Mary, Addix-Soft, Super Trail, TLE, 29&#8243; x 2.4&#8243;<\/td>\n<\/tr>\n<tr class=\"product--properties-row row24\">\n<td class=\"product--properties-label is--bold\">Reifen hinten:<\/td>\n<td class=\"product--properties-value\">Schwalbe Big Betty, Addix-Soft, Super Trail, TLE, 29&#8243; x 2.4&#8243;<\/td>\n<\/tr>\n<tr class=\"product--properties-row row25\">\n<td class=\"product--properties-label is--bold\">Laufradsatz:<\/td>\n<td class=\"product--properties-value\">SUNringl\u00e9 D\u00fcroc 35 Expert, 31mm, 110\/148mm<\/td>\n<\/tr>\n<tr class=\"product--properties-row row26\">\n<td class=\"product--properties-label is--bold\">Pedale:<\/td>\n<td class=\"product--properties-value\">nicht im Lieferumfang enthalten<\/td>\n<\/tr>\n<tr class=\"product--properties-row row27\">\n<td class=\"product--properties-label is--bold\">Zul\u00e4ssiges Gesamtgewicht:<\/td>\n<td class=\"product--properties-value\">115 kg (K\u00f6rpergewicht + Fahrrad + Ausr\u00fcstung)<\/td>\n<\/tr>\n<tr class=\"product--properties-row row28\">\n<td class=\"product--properties-label is--bold\">Gewicht Komplettrad:<\/td>\n<td class=\"product--properties-value\">ab 15,10 kg<\/td>\n<\/tr>\n<\/tbody>\n<\/table>\n<\/div>\n<p>&nbsp;<\/p>\n<hr \/>\n<p class=\"product--description\"><img fetchpriority=\"high\" decoding=\"async\" title=\" BikeSize Slide Trail \" src=\"https:\/\/cd.bike-discount.de\/media\/image\/22\/b0\/b8\/bikesize_slidetrail.jpg\" alt=\"\" width=\"640\" height=\"401\" data-mid=\"618199\" data-src=\"media\/image\/bikesize_slidetrail.jpg\" \/><\/p>\n<p>Mit Hilfe unserer Grafik wollen wir Dir eine Empfehlung bei der Suche nach Deiner richtigen Rahmengr\u00f6\u00dfe geben. Neben Schrittl\u00e4nge sowie K\u00f6rpergr\u00f6\u00dfe spielt nat\u00fcrlich auch Dein pers\u00f6nlicher Fahrstil, Einsatzbereich sowie Vorliebe eine gro\u00dfe Rolle. Wenn Du mit Deinen Angaben im Grenzbereich liegen solltest, kannst Du zwischen zwei Rahmenh\u00f6hen w\u00e4hlen: die kleinere Rahmengr\u00f6\u00dfe ist agiler\/wendiger\/verspielter, die n\u00e4chstgr\u00f6\u00dfere Rahmenh\u00f6he laufruhiger\/spurtreuer und hat im Uphill die Nase vorn.<\/p>\n<hr \/>\n<p><iframe src=\"https:\/\/www.youtube-nocookie.com\/embed\/oBPFhqhzsGM\" width=\"640\" height=\"360\" frameborder=\"0\" allowfullscreen=\"allowfullscreen\" data-mce-fragment=\"1\"><\/iframe><\/p>","protected":false},"excerpt":{"rendered":"<div class=\"tab-menu--product js--tab-menu\">\n<div class=\"tab--container-list\">\n<div class=\"tab--container description has--content is--active\">\n<div class=\"tab--content box-description\">\n<div class=\"content--description\">\n<div class=\"ean-box\"><label>Modelljahr: <span style=\"font-size: 16px;\">2022<\/span><\/label><\/div>\n<\/div>\n<\/div>\n<\/div>\n<\/div>\n<\/div>\n<p><a class=\"rating-link-info--box\" name=\"product--publish-comment\"><\/a><\/p>\n<div id=\"detail--product-reviews\" class=\"content--product-reviews 123\"><\/div>","protected":false},"featured_media":63083,"comment_status":"open","ping_status":"closed","template":"","meta":{"_rtcl_gb_attr":""},"product_brand":[],"product_cat":[36,426,220],"product_tag":[],"class_list":{"0":"post-43946","1":"product","2":"type-product","3":"status-publish","4":"has-post-thumbnail","6":"product_cat-fahrrad","7":"product_cat-fullsuspension","8":"product_cat-mountainbike","9":"pa_marke-radon","11":"first","12":"instock","13":"sale","14":"taxable","15":"shipping-taxable","16":"purchasable","17":"product-type-variable"},"yoast_head":"<!-- This site is optimized with the Yoast SEO Premium plugin v20.12 (Yoast SEO v27.4) - https:\/\/yoast.com\/product\/yoast-seo-premium-wordpress\/ -->\n<title>Radon\u00a0Slide Trail AL 8.0<\/title>\n<meta name=\"description\" content=\"cioelectro.com bietet Ihnen das Radon\u00a0Slide Trail AL 8.0 zum besten Preis mit kostenlosem Versand in ganz EuropaRadon\u00a0Slide Trail AL 8.0Radon\u00a0Slide Trail AL 8.0\" \/>\n<meta name=\"robots\" content=\"index, follow, max-snippet:-1, max-image-preview:large, max-video-preview:-1\" \/>\n<link rel=\"canonical\" href=\"https:\/\/cioelectro.com\/en\/produkt\/radon-slide-trail-al-8-0\/\" \/>\n<meta property=\"og:locale\" content=\"en_US\" \/>\n<meta property=\"og:type\" content=\"article\" \/>\n<meta property=\"og:title\" content=\"Radon\u00a0Slide Trail AL 8.0\" \/>\n<meta property=\"og:description\" content=\"Entdecken Sie unseren Online-Fahrradladen: Gro\u00dfe Auswahl an Modellen f\u00fcr alle Radsportbegeisterten. Von Rennr\u00e4dern bis zu Mountainbikes - finden Sie heute Ihren perfekten Wegbegleiter!\" \/>\n<meta property=\"og:url\" content=\"https:\/\/cioelectro.com\/en\/produkt\/radon-slide-trail-al-8-0\/\" \/>\n<meta property=\"og:site_name\" content=\"cioelectro.com\" \/>\n<meta property=\"article:modified_time\" content=\"2023-08-11T06:18:23+00:00\" \/>\n<meta property=\"og:image\" content=\"https:\/\/cioelectro.com\/wp-content\/uploads\/2023\/06\/Radon-Slide-Trail-AL-8.0.jpg\" \/>\n\t<meta property=\"og:image:width\" content=\"800\" \/>\n\t<meta property=\"og:image:height\" content=\"533\" \/>\n\t<meta property=\"og:image:type\" content=\"image\/jpeg\" \/>\n<meta name=\"twitter:card\" content=\"summary_large_image\" \/>\n<meta name=\"twitter:label1\" content=\"Est. reading time\" \/>\n\t<meta name=\"twitter:data1\" content=\"5 minutes\" \/>\n<script type=\"application\/ld+json\" class=\"yoast-schema-graph\">{\"@context\":\"https:\\\/\\\/schema.org\",\"@graph\":[{\"@type\":\"WebPage\",\"@id\":\"https:\\\/\\\/cioelectro.com\\\/produkt\\\/radon-slide-trail-al-8-0\\\/\",\"url\":\"https:\\\/\\\/cioelectro.com\\\/produkt\\\/radon-slide-trail-al-8-0\\\/\",\"name\":\"Radon\u00a0Slide Trail AL 8.0\",\"isPartOf\":{\"@id\":\"https:\\\/\\\/cioelectro.com\\\/#website\"},\"primaryImageOfPage\":{\"@id\":\"https:\\\/\\\/cioelectro.com\\\/produkt\\\/radon-slide-trail-al-8-0\\\/#primaryimage\"},\"image\":{\"@id\":\"https:\\\/\\\/cioelectro.com\\\/produkt\\\/radon-slide-trail-al-8-0\\\/#primaryimage\"},\"thumbnailUrl\":\"https:\\\/\\\/cioelectro.com\\\/wp-content\\\/uploads\\\/2023\\\/06\\\/Radon-Slide-Trail-AL-8.0.jpg\",\"datePublished\":\"2022-11-24T14:50:10+00:00\",\"dateModified\":\"2023-08-11T06:18:23+00:00\",\"description\":\"cioelectro.com bietet Ihnen das Radon\u00a0Slide Trail AL 8.0 zum besten Preis mit kostenlosem Versand in ganz EuropaRadon\u00a0Slide Trail AL 8.0Radon\u00a0Slide Trail AL 8.0\",\"breadcrumb\":{\"@id\":\"https:\\\/\\\/cioelectro.com\\\/produkt\\\/radon-slide-trail-al-8-0\\\/#breadcrumb\"},\"inLanguage\":\"en-US\",\"potentialAction\":[{\"@type\":\"ReadAction\",\"target\":[\"https:\\\/\\\/cioelectro.com\\\/produkt\\\/radon-slide-trail-al-8-0\\\/\"]}]},{\"@type\":\"ImageObject\",\"inLanguage\":\"en-US\",\"@id\":\"https:\\\/\\\/cioelectro.com\\\/produkt\\\/radon-slide-trail-al-8-0\\\/#primaryimage\",\"url\":\"https:\\\/\\\/cioelectro.com\\\/wp-content\\\/uploads\\\/2023\\\/06\\\/Radon-Slide-Trail-AL-8.0.jpg\",\"contentUrl\":\"https:\\\/\\\/cioelectro.com\\\/wp-content\\\/uploads\\\/2023\\\/06\\\/Radon-Slide-Trail-AL-8.0.jpg\",\"width\":800,\"height\":533,\"caption\":\"Radon Slide Trail AL 8.0\"},{\"@type\":\"BreadcrumbList\",\"@id\":\"https:\\\/\\\/cioelectro.com\\\/produkt\\\/radon-slide-trail-al-8-0\\\/#breadcrumb\",\"itemListElement\":[{\"@type\":\"ListItem\",\"position\":1,\"name\":\"Startseite\",\"item\":\"https:\\\/\\\/cioelectro.com\\\/\"},{\"@type\":\"ListItem\",\"position\":2,\"name\":\"LADEN\",\"item\":\"https:\\\/\\\/cioelectro.com\\\/laden\\\/\"},{\"@type\":\"ListItem\",\"position\":3,\"name\":\"Radon\u00a0Slide Trail AL 8.0\"}]},{\"@type\":\"WebSite\",\"@id\":\"https:\\\/\\\/cioelectro.com\\\/#website\",\"url\":\"https:\\\/\\\/cioelectro.com\\\/\",\"name\":\"cioelectro.com\",\"description\":\"Treten Sie mit uns ins Abenteuer!\",\"publisher\":{\"@id\":\"https:\\\/\\\/cioelectro.com\\\/#organization\"},\"alternateName\":\"MEIN RADLADEN\",\"potentialAction\":[{\"@type\":\"SearchAction\",\"target\":{\"@type\":\"EntryPoint\",\"urlTemplate\":\"https:\\\/\\\/cioelectro.com\\\/?s={search_term_string}\"},\"query-input\":{\"@type\":\"PropertyValueSpecification\",\"valueRequired\":true,\"valueName\":\"search_term_string\"}}],\"inLanguage\":\"en-US\"},{\"@type\":\"Organization\",\"@id\":\"https:\\\/\\\/cioelectro.com\\\/#organization\",\"name\":\"CIOELECTRO\",\"alternateName\":\"MEIN RADLADEN\",\"url\":\"https:\\\/\\\/cioelectro.com\\\/\",\"logo\":{\"@type\":\"ImageObject\",\"inLanguage\":\"en-US\",\"@id\":\"https:\\\/\\\/cioelectro.com\\\/#\\\/schema\\\/logo\\\/image\\\/\",\"url\":\"https:\\\/\\\/cioelectro.com\\\/wp-content\\\/uploads\\\/2025\\\/12\\\/Logo-2-1200x800.png\",\"contentUrl\":\"https:\\\/\\\/cioelectro.com\\\/wp-content\\\/uploads\\\/2025\\\/12\\\/Logo-2-1200x800.png\",\"width\":1200,\"height\":800,\"caption\":\"CIOELECTRO\"},\"image\":{\"@id\":\"https:\\\/\\\/cioelectro.com\\\/#\\\/schema\\\/logo\\\/image\\\/\"}}]}<\/script>\n<!-- \/ Yoast SEO Premium plugin. -->","yoast_head_json":{"title":"Radon\u00a0Slide Trail AL 8.0","description":"cioelectro.com bietet Ihnen das Radon\u00a0Slide Trail AL 8.0 zum besten Preis mit kostenlosem Versand in ganz EuropaRadon\u00a0Slide Trail AL 8.0Radon\u00a0Slide Trail AL 8.0","robots":{"index":"index","follow":"follow","max-snippet":"max-snippet:-1","max-image-preview":"max-image-preview:large","max-video-preview":"max-video-preview:-1"},"canonical":"https:\/\/cioelectro.com\/en\/produkt\/radon-slide-trail-al-8-0\/","og_locale":"en_US","og_type":"article","og_title":"Radon\u00a0Slide Trail AL 8.0","og_description":"Entdecken Sie unseren Online-Fahrradladen: Gro\u00dfe Auswahl an Modellen f\u00fcr alle Radsportbegeisterten. Von Rennr\u00e4dern bis zu Mountainbikes - finden Sie heute Ihren perfekten Wegbegleiter!","og_url":"https:\/\/cioelectro.com\/en\/produkt\/radon-slide-trail-al-8-0\/","og_site_name":"cioelectro.com","article_modified_time":"2023-08-11T06:18:23+00:00","og_image":[{"width":800,"height":533,"url":"https:\/\/cioelectro.com\/wp-content\/uploads\/2023\/06\/Radon-Slide-Trail-AL-8.0.jpg","type":"image\/jpeg"}],"twitter_card":"summary_large_image","twitter_misc":{"Est. reading time":"5 minutes"},"schema":{"@context":"https:\/\/schema.org","@graph":[{"@type":"WebPage","@id":"https:\/\/cioelectro.com\/produkt\/radon-slide-trail-al-8-0\/","url":"https:\/\/cioelectro.com\/produkt\/radon-slide-trail-al-8-0\/","name":"Radon\u00a0Slide Trail AL 8.0","isPartOf":{"@id":"https:\/\/cioelectro.com\/#website"},"primaryImageOfPage":{"@id":"https:\/\/cioelectro.com\/produkt\/radon-slide-trail-al-8-0\/#primaryimage"},"image":{"@id":"https:\/\/cioelectro.com\/produkt\/radon-slide-trail-al-8-0\/#primaryimage"},"thumbnailUrl":"https:\/\/cioelectro.com\/wp-content\/uploads\/2023\/06\/Radon-Slide-Trail-AL-8.0.jpg","datePublished":"2022-11-24T14:50:10+00:00","dateModified":"2023-08-11T06:18:23+00:00","description":"cioelectro.com bietet Ihnen das Radon\u00a0Slide Trail AL 8.0 zum besten Preis mit kostenlosem Versand in ganz EuropaRadon\u00a0Slide Trail AL 8.0Radon\u00a0Slide Trail AL 8.0","breadcrumb":{"@id":"https:\/\/cioelectro.com\/produkt\/radon-slide-trail-al-8-0\/#breadcrumb"},"inLanguage":"en-US","potentialAction":[{"@type":"ReadAction","target":["https:\/\/cioelectro.com\/produkt\/radon-slide-trail-al-8-0\/"]}]},{"@type":"ImageObject","inLanguage":"en-US","@id":"https:\/\/cioelectro.com\/produkt\/radon-slide-trail-al-8-0\/#primaryimage","url":"https:\/\/cioelectro.com\/wp-content\/uploads\/2023\/06\/Radon-Slide-Trail-AL-8.0.jpg","contentUrl":"https:\/\/cioelectro.com\/wp-content\/uploads\/2023\/06\/Radon-Slide-Trail-AL-8.0.jpg","width":800,"height":533,"caption":"Radon Slide Trail AL 8.0"},{"@type":"BreadcrumbList","@id":"https:\/\/cioelectro.com\/produkt\/radon-slide-trail-al-8-0\/#breadcrumb","itemListElement":[{"@type":"ListItem","position":1,"name":"Startseite","item":"https:\/\/cioelectro.com\/"},{"@type":"ListItem","position":2,"name":"LADEN","item":"https:\/\/cioelectro.com\/laden\/"},{"@type":"ListItem","position":3,"name":"Radon\u00a0Slide Trail AL 8.0"}]},{"@type":"WebSite","@id":"https:\/\/cioelectro.com\/#website","url":"https:\/\/cioelectro.com\/","name":"cioelectro.com","description":"Treten Sie mit uns ins Abenteuer!","publisher":{"@id":"https:\/\/cioelectro.com\/#organization"},"alternateName":"MEIN RADLADEN","potentialAction":[{"@type":"SearchAction","target":{"@type":"EntryPoint","urlTemplate":"https:\/\/cioelectro.com\/?s={search_term_string}"},"query-input":{"@type":"PropertyValueSpecification","valueRequired":true,"valueName":"search_term_string"}}],"inLanguage":"en-US"},{"@type":"Organization","@id":"https:\/\/cioelectro.com\/#organization","name":"CIOELECTRO","alternateName":"MEIN RADLADEN","url":"https:\/\/cioelectro.com\/","logo":{"@type":"ImageObject","inLanguage":"en-US","@id":"https:\/\/cioelectro.com\/#\/schema\/logo\/image\/","url":"https:\/\/cioelectro.com\/wp-content\/uploads\/2025\/12\/Logo-2-1200x800.png","contentUrl":"https:\/\/cioelectro.com\/wp-content\/uploads\/2025\/12\/Logo-2-1200x800.png","width":1200,"height":800,"caption":"CIOELECTRO"},"image":{"@id":"https:\/\/cioelectro.com\/#\/schema\/logo\/image\/"}}]}},"_links":{"self":[{"href":"https:\/\/cioelectro.com\/en\/wp-json\/wp\/v2\/product\/43946","targetHints":{"allow":["GET"]}}],"collection":[{"href":"https:\/\/cioelectro.com\/en\/wp-json\/wp\/v2\/product"}],"about":[{"href":"https:\/\/cioelectro.com\/en\/wp-json\/wp\/v2\/types\/product"}],"replies":[{"embeddable":true,"href":"https:\/\/cioelectro.com\/en\/wp-json\/wp\/v2\/comments?post=43946"}],"version-history":[{"count":0,"href":"https:\/\/cioelectro.com\/en\/wp-json\/wp\/v2\/product\/43946\/revisions"}],"wp:featuredmedia":[{"embeddable":true,"href":"https:\/\/cioelectro.com\/en\/wp-json\/wp\/v2\/media\/63083"}],"wp:attachment":[{"href":"https:\/\/cioelectro.com\/en\/wp-json\/wp\/v2\/media?parent=43946"}],"wp:term":[{"taxonomy":"product_brand","embeddable":true,"href":"https:\/\/cioelectro.com\/en\/wp-json\/wp\/v2\/product_brand?post=43946"},{"taxonomy":"product_cat","embeddable":true,"href":"https:\/\/cioelectro.com\/en\/wp-json\/wp\/v2\/product_cat?post=43946"},{"taxonomy":"product_tag","embeddable":true,"href":"https:\/\/cioelectro.com\/en\/wp-json\/wp\/v2\/product_tag?post=43946"}],"curies":[{"name":"wp","href":"https:\/\/api.w.org\/{rel}","templated":true}]}}