{"id":43981,"date":"2022-11-24T16:11:41","date_gmt":"2022-11-24T15:11:41","guid":{"rendered":"https:\/\/meinradladen.com\/?post_type=product&#038;p=43981"},"modified":"2023-08-11T08:16:10","modified_gmt":"2023-08-11T06:16:10","slug":"draisin-kos-bosch-rt-400-lb-unisize-perlgruen-24-zoll","status":"publish","type":"product","link":"https:\/\/cioelectro.com\/en\/produkt\/draisin-kos-bosch-rt-400-lb-unisize-perlgruen-24-zoll\/","title":{"rendered":"Draisin Kos Bosch RT 400 LB | unisize | perlgr\u00fcn | 24 Zoll"},"content":{"rendered":"<h2 id=\"productTitle\" class=\"kmt-productmain-title\">Draisin Kos Bosch RT 400 LB | unisize | perlgr\u00fcn | 24 Zoll<\/h2>\n<div class=\"kmt-tablist-content is-opened\">\n<div class=\"kmt-tablist-content-inner\">\n<div id=\"description\" class=\"kmt-textblockwithbuttonlist\">\n<div class=\"kmt-textblockwithbuttonlist-textblock kmt-textblock\">\n<p>Das Draisin Kos Bosch Tiefeinsteiger-Komfortpedelec mit R\u00fccktrittbremse (RT), bietet sich ideal f\u00fcr kleinere oder unsichere Fahrradfahrer an. Dank des tiefen Einstieges und der 24 Zoll Laufr\u00e4der, bietet dir das Draisin Kos sofortigen Bodenkontakt. Somit musst du zum Beispiel an der Ampel, nicht mehr komplett absteigen und kannst das Draisin Kos Tiefeinstiegs-E-Bike sicher im Stand kontrollieren.<\/p>\n<p>Hier bekommst du das gro\u00dfe, gut ablesbare Bosch Intuvia Touren-Display, welches sich sch\u00f6n zentral am Lenker befindet. Der praktisch unter dem Gep\u00e4cktr\u00e4ger angebrachte 400 Wh Akku und der besonders kraftvolle Bosch Performance Line Motor (65 Nm) sind nat\u00fcrlich ebenfalls an Bord.<\/p>\n<p>Das bequeme Kos E-Bike bietet sich nicht nur f\u00fcr Senioren an, sondern erm\u00f6glicht dir auch bei geringen Bewegungseinschr\u00e4nkungen oder kleinen Unsicherheiten auf gro\u00dfen Fahrr\u00e4dern eine moderne, emissionslose Mobilit\u00e4t.<\/p>\n<h3>Details<\/h3>\n<ul>\n<li>besonders geeignet f\u00fcr Menschen mit geringer K\u00f6rpergr\u00f6\u00dfe, bei kleinen Fahrunsicherheiten, geringen Bewegungseinschr\u00e4nkungen oder Schwierigkeiten beim Auf- und Absteigen<\/li>\n<li>gut geeignet f\u00fcr Personen ab einer K\u00f6rpergr\u00f6\u00dfe von 150 cm<\/li>\n<li>unmittelbarer Bodenkontakt mit beiden F\u00fc\u00dfen<\/li>\n<li>max. Personengewicht: 100 kg<\/li>\n<\/ul>\n<\/div>\n<div class=\"kmt-textblockwithbuttonlist-buttonlist kmt-buttonlist kmt-buttonlist--display-inline-right kmt-buttonlist--layout-column\"><button class=\"kmt-btn kmt-btn--size-xl kmt-btn--type-darkbg kmt-btn--align-left kmt-btn--hideborder kmt-sizechart-btn\" data-init=\"kmt-modal\" data-guid=\"06a04319-3a9c-4010-8ca6-ee8d0397f8fc\"><i class=\"kmt-icon kmt-icon--groessenhelfer_beratung\"><\/i>Die richtige Gr\u00f6\u00dfe f\u00fcr dich<br \/>\n<small>Zum Rahmengr\u00f6\u00dfen-Rechner<\/small><\/button><button class=\"kmt-btn kmt-btn--size-xl kmt-btn--type-darkbg kmt-btn--align-left kmt-btn--hideborder\" data-init=\"kmt-modal\" data-guid=\"8b898c95-85aa-4923-95b9-9ec09e1b3d3c\"><i class=\"kmt-icon kmt-icon--pick-up-service\"><\/i>So kommt dein Fahrrad<br \/>\n<small>Mehr \u00fcber diesen Service<\/small><\/button><\/div>\n<\/div>\n<\/div>\n<\/div>\n<div class=\"kmt-tablist-content\">\n<h2>SPEZIFIKATION<\/h2>\n<div class=\"kmt-tablist-content-inner\">\n<div id=\"attributes\">\n<div class=\"kmt-stackedfeed kmt-attr-wrapper\">\n<div class=\"kmt-attr-column\">\n<div class=\"kmt-attrgrp\">\n<h4 class=\"kmt-attrgrp-title\">ANTRIEB<\/h4>\n<table class=\"attributes table table-striped\">\n<tbody>\n<tr class=\"kmt-attrgrp-item\">\n<td class=\"kmt-attrgrp-itemtitle\">Laufradgr\u00f6\u00dfe<\/td>\n<td class=\"kmt-attrgrp-value\" data-title=\"Laufradgr\u00f6\u00dfe\">24 Zoll<\/td>\n<\/tr>\n<tr class=\"kmt-attrgrp-item\">\n<td class=\"kmt-attrgrp-itemtitle\">Reifen<\/td>\n<td class=\"kmt-attrgrp-value\" data-title=\"Reifen\">Schwalbe Qualit\u00e4tsbereifung<\/td>\n<\/tr>\n<tr class=\"kmt-attrgrp-item\">\n<td class=\"kmt-attrgrp-itemtitle\">Felgen<\/td>\n<td class=\"kmt-attrgrp-value\" data-title=\"Felgen\">Ryde Hohlkammer<\/td>\n<\/tr>\n<tr class=\"kmt-attrgrp-item\">\n<td class=\"kmt-attrgrp-itemtitle\">Nabe hinten<\/td>\n<td class=\"kmt-attrgrp-value\" data-title=\"Nabe hinten\">Shimano Nexus 7 R\u00fccktritt<\/td>\n<\/tr>\n<tr class=\"kmt-attrgrp-item\">\n<td class=\"kmt-attrgrp-itemtitle\">Kurbelsatz<\/td>\n<td class=\"kmt-attrgrp-value\" data-title=\"Kurbelsatz\">Mijnen Pieper<\/td>\n<\/tr>\n<tr class=\"kmt-attrgrp-item\">\n<td class=\"kmt-attrgrp-itemtitle\">Kette<\/td>\n<td class=\"kmt-attrgrp-value\" data-title=\"Kette\">KMC Kette<\/td>\n<\/tr>\n<\/tbody>\n<\/table>\n<\/div>\n<div class=\"kmt-attrgrp\">\n<h4 class=\"kmt-attrgrp-title\">E-BIKE SYSTEM<\/h4>\n<table class=\"attributes table table-striped\">\n<tbody>\n<tr class=\"kmt-attrgrp-item\">\n<td class=\"kmt-attrgrp-itemtitle\">Akkutyp<\/td>\n<td class=\"kmt-attrgrp-value\" data-title=\"Akkutyp\">Bosch Powerpack 400<\/td>\n<\/tr>\n<tr class=\"kmt-attrgrp-item\">\n<td class=\"kmt-attrgrp-itemtitle\">Motor<\/td>\n<td class=\"kmt-attrgrp-value\" data-title=\"Motor\">Bosch Performance Line, 250 W<\/td>\n<\/tr>\n<tr class=\"kmt-attrgrp-item\">\n<td class=\"kmt-attrgrp-itemtitle\">Akku-Leistung<\/td>\n<td class=\"kmt-attrgrp-value\" data-title=\"Akku-Leistung\">400 Wh<\/td>\n<\/tr>\n<tr class=\"kmt-attrgrp-item\">\n<td class=\"kmt-attrgrp-itemtitle\">Display<\/td>\n<td class=\"kmt-attrgrp-value\" data-title=\"Display\">Bosch Intuvia; gro\u00dfes Display; auch bei Sonnenlicht gut ablesbar; separate Bedieneinheit; Schaltempfehlung; USB-Anschluss; Schiebehilfe<\/td>\n<\/tr>\n<tr class=\"kmt-attrgrp-item\">\n<td class=\"kmt-attrgrp-itemtitle\">Ladeger\u00e4t<\/td>\n<td class=\"kmt-attrgrp-value\" data-title=\"Ladeger\u00e4t\">Bosch 4A<\/td>\n<\/tr>\n<\/tbody>\n<\/table>\n<\/div>\n<div class=\"kmt-attrgrp\">\n<h4 class=\"kmt-attrgrp-title\">SCHALTUNG<\/h4>\n<table class=\"attributes table table-striped\">\n<tbody>\n<tr class=\"kmt-attrgrp-item\">\n<td class=\"kmt-attrgrp-itemtitle\">Schaltungsart<\/td>\n<td class=\"kmt-attrgrp-value\" data-title=\"Schaltungsart\">Nabenschaltung R\u00fccktritt<\/td>\n<\/tr>\n<tr class=\"kmt-attrgrp-item\">\n<td class=\"kmt-attrgrp-itemtitle\">Ganganzahl<\/td>\n<td class=\"kmt-attrgrp-value\" data-title=\"Ganganzahl\">7<\/td>\n<\/tr>\n<tr class=\"kmt-attrgrp-item\">\n<td class=\"kmt-attrgrp-itemtitle\">Schalthebel<\/td>\n<td class=\"kmt-attrgrp-value\" data-title=\"Schalthebel\">Drehgriff Shimano<\/td>\n<\/tr>\n<\/tbody>\n<\/table>\n<\/div>\n<div class=\"kmt-attrgrp\">\n<h4 class=\"kmt-attrgrp-title\">BREMSANLAGE<\/h4>\n<table class=\"attributes table table-striped\">\n<tbody>\n<tr class=\"kmt-attrgrp-item\">\n<td class=\"kmt-attrgrp-itemtitle\">Bremstyp<\/td>\n<td class=\"kmt-attrgrp-value\" data-title=\"Bremstyp\">hydraulische Felgenbremse<\/td>\n<\/tr>\n<tr class=\"kmt-attrgrp-item\">\n<td class=\"kmt-attrgrp-itemtitle\">Bremse<\/td>\n<td class=\"kmt-attrgrp-value\" data-title=\"Bremse\">Magura HS 11<\/td>\n<\/tr>\n<\/tbody>\n<\/table>\n<\/div>\n<\/div>\n<div class=\"kmt-attr-column\">\n<div class=\"kmt-attrgrp\">\n<h4 class=\"kmt-attrgrp-title\">RAHMEN<\/h4>\n<table class=\"attributes table table-striped\">\n<tbody>\n<tr class=\"kmt-attrgrp-item\">\n<td class=\"kmt-attrgrp-itemtitle\">Rahmenform<\/td>\n<td class=\"kmt-attrgrp-value\" data-title=\"Rahmenform\">Tiefeinstieg \/ Wave<\/td>\n<\/tr>\n<tr class=\"kmt-attrgrp-item\">\n<td class=\"kmt-attrgrp-itemtitle\">Rahmenmaterial<\/td>\n<td class=\"kmt-attrgrp-value\" data-title=\"Rahmenmaterial\">Aluminium<\/td>\n<\/tr>\n<tr class=\"kmt-attrgrp-item\">\n<td class=\"kmt-attrgrp-itemtitle\">Gabel<\/td>\n<td class=\"kmt-attrgrp-value\" data-title=\"Gabel\">RST Capa Federgabel 24<\/td>\n<\/tr>\n<\/tbody>\n<\/table>\n<\/div>\n<div class=\"kmt-attrgrp\">\n<h4 class=\"kmt-attrgrp-title\">KONTAKTPUNKTE<\/h4>\n<table class=\"attributes table table-striped\">\n<tbody>\n<tr class=\"kmt-attrgrp-item\">\n<td class=\"kmt-attrgrp-itemtitle\">Lenker<\/td>\n<td class=\"kmt-attrgrp-value\" data-title=\"Lenker\">Humpert<\/td>\n<\/tr>\n<tr class=\"kmt-attrgrp-item\">\n<td class=\"kmt-attrgrp-itemtitle\">Vorbau<\/td>\n<td class=\"kmt-attrgrp-value\" data-title=\"Vorbau\">Humpert<\/td>\n<\/tr>\n<tr class=\"kmt-attrgrp-item\">\n<td class=\"kmt-attrgrp-itemtitle\">Sattel<\/td>\n<td class=\"kmt-attrgrp-value\" data-title=\"Sattel\">B\u00fcchel<\/td>\n<\/tr>\n<tr class=\"kmt-attrgrp-item\">\n<td class=\"kmt-attrgrp-itemtitle\">Sattelst\u00fctze<\/td>\n<td class=\"kmt-attrgrp-value\" data-title=\"Sattelst\u00fctze\">Draisin 25,4 mm<\/td>\n<\/tr>\n<\/tbody>\n<\/table>\n<\/div>\n<div class=\"kmt-attrgrp\">\n<h4 class=\"kmt-attrgrp-title\">STRASSENAUSSTATTUN<\/h4>\n<table class=\"attributes table table-striped\">\n<tbody>\n<tr class=\"kmt-attrgrp-item\">\n<td class=\"kmt-attrgrp-itemtitle\">Stra\u00dfenausstattung<\/td>\n<td class=\"kmt-attrgrp-value\" data-title=\"Stra\u00dfenausstattung\">ja<\/td>\n<\/tr>\n<tr class=\"kmt-attrgrp-item\">\n<td class=\"kmt-attrgrp-itemtitle\">Scheinwerfer<\/td>\n<td class=\"kmt-attrgrp-value\" data-title=\"Scheinwerfer\">Herrmanns<\/td>\n<\/tr>\n<tr class=\"kmt-attrgrp-item\">\n<td class=\"kmt-attrgrp-itemtitle\">R\u00fccklicht<\/td>\n<td class=\"kmt-attrgrp-value\" data-title=\"R\u00fccklicht\">Herrmanns<\/td>\n<\/tr>\n<tr class=\"kmt-attrgrp-item\">\n<td class=\"kmt-attrgrp-itemtitle\">Schutzbleche<\/td>\n<td class=\"kmt-attrgrp-value\" data-title=\"Schutzbleche\">SKS<\/td>\n<\/tr>\n<\/tbody>\n<\/table>\n<\/div>\n<div class=\"kmt-attrgrp\">\n<h4 class=\"kmt-attrgrp-title\">SONSTIGE INFORMATIONEN<\/h4>\n<table class=\"attributes table table-striped\">\n<tbody>\n<tr class=\"kmt-attrgrp-item\">\n<td class=\"kmt-attrgrp-itemtitle\">Typ<\/td>\n<td class=\"kmt-attrgrp-value\" data-title=\"Typ\">unisex<\/td>\n<\/tr>\n<tr class=\"kmt-attrgrp-item\">\n<td class=\"kmt-attrgrp-itemtitle\">Gewicht<\/td>\n<td class=\"kmt-attrgrp-value\" data-title=\"Gewicht\">30<\/td>\n<\/tr>\n<tr class=\"kmt-attrgrp-item\">\n<td class=\"kmt-attrgrp-itemtitle\">Sonstiges<\/td>\n<td class=\"kmt-attrgrp-value\" data-title=\"Sonstiges\">zul\u00e4ssiges Benutzergewicht 100 kg<\/td>\n<\/tr>\n<\/tbody>\n<\/table>\n<\/div>\n<h4 class=\"kmt-attrgrp-title\">MARKE<\/h4>\n<div class=\"kmt-tablist-content-inner\">\n<div id=\"brand_details\" class=\"kmt-branddetail\">\n<div class=\"kmt-branddetail-text\">\n<p>Die Marke Drainsin bietet Ihnen hochwertige Spezialanfertigungen und besondere Fahrr\u00e4der. Entdecken Sie Spezialr\u00e4der f\u00fcr Senioren und Menschen mit k\u00f6rperlichen Einschr\u00e4nkungen.<\/p>\n<\/div>\n<\/div>\n<\/div>\n<\/div>\n<\/div>\n<\/div>\n<\/div>\n<\/div>","protected":false},"excerpt":{"rendered":"<p>Draisin Kos Bosch RT 400 LB | unisize | perlgr\u00fcn | 24 Zoll Das Draisin Kos Bosch Tiefeinsteiger-Komfortpedelec mit R\u00fccktrittbremse<\/p>","protected":false},"featured_media":63091,"comment_status":"open","ping_status":"closed","template":"","meta":{"_rtcl_gb_attr":""},"product_brand":[],"product_cat":[33,34],"product_tag":[],"class_list":{"0":"post-43981","1":"product","2":"type-product","3":"status-publish","4":"has-post-thumbnail","6":"product_cat-e-bike","7":"product_cat-e-bike-city-urban","8":"pa_marke-draisin","10":"first","11":"instock","12":"sale","13":"taxable","14":"shipping-taxable","15":"purchasable","16":"product-type-variable"},"yoast_head":"<!-- This site is optimized with the Yoast SEO Premium plugin v20.12 (Yoast SEO v27.4) - https:\/\/yoast.com\/product\/yoast-seo-premium-wordpress\/ -->\n<title>Draisin Kos Bosch RT 400 LB | unisize | perlgr\u00fcn | 24 Zoll<\/title>\n<meta name=\"description\" content=\"Entdecken Sie unseren Online-Fahrradladen: Gro\u00dfe Auswahl an Modellen f\u00fcr alle Radsportbegeisterten. Von Rennr\u00e4dern bis zu Mountainbikes - finden Sie heute Ihren perfekten Wegbegleiter!\" \/>\n<meta name=\"robots\" content=\"index, follow, max-snippet:-1, max-image-preview:large, max-video-preview:-1\" \/>\n<link rel=\"canonical\" href=\"https:\/\/cioelectro.com\/en\/produkt\/draisin-kos-bosch-rt-400-lb-unisize-perlgruen-24-zoll\/\" \/>\n<meta property=\"og:locale\" content=\"en_US\" \/>\n<meta property=\"og:type\" content=\"article\" \/>\n<meta property=\"og:title\" content=\"Draisin Kos Bosch RT 400 LB | unisize | perlgr\u00fcn | 24 Zoll\" \/>\n<meta property=\"og:description\" content=\"Entdecken Sie unseren Online-Fahrradladen: Gro\u00dfe Auswahl an Modellen f\u00fcr alle Radsportbegeisterten. Von Rennr\u00e4dern bis zu Mountainbikes - finden Sie heute Ihren perfekten Wegbegleiter!\" \/>\n<meta property=\"og:url\" content=\"https:\/\/cioelectro.com\/en\/produkt\/draisin-kos-bosch-rt-400-lb-unisize-perlgruen-24-zoll\/\" \/>\n<meta property=\"og:site_name\" content=\"cioelectro.com\" \/>\n<meta property=\"article:modified_time\" content=\"2023-08-11T06:16:10+00:00\" \/>\n<meta property=\"og:image\" content=\"https:\/\/cioelectro.com\/wp-content\/uploads\/2023\/06\/draisin-kos-bosch-rt-400-lb-perlgruen-85790-01.jpg\" \/>\n\t<meta property=\"og:image:width\" content=\"754\" \/>\n\t<meta property=\"og:image:height\" content=\"520\" \/>\n\t<meta property=\"og:image:type\" content=\"image\/jpeg\" \/>\n<meta name=\"twitter:card\" content=\"summary_large_image\" \/>\n<meta name=\"twitter:label1\" content=\"Est. reading time\" \/>\n\t<meta name=\"twitter:data1\" content=\"2 minutes\" \/>\n<script type=\"application\/ld+json\" class=\"yoast-schema-graph\">{\"@context\":\"https:\\\/\\\/schema.org\",\"@graph\":[{\"@type\":\"WebPage\",\"@id\":\"https:\\\/\\\/cioelectro.com\\\/produkt\\\/draisin-kos-bosch-rt-400-lb-unisize-perlgruen-24-zoll\\\/\",\"url\":\"https:\\\/\\\/cioelectro.com\\\/produkt\\\/draisin-kos-bosch-rt-400-lb-unisize-perlgruen-24-zoll\\\/\",\"name\":\"Draisin Kos Bosch RT 400 LB | unisize | perlgr\u00fcn | 24 Zoll\",\"isPartOf\":{\"@id\":\"https:\\\/\\\/cioelectro.com\\\/#website\"},\"primaryImageOfPage\":{\"@id\":\"https:\\\/\\\/cioelectro.com\\\/produkt\\\/draisin-kos-bosch-rt-400-lb-unisize-perlgruen-24-zoll\\\/#primaryimage\"},\"image\":{\"@id\":\"https:\\\/\\\/cioelectro.com\\\/produkt\\\/draisin-kos-bosch-rt-400-lb-unisize-perlgruen-24-zoll\\\/#primaryimage\"},\"thumbnailUrl\":\"https:\\\/\\\/cioelectro.com\\\/wp-content\\\/uploads\\\/2023\\\/06\\\/draisin-kos-bosch-rt-400-lb-perlgruen-85790-01.jpg\",\"datePublished\":\"2022-11-24T15:11:41+00:00\",\"dateModified\":\"2023-08-11T06:16:10+00:00\",\"description\":\"Entdecken Sie unseren Online-Fahrradladen: Gro\u00dfe Auswahl an Modellen f\u00fcr alle Radsportbegeisterten. Von Rennr\u00e4dern bis zu Mountainbikes - finden Sie heute Ihren perfekten Wegbegleiter!\",\"breadcrumb\":{\"@id\":\"https:\\\/\\\/cioelectro.com\\\/produkt\\\/draisin-kos-bosch-rt-400-lb-unisize-perlgruen-24-zoll\\\/#breadcrumb\"},\"inLanguage\":\"en-US\",\"potentialAction\":[{\"@type\":\"ReadAction\",\"target\":[\"https:\\\/\\\/cioelectro.com\\\/produkt\\\/draisin-kos-bosch-rt-400-lb-unisize-perlgruen-24-zoll\\\/\"]}]},{\"@type\":\"ImageObject\",\"inLanguage\":\"en-US\",\"@id\":\"https:\\\/\\\/cioelectro.com\\\/produkt\\\/draisin-kos-bosch-rt-400-lb-unisize-perlgruen-24-zoll\\\/#primaryimage\",\"url\":\"https:\\\/\\\/cioelectro.com\\\/wp-content\\\/uploads\\\/2023\\\/06\\\/draisin-kos-bosch-rt-400-lb-perlgruen-85790-01.jpg\",\"contentUrl\":\"https:\\\/\\\/cioelectro.com\\\/wp-content\\\/uploads\\\/2023\\\/06\\\/draisin-kos-bosch-rt-400-lb-perlgruen-85790-01.jpg\",\"width\":754,\"height\":520,\"caption\":\"Draisin Kos Bosch RT 400 LB\"},{\"@type\":\"BreadcrumbList\",\"@id\":\"https:\\\/\\\/cioelectro.com\\\/produkt\\\/draisin-kos-bosch-rt-400-lb-unisize-perlgruen-24-zoll\\\/#breadcrumb\",\"itemListElement\":[{\"@type\":\"ListItem\",\"position\":1,\"name\":\"Startseite\",\"item\":\"https:\\\/\\\/cioelectro.com\\\/\"},{\"@type\":\"ListItem\",\"position\":2,\"name\":\"LADEN\",\"item\":\"https:\\\/\\\/cioelectro.com\\\/laden\\\/\"},{\"@type\":\"ListItem\",\"position\":3,\"name\":\"Draisin Kos Bosch RT 400 LB | unisize | perlgr\u00fcn | 24 Zoll\"}]},{\"@type\":\"WebSite\",\"@id\":\"https:\\\/\\\/cioelectro.com\\\/#website\",\"url\":\"https:\\\/\\\/cioelectro.com\\\/\",\"name\":\"cioelectro.com\",\"description\":\"Treten Sie mit uns ins Abenteuer!\",\"publisher\":{\"@id\":\"https:\\\/\\\/cioelectro.com\\\/#organization\"},\"alternateName\":\"MEIN RADLADEN\",\"potentialAction\":[{\"@type\":\"SearchAction\",\"target\":{\"@type\":\"EntryPoint\",\"urlTemplate\":\"https:\\\/\\\/cioelectro.com\\\/?s={search_term_string}\"},\"query-input\":{\"@type\":\"PropertyValueSpecification\",\"valueRequired\":true,\"valueName\":\"search_term_string\"}}],\"inLanguage\":\"en-US\"},{\"@type\":\"Organization\",\"@id\":\"https:\\\/\\\/cioelectro.com\\\/#organization\",\"name\":\"CIOELECTRO\",\"alternateName\":\"MEIN RADLADEN\",\"url\":\"https:\\\/\\\/cioelectro.com\\\/\",\"logo\":{\"@type\":\"ImageObject\",\"inLanguage\":\"en-US\",\"@id\":\"https:\\\/\\\/cioelectro.com\\\/#\\\/schema\\\/logo\\\/image\\\/\",\"url\":\"https:\\\/\\\/cioelectro.com\\\/wp-content\\\/uploads\\\/2025\\\/12\\\/Logo-2-1200x800.png\",\"contentUrl\":\"https:\\\/\\\/cioelectro.com\\\/wp-content\\\/uploads\\\/2025\\\/12\\\/Logo-2-1200x800.png\",\"width\":1200,\"height\":800,\"caption\":\"CIOELECTRO\"},\"image\":{\"@id\":\"https:\\\/\\\/cioelectro.com\\\/#\\\/schema\\\/logo\\\/image\\\/\"}}]}<\/script>\n<!-- \/ Yoast SEO Premium plugin. -->","yoast_head_json":{"title":"Draisin Kos Bosch RT 400 LB | unisize | perlgr\u00fcn | 24 Zoll","description":"Entdecken Sie unseren Online-Fahrradladen: Gro\u00dfe Auswahl an Modellen f\u00fcr alle Radsportbegeisterten. Von Rennr\u00e4dern bis zu Mountainbikes - finden Sie heute Ihren perfekten Wegbegleiter!","robots":{"index":"index","follow":"follow","max-snippet":"max-snippet:-1","max-image-preview":"max-image-preview:large","max-video-preview":"max-video-preview:-1"},"canonical":"https:\/\/cioelectro.com\/en\/produkt\/draisin-kos-bosch-rt-400-lb-unisize-perlgruen-24-zoll\/","og_locale":"en_US","og_type":"article","og_title":"Draisin Kos Bosch RT 400 LB | unisize | perlgr\u00fcn | 24 Zoll","og_description":"Entdecken Sie unseren Online-Fahrradladen: Gro\u00dfe Auswahl an Modellen f\u00fcr alle Radsportbegeisterten. Von Rennr\u00e4dern bis zu Mountainbikes - finden Sie heute Ihren perfekten Wegbegleiter!","og_url":"https:\/\/cioelectro.com\/en\/produkt\/draisin-kos-bosch-rt-400-lb-unisize-perlgruen-24-zoll\/","og_site_name":"cioelectro.com","article_modified_time":"2023-08-11T06:16:10+00:00","og_image":[{"width":754,"height":520,"url":"https:\/\/cioelectro.com\/wp-content\/uploads\/2023\/06\/draisin-kos-bosch-rt-400-lb-perlgruen-85790-01.jpg","type":"image\/jpeg"}],"twitter_card":"summary_large_image","twitter_misc":{"Est. reading time":"2 minutes"},"schema":{"@context":"https:\/\/schema.org","@graph":[{"@type":"WebPage","@id":"https:\/\/cioelectro.com\/produkt\/draisin-kos-bosch-rt-400-lb-unisize-perlgruen-24-zoll\/","url":"https:\/\/cioelectro.com\/produkt\/draisin-kos-bosch-rt-400-lb-unisize-perlgruen-24-zoll\/","name":"Draisin Kos Bosch RT 400 LB | unisize | perlgr\u00fcn | 24 Zoll","isPartOf":{"@id":"https:\/\/cioelectro.com\/#website"},"primaryImageOfPage":{"@id":"https:\/\/cioelectro.com\/produkt\/draisin-kos-bosch-rt-400-lb-unisize-perlgruen-24-zoll\/#primaryimage"},"image":{"@id":"https:\/\/cioelectro.com\/produkt\/draisin-kos-bosch-rt-400-lb-unisize-perlgruen-24-zoll\/#primaryimage"},"thumbnailUrl":"https:\/\/cioelectro.com\/wp-content\/uploads\/2023\/06\/draisin-kos-bosch-rt-400-lb-perlgruen-85790-01.jpg","datePublished":"2022-11-24T15:11:41+00:00","dateModified":"2023-08-11T06:16:10+00:00","description":"Entdecken Sie unseren Online-Fahrradladen: Gro\u00dfe Auswahl an Modellen f\u00fcr alle Radsportbegeisterten. Von Rennr\u00e4dern bis zu Mountainbikes - finden Sie heute Ihren perfekten Wegbegleiter!","breadcrumb":{"@id":"https:\/\/cioelectro.com\/produkt\/draisin-kos-bosch-rt-400-lb-unisize-perlgruen-24-zoll\/#breadcrumb"},"inLanguage":"en-US","potentialAction":[{"@type":"ReadAction","target":["https:\/\/cioelectro.com\/produkt\/draisin-kos-bosch-rt-400-lb-unisize-perlgruen-24-zoll\/"]}]},{"@type":"ImageObject","inLanguage":"en-US","@id":"https:\/\/cioelectro.com\/produkt\/draisin-kos-bosch-rt-400-lb-unisize-perlgruen-24-zoll\/#primaryimage","url":"https:\/\/cioelectro.com\/wp-content\/uploads\/2023\/06\/draisin-kos-bosch-rt-400-lb-perlgruen-85790-01.jpg","contentUrl":"https:\/\/cioelectro.com\/wp-content\/uploads\/2023\/06\/draisin-kos-bosch-rt-400-lb-perlgruen-85790-01.jpg","width":754,"height":520,"caption":"Draisin Kos Bosch RT 400 LB"},{"@type":"BreadcrumbList","@id":"https:\/\/cioelectro.com\/produkt\/draisin-kos-bosch-rt-400-lb-unisize-perlgruen-24-zoll\/#breadcrumb","itemListElement":[{"@type":"ListItem","position":1,"name":"Startseite","item":"https:\/\/cioelectro.com\/"},{"@type":"ListItem","position":2,"name":"LADEN","item":"https:\/\/cioelectro.com\/laden\/"},{"@type":"ListItem","position":3,"name":"Draisin Kos Bosch RT 400 LB | unisize | perlgr\u00fcn | 24 Zoll"}]},{"@type":"WebSite","@id":"https:\/\/cioelectro.com\/#website","url":"https:\/\/cioelectro.com\/","name":"cioelectro.com","description":"Treten Sie mit uns ins Abenteuer!","publisher":{"@id":"https:\/\/cioelectro.com\/#organization"},"alternateName":"MEIN RADLADEN","potentialAction":[{"@type":"SearchAction","target":{"@type":"EntryPoint","urlTemplate":"https:\/\/cioelectro.com\/?s={search_term_string}"},"query-input":{"@type":"PropertyValueSpecification","valueRequired":true,"valueName":"search_term_string"}}],"inLanguage":"en-US"},{"@type":"Organization","@id":"https:\/\/cioelectro.com\/#organization","name":"CIOELECTRO","alternateName":"MEIN RADLADEN","url":"https:\/\/cioelectro.com\/","logo":{"@type":"ImageObject","inLanguage":"en-US","@id":"https:\/\/cioelectro.com\/#\/schema\/logo\/image\/","url":"https:\/\/cioelectro.com\/wp-content\/uploads\/2025\/12\/Logo-2-1200x800.png","contentUrl":"https:\/\/cioelectro.com\/wp-content\/uploads\/2025\/12\/Logo-2-1200x800.png","width":1200,"height":800,"caption":"CIOELECTRO"},"image":{"@id":"https:\/\/cioelectro.com\/#\/schema\/logo\/image\/"}}]}},"_links":{"self":[{"href":"https:\/\/cioelectro.com\/en\/wp-json\/wp\/v2\/product\/43981","targetHints":{"allow":["GET"]}}],"collection":[{"href":"https:\/\/cioelectro.com\/en\/wp-json\/wp\/v2\/product"}],"about":[{"href":"https:\/\/cioelectro.com\/en\/wp-json\/wp\/v2\/types\/product"}],"replies":[{"embeddable":true,"href":"https:\/\/cioelectro.com\/en\/wp-json\/wp\/v2\/comments?post=43981"}],"version-history":[{"count":0,"href":"https:\/\/cioelectro.com\/en\/wp-json\/wp\/v2\/product\/43981\/revisions"}],"wp:featuredmedia":[{"embeddable":true,"href":"https:\/\/cioelectro.com\/en\/wp-json\/wp\/v2\/media\/63091"}],"wp:attachment":[{"href":"https:\/\/cioelectro.com\/en\/wp-json\/wp\/v2\/media?parent=43981"}],"wp:term":[{"taxonomy":"product_brand","embeddable":true,"href":"https:\/\/cioelectro.com\/en\/wp-json\/wp\/v2\/product_brand?post=43981"},{"taxonomy":"product_cat","embeddable":true,"href":"https:\/\/cioelectro.com\/en\/wp-json\/wp\/v2\/product_cat?post=43981"},{"taxonomy":"product_tag","embeddable":true,"href":"https:\/\/cioelectro.com\/en\/wp-json\/wp\/v2\/product_tag?post=43981"}],"curies":[{"name":"wp","href":"https:\/\/api.w.org\/{rel}","templated":true}]}}