{"id":44118,"date":"2022-11-24T19:13:45","date_gmt":"2022-11-24T18:13:45","guid":{"rendered":"https:\/\/meinradladen.com\/?post_type=product&#038;p=44118"},"modified":"2023-08-11T08:12:07","modified_gmt":"2023-08-11T06:12:07","slug":"newmen-advanced-sl-x-a-25-29-boost-hinterrad","status":"publish","type":"product","link":"https:\/\/cioelectro.com\/en\/produkt\/newmen-advanced-sl-x-a-25-29-boost-hinterrad\/","title":{"rendered":"Newmen Advanced SL X.A.25 29&#8243; Boost Hinterrad"},"content":{"rendered":"<div class=\"product--headername\">\n<h2 class=\"product--title\"><strong>Newmen<\/strong> Advanced SL X.A.25 29&#8243; Boost Hinterrad<\/h2>\n<\/div>\n<p>Die Newmen Advanced SL optimale Balance aus Gewicht, Steifigkeit und Komfort ist der Garant f\u00fcr einen extrem schnelles XC Laufrad wie das Advanced SL X.A.25. Trotz seines geringen Gewicht gl\u00e4nzt dieses Laufrad mit bester Haltbarkeit. Die neue Newmen Nabengeneration sorgt mit dem sehrleisen Fade Freilauf zus\u00e4tzlich f\u00fcr ein bisher unbekanntes Fahrgef\u00fchl und maximale Ausfallsicherheit.<\/p>\n<h2>Minimales Gewicht, maximale Performance: das Advanced SL X.A.25 Laufrad von Newmen<\/h2>\n<p>NEWMEN Advanced SL X.A.25 und X.A.30 nennen sich die Weiterentwicklungen der beliebten und bew\u00e4hrten Advanced SL X.22 Carbonfelge. Ziel war es, m\u00f6glichst schnelle Laufrads\u00e4tze und Felgen f\u00fcr den XC- und Marathon Einsatz zu kreieren. Ein wichtiger Faktor auf der Jagd nach Sekunden ist die richtige Felgenbreite. Diese ist Voraussetzung f\u00fcr m\u00f6glichst geringe Luftdr\u00fccke, welche f\u00fcr viel Grip bei geringem Rollwiderstand sorgen, ohne dass der Reifen in Kurven unangenehm walkt, oder dass Durchschl\u00e4ge riskiert werden.<\/p>\n<p>Daher gibt es f\u00fcr die X.22 Felge nicht einen, sondern zwei Nachfolger. Auf allen Testfahrten haben sich die 25mm Innenbreite f\u00fcr Reifen bis 2,20&#8243; und die 30mm Innenbreite f\u00fcr Reifen ab 2,25&#8243; als ideal herausgestellt. Durch optimierte Wandst\u00e4rken rund um die gesamte Felge war es Newmen m\u00f6glich ein branchenf\u00fchrendes Verh\u00e4ltnis aus Gewicht und Stabilit\u00e4t zu erreichen. Die ausgezeichnete Stabilit\u00e4t erm\u00f6glicht sogar den Einsatz an gewichtsoptimierten Trailbikes und die flachen Profile sorgen f\u00fcr den n\u00f6tigen Komfort im anspruchsvollen Trail-Einsatz bei dennoch herausragender Reaktionsgeschwindigkeit im Antritt.<\/p>\n<p>Alle neuen Advanced SL und Evolution SL Laufr\u00e4der basieren auf den neuen NEWMEN Evolution SL Naben mit FADE Freilauf. Dieser ist so zuverl\u00e4ssig und stabil, dass sie alle FADE Naben uneingeschr\u00e4nkt f\u00fcr E-Bikes freigeben. Gleichzeitig wurde die Ger\u00e4uschkulisse durch eine optimierte Geometrie der Bauteile auf ein Minimum reduziert. Neben dem angenehmen Gef\u00fchl ein leises Bike zu fahren kommen gibt es sogar praxisrelevante Vorteile: Der Reifengrip l\u00e4sst sich dadurch in Kurven f\u00f6rmlich h\u00f6ren, wodurch ein v\u00f6llig neues Fahrgef\u00fchl entsteht. In Massenstart-Races wie z.B. bei Marathons macht man zudem nicht unn\u00f6tigerweise beim Vordermann auf sich aufmerksam. Die Naben besitzen doppelt gedichteten Kugellager mit besonders geringen Toleranzen und spezieller Fettf\u00fcllung um maximale Haltbarkeit zu erm\u00f6glichen.<\/p>\n<hr \/>\n<h3>Produkteigenschaften &#8211; Newmen Advanced SL X.A.25<\/h3>\n<ul>\n<li><strong>Einsatzbereich:<\/strong>\u00a0XC<\/li>\n<li><strong>Gr\u00f6\u00dfe:<\/strong>\u00a029&#8243;<\/li>\n<li><strong>Tubeless Ready:\u00a0<\/strong>ja<\/li>\n<li><strong>Durchmesser<\/strong><strong>:<\/strong>\u00a0622mm<\/li>\n<li><strong>Felgenbreite innen:<\/strong>\u00a025mm<\/li>\n<li><strong>Ben\u00f6tigtes Felgenband:<\/strong>\u00a027mm<\/li>\n<li><strong>Nabentyp:<\/strong>\u00a0Straightpull<\/li>\n<li><strong>Achsstandard<\/strong><strong>:<\/strong>\u00a012x148mm<\/li>\n<li><strong>Lochzahl<\/strong><strong>:<\/strong>\u00a028<\/li>\n<li><strong>Bremsscheibenaufnahme:\u00a0<\/strong>Center Lock<\/li>\n<li><strong>Speichen<\/strong><strong>:<\/strong>\u00a0Sapim D-Light<\/li>\n<li><strong>Einspeichung<\/strong><strong>:<\/strong>\u00a03-fach<\/li>\n<li><strong>Max. Systemgewicht:<\/strong>\u00a0125kg (K\u00f6rpergewicht + Fahrrad + Ausr\u00fcstung)<\/li>\n<\/ul>\n<h3>Freilauf (Variante w\u00e4hlen)<\/h3>\n<ul>\n<li>Shimano Micro Spline<\/li>\n<li>Sram \/ Shimano<\/li>\n<li>Sram XD<\/li>\n<\/ul>\n<h3>Material<\/h3>\n<ul>\n<li><strong>Nabe:<\/strong>\u00a0Aluminium 7075<\/li>\n<li><strong>Felge:<\/strong>\u00a0UD Carbon<\/li>\n<\/ul>\n<h3>Farbe<\/h3>\n<ul>\n<li>black<\/li>\n<\/ul>\n<h3>Gewicht<\/h3>\n<ul>\n<li>690g (Herstellerangabe)<\/li>\n<\/ul>\n<hr \/>\n<h3>Lieferumfang<\/h3>\n<ul>\n<li>1 x Newmen Advanced SL X.A.25 29&#8243; Boost Hinterrad<\/li>\n<li>1 x Tubeless Strip<\/li>\n<li>1 x Milkit Tubeless Set<\/li>\n<\/ul>\n<h2 class=\"image-slider--container\"><\/h2>","protected":false},"excerpt":{"rendered":"<p>Newmen Advanced SL X.A.25 29&#8243; Boost Hinterrad Die Newmen Advanced SL optimale Balance aus Gewicht, Steifigkeit und Komfort ist der<\/p>","protected":false},"featured_media":63158,"comment_status":"open","ping_status":"closed","template":"","meta":{"_rtcl_gb_attr":""},"product_brand":[],"product_cat":[460,423],"product_tag":[],"class_list":{"0":"post-44118","1":"product","2":"type-product","3":"status-publish","4":"has-post-thumbnail","6":"product_cat-rennrad-teile","7":"product_cat-teile","8":"pa_marke-newmen","10":"first","11":"instock","12":"sale","13":"taxable","14":"shipping-taxable","15":"purchasable","16":"product-type-simple"},"yoast_head":"<!-- This site is optimized with the Yoast SEO Premium plugin v20.12 (Yoast SEO v27.4) - https:\/\/yoast.com\/product\/yoast-seo-premium-wordpress\/ -->\n<title>Newmen Advanced SL X.A.25 29&quot; Boost Hinterrad<\/title>\n<meta name=\"description\" content=\"Entdecken Sie unseren Online-Fahrradladen: Gro\u00dfe Auswahl an Modellen f\u00fcr alle Radsportbegeisterten. Von Rennr\u00e4dern bis zu Mountainbikes - finden Sie heute Ihren perfekten Wegbegleiter!\" \/>\n<meta name=\"robots\" content=\"index, follow, max-snippet:-1, max-image-preview:large, max-video-preview:-1\" \/>\n<link rel=\"canonical\" href=\"https:\/\/cioelectro.com\/en\/produkt\/newmen-advanced-sl-x-a-25-29-boost-hinterrad\/\" \/>\n<meta property=\"og:locale\" content=\"en_US\" \/>\n<meta property=\"og:type\" content=\"article\" \/>\n<meta property=\"og:title\" content=\"Newmen Advanced SL X.A.25 29&quot; Boost Hinterrad\" \/>\n<meta property=\"og:description\" content=\"Entdecken Sie unseren Online-Fahrradladen: Gro\u00dfe Auswahl an Modellen f\u00fcr alle Radsportbegeisterten. Von Rennr\u00e4dern bis zu Mountainbikes - finden Sie heute Ihren perfekten Wegbegleiter!\" \/>\n<meta property=\"og:url\" content=\"https:\/\/cioelectro.com\/en\/produkt\/newmen-advanced-sl-x-a-25-29-boost-hinterrad\/\" \/>\n<meta property=\"og:site_name\" content=\"cioelectro.com\" \/>\n<meta property=\"article:modified_time\" content=\"2023-08-11T06:12:07+00:00\" \/>\n<meta property=\"og:image\" content=\"https:\/\/cioelectro.com\/wp-content\/uploads\/2023\/06\/Mavic-Crossmax-SL-Ultimate-30-F92281_800x800-1.jpg\" \/>\n\t<meta property=\"og:image:width\" content=\"800\" \/>\n\t<meta property=\"og:image:height\" content=\"800\" \/>\n\t<meta property=\"og:image:type\" content=\"image\/jpeg\" \/>\n<meta name=\"twitter:card\" content=\"summary_large_image\" \/>\n<meta name=\"twitter:label1\" content=\"Est. reading time\" \/>\n\t<meta name=\"twitter:data1\" content=\"3 minutes\" \/>\n<script type=\"application\/ld+json\" class=\"yoast-schema-graph\">{\"@context\":\"https:\\\/\\\/schema.org\",\"@graph\":[{\"@type\":\"WebPage\",\"@id\":\"https:\\\/\\\/cioelectro.com\\\/produkt\\\/newmen-advanced-sl-x-a-25-29-boost-hinterrad\\\/\",\"url\":\"https:\\\/\\\/cioelectro.com\\\/produkt\\\/newmen-advanced-sl-x-a-25-29-boost-hinterrad\\\/\",\"name\":\"Newmen Advanced SL X.A.25 29\\\" Boost Hinterrad\",\"isPartOf\":{\"@id\":\"https:\\\/\\\/cioelectro.com\\\/#website\"},\"primaryImageOfPage\":{\"@id\":\"https:\\\/\\\/cioelectro.com\\\/produkt\\\/newmen-advanced-sl-x-a-25-29-boost-hinterrad\\\/#primaryimage\"},\"image\":{\"@id\":\"https:\\\/\\\/cioelectro.com\\\/produkt\\\/newmen-advanced-sl-x-a-25-29-boost-hinterrad\\\/#primaryimage\"},\"thumbnailUrl\":\"https:\\\/\\\/cioelectro.com\\\/wp-content\\\/uploads\\\/2023\\\/06\\\/Mavic-Crossmax-SL-Ultimate-30-F92281_800x800-1.jpg\",\"datePublished\":\"2022-11-24T18:13:45+00:00\",\"dateModified\":\"2023-08-11T06:12:07+00:00\",\"description\":\"Entdecken Sie unseren Online-Fahrradladen: Gro\u00dfe Auswahl an Modellen f\u00fcr alle Radsportbegeisterten. Von Rennr\u00e4dern bis zu Mountainbikes - finden Sie heute Ihren perfekten Wegbegleiter!\",\"breadcrumb\":{\"@id\":\"https:\\\/\\\/cioelectro.com\\\/produkt\\\/newmen-advanced-sl-x-a-25-29-boost-hinterrad\\\/#breadcrumb\"},\"inLanguage\":\"en-US\",\"potentialAction\":[{\"@type\":\"ReadAction\",\"target\":[\"https:\\\/\\\/cioelectro.com\\\/produkt\\\/newmen-advanced-sl-x-a-25-29-boost-hinterrad\\\/\"]}]},{\"@type\":\"ImageObject\",\"inLanguage\":\"en-US\",\"@id\":\"https:\\\/\\\/cioelectro.com\\\/produkt\\\/newmen-advanced-sl-x-a-25-29-boost-hinterrad\\\/#primaryimage\",\"url\":\"https:\\\/\\\/cioelectro.com\\\/wp-content\\\/uploads\\\/2023\\\/06\\\/Mavic-Crossmax-SL-Ultimate-30-F92281_800x800-1.jpg\",\"contentUrl\":\"https:\\\/\\\/cioelectro.com\\\/wp-content\\\/uploads\\\/2023\\\/06\\\/Mavic-Crossmax-SL-Ultimate-30-F92281_800x800-1.jpg\",\"width\":800,\"height\":800,\"caption\":\"Newmen Advanced SL X.A.25 29\\\" Boost Hinterrad\"},{\"@type\":\"BreadcrumbList\",\"@id\":\"https:\\\/\\\/cioelectro.com\\\/produkt\\\/newmen-advanced-sl-x-a-25-29-boost-hinterrad\\\/#breadcrumb\",\"itemListElement\":[{\"@type\":\"ListItem\",\"position\":1,\"name\":\"Startseite\",\"item\":\"https:\\\/\\\/cioelectro.com\\\/\"},{\"@type\":\"ListItem\",\"position\":2,\"name\":\"LADEN\",\"item\":\"https:\\\/\\\/cioelectro.com\\\/laden\\\/\"},{\"@type\":\"ListItem\",\"position\":3,\"name\":\"Newmen Advanced SL X.A.25 29&#8243; Boost Hinterrad\"}]},{\"@type\":\"WebSite\",\"@id\":\"https:\\\/\\\/cioelectro.com\\\/#website\",\"url\":\"https:\\\/\\\/cioelectro.com\\\/\",\"name\":\"cioelectro.com\",\"description\":\"Treten Sie mit uns ins Abenteuer!\",\"publisher\":{\"@id\":\"https:\\\/\\\/cioelectro.com\\\/#organization\"},\"alternateName\":\"MEIN RADLADEN\",\"potentialAction\":[{\"@type\":\"SearchAction\",\"target\":{\"@type\":\"EntryPoint\",\"urlTemplate\":\"https:\\\/\\\/cioelectro.com\\\/?s={search_term_string}\"},\"query-input\":{\"@type\":\"PropertyValueSpecification\",\"valueRequired\":true,\"valueName\":\"search_term_string\"}}],\"inLanguage\":\"en-US\"},{\"@type\":\"Organization\",\"@id\":\"https:\\\/\\\/cioelectro.com\\\/#organization\",\"name\":\"CIOELECTRO\",\"alternateName\":\"MEIN RADLADEN\",\"url\":\"https:\\\/\\\/cioelectro.com\\\/\",\"logo\":{\"@type\":\"ImageObject\",\"inLanguage\":\"en-US\",\"@id\":\"https:\\\/\\\/cioelectro.com\\\/#\\\/schema\\\/logo\\\/image\\\/\",\"url\":\"https:\\\/\\\/cioelectro.com\\\/wp-content\\\/uploads\\\/2025\\\/12\\\/Logo-2-1200x800.png\",\"contentUrl\":\"https:\\\/\\\/cioelectro.com\\\/wp-content\\\/uploads\\\/2025\\\/12\\\/Logo-2-1200x800.png\",\"width\":1200,\"height\":800,\"caption\":\"CIOELECTRO\"},\"image\":{\"@id\":\"https:\\\/\\\/cioelectro.com\\\/#\\\/schema\\\/logo\\\/image\\\/\"}}]}<\/script>\n<!-- \/ Yoast SEO Premium plugin. -->","yoast_head_json":{"title":"Newmen Advanced SL X.A.25 29\" Boost Hinterrad","description":"Entdecken Sie unseren Online-Fahrradladen: Gro\u00dfe Auswahl an Modellen f\u00fcr alle Radsportbegeisterten. Von Rennr\u00e4dern bis zu Mountainbikes - finden Sie heute Ihren perfekten Wegbegleiter!","robots":{"index":"index","follow":"follow","max-snippet":"max-snippet:-1","max-image-preview":"max-image-preview:large","max-video-preview":"max-video-preview:-1"},"canonical":"https:\/\/cioelectro.com\/en\/produkt\/newmen-advanced-sl-x-a-25-29-boost-hinterrad\/","og_locale":"en_US","og_type":"article","og_title":"Newmen Advanced SL X.A.25 29\" Boost Hinterrad","og_description":"Entdecken Sie unseren Online-Fahrradladen: Gro\u00dfe Auswahl an Modellen f\u00fcr alle Radsportbegeisterten. Von Rennr\u00e4dern bis zu Mountainbikes - finden Sie heute Ihren perfekten Wegbegleiter!","og_url":"https:\/\/cioelectro.com\/en\/produkt\/newmen-advanced-sl-x-a-25-29-boost-hinterrad\/","og_site_name":"cioelectro.com","article_modified_time":"2023-08-11T06:12:07+00:00","og_image":[{"width":800,"height":800,"url":"https:\/\/cioelectro.com\/wp-content\/uploads\/2023\/06\/Mavic-Crossmax-SL-Ultimate-30-F92281_800x800-1.jpg","type":"image\/jpeg"}],"twitter_card":"summary_large_image","twitter_misc":{"Est. reading time":"3 minutes"},"schema":{"@context":"https:\/\/schema.org","@graph":[{"@type":"WebPage","@id":"https:\/\/cioelectro.com\/produkt\/newmen-advanced-sl-x-a-25-29-boost-hinterrad\/","url":"https:\/\/cioelectro.com\/produkt\/newmen-advanced-sl-x-a-25-29-boost-hinterrad\/","name":"Newmen Advanced SL X.A.25 29\" Boost Hinterrad","isPartOf":{"@id":"https:\/\/cioelectro.com\/#website"},"primaryImageOfPage":{"@id":"https:\/\/cioelectro.com\/produkt\/newmen-advanced-sl-x-a-25-29-boost-hinterrad\/#primaryimage"},"image":{"@id":"https:\/\/cioelectro.com\/produkt\/newmen-advanced-sl-x-a-25-29-boost-hinterrad\/#primaryimage"},"thumbnailUrl":"https:\/\/cioelectro.com\/wp-content\/uploads\/2023\/06\/Mavic-Crossmax-SL-Ultimate-30-F92281_800x800-1.jpg","datePublished":"2022-11-24T18:13:45+00:00","dateModified":"2023-08-11T06:12:07+00:00","description":"Entdecken Sie unseren Online-Fahrradladen: Gro\u00dfe Auswahl an Modellen f\u00fcr alle Radsportbegeisterten. Von Rennr\u00e4dern bis zu Mountainbikes - finden Sie heute Ihren perfekten Wegbegleiter!","breadcrumb":{"@id":"https:\/\/cioelectro.com\/produkt\/newmen-advanced-sl-x-a-25-29-boost-hinterrad\/#breadcrumb"},"inLanguage":"en-US","potentialAction":[{"@type":"ReadAction","target":["https:\/\/cioelectro.com\/produkt\/newmen-advanced-sl-x-a-25-29-boost-hinterrad\/"]}]},{"@type":"ImageObject","inLanguage":"en-US","@id":"https:\/\/cioelectro.com\/produkt\/newmen-advanced-sl-x-a-25-29-boost-hinterrad\/#primaryimage","url":"https:\/\/cioelectro.com\/wp-content\/uploads\/2023\/06\/Mavic-Crossmax-SL-Ultimate-30-F92281_800x800-1.jpg","contentUrl":"https:\/\/cioelectro.com\/wp-content\/uploads\/2023\/06\/Mavic-Crossmax-SL-Ultimate-30-F92281_800x800-1.jpg","width":800,"height":800,"caption":"Newmen Advanced SL X.A.25 29\" Boost Hinterrad"},{"@type":"BreadcrumbList","@id":"https:\/\/cioelectro.com\/produkt\/newmen-advanced-sl-x-a-25-29-boost-hinterrad\/#breadcrumb","itemListElement":[{"@type":"ListItem","position":1,"name":"Startseite","item":"https:\/\/cioelectro.com\/"},{"@type":"ListItem","position":2,"name":"LADEN","item":"https:\/\/cioelectro.com\/laden\/"},{"@type":"ListItem","position":3,"name":"Newmen Advanced SL X.A.25 29&#8243; Boost Hinterrad"}]},{"@type":"WebSite","@id":"https:\/\/cioelectro.com\/#website","url":"https:\/\/cioelectro.com\/","name":"cioelectro.com","description":"Treten Sie mit uns ins Abenteuer!","publisher":{"@id":"https:\/\/cioelectro.com\/#organization"},"alternateName":"MEIN RADLADEN","potentialAction":[{"@type":"SearchAction","target":{"@type":"EntryPoint","urlTemplate":"https:\/\/cioelectro.com\/?s={search_term_string}"},"query-input":{"@type":"PropertyValueSpecification","valueRequired":true,"valueName":"search_term_string"}}],"inLanguage":"en-US"},{"@type":"Organization","@id":"https:\/\/cioelectro.com\/#organization","name":"CIOELECTRO","alternateName":"MEIN RADLADEN","url":"https:\/\/cioelectro.com\/","logo":{"@type":"ImageObject","inLanguage":"en-US","@id":"https:\/\/cioelectro.com\/#\/schema\/logo\/image\/","url":"https:\/\/cioelectro.com\/wp-content\/uploads\/2025\/12\/Logo-2-1200x800.png","contentUrl":"https:\/\/cioelectro.com\/wp-content\/uploads\/2025\/12\/Logo-2-1200x800.png","width":1200,"height":800,"caption":"CIOELECTRO"},"image":{"@id":"https:\/\/cioelectro.com\/#\/schema\/logo\/image\/"}}]}},"_links":{"self":[{"href":"https:\/\/cioelectro.com\/en\/wp-json\/wp\/v2\/product\/44118","targetHints":{"allow":["GET"]}}],"collection":[{"href":"https:\/\/cioelectro.com\/en\/wp-json\/wp\/v2\/product"}],"about":[{"href":"https:\/\/cioelectro.com\/en\/wp-json\/wp\/v2\/types\/product"}],"replies":[{"embeddable":true,"href":"https:\/\/cioelectro.com\/en\/wp-json\/wp\/v2\/comments?post=44118"}],"version-history":[{"count":0,"href":"https:\/\/cioelectro.com\/en\/wp-json\/wp\/v2\/product\/44118\/revisions"}],"wp:featuredmedia":[{"embeddable":true,"href":"https:\/\/cioelectro.com\/en\/wp-json\/wp\/v2\/media\/63158"}],"wp:attachment":[{"href":"https:\/\/cioelectro.com\/en\/wp-json\/wp\/v2\/media?parent=44118"}],"wp:term":[{"taxonomy":"product_brand","embeddable":true,"href":"https:\/\/cioelectro.com\/en\/wp-json\/wp\/v2\/product_brand?post=44118"},{"taxonomy":"product_cat","embeddable":true,"href":"https:\/\/cioelectro.com\/en\/wp-json\/wp\/v2\/product_cat?post=44118"},{"taxonomy":"product_tag","embeddable":true,"href":"https:\/\/cioelectro.com\/en\/wp-json\/wp\/v2\/product_tag?post=44118"}],"curies":[{"name":"wp","href":"https:\/\/api.w.org\/{rel}","templated":true}]}}