{"id":44137,"date":"2022-11-24T19:20:27","date_gmt":"2022-11-24T18:20:27","guid":{"rendered":"https:\/\/meinradladen.com\/?post_type=product&#038;p=44137"},"modified":"2023-08-11T08:08:33","modified_gmt":"2023-08-11T06:08:33","slug":"rockshox-sid-select-rl-29-debon-air-120-tapered-boost","status":"publish","type":"product","link":"https:\/\/cioelectro.com\/en\/produkt\/rockshox-sid-select-rl-29-debon-air-120-tapered-boost\/","title":{"rendered":"RockShox SID Select RL 29&#8243; Debon Air 120 Tapered Boost"},"content":{"rendered":"<div class=\"product--headername\">\n<h2 class=\"product--title\"><strong>RockShox<\/strong>\u00a0SID Select RL 29&#8243; Debon Air 120 Tapered Boost<\/h2>\n<\/div>\n<p>Das RockShox SID Select verwendet den Charger RL-D\u00e4mpfer, der sich f\u00fcr die neue Generation von leistungsf\u00e4higeren XC-Bikes bew\u00e4hrt hat.<\/p>\n<hr \/>\n<h3>Features &#8211; RockShox SID Select 29&#8243; Debon Air 120 Tapered Boost<\/h3>\n<ul>\n<li>Neu: Das 35 mm-Chassis ist die perfekte Mischung aus geringem Gewicht und Steifigkeit f\u00fcr das moderne XC-Bike<\/li>\n<li>Neu: DebonAir\u2122 Die Luftfeder ist speziell auf die Anforderungen der XC abgestimmt und beh\u00e4lt eine h\u00f6here Fahrh\u00f6he bei, um das Selbstvertrauen und die Kontrolle zu erh\u00f6hen<\/li>\n<li>Neu: SKF Abstreiferdichtungen mit extrem geringer Reibung bieten eine langlebige Leistung der Gabel und verbessern das gesamte Federungsgef\u00fchl<\/li>\n<li>Maxima Plush-D\u00e4mpfungsfl\u00fcssigkeit reduziert die Reibung und d\u00e4mpft den L\u00e4rm<\/li>\n<li>Bew\u00e4hrter Charger RL-D\u00e4mpfer sorgt f\u00fcr reibungslose Leistung und eine felsenfeste Sperre<\/li>\n<li>2-Schrauben-Halterungen zur Montage eines kurzen Schutzblechs\u00a0<strong>(RockShox-Schutzblech separat erh\u00e4ltlich)<\/strong><\/li>\n<\/ul>\n<h3>Produkteigenschaften<\/h3>\n<ul>\n<li><strong>Einsatzbereich:<\/strong>\u00a0MTB, Cross Country<\/li>\n<li><strong>Laufradgr\u00f6\u00dfe:<\/strong>\u00a029&#8243;<\/li>\n<li><strong>Federweg:<\/strong>\u00a0120mm<\/li>\n<li><strong>Federung:<\/strong>\u00a0Debon Air<\/li>\n<li><strong>D\u00e4mpfung:\u00a0<\/strong>Charger RL<\/li>\n<li><strong>Einstellbarkeit:\u00a0<\/strong>Externe Zugstufenverstellung, 2-Position Druckstufenverstellung (Open\/Lock) bis zum Lockout<\/li>\n<li><strong>Gabelschaft:\u00a0<\/strong>Tapered 1.5&#8243; auf 1 1\/8&#8243; (konisch)<\/li>\n<li><strong>Gabelschaftl\u00e4nge:<\/strong>\u00a0262mm<\/li>\n<li><strong>Standrohre:<\/strong>\u00a035mm<\/li>\n<li><strong>Scheibenbremsaufnahme<\/strong><strong>:<\/strong>\u00a0Post Mount\u00a0(PM7 &#8211; Direct Mount 180mm)<\/li>\n<li><strong>H\u00f6chste empfohlene Bremsscheibengr\u00f6\u00dfe:<\/strong>\u00a0220mm<\/li>\n<li><strong>Ausfallenden:\u00a0<\/strong>15x110mm Maxle Stealth Boost Steckachse<\/li>\n<li><strong>Max Reifen Durchmesser:<\/strong>\u00a0758mm<\/li>\n<li><strong>Max Reifen Breite:\u00a0<\/strong>66mm<\/li>\n<li><strong>Einbauh\u00f6he:\u00a0<\/strong>531mm<\/li>\n<li><strong>Offset:<\/strong>\u00a044mm<\/li>\n<li><strong>Durchmesser Gabelkrone:<\/strong>\u00a058mm<\/li>\n<\/ul>\n<h3>Material<\/h3>\n<ul>\n<li><strong>Gabelschaft:\u00a0<\/strong>Aluminium<\/li>\n<li><strong>Gabelkrone:<\/strong>\u00a0Geschmiedetes Aluminium<\/li>\n<li><strong>Standrohre:<\/strong>\u00a0Aluminium, Fast Black<\/li>\n<li><strong>Tauchrohre:\u00a0<\/strong>Magnesium<\/li>\n<\/ul>\n<h3>Farbe<\/h3>\n<ul>\n<li>Diffusion Black<\/li>\n<\/ul>\n<h3><\/h3>\n<hr \/>\n<h3>Lieferumfang<\/h3>\n<ul>\n<li>RockShox SID Select 29&#8243; Debon Air 120 Tapered Boost<\/li>\n<li>15x110mm Maxle Stealth Boost Steckachse<\/li>\n<li>Einschlagkralle<\/li>\n<li>Fender<\/li>\n<\/ul>\n<hr \/>\n<h3>Technologien<\/h3>\n<div><strong>DebonAir<\/strong><\/div>\n<div>\n<div>Es ist in Ordnung, weich zu sein. Die DebonAir sch\u00e4mt sich nicht daf\u00fcr, bei der kleinsten Ersch\u00fctterung nachzugeben. Tats\u00e4chlich werden damit Monarch- und Monarch Plus-D\u00e4mpfer von Beginn an weicher denn je. Du magst das als Schw\u00e4che betrachten, bis du dich mit der DebonAir auf die Strecke begibst. Es wird eine nahtlose Verbindung zwischen deinem Fahrrad und dem Terrain bestehen, denn dein mit DebonAir ausgestatteter D\u00e4mpfer schluckt jeden einzelnen Schlag, ohne dass dein K\u00f6rper in Mitleidenschaft gezogen wird. Bei derart weichen Schl\u00e4gen kannst du noch mehr Vollgas geben.<\/div>\n<div><strong>Rapid Recovery\u2122<\/strong><br \/>\nWer w\u00fcnscht sich nicht einen gr\u00f6\u00dferen Federweg f\u00fcr aufeinanderfolgende Schl\u00e4ge? Dank des Rapid Recovery-Systems kehrt der D\u00e4mpfer nach aufeinanderfolgenden Schl\u00e4gen schneller in seine Ausgangsposition zur\u00fcck, was dem Rad eine pr\u00e4zisere Bodenhaftung erm\u00f6glicht. Dieses aktivere D\u00e4mpfungssystem versagt nicht und sorgt f\u00fcr eine Fahrt mit h\u00f6herer und weicherer Federh\u00e4rte. Mit Rapid Recovery profitiert der Fahrer von einem gr\u00f6\u00dferen Federweg f\u00fcr eine sanftere und kontrolliertere Fahrt bei jedem Schlag.<\/div>\n<div><strong>BOOST\u2122<\/strong><br \/>\nBOOST\u2122 ist eine neue Laufrad- und Antriebsspezifikation, welche eine verbesserte Rahmengeometrie mit ku\u0308rzeren Kettenstreben, breitere und h\u00e4rtere Federung, eine gr\u00f6\u00dfere Anzahl an Kettenblattoptionen, mehr Spielraum fu\u0308r breitere Reifen und eine erh\u00f6hte Steifigkeit und Robustheit des Laufrads bietet.<br \/>\n<strong><br \/>\nTorque Caps<\/strong><\/div>\n<div>\n<p>Torque Caps verst\u00e4rken die Verbindung zwischen der Nabe und dem Gabel-Dropout durch eine vergr\u00f6\u00dferte Oberfl\u00e4che, die beide verbindet. Das schafft eine st\u00e4rkere und steifere Schnittstelle mit der man eine bessere R\u00fcckmeldung und mehr Kontrolle erh\u00e4lt. So kann man sich auf die wichtigste Verbindung konzentrieren: Die zwischen deinem Bike und dem Trail. Im Vergleich zu herk\u00f6mmlich dimensionierten Endkappen bieten Torque Caps eine deutlich h\u00f6here Steifigkeit an der Gabel-Naben Schnittstelle. Es gibt aber keinen technischen Nachteil bei der Benutzung von Standard-Endkappen auf Torque Cap-kompatiblen RockShox Federgabeln.<\/p>\n<hr \/>\n<h3>RockShox DebonAir\u2122 Technology<\/h3>\n<p><iframe src=\"https:\/\/www.youtube-nocookie.com\/embed\/9v2pRj_-8_Q?rel=0&amp;showinfo=0\" width=\"640\" height=\"360\" frameborder=\"0\" allowfullscreen=\"allowfullscreen\" data-mce-fragment=\"1\"><\/iframe><\/p>\n<\/div>\n<\/div>","protected":false},"excerpt":{"rendered":"<p>RockShox\u00a0SID Select RL 29&#8243; Debon Air 120 Tapered Boost Das RockShox SID Select verwendet den Charger RL-D\u00e4mpfer, der sich f\u00fcr<\/p>","protected":false},"featured_media":63160,"comment_status":"open","ping_status":"closed","template":"","meta":{"_rtcl_gb_attr":""},"product_brand":[],"product_cat":[460,423],"product_tag":[],"class_list":{"0":"post-44137","1":"product","2":"type-product","3":"status-publish","4":"has-post-thumbnail","6":"product_cat-rennrad-teile","7":"product_cat-teile","8":"pa_marke-rockshox","10":"first","11":"instock","12":"sale","13":"taxable","14":"shipping-taxable","15":"purchasable","16":"product-type-simple"},"yoast_head":"<!-- This site is optimized with the Yoast SEO Premium plugin v20.12 (Yoast SEO v27.4) - https:\/\/yoast.com\/product\/yoast-seo-premium-wordpress\/ -->\n<title>RockShox SID Select RL 29&quot; Debon Air 120 Tapered Boost<\/title>\n<meta name=\"description\" content=\"Entdecken Sie unseren Online-Fahrradladen: Gro\u00dfe Auswahl an Modellen f\u00fcr alle Radsportbegeisterten. Von Rennr\u00e4dern bis zu Mountainbikes - finden Sie heute Ihren perfekten Wegbegleiter!\" \/>\n<meta name=\"robots\" content=\"index, follow, max-snippet:-1, max-image-preview:large, max-video-preview:-1\" \/>\n<link rel=\"canonical\" href=\"https:\/\/cioelectro.com\/en\/produkt\/rockshox-sid-select-rl-29-debon-air-120-tapered-boost\/\" \/>\n<meta property=\"og:locale\" content=\"en_US\" \/>\n<meta property=\"og:type\" content=\"article\" \/>\n<meta property=\"og:title\" content=\"RockShox SID Select RL 29&quot; Debon Air 120 Tapered Boost\" \/>\n<meta property=\"og:description\" content=\"Entdecken Sie unseren Online-Fahrradladen: Gro\u00dfe Auswahl an Modellen f\u00fcr alle Radsportbegeisterten. Von Rennr\u00e4dern bis zu Mountainbikes - finden Sie heute Ihren perfekten Wegbegleiter!\" \/>\n<meta property=\"og:url\" content=\"https:\/\/cioelectro.com\/en\/produkt\/rockshox-sid-select-rl-29-debon-air-120-tapered-boost\/\" \/>\n<meta property=\"og:site_name\" content=\"cioelectro.com\" \/>\n<meta property=\"article:modified_time\" content=\"2023-08-11T06:08:33+00:00\" \/>\n<meta property=\"og:image\" content=\"https:\/\/cioelectro.com\/wp-content\/uploads\/2023\/06\/RockShox-SID-Select-29-Debon-Air-120-Tapered-OneLoc-Boost-TwistLoc-00-4020-549-001tXkekfricouy6_800x800-0.jpg\" \/>\n\t<meta property=\"og:image:width\" content=\"322\" \/>\n\t<meta property=\"og:image:height\" content=\"800\" \/>\n\t<meta property=\"og:image:type\" content=\"image\/jpeg\" \/>\n<meta name=\"twitter:card\" content=\"summary_large_image\" \/>\n<meta name=\"twitter:label1\" content=\"Est. reading time\" \/>\n\t<meta name=\"twitter:data1\" content=\"3 minutes\" \/>\n<script type=\"application\/ld+json\" class=\"yoast-schema-graph\">{\"@context\":\"https:\\\/\\\/schema.org\",\"@graph\":[{\"@type\":\"WebPage\",\"@id\":\"https:\\\/\\\/cioelectro.com\\\/produkt\\\/rockshox-sid-select-rl-29-debon-air-120-tapered-boost\\\/\",\"url\":\"https:\\\/\\\/cioelectro.com\\\/produkt\\\/rockshox-sid-select-rl-29-debon-air-120-tapered-boost\\\/\",\"name\":\"RockShox SID Select RL 29\\\" Debon Air 120 Tapered Boost\",\"isPartOf\":{\"@id\":\"https:\\\/\\\/cioelectro.com\\\/#website\"},\"primaryImageOfPage\":{\"@id\":\"https:\\\/\\\/cioelectro.com\\\/produkt\\\/rockshox-sid-select-rl-29-debon-air-120-tapered-boost\\\/#primaryimage\"},\"image\":{\"@id\":\"https:\\\/\\\/cioelectro.com\\\/produkt\\\/rockshox-sid-select-rl-29-debon-air-120-tapered-boost\\\/#primaryimage\"},\"thumbnailUrl\":\"https:\\\/\\\/cioelectro.com\\\/wp-content\\\/uploads\\\/2023\\\/06\\\/RockShox-SID-Select-29-Debon-Air-120-Tapered-OneLoc-Boost-TwistLoc-00-4020-549-001tXkekfricouy6_800x800-0.jpg\",\"datePublished\":\"2022-11-24T18:20:27+00:00\",\"dateModified\":\"2023-08-11T06:08:33+00:00\",\"description\":\"Entdecken Sie unseren Online-Fahrradladen: Gro\u00dfe Auswahl an Modellen f\u00fcr alle Radsportbegeisterten. Von Rennr\u00e4dern bis zu Mountainbikes - finden Sie heute Ihren perfekten Wegbegleiter!\",\"breadcrumb\":{\"@id\":\"https:\\\/\\\/cioelectro.com\\\/produkt\\\/rockshox-sid-select-rl-29-debon-air-120-tapered-boost\\\/#breadcrumb\"},\"inLanguage\":\"en-US\",\"potentialAction\":[{\"@type\":\"ReadAction\",\"target\":[\"https:\\\/\\\/cioelectro.com\\\/produkt\\\/rockshox-sid-select-rl-29-debon-air-120-tapered-boost\\\/\"]}]},{\"@type\":\"ImageObject\",\"inLanguage\":\"en-US\",\"@id\":\"https:\\\/\\\/cioelectro.com\\\/produkt\\\/rockshox-sid-select-rl-29-debon-air-120-tapered-boost\\\/#primaryimage\",\"url\":\"https:\\\/\\\/cioelectro.com\\\/wp-content\\\/uploads\\\/2023\\\/06\\\/RockShox-SID-Select-29-Debon-Air-120-Tapered-OneLoc-Boost-TwistLoc-00-4020-549-001tXkekfricouy6_800x800-0.jpg\",\"contentUrl\":\"https:\\\/\\\/cioelectro.com\\\/wp-content\\\/uploads\\\/2023\\\/06\\\/RockShox-SID-Select-29-Debon-Air-120-Tapered-OneLoc-Boost-TwistLoc-00-4020-549-001tXkekfricouy6_800x800-0.jpg\",\"width\":322,\"height\":800,\"caption\":\"RockShox SID Select RL 29 Debon Air 120 Tapered Boost\"},{\"@type\":\"BreadcrumbList\",\"@id\":\"https:\\\/\\\/cioelectro.com\\\/produkt\\\/rockshox-sid-select-rl-29-debon-air-120-tapered-boost\\\/#breadcrumb\",\"itemListElement\":[{\"@type\":\"ListItem\",\"position\":1,\"name\":\"Startseite\",\"item\":\"https:\\\/\\\/cioelectro.com\\\/\"},{\"@type\":\"ListItem\",\"position\":2,\"name\":\"LADEN\",\"item\":\"https:\\\/\\\/cioelectro.com\\\/laden\\\/\"},{\"@type\":\"ListItem\",\"position\":3,\"name\":\"RockShox SID Select RL 29&#8243; Debon Air 120 Tapered Boost\"}]},{\"@type\":\"WebSite\",\"@id\":\"https:\\\/\\\/cioelectro.com\\\/#website\",\"url\":\"https:\\\/\\\/cioelectro.com\\\/\",\"name\":\"cioelectro.com\",\"description\":\"Treten Sie mit uns ins Abenteuer!\",\"publisher\":{\"@id\":\"https:\\\/\\\/cioelectro.com\\\/#organization\"},\"alternateName\":\"MEIN RADLADEN\",\"potentialAction\":[{\"@type\":\"SearchAction\",\"target\":{\"@type\":\"EntryPoint\",\"urlTemplate\":\"https:\\\/\\\/cioelectro.com\\\/?s={search_term_string}\"},\"query-input\":{\"@type\":\"PropertyValueSpecification\",\"valueRequired\":true,\"valueName\":\"search_term_string\"}}],\"inLanguage\":\"en-US\"},{\"@type\":\"Organization\",\"@id\":\"https:\\\/\\\/cioelectro.com\\\/#organization\",\"name\":\"CIOELECTRO\",\"alternateName\":\"MEIN RADLADEN\",\"url\":\"https:\\\/\\\/cioelectro.com\\\/\",\"logo\":{\"@type\":\"ImageObject\",\"inLanguage\":\"en-US\",\"@id\":\"https:\\\/\\\/cioelectro.com\\\/#\\\/schema\\\/logo\\\/image\\\/\",\"url\":\"https:\\\/\\\/cioelectro.com\\\/wp-content\\\/uploads\\\/2025\\\/12\\\/Logo-2-1200x800.png\",\"contentUrl\":\"https:\\\/\\\/cioelectro.com\\\/wp-content\\\/uploads\\\/2025\\\/12\\\/Logo-2-1200x800.png\",\"width\":1200,\"height\":800,\"caption\":\"CIOELECTRO\"},\"image\":{\"@id\":\"https:\\\/\\\/cioelectro.com\\\/#\\\/schema\\\/logo\\\/image\\\/\"}}]}<\/script>\n<!-- \/ Yoast SEO Premium plugin. -->","yoast_head_json":{"title":"RockShox SID Select RL 29\" Debon Air 120 Tapered Boost","description":"Entdecken Sie unseren Online-Fahrradladen: Gro\u00dfe Auswahl an Modellen f\u00fcr alle Radsportbegeisterten. Von Rennr\u00e4dern bis zu Mountainbikes - finden Sie heute Ihren perfekten Wegbegleiter!","robots":{"index":"index","follow":"follow","max-snippet":"max-snippet:-1","max-image-preview":"max-image-preview:large","max-video-preview":"max-video-preview:-1"},"canonical":"https:\/\/cioelectro.com\/en\/produkt\/rockshox-sid-select-rl-29-debon-air-120-tapered-boost\/","og_locale":"en_US","og_type":"article","og_title":"RockShox SID Select RL 29\" Debon Air 120 Tapered Boost","og_description":"Entdecken Sie unseren Online-Fahrradladen: Gro\u00dfe Auswahl an Modellen f\u00fcr alle Radsportbegeisterten. Von Rennr\u00e4dern bis zu Mountainbikes - finden Sie heute Ihren perfekten Wegbegleiter!","og_url":"https:\/\/cioelectro.com\/en\/produkt\/rockshox-sid-select-rl-29-debon-air-120-tapered-boost\/","og_site_name":"cioelectro.com","article_modified_time":"2023-08-11T06:08:33+00:00","og_image":[{"width":322,"height":800,"url":"https:\/\/cioelectro.com\/wp-content\/uploads\/2023\/06\/RockShox-SID-Select-29-Debon-Air-120-Tapered-OneLoc-Boost-TwistLoc-00-4020-549-001tXkekfricouy6_800x800-0.jpg","type":"image\/jpeg"}],"twitter_card":"summary_large_image","twitter_misc":{"Est. reading time":"3 minutes"},"schema":{"@context":"https:\/\/schema.org","@graph":[{"@type":"WebPage","@id":"https:\/\/cioelectro.com\/produkt\/rockshox-sid-select-rl-29-debon-air-120-tapered-boost\/","url":"https:\/\/cioelectro.com\/produkt\/rockshox-sid-select-rl-29-debon-air-120-tapered-boost\/","name":"RockShox SID Select RL 29\" Debon Air 120 Tapered Boost","isPartOf":{"@id":"https:\/\/cioelectro.com\/#website"},"primaryImageOfPage":{"@id":"https:\/\/cioelectro.com\/produkt\/rockshox-sid-select-rl-29-debon-air-120-tapered-boost\/#primaryimage"},"image":{"@id":"https:\/\/cioelectro.com\/produkt\/rockshox-sid-select-rl-29-debon-air-120-tapered-boost\/#primaryimage"},"thumbnailUrl":"https:\/\/cioelectro.com\/wp-content\/uploads\/2023\/06\/RockShox-SID-Select-29-Debon-Air-120-Tapered-OneLoc-Boost-TwistLoc-00-4020-549-001tXkekfricouy6_800x800-0.jpg","datePublished":"2022-11-24T18:20:27+00:00","dateModified":"2023-08-11T06:08:33+00:00","description":"Entdecken Sie unseren Online-Fahrradladen: Gro\u00dfe Auswahl an Modellen f\u00fcr alle Radsportbegeisterten. Von Rennr\u00e4dern bis zu Mountainbikes - finden Sie heute Ihren perfekten Wegbegleiter!","breadcrumb":{"@id":"https:\/\/cioelectro.com\/produkt\/rockshox-sid-select-rl-29-debon-air-120-tapered-boost\/#breadcrumb"},"inLanguage":"en-US","potentialAction":[{"@type":"ReadAction","target":["https:\/\/cioelectro.com\/produkt\/rockshox-sid-select-rl-29-debon-air-120-tapered-boost\/"]}]},{"@type":"ImageObject","inLanguage":"en-US","@id":"https:\/\/cioelectro.com\/produkt\/rockshox-sid-select-rl-29-debon-air-120-tapered-boost\/#primaryimage","url":"https:\/\/cioelectro.com\/wp-content\/uploads\/2023\/06\/RockShox-SID-Select-29-Debon-Air-120-Tapered-OneLoc-Boost-TwistLoc-00-4020-549-001tXkekfricouy6_800x800-0.jpg","contentUrl":"https:\/\/cioelectro.com\/wp-content\/uploads\/2023\/06\/RockShox-SID-Select-29-Debon-Air-120-Tapered-OneLoc-Boost-TwistLoc-00-4020-549-001tXkekfricouy6_800x800-0.jpg","width":322,"height":800,"caption":"RockShox SID Select RL 29 Debon Air 120 Tapered Boost"},{"@type":"BreadcrumbList","@id":"https:\/\/cioelectro.com\/produkt\/rockshox-sid-select-rl-29-debon-air-120-tapered-boost\/#breadcrumb","itemListElement":[{"@type":"ListItem","position":1,"name":"Startseite","item":"https:\/\/cioelectro.com\/"},{"@type":"ListItem","position":2,"name":"LADEN","item":"https:\/\/cioelectro.com\/laden\/"},{"@type":"ListItem","position":3,"name":"RockShox SID Select RL 29&#8243; Debon Air 120 Tapered Boost"}]},{"@type":"WebSite","@id":"https:\/\/cioelectro.com\/#website","url":"https:\/\/cioelectro.com\/","name":"cioelectro.com","description":"Treten Sie mit uns ins Abenteuer!","publisher":{"@id":"https:\/\/cioelectro.com\/#organization"},"alternateName":"MEIN RADLADEN","potentialAction":[{"@type":"SearchAction","target":{"@type":"EntryPoint","urlTemplate":"https:\/\/cioelectro.com\/?s={search_term_string}"},"query-input":{"@type":"PropertyValueSpecification","valueRequired":true,"valueName":"search_term_string"}}],"inLanguage":"en-US"},{"@type":"Organization","@id":"https:\/\/cioelectro.com\/#organization","name":"CIOELECTRO","alternateName":"MEIN RADLADEN","url":"https:\/\/cioelectro.com\/","logo":{"@type":"ImageObject","inLanguage":"en-US","@id":"https:\/\/cioelectro.com\/#\/schema\/logo\/image\/","url":"https:\/\/cioelectro.com\/wp-content\/uploads\/2025\/12\/Logo-2-1200x800.png","contentUrl":"https:\/\/cioelectro.com\/wp-content\/uploads\/2025\/12\/Logo-2-1200x800.png","width":1200,"height":800,"caption":"CIOELECTRO"},"image":{"@id":"https:\/\/cioelectro.com\/#\/schema\/logo\/image\/"}}]}},"_links":{"self":[{"href":"https:\/\/cioelectro.com\/en\/wp-json\/wp\/v2\/product\/44137","targetHints":{"allow":["GET"]}}],"collection":[{"href":"https:\/\/cioelectro.com\/en\/wp-json\/wp\/v2\/product"}],"about":[{"href":"https:\/\/cioelectro.com\/en\/wp-json\/wp\/v2\/types\/product"}],"replies":[{"embeddable":true,"href":"https:\/\/cioelectro.com\/en\/wp-json\/wp\/v2\/comments?post=44137"}],"version-history":[{"count":0,"href":"https:\/\/cioelectro.com\/en\/wp-json\/wp\/v2\/product\/44137\/revisions"}],"wp:featuredmedia":[{"embeddable":true,"href":"https:\/\/cioelectro.com\/en\/wp-json\/wp\/v2\/media\/63160"}],"wp:attachment":[{"href":"https:\/\/cioelectro.com\/en\/wp-json\/wp\/v2\/media?parent=44137"}],"wp:term":[{"taxonomy":"product_brand","embeddable":true,"href":"https:\/\/cioelectro.com\/en\/wp-json\/wp\/v2\/product_brand?post=44137"},{"taxonomy":"product_cat","embeddable":true,"href":"https:\/\/cioelectro.com\/en\/wp-json\/wp\/v2\/product_cat?post=44137"},{"taxonomy":"product_tag","embeddable":true,"href":"https:\/\/cioelectro.com\/en\/wp-json\/wp\/v2\/product_tag?post=44137"}],"curies":[{"name":"wp","href":"https:\/\/api.w.org\/{rel}","templated":true}]}}