{"id":44165,"date":"2022-11-24T20:04:58","date_gmt":"2022-11-24T19:04:58","guid":{"rendered":"https:\/\/meinradladen.com\/?post_type=product&#038;p=44165"},"modified":"2023-08-11T08:06:43","modified_gmt":"2023-08-11T06:06:43","slug":"newmen-evolution-sl-x-a-25-29-boost-sram-xd-laufradsatz","status":"publish","type":"product","link":"https:\/\/cioelectro.com\/en\/produkt\/newmen-evolution-sl-x-a-25-29-boost-sram-xd-laufradsatz\/","title":{"rendered":"Newmen Evolution SL X.A.25 29&#8243; Boost Sram XD Laufradsatz"},"content":{"rendered":"<h2 class=\"product--title\"><strong>Newmen<\/strong>\u00a0Evolution SL X.A.25 29&#8243; Boost Sram XD Laufradsatz<\/h2>\n<p>Der Newmen Evolution SL mit Sram\/Shimano Freilauf eignet sich nicht nur f\u00fcr Trail Bikes sondern ganz speziell auch f\u00fcr XC \/ Marathonfahrer welche die Vorteile von breiten Felgen nutzen m\u00f6chten. Die ausgestellten Felgenh\u00f6rner bieten eine sehr hohe Dellenresistenz und mit den NEWMEN <a href=\"http:\/\/1-1\">FADE<\/a> Naben ist der Laufradsatz dar\u00fcberhinaus deutlich leiser geworden.<\/p>\n<h2>Minimales Gewicht, maximale Performance: das SL X.A. 25 Evolution von Newmen<\/h2>\n<p>Mit 1485g (29&#8243;) muss sich der Evolution X.A.25 nicht vor seiner Carbon Konkurrenz verstecken. Der gew\u00e4hlte Mix aus Steifigkeit und Komfort macht den Laufradsatz zum idealen Begleiter auf XC-Rennen, \u00fcber Mehrtagestouren in den Bergen, bis hin zur spa\u00dfigen Trail-Feierabendrunde. Trotz einem Felgengewicht von lediglich 400g (29&#8243;) macht der Laufradsatz, mit entsprechenden Reifen kombiniert, auch bergab eine sehr gute Figur.<\/p>\n<hr \/>\n<h3>Produkteigenschaften<\/h3>\n<ul>\n<li><strong>Einsatzgebiet:<\/strong>\u00a0All Mountain, Trail, XC<\/li>\n<li><strong>Gr\u00f6\u00dfe:<\/strong>\u00a029&#8243;<\/li>\n<li><strong>Tubeless Ready:\u00a0<\/strong>ja<\/li>\n<li><strong>Durchmesser<\/strong><strong>:<\/strong>\u00a0622mm<\/li>\n<li><strong>Felgenbreite innen:<\/strong>\u00a025mm<\/li>\n<li><strong>Ben\u00f6tigtes Felgenband:<\/strong>\u00a025-28mm<\/li>\n<li><strong>Nabentyp:<\/strong>\u00a0Straightpull<\/li>\n<li><strong>Freilauf:<\/strong>\u00a0Sram XD<\/li>\n<li><strong>Achsstandard<\/strong><strong>:<\/strong>\n<ul>\n<li><strong>Vorderrad:<\/strong>\u00a015&#215;110 Boost<\/li>\n<li><strong>Hinterrad:<\/strong>\u00a012x148mm Boost<\/li>\n<\/ul>\n<\/li>\n<li><strong>Lochzahl<\/strong><strong>:<\/strong>\u00a028<\/li>\n<li><strong>Bremsscheibenaufnahme:\u00a0<\/strong>6 Loch<\/li>\n<li><strong>Speichen<\/strong><strong>:<\/strong>\u00a0Sapim D-Light (2.0\/1.65\/2.0)<\/li>\n<li><strong>Einspeichung<\/strong><strong>:<\/strong>\u00a03-fach<\/li>\n<li><strong>Max. Systemgewicht:<\/strong>\u00a0125kg (K\u00f6rpergewicht + Fahrrad + Ausr\u00fcstung)<\/li>\n<\/ul>\n<h3>Material<\/h3>\n<ul>\n<li><strong>Nabe:<\/strong>\u00a0Aluminium 7075<\/li>\n<li><strong>Felge:<\/strong>\u00a0Aluminium<\/li>\n<\/ul>\n<h3>Farbe<\/h3>\n<ul>\n<li>black<\/li>\n<\/ul>\n<h3>Gewicht (Herstellerangabe)<\/h3>\n<ul>\n<li><strong>Vorderrad:<\/strong>\u00a0700g<\/li>\n<li><strong>Hinterrad:<\/strong>\u00a0785g<\/li>\n<li><strong>Laufradsatz:<\/strong>\u00a01485g<\/li>\n<\/ul>\n<hr \/>\n<h3>Lieferumfang<\/h3>\n<ul>\n<li>1 x Newmen Evolution SL X.A. 25 29&#8243; Boost Sram XD Laufradsatz<\/li>\n<\/ul>\n<h2 class=\"product--rating-container\"><\/h2>","protected":false},"excerpt":{"rendered":"<p>Newmen\u00a0Evolution SL X.A.25 29&#8243; Boost Sram XD Laufradsatz Der Newmen Evolution SL mit Sram\/Shimano Freilauf eignet sich nicht nur f\u00fcr<\/p>","protected":false},"featured_media":63177,"comment_status":"open","ping_status":"closed","template":"","meta":{"_rtcl_gb_attr":""},"product_brand":[],"product_cat":[460,423],"product_tag":[],"class_list":{"0":"post-44165","1":"product","2":"type-product","3":"status-publish","4":"has-post-thumbnail","6":"product_cat-rennrad-teile","7":"product_cat-teile","8":"pa_marke-newmen","10":"first","11":"instock","12":"sale","13":"taxable","14":"shipping-taxable","15":"purchasable","16":"product-type-simple"},"yoast_head":"<!-- This site is optimized with the Yoast SEO Premium plugin v20.12 (Yoast SEO v27.4) - https:\/\/yoast.com\/product\/yoast-seo-premium-wordpress\/ -->\n<title>Newmen Evolution SL X.A.25 29&quot; Boost Sram XD Laufradsatz<\/title>\n<meta name=\"description\" content=\"Entdecken Sie unseren Online-Fahrradladen: Gro\u00dfe Auswahl an Modellen f\u00fcr alle Radsportbegeisterten. Von Rennr\u00e4dern bis zu Mountainbikes - finden Sie heute Ihren perfekten Wegbegleiter!\" \/>\n<meta name=\"robots\" content=\"index, follow, max-snippet:-1, max-image-preview:large, max-video-preview:-1\" \/>\n<link rel=\"canonical\" href=\"https:\/\/cioelectro.com\/en\/produkt\/newmen-evolution-sl-x-a-25-29-boost-sram-xd-laufradsatz\/\" \/>\n<meta property=\"og:locale\" content=\"en_US\" \/>\n<meta property=\"og:type\" content=\"article\" \/>\n<meta property=\"og:title\" content=\"Newmen Evolution SL X.A.25 29&quot; Boost Sram XD Laufradsatz\" \/>\n<meta property=\"og:description\" content=\"Entdecken Sie unseren Online-Fahrradladen: Gro\u00dfe Auswahl an Modellen f\u00fcr alle Radsportbegeisterten. Von Rennr\u00e4dern bis zu Mountainbikes - finden Sie heute Ihren perfekten Wegbegleiter!\" \/>\n<meta property=\"og:url\" content=\"https:\/\/cioelectro.com\/en\/produkt\/newmen-evolution-sl-x-a-25-29-boost-sram-xd-laufradsatz\/\" \/>\n<meta property=\"og:site_name\" content=\"cioelectro.com\" \/>\n<meta property=\"article:modified_time\" content=\"2023-08-11T06:06:43+00:00\" \/>\n<meta property=\"og:image\" content=\"https:\/\/cioelectro.com\/wp-content\/uploads\/2023\/06\/Newmen-Evolution-SL-X.A.25-29-Boost-Sram-XD-Laufradsatz-0.jpg\" \/>\n\t<meta property=\"og:image:width\" content=\"800\" \/>\n\t<meta property=\"og:image:height\" content=\"636\" \/>\n\t<meta property=\"og:image:type\" content=\"image\/jpeg\" \/>\n<meta name=\"twitter:card\" content=\"summary_large_image\" \/>\n<meta name=\"twitter:label1\" content=\"Est. reading time\" \/>\n\t<meta name=\"twitter:data1\" content=\"2 minutes\" \/>\n<script type=\"application\/ld+json\" class=\"yoast-schema-graph\">{\"@context\":\"https:\\\/\\\/schema.org\",\"@graph\":[{\"@type\":\"WebPage\",\"@id\":\"https:\\\/\\\/cioelectro.com\\\/produkt\\\/newmen-evolution-sl-x-a-25-29-boost-sram-xd-laufradsatz\\\/\",\"url\":\"https:\\\/\\\/cioelectro.com\\\/produkt\\\/newmen-evolution-sl-x-a-25-29-boost-sram-xd-laufradsatz\\\/\",\"name\":\"Newmen Evolution SL X.A.25 29\\\" Boost Sram XD Laufradsatz\",\"isPartOf\":{\"@id\":\"https:\\\/\\\/cioelectro.com\\\/#website\"},\"primaryImageOfPage\":{\"@id\":\"https:\\\/\\\/cioelectro.com\\\/produkt\\\/newmen-evolution-sl-x-a-25-29-boost-sram-xd-laufradsatz\\\/#primaryimage\"},\"image\":{\"@id\":\"https:\\\/\\\/cioelectro.com\\\/produkt\\\/newmen-evolution-sl-x-a-25-29-boost-sram-xd-laufradsatz\\\/#primaryimage\"},\"thumbnailUrl\":\"https:\\\/\\\/cioelectro.com\\\/wp-content\\\/uploads\\\/2023\\\/06\\\/Newmen-Evolution-SL-X.A.25-29-Boost-Sram-XD-Laufradsatz-0.jpg\",\"datePublished\":\"2022-11-24T19:04:58+00:00\",\"dateModified\":\"2023-08-11T06:06:43+00:00\",\"description\":\"Entdecken Sie unseren Online-Fahrradladen: Gro\u00dfe Auswahl an Modellen f\u00fcr alle Radsportbegeisterten. Von Rennr\u00e4dern bis zu Mountainbikes - finden Sie heute Ihren perfekten Wegbegleiter!\",\"breadcrumb\":{\"@id\":\"https:\\\/\\\/cioelectro.com\\\/produkt\\\/newmen-evolution-sl-x-a-25-29-boost-sram-xd-laufradsatz\\\/#breadcrumb\"},\"inLanguage\":\"en-US\",\"potentialAction\":[{\"@type\":\"ReadAction\",\"target\":[\"https:\\\/\\\/cioelectro.com\\\/produkt\\\/newmen-evolution-sl-x-a-25-29-boost-sram-xd-laufradsatz\\\/\"]}]},{\"@type\":\"ImageObject\",\"inLanguage\":\"en-US\",\"@id\":\"https:\\\/\\\/cioelectro.com\\\/produkt\\\/newmen-evolution-sl-x-a-25-29-boost-sram-xd-laufradsatz\\\/#primaryimage\",\"url\":\"https:\\\/\\\/cioelectro.com\\\/wp-content\\\/uploads\\\/2023\\\/06\\\/Newmen-Evolution-SL-X.A.25-29-Boost-Sram-XD-Laufradsatz-0.jpg\",\"contentUrl\":\"https:\\\/\\\/cioelectro.com\\\/wp-content\\\/uploads\\\/2023\\\/06\\\/Newmen-Evolution-SL-X.A.25-29-Boost-Sram-XD-Laufradsatz-0.jpg\",\"width\":800,\"height\":636,\"caption\":\"Newmen Evolution SL X.A.25 29 Boost Sram XD Laufradsatz\"},{\"@type\":\"BreadcrumbList\",\"@id\":\"https:\\\/\\\/cioelectro.com\\\/produkt\\\/newmen-evolution-sl-x-a-25-29-boost-sram-xd-laufradsatz\\\/#breadcrumb\",\"itemListElement\":[{\"@type\":\"ListItem\",\"position\":1,\"name\":\"Startseite\",\"item\":\"https:\\\/\\\/cioelectro.com\\\/\"},{\"@type\":\"ListItem\",\"position\":2,\"name\":\"LADEN\",\"item\":\"https:\\\/\\\/cioelectro.com\\\/laden\\\/\"},{\"@type\":\"ListItem\",\"position\":3,\"name\":\"Newmen Evolution SL X.A.25 29&#8243; Boost Sram XD Laufradsatz\"}]},{\"@type\":\"WebSite\",\"@id\":\"https:\\\/\\\/cioelectro.com\\\/#website\",\"url\":\"https:\\\/\\\/cioelectro.com\\\/\",\"name\":\"cioelectro.com\",\"description\":\"Treten Sie mit uns ins Abenteuer!\",\"publisher\":{\"@id\":\"https:\\\/\\\/cioelectro.com\\\/#organization\"},\"alternateName\":\"MEIN RADLADEN\",\"potentialAction\":[{\"@type\":\"SearchAction\",\"target\":{\"@type\":\"EntryPoint\",\"urlTemplate\":\"https:\\\/\\\/cioelectro.com\\\/?s={search_term_string}\"},\"query-input\":{\"@type\":\"PropertyValueSpecification\",\"valueRequired\":true,\"valueName\":\"search_term_string\"}}],\"inLanguage\":\"en-US\"},{\"@type\":\"Organization\",\"@id\":\"https:\\\/\\\/cioelectro.com\\\/#organization\",\"name\":\"CIOELECTRO\",\"alternateName\":\"MEIN RADLADEN\",\"url\":\"https:\\\/\\\/cioelectro.com\\\/\",\"logo\":{\"@type\":\"ImageObject\",\"inLanguage\":\"en-US\",\"@id\":\"https:\\\/\\\/cioelectro.com\\\/#\\\/schema\\\/logo\\\/image\\\/\",\"url\":\"https:\\\/\\\/cioelectro.com\\\/wp-content\\\/uploads\\\/2025\\\/12\\\/Logo-2-1200x800.png\",\"contentUrl\":\"https:\\\/\\\/cioelectro.com\\\/wp-content\\\/uploads\\\/2025\\\/12\\\/Logo-2-1200x800.png\",\"width\":1200,\"height\":800,\"caption\":\"CIOELECTRO\"},\"image\":{\"@id\":\"https:\\\/\\\/cioelectro.com\\\/#\\\/schema\\\/logo\\\/image\\\/\"}}]}<\/script>\n<!-- \/ Yoast SEO Premium plugin. -->","yoast_head_json":{"title":"Newmen Evolution SL X.A.25 29\" Boost Sram XD Laufradsatz","description":"Entdecken Sie unseren Online-Fahrradladen: Gro\u00dfe Auswahl an Modellen f\u00fcr alle Radsportbegeisterten. Von Rennr\u00e4dern bis zu Mountainbikes - finden Sie heute Ihren perfekten Wegbegleiter!","robots":{"index":"index","follow":"follow","max-snippet":"max-snippet:-1","max-image-preview":"max-image-preview:large","max-video-preview":"max-video-preview:-1"},"canonical":"https:\/\/cioelectro.com\/en\/produkt\/newmen-evolution-sl-x-a-25-29-boost-sram-xd-laufradsatz\/","og_locale":"en_US","og_type":"article","og_title":"Newmen Evolution SL X.A.25 29\" Boost Sram XD Laufradsatz","og_description":"Entdecken Sie unseren Online-Fahrradladen: Gro\u00dfe Auswahl an Modellen f\u00fcr alle Radsportbegeisterten. Von Rennr\u00e4dern bis zu Mountainbikes - finden Sie heute Ihren perfekten Wegbegleiter!","og_url":"https:\/\/cioelectro.com\/en\/produkt\/newmen-evolution-sl-x-a-25-29-boost-sram-xd-laufradsatz\/","og_site_name":"cioelectro.com","article_modified_time":"2023-08-11T06:06:43+00:00","og_image":[{"width":800,"height":636,"url":"https:\/\/cioelectro.com\/wp-content\/uploads\/2023\/06\/Newmen-Evolution-SL-X.A.25-29-Boost-Sram-XD-Laufradsatz-0.jpg","type":"image\/jpeg"}],"twitter_card":"summary_large_image","twitter_misc":{"Est. reading time":"2 minutes"},"schema":{"@context":"https:\/\/schema.org","@graph":[{"@type":"WebPage","@id":"https:\/\/cioelectro.com\/produkt\/newmen-evolution-sl-x-a-25-29-boost-sram-xd-laufradsatz\/","url":"https:\/\/cioelectro.com\/produkt\/newmen-evolution-sl-x-a-25-29-boost-sram-xd-laufradsatz\/","name":"Newmen Evolution SL X.A.25 29\" Boost Sram XD Laufradsatz","isPartOf":{"@id":"https:\/\/cioelectro.com\/#website"},"primaryImageOfPage":{"@id":"https:\/\/cioelectro.com\/produkt\/newmen-evolution-sl-x-a-25-29-boost-sram-xd-laufradsatz\/#primaryimage"},"image":{"@id":"https:\/\/cioelectro.com\/produkt\/newmen-evolution-sl-x-a-25-29-boost-sram-xd-laufradsatz\/#primaryimage"},"thumbnailUrl":"https:\/\/cioelectro.com\/wp-content\/uploads\/2023\/06\/Newmen-Evolution-SL-X.A.25-29-Boost-Sram-XD-Laufradsatz-0.jpg","datePublished":"2022-11-24T19:04:58+00:00","dateModified":"2023-08-11T06:06:43+00:00","description":"Entdecken Sie unseren Online-Fahrradladen: Gro\u00dfe Auswahl an Modellen f\u00fcr alle Radsportbegeisterten. Von Rennr\u00e4dern bis zu Mountainbikes - finden Sie heute Ihren perfekten Wegbegleiter!","breadcrumb":{"@id":"https:\/\/cioelectro.com\/produkt\/newmen-evolution-sl-x-a-25-29-boost-sram-xd-laufradsatz\/#breadcrumb"},"inLanguage":"en-US","potentialAction":[{"@type":"ReadAction","target":["https:\/\/cioelectro.com\/produkt\/newmen-evolution-sl-x-a-25-29-boost-sram-xd-laufradsatz\/"]}]},{"@type":"ImageObject","inLanguage":"en-US","@id":"https:\/\/cioelectro.com\/produkt\/newmen-evolution-sl-x-a-25-29-boost-sram-xd-laufradsatz\/#primaryimage","url":"https:\/\/cioelectro.com\/wp-content\/uploads\/2023\/06\/Newmen-Evolution-SL-X.A.25-29-Boost-Sram-XD-Laufradsatz-0.jpg","contentUrl":"https:\/\/cioelectro.com\/wp-content\/uploads\/2023\/06\/Newmen-Evolution-SL-X.A.25-29-Boost-Sram-XD-Laufradsatz-0.jpg","width":800,"height":636,"caption":"Newmen Evolution SL X.A.25 29 Boost Sram XD Laufradsatz"},{"@type":"BreadcrumbList","@id":"https:\/\/cioelectro.com\/produkt\/newmen-evolution-sl-x-a-25-29-boost-sram-xd-laufradsatz\/#breadcrumb","itemListElement":[{"@type":"ListItem","position":1,"name":"Startseite","item":"https:\/\/cioelectro.com\/"},{"@type":"ListItem","position":2,"name":"LADEN","item":"https:\/\/cioelectro.com\/laden\/"},{"@type":"ListItem","position":3,"name":"Newmen Evolution SL X.A.25 29&#8243; Boost Sram XD Laufradsatz"}]},{"@type":"WebSite","@id":"https:\/\/cioelectro.com\/#website","url":"https:\/\/cioelectro.com\/","name":"cioelectro.com","description":"Treten Sie mit uns ins Abenteuer!","publisher":{"@id":"https:\/\/cioelectro.com\/#organization"},"alternateName":"MEIN RADLADEN","potentialAction":[{"@type":"SearchAction","target":{"@type":"EntryPoint","urlTemplate":"https:\/\/cioelectro.com\/?s={search_term_string}"},"query-input":{"@type":"PropertyValueSpecification","valueRequired":true,"valueName":"search_term_string"}}],"inLanguage":"en-US"},{"@type":"Organization","@id":"https:\/\/cioelectro.com\/#organization","name":"CIOELECTRO","alternateName":"MEIN RADLADEN","url":"https:\/\/cioelectro.com\/","logo":{"@type":"ImageObject","inLanguage":"en-US","@id":"https:\/\/cioelectro.com\/#\/schema\/logo\/image\/","url":"https:\/\/cioelectro.com\/wp-content\/uploads\/2025\/12\/Logo-2-1200x800.png","contentUrl":"https:\/\/cioelectro.com\/wp-content\/uploads\/2025\/12\/Logo-2-1200x800.png","width":1200,"height":800,"caption":"CIOELECTRO"},"image":{"@id":"https:\/\/cioelectro.com\/#\/schema\/logo\/image\/"}}]}},"_links":{"self":[{"href":"https:\/\/cioelectro.com\/en\/wp-json\/wp\/v2\/product\/44165","targetHints":{"allow":["GET"]}}],"collection":[{"href":"https:\/\/cioelectro.com\/en\/wp-json\/wp\/v2\/product"}],"about":[{"href":"https:\/\/cioelectro.com\/en\/wp-json\/wp\/v2\/types\/product"}],"replies":[{"embeddable":true,"href":"https:\/\/cioelectro.com\/en\/wp-json\/wp\/v2\/comments?post=44165"}],"version-history":[{"count":0,"href":"https:\/\/cioelectro.com\/en\/wp-json\/wp\/v2\/product\/44165\/revisions"}],"wp:featuredmedia":[{"embeddable":true,"href":"https:\/\/cioelectro.com\/en\/wp-json\/wp\/v2\/media\/63177"}],"wp:attachment":[{"href":"https:\/\/cioelectro.com\/en\/wp-json\/wp\/v2\/media?parent=44165"}],"wp:term":[{"taxonomy":"product_brand","embeddable":true,"href":"https:\/\/cioelectro.com\/en\/wp-json\/wp\/v2\/product_brand?post=44165"},{"taxonomy":"product_cat","embeddable":true,"href":"https:\/\/cioelectro.com\/en\/wp-json\/wp\/v2\/product_cat?post=44165"},{"taxonomy":"product_tag","embeddable":true,"href":"https:\/\/cioelectro.com\/en\/wp-json\/wp\/v2\/product_tag?post=44165"}],"curies":[{"name":"wp","href":"https:\/\/api.w.org\/{rel}","templated":true}]}}