{"id":44396,"date":"2022-11-25T17:54:41","date_gmt":"2022-11-25T16:54:41","guid":{"rendered":"https:\/\/meinradladen.com\/?post_type=product&#038;p=44396"},"modified":"2023-08-11T07:57:45","modified_gmt":"2023-08-11T05:57:45","slug":"fox-racing-36-k-float-27-5-factory-grip2-tapered-boost","status":"publish","type":"product","link":"https:\/\/cioelectro.com\/en\/produkt\/fox-racing-36-k-float-27-5-factory-grip2-tapered-boost\/","title":{"rendered":"Fox Racing 36 K Float 27.5&#8243; Factory Grip2 Tapered Boost"},"content":{"rendered":"<h2 class=\"product--title\"><strong>Fox Racing<\/strong>\u00a036 K Float 27.5&#8243; Factory Grip2 Tapered Boost<\/h2>\n<p>Die Fox Racing 36 mit Kashima Coat-Beschichtung und verbesserter GRIP2-Kartusche ist eine leichte Federgabel mit 160mm Federweg &#8211; entwickelt f\u00fcr Enduro und Trail <a href=\"http:\/\/1-1\">Fahrer<\/a>.<\/p>\n<h2>Geschmeidiger und besser abstimbarer als je zuvor: die 36 K Float 27.5&#8243; Factory 160 Grip2 Tapered Boost von Fox Racing<\/h2>\n<p>Die preisgekr\u00f6nte 36er erh\u00e4lt mit dem neuen FIT GRIP2 4-fach einstellbaren D\u00e4mpfer einen enormen Leistungsschub. Ausgestattet mit der zum Patent angemeldeten dualen variablen Ventilsteuerung (VVC) mit hoher und niedriger Zugstufe, verbesserter Druckstufend\u00e4mpfung und weniger Reibung insgesamt bietet die 36 eine neue Leistungsstufe und Einstellbarkeit, die den X2-D\u00e4mpfern entspricht. Die High-Speed-Druckstufe und High-Speed-Zugstufe ist jetzt mit je 8 Klicks einfach einstellbar.<\/p>\n<p>Die neue 36er Federgabel ist mit einem neuen patentierten Schnellspannsystem ausgestattet, das die Vorteile einer Steckachse mit dem Komfort eines werkzeuglosen Schnellspanners kombiniert. Bei diesem System wird der Abstand \u00fcber eine schwimmend gelagerte H\u00fclse arretiert, was einen wiederholten Aus- und Einbau des Vorderrads erm\u00f6glicht und gleichzeitig eine perfekte Ausrichtung der Gabel gew\u00e4hrleistet. Die Positionierung der Steckachse ist werksseitig voreingestellt, dies hat den Vorteil, dass das Vorderrad einfach eingebaut werden kann.<\/p>\n<p>Das Bogendesign der neuen 36er ist so konzipiert, dass es perfekt zu modernen Enduro- und Downhill-Bikes passt. Die Profile der Steuerrohre werden immer breiter und die Offsets immer k\u00fcrzer. Die neue Bogenform tr\u00e4gt diesem Umstand Rechnung, indem sie nach vorne ragt, um bei voller Kompression gen\u00fcgend Freiraum f\u00fcr das Steuerrohr zu bieten.<\/p>\n<p>&#8220;Factory&#8221; sagt alles. Die beste Technologie, die FOX zu bieten hat, ist in den Factory Series Modellen mit butterweichen und extrem haltbaren Original Kashima Beschichtung erh\u00e4ltlich.<\/p>\n<hr \/>\n<h3>Features &#8211; Fox Racing 36 K FLOAT 27,5&#8243; Factory Grip2 Tapered Boost<\/h3>\n<ul>\n<li>Modell &#8211; 2022 Factory Series 36 FLOAT 27,5 Grip2 Fit<\/li>\n<li>FLOAT EVOL-Luftfeder sorgt f\u00fcr extra satte Federung<\/li>\n<li>Factory Series-Modelle mit Kashima Coat-Beschichtung<\/li>\n<li>Komplett neu designte Tauchrohreinheit, Optimum aus Steifigkeit\/Gewicht<\/li>\n<li>Luft- und \u00d6l-Kan\u00e4le in der Tauchrohreinheit<\/li>\n<li>Neues Gabelbr\u00fcckendesign f\u00fcr mehr Platz im Steuerrohrbereich; Gro\u00dfer Vorteil bei k\u00fcrzeren Offsets<\/li>\n<li>Verbesserte GRIP2 Kartusche f\u00fcr eine noch bessere Kontrolle<\/li>\n<li>GRIP2 mit dualem VVC (Variable Valve Control)<\/li>\n<li>High-Speed-Druckstufe und High-Speed-Zugstufe mit je 8 Klicks einfach einstellbar<\/li>\n<li>Angepasster Gabelkronendurchmesser f\u00fcr optisch gleichm\u00e4\u00dfigen \u00dcbergang zwischen volumin\u00f6sen Steuerrohren und Gabelkrone<\/li>\n<li>4-Punkt-Direktbefestigungsaufnahme f\u00fcr Mudguards<\/li>\n<\/ul>\n<h3>Produkteigenschaften<\/h3>\n<ul>\n<li><strong>Einsatzbereich:<\/strong>\u00a0All Mountain, Trail, Enduro<\/li>\n<li><strong>Laufradgr\u00f6\u00dfe:<\/strong>\u00a027,5&#8243;<\/li>\n<li><strong>Federung:<\/strong>\u00a0Luft<\/li>\n<li><strong>D\u00e4mpfung:<\/strong>\u00a0Grip2 FIT mit Feinabstimmung<\/li>\n<li><strong>Einstellbarkeit:<\/strong>\u00a0Zugstufe, Federh\u00e4rte \u00fcber Luftdruck, Grip2 FIT mit Feinabstimmung<\/li>\n<li><strong>Einstellbarkeit Grip2 D\u00e4mpfer:<\/strong>\n<ul>\n<li><strong>High-speed Druckstufe:<\/strong>\u00a08 klicks (w\/VVC)<\/li>\n<li><strong>Low-speed Druckstufe:<\/strong>\u00a016 klicks<\/li>\n<li><strong>High-speed Zugstufe:<\/strong>\u00a08 klicks (w\/VVC)<\/li>\n<li><strong>Low-speed Zugstufe:<\/strong>\u00a016 klicks<\/li>\n<\/ul>\n<\/li>\n<li><strong>Gabelschaft:<\/strong>\u00a0Tapered 1.5&#8243; auf 1 1\/8&#8243; (konisch)<\/li>\n<li><strong>Gabelschaftl\u00e4nge:<\/strong>\u00a0264mm<\/li>\n<li><strong>Standrohre:<\/strong>\u00a036mm<\/li>\n<li><strong>Scheibenbremsaufnahme:\u00a0<\/strong>Post Mount (PM7 &#8211; Direct Mount 180mm)<\/li>\n<li><strong>H\u00f6chste empfohlene Bremsscheibengr\u00f6\u00dfe:<\/strong>\u00a0230mm<\/li>\n<li><strong>Ausfallenden:<\/strong>\u00a0Boost 15x110mm Steckachse mit Schnellspannhebel<\/li>\n<\/ul>\n<h3>Federweg \/ Offset \/ Ausfallende (Variante w\u00e4hlen)<\/h3>\n<ul>\n<li>160mm \/ 37 Offset \/ Boost<\/li>\n<li>160mm \/ 44 Offset \/ Boost<\/li>\n<\/ul>\n<h3>Material<\/h3>\n<ul>\n<li style=\"list-style-type: none;\">\n<ul>\n<li><strong>Gabelschaft:<\/strong>\u00a0Aluminium<\/li>\n<\/ul>\n<\/li>\n<\/ul>\n<ul>\n<li><strong>Gabelkrone:<\/strong>\u00a0Aluminium<\/li>\n<li><strong>Tauchrohre:<\/strong>\u00a0Magnesium<\/li>\n<li><strong>Standrohre:<\/strong>\u00a0Aluminium (Kashima Coat-Beschichtung)<\/li>\n<\/ul>\n<h3>Farbe<\/h3>\n<ul>\n<li>shiny black orange \/ gloss black<\/li>\n<\/ul>\n<h3>Gewicht<\/h3>\n<ul>\n<li>ab 1965g (Herstellerangabe)<\/li>\n<\/ul>\n<hr \/>\n<h3>Lieferumfang<\/h3>\n<ul>\n<li>1 Fox Racing 36 K FLOAT 27,5&#8243; Factory\u00a0 Grip2 Tapered Boost<\/li>\n<li>1 Fox Racing Boost 15x110mm Steckachse mit Schnellspannhebel<\/li>\n<li>1 Leitungsf\u00fchrung<\/li>\n<li>1 Einschlagkralle<\/li>\n<li>3 Volumenspacer<\/li>\n<li>Anleitung<\/li>\n<\/ul>\n<hr \/>\n<h3>Technologien<\/h3>\n<p><strong>FIT GRIP2<\/strong><br \/>\nDie geschlossene FIT-D\u00e4mpfung der neuen Generation. High- und Lowspeedcompression sowie High- und Lowspeedrebound lassen sich unabh\u00e4ngig voneinander einstellen. Die VARIABLE VALUE CONTROL- Einheit gibt Ihnen das Gef\u00fchl nicht nur die Vorspannung zu erh\u00f6hen, sondern, dass der Shimstack an Sie angepasst wurde. Das raffinierte Mid-Valve Design erlaubt eine effektivere D\u00e4mpfungskennlinie.<\/p>\n<p><strong>Kashima Coat Beschichtung\u00a0<\/strong><br \/>\nDie markante goldene Genuine Kashima Coat-Beschichtung bietet eine \u00fcberragende Gesamtperformance und sorgt f\u00fcr minimale Reibung und ein optimales Ansprechverhalten bei maximaler Haltbarkeit. Alle Gabeln der Factory-Serie &#8211; Jetzt f\u00fcr alle Gabeln der Factory-Serie erh\u00e4ltlich. Die Genuine Kashima Coat-Beschichtung f\u00fcr ein butterweiches Fahrgef\u00fchl ist exklusiv nur von FOX erh\u00e4ltlich &#8211; das Kashima Coat-Logo ist auf beide Standrohre aufgebracht.<br \/>\n<strong><br \/>\n<\/strong><\/p>\n<hr \/>\n<h3>FOX FLOAT Air Spring (Luftfeder)<\/h3>\n<p><iframe src=\"https:\/\/www.youtube-nocookie.com\/embed\/03pdywBkuNQ?rel=0&amp;showinfo=0\" width=\"640\" height=\"360\" frameborder=\"0\" allowfullscreen=\"allowfullscreen\" data-mce-fragment=\"1\"><\/iframe><\/p>","protected":false},"excerpt":{"rendered":"<p>Fox Racing\u00a036 K Float 27.5&#8243; Factory Grip2 Tapered Boost Die Fox Racing 36 mit Kashima Coat-Beschichtung und verbesserter GRIP2-Kartusche ist<\/p>","protected":false},"featured_media":63278,"comment_status":"open","ping_status":"closed","template":"","meta":{"_rtcl_gb_attr":""},"product_brand":[],"product_cat":[460,423],"product_tag":[],"class_list":{"0":"post-44396","1":"product","2":"type-product","3":"status-publish","4":"has-post-thumbnail","6":"product_cat-rennrad-teile","7":"product_cat-teile","8":"pa_marke-fox","10":"first","11":"instock","12":"sale","13":"taxable","14":"shipping-taxable","15":"purchasable","16":"product-type-variable"},"yoast_head":"<!-- This site is optimized with the Yoast SEO Premium plugin v20.12 (Yoast SEO v27.4) - https:\/\/yoast.com\/product\/yoast-seo-premium-wordpress\/ -->\n<title>Fox Racing 36 K Float 27.5&quot; Factory Grip2 Tapered Boost<\/title>\n<meta name=\"description\" content=\"Entdecken Sie unseren Online-Fahrradladen: Gro\u00dfe Auswahl an Modellen f\u00fcr alle Radsportbegeisterten. Von Rennr\u00e4dern bis zu Mountainbikes - finden Sie heute Ihren perfekten Wegbegleiter!\" \/>\n<meta name=\"robots\" content=\"index, follow, max-snippet:-1, max-image-preview:large, max-video-preview:-1\" \/>\n<link rel=\"canonical\" href=\"https:\/\/cioelectro.com\/en\/produkt\/fox-racing-36-k-float-27-5-factory-grip2-tapered-boost\/\" \/>\n<meta property=\"og:locale\" content=\"en_US\" \/>\n<meta property=\"og:type\" content=\"article\" \/>\n<meta property=\"og:title\" content=\"Fox Racing 36 K Float 27.5&quot; Factory Grip2 Tapered Boost\" \/>\n<meta property=\"og:description\" content=\"Entdecken Sie unseren Online-Fahrradladen: Gro\u00dfe Auswahl an Modellen f\u00fcr alle Radsportbegeisterten. Von Rennr\u00e4dern bis zu Mountainbikes - finden Sie heute Ihren perfekten Wegbegleiter!\" \/>\n<meta property=\"og:url\" content=\"https:\/\/cioelectro.com\/en\/produkt\/fox-racing-36-k-float-27-5-factory-grip2-tapered-boost\/\" \/>\n<meta property=\"og:site_name\" content=\"cioelectro.com\" \/>\n<meta property=\"article:modified_time\" content=\"2023-08-11T05:57:45+00:00\" \/>\n<meta property=\"og:image\" content=\"https:\/\/cioelectro.com\/wp-content\/uploads\/2023\/06\/fox-racing-910-20-241-36-K-FLOAT-29-Factory-150-Grip-2-Tapered-Boost-1_800x800-00.jpg\" \/>\n\t<meta property=\"og:image:width\" content=\"231\" \/>\n\t<meta property=\"og:image:height\" content=\"800\" \/>\n\t<meta property=\"og:image:type\" content=\"image\/jpeg\" \/>\n<meta name=\"twitter:card\" content=\"summary_large_image\" \/>\n<meta name=\"twitter:label1\" content=\"Est. reading time\" \/>\n\t<meta name=\"twitter:data1\" content=\"4 minutes\" \/>\n<script type=\"application\/ld+json\" class=\"yoast-schema-graph\">{\"@context\":\"https:\\\/\\\/schema.org\",\"@graph\":[{\"@type\":\"WebPage\",\"@id\":\"https:\\\/\\\/cioelectro.com\\\/produkt\\\/fox-racing-36-k-float-27-5-factory-grip2-tapered-boost\\\/\",\"url\":\"https:\\\/\\\/cioelectro.com\\\/produkt\\\/fox-racing-36-k-float-27-5-factory-grip2-tapered-boost\\\/\",\"name\":\"Fox Racing 36 K Float 27.5\\\" Factory Grip2 Tapered Boost\",\"isPartOf\":{\"@id\":\"https:\\\/\\\/cioelectro.com\\\/#website\"},\"primaryImageOfPage\":{\"@id\":\"https:\\\/\\\/cioelectro.com\\\/produkt\\\/fox-racing-36-k-float-27-5-factory-grip2-tapered-boost\\\/#primaryimage\"},\"image\":{\"@id\":\"https:\\\/\\\/cioelectro.com\\\/produkt\\\/fox-racing-36-k-float-27-5-factory-grip2-tapered-boost\\\/#primaryimage\"},\"thumbnailUrl\":\"https:\\\/\\\/cioelectro.com\\\/wp-content\\\/uploads\\\/2023\\\/06\\\/fox-racing-910-20-241-36-K-FLOAT-29-Factory-150-Grip-2-Tapered-Boost-1_800x800-00.jpg\",\"datePublished\":\"2022-11-25T16:54:41+00:00\",\"dateModified\":\"2023-08-11T05:57:45+00:00\",\"description\":\"Entdecken Sie unseren Online-Fahrradladen: Gro\u00dfe Auswahl an Modellen f\u00fcr alle Radsportbegeisterten. Von Rennr\u00e4dern bis zu Mountainbikes - finden Sie heute Ihren perfekten Wegbegleiter!\",\"breadcrumb\":{\"@id\":\"https:\\\/\\\/cioelectro.com\\\/produkt\\\/fox-racing-36-k-float-27-5-factory-grip2-tapered-boost\\\/#breadcrumb\"},\"inLanguage\":\"en-US\",\"potentialAction\":[{\"@type\":\"ReadAction\",\"target\":[\"https:\\\/\\\/cioelectro.com\\\/produkt\\\/fox-racing-36-k-float-27-5-factory-grip2-tapered-boost\\\/\"]}]},{\"@type\":\"ImageObject\",\"inLanguage\":\"en-US\",\"@id\":\"https:\\\/\\\/cioelectro.com\\\/produkt\\\/fox-racing-36-k-float-27-5-factory-grip2-tapered-boost\\\/#primaryimage\",\"url\":\"https:\\\/\\\/cioelectro.com\\\/wp-content\\\/uploads\\\/2023\\\/06\\\/fox-racing-910-20-241-36-K-FLOAT-29-Factory-150-Grip-2-Tapered-Boost-1_800x800-00.jpg\",\"contentUrl\":\"https:\\\/\\\/cioelectro.com\\\/wp-content\\\/uploads\\\/2023\\\/06\\\/fox-racing-910-20-241-36-K-FLOAT-29-Factory-150-Grip-2-Tapered-Boost-1_800x800-00.jpg\",\"width\":231,\"height\":800,\"caption\":\"Fox Racing 36 K Float 27.5 Factory Grip2 Tapered Boost\"},{\"@type\":\"BreadcrumbList\",\"@id\":\"https:\\\/\\\/cioelectro.com\\\/produkt\\\/fox-racing-36-k-float-27-5-factory-grip2-tapered-boost\\\/#breadcrumb\",\"itemListElement\":[{\"@type\":\"ListItem\",\"position\":1,\"name\":\"Startseite\",\"item\":\"https:\\\/\\\/cioelectro.com\\\/\"},{\"@type\":\"ListItem\",\"position\":2,\"name\":\"LADEN\",\"item\":\"https:\\\/\\\/cioelectro.com\\\/laden\\\/\"},{\"@type\":\"ListItem\",\"position\":3,\"name\":\"Fox Racing 36 K Float 27.5&#8243; Factory Grip2 Tapered Boost\"}]},{\"@type\":\"WebSite\",\"@id\":\"https:\\\/\\\/cioelectro.com\\\/#website\",\"url\":\"https:\\\/\\\/cioelectro.com\\\/\",\"name\":\"cioelectro.com\",\"description\":\"Treten Sie mit uns ins Abenteuer!\",\"publisher\":{\"@id\":\"https:\\\/\\\/cioelectro.com\\\/#organization\"},\"alternateName\":\"MEIN RADLADEN\",\"potentialAction\":[{\"@type\":\"SearchAction\",\"target\":{\"@type\":\"EntryPoint\",\"urlTemplate\":\"https:\\\/\\\/cioelectro.com\\\/?s={search_term_string}\"},\"query-input\":{\"@type\":\"PropertyValueSpecification\",\"valueRequired\":true,\"valueName\":\"search_term_string\"}}],\"inLanguage\":\"en-US\"},{\"@type\":\"Organization\",\"@id\":\"https:\\\/\\\/cioelectro.com\\\/#organization\",\"name\":\"CIOELECTRO\",\"alternateName\":\"MEIN RADLADEN\",\"url\":\"https:\\\/\\\/cioelectro.com\\\/\",\"logo\":{\"@type\":\"ImageObject\",\"inLanguage\":\"en-US\",\"@id\":\"https:\\\/\\\/cioelectro.com\\\/#\\\/schema\\\/logo\\\/image\\\/\",\"url\":\"https:\\\/\\\/cioelectro.com\\\/wp-content\\\/uploads\\\/2025\\\/12\\\/Logo-2-1200x800.png\",\"contentUrl\":\"https:\\\/\\\/cioelectro.com\\\/wp-content\\\/uploads\\\/2025\\\/12\\\/Logo-2-1200x800.png\",\"width\":1200,\"height\":800,\"caption\":\"CIOELECTRO\"},\"image\":{\"@id\":\"https:\\\/\\\/cioelectro.com\\\/#\\\/schema\\\/logo\\\/image\\\/\"}}]}<\/script>\n<!-- \/ Yoast SEO Premium plugin. -->","yoast_head_json":{"title":"Fox Racing 36 K Float 27.5\" Factory Grip2 Tapered Boost","description":"Entdecken Sie unseren Online-Fahrradladen: Gro\u00dfe Auswahl an Modellen f\u00fcr alle Radsportbegeisterten. Von Rennr\u00e4dern bis zu Mountainbikes - finden Sie heute Ihren perfekten Wegbegleiter!","robots":{"index":"index","follow":"follow","max-snippet":"max-snippet:-1","max-image-preview":"max-image-preview:large","max-video-preview":"max-video-preview:-1"},"canonical":"https:\/\/cioelectro.com\/en\/produkt\/fox-racing-36-k-float-27-5-factory-grip2-tapered-boost\/","og_locale":"en_US","og_type":"article","og_title":"Fox Racing 36 K Float 27.5\" Factory Grip2 Tapered Boost","og_description":"Entdecken Sie unseren Online-Fahrradladen: Gro\u00dfe Auswahl an Modellen f\u00fcr alle Radsportbegeisterten. Von Rennr\u00e4dern bis zu Mountainbikes - finden Sie heute Ihren perfekten Wegbegleiter!","og_url":"https:\/\/cioelectro.com\/en\/produkt\/fox-racing-36-k-float-27-5-factory-grip2-tapered-boost\/","og_site_name":"cioelectro.com","article_modified_time":"2023-08-11T05:57:45+00:00","og_image":[{"width":231,"height":800,"url":"https:\/\/cioelectro.com\/wp-content\/uploads\/2023\/06\/fox-racing-910-20-241-36-K-FLOAT-29-Factory-150-Grip-2-Tapered-Boost-1_800x800-00.jpg","type":"image\/jpeg"}],"twitter_card":"summary_large_image","twitter_misc":{"Est. reading time":"4 minutes"},"schema":{"@context":"https:\/\/schema.org","@graph":[{"@type":"WebPage","@id":"https:\/\/cioelectro.com\/produkt\/fox-racing-36-k-float-27-5-factory-grip2-tapered-boost\/","url":"https:\/\/cioelectro.com\/produkt\/fox-racing-36-k-float-27-5-factory-grip2-tapered-boost\/","name":"Fox Racing 36 K Float 27.5\" Factory Grip2 Tapered Boost","isPartOf":{"@id":"https:\/\/cioelectro.com\/#website"},"primaryImageOfPage":{"@id":"https:\/\/cioelectro.com\/produkt\/fox-racing-36-k-float-27-5-factory-grip2-tapered-boost\/#primaryimage"},"image":{"@id":"https:\/\/cioelectro.com\/produkt\/fox-racing-36-k-float-27-5-factory-grip2-tapered-boost\/#primaryimage"},"thumbnailUrl":"https:\/\/cioelectro.com\/wp-content\/uploads\/2023\/06\/fox-racing-910-20-241-36-K-FLOAT-29-Factory-150-Grip-2-Tapered-Boost-1_800x800-00.jpg","datePublished":"2022-11-25T16:54:41+00:00","dateModified":"2023-08-11T05:57:45+00:00","description":"Entdecken Sie unseren Online-Fahrradladen: Gro\u00dfe Auswahl an Modellen f\u00fcr alle Radsportbegeisterten. Von Rennr\u00e4dern bis zu Mountainbikes - finden Sie heute Ihren perfekten Wegbegleiter!","breadcrumb":{"@id":"https:\/\/cioelectro.com\/produkt\/fox-racing-36-k-float-27-5-factory-grip2-tapered-boost\/#breadcrumb"},"inLanguage":"en-US","potentialAction":[{"@type":"ReadAction","target":["https:\/\/cioelectro.com\/produkt\/fox-racing-36-k-float-27-5-factory-grip2-tapered-boost\/"]}]},{"@type":"ImageObject","inLanguage":"en-US","@id":"https:\/\/cioelectro.com\/produkt\/fox-racing-36-k-float-27-5-factory-grip2-tapered-boost\/#primaryimage","url":"https:\/\/cioelectro.com\/wp-content\/uploads\/2023\/06\/fox-racing-910-20-241-36-K-FLOAT-29-Factory-150-Grip-2-Tapered-Boost-1_800x800-00.jpg","contentUrl":"https:\/\/cioelectro.com\/wp-content\/uploads\/2023\/06\/fox-racing-910-20-241-36-K-FLOAT-29-Factory-150-Grip-2-Tapered-Boost-1_800x800-00.jpg","width":231,"height":800,"caption":"Fox Racing 36 K Float 27.5 Factory Grip2 Tapered Boost"},{"@type":"BreadcrumbList","@id":"https:\/\/cioelectro.com\/produkt\/fox-racing-36-k-float-27-5-factory-grip2-tapered-boost\/#breadcrumb","itemListElement":[{"@type":"ListItem","position":1,"name":"Startseite","item":"https:\/\/cioelectro.com\/"},{"@type":"ListItem","position":2,"name":"LADEN","item":"https:\/\/cioelectro.com\/laden\/"},{"@type":"ListItem","position":3,"name":"Fox Racing 36 K Float 27.5&#8243; Factory Grip2 Tapered Boost"}]},{"@type":"WebSite","@id":"https:\/\/cioelectro.com\/#website","url":"https:\/\/cioelectro.com\/","name":"cioelectro.com","description":"Treten Sie mit uns ins Abenteuer!","publisher":{"@id":"https:\/\/cioelectro.com\/#organization"},"alternateName":"MEIN RADLADEN","potentialAction":[{"@type":"SearchAction","target":{"@type":"EntryPoint","urlTemplate":"https:\/\/cioelectro.com\/?s={search_term_string}"},"query-input":{"@type":"PropertyValueSpecification","valueRequired":true,"valueName":"search_term_string"}}],"inLanguage":"en-US"},{"@type":"Organization","@id":"https:\/\/cioelectro.com\/#organization","name":"CIOELECTRO","alternateName":"MEIN RADLADEN","url":"https:\/\/cioelectro.com\/","logo":{"@type":"ImageObject","inLanguage":"en-US","@id":"https:\/\/cioelectro.com\/#\/schema\/logo\/image\/","url":"https:\/\/cioelectro.com\/wp-content\/uploads\/2025\/12\/Logo-2-1200x800.png","contentUrl":"https:\/\/cioelectro.com\/wp-content\/uploads\/2025\/12\/Logo-2-1200x800.png","width":1200,"height":800,"caption":"CIOELECTRO"},"image":{"@id":"https:\/\/cioelectro.com\/#\/schema\/logo\/image\/"}}]}},"_links":{"self":[{"href":"https:\/\/cioelectro.com\/en\/wp-json\/wp\/v2\/product\/44396","targetHints":{"allow":["GET"]}}],"collection":[{"href":"https:\/\/cioelectro.com\/en\/wp-json\/wp\/v2\/product"}],"about":[{"href":"https:\/\/cioelectro.com\/en\/wp-json\/wp\/v2\/types\/product"}],"replies":[{"embeddable":true,"href":"https:\/\/cioelectro.com\/en\/wp-json\/wp\/v2\/comments?post=44396"}],"version-history":[{"count":0,"href":"https:\/\/cioelectro.com\/en\/wp-json\/wp\/v2\/product\/44396\/revisions"}],"wp:featuredmedia":[{"embeddable":true,"href":"https:\/\/cioelectro.com\/en\/wp-json\/wp\/v2\/media\/63278"}],"wp:attachment":[{"href":"https:\/\/cioelectro.com\/en\/wp-json\/wp\/v2\/media?parent=44396"}],"wp:term":[{"taxonomy":"product_brand","embeddable":true,"href":"https:\/\/cioelectro.com\/en\/wp-json\/wp\/v2\/product_brand?post=44396"},{"taxonomy":"product_cat","embeddable":true,"href":"https:\/\/cioelectro.com\/en\/wp-json\/wp\/v2\/product_cat?post=44396"},{"taxonomy":"product_tag","embeddable":true,"href":"https:\/\/cioelectro.com\/en\/wp-json\/wp\/v2\/product_tag?post=44396"}],"curies":[{"name":"wp","href":"https:\/\/api.w.org\/{rel}","templated":true}]}}