{"id":44451,"date":"2022-11-25T19:06:03","date_gmt":"2022-11-25T18:06:03","guid":{"rendered":"https:\/\/meinradladen.com\/?post_type=product&#038;p=44451"},"modified":"2024-05-17T11:16:55","modified_gmt":"2024-05-17T09:16:55","slug":"radon-deft-10-0-750","status":"publish","type":"product","link":"https:\/\/cioelectro.com\/en\/produkt\/radon-deft-10-0-750\/","title":{"rendered":"Radon Deft 10.0 750"},"content":{"rendered":"<div class=\"product--headername\">\n<h2 class=\"product--title\"><strong>Radon<\/strong>\u00a0Deft 10.0 750<\/h2>\n<p>DEFT 10.0 750 hei\u00dft mehr geht nicht! Hier stellen wir das Maximum an Trailkompetenz und Fahrspa\u00df auf die grobstolligen, gro\u00dfen R\u00e4der und packen zur superben Basis aus Rahmen und Antrieb auch noch das Optimum an Ausstattung, damit Du Deine Grenzen ausloten und Deine Fahrtechnik-Skills verschieben kannst.<\/p>\n<hr \/>\n<h3>Die Highlights des DEFT 10.0 750<\/h3>\n<p>Die Grundzutaten f\u00fcr epische Trailrides sind alle am Start beim DEFT Carbonrahmen: massives Fahrwerk mit 170mm Federweg vorne wie hinten, 29&#8243; Laufr\u00e4der f\u00fcr bestes \u00dcberrollverhalten, ins Unterrohr integrierte Powertube-Batterie, voll integrierte Zugf\u00fchrung durch die obere Abdeckkappe des Acros Steuersatzes, ins Ausfallenende integrierter Speedsensor, externer Ladeport mit Schutzklappe auf dem Sitzrohr und viele weitere technische Highlights sowie feine Detaill\u00f6sungen.<\/p>\n<p><strong>Ausstattung abweichend, Bild zeigt Vorserienmodell &#8211; Serie kommt mit Bosch System Controller \/ Mini Remote!<\/strong><\/p>\n<hr \/>\n<h3>Der DEFT Rahmen<\/h3>\n<p>Der DEFT Rahmen ist eine absolute Augenweide und ist technisch mit neuesten Finessen ausgestattet. Mit 170mm Federweg an Front und Heck bieten wir nicht nur ein reinrassiges E-Enduro, sondern auch enorme Reserven im Trail und sorgen somit f\u00fcr eine Menge Fahrspa\u00df. F\u00fcr den cleanen Look sorgen die komplett durch den Steuersatz verlegten Z\u00fcge und Leitungen. Ebenfalls verf\u00fcgt dieser \u00fcber eine Block-Lock Funktion, wodurch Folgesch\u00e4den im Falle eines Sturzes verhindert werden.<\/p>\n<p>Der fl\u00fcgel\u00e4hnliche \u00dcberwurf, welcher Ober und Unterrohr verbindet, macht nicht nur optisch was her, sondern bietet auch in technischer Hinsicht ein absolutes Highlight. Sowohl der Carbon-Hauptrahmen als auch die Trunnion-D\u00e4mpferaufnahme bewirken eine Menge Steifigkeit und Stabilit\u00e4t. Wie auch beim RENDER bietet die untere D\u00e4mpferaufnahme gleichzeitig einen Teil der Wippe, welche dem Rahmen eine einzigartige Kinematik und besonders hohe Stabilit\u00e4t des Hinterbaus verleiht. Der 750Wh gro\u00dfe Akku wird durch eine Patrone in das Unterrohr integriert, die f\u00fcr ger\u00e4uscharmes Fahren und einen wackelfreien Sitz sorgt. Durch eine gummierte Abdeckung, welche das Unterrohr abschlie\u00dft, l\u00e4sst sich der Akku problemlos und schnell entnehmen. Mittels der am Sitzrohr befindlichen Ladebuchse l\u00e4sst sich der Akku ohne Entnahme laden. Das Schaltwerk wird am neuen, hersteller\u00fcbergreifend genormten UDH hanger montiert, der Speedsensor ist elegant in der Bremsscheibe und Kettenstrebe integriert, sodass der klassische Speichenmagnet der Vergangenheit angeh\u00f6rt.<\/p>\n<hr \/>\n<p>&nbsp;<\/p>\n<h3>The all new RADON DEFT &#8211; All day long<\/h3>\n<p><center><iframe title=\"YouTube video player\" src=\"https:\/\/www.youtube-nocookie.com\/embed\/w85GCON-42o\" width=\"640\" height=\"360\" frameborder=\"0\" allowfullscreen=\"allowfullscreen\" data-mce-fragment=\"1\"><\/iframe><\/center><\/p>\n<hr \/>\n<p><strong>Zul\u00e4ssiges Gesamtgewicht: 135 kg (K\u00f6rpergewicht + Fahrrad + Ausr\u00fcstung)<\/strong><\/p>\n<h2>Ausstattung<\/h2>\n<div class=\"product--properties panel has--border\">\n<table class=\"product--properties-table\">\n<tbody>\n<tr class=\"product--properties-row row1\">\n<td class=\"product--properties-label is--bold\">Rahmen:<\/td>\n<td class=\"product--properties-value\">RADON DEFT, maximale Reifenbreite: 2.6&#8243;<\/td>\n<\/tr>\n<tr class=\"product--properties-row row2\">\n<td class=\"product--properties-label is--bold\">Rahmenmaterial:<\/td>\n<td class=\"product--properties-value\">Carbon Hauptrahmen \/ Aluminium Hinterbau<\/td>\n<\/tr>\n<tr class=\"product--properties-row row3\">\n<td class=\"product--properties-label is--bold\">Laufradgr\u00f6\u00dfe:<\/td>\n<td class=\"product--properties-value\">29&#8243;<\/td>\n<\/tr>\n<tr class=\"product--properties-row row4\">\n<td class=\"product--properties-label is--bold\">Farbe:<\/td>\n<td class=\"product--properties-value\">UD carbon \/ deepblack<\/td>\n<\/tr>\n<tr class=\"product--properties-row row5\">\n<td class=\"product--properties-label is--bold\">Gabel:<\/td>\n<td class=\"product--properties-value\">Fox 38 Factory, FIT GRIP2, E-Tuned, Boost, Nachlauf: 44mm<\/td>\n<\/tr>\n<tr class=\"product--properties-row row6\">\n<td class=\"product--properties-label is--bold\">D\u00e4mpfer:<\/td>\n<td class=\"product--properties-value\">Fox Float X2 Factory, 2-Pos., EVOL LV, Kashima, Einbauma\u00df: 205 x 65mm, Buchsenma\u00df: oben: Trunnion, unten: DU-Bushing 12.7mm<\/td>\n<\/tr>\n<tr class=\"product--properties-row row7\">\n<td class=\"product--properties-label is--bold\">Federweg:<\/td>\n<td class=\"product--properties-value\">170mm \/ 170mm<\/td>\n<\/tr>\n<tr class=\"product--properties-row row8\">\n<td class=\"product--properties-label is--bold\">Bremsen:<\/td>\n<td class=\"product--properties-value\">Magura MT7<\/td>\n<\/tr>\n<tr class=\"product--properties-row row9\">\n<td class=\"product--properties-label is--bold\">Bremsscheiben:<\/td>\n<td class=\"product--properties-value\">Magura MDR-P, 220\/203mm, 6-bolt<\/td>\n<\/tr>\n<tr class=\"product--properties-row row10\">\n<td class=\"product--properties-label is--bold\">Steuersatz:<\/td>\n<td class=\"product--properties-value\">Acros Block-Lock, ZS56\/ZS56, Internal cable routing<\/td>\n<\/tr>\n<tr class=\"product--properties-row row11\">\n<td class=\"product--properties-label is--bold\">Vorbau:<\/td>\n<td class=\"product--properties-value\">Race Face Turbine R, \u00d835mm (M: 40mm, L: 40mm, XL: 60mm)<\/td>\n<\/tr>\n<tr class=\"product--properties-row row12\">\n<td class=\"product--properties-label is--bold\">Lenker:<\/td>\n<td class=\"product--properties-value\">Race Face Turbine R, 35 x 780mm, 35mm rise<\/td>\n<\/tr>\n<tr class=\"product--properties-row row13\">\n<td class=\"product--properties-label is--bold\">Griffe:<\/td>\n<td class=\"product--properties-value\">SDG Thrice<\/td>\n<\/tr>\n<tr class=\"product--properties-row row14\">\n<td class=\"product--properties-label is--bold\">Sattel:<\/td>\n<td class=\"product--properties-value\">SDG Bel Air V3<\/td>\n<\/tr>\n<tr class=\"product--properties-row row15\">\n<td class=\"product--properties-label is--bold\">Sattelst\u00fctze:<\/td>\n<td class=\"product--properties-value\">Fox Transfer Factory, Kashima, 31.6mm (M: 125mm Hub, L: 150mm Hub, XL: 150mm Hub)<\/td>\n<\/tr>\n<\/tbody>\n<\/table>\n<table class=\"product--properties-table\">\n<tbody>\n<tr class=\"product--properties-row row16\">\n<td class=\"product--properties-label is--bold\">Kurbel:<\/td>\n<td class=\"product--properties-value\">e*thirteen e*spec Plus, 165mm, SRAM Eagle Chainring X-SYNC 2 , 34T<\/td>\n<\/tr>\n<tr class=\"product--properties-row row17\">\n<td class=\"product--properties-label is--bold\">Schaltwerk:<\/td>\n<td class=\"product--properties-value\">SRAM X01 Eagle, 12-speed<\/td>\n<\/tr>\n<tr class=\"product--properties-row row18\">\n<td class=\"product--properties-label is--bold\">Schalthebel:<\/td>\n<td class=\"product--properties-value\">SRAM GX Eagle, single click, Shiftmix<\/td>\n<\/tr>\n<tr class=\"product--properties-row row19\">\n<td class=\"product--properties-label is--bold\">Kettenf\u00fchrung:<\/td>\n<td class=\"product--properties-value\">Reverse Components Flip-Guide, direct mount<\/td>\n<\/tr>\n<tr class=\"product--properties-row row20\">\n<td class=\"product--properties-label is--bold\">Kassette:<\/td>\n<td class=\"product--properties-value\">SRAM GX Eagle Lunar XG-1275, 10-52<\/td>\n<\/tr>\n<tr class=\"product--properties-row row21\">\n<td class=\"product--properties-label is--bold\">Kette:<\/td>\n<td class=\"product--properties-value\">SRAM GX Eagle<\/td>\n<\/tr>\n<tr class=\"product--properties-row row22\">\n<td class=\"product--properties-label is--bold\">Reifen vorne:<\/td>\n<td class=\"product--properties-value\">Maxxis Assegai, 3C, MaxxTerra, EXO+, TR, 29&#8243; x 2.5&#8243; WT<\/td>\n<\/tr>\n<tr class=\"product--properties-row row23\">\n<td class=\"product--properties-label is--bold\">Reifen hinten:<\/td>\n<td class=\"product--properties-value\">Maxxis Minion DHR II, 3C, MaxxTerra, EXO+, TR, 29&#8243; x 2.4&#8243; WT<\/td>\n<\/tr>\n<tr class=\"product--properties-row row24\">\n<td class=\"product--properties-label is--bold\">Laufradsatz:<\/td>\n<td class=\"product--properties-value\">Newmen Evolution SL E.G.30, 30mm, 110\/148mm<\/td>\n<\/tr>\n<tr class=\"product--properties-row row25\">\n<td class=\"product--properties-label is--bold\">Display:<\/td>\n<td class=\"product--properties-value\">System Controller \/ Mini Remote<\/td>\n<\/tr>\n<tr class=\"product--properties-row row26\">\n<td class=\"product--properties-label is--bold\">Akku:<\/td>\n<td class=\"product--properties-value\">Bosch Powertube 750Wh<\/td>\n<\/tr>\n<tr class=\"product--properties-row row27\">\n<td class=\"product--properties-label is--bold\">Ladeger\u00e4t:<\/td>\n<td class=\"product--properties-value\">Bosch Standard Charger 4A<\/td>\n<\/tr>\n<tr class=\"product--properties-row row28\">\n<td class=\"product--properties-label is--bold\">Motor:<\/td>\n<td class=\"product--properties-value\">Bosch Performance Line CX Gen4 Smart System<\/td>\n<\/tr>\n<tr class=\"product--properties-row row29\">\n<td class=\"product--properties-label is--bold\">Pedale:<\/td>\n<td class=\"product--properties-value\">nicht im Lieferumfang enthalten<\/td>\n<\/tr>\n<tr class=\"product--properties-row row30\">\n<td class=\"product--properties-label is--bold\">Zul\u00e4ssiges Gesamtgewicht:<\/td>\n<td class=\"product--properties-value\">135 kg (K\u00f6rpergewicht + Fahrrad + Ausr\u00fcstung)<\/td>\n<\/tr>\n<tr class=\"product--properties-row row31\">\n<td class=\"product--properties-label is--bold\">Gewicht Komplettrad:<\/td>\n<td class=\"product--properties-value\">ab 24,1 kg<\/td>\n<\/tr>\n<\/tbody>\n<\/table>\n<\/div>\n<\/div>","protected":false},"excerpt":{"rendered":"<p>Radon\u00a0Deft 10.0 750 DEFT 10.0 750 hei\u00dft mehr geht nicht! Hier stellen wir das Maximum an Trailkompetenz und Fahrspa\u00df auf<\/p>","protected":false},"featured_media":63303,"comment_status":"open","ping_status":"closed","template":"","meta":{"_rtcl_gb_attr":""},"product_brand":[],"product_cat":[33,35,475],"product_tag":[],"class_list":{"0":"post-44451","1":"product","2":"type-product","3":"status-publish","4":"has-post-thumbnail","6":"product_cat-e-bike","7":"product_cat-e-bikes-2022","8":"product_cat-e-mountainbike","9":"pa_marke-radon","11":"first","12":"instock","13":"sale","14":"taxable","15":"shipping-taxable","16":"purchasable","17":"product-type-variable"},"yoast_head":"<!-- This site is optimized with the Yoast SEO Premium plugin v20.12 (Yoast SEO v27.4) - https:\/\/yoast.com\/product\/yoast-seo-premium-wordpress\/ -->\n<title>Radon Deft 10.0 750<\/title>\n<meta name=\"description\" content=\"cioelectro.com bietet Ihnen das Radon Deft 10.0 750 zum besten Preis mit kostenlosem Versand in ganz EuropaDEFT 10.0 750DEFT 10.0 750\" \/>\n<meta name=\"robots\" content=\"index, follow, max-snippet:-1, max-image-preview:large, max-video-preview:-1\" \/>\n<link rel=\"canonical\" href=\"https:\/\/cioelectro.com\/en\/produkt\/radon-deft-10-0-750\/\" \/>\n<meta property=\"og:locale\" content=\"en_US\" \/>\n<meta property=\"og:type\" content=\"article\" \/>\n<meta property=\"og:title\" content=\"Radon Deft 10.0 750\" \/>\n<meta property=\"og:description\" content=\"Entdecken Sie unseren Online-Fahrradladen: Gro\u00dfe Auswahl an Modellen f\u00fcr alle Radsportbegeisterten. Von Rennr\u00e4dern bis zu Mountainbikes - finden Sie heute Ihren perfekten Wegbegleiter!\" \/>\n<meta property=\"og:url\" content=\"https:\/\/cioelectro.com\/en\/produkt\/radon-deft-10-0-750\/\" \/>\n<meta property=\"og:site_name\" content=\"cioelectro.com\" \/>\n<meta property=\"article:modified_time\" content=\"2024-05-17T09:16:55+00:00\" \/>\n<meta property=\"og:image\" content=\"https:\/\/cioelectro.com\/wp-content\/uploads\/2023\/06\/H-S_website_STAGE_DEFT_10-scaled-1.jpg\" \/>\n\t<meta property=\"og:image:width\" content=\"2560\" \/>\n\t<meta property=\"og:image:height\" content=\"1707\" \/>\n\t<meta property=\"og:image:type\" content=\"image\/jpeg\" \/>\n<meta name=\"twitter:card\" content=\"summary_large_image\" \/>\n<meta name=\"twitter:label1\" content=\"Est. reading time\" \/>\n\t<meta name=\"twitter:data1\" content=\"4 minutes\" \/>\n<script type=\"application\/ld+json\" class=\"yoast-schema-graph\">{\"@context\":\"https:\\\/\\\/schema.org\",\"@graph\":[{\"@type\":\"WebPage\",\"@id\":\"https:\\\/\\\/cioelectro.com\\\/produkt\\\/radon-deft-10-0-750\\\/\",\"url\":\"https:\\\/\\\/cioelectro.com\\\/produkt\\\/radon-deft-10-0-750\\\/\",\"name\":\"Radon Deft 10.0 750\",\"isPartOf\":{\"@id\":\"https:\\\/\\\/cioelectro.com\\\/#website\"},\"primaryImageOfPage\":{\"@id\":\"https:\\\/\\\/cioelectro.com\\\/produkt\\\/radon-deft-10-0-750\\\/#primaryimage\"},\"image\":{\"@id\":\"https:\\\/\\\/cioelectro.com\\\/produkt\\\/radon-deft-10-0-750\\\/#primaryimage\"},\"thumbnailUrl\":\"https:\\\/\\\/cioelectro.com\\\/wp-content\\\/uploads\\\/2023\\\/06\\\/H-S_website_STAGE_DEFT_10-scaled-1.jpg\",\"datePublished\":\"2022-11-25T18:06:03+00:00\",\"dateModified\":\"2024-05-17T09:16:55+00:00\",\"description\":\"cioelectro.com bietet Ihnen das Radon Deft 10.0 750 zum besten Preis mit kostenlosem Versand in ganz EuropaDEFT 10.0 750DEFT 10.0 750\",\"breadcrumb\":{\"@id\":\"https:\\\/\\\/cioelectro.com\\\/produkt\\\/radon-deft-10-0-750\\\/#breadcrumb\"},\"inLanguage\":\"en-US\",\"potentialAction\":[{\"@type\":\"ReadAction\",\"target\":[\"https:\\\/\\\/cioelectro.com\\\/produkt\\\/radon-deft-10-0-750\\\/\"]}]},{\"@type\":\"ImageObject\",\"inLanguage\":\"en-US\",\"@id\":\"https:\\\/\\\/cioelectro.com\\\/produkt\\\/radon-deft-10-0-750\\\/#primaryimage\",\"url\":\"https:\\\/\\\/cioelectro.com\\\/wp-content\\\/uploads\\\/2023\\\/06\\\/H-S_website_STAGE_DEFT_10-scaled-1.jpg\",\"contentUrl\":\"https:\\\/\\\/cioelectro.com\\\/wp-content\\\/uploads\\\/2023\\\/06\\\/H-S_website_STAGE_DEFT_10-scaled-1.jpg\",\"width\":2560,\"height\":1707,\"caption\":\"Radon Deft 10.0 750\"},{\"@type\":\"BreadcrumbList\",\"@id\":\"https:\\\/\\\/cioelectro.com\\\/produkt\\\/radon-deft-10-0-750\\\/#breadcrumb\",\"itemListElement\":[{\"@type\":\"ListItem\",\"position\":1,\"name\":\"Startseite\",\"item\":\"https:\\\/\\\/cioelectro.com\\\/\"},{\"@type\":\"ListItem\",\"position\":2,\"name\":\"LADEN\",\"item\":\"https:\\\/\\\/cioelectro.com\\\/laden\\\/\"},{\"@type\":\"ListItem\",\"position\":3,\"name\":\"Radon Deft 10.0 750\"}]},{\"@type\":\"WebSite\",\"@id\":\"https:\\\/\\\/cioelectro.com\\\/#website\",\"url\":\"https:\\\/\\\/cioelectro.com\\\/\",\"name\":\"cioelectro.com\",\"description\":\"Treten Sie mit uns ins Abenteuer!\",\"publisher\":{\"@id\":\"https:\\\/\\\/cioelectro.com\\\/#organization\"},\"alternateName\":\"MEIN RADLADEN\",\"potentialAction\":[{\"@type\":\"SearchAction\",\"target\":{\"@type\":\"EntryPoint\",\"urlTemplate\":\"https:\\\/\\\/cioelectro.com\\\/?s={search_term_string}\"},\"query-input\":{\"@type\":\"PropertyValueSpecification\",\"valueRequired\":true,\"valueName\":\"search_term_string\"}}],\"inLanguage\":\"en-US\"},{\"@type\":\"Organization\",\"@id\":\"https:\\\/\\\/cioelectro.com\\\/#organization\",\"name\":\"CIOELECTRO\",\"alternateName\":\"MEIN RADLADEN\",\"url\":\"https:\\\/\\\/cioelectro.com\\\/\",\"logo\":{\"@type\":\"ImageObject\",\"inLanguage\":\"en-US\",\"@id\":\"https:\\\/\\\/cioelectro.com\\\/#\\\/schema\\\/logo\\\/image\\\/\",\"url\":\"https:\\\/\\\/cioelectro.com\\\/wp-content\\\/uploads\\\/2025\\\/12\\\/Logo-2-1200x800.png\",\"contentUrl\":\"https:\\\/\\\/cioelectro.com\\\/wp-content\\\/uploads\\\/2025\\\/12\\\/Logo-2-1200x800.png\",\"width\":1200,\"height\":800,\"caption\":\"CIOELECTRO\"},\"image\":{\"@id\":\"https:\\\/\\\/cioelectro.com\\\/#\\\/schema\\\/logo\\\/image\\\/\"}}]}<\/script>\n<!-- \/ Yoast SEO Premium plugin. -->","yoast_head_json":{"title":"Radon Deft 10.0 750","description":"cioelectro.com bietet Ihnen das Radon Deft 10.0 750 zum besten Preis mit kostenlosem Versand in ganz EuropaDEFT 10.0 750DEFT 10.0 750","robots":{"index":"index","follow":"follow","max-snippet":"max-snippet:-1","max-image-preview":"max-image-preview:large","max-video-preview":"max-video-preview:-1"},"canonical":"https:\/\/cioelectro.com\/en\/produkt\/radon-deft-10-0-750\/","og_locale":"en_US","og_type":"article","og_title":"Radon Deft 10.0 750","og_description":"Entdecken Sie unseren Online-Fahrradladen: Gro\u00dfe Auswahl an Modellen f\u00fcr alle Radsportbegeisterten. Von Rennr\u00e4dern bis zu Mountainbikes - finden Sie heute Ihren perfekten Wegbegleiter!","og_url":"https:\/\/cioelectro.com\/en\/produkt\/radon-deft-10-0-750\/","og_site_name":"cioelectro.com","article_modified_time":"2024-05-17T09:16:55+00:00","og_image":[{"width":2560,"height":1707,"url":"https:\/\/cioelectro.com\/wp-content\/uploads\/2023\/06\/H-S_website_STAGE_DEFT_10-scaled-1.jpg","type":"image\/jpeg"}],"twitter_card":"summary_large_image","twitter_misc":{"Est. reading time":"4 minutes"},"schema":{"@context":"https:\/\/schema.org","@graph":[{"@type":"WebPage","@id":"https:\/\/cioelectro.com\/produkt\/radon-deft-10-0-750\/","url":"https:\/\/cioelectro.com\/produkt\/radon-deft-10-0-750\/","name":"Radon Deft 10.0 750","isPartOf":{"@id":"https:\/\/cioelectro.com\/#website"},"primaryImageOfPage":{"@id":"https:\/\/cioelectro.com\/produkt\/radon-deft-10-0-750\/#primaryimage"},"image":{"@id":"https:\/\/cioelectro.com\/produkt\/radon-deft-10-0-750\/#primaryimage"},"thumbnailUrl":"https:\/\/cioelectro.com\/wp-content\/uploads\/2023\/06\/H-S_website_STAGE_DEFT_10-scaled-1.jpg","datePublished":"2022-11-25T18:06:03+00:00","dateModified":"2024-05-17T09:16:55+00:00","description":"cioelectro.com bietet Ihnen das Radon Deft 10.0 750 zum besten Preis mit kostenlosem Versand in ganz EuropaDEFT 10.0 750DEFT 10.0 750","breadcrumb":{"@id":"https:\/\/cioelectro.com\/produkt\/radon-deft-10-0-750\/#breadcrumb"},"inLanguage":"en-US","potentialAction":[{"@type":"ReadAction","target":["https:\/\/cioelectro.com\/produkt\/radon-deft-10-0-750\/"]}]},{"@type":"ImageObject","inLanguage":"en-US","@id":"https:\/\/cioelectro.com\/produkt\/radon-deft-10-0-750\/#primaryimage","url":"https:\/\/cioelectro.com\/wp-content\/uploads\/2023\/06\/H-S_website_STAGE_DEFT_10-scaled-1.jpg","contentUrl":"https:\/\/cioelectro.com\/wp-content\/uploads\/2023\/06\/H-S_website_STAGE_DEFT_10-scaled-1.jpg","width":2560,"height":1707,"caption":"Radon Deft 10.0 750"},{"@type":"BreadcrumbList","@id":"https:\/\/cioelectro.com\/produkt\/radon-deft-10-0-750\/#breadcrumb","itemListElement":[{"@type":"ListItem","position":1,"name":"Startseite","item":"https:\/\/cioelectro.com\/"},{"@type":"ListItem","position":2,"name":"LADEN","item":"https:\/\/cioelectro.com\/laden\/"},{"@type":"ListItem","position":3,"name":"Radon Deft 10.0 750"}]},{"@type":"WebSite","@id":"https:\/\/cioelectro.com\/#website","url":"https:\/\/cioelectro.com\/","name":"cioelectro.com","description":"Treten Sie mit uns ins Abenteuer!","publisher":{"@id":"https:\/\/cioelectro.com\/#organization"},"alternateName":"MEIN RADLADEN","potentialAction":[{"@type":"SearchAction","target":{"@type":"EntryPoint","urlTemplate":"https:\/\/cioelectro.com\/?s={search_term_string}"},"query-input":{"@type":"PropertyValueSpecification","valueRequired":true,"valueName":"search_term_string"}}],"inLanguage":"en-US"},{"@type":"Organization","@id":"https:\/\/cioelectro.com\/#organization","name":"CIOELECTRO","alternateName":"MEIN RADLADEN","url":"https:\/\/cioelectro.com\/","logo":{"@type":"ImageObject","inLanguage":"en-US","@id":"https:\/\/cioelectro.com\/#\/schema\/logo\/image\/","url":"https:\/\/cioelectro.com\/wp-content\/uploads\/2025\/12\/Logo-2-1200x800.png","contentUrl":"https:\/\/cioelectro.com\/wp-content\/uploads\/2025\/12\/Logo-2-1200x800.png","width":1200,"height":800,"caption":"CIOELECTRO"},"image":{"@id":"https:\/\/cioelectro.com\/#\/schema\/logo\/image\/"}}]}},"_links":{"self":[{"href":"https:\/\/cioelectro.com\/en\/wp-json\/wp\/v2\/product\/44451","targetHints":{"allow":["GET"]}}],"collection":[{"href":"https:\/\/cioelectro.com\/en\/wp-json\/wp\/v2\/product"}],"about":[{"href":"https:\/\/cioelectro.com\/en\/wp-json\/wp\/v2\/types\/product"}],"replies":[{"embeddable":true,"href":"https:\/\/cioelectro.com\/en\/wp-json\/wp\/v2\/comments?post=44451"}],"version-history":[{"count":0,"href":"https:\/\/cioelectro.com\/en\/wp-json\/wp\/v2\/product\/44451\/revisions"}],"wp:featuredmedia":[{"embeddable":true,"href":"https:\/\/cioelectro.com\/en\/wp-json\/wp\/v2\/media\/63303"}],"wp:attachment":[{"href":"https:\/\/cioelectro.com\/en\/wp-json\/wp\/v2\/media?parent=44451"}],"wp:term":[{"taxonomy":"product_brand","embeddable":true,"href":"https:\/\/cioelectro.com\/en\/wp-json\/wp\/v2\/product_brand?post=44451"},{"taxonomy":"product_cat","embeddable":true,"href":"https:\/\/cioelectro.com\/en\/wp-json\/wp\/v2\/product_cat?post=44451"},{"taxonomy":"product_tag","embeddable":true,"href":"https:\/\/cioelectro.com\/en\/wp-json\/wp\/v2\/product_tag?post=44451"}],"curies":[{"name":"wp","href":"https:\/\/api.w.org\/{rel}","templated":true}]}}