{"id":44673,"date":"2022-11-25T20:30:37","date_gmt":"2022-11-25T19:30:37","guid":{"rendered":"https:\/\/meinradladen.com\/?post_type=product&#038;p=44673"},"modified":"2023-08-11T07:51:25","modified_gmt":"2023-08-11T05:51:25","slug":"cube-reaction-hybrid-race-625-greynmetal","status":"publish","type":"product","link":"https:\/\/cioelectro.com\/en\/produkt\/cube-reaction-hybrid-race-625-greynmetal\/","title":{"rendered":"Cube Reaction Hybrid Race 625 grey\u00b4n\u00b4metal"},"content":{"rendered":"<div class=\"product--headername\">\n<h2 class=\"product--title\"><strong>Cube<\/strong>\u00a0Reaction Hybrid Race 625 grey\u00b4n\u00b4metal<\/h2>\n<p>Reaction Hybrid Race Mit einem 625 Wh starkem PowerTube Akku und Bosch CX Motor der vierten Generation in Kombination mit der unschlagbar zuverl\u00e4ssigen Shimano XT 12-fach Schaltung bringt das Race alles mit, was man f\u00fcr maximale Horizonterweiterung und den Ausbau seiner Trail-Skills braucht.<\/p>\n<hr \/>\n<p><a href=\"https:\/\/www.cube.eu\/360\/534202\" target=\"_blank\" rel=\"nofollow noopener\" data-wp-editing=\"1\"><img decoding=\"async\" title=\"360\u00b0\" src=\"https:\/\/cd.bike-discount.de\/media\/image\/3a\/ee\/83\/360.png\" alt=\"\" width=\"40\" height=\"39\" data-mid=\"729769\" data-src=\"media\/image\/360.png\" \/>360\u00b0-Ansicht \u00f6ffnen<\/a><\/p>\n<hr \/>\n<p>Bei rasanten Abfahrten kommen die leistungsstarken hydraulischen Shimano Scheibenbremsen mit 4-Kolben Konstruktion zum Einsatz und verz\u00f6gern die 2.6 Zoll Schwalbe Reifen kraftvoll und zuverl\u00e4ssig. Felsen, Wurzelteppichen und L\u00f6chern begegnet die einfach einstellbare RockShox Judy Silver Luftfedergabel souver\u00e4n und bringt mit ihren 100 mm Federweg geschmeidigen Fahrkomfort und erstklassige Spurtreue auf einen Nenner. Na, auf den Geschmack gekommen? Dann nichts wie los!<\/p>\n<hr \/>\n<p><strong>In den Rahmengr\u00f6\u00dfen XS (13,5&#8243;) und S (15&#8243;) als 27,5er. In den Rahmengr\u00f6\u00dfen M (17&#8243;), L (19&#8243;), XL (21&#8243;) und XXL (23&#8243;) als 29er.<\/strong><\/p>\n<hr \/>\n<h3>RAHMEN Cube Reaction Hybrid Race 625 grey\u00b4n\u00b4metal<\/h3>\n<p>Das PowerTube Design des Reaction Hybrid Race Rahmens umschlie\u00dft den 625 Wh starken Akku und bew\u00e4hrten Bosch CX Motor der vierten Generation formsch\u00f6n und elegant &#8211; Letztere liefern jede Menge Power f\u00fcr s\u00e4mtliche Routen, Touren und Anstiege. Die Agile Ride Geometry und das 1.5 Zoll Steuerrohr sorgen f\u00fcr ein Handling, das seinesgleichen sucht: souver\u00e4n, pr\u00e4zise, agil. Im Rahmeninneren verlaufende Z\u00fcge garantieren reibunglose, superpr\u00e4zise Schaltvorg\u00e4nge und reduzieren den Wartungsaufwand. Und dank optionaler Trapezvariante und Size Split System findet jeder und jede die f\u00fcr sich optimale Abstimmung und Rahmenversion. On top gibt&#8217;s einen Kabelkanal zum Nachr\u00fcsten einer versenkbaren Sattelst\u00fctze. So kann dieses Bike problemlos mit den steigenden Trail-Skills seines Fahrers mithalten.<\/p>\n<\/div>","protected":false},"excerpt":{"rendered":"<p>Cube\u00a0Reaction Hybrid Race 625 grey\u00b4n\u00b4metal Reaction Hybrid Race Mit einem 625 Wh starkem PowerTube Akku und Bosch CX Motor der<\/p>","protected":false},"featured_media":63407,"comment_status":"open","ping_status":"closed","template":"","meta":{"_rtcl_gb_attr":""},"product_brand":[],"product_cat":[33,35,475],"product_tag":[],"class_list":{"0":"post-44673","1":"product","2":"type-product","3":"status-publish","4":"has-post-thumbnail","6":"product_cat-e-bike","7":"product_cat-e-bikes-2022","8":"product_cat-e-mountainbike","9":"pa_marke-radon","11":"first","12":"instock","13":"sale","14":"taxable","15":"shipping-taxable","16":"purchasable","17":"product-type-variable"},"yoast_head":"<!-- This site is optimized with the Yoast SEO Premium plugin v20.12 (Yoast SEO v27.4) - https:\/\/yoast.com\/product\/yoast-seo-premium-wordpress\/ -->\n<title>Cube Reaction Hybrid Race 625 grey\u00b4n\u00b4metal<\/title>\n<meta name=\"description\" content=\"Entdecken Sie unseren Online-Fahrradladen: Gro\u00dfe Auswahl an Modellen f\u00fcr alle Radsportbegeisterten. Von Rennr\u00e4dern bis zu Mountainbikes - finden Sie heute Ihren perfekten Wegbegleiter!\" \/>\n<meta name=\"robots\" content=\"index, follow, max-snippet:-1, max-image-preview:large, max-video-preview:-1\" \/>\n<link rel=\"canonical\" href=\"https:\/\/cioelectro.com\/en\/produkt\/cube-reaction-hybrid-race-625-greynmetal\/\" \/>\n<meta property=\"og:locale\" content=\"en_US\" \/>\n<meta property=\"og:type\" content=\"article\" \/>\n<meta property=\"og:title\" content=\"Cube Reaction Hybrid Race 625 grey\u00b4n\u00b4metal\" \/>\n<meta property=\"og:description\" content=\"Entdecken Sie unseren Online-Fahrradladen: Gro\u00dfe Auswahl an Modellen f\u00fcr alle Radsportbegeisterten. Von Rennr\u00e4dern bis zu Mountainbikes - finden Sie heute Ihren perfekten Wegbegleiter!\" \/>\n<meta property=\"og:url\" content=\"https:\/\/cioelectro.com\/en\/produkt\/cube-reaction-hybrid-race-625-greynmetal\/\" \/>\n<meta property=\"og:site_name\" content=\"cioelectro.com\" \/>\n<meta property=\"article:modified_time\" content=\"2023-08-11T05:51:25+00:00\" \/>\n<meta property=\"og:image\" content=\"https:\/\/cioelectro.com\/wp-content\/uploads\/2023\/06\/534202_00_800x800.jpg\" \/>\n\t<meta property=\"og:image:width\" content=\"800\" \/>\n\t<meta property=\"og:image:height\" content=\"458\" \/>\n\t<meta property=\"og:image:type\" content=\"image\/jpeg\" \/>\n<meta name=\"twitter:card\" content=\"summary_large_image\" \/>\n<meta name=\"twitter:label1\" content=\"Est. reading time\" \/>\n\t<meta name=\"twitter:data1\" content=\"2 minutes\" \/>\n<script type=\"application\/ld+json\" class=\"yoast-schema-graph\">{\"@context\":\"https:\\\/\\\/schema.org\",\"@graph\":[{\"@type\":\"WebPage\",\"@id\":\"https:\\\/\\\/cioelectro.com\\\/produkt\\\/cube-reaction-hybrid-race-625-greynmetal\\\/\",\"url\":\"https:\\\/\\\/cioelectro.com\\\/produkt\\\/cube-reaction-hybrid-race-625-greynmetal\\\/\",\"name\":\"Cube Reaction Hybrid Race 625 grey\u00b4n\u00b4metal\",\"isPartOf\":{\"@id\":\"https:\\\/\\\/cioelectro.com\\\/#website\"},\"primaryImageOfPage\":{\"@id\":\"https:\\\/\\\/cioelectro.com\\\/produkt\\\/cube-reaction-hybrid-race-625-greynmetal\\\/#primaryimage\"},\"image\":{\"@id\":\"https:\\\/\\\/cioelectro.com\\\/produkt\\\/cube-reaction-hybrid-race-625-greynmetal\\\/#primaryimage\"},\"thumbnailUrl\":\"https:\\\/\\\/cioelectro.com\\\/wp-content\\\/uploads\\\/2023\\\/06\\\/534202_00_800x800.jpg\",\"datePublished\":\"2022-11-25T19:30:37+00:00\",\"dateModified\":\"2023-08-11T05:51:25+00:00\",\"description\":\"Entdecken Sie unseren Online-Fahrradladen: Gro\u00dfe Auswahl an Modellen f\u00fcr alle Radsportbegeisterten. Von Rennr\u00e4dern bis zu Mountainbikes - finden Sie heute Ihren perfekten Wegbegleiter!\",\"breadcrumb\":{\"@id\":\"https:\\\/\\\/cioelectro.com\\\/produkt\\\/cube-reaction-hybrid-race-625-greynmetal\\\/#breadcrumb\"},\"inLanguage\":\"en-US\",\"potentialAction\":[{\"@type\":\"ReadAction\",\"target\":[\"https:\\\/\\\/cioelectro.com\\\/produkt\\\/cube-reaction-hybrid-race-625-greynmetal\\\/\"]}]},{\"@type\":\"ImageObject\",\"inLanguage\":\"en-US\",\"@id\":\"https:\\\/\\\/cioelectro.com\\\/produkt\\\/cube-reaction-hybrid-race-625-greynmetal\\\/#primaryimage\",\"url\":\"https:\\\/\\\/cioelectro.com\\\/wp-content\\\/uploads\\\/2023\\\/06\\\/534202_00_800x800.jpg\",\"contentUrl\":\"https:\\\/\\\/cioelectro.com\\\/wp-content\\\/uploads\\\/2023\\\/06\\\/534202_00_800x800.jpg\",\"width\":800,\"height\":458,\"caption\":\"Cube Reaction Hybrid Race 625 grey\u00b4n\u00b4metal\"},{\"@type\":\"BreadcrumbList\",\"@id\":\"https:\\\/\\\/cioelectro.com\\\/produkt\\\/cube-reaction-hybrid-race-625-greynmetal\\\/#breadcrumb\",\"itemListElement\":[{\"@type\":\"ListItem\",\"position\":1,\"name\":\"Startseite\",\"item\":\"https:\\\/\\\/cioelectro.com\\\/\"},{\"@type\":\"ListItem\",\"position\":2,\"name\":\"LADEN\",\"item\":\"https:\\\/\\\/cioelectro.com\\\/laden\\\/\"},{\"@type\":\"ListItem\",\"position\":3,\"name\":\"Cube Reaction Hybrid Race 625 grey\u00b4n\u00b4metal\"}]},{\"@type\":\"WebSite\",\"@id\":\"https:\\\/\\\/cioelectro.com\\\/#website\",\"url\":\"https:\\\/\\\/cioelectro.com\\\/\",\"name\":\"cioelectro.com\",\"description\":\"Treten Sie mit uns ins Abenteuer!\",\"publisher\":{\"@id\":\"https:\\\/\\\/cioelectro.com\\\/#organization\"},\"alternateName\":\"MEIN RADLADEN\",\"potentialAction\":[{\"@type\":\"SearchAction\",\"target\":{\"@type\":\"EntryPoint\",\"urlTemplate\":\"https:\\\/\\\/cioelectro.com\\\/?s={search_term_string}\"},\"query-input\":{\"@type\":\"PropertyValueSpecification\",\"valueRequired\":true,\"valueName\":\"search_term_string\"}}],\"inLanguage\":\"en-US\"},{\"@type\":\"Organization\",\"@id\":\"https:\\\/\\\/cioelectro.com\\\/#organization\",\"name\":\"CIOELECTRO\",\"alternateName\":\"MEIN RADLADEN\",\"url\":\"https:\\\/\\\/cioelectro.com\\\/\",\"logo\":{\"@type\":\"ImageObject\",\"inLanguage\":\"en-US\",\"@id\":\"https:\\\/\\\/cioelectro.com\\\/#\\\/schema\\\/logo\\\/image\\\/\",\"url\":\"https:\\\/\\\/cioelectro.com\\\/wp-content\\\/uploads\\\/2025\\\/12\\\/Logo-2-1200x800.png\",\"contentUrl\":\"https:\\\/\\\/cioelectro.com\\\/wp-content\\\/uploads\\\/2025\\\/12\\\/Logo-2-1200x800.png\",\"width\":1200,\"height\":800,\"caption\":\"CIOELECTRO\"},\"image\":{\"@id\":\"https:\\\/\\\/cioelectro.com\\\/#\\\/schema\\\/logo\\\/image\\\/\"}}]}<\/script>\n<!-- \/ Yoast SEO Premium plugin. -->","yoast_head_json":{"title":"Cube Reaction Hybrid Race 625 grey\u00b4n\u00b4metal","description":"Entdecken Sie unseren Online-Fahrradladen: Gro\u00dfe Auswahl an Modellen f\u00fcr alle Radsportbegeisterten. Von Rennr\u00e4dern bis zu Mountainbikes - finden Sie heute Ihren perfekten Wegbegleiter!","robots":{"index":"index","follow":"follow","max-snippet":"max-snippet:-1","max-image-preview":"max-image-preview:large","max-video-preview":"max-video-preview:-1"},"canonical":"https:\/\/cioelectro.com\/en\/produkt\/cube-reaction-hybrid-race-625-greynmetal\/","og_locale":"en_US","og_type":"article","og_title":"Cube Reaction Hybrid Race 625 grey\u00b4n\u00b4metal","og_description":"Entdecken Sie unseren Online-Fahrradladen: Gro\u00dfe Auswahl an Modellen f\u00fcr alle Radsportbegeisterten. Von Rennr\u00e4dern bis zu Mountainbikes - finden Sie heute Ihren perfekten Wegbegleiter!","og_url":"https:\/\/cioelectro.com\/en\/produkt\/cube-reaction-hybrid-race-625-greynmetal\/","og_site_name":"cioelectro.com","article_modified_time":"2023-08-11T05:51:25+00:00","og_image":[{"width":800,"height":458,"url":"https:\/\/cioelectro.com\/wp-content\/uploads\/2023\/06\/534202_00_800x800.jpg","type":"image\/jpeg"}],"twitter_card":"summary_large_image","twitter_misc":{"Est. reading time":"2 minutes"},"schema":{"@context":"https:\/\/schema.org","@graph":[{"@type":"WebPage","@id":"https:\/\/cioelectro.com\/produkt\/cube-reaction-hybrid-race-625-greynmetal\/","url":"https:\/\/cioelectro.com\/produkt\/cube-reaction-hybrid-race-625-greynmetal\/","name":"Cube Reaction Hybrid Race 625 grey\u00b4n\u00b4metal","isPartOf":{"@id":"https:\/\/cioelectro.com\/#website"},"primaryImageOfPage":{"@id":"https:\/\/cioelectro.com\/produkt\/cube-reaction-hybrid-race-625-greynmetal\/#primaryimage"},"image":{"@id":"https:\/\/cioelectro.com\/produkt\/cube-reaction-hybrid-race-625-greynmetal\/#primaryimage"},"thumbnailUrl":"https:\/\/cioelectro.com\/wp-content\/uploads\/2023\/06\/534202_00_800x800.jpg","datePublished":"2022-11-25T19:30:37+00:00","dateModified":"2023-08-11T05:51:25+00:00","description":"Entdecken Sie unseren Online-Fahrradladen: Gro\u00dfe Auswahl an Modellen f\u00fcr alle Radsportbegeisterten. Von Rennr\u00e4dern bis zu Mountainbikes - finden Sie heute Ihren perfekten Wegbegleiter!","breadcrumb":{"@id":"https:\/\/cioelectro.com\/produkt\/cube-reaction-hybrid-race-625-greynmetal\/#breadcrumb"},"inLanguage":"en-US","potentialAction":[{"@type":"ReadAction","target":["https:\/\/cioelectro.com\/produkt\/cube-reaction-hybrid-race-625-greynmetal\/"]}]},{"@type":"ImageObject","inLanguage":"en-US","@id":"https:\/\/cioelectro.com\/produkt\/cube-reaction-hybrid-race-625-greynmetal\/#primaryimage","url":"https:\/\/cioelectro.com\/wp-content\/uploads\/2023\/06\/534202_00_800x800.jpg","contentUrl":"https:\/\/cioelectro.com\/wp-content\/uploads\/2023\/06\/534202_00_800x800.jpg","width":800,"height":458,"caption":"Cube Reaction Hybrid Race 625 grey\u00b4n\u00b4metal"},{"@type":"BreadcrumbList","@id":"https:\/\/cioelectro.com\/produkt\/cube-reaction-hybrid-race-625-greynmetal\/#breadcrumb","itemListElement":[{"@type":"ListItem","position":1,"name":"Startseite","item":"https:\/\/cioelectro.com\/"},{"@type":"ListItem","position":2,"name":"LADEN","item":"https:\/\/cioelectro.com\/laden\/"},{"@type":"ListItem","position":3,"name":"Cube Reaction Hybrid Race 625 grey\u00b4n\u00b4metal"}]},{"@type":"WebSite","@id":"https:\/\/cioelectro.com\/#website","url":"https:\/\/cioelectro.com\/","name":"cioelectro.com","description":"Treten Sie mit uns ins Abenteuer!","publisher":{"@id":"https:\/\/cioelectro.com\/#organization"},"alternateName":"MEIN RADLADEN","potentialAction":[{"@type":"SearchAction","target":{"@type":"EntryPoint","urlTemplate":"https:\/\/cioelectro.com\/?s={search_term_string}"},"query-input":{"@type":"PropertyValueSpecification","valueRequired":true,"valueName":"search_term_string"}}],"inLanguage":"en-US"},{"@type":"Organization","@id":"https:\/\/cioelectro.com\/#organization","name":"CIOELECTRO","alternateName":"MEIN RADLADEN","url":"https:\/\/cioelectro.com\/","logo":{"@type":"ImageObject","inLanguage":"en-US","@id":"https:\/\/cioelectro.com\/#\/schema\/logo\/image\/","url":"https:\/\/cioelectro.com\/wp-content\/uploads\/2025\/12\/Logo-2-1200x800.png","contentUrl":"https:\/\/cioelectro.com\/wp-content\/uploads\/2025\/12\/Logo-2-1200x800.png","width":1200,"height":800,"caption":"CIOELECTRO"},"image":{"@id":"https:\/\/cioelectro.com\/#\/schema\/logo\/image\/"}}]}},"_links":{"self":[{"href":"https:\/\/cioelectro.com\/en\/wp-json\/wp\/v2\/product\/44673","targetHints":{"allow":["GET"]}}],"collection":[{"href":"https:\/\/cioelectro.com\/en\/wp-json\/wp\/v2\/product"}],"about":[{"href":"https:\/\/cioelectro.com\/en\/wp-json\/wp\/v2\/types\/product"}],"replies":[{"embeddable":true,"href":"https:\/\/cioelectro.com\/en\/wp-json\/wp\/v2\/comments?post=44673"}],"version-history":[{"count":0,"href":"https:\/\/cioelectro.com\/en\/wp-json\/wp\/v2\/product\/44673\/revisions"}],"wp:featuredmedia":[{"embeddable":true,"href":"https:\/\/cioelectro.com\/en\/wp-json\/wp\/v2\/media\/63407"}],"wp:attachment":[{"href":"https:\/\/cioelectro.com\/en\/wp-json\/wp\/v2\/media?parent=44673"}],"wp:term":[{"taxonomy":"product_brand","embeddable":true,"href":"https:\/\/cioelectro.com\/en\/wp-json\/wp\/v2\/product_brand?post=44673"},{"taxonomy":"product_cat","embeddable":true,"href":"https:\/\/cioelectro.com\/en\/wp-json\/wp\/v2\/product_cat?post=44673"},{"taxonomy":"product_tag","embeddable":true,"href":"https:\/\/cioelectro.com\/en\/wp-json\/wp\/v2\/product_tag?post=44673"}],"curies":[{"name":"wp","href":"https:\/\/api.w.org\/{rel}","templated":true}]}}