{"id":44767,"date":"2022-11-25T21:12:31","date_gmt":"2022-11-25T20:12:31","guid":{"rendered":"https:\/\/meinradladen.com\/?post_type=product&#038;p=44767"},"modified":"2023-08-11T01:40:06","modified_gmt":"2023-08-10T23:40:06","slug":"radon-zr-lady-hybrid-500","status":"publish","type":"product","link":"https:\/\/cioelectro.com\/en\/produkt\/radon-zr-lady-hybrid-500\/","title":{"rendered":"Radon ZR Lady Hybrid 500"},"content":{"rendered":"<h2 class=\"product--title\"><strong>Radon<\/strong>\u00a0ZR Lady Hybrid 500<\/h2>\n<p>Das ZR LADY HYBRID bedient Ein- und Aufsteigerinnen im Gel\u00e4nde, hier trifft ein leichter, moderner Aluminiumrahmen auf den st\u00e4rksten Bosch Antrieb aller Zeiten.<\/p>\n<hr \/>\n<h3>Die Highlights des ZR Lady Hybrid 500<\/h3>\n<p>Der Rahmen nimmt in Halbintegration den 500 Wh Akku auf, bleibt dabei leicht und spendet Energie auch f\u00fcr l\u00e4ngere Touren. Versorgt wird damit der Bosch Performance CX Motor mit seinen gewaltigen 85Nm Drehmoment und bis zu 340% Tretunterst\u00fctzung, die Dich nie im Stich lassen und in jeder Fahrsituation mehr als gen\u00fcgend Power bereitstellen. Seit einem Jahr steht das Bike auf 29&#8243; gro\u00dfen Laufr\u00e4dern und wird dabei im Gel\u00e4nde noch potenter, die \u00dcberrolleigenschaften an Hindernissen wie Wurzeln oder Steinen verbessern sich signifikant. Beim sicheren \u00dcberfahren von Stufen oder Abs\u00e4tzen hilft auch die RockShox Judy Silver TK Luftfedergabel mit ihren 100mm Federweg, dar\u00fcber hinaus gibt sie auch in allen anderen Situationen viel Komfort.<\/p>\n<p>Eine 10-fach DEORE Schaltung von Shimano mit der 11-46 Z\u00e4hne gro\u00dfen Kassette h\u00e4lt immer die richtige \u00dcbersetzung bereit und schaltet seidenweich. Die bekannte BR-MT200 Scheibenbremse aus dem gleichen Hause ist bekannt f\u00fcr problemlose, solide Arbeit \u00fcber viele Jahre. Komplettiert wird das Sorglos-Paket vom brandneuen Continental Ruban Reifen, der f\u00fcr viel Grip auf der einen Seite sorgt und auf der anderen Seite bestens rollt. ZR LADY HYBRID rockt!<\/p>\n<hr \/>\n<h3>Die ZR Lady Hybrid Familie<\/h3>\n<p>Unser ZR LADY HYBRID ist der unkomplizierte Einstieg in den Mountainbike-Sport. Neuerdings sorgen 29&#8243; Laufr\u00e4der f\u00fcr beste \u00dcberrolleigenschaften im Gel\u00e4nde, der leichte Aluminiumrahmen mit halb-integriertem 500 Wh Akku bietet eine komfortabel-sportliche Geometrie und einen geringen \u00dcberstand f\u00fcr viel Bewegungsfreiheit. Dazu gesellt sich der starke Bosch Performance CX Motor, der abenteuerlustige Ladies \u00fcberall dorthin bringt, wo sie hin wollen.<\/p>\n<hr \/>\n<h3>Kleinste Rahmengr\u00f6\u00dfe<\/h3>\n<p>Im Gegensatz zu der geschwungenen Form des Oberrohrs bei den Rahmengr\u00f6\u00dfen 17\u201c und 19\u201c hat die kleinste Gr\u00f6\u00dfe des ZR Lady Hybrid ein gerade abfallendes Oberrohr. So wird bei der Rahmengr\u00f6\u00dfe mit 15\u201c neben der erh\u00f6hten Steifigkeit und der leichteren Entnahme des Akkus auch ein bequemerer Einstieg erm\u00f6glicht.<\/p>\n<hr \/>\n<p>&nbsp;<\/p>\n<p><iframe src=\"https:\/\/www.youtube-nocookie.com\/embed\/oBPFhqhzsGM\" width=\"640\" height=\"360\" frameborder=\"0\" allowfullscreen=\"allowfullscreen\" data-mce-fragment=\"1\"><\/iframe><\/p>\n<h2>Ausstattung<\/h2>\n<div class=\"product--properties panel has--border\">\n<table class=\"product--properties-table\" style=\"height: 428px;\" width=\"664\">\n<tbody>\n<tr class=\"product--properties-row row1\">\n<td class=\"product--properties-label is--bold\">Rahmen:<\/td>\n<td class=\"product--properties-value\">ZR LADY HYBRID<\/td>\n<\/tr>\n<tr class=\"product--properties-row row2\">\n<td class=\"product--properties-label is--bold\">Rahmenmaterial:<\/td>\n<td class=\"product--properties-value\">Aluminium<\/td>\n<\/tr>\n<tr class=\"product--properties-row row3\">\n<td class=\"product--properties-label is--bold\">Laufradgr\u00f6\u00dfe:<\/td>\n<td class=\"product--properties-value\">29&#8243;<\/td>\n<\/tr>\n<tr class=\"product--properties-row row4\">\n<td class=\"product--properties-label is--bold\">Farbe:<\/td>\n<td class=\"product--properties-value\">pearlpurple \/ brilliantsilver<\/td>\n<\/tr>\n<tr class=\"product--properties-row row5\">\n<td class=\"product--properties-label is--bold\">Gabel:<\/td>\n<td class=\"product--properties-value\">RockShox Judy Silver TK, Air, Boost<\/td>\n<\/tr>\n<tr class=\"product--properties-row row6\">\n<td class=\"product--properties-label is--bold\">Federweg:<\/td>\n<td class=\"product--properties-value\">100mm<\/td>\n<\/tr>\n<tr class=\"product--properties-row row7\">\n<td class=\"product--properties-label is--bold\">Bremsen:<\/td>\n<td class=\"product--properties-value\">Shimano BR-MT200<\/td>\n<\/tr>\n<tr class=\"product--properties-row row8\">\n<td class=\"product--properties-label is--bold\">Bremsscheiben:<\/td>\n<td class=\"product--properties-value\">Shimano SM-RT10, 180\/180mm, center-lock<\/td>\n<\/tr>\n<tr class=\"product--properties-row row9\">\n<td class=\"product--properties-label is--bold\">Steuersatz:<\/td>\n<td class=\"product--properties-value\">VP, IS41\/IS52<\/td>\n<\/tr>\n<tr class=\"product--properties-row row10\">\n<td class=\"product--properties-label is--bold\">Vorbau:<\/td>\n<td class=\"product--properties-value\">LEVELNINE Race, \u00d831.8mm (15&#8243;: 45mm, 17&#8243;: 60mm, 19&#8243;: 75mm)<\/td>\n<\/tr>\n<tr class=\"product--properties-row row11\">\n<td class=\"product--properties-label is--bold\">Lenker:<\/td>\n<td class=\"product--properties-value\">LEVELNINE Race, 31.8 x 720mm<\/td>\n<\/tr>\n<tr class=\"product--properties-row row12\">\n<td class=\"product--properties-label is--bold\">Griffe:<\/td>\n<td class=\"product--properties-value\">RADON performance grips<\/td>\n<\/tr>\n<tr class=\"product--properties-row row13\">\n<td class=\"product--properties-label is--bold\">Sattel:<\/td>\n<td class=\"product--properties-value\">Natural Fit Sequence WS<\/td>\n<\/tr>\n<tr class=\"product--properties-row row14\">\n<td class=\"product--properties-label is--bold\">Sattelst\u00fctze:<\/td>\n<td class=\"product--properties-value\">LEVELNINE Race, 30.9 x 350mm<\/td>\n<\/tr>\n<tr class=\"product--properties-row row15\">\n<td class=\"product--properties-label is--bold\">Kurbel:<\/td>\n<td class=\"product--properties-value\">Acid E-Crank, 175mm, KMC chainring, 38T, Herrmans chainguard<\/td>\n<\/tr>\n<\/tbody>\n<\/table>\n<table class=\"product--properties-table\">\n<tbody>\n<tr class=\"product--properties-row row16\">\n<td class=\"product--properties-label is--bold\">Schaltwerk:<\/td>\n<td class=\"product--properties-value\">Shimano Deore RD-M5120-SGS, 10-Speed<\/td>\n<\/tr>\n<tr class=\"product--properties-row row17\">\n<td class=\"product--properties-label is--bold\">Schalthebel:<\/td>\n<td class=\"product--properties-value\">Shimano DEORE SL-M4100-R<\/td>\n<\/tr>\n<tr class=\"product--properties-row row18\">\n<td class=\"product--properties-label is--bold\">Kassette:<\/td>\n<td class=\"product--properties-value\">Shimano DEORE CS-M4100, 11-46<\/td>\n<\/tr>\n<tr class=\"product--properties-row row19\">\n<td class=\"product--properties-label is--bold\">Kette:<\/td>\n<td class=\"product--properties-value\">KMC X10<\/td>\n<\/tr>\n<tr class=\"product--properties-row row20\">\n<td class=\"product--properties-label is--bold\">Reifen:<\/td>\n<td class=\"product--properties-value\">Continental Ruban, PureGrip Compound, E25, foldable, 29&#8243; x 2.60&#8243;<\/td>\n<\/tr>\n<tr class=\"product--properties-row row21\">\n<td class=\"product--properties-label is--bold\">Nabe Vorderrad:<\/td>\n<td class=\"product--properties-value\">Shimano Altus HB-MT400-B Disc, 110mm<\/td>\n<\/tr>\n<tr class=\"product--properties-row row22\">\n<td class=\"product--properties-label is--bold\">Nabe Hinterrad:<\/td>\n<td class=\"product--properties-value\">Shimano Altus FH-MT400-B Disc, 148mm<\/td>\n<\/tr>\n<tr class=\"product--properties-row row23\">\n<td class=\"product--properties-label is--bold\">Speichen:<\/td>\n<td class=\"product--properties-value\">DT Swiss Factory<\/td>\n<\/tr>\n<tr class=\"product--properties-row row24\">\n<td class=\"product--properties-label is--bold\">Felgen:<\/td>\n<td class=\"product--properties-value\">Alexrims MD30<\/td>\n<\/tr>\n<tr class=\"product--properties-row row25\">\n<td class=\"product--properties-label is--bold\">Display:<\/td>\n<td class=\"product--properties-value\">Bosch Purion<\/td>\n<\/tr>\n<tr class=\"product--properties-row row26\">\n<td class=\"product--properties-label is--bold\">Akku:<\/td>\n<td class=\"product--properties-value\">Bosch Powerpack 500Wh<\/td>\n<\/tr>\n<tr class=\"product--properties-row row27\">\n<td class=\"product--properties-label is--bold\">Ladeger\u00e4t:<\/td>\n<td class=\"product--properties-value\">Bosch Compact Charger 2A<\/td>\n<\/tr>\n<tr class=\"product--properties-row row28\">\n<td class=\"product--properties-label is--bold\">Motor:<\/td>\n<td class=\"product--properties-value\">Bosch Performance Line CX Gen4<\/td>\n<\/tr>\n<tr class=\"product--properties-row row29\">\n<td class=\"product--properties-label is--bold\">Pedale:<\/td>\n<td class=\"product--properties-value\">nicht im Lieferumfang enthalten<\/td>\n<\/tr>\n<tr class=\"product--properties-row row30\">\n<td class=\"product--properties-label is--bold\">Zul\u00e4ssiges Gesamtgewicht:<\/td>\n<td class=\"product--properties-value\">115 kg (K\u00f6rpergewicht + Fahrrad + Ausr\u00fcstung)<\/td>\n<\/tr>\n<tr class=\"product--properties-row row31\">\n<td class=\"product--properties-label is--bold\">Gewicht Komplettrad:<\/td>\n<td class=\"product--properties-value\">ab 20,55 kg<\/td>\n<\/tr>\n<\/tbody>\n<\/table>\n<\/div>","protected":false},"excerpt":{"rendered":"<p>Radon\u00a0ZR Lady Hybrid 500 Das ZR LADY HYBRID bedient Ein- und Aufsteigerinnen im Gel\u00e4nde, hier trifft ein leichter, moderner Aluminiumrahmen<\/p>","protected":false},"featured_media":63455,"comment_status":"open","ping_status":"closed","template":"","meta":{"_rtcl_gb_attr":""},"product_brand":[],"product_cat":[33,247,35,475],"product_tag":[],"class_list":{"0":"post-44767","1":"product","2":"type-product","3":"status-publish","4":"has-post-thumbnail","6":"product_cat-e-bike","7":"product_cat-e-bike-trekking","8":"product_cat-e-bikes-2022","9":"product_cat-e-mountainbike","10":"pa_marke-radon","12":"first","13":"instock","14":"sale","15":"taxable","16":"shipping-taxable","17":"purchasable","18":"product-type-variable"},"yoast_head":"<!-- This site is optimized with the Yoast SEO Premium plugin v20.12 (Yoast SEO v27.4) - https:\/\/yoast.com\/product\/yoast-seo-premium-wordpress\/ -->\n<title>Radon ZR Lady Hybrid 500<\/title>\n<meta name=\"description\" content=\"cioelectro.com bietet Ihnen das Radon ZR Lady Hybrid 500 zum besten Preis mit kostenlosem Versand in ganz EuropaZR LADY HYBRIDZR LADY HYBRID\" \/>\n<meta name=\"robots\" content=\"index, follow, max-snippet:-1, max-image-preview:large, max-video-preview:-1\" \/>\n<link rel=\"canonical\" href=\"https:\/\/cioelectro.com\/en\/produkt\/radon-zr-lady-hybrid-500\/\" \/>\n<meta property=\"og:locale\" content=\"en_US\" \/>\n<meta property=\"og:type\" content=\"article\" \/>\n<meta property=\"og:title\" content=\"Radon ZR Lady Hybrid 500\" \/>\n<meta property=\"og:description\" content=\"Entdecken Sie unseren Online-Fahrradladen: Gro\u00dfe Auswahl an Modellen f\u00fcr alle Radsportbegeisterten. Von Rennr\u00e4dern bis zu Mountainbikes - finden Sie heute Ihren perfekten Wegbegleiter!\" \/>\n<meta property=\"og:url\" content=\"https:\/\/cioelectro.com\/en\/produkt\/radon-zr-lady-hybrid-500\/\" \/>\n<meta property=\"og:site_name\" content=\"cioelectro.com\" \/>\n<meta property=\"article:modified_time\" content=\"2023-08-10T23:40:06+00:00\" \/>\n<meta property=\"og:image\" content=\"https:\/\/cioelectro.com\/wp-content\/uploads\/2023\/06\/h-s_website_vorlage_STAGE_2022_ZR_LADY_Hybrid_CX500.jpg\" \/>\n\t<meta property=\"og:image:width\" content=\"1000\" \/>\n\t<meta property=\"og:image:height\" content=\"567\" \/>\n\t<meta property=\"og:image:type\" content=\"image\/jpeg\" \/>\n<meta name=\"twitter:card\" content=\"summary_large_image\" \/>\n<meta name=\"twitter:label1\" content=\"Est. reading time\" \/>\n\t<meta name=\"twitter:data1\" content=\"3 minutes\" \/>\n<script type=\"application\/ld+json\" class=\"yoast-schema-graph\">{\"@context\":\"https:\\\/\\\/schema.org\",\"@graph\":[{\"@type\":\"WebPage\",\"@id\":\"https:\\\/\\\/cioelectro.com\\\/produkt\\\/radon-zr-lady-hybrid-500\\\/\",\"url\":\"https:\\\/\\\/cioelectro.com\\\/produkt\\\/radon-zr-lady-hybrid-500\\\/\",\"name\":\"Radon ZR Lady Hybrid 500\",\"isPartOf\":{\"@id\":\"https:\\\/\\\/cioelectro.com\\\/#website\"},\"primaryImageOfPage\":{\"@id\":\"https:\\\/\\\/cioelectro.com\\\/produkt\\\/radon-zr-lady-hybrid-500\\\/#primaryimage\"},\"image\":{\"@id\":\"https:\\\/\\\/cioelectro.com\\\/produkt\\\/radon-zr-lady-hybrid-500\\\/#primaryimage\"},\"thumbnailUrl\":\"https:\\\/\\\/cioelectro.com\\\/wp-content\\\/uploads\\\/2023\\\/06\\\/h-s_website_vorlage_STAGE_2022_ZR_LADY_Hybrid_CX500.jpg\",\"datePublished\":\"2022-11-25T20:12:31+00:00\",\"dateModified\":\"2023-08-10T23:40:06+00:00\",\"description\":\"cioelectro.com bietet Ihnen das Radon ZR Lady Hybrid 500 zum besten Preis mit kostenlosem Versand in ganz EuropaZR LADY HYBRIDZR LADY HYBRID\",\"breadcrumb\":{\"@id\":\"https:\\\/\\\/cioelectro.com\\\/produkt\\\/radon-zr-lady-hybrid-500\\\/#breadcrumb\"},\"inLanguage\":\"en-US\",\"potentialAction\":[{\"@type\":\"ReadAction\",\"target\":[\"https:\\\/\\\/cioelectro.com\\\/produkt\\\/radon-zr-lady-hybrid-500\\\/\"]}]},{\"@type\":\"ImageObject\",\"inLanguage\":\"en-US\",\"@id\":\"https:\\\/\\\/cioelectro.com\\\/produkt\\\/radon-zr-lady-hybrid-500\\\/#primaryimage\",\"url\":\"https:\\\/\\\/cioelectro.com\\\/wp-content\\\/uploads\\\/2023\\\/06\\\/h-s_website_vorlage_STAGE_2022_ZR_LADY_Hybrid_CX500.jpg\",\"contentUrl\":\"https:\\\/\\\/cioelectro.com\\\/wp-content\\\/uploads\\\/2023\\\/06\\\/h-s_website_vorlage_STAGE_2022_ZR_LADY_Hybrid_CX500.jpg\",\"width\":1000,\"height\":567,\"caption\":\"Radon ZR Lady Hybrid 500\"},{\"@type\":\"BreadcrumbList\",\"@id\":\"https:\\\/\\\/cioelectro.com\\\/produkt\\\/radon-zr-lady-hybrid-500\\\/#breadcrumb\",\"itemListElement\":[{\"@type\":\"ListItem\",\"position\":1,\"name\":\"Startseite\",\"item\":\"https:\\\/\\\/cioelectro.com\\\/\"},{\"@type\":\"ListItem\",\"position\":2,\"name\":\"LADEN\",\"item\":\"https:\\\/\\\/cioelectro.com\\\/laden\\\/\"},{\"@type\":\"ListItem\",\"position\":3,\"name\":\"Radon ZR Lady Hybrid 500\"}]},{\"@type\":\"WebSite\",\"@id\":\"https:\\\/\\\/cioelectro.com\\\/#website\",\"url\":\"https:\\\/\\\/cioelectro.com\\\/\",\"name\":\"cioelectro.com\",\"description\":\"Treten Sie mit uns ins Abenteuer!\",\"publisher\":{\"@id\":\"https:\\\/\\\/cioelectro.com\\\/#organization\"},\"alternateName\":\"MEIN RADLADEN\",\"potentialAction\":[{\"@type\":\"SearchAction\",\"target\":{\"@type\":\"EntryPoint\",\"urlTemplate\":\"https:\\\/\\\/cioelectro.com\\\/?s={search_term_string}\"},\"query-input\":{\"@type\":\"PropertyValueSpecification\",\"valueRequired\":true,\"valueName\":\"search_term_string\"}}],\"inLanguage\":\"en-US\"},{\"@type\":\"Organization\",\"@id\":\"https:\\\/\\\/cioelectro.com\\\/#organization\",\"name\":\"CIOELECTRO\",\"alternateName\":\"MEIN RADLADEN\",\"url\":\"https:\\\/\\\/cioelectro.com\\\/\",\"logo\":{\"@type\":\"ImageObject\",\"inLanguage\":\"en-US\",\"@id\":\"https:\\\/\\\/cioelectro.com\\\/#\\\/schema\\\/logo\\\/image\\\/\",\"url\":\"https:\\\/\\\/cioelectro.com\\\/wp-content\\\/uploads\\\/2025\\\/12\\\/Logo-2-1200x800.png\",\"contentUrl\":\"https:\\\/\\\/cioelectro.com\\\/wp-content\\\/uploads\\\/2025\\\/12\\\/Logo-2-1200x800.png\",\"width\":1200,\"height\":800,\"caption\":\"CIOELECTRO\"},\"image\":{\"@id\":\"https:\\\/\\\/cioelectro.com\\\/#\\\/schema\\\/logo\\\/image\\\/\"}}]}<\/script>\n<!-- \/ Yoast SEO Premium plugin. -->","yoast_head_json":{"title":"Radon ZR Lady Hybrid 500","description":"cioelectro.com bietet Ihnen das Radon ZR Lady Hybrid 500 zum besten Preis mit kostenlosem Versand in ganz EuropaZR LADY HYBRIDZR LADY HYBRID","robots":{"index":"index","follow":"follow","max-snippet":"max-snippet:-1","max-image-preview":"max-image-preview:large","max-video-preview":"max-video-preview:-1"},"canonical":"https:\/\/cioelectro.com\/en\/produkt\/radon-zr-lady-hybrid-500\/","og_locale":"en_US","og_type":"article","og_title":"Radon ZR Lady Hybrid 500","og_description":"Entdecken Sie unseren Online-Fahrradladen: Gro\u00dfe Auswahl an Modellen f\u00fcr alle Radsportbegeisterten. Von Rennr\u00e4dern bis zu Mountainbikes - finden Sie heute Ihren perfekten Wegbegleiter!","og_url":"https:\/\/cioelectro.com\/en\/produkt\/radon-zr-lady-hybrid-500\/","og_site_name":"cioelectro.com","article_modified_time":"2023-08-10T23:40:06+00:00","og_image":[{"width":1000,"height":567,"url":"https:\/\/cioelectro.com\/wp-content\/uploads\/2023\/06\/h-s_website_vorlage_STAGE_2022_ZR_LADY_Hybrid_CX500.jpg","type":"image\/jpeg"}],"twitter_card":"summary_large_image","twitter_misc":{"Est. reading time":"3 minutes"},"schema":{"@context":"https:\/\/schema.org","@graph":[{"@type":"WebPage","@id":"https:\/\/cioelectro.com\/produkt\/radon-zr-lady-hybrid-500\/","url":"https:\/\/cioelectro.com\/produkt\/radon-zr-lady-hybrid-500\/","name":"Radon ZR Lady Hybrid 500","isPartOf":{"@id":"https:\/\/cioelectro.com\/#website"},"primaryImageOfPage":{"@id":"https:\/\/cioelectro.com\/produkt\/radon-zr-lady-hybrid-500\/#primaryimage"},"image":{"@id":"https:\/\/cioelectro.com\/produkt\/radon-zr-lady-hybrid-500\/#primaryimage"},"thumbnailUrl":"https:\/\/cioelectro.com\/wp-content\/uploads\/2023\/06\/h-s_website_vorlage_STAGE_2022_ZR_LADY_Hybrid_CX500.jpg","datePublished":"2022-11-25T20:12:31+00:00","dateModified":"2023-08-10T23:40:06+00:00","description":"cioelectro.com bietet Ihnen das Radon ZR Lady Hybrid 500 zum besten Preis mit kostenlosem Versand in ganz EuropaZR LADY HYBRIDZR LADY HYBRID","breadcrumb":{"@id":"https:\/\/cioelectro.com\/produkt\/radon-zr-lady-hybrid-500\/#breadcrumb"},"inLanguage":"en-US","potentialAction":[{"@type":"ReadAction","target":["https:\/\/cioelectro.com\/produkt\/radon-zr-lady-hybrid-500\/"]}]},{"@type":"ImageObject","inLanguage":"en-US","@id":"https:\/\/cioelectro.com\/produkt\/radon-zr-lady-hybrid-500\/#primaryimage","url":"https:\/\/cioelectro.com\/wp-content\/uploads\/2023\/06\/h-s_website_vorlage_STAGE_2022_ZR_LADY_Hybrid_CX500.jpg","contentUrl":"https:\/\/cioelectro.com\/wp-content\/uploads\/2023\/06\/h-s_website_vorlage_STAGE_2022_ZR_LADY_Hybrid_CX500.jpg","width":1000,"height":567,"caption":"Radon ZR Lady Hybrid 500"},{"@type":"BreadcrumbList","@id":"https:\/\/cioelectro.com\/produkt\/radon-zr-lady-hybrid-500\/#breadcrumb","itemListElement":[{"@type":"ListItem","position":1,"name":"Startseite","item":"https:\/\/cioelectro.com\/"},{"@type":"ListItem","position":2,"name":"LADEN","item":"https:\/\/cioelectro.com\/laden\/"},{"@type":"ListItem","position":3,"name":"Radon ZR Lady Hybrid 500"}]},{"@type":"WebSite","@id":"https:\/\/cioelectro.com\/#website","url":"https:\/\/cioelectro.com\/","name":"cioelectro.com","description":"Treten Sie mit uns ins Abenteuer!","publisher":{"@id":"https:\/\/cioelectro.com\/#organization"},"alternateName":"MEIN RADLADEN","potentialAction":[{"@type":"SearchAction","target":{"@type":"EntryPoint","urlTemplate":"https:\/\/cioelectro.com\/?s={search_term_string}"},"query-input":{"@type":"PropertyValueSpecification","valueRequired":true,"valueName":"search_term_string"}}],"inLanguage":"en-US"},{"@type":"Organization","@id":"https:\/\/cioelectro.com\/#organization","name":"CIOELECTRO","alternateName":"MEIN RADLADEN","url":"https:\/\/cioelectro.com\/","logo":{"@type":"ImageObject","inLanguage":"en-US","@id":"https:\/\/cioelectro.com\/#\/schema\/logo\/image\/","url":"https:\/\/cioelectro.com\/wp-content\/uploads\/2025\/12\/Logo-2-1200x800.png","contentUrl":"https:\/\/cioelectro.com\/wp-content\/uploads\/2025\/12\/Logo-2-1200x800.png","width":1200,"height":800,"caption":"CIOELECTRO"},"image":{"@id":"https:\/\/cioelectro.com\/#\/schema\/logo\/image\/"}}]}},"_links":{"self":[{"href":"https:\/\/cioelectro.com\/en\/wp-json\/wp\/v2\/product\/44767","targetHints":{"allow":["GET"]}}],"collection":[{"href":"https:\/\/cioelectro.com\/en\/wp-json\/wp\/v2\/product"}],"about":[{"href":"https:\/\/cioelectro.com\/en\/wp-json\/wp\/v2\/types\/product"}],"replies":[{"embeddable":true,"href":"https:\/\/cioelectro.com\/en\/wp-json\/wp\/v2\/comments?post=44767"}],"version-history":[{"count":0,"href":"https:\/\/cioelectro.com\/en\/wp-json\/wp\/v2\/product\/44767\/revisions"}],"wp:featuredmedia":[{"embeddable":true,"href":"https:\/\/cioelectro.com\/en\/wp-json\/wp\/v2\/media\/63455"}],"wp:attachment":[{"href":"https:\/\/cioelectro.com\/en\/wp-json\/wp\/v2\/media?parent=44767"}],"wp:term":[{"taxonomy":"product_brand","embeddable":true,"href":"https:\/\/cioelectro.com\/en\/wp-json\/wp\/v2\/product_brand?post=44767"},{"taxonomy":"product_cat","embeddable":true,"href":"https:\/\/cioelectro.com\/en\/wp-json\/wp\/v2\/product_cat?post=44767"},{"taxonomy":"product_tag","embeddable":true,"href":"https:\/\/cioelectro.com\/en\/wp-json\/wp\/v2\/product_tag?post=44767"}],"curies":[{"name":"wp","href":"https:\/\/api.w.org\/{rel}","templated":true}]}}