{"id":44971,"date":"2022-11-28T14:54:28","date_gmt":"2022-11-28T13:54:28","guid":{"rendered":"https:\/\/meinradladen.com\/?post_type=product&#038;p=44971"},"modified":"2023-08-10T22:08:17","modified_gmt":"2023-08-10T20:08:17","slug":"crankbrothers-egg-beater-11-klickpedale","status":"publish","type":"product","link":"https:\/\/cioelectro.com\/en\/produkt\/crankbrothers-egg-beater-11-klickpedale\/","title":{"rendered":"CrankBrothers Egg Beater 11 Klickpedale"},"content":{"rendered":"<div class=\"product--headername\">\n<h2 class=\"product--title\"><strong>CrankBrothers<\/strong> Egg Beater 11 Klickpedale<\/h2>\n<\/div>\n<p>Die Egg Beater 11 Klickpedale gold von CrankBrothers sind die leichtesten Mountainbike-Pedale der Welt.<\/p>\n<hr \/>\n<h3>Features &#8211; CrankBrothers Egg Beater 11<\/h3>\n<ul>\n<li>Ultraleichte Titan-Komponenten<\/li>\n<li>Einstieg von vier Seiten<\/li>\n<li>Hervorragende Selbstreinigung<\/li>\n<li>Bewegungsfreiheit und Ausl\u00f6sewinkel einstellbar<\/li>\n<li>Aluminium Sechskant Endkappe<\/li>\n<li>Hochwertige Lager<\/li>\n<li>Premium-Lager &#8211; doppelt gedichtet<\/li>\n<\/ul>\n<h3>Produkteigenschaften<\/h3>\n<ul>\n<li><strong>Einsatzbereich:<\/strong>\u00a0Cross Country, Cyclocross, Gravel<\/li>\n<li><strong>Feder:<\/strong>\u00a0300er Edelstahl<\/li>\n<li><strong>Innenlager:\u00a0<\/strong>Igus LL-glide Lager<\/li>\n<li><strong>Au\u00dfenlager:\u00a0<\/strong>Enduro-Industrielager austauschbar<\/li>\n<li><strong>Schuhplatten:<\/strong>\u00a0Premium Messing Cleats (passen an alle SPD-kompatiblen Schuhe)<\/li>\n<li><strong>Ausgleichsscheiben:<\/strong>\u00a0Ja<\/li>\n<li><strong>Q-Faktor:<\/strong>\u00a052mm<\/li>\n<li><strong>Ausl\u00f6sewinkel:<\/strong>\u00a015\u00b0 bis 20\u00b0 (je nach Montage der Cleats)<\/li>\n<li><strong>Maximales Fahrergewicht:<\/strong>\u00a090kg<\/li>\n<\/ul>\n<h3>Material<\/h3>\n<ul>\n<li><strong>Pedalk\u00f6rper:<\/strong>\u00a0Titan (6al \/ 4v)<\/li>\n<li><strong>Achse:<\/strong>\u00a0Titan (6al \/ 4v)<\/li>\n<li><strong>Lagerung:<\/strong>\u00a0Igus LL Gleitlager (innen) und Enduro Industrielager (au\u00dfen)<\/li>\n<\/ul>\n<h3>Farbe<\/h3>\n<ul>\n<li>gold<\/li>\n<\/ul>\n<h3>Gewicht<\/h3>\n<ul>\n<li>179g \/ Paar (Herstellerangabe)<\/li>\n<\/ul>\n<hr \/>\n<h3><strong>Lieferumfang<\/strong><\/h3>\n<ul>\n<li>1 Paar Crankbrothers Egg Beater 11 Pedale<\/li>\n<li>1 Paar Premium Cleats<\/li>\n<li>Ausgleichsscheiben<\/li>\n<\/ul>","protected":false},"excerpt":{"rendered":"<p>CrankBrothers Egg Beater 11 Klickpedale Die Egg Beater 11 Klickpedale gold von CrankBrothers sind die leichtesten Mountainbike-Pedale der Welt. Features<\/p>","protected":false},"featured_media":63540,"comment_status":"open","ping_status":"closed","template":"","meta":{"_rtcl_gb_attr":""},"product_brand":[],"product_cat":[460,423],"product_tag":[],"class_list":{"0":"post-44971","1":"product","2":"type-product","3":"status-publish","4":"has-post-thumbnail","6":"product_cat-rennrad-teile","7":"product_cat-teile","8":"pa_marke-crankbrothers","10":"first","11":"instock","12":"sale","13":"taxable","14":"shipping-taxable","15":"purchasable","16":"product-type-simple"},"yoast_head":"<!-- This site is optimized with the Yoast SEO Premium plugin v20.12 (Yoast SEO v27.4) - https:\/\/yoast.com\/product\/yoast-seo-premium-wordpress\/ -->\n<title>CrankBrothers Egg Beater 11 Klickpedale<\/title>\n<meta name=\"description\" content=\"Entdecken Sie unseren Online-Fahrradladen: Gro\u00dfe Auswahl an Modellen f\u00fcr alle Radsportbegeisterten. Von Rennr\u00e4dern bis zu Mountainbikes - finden Sie heute Ihren perfekten Wegbegleiter!\" \/>\n<meta name=\"robots\" content=\"index, follow, max-snippet:-1, max-image-preview:large, max-video-preview:-1\" \/>\n<link rel=\"canonical\" href=\"https:\/\/cioelectro.com\/en\/produkt\/crankbrothers-egg-beater-11-klickpedale\/\" \/>\n<meta property=\"og:locale\" content=\"en_US\" \/>\n<meta property=\"og:type\" content=\"article\" \/>\n<meta property=\"og:title\" content=\"CrankBrothers Egg Beater 11 Klickpedale\" \/>\n<meta property=\"og:description\" content=\"Entdecken Sie unseren Online-Fahrradladen: Gro\u00dfe Auswahl an Modellen f\u00fcr alle Radsportbegeisterten. Von Rennr\u00e4dern bis zu Mountainbikes - finden Sie heute Ihren perfekten Wegbegleiter!\" \/>\n<meta property=\"og:url\" content=\"https:\/\/cioelectro.com\/en\/produkt\/crankbrothers-egg-beater-11-klickpedale\/\" \/>\n<meta property=\"og:site_name\" content=\"cioelectro.com\" \/>\n<meta property=\"article:modified_time\" content=\"2023-08-10T20:08:17+00:00\" \/>\n<meta property=\"og:image\" content=\"https:\/\/cioelectro.com\/wp-content\/uploads\/2023\/06\/CrankBrothers-Egg-Beater-11-Pedale-11495_a_800x800-00.jpg\" \/>\n\t<meta property=\"og:image:width\" content=\"725\" \/>\n\t<meta property=\"og:image:height\" content=\"800\" \/>\n\t<meta property=\"og:image:type\" content=\"image\/jpeg\" \/>\n<meta name=\"twitter:card\" content=\"summary_large_image\" \/>\n<meta name=\"twitter:label1\" content=\"Est. reading time\" \/>\n\t<meta name=\"twitter:data1\" content=\"1 minute\" \/>\n<script type=\"application\/ld+json\" class=\"yoast-schema-graph\">{\"@context\":\"https:\\\/\\\/schema.org\",\"@graph\":[{\"@type\":\"WebPage\",\"@id\":\"https:\\\/\\\/cioelectro.com\\\/produkt\\\/crankbrothers-egg-beater-11-klickpedale\\\/\",\"url\":\"https:\\\/\\\/cioelectro.com\\\/produkt\\\/crankbrothers-egg-beater-11-klickpedale\\\/\",\"name\":\"CrankBrothers Egg Beater 11 Klickpedale\",\"isPartOf\":{\"@id\":\"https:\\\/\\\/cioelectro.com\\\/#website\"},\"primaryImageOfPage\":{\"@id\":\"https:\\\/\\\/cioelectro.com\\\/produkt\\\/crankbrothers-egg-beater-11-klickpedale\\\/#primaryimage\"},\"image\":{\"@id\":\"https:\\\/\\\/cioelectro.com\\\/produkt\\\/crankbrothers-egg-beater-11-klickpedale\\\/#primaryimage\"},\"thumbnailUrl\":\"https:\\\/\\\/cioelectro.com\\\/wp-content\\\/uploads\\\/2023\\\/06\\\/CrankBrothers-Egg-Beater-11-Pedale-11495_a_800x800-00.jpg\",\"datePublished\":\"2022-11-28T13:54:28+00:00\",\"dateModified\":\"2023-08-10T20:08:17+00:00\",\"description\":\"Entdecken Sie unseren Online-Fahrradladen: Gro\u00dfe Auswahl an Modellen f\u00fcr alle Radsportbegeisterten. Von Rennr\u00e4dern bis zu Mountainbikes - finden Sie heute Ihren perfekten Wegbegleiter!\",\"breadcrumb\":{\"@id\":\"https:\\\/\\\/cioelectro.com\\\/produkt\\\/crankbrothers-egg-beater-11-klickpedale\\\/#breadcrumb\"},\"inLanguage\":\"en-US\",\"potentialAction\":[{\"@type\":\"ReadAction\",\"target\":[\"https:\\\/\\\/cioelectro.com\\\/produkt\\\/crankbrothers-egg-beater-11-klickpedale\\\/\"]}]},{\"@type\":\"ImageObject\",\"inLanguage\":\"en-US\",\"@id\":\"https:\\\/\\\/cioelectro.com\\\/produkt\\\/crankbrothers-egg-beater-11-klickpedale\\\/#primaryimage\",\"url\":\"https:\\\/\\\/cioelectro.com\\\/wp-content\\\/uploads\\\/2023\\\/06\\\/CrankBrothers-Egg-Beater-11-Pedale-11495_a_800x800-00.jpg\",\"contentUrl\":\"https:\\\/\\\/cioelectro.com\\\/wp-content\\\/uploads\\\/2023\\\/06\\\/CrankBrothers-Egg-Beater-11-Pedale-11495_a_800x800-00.jpg\",\"width\":725,\"height\":800,\"caption\":\"CrankBrothers Egg Beater 11 Klickpedale\"},{\"@type\":\"BreadcrumbList\",\"@id\":\"https:\\\/\\\/cioelectro.com\\\/produkt\\\/crankbrothers-egg-beater-11-klickpedale\\\/#breadcrumb\",\"itemListElement\":[{\"@type\":\"ListItem\",\"position\":1,\"name\":\"Startseite\",\"item\":\"https:\\\/\\\/cioelectro.com\\\/\"},{\"@type\":\"ListItem\",\"position\":2,\"name\":\"LADEN\",\"item\":\"https:\\\/\\\/cioelectro.com\\\/laden\\\/\"},{\"@type\":\"ListItem\",\"position\":3,\"name\":\"CrankBrothers Egg Beater 11 Klickpedale\"}]},{\"@type\":\"WebSite\",\"@id\":\"https:\\\/\\\/cioelectro.com\\\/#website\",\"url\":\"https:\\\/\\\/cioelectro.com\\\/\",\"name\":\"cioelectro.com\",\"description\":\"Treten Sie mit uns ins Abenteuer!\",\"publisher\":{\"@id\":\"https:\\\/\\\/cioelectro.com\\\/#organization\"},\"alternateName\":\"MEIN RADLADEN\",\"potentialAction\":[{\"@type\":\"SearchAction\",\"target\":{\"@type\":\"EntryPoint\",\"urlTemplate\":\"https:\\\/\\\/cioelectro.com\\\/?s={search_term_string}\"},\"query-input\":{\"@type\":\"PropertyValueSpecification\",\"valueRequired\":true,\"valueName\":\"search_term_string\"}}],\"inLanguage\":\"en-US\"},{\"@type\":\"Organization\",\"@id\":\"https:\\\/\\\/cioelectro.com\\\/#organization\",\"name\":\"CIOELECTRO\",\"alternateName\":\"MEIN RADLADEN\",\"url\":\"https:\\\/\\\/cioelectro.com\\\/\",\"logo\":{\"@type\":\"ImageObject\",\"inLanguage\":\"en-US\",\"@id\":\"https:\\\/\\\/cioelectro.com\\\/#\\\/schema\\\/logo\\\/image\\\/\",\"url\":\"https:\\\/\\\/cioelectro.com\\\/wp-content\\\/uploads\\\/2025\\\/12\\\/Logo-2-1200x800.png\",\"contentUrl\":\"https:\\\/\\\/cioelectro.com\\\/wp-content\\\/uploads\\\/2025\\\/12\\\/Logo-2-1200x800.png\",\"width\":1200,\"height\":800,\"caption\":\"CIOELECTRO\"},\"image\":{\"@id\":\"https:\\\/\\\/cioelectro.com\\\/#\\\/schema\\\/logo\\\/image\\\/\"}}]}<\/script>\n<!-- \/ Yoast SEO Premium plugin. -->","yoast_head_json":{"title":"CrankBrothers Egg Beater 11 Klickpedale","description":"Entdecken Sie unseren Online-Fahrradladen: Gro\u00dfe Auswahl an Modellen f\u00fcr alle Radsportbegeisterten. Von Rennr\u00e4dern bis zu Mountainbikes - finden Sie heute Ihren perfekten Wegbegleiter!","robots":{"index":"index","follow":"follow","max-snippet":"max-snippet:-1","max-image-preview":"max-image-preview:large","max-video-preview":"max-video-preview:-1"},"canonical":"https:\/\/cioelectro.com\/en\/produkt\/crankbrothers-egg-beater-11-klickpedale\/","og_locale":"en_US","og_type":"article","og_title":"CrankBrothers Egg Beater 11 Klickpedale","og_description":"Entdecken Sie unseren Online-Fahrradladen: Gro\u00dfe Auswahl an Modellen f\u00fcr alle Radsportbegeisterten. Von Rennr\u00e4dern bis zu Mountainbikes - finden Sie heute Ihren perfekten Wegbegleiter!","og_url":"https:\/\/cioelectro.com\/en\/produkt\/crankbrothers-egg-beater-11-klickpedale\/","og_site_name":"cioelectro.com","article_modified_time":"2023-08-10T20:08:17+00:00","og_image":[{"width":725,"height":800,"url":"https:\/\/cioelectro.com\/wp-content\/uploads\/2023\/06\/CrankBrothers-Egg-Beater-11-Pedale-11495_a_800x800-00.jpg","type":"image\/jpeg"}],"twitter_card":"summary_large_image","twitter_misc":{"Est. reading time":"1 minute"},"schema":{"@context":"https:\/\/schema.org","@graph":[{"@type":"WebPage","@id":"https:\/\/cioelectro.com\/produkt\/crankbrothers-egg-beater-11-klickpedale\/","url":"https:\/\/cioelectro.com\/produkt\/crankbrothers-egg-beater-11-klickpedale\/","name":"CrankBrothers Egg Beater 11 Klickpedale","isPartOf":{"@id":"https:\/\/cioelectro.com\/#website"},"primaryImageOfPage":{"@id":"https:\/\/cioelectro.com\/produkt\/crankbrothers-egg-beater-11-klickpedale\/#primaryimage"},"image":{"@id":"https:\/\/cioelectro.com\/produkt\/crankbrothers-egg-beater-11-klickpedale\/#primaryimage"},"thumbnailUrl":"https:\/\/cioelectro.com\/wp-content\/uploads\/2023\/06\/CrankBrothers-Egg-Beater-11-Pedale-11495_a_800x800-00.jpg","datePublished":"2022-11-28T13:54:28+00:00","dateModified":"2023-08-10T20:08:17+00:00","description":"Entdecken Sie unseren Online-Fahrradladen: Gro\u00dfe Auswahl an Modellen f\u00fcr alle Radsportbegeisterten. Von Rennr\u00e4dern bis zu Mountainbikes - finden Sie heute Ihren perfekten Wegbegleiter!","breadcrumb":{"@id":"https:\/\/cioelectro.com\/produkt\/crankbrothers-egg-beater-11-klickpedale\/#breadcrumb"},"inLanguage":"en-US","potentialAction":[{"@type":"ReadAction","target":["https:\/\/cioelectro.com\/produkt\/crankbrothers-egg-beater-11-klickpedale\/"]}]},{"@type":"ImageObject","inLanguage":"en-US","@id":"https:\/\/cioelectro.com\/produkt\/crankbrothers-egg-beater-11-klickpedale\/#primaryimage","url":"https:\/\/cioelectro.com\/wp-content\/uploads\/2023\/06\/CrankBrothers-Egg-Beater-11-Pedale-11495_a_800x800-00.jpg","contentUrl":"https:\/\/cioelectro.com\/wp-content\/uploads\/2023\/06\/CrankBrothers-Egg-Beater-11-Pedale-11495_a_800x800-00.jpg","width":725,"height":800,"caption":"CrankBrothers Egg Beater 11 Klickpedale"},{"@type":"BreadcrumbList","@id":"https:\/\/cioelectro.com\/produkt\/crankbrothers-egg-beater-11-klickpedale\/#breadcrumb","itemListElement":[{"@type":"ListItem","position":1,"name":"Startseite","item":"https:\/\/cioelectro.com\/"},{"@type":"ListItem","position":2,"name":"LADEN","item":"https:\/\/cioelectro.com\/laden\/"},{"@type":"ListItem","position":3,"name":"CrankBrothers Egg Beater 11 Klickpedale"}]},{"@type":"WebSite","@id":"https:\/\/cioelectro.com\/#website","url":"https:\/\/cioelectro.com\/","name":"cioelectro.com","description":"Treten Sie mit uns ins Abenteuer!","publisher":{"@id":"https:\/\/cioelectro.com\/#organization"},"alternateName":"MEIN RADLADEN","potentialAction":[{"@type":"SearchAction","target":{"@type":"EntryPoint","urlTemplate":"https:\/\/cioelectro.com\/?s={search_term_string}"},"query-input":{"@type":"PropertyValueSpecification","valueRequired":true,"valueName":"search_term_string"}}],"inLanguage":"en-US"},{"@type":"Organization","@id":"https:\/\/cioelectro.com\/#organization","name":"CIOELECTRO","alternateName":"MEIN RADLADEN","url":"https:\/\/cioelectro.com\/","logo":{"@type":"ImageObject","inLanguage":"en-US","@id":"https:\/\/cioelectro.com\/#\/schema\/logo\/image\/","url":"https:\/\/cioelectro.com\/wp-content\/uploads\/2025\/12\/Logo-2-1200x800.png","contentUrl":"https:\/\/cioelectro.com\/wp-content\/uploads\/2025\/12\/Logo-2-1200x800.png","width":1200,"height":800,"caption":"CIOELECTRO"},"image":{"@id":"https:\/\/cioelectro.com\/#\/schema\/logo\/image\/"}}]}},"_links":{"self":[{"href":"https:\/\/cioelectro.com\/en\/wp-json\/wp\/v2\/product\/44971","targetHints":{"allow":["GET"]}}],"collection":[{"href":"https:\/\/cioelectro.com\/en\/wp-json\/wp\/v2\/product"}],"about":[{"href":"https:\/\/cioelectro.com\/en\/wp-json\/wp\/v2\/types\/product"}],"replies":[{"embeddable":true,"href":"https:\/\/cioelectro.com\/en\/wp-json\/wp\/v2\/comments?post=44971"}],"version-history":[{"count":0,"href":"https:\/\/cioelectro.com\/en\/wp-json\/wp\/v2\/product\/44971\/revisions"}],"wp:featuredmedia":[{"embeddable":true,"href":"https:\/\/cioelectro.com\/en\/wp-json\/wp\/v2\/media\/63540"}],"wp:attachment":[{"href":"https:\/\/cioelectro.com\/en\/wp-json\/wp\/v2\/media?parent=44971"}],"wp:term":[{"taxonomy":"product_brand","embeddable":true,"href":"https:\/\/cioelectro.com\/en\/wp-json\/wp\/v2\/product_brand?post=44971"},{"taxonomy":"product_cat","embeddable":true,"href":"https:\/\/cioelectro.com\/en\/wp-json\/wp\/v2\/product_cat?post=44971"},{"taxonomy":"product_tag","embeddable":true,"href":"https:\/\/cioelectro.com\/en\/wp-json\/wp\/v2\/product_tag?post=44971"}],"curies":[{"name":"wp","href":"https:\/\/api.w.org\/{rel}","templated":true}]}}