{"id":44972,"date":"2022-11-28T14:23:26","date_gmt":"2022-11-28T13:23:26","guid":{"rendered":"https:\/\/meinradladen.com\/?post_type=product&#038;p=44972"},"modified":"2023-08-10T22:15:31","modified_gmt":"2023-08-10T20:15:31","slug":"cube-stereo-one77-pro-29-black-anodized","status":"publish","type":"product","link":"https:\/\/cioelectro.com\/en\/produkt\/cube-stereo-one77-pro-29-black-anodized\/","title":{"rendered":"Cube Stereo ONE77 Pro 29 black anodized"},"content":{"rendered":"<h2 class=\"content--title\"><strong>Cube<\/strong>\u00a0Stereo ONE77 Pro 29 black anodized<\/h2>\n<p class=\"product--description\">Wer f\u00fcr seine Lieblingsdisziplin Enduro perfekt ger\u00fcstet sein will, sattelt am besten das Cube Stereo ONE77 Pro. Dieses Bike \u00fcberzeugt mit einer feinabgestimmten Geometrie und Kinematik. In Zusammenarbeit mit der Fox 38 Float Federgabel und dem Float X2 Performance D\u00e4mpfer werden so s\u00e4mtliche L\u00f6cher, Felsen und Wurzelteppiche auf dem Trail glattgeb\u00fcgelt wie nichts.<\/p>\n<hr \/>\n<p class=\"product--description\"><a href=\"https:\/\/www.cube.eu\/360\/656100\" target=\"_blank\" rel=\"noopener\"><img decoding=\"async\" title=\"360\u00b0\" src=\"https:\/\/cd.bike-discount.de\/media\/image\/3a\/ee\/83\/360.png\" alt=\"\" width=\"40\" height=\"39\" data-mid=\"729769\" data-src=\"media\/image\/360.png\" \/>360\u00b0-Ansicht \u00f6ffnen<\/a><\/p>\n<hr \/>\n<p>Souver\u00e4n und leichtg\u00e4ngig, downhill wie uphill: die GX Eagle 12-fach Schaltung von Sram. Die kr\u00e4ftig zupackenden hydraulischen Magura MT5 Scheibenbremsen bringen die Newmen Evolution Laufr\u00e4der sicher und kontrolliert zum Stehen, wenn es denn sein muss, und zwar egal bei welchen Bedingungen. Und dank der versenkbaren Sattelst\u00fctze kann auf dem Trail kommen, was will \u2013 du hast dein Bike immer perfekt unter Kontrolle. Der Berg ruft!<\/p>\n<hr \/>\n<h3>RAHMEN Cube Stereo ONE77 Pro 29<\/h3>\n<p>Gro\u00dfe Laufr\u00e4der, viel Federweg, mega Fahrspa\u00df \u2013 kurz: der Stereo ONE77. Die Basis dieses Rahmens bilden das bew\u00e4hrte Viergelenker-Design und die Agile Trail Geometry, beides Garanten f\u00fcr exzellente Federungsleistung und zuverl\u00e4ssiges Handling bei allen m\u00f6glichen und unm\u00f6glichen Trail-Bedingungen. Mit einem Flip-Chip und zwei Befestigungspunkten f\u00fcr wahlweise Stahl- oder Luftd\u00e4mpfer gibt sich die Federung am Heck supereffizient \u2013 welchen D\u00e4mpfer man montiert, ist f\u00fcr dieses Chassis also unerheblich. Per Lagerschalen zur Winkelverstellung l\u00e4sst sich die Geometrie auf individuelle Vorlieben und Anforderungen anpassen. F\u00fcr den letzten Schliff sorgen elegant integrierte Lager, ein geschraubtes Tretlager und ins Innere verlegte Z\u00fcge. Das bedeutet weniger Wartung und damit keine verpassten Meter mehr auf dem Trail. Kurz: Mit diesem Rahmen bekommen Federweg und Laufradgr\u00f6\u00dfe ihre ganz gro\u00dfe B\u00fchne!<\/p>\n<hr \/>\n<h3>Technologien<\/h3>\n<p><strong>HPA<\/strong><br \/>\nMit High Performance Aluminium (HPA) holt CUBE die beste Performance aus diesem stabilen und \u00fcberaus haltbaren Material namens Aluminium heraus. CUBE hat sich hier f\u00fcr eine Legierung mit der pr\u00e4zise auf unsere Anspr\u00fcche abgestimmten Qualit\u00e4t entschieden, die Rohrs\u00e4tze gem\u00e4\u00df dem jeweiligen Einsatzbereich geformt und dann jeden Rahmen passgenau verschwei\u00dft. Das Ergebnis: ein garantiert leichtes, stabiles, haltbares und sicheres Bike.<\/p>\n<h4><strong>Advanced Hydroforming<\/strong><\/h4>\n<p>CUBE&#8217;s hochwertige Aluminiumrahmen werden per Advanced Hydroforming hergestellt. Bei diesem Verfahren werden die Aluminiumrohre mithilfe von Fl\u00fcssigkeit, die unter hohem Druck steht, in die gew\u00fcnschte Form gebracht. Die Vorteile: die optimale Nutzung der herausragenden Materialeigenschaften von Aluminium sowie hohe Stabilit\u00e4t bei zugleich weniger Gewicht. Au\u00dferdem gibt es so weniger Schwei\u00dfn\u00e4hte. Das Ergebnis ist ein leistungsstarker Rahmen, der noch dazu wundersch\u00f6n aussieht.<\/p>\n<p><strong>Agile Trail Geometry<\/strong><\/p>\n<p>Die Agile Trail Geometry basiert auf CUBE&#8217;s beliebten Agile Ride Geometry, richtet sich aber an Mountainbiker, die auf dem Trail gern mal an ihre Grenzen gehen. Ein niedrigerer Standover l\u00e4sst dir hierbei mehr Bewegungsspielraum \u00fcber dem Bike. Mit diesem cleveren Set-up meisterst du selbst die haarigste Line souver\u00e4n \u2013 maximaler Fahrspa\u00df inklusive!<\/p>\n<h4><strong>Lagerschalen zur Winkelverstellung im Steuerrohr<\/strong><\/h4>\n<p>Beim Spiel mit der Schwerkraft, auf haarigen Trails und wenn beim Rennen jede Sekunde z\u00e4hlt, ist die Geometrie deines CUBE Bikes oftmals das Z\u00fcnglein an der Waage. Gut, dass du dank unserer Lagerschalen zur Winkelverstellung im Steuerrohr dein Bike auf deine pers\u00f6nlichen Bed\u00fcrfnisse und Vorlieben abstimmen kannst \u2013 etwas flacher f\u00fcr mehr Stabilit\u00e4t, etwas steiler f\u00fcr mehr Agilit\u00e4t. Du hast die Wahl!<\/p>\n<p><strong>Flip Chip<\/strong><br \/>\nEin Federungssystem, das sich feinabstimmen l\u00e4sst, kitzelt selbst das letzte Qu\u00e4ntchen Performance aus deinem Bike heraus. Die Me\u00dflatte in Sachen Feinabstimmung noch ein St\u00fcckchen h\u00f6her legt der Flip Clip von CUBE. Damit kannst du die Leistung deines Luft- oder Stahlfederd\u00e4mpfers ganz unkompliziert so anpassen, dass sie deinen Vorlieben, deinem Fahrstil und den Bedingungen auf dem Trail entspricht. Einstellen, losfahren \u2013 so einfach geht&#8217;s!<\/p>\n<h2>Ausstattung<\/h2>\n<div class=\"product--properties panel has--border\">\n<table class=\"product--properties-table\">\n<tbody>\n<tr class=\"product--properties-row row1\">\n<td class=\"product--properties-label is--bold\">Rahmen:<\/td>\n<td class=\"product--properties-value\">HPA Advanced Hydroform, ATG, ETC 4-Link, Air\/Coil Shock Mount Flip-Chip, ISCG Mount, AXH<\/td>\n<\/tr>\n<tr class=\"product--properties-row row2\">\n<td class=\"product--properties-label is--bold\">Rahmenmaterial:<\/td>\n<td class=\"product--properties-value\">Aluminium<\/td>\n<\/tr>\n<tr class=\"product--properties-row row3\">\n<td class=\"product--properties-label is--bold\">Laufradgr\u00f6\u00dfe:<\/td>\n<td class=\"product--properties-value\">29: M, L, XL, XXL<\/td>\n<\/tr>\n<tr class=\"product--properties-row row4\">\n<td class=\"product--properties-label is--bold\">Farbe:<\/td>\n<td class=\"product--properties-value\">black anodized<\/td>\n<\/tr>\n<tr class=\"product--properties-row row5\">\n<td class=\"product--properties-label is--bold\">Gabel:<\/td>\n<td class=\"product--properties-value\">Fox 38 Float Performance GRIP, 3-Position w\/ Micro Adjust, Tapered, 15x110mm, 170mm<\/td>\n<\/tr>\n<tr class=\"product--properties-row row6\">\n<td class=\"product--properties-label is--bold\">D\u00e4mpfer:<\/td>\n<td class=\"product--properties-value\">Fox Float X2, 230x65mm, Low Speed Rebound &amp; Compression w\/ 2-Position Lever<\/td>\n<\/tr>\n<tr class=\"product--properties-row row7\">\n<td class=\"product--properties-label is--bold\">Federweg:<\/td>\n<td class=\"product--properties-value\">170mm \/ 170mm<\/td>\n<\/tr>\n<tr class=\"product--properties-row row8\">\n<td class=\"product--properties-label is--bold\">Bremsen:<\/td>\n<td class=\"product--properties-value\">Magura MT5, Hydr. Disc Brake (203\/180)<\/td>\n<\/tr>\n<tr class=\"product--properties-row row9\">\n<td class=\"product--properties-label is--bold\">Bremsscheiben:<\/td>\n<td class=\"product--properties-value\">203 mm \/ 180 mm<\/td>\n<\/tr>\n<tr class=\"product--properties-row row10\">\n<td class=\"product--properties-label is--bold\">Steuersatz:<\/td>\n<td class=\"product--properties-value\">ACROS Integrated, Top 1 1\/8&#8243;, Bottom 1 1\/2&#8243;, Fiber Inserts for 0.6\u00b0 Angle Adjustment<\/td>\n<\/tr>\n<tr class=\"product--properties-row row11\">\n<td class=\"product--properties-label is--bold\">Vorbau:<\/td>\n<td class=\"product--properties-value\">Race Face Aeffect R 35<\/td>\n<\/tr>\n<tr class=\"product--properties-row row12\">\n<td class=\"product--properties-label is--bold\">Lenker:<\/td>\n<td class=\"product--properties-value\">Race Face Chester 35, 780mm<\/td>\n<\/tr>\n<tr class=\"product--properties-row row13\">\n<td class=\"product--properties-label is--bold\">Griffe:<\/td>\n<td class=\"product--properties-value\">ACID Disrupt, Soft Compound<\/td>\n<\/tr>\n<tr class=\"product--properties-row row14\">\n<td class=\"product--properties-label is--bold\">Sattel:<\/td>\n<td class=\"product--properties-value\">Natural Fit Venec Lite<\/td>\n<\/tr>\n<tr class=\"product--properties-row row15\">\n<td class=\"product--properties-label is--bold\">Sattelst\u00fctze:<\/td>\n<td class=\"product--properties-value\">CUBE Dropper Post, Handlebar Lever, Internal Cable Routing, 31.6mm<\/td>\n<\/tr>\n<\/tbody>\n<\/table>\n<table class=\"product--properties-table\">\n<tbody>\n<tr class=\"product--properties-row row16\">\n<td class=\"product--properties-label is--bold\">Kurbel:<\/td>\n<td class=\"product--properties-value\">Sram GX Eagle\u2122 Boost DUB, 30T<\/td>\n<\/tr>\n<tr class=\"product--properties-row row17\">\n<td class=\"product--properties-label is--bold\">Tretlager\/Innenlager:<\/td>\n<td class=\"product--properties-value\">Sram DUB MTB, 92mm Pressfit<\/td>\n<\/tr>\n<tr class=\"product--properties-row row18\">\n<td class=\"product--properties-label is--bold\">Schaltwerk:<\/td>\n<td class=\"product--properties-value\">Sram GX Eagle\u2122, 12-Speed<\/td>\n<\/tr>\n<tr class=\"product--properties-row row19\">\n<td class=\"product--properties-label is--bold\">Schalthebel:<\/td>\n<td class=\"product--properties-value\">Sram NX Eagle\u2122 Trigger<\/td>\n<\/tr>\n<tr class=\"product--properties-row row20\">\n<td class=\"product--properties-label is--bold\">Kettenf\u00fchrung:<\/td>\n<td class=\"product--properties-value\">MRP SXG Chain Guide<\/td>\n<\/tr>\n<tr class=\"product--properties-row row21\">\n<td class=\"product--properties-label is--bold\">Kassette:<\/td>\n<td class=\"product--properties-value\">Sram XG-1275 Eagle\u2122, 10-52T<\/td>\n<\/tr>\n<tr class=\"product--properties-row row22\">\n<td class=\"product--properties-label is--bold\">Kette:<\/td>\n<td class=\"product--properties-value\">Sram SX Eagle\u2122<\/td>\n<\/tr>\n<tr class=\"product--properties-row row23\">\n<td class=\"product--properties-label is--bold\">Reifen vorne:<\/td>\n<td class=\"product--properties-value\">Maxxis Assegai, MaxxGrip\/EXO+, Tubeless Ready, 2.5 WT<\/td>\n<\/tr>\n<tr class=\"product--properties-row row24\">\n<td class=\"product--properties-label is--bold\">Reifen hinten:<\/td>\n<td class=\"product--properties-value\">Maxxis Minion DHR II, MaxxTerra\/EXO+, Tubeless Ready, 2.4 WT<\/td>\n<\/tr>\n<tr class=\"product--properties-row row25\">\n<td class=\"product--properties-label is--bold\">Laufradsatz:<\/td>\n<td class=\"product--properties-value\">Newmen Evolution SL A.30, 28\/28 Spokes, 15x110mm\/12x148mm, Tubeless Ready<\/td>\n<\/tr>\n<tr class=\"product--properties-row row26\">\n<td class=\"product--properties-label is--bold\">Lagerdimension:<\/td>\n<td class=\"product--properties-value\">Top: 40x8mm, Bottom: 20x8mm<\/td>\n<\/tr>\n<tr class=\"product--properties-row row27\">\n<td class=\"product--properties-label is--bold\">Pedale:<\/td>\n<td class=\"product--properties-value\">nicht im Lieferumfang enthalten<\/td>\n<\/tr>\n<tr class=\"product--properties-row row28\">\n<td class=\"product--properties-label is--bold\">Zul\u00e4ssiges Gesamtgewicht:<\/td>\n<td class=\"product--properties-value\">115 kg (K\u00f6rpergewicht + Fahrrad + Ausr\u00fcstung)<\/td>\n<\/tr>\n<tr class=\"product--properties-row row29\">\n<td class=\"product--properties-label is--bold\">Gewicht Komplettrad:<\/td>\n<td class=\"product--properties-value\">ab 15,9 kg<\/td>\n<\/tr>\n<\/tbody>\n<\/table>\n<\/div>","protected":false},"excerpt":{"rendered":"<div class=\"tab-menu--product js--tab-menu\">\n<div class=\"tab--container-list\">\n<div class=\"tab--container description has--content is--active\">\n<div class=\"tab--content box-description\">\n<div class=\"content--description\">\n<div class=\"ean-box\"><strong><label>Modelljahr: <span style=\"font-size: 16px;\">2023<\/span><\/label><\/strong><\/div>\n<\/div>\n<\/div>\n<\/div>\n<\/div>\n<\/div>\n<p><a class=\"rating-link-info--box\" name=\"product--publish-comment\"><\/a><\/p>\n<div id=\"detail--product-reviews\" class=\"content--product-reviews 123\"><\/div>","protected":false},"featured_media":63543,"comment_status":"open","ping_status":"closed","template":"","meta":{"_rtcl_gb_attr":""},"product_brand":[],"product_cat":[36,426,220],"product_tag":[],"class_list":{"0":"post-44972","1":"product","2":"type-product","3":"status-publish","4":"has-post-thumbnail","6":"product_cat-fahrrad","7":"product_cat-fullsuspension","8":"product_cat-mountainbike","9":"pa_marke-cube","11":"first","12":"instock","13":"sale","14":"taxable","15":"shipping-taxable","16":"purchasable","17":"product-type-variable"},"yoast_head":"<!-- This site is optimized with the Yoast SEO Premium plugin v20.12 (Yoast SEO v27.4) - https:\/\/yoast.com\/product\/yoast-seo-premium-wordpress\/ -->\n<title>Cube Stereo ONE77 Pro 29 black anodized<\/title>\n<meta name=\"description\" content=\"Entdecken Sie unseren Online-Fahrradladen: Gro\u00dfe Auswahl an Modellen f\u00fcr alle Radsportbegeisterten. Von Rennr\u00e4dern bis zu Mountainbikes - finden Sie heute Ihren perfekten Wegbegleiter!\" \/>\n<meta name=\"robots\" content=\"index, follow, max-snippet:-1, max-image-preview:large, max-video-preview:-1\" \/>\n<link rel=\"canonical\" href=\"https:\/\/cioelectro.com\/en\/produkt\/cube-stereo-one77-pro-29-black-anodized\/\" \/>\n<meta property=\"og:locale\" content=\"en_US\" \/>\n<meta property=\"og:type\" content=\"article\" \/>\n<meta property=\"og:title\" content=\"Cube Stereo ONE77 Pro 29 black anodized\" \/>\n<meta property=\"og:description\" content=\"Entdecken Sie unseren Online-Fahrradladen: Gro\u00dfe Auswahl an Modellen f\u00fcr alle Radsportbegeisterten. Von Rennr\u00e4dern bis zu Mountainbikes - finden Sie heute Ihren perfekten Wegbegleiter!\" \/>\n<meta property=\"og:url\" content=\"https:\/\/cioelectro.com\/en\/produkt\/cube-stereo-one77-pro-29-black-anodized\/\" \/>\n<meta property=\"og:site_name\" content=\"cioelectro.com\" \/>\n<meta property=\"article:modified_time\" content=\"2023-08-10T20:15:31+00:00\" \/>\n<meta property=\"og:image\" content=\"https:\/\/cioelectro.com\/wp-content\/uploads\/2023\/06\/Cube-Stereo-ONE77-Pro-29-black-anodized.jpg\" \/>\n\t<meta property=\"og:image:width\" content=\"800\" \/>\n\t<meta property=\"og:image:height\" content=\"444\" \/>\n\t<meta property=\"og:image:type\" content=\"image\/jpeg\" \/>\n<meta name=\"twitter:card\" content=\"summary_large_image\" \/>\n<meta name=\"twitter:label1\" content=\"Est. reading time\" \/>\n\t<meta name=\"twitter:data1\" content=\"5 minutes\" \/>\n<script type=\"application\/ld+json\" class=\"yoast-schema-graph\">{\"@context\":\"https:\\\/\\\/schema.org\",\"@graph\":[{\"@type\":\"WebPage\",\"@id\":\"https:\\\/\\\/cioelectro.com\\\/produkt\\\/cube-stereo-one77-pro-29-black-anodized\\\/\",\"url\":\"https:\\\/\\\/cioelectro.com\\\/produkt\\\/cube-stereo-one77-pro-29-black-anodized\\\/\",\"name\":\"Cube Stereo ONE77 Pro 29 black anodized\",\"isPartOf\":{\"@id\":\"https:\\\/\\\/cioelectro.com\\\/#website\"},\"primaryImageOfPage\":{\"@id\":\"https:\\\/\\\/cioelectro.com\\\/produkt\\\/cube-stereo-one77-pro-29-black-anodized\\\/#primaryimage\"},\"image\":{\"@id\":\"https:\\\/\\\/cioelectro.com\\\/produkt\\\/cube-stereo-one77-pro-29-black-anodized\\\/#primaryimage\"},\"thumbnailUrl\":\"https:\\\/\\\/cioelectro.com\\\/wp-content\\\/uploads\\\/2023\\\/06\\\/Cube-Stereo-ONE77-Pro-29-black-anodized.jpg\",\"datePublished\":\"2022-11-28T13:23:26+00:00\",\"dateModified\":\"2023-08-10T20:15:31+00:00\",\"description\":\"Entdecken Sie unseren Online-Fahrradladen: Gro\u00dfe Auswahl an Modellen f\u00fcr alle Radsportbegeisterten. Von Rennr\u00e4dern bis zu Mountainbikes - finden Sie heute Ihren perfekten Wegbegleiter!\",\"breadcrumb\":{\"@id\":\"https:\\\/\\\/cioelectro.com\\\/produkt\\\/cube-stereo-one77-pro-29-black-anodized\\\/#breadcrumb\"},\"inLanguage\":\"en-US\",\"potentialAction\":[{\"@type\":\"ReadAction\",\"target\":[\"https:\\\/\\\/cioelectro.com\\\/produkt\\\/cube-stereo-one77-pro-29-black-anodized\\\/\"]}]},{\"@type\":\"ImageObject\",\"inLanguage\":\"en-US\",\"@id\":\"https:\\\/\\\/cioelectro.com\\\/produkt\\\/cube-stereo-one77-pro-29-black-anodized\\\/#primaryimage\",\"url\":\"https:\\\/\\\/cioelectro.com\\\/wp-content\\\/uploads\\\/2023\\\/06\\\/Cube-Stereo-ONE77-Pro-29-black-anodized.jpg\",\"contentUrl\":\"https:\\\/\\\/cioelectro.com\\\/wp-content\\\/uploads\\\/2023\\\/06\\\/Cube-Stereo-ONE77-Pro-29-black-anodized.jpg\",\"width\":800,\"height\":444,\"caption\":\"Cube Stereo ONE77 Pro 29 black anodized\"},{\"@type\":\"BreadcrumbList\",\"@id\":\"https:\\\/\\\/cioelectro.com\\\/produkt\\\/cube-stereo-one77-pro-29-black-anodized\\\/#breadcrumb\",\"itemListElement\":[{\"@type\":\"ListItem\",\"position\":1,\"name\":\"Startseite\",\"item\":\"https:\\\/\\\/cioelectro.com\\\/\"},{\"@type\":\"ListItem\",\"position\":2,\"name\":\"LADEN\",\"item\":\"https:\\\/\\\/cioelectro.com\\\/laden\\\/\"},{\"@type\":\"ListItem\",\"position\":3,\"name\":\"Cube Stereo ONE77 Pro 29 black anodized\"}]},{\"@type\":\"WebSite\",\"@id\":\"https:\\\/\\\/cioelectro.com\\\/#website\",\"url\":\"https:\\\/\\\/cioelectro.com\\\/\",\"name\":\"cioelectro.com\",\"description\":\"Treten Sie mit uns ins Abenteuer!\",\"publisher\":{\"@id\":\"https:\\\/\\\/cioelectro.com\\\/#organization\"},\"alternateName\":\"MEIN RADLADEN\",\"potentialAction\":[{\"@type\":\"SearchAction\",\"target\":{\"@type\":\"EntryPoint\",\"urlTemplate\":\"https:\\\/\\\/cioelectro.com\\\/?s={search_term_string}\"},\"query-input\":{\"@type\":\"PropertyValueSpecification\",\"valueRequired\":true,\"valueName\":\"search_term_string\"}}],\"inLanguage\":\"en-US\"},{\"@type\":\"Organization\",\"@id\":\"https:\\\/\\\/cioelectro.com\\\/#organization\",\"name\":\"CIOELECTRO\",\"alternateName\":\"MEIN RADLADEN\",\"url\":\"https:\\\/\\\/cioelectro.com\\\/\",\"logo\":{\"@type\":\"ImageObject\",\"inLanguage\":\"en-US\",\"@id\":\"https:\\\/\\\/cioelectro.com\\\/#\\\/schema\\\/logo\\\/image\\\/\",\"url\":\"https:\\\/\\\/cioelectro.com\\\/wp-content\\\/uploads\\\/2025\\\/12\\\/Logo-2-1200x800.png\",\"contentUrl\":\"https:\\\/\\\/cioelectro.com\\\/wp-content\\\/uploads\\\/2025\\\/12\\\/Logo-2-1200x800.png\",\"width\":1200,\"height\":800,\"caption\":\"CIOELECTRO\"},\"image\":{\"@id\":\"https:\\\/\\\/cioelectro.com\\\/#\\\/schema\\\/logo\\\/image\\\/\"}}]}<\/script>\n<!-- \/ Yoast SEO Premium plugin. -->","yoast_head_json":{"title":"Cube Stereo ONE77 Pro 29 black anodized","description":"Entdecken Sie unseren Online-Fahrradladen: Gro\u00dfe Auswahl an Modellen f\u00fcr alle Radsportbegeisterten. Von Rennr\u00e4dern bis zu Mountainbikes - finden Sie heute Ihren perfekten Wegbegleiter!","robots":{"index":"index","follow":"follow","max-snippet":"max-snippet:-1","max-image-preview":"max-image-preview:large","max-video-preview":"max-video-preview:-1"},"canonical":"https:\/\/cioelectro.com\/en\/produkt\/cube-stereo-one77-pro-29-black-anodized\/","og_locale":"en_US","og_type":"article","og_title":"Cube Stereo ONE77 Pro 29 black anodized","og_description":"Entdecken Sie unseren Online-Fahrradladen: Gro\u00dfe Auswahl an Modellen f\u00fcr alle Radsportbegeisterten. Von Rennr\u00e4dern bis zu Mountainbikes - finden Sie heute Ihren perfekten Wegbegleiter!","og_url":"https:\/\/cioelectro.com\/en\/produkt\/cube-stereo-one77-pro-29-black-anodized\/","og_site_name":"cioelectro.com","article_modified_time":"2023-08-10T20:15:31+00:00","og_image":[{"width":800,"height":444,"url":"https:\/\/cioelectro.com\/wp-content\/uploads\/2023\/06\/Cube-Stereo-ONE77-Pro-29-black-anodized.jpg","type":"image\/jpeg"}],"twitter_card":"summary_large_image","twitter_misc":{"Est. reading time":"5 minutes"},"schema":{"@context":"https:\/\/schema.org","@graph":[{"@type":"WebPage","@id":"https:\/\/cioelectro.com\/produkt\/cube-stereo-one77-pro-29-black-anodized\/","url":"https:\/\/cioelectro.com\/produkt\/cube-stereo-one77-pro-29-black-anodized\/","name":"Cube Stereo ONE77 Pro 29 black anodized","isPartOf":{"@id":"https:\/\/cioelectro.com\/#website"},"primaryImageOfPage":{"@id":"https:\/\/cioelectro.com\/produkt\/cube-stereo-one77-pro-29-black-anodized\/#primaryimage"},"image":{"@id":"https:\/\/cioelectro.com\/produkt\/cube-stereo-one77-pro-29-black-anodized\/#primaryimage"},"thumbnailUrl":"https:\/\/cioelectro.com\/wp-content\/uploads\/2023\/06\/Cube-Stereo-ONE77-Pro-29-black-anodized.jpg","datePublished":"2022-11-28T13:23:26+00:00","dateModified":"2023-08-10T20:15:31+00:00","description":"Entdecken Sie unseren Online-Fahrradladen: Gro\u00dfe Auswahl an Modellen f\u00fcr alle Radsportbegeisterten. Von Rennr\u00e4dern bis zu Mountainbikes - finden Sie heute Ihren perfekten Wegbegleiter!","breadcrumb":{"@id":"https:\/\/cioelectro.com\/produkt\/cube-stereo-one77-pro-29-black-anodized\/#breadcrumb"},"inLanguage":"en-US","potentialAction":[{"@type":"ReadAction","target":["https:\/\/cioelectro.com\/produkt\/cube-stereo-one77-pro-29-black-anodized\/"]}]},{"@type":"ImageObject","inLanguage":"en-US","@id":"https:\/\/cioelectro.com\/produkt\/cube-stereo-one77-pro-29-black-anodized\/#primaryimage","url":"https:\/\/cioelectro.com\/wp-content\/uploads\/2023\/06\/Cube-Stereo-ONE77-Pro-29-black-anodized.jpg","contentUrl":"https:\/\/cioelectro.com\/wp-content\/uploads\/2023\/06\/Cube-Stereo-ONE77-Pro-29-black-anodized.jpg","width":800,"height":444,"caption":"Cube Stereo ONE77 Pro 29 black anodized"},{"@type":"BreadcrumbList","@id":"https:\/\/cioelectro.com\/produkt\/cube-stereo-one77-pro-29-black-anodized\/#breadcrumb","itemListElement":[{"@type":"ListItem","position":1,"name":"Startseite","item":"https:\/\/cioelectro.com\/"},{"@type":"ListItem","position":2,"name":"LADEN","item":"https:\/\/cioelectro.com\/laden\/"},{"@type":"ListItem","position":3,"name":"Cube Stereo ONE77 Pro 29 black anodized"}]},{"@type":"WebSite","@id":"https:\/\/cioelectro.com\/#website","url":"https:\/\/cioelectro.com\/","name":"cioelectro.com","description":"Treten Sie mit uns ins Abenteuer!","publisher":{"@id":"https:\/\/cioelectro.com\/#organization"},"alternateName":"MEIN RADLADEN","potentialAction":[{"@type":"SearchAction","target":{"@type":"EntryPoint","urlTemplate":"https:\/\/cioelectro.com\/?s={search_term_string}"},"query-input":{"@type":"PropertyValueSpecification","valueRequired":true,"valueName":"search_term_string"}}],"inLanguage":"en-US"},{"@type":"Organization","@id":"https:\/\/cioelectro.com\/#organization","name":"CIOELECTRO","alternateName":"MEIN RADLADEN","url":"https:\/\/cioelectro.com\/","logo":{"@type":"ImageObject","inLanguage":"en-US","@id":"https:\/\/cioelectro.com\/#\/schema\/logo\/image\/","url":"https:\/\/cioelectro.com\/wp-content\/uploads\/2025\/12\/Logo-2-1200x800.png","contentUrl":"https:\/\/cioelectro.com\/wp-content\/uploads\/2025\/12\/Logo-2-1200x800.png","width":1200,"height":800,"caption":"CIOELECTRO"},"image":{"@id":"https:\/\/cioelectro.com\/#\/schema\/logo\/image\/"}}]}},"_links":{"self":[{"href":"https:\/\/cioelectro.com\/en\/wp-json\/wp\/v2\/product\/44972","targetHints":{"allow":["GET"]}}],"collection":[{"href":"https:\/\/cioelectro.com\/en\/wp-json\/wp\/v2\/product"}],"about":[{"href":"https:\/\/cioelectro.com\/en\/wp-json\/wp\/v2\/types\/product"}],"replies":[{"embeddable":true,"href":"https:\/\/cioelectro.com\/en\/wp-json\/wp\/v2\/comments?post=44972"}],"version-history":[{"count":0,"href":"https:\/\/cioelectro.com\/en\/wp-json\/wp\/v2\/product\/44972\/revisions"}],"wp:featuredmedia":[{"embeddable":true,"href":"https:\/\/cioelectro.com\/en\/wp-json\/wp\/v2\/media\/63543"}],"wp:attachment":[{"href":"https:\/\/cioelectro.com\/en\/wp-json\/wp\/v2\/media?parent=44972"}],"wp:term":[{"taxonomy":"product_brand","embeddable":true,"href":"https:\/\/cioelectro.com\/en\/wp-json\/wp\/v2\/product_brand?post=44972"},{"taxonomy":"product_cat","embeddable":true,"href":"https:\/\/cioelectro.com\/en\/wp-json\/wp\/v2\/product_cat?post=44972"},{"taxonomy":"product_tag","embeddable":true,"href":"https:\/\/cioelectro.com\/en\/wp-json\/wp\/v2\/product_tag?post=44972"}],"curies":[{"name":"wp","href":"https:\/\/api.w.org\/{rel}","templated":true}]}}