{"id":45115,"date":"2022-11-28T16:26:19","date_gmt":"2022-11-28T15:26:19","guid":{"rendered":"https:\/\/meinradladen.com\/?post_type=product&#038;p=45115"},"modified":"2023-08-10T22:00:15","modified_gmt":"2023-08-10T20:00:15","slug":"topeak-prepstation-pro-werkzeugwagen","status":"publish","type":"product","link":"https:\/\/cioelectro.com\/en\/produkt\/topeak-prepstation-pro-werkzeugwagen\/","title":{"rendered":"Topeak PrepStation Pro Werkzeugwagen"},"content":{"rendered":"<h2 class=\"product--title\"><strong>Topeak<\/strong>\u00a0PrepStation Pro Werkzeugwagen<\/h2>\n<p>Noch Topeak PrepStation Pro mehr <a href=\"http:\/\/1-1\">drin<\/a> im PrepStation Pro von Topeak: Die Toolstation mit zus\u00e4tzlichem Extra-Tool, BucketSeat und neuem magnetischem Zusatzfach. Leichtg\u00e4ngiger Werkzeugtrolley mit 5&#8243; Rollen und sieben F\u00e4chern, welche ein 55-teiliges Werkzeugset in Profi-Bikeshop Qualit\u00e4t enthalten. Die Rollen k\u00f6nnen zur Erh\u00f6hung der Stabilit\u00e4t einfach ausgezogen werden. Per Knopfdruck l\u00e4sst sich das System \u00f6ffnen um die Tool Trays auseinander zu f\u00e4chern.<\/p>\n<hr \/>\n<h3>Features &#8211; Topeak PrepStation Pro<\/h3>\n<ul>\n<li>55-teiliges Werkzeug-Set mit 85 Funktionen<\/li>\n<li>5 Werkzeugf\u00e4cher<\/li>\n<li>2 Zubeh\u00f6rf\u00e4cher<\/li>\n<li>5&#8243; Leichtlaufrollen<\/li>\n<li>Faltbarer Aluminiumgriff<\/li>\n<li>Optionales Cover<\/li>\n<li>Ausziehbare Rollen f\u00fcr erh\u00f6hte Standsicherheit<\/li>\n<li>Zus\u00e4tzliche Tool Tray + Magnetic Tool Tray<\/li>\n<li>BucketSeat<\/li>\n<\/ul>\n<h3>Produkteigenschaften<\/h3>\n<ul>\n<li><strong>1 Ablage<\/strong>\n<ul>\n<li>Kleinteilef\u00e4cher mit praktischer Aufteilung und Abdeckung<\/li>\n<\/ul>\n<\/li>\n<li><strong>2 Ablage (1 Werkzeug)<\/strong>\n<ul>\n<li>Magnetic Tool Tray &#8211; Praktischer magnetischer Einsatz um Ersatzteile aus Metall an Ort und Stelle zu halten<\/li>\n<\/ul>\n<\/li>\n<li><strong>3 Ablage (9 Werkzeuge)<\/strong>\n<ul>\n<li>T-Handle DuoHex Wrench Set 2\/2,5\/3\/4\/5\/6mm<\/li>\n<li>DuoHexTool 6mm<\/li>\n<li>DuoHexTool 8mm<\/li>\n<li>DuoHexTool 10mm<\/li>\n<\/ul>\n<\/li>\n<li><strong>4 Ablage (19 Werkzeuge)<\/strong>\n<ul>\n<li>Torx\u00ae Wrench Set T7\/T9\/T10\/T15\/T20\/T25\/T27\/T30<\/li>\n<li>Quad Driver 4\/6mm Flachkopf- und #1\/#2 Kreuzschlitz-Schraubendreher<\/li>\n<li>ComboTorq Wrench &amp; Bit Set Drehmomentbereich: 3-12Nm; mit 3\/4\/5\/6mm &amp; T25 Aufs\u00e4tzen<\/li>\n<li>Chain Hook &amp; Wear Indicator<\/li>\n<li>8\/10mm Double Open End Spanner<\/li>\n<li>T25 DuoTorx\u00ae Wrench<\/li>\n<li>All Speeds Chain Tool f\u00fcr Mehrfachketten bis 11-fach (inkl. Hollow Pin-Ketten)<\/li>\n<li>Shuttle Lever Set 1 x lang \/ 2 x kurz<\/li>\n<li>PocketShock DXG\u00a0<em>(Optional &#8211; Nicht im Lieferumfang enthalten!)<\/em><\/li>\n<li>7mm Spanner<\/li>\n<\/ul>\n<\/li>\n<li><strong>5 Ablage (10 Werkzeuge)<\/strong>\n<ul>\n<li>Chainring Nut Wrench<\/li>\n<li>PowerLink Pliers<\/li>\n<li>DuoSpoke Wrench 13G \/ 4.3mm<\/li>\n<li>DuoSpoke Wrench 14G \/ 15G<\/li>\n<li>DuoSpoke Wrench M7\/ M9<\/li>\n<li>Cable &amp; Housing Cutter<\/li>\n<li>Needle Nose Pliers<\/li>\n<li>Side Cutting Pliers<\/li>\n<li>Adjustable Spanner einstellbar von 0-35mm<\/li>\n<\/ul>\n<\/li>\n<li><strong>6 Ablage (10 Werkzeuge)<\/strong>\n<ul>\n<li>Cartridge Bottom Bracket Tool<\/li>\n<li>Universal Crank Puller<\/li>\n<li>Pedal Wrench 15mm Pedalschl\u00fcssel<\/li>\n<li>Chain Whip\/Sprocket Remover<\/li>\n<li>Hydraulic Caliper Press &#8211; Passend mit allen hydraulischen Scheibenbremsen<\/li>\n<li>RotorTru &#8211; Zentrierwerkzeug f\u00fcr Bremsscheiben<\/li>\n<li>1\/2\u201d Driver Extendable Ratchet<\/li>\n<li>External Bottom Bracket Tool<\/li>\n<li>Freewheel Remover<\/li>\n<\/ul>\n<\/li>\n<li><strong>7 Ablage (6 Werkzeuge)<\/strong>\n<ul>\n<li>Threadless NutSetter &#8211; Zentrierwerkzeug f\u00fcr Bremsscheiben 1-1\/8\u201c A-Headset-Einschlagkrallen<\/li>\n<li>Threadless Saw Guide<\/li>\n<li>Half Round Rasp<\/li>\n<li>Rubber Mallet<\/li>\n<li>Sprocket Clean Brush<\/li>\n<li>BucketSeat<\/li>\n<\/ul>\n<\/li>\n<\/ul>\n<h3>Abmessung<\/h3>\n<ul>\n<li>72.1 x 38 x 36.2cm (gefaltet)<\/li>\n<li>96.5 x 38 x 36.2cm (ge\u00f6ffnet)<\/li>\n<\/ul>\n<h3>Material<\/h3>\n<ul>\n<li>Chrom-Vanadium-Stahl (Werkzeuge)<\/li>\n<li>Geh\u00e4rteter Stahl (Werkzeuge)<\/li>\n<li>CrMo-Stahl (Kettennieter)<\/li>\n<li>Aluminium (Griff)<\/li>\n<li>Fiberglas-Composite (K\u00f6rper)<\/li>\n<\/ul>\n<h3>Gewicht (Herstellerangabe)<\/h3>\n<ul>\n<li>17.5kg<\/li>\n<li>8kg (Beh\u00e4lter ohne Werkzeuge)<\/li>\n<\/ul>\n<hr \/>\n<h3>Lieferumfang<\/h3>\n<ul>\n<li>1 Topeak PrepStation Pro Werkzeugwagen<\/li>\n<\/ul>\n<hr \/>\n<h3>PrepStation Pro<\/h3>\n<p><iframe src=\"https:\/\/www.youtube-nocookie.com\/embed\/g7SpECX9y8c\" width=\"640\" height=\"360\" frameborder=\"0\" allowfullscreen=\"allowfullscreen\" data-mce-fragment=\"1\"><\/iframe><\/p>","protected":false},"excerpt":{"rendered":"<p>Topeak\u00a0PrepStation Pro Werkzeugwagen Noch Topeak PrepStation Pro mehr drin im PrepStation Pro von Topeak: Die Toolstation mit zus\u00e4tzlichem Extra-Tool, BucketSeat<\/p>","protected":false},"featured_media":63621,"comment_status":"open","ping_status":"closed","template":"","meta":{"_rtcl_gb_attr":""},"product_brand":[],"product_cat":[460,423],"product_tag":[],"class_list":{"0":"post-45115","1":"product","2":"type-product","3":"status-publish","4":"has-post-thumbnail","6":"product_cat-rennrad-teile","7":"product_cat-teile","8":"pa_marke-topeak","10":"first","11":"instock","12":"sale","13":"taxable","14":"shipping-taxable","15":"purchasable","16":"product-type-simple"},"yoast_head":"<!-- This site is optimized with the Yoast SEO Premium plugin v20.12 (Yoast SEO v27.4) - https:\/\/yoast.com\/product\/yoast-seo-premium-wordpress\/ -->\n<title>Topeak PrepStation Pro Werkzeugwagen<\/title>\n<meta name=\"description\" content=\"cioelectro.com bietet Ihnen das Topeak PrepStation Pro Werkzeugwagen zum besten Preis mit kostenlosem Versand in ganz EuropaTopeak PrepStation ProTopeak PrepSta\" \/>\n<meta name=\"robots\" content=\"index, follow, max-snippet:-1, max-image-preview:large, max-video-preview:-1\" \/>\n<link rel=\"canonical\" href=\"https:\/\/cioelectro.com\/en\/produkt\/topeak-prepstation-pro-werkzeugwagen\/\" \/>\n<meta property=\"og:locale\" content=\"en_US\" \/>\n<meta property=\"og:type\" content=\"article\" \/>\n<meta property=\"og:title\" content=\"Topeak PrepStation Pro Werkzeugwagen\" \/>\n<meta property=\"og:description\" content=\"Entdecken Sie unseren Online-Fahrradladen: Gro\u00dfe Auswahl an Modellen f\u00fcr alle Radsportbegeisterten. Von Rennr\u00e4dern bis zu Mountainbikes - finden Sie heute Ihren perfekten Wegbegleiter!\" \/>\n<meta property=\"og:url\" content=\"https:\/\/cioelectro.com\/en\/produkt\/topeak-prepstation-pro-werkzeugwagen\/\" \/>\n<meta property=\"og:site_name\" content=\"cioelectro.com\" \/>\n<meta property=\"article:modified_time\" content=\"2023-08-10T20:00:15+00:00\" \/>\n<meta property=\"og:image\" content=\"https:\/\/cioelectro.com\/wp-content\/uploads\/2023\/06\/Topeak-PrepStation-Pro-154710098_a_800x800-00.jpg\" \/>\n\t<meta property=\"og:image:width\" content=\"800\" \/>\n\t<meta property=\"og:image:height\" content=\"710\" \/>\n\t<meta property=\"og:image:type\" content=\"image\/jpeg\" \/>\n<meta name=\"twitter:card\" content=\"summary_large_image\" \/>\n<meta name=\"twitter:label1\" content=\"Est. reading time\" \/>\n\t<meta name=\"twitter:data1\" content=\"2 minutes\" \/>\n<script type=\"application\/ld+json\" class=\"yoast-schema-graph\">{\"@context\":\"https:\\\/\\\/schema.org\",\"@graph\":[{\"@type\":\"WebPage\",\"@id\":\"https:\\\/\\\/cioelectro.com\\\/produkt\\\/topeak-prepstation-pro-werkzeugwagen\\\/\",\"url\":\"https:\\\/\\\/cioelectro.com\\\/produkt\\\/topeak-prepstation-pro-werkzeugwagen\\\/\",\"name\":\"Topeak PrepStation Pro Werkzeugwagen\",\"isPartOf\":{\"@id\":\"https:\\\/\\\/cioelectro.com\\\/#website\"},\"primaryImageOfPage\":{\"@id\":\"https:\\\/\\\/cioelectro.com\\\/produkt\\\/topeak-prepstation-pro-werkzeugwagen\\\/#primaryimage\"},\"image\":{\"@id\":\"https:\\\/\\\/cioelectro.com\\\/produkt\\\/topeak-prepstation-pro-werkzeugwagen\\\/#primaryimage\"},\"thumbnailUrl\":\"https:\\\/\\\/cioelectro.com\\\/wp-content\\\/uploads\\\/2023\\\/06\\\/Topeak-PrepStation-Pro-154710098_a_800x800-00.jpg\",\"datePublished\":\"2022-11-28T15:26:19+00:00\",\"dateModified\":\"2023-08-10T20:00:15+00:00\",\"description\":\"cioelectro.com bietet Ihnen das Topeak PrepStation Pro Werkzeugwagen zum besten Preis mit kostenlosem Versand in ganz EuropaTopeak PrepStation ProTopeak PrepSta\",\"breadcrumb\":{\"@id\":\"https:\\\/\\\/cioelectro.com\\\/produkt\\\/topeak-prepstation-pro-werkzeugwagen\\\/#breadcrumb\"},\"inLanguage\":\"en-US\",\"potentialAction\":[{\"@type\":\"ReadAction\",\"target\":[\"https:\\\/\\\/cioelectro.com\\\/produkt\\\/topeak-prepstation-pro-werkzeugwagen\\\/\"]}]},{\"@type\":\"ImageObject\",\"inLanguage\":\"en-US\",\"@id\":\"https:\\\/\\\/cioelectro.com\\\/produkt\\\/topeak-prepstation-pro-werkzeugwagen\\\/#primaryimage\",\"url\":\"https:\\\/\\\/cioelectro.com\\\/wp-content\\\/uploads\\\/2023\\\/06\\\/Topeak-PrepStation-Pro-154710098_a_800x800-00.jpg\",\"contentUrl\":\"https:\\\/\\\/cioelectro.com\\\/wp-content\\\/uploads\\\/2023\\\/06\\\/Topeak-PrepStation-Pro-154710098_a_800x800-00.jpg\",\"width\":800,\"height\":710,\"caption\":\"Topeak PrepStation Pro Werkzeugwagen\"},{\"@type\":\"BreadcrumbList\",\"@id\":\"https:\\\/\\\/cioelectro.com\\\/produkt\\\/topeak-prepstation-pro-werkzeugwagen\\\/#breadcrumb\",\"itemListElement\":[{\"@type\":\"ListItem\",\"position\":1,\"name\":\"Startseite\",\"item\":\"https:\\\/\\\/cioelectro.com\\\/\"},{\"@type\":\"ListItem\",\"position\":2,\"name\":\"LADEN\",\"item\":\"https:\\\/\\\/cioelectro.com\\\/laden\\\/\"},{\"@type\":\"ListItem\",\"position\":3,\"name\":\"Topeak PrepStation Pro Werkzeugwagen\"}]},{\"@type\":\"WebSite\",\"@id\":\"https:\\\/\\\/cioelectro.com\\\/#website\",\"url\":\"https:\\\/\\\/cioelectro.com\\\/\",\"name\":\"cioelectro.com\",\"description\":\"Treten Sie mit uns ins Abenteuer!\",\"publisher\":{\"@id\":\"https:\\\/\\\/cioelectro.com\\\/#organization\"},\"alternateName\":\"MEIN RADLADEN\",\"potentialAction\":[{\"@type\":\"SearchAction\",\"target\":{\"@type\":\"EntryPoint\",\"urlTemplate\":\"https:\\\/\\\/cioelectro.com\\\/?s={search_term_string}\"},\"query-input\":{\"@type\":\"PropertyValueSpecification\",\"valueRequired\":true,\"valueName\":\"search_term_string\"}}],\"inLanguage\":\"en-US\"},{\"@type\":\"Organization\",\"@id\":\"https:\\\/\\\/cioelectro.com\\\/#organization\",\"name\":\"CIOELECTRO\",\"alternateName\":\"MEIN RADLADEN\",\"url\":\"https:\\\/\\\/cioelectro.com\\\/\",\"logo\":{\"@type\":\"ImageObject\",\"inLanguage\":\"en-US\",\"@id\":\"https:\\\/\\\/cioelectro.com\\\/#\\\/schema\\\/logo\\\/image\\\/\",\"url\":\"https:\\\/\\\/cioelectro.com\\\/wp-content\\\/uploads\\\/2025\\\/12\\\/Logo-2-1200x800.png\",\"contentUrl\":\"https:\\\/\\\/cioelectro.com\\\/wp-content\\\/uploads\\\/2025\\\/12\\\/Logo-2-1200x800.png\",\"width\":1200,\"height\":800,\"caption\":\"CIOELECTRO\"},\"image\":{\"@id\":\"https:\\\/\\\/cioelectro.com\\\/#\\\/schema\\\/logo\\\/image\\\/\"}}]}<\/script>\n<!-- \/ Yoast SEO Premium plugin. -->","yoast_head_json":{"title":"Topeak PrepStation Pro Werkzeugwagen","description":"cioelectro.com bietet Ihnen das Topeak PrepStation Pro Werkzeugwagen zum besten Preis mit kostenlosem Versand in ganz EuropaTopeak PrepStation ProTopeak PrepSta","robots":{"index":"index","follow":"follow","max-snippet":"max-snippet:-1","max-image-preview":"max-image-preview:large","max-video-preview":"max-video-preview:-1"},"canonical":"https:\/\/cioelectro.com\/en\/produkt\/topeak-prepstation-pro-werkzeugwagen\/","og_locale":"en_US","og_type":"article","og_title":"Topeak PrepStation Pro Werkzeugwagen","og_description":"Entdecken Sie unseren Online-Fahrradladen: Gro\u00dfe Auswahl an Modellen f\u00fcr alle Radsportbegeisterten. Von Rennr\u00e4dern bis zu Mountainbikes - finden Sie heute Ihren perfekten Wegbegleiter!","og_url":"https:\/\/cioelectro.com\/en\/produkt\/topeak-prepstation-pro-werkzeugwagen\/","og_site_name":"cioelectro.com","article_modified_time":"2023-08-10T20:00:15+00:00","og_image":[{"width":800,"height":710,"url":"https:\/\/cioelectro.com\/wp-content\/uploads\/2023\/06\/Topeak-PrepStation-Pro-154710098_a_800x800-00.jpg","type":"image\/jpeg"}],"twitter_card":"summary_large_image","twitter_misc":{"Est. reading time":"2 minutes"},"schema":{"@context":"https:\/\/schema.org","@graph":[{"@type":"WebPage","@id":"https:\/\/cioelectro.com\/produkt\/topeak-prepstation-pro-werkzeugwagen\/","url":"https:\/\/cioelectro.com\/produkt\/topeak-prepstation-pro-werkzeugwagen\/","name":"Topeak PrepStation Pro Werkzeugwagen","isPartOf":{"@id":"https:\/\/cioelectro.com\/#website"},"primaryImageOfPage":{"@id":"https:\/\/cioelectro.com\/produkt\/topeak-prepstation-pro-werkzeugwagen\/#primaryimage"},"image":{"@id":"https:\/\/cioelectro.com\/produkt\/topeak-prepstation-pro-werkzeugwagen\/#primaryimage"},"thumbnailUrl":"https:\/\/cioelectro.com\/wp-content\/uploads\/2023\/06\/Topeak-PrepStation-Pro-154710098_a_800x800-00.jpg","datePublished":"2022-11-28T15:26:19+00:00","dateModified":"2023-08-10T20:00:15+00:00","description":"cioelectro.com bietet Ihnen das Topeak PrepStation Pro Werkzeugwagen zum besten Preis mit kostenlosem Versand in ganz EuropaTopeak PrepStation ProTopeak PrepSta","breadcrumb":{"@id":"https:\/\/cioelectro.com\/produkt\/topeak-prepstation-pro-werkzeugwagen\/#breadcrumb"},"inLanguage":"en-US","potentialAction":[{"@type":"ReadAction","target":["https:\/\/cioelectro.com\/produkt\/topeak-prepstation-pro-werkzeugwagen\/"]}]},{"@type":"ImageObject","inLanguage":"en-US","@id":"https:\/\/cioelectro.com\/produkt\/topeak-prepstation-pro-werkzeugwagen\/#primaryimage","url":"https:\/\/cioelectro.com\/wp-content\/uploads\/2023\/06\/Topeak-PrepStation-Pro-154710098_a_800x800-00.jpg","contentUrl":"https:\/\/cioelectro.com\/wp-content\/uploads\/2023\/06\/Topeak-PrepStation-Pro-154710098_a_800x800-00.jpg","width":800,"height":710,"caption":"Topeak PrepStation Pro Werkzeugwagen"},{"@type":"BreadcrumbList","@id":"https:\/\/cioelectro.com\/produkt\/topeak-prepstation-pro-werkzeugwagen\/#breadcrumb","itemListElement":[{"@type":"ListItem","position":1,"name":"Startseite","item":"https:\/\/cioelectro.com\/"},{"@type":"ListItem","position":2,"name":"LADEN","item":"https:\/\/cioelectro.com\/laden\/"},{"@type":"ListItem","position":3,"name":"Topeak PrepStation Pro Werkzeugwagen"}]},{"@type":"WebSite","@id":"https:\/\/cioelectro.com\/#website","url":"https:\/\/cioelectro.com\/","name":"cioelectro.com","description":"Treten Sie mit uns ins Abenteuer!","publisher":{"@id":"https:\/\/cioelectro.com\/#organization"},"alternateName":"MEIN RADLADEN","potentialAction":[{"@type":"SearchAction","target":{"@type":"EntryPoint","urlTemplate":"https:\/\/cioelectro.com\/?s={search_term_string}"},"query-input":{"@type":"PropertyValueSpecification","valueRequired":true,"valueName":"search_term_string"}}],"inLanguage":"en-US"},{"@type":"Organization","@id":"https:\/\/cioelectro.com\/#organization","name":"CIOELECTRO","alternateName":"MEIN RADLADEN","url":"https:\/\/cioelectro.com\/","logo":{"@type":"ImageObject","inLanguage":"en-US","@id":"https:\/\/cioelectro.com\/#\/schema\/logo\/image\/","url":"https:\/\/cioelectro.com\/wp-content\/uploads\/2025\/12\/Logo-2-1200x800.png","contentUrl":"https:\/\/cioelectro.com\/wp-content\/uploads\/2025\/12\/Logo-2-1200x800.png","width":1200,"height":800,"caption":"CIOELECTRO"},"image":{"@id":"https:\/\/cioelectro.com\/#\/schema\/logo\/image\/"}}]}},"_links":{"self":[{"href":"https:\/\/cioelectro.com\/en\/wp-json\/wp\/v2\/product\/45115","targetHints":{"allow":["GET"]}}],"collection":[{"href":"https:\/\/cioelectro.com\/en\/wp-json\/wp\/v2\/product"}],"about":[{"href":"https:\/\/cioelectro.com\/en\/wp-json\/wp\/v2\/types\/product"}],"replies":[{"embeddable":true,"href":"https:\/\/cioelectro.com\/en\/wp-json\/wp\/v2\/comments?post=45115"}],"version-history":[{"count":0,"href":"https:\/\/cioelectro.com\/en\/wp-json\/wp\/v2\/product\/45115\/revisions"}],"wp:featuredmedia":[{"embeddable":true,"href":"https:\/\/cioelectro.com\/en\/wp-json\/wp\/v2\/media\/63621"}],"wp:attachment":[{"href":"https:\/\/cioelectro.com\/en\/wp-json\/wp\/v2\/media?parent=45115"}],"wp:term":[{"taxonomy":"product_brand","embeddable":true,"href":"https:\/\/cioelectro.com\/en\/wp-json\/wp\/v2\/product_brand?post=45115"},{"taxonomy":"product_cat","embeddable":true,"href":"https:\/\/cioelectro.com\/en\/wp-json\/wp\/v2\/product_cat?post=45115"},{"taxonomy":"product_tag","embeddable":true,"href":"https:\/\/cioelectro.com\/en\/wp-json\/wp\/v2\/product_tag?post=45115"}],"curies":[{"name":"wp","href":"https:\/\/api.w.org\/{rel}","templated":true}]}}