{"id":45546,"date":"2022-11-29T14:20:22","date_gmt":"2022-11-29T13:20:22","guid":{"rendered":"https:\/\/meinradladen.com\/?post_type=product&#038;p=45546"},"modified":"2023-08-21T10:14:00","modified_gmt":"2023-08-21T08:14:00","slug":"garmin-forerunner-955-solar-gps-multisport-smartwatch","status":"publish","type":"product","link":"https:\/\/cioelectro.com\/en\/produkt\/garmin-forerunner-955-solar-gps-multisport-smartwatch\/","title":{"rendered":"Garmin Forerunner 955 Solar &#8211; GPS Multisport Smartwatch"},"content":{"rendered":"<h2 class=\"product--title\"><strong>Garmin<\/strong>\u00a0Forerunner 955 Solar &#8211; GPS Multisport Smartwatch<\/h2>\n<p>Mit Garmin Forerunner 955 Lauf und Triathlonuhr trainierst du so intensiv wie nie und bist auf deinen n\u00e4chsten Wettkampf optimal vorbereitet. Die Solar Ladelinse des Garmin Forerunner\u00ae 955 sorgt f\u00fcr eine extra lange Akkulaufzeit, vorinstallierte Karten zeigen dir neue Wege und die praktische Musikfunktion liefert dir den motivierenden Soundtrack dazu.<\/p>\n<p>Dank neuer Features wie Trainingsbereitschaft, Stamina und HFV Messung sowie bekannten umfangreichen Trainingsfunktionen und physiologischen Messwerten bekommst du alle Daten, die du brauchst, um jedes Training effizienter zu gestalten, jede Einheit in Top Form zu meistern und jeden Lauf oder Triathlon in neuer Bestzeit zu beenden.<\/p>\n<hr \/>\n<h3>Die Highlights der Forerunner\u00ae 955 Solar<\/h3>\n<ul>\n<li>Premium GPS Lauf und Triathlonuhr mit Touch und Tastenbedienung<\/li>\n<li>Solar Ladelinse f\u00fcr lange Akkulaufzeiten<\/li>\n<li>Besser trainieren mit Features wie Trainingsbereitschaft, Stamina und Intervalltrainings<\/li>\n<li>Vorinstalliertes Kartenmaterial sowie hochpr\u00e4zise Streckenaufzeichnung dank Multi Frequenz Empfang globaler Satellitensysteme<\/li>\n<li>Optimale Wettkampfvorbereitung mit u .a. Trainingszustand, Morning Report, Wettkampf Widget<\/li>\n<li>Running Power in Echtzeit direkt auf der Uhr (mit kompatiblen Zubeh\u00f6r)<\/li>\n<li>T\u00e4gliche Trainingsempfehlungen angepasst an Workouts und Trainingsphasen<\/li>\n<li>Kontaktlos bezahlen, Musik ohne Smartphone h\u00f6ren und Nachrichten direkt auf der Uhr erhalten<\/li>\n<li>Akkulaufzeit: bis 15 Tage im Smartwatch Modus\/ bis 42 h im GPS Modus (Solar: 20 T\/49 h)<\/li>\n<\/ul>\n<hr \/>\n<h3>Features<\/h3>\n<p><strong>DESIGN<\/strong><br \/>\nDie GPS Lauf und Triathlonuhr verf\u00fcgt \u00fcber ein 1,3\u201c Always On Display. Dabei sorgt die Touch und Tastenbedienung f\u00fcr eine angenehme Bedienung beim Sport und im Alltag.<\/p>\n<p><strong>SOLAR<\/strong><br \/>\nDank der Solar Ladelinse schafft die Forerunner 955 Solar bis zu 20 Tage Akkulaufzeit im Smartwatch Modus.<\/p>\n<p><strong>MULTI FREQUENZ<\/strong><br \/>\nHochpr\u00e4zise Streckenaufzeichnung durch Multi Frequenz Empfang globaler Satellitensysteme selbst in engen Bergt\u00e4lern oder H\u00e4userschluchten.<\/p>\n<p><strong>RUNNING POWER<\/strong><br \/>\nErmittle dank vorinstalliertem Widget deine Laufleistung sowie weitere Laufeffizienzwerte direkt und in Echtzeit auf der Uhr (in Verbindung mit einem kompatiblen Brustgurt oder Running Dynamics Pod)<\/p>\n<p><strong>GARMIN COACH<\/strong><br \/>\nStarte ein interaktives Training f\u00fcr deinen 5 km &#8211;, 10 km Lauf oder Halbmarathon. W\u00e4hle aus drei Coaches, lass dir einen adaptiven Trainingsplan, mit vielen Informationen, nach deinem Zeitplan erstellen.<\/p>\n<p><strong>SMARTE FUNKTIONEN<\/strong><br \/>\nLass dir Anrufe, Nachrichten, News oder andere Benachrichtigung direkt auf deiner Smartwatch anzeigen. Mit kompatiblen Android Smartphones sind sogar Antworten mit vordefinierte Textnachrichten m\u00f6glich.<\/p>\n<p><strong>GARMIN PAY<\/strong><br \/>\nBezahle einfach kontaktlos mit deiner Uhr und genie\u00dfe die Freiheit, ohne Bargeld unterwegs zu sein. Ein gutes Gef\u00fchl, \u00fcberall und zu jeder Zeit spontan und unabh\u00e4ngig sein zu k\u00f6nnen.<\/p>\n<p><strong>SICHERHEIT &amp; TRACKING<\/strong><br \/>\nVordefinierte Kontakte erhalten bei Unfallerkennung oder per Notfalltaste eine Nachricht mit deiner Position \u00fcber das Smartphone. Auch kann die Uhr direkt eine bestimmte Notfallnummer f\u00fcr dich anrufen.<\/p>\n<p><strong>GARMIN CONNECT<\/strong><br \/>\nGarmin Connect \u2122App zeigt dir alle Informationen rund um deine Gesundheit, Fitness und deine Aktivit\u00e4ten. Aktualisiere deine Garmin Produkte, erhalte Insights, werde Teil der Community und\u00a0 mehr.<\/p>\n<hr \/>\n<h3>Produkteigenschaften<\/h3>\n<ul>\n<li><strong>Produktabmessungen:<\/strong>\u00a046,5 x 46,5 x 14,4 mm<\/li>\n<li><strong>Displayglas:<\/strong>\u00a0Corning \u00ae Gorilla \u00ae Glass DX<\/li>\n<li><strong>Displaytyp:<\/strong>\u00a0Transflektives MIP<\/li>\n<li><strong>Displaydiagonale:<\/strong>\u00a01,3\u201c (33 mm)<\/li>\n<li><strong>Displayaufl\u00f6sung:<\/strong>\u00a0260 x 260 Pixel<\/li>\n<li><strong>Akkulaufzeit:<\/strong>\n<ul>\n<li><strong>Smartwatch bis zu:<\/strong>\u00a020 Tage<\/li>\n<li><strong>GPS + Musik:<\/strong>\u00a08,5 Stunden<\/li>\n<li><strong>GPS-Modus:<\/strong>\u00a049 Stunden<\/li>\n<\/ul>\n<\/li>\n<\/ul>\n<h3>Farbe<\/h3>\n<ul>\n<li>schwarz<\/li>\n<li>weiss \/ schwarz<\/li>\n<\/ul>\n<h3>Gewicht<\/h3>\n<ul>\n<li>53 g (Herstellerangabe)<\/li>\n<\/ul>\n<hr \/>\n<h3>Lieferumfang<\/h3>\n<ul>\n<li>Forerunner 955 Solar GPS-Multisportuhr<\/li>\n<li>USB Lade-\/Sync-Kabel<\/li>\n<li>Dokumentation<\/li>\n<\/ul>\n<hr \/>\n<h3>Garmin | Forerunner 955 Serie<\/h3>\n<p><iframe title=\"YouTube video player\" src=\"https:\/\/www.youtube-nocookie.com\/embed\/a-itk8RPzrU\" width=\"640\" height=\"360\" frameborder=\"0\" allowfullscreen=\"allowfullscreen\" data-mce-fragment=\"1\"><\/iframe><\/p>\n<h2 class=\"product--rating-container\"><\/h2>","protected":false},"excerpt":{"rendered":"<p>Garmin\u00a0Forerunner 955 Solar &#8211; GPS Multisport Smartwatch Mit Garmin Forerunner 955 Lauf und Triathlonuhr trainierst du so intensiv wie nie<\/p>","protected":false},"featured_media":63754,"comment_status":"open","ping_status":"closed","template":"","meta":{"_rtcl_gb_attr":""},"product_brand":[],"product_cat":[537,318],"product_tag":[],"class_list":{"0":"post-45546","1":"product","2":"type-product","3":"status-publish","4":"has-post-thumbnail","6":"product_cat-elektronik","7":"product_cat-outdoor","8":"pa_marke-garmin","10":"first","11":"outofstock","12":"sale","13":"taxable","14":"shipping-taxable","15":"purchasable","16":"product-type-variable"},"yoast_head":"<!-- This site is optimized with the Yoast SEO Premium plugin v20.12 (Yoast SEO v27.4) - https:\/\/yoast.com\/product\/yoast-seo-premium-wordpress\/ -->\n<title>Garmin Forerunner 955 Solar - GPS Multisport Smartwatch<\/title>\n<meta name=\"description\" content=\"Entdecken Sie unseren Online-Fahrradladen: Gro\u00dfe Auswahl an Modellen f\u00fcr alle Radsportbegeisterten. Von Rennr\u00e4dern bis zu Mountainbikes - finden Sie heute Ihren perfekten Wegbegleiter!\" \/>\n<meta name=\"robots\" content=\"index, follow, max-snippet:-1, max-image-preview:large, max-video-preview:-1\" \/>\n<link rel=\"canonical\" href=\"https:\/\/cioelectro.com\/en\/produkt\/garmin-forerunner-955-solar-gps-multisport-smartwatch\/\" \/>\n<meta property=\"og:locale\" content=\"en_US\" \/>\n<meta property=\"og:type\" content=\"article\" \/>\n<meta property=\"og:title\" content=\"Garmin Forerunner 955 Solar - GPS Multisport Smartwatch\" \/>\n<meta property=\"og:description\" content=\"Entdecken Sie unseren Online-Fahrradladen: Gro\u00dfe Auswahl an Modellen f\u00fcr alle Radsportbegeisterten. Von Rennr\u00e4dern bis zu Mountainbikes - finden Sie heute Ihren perfekten Wegbegleiter!\" \/>\n<meta property=\"og:url\" content=\"https:\/\/cioelectro.com\/en\/produkt\/garmin-forerunner-955-solar-gps-multisport-smartwatch\/\" \/>\n<meta property=\"og:site_name\" content=\"cioelectro.com\" \/>\n<meta property=\"article:modified_time\" content=\"2023-08-21T08:14:00+00:00\" \/>\n<meta property=\"og:image\" content=\"https:\/\/cioelectro.com\/wp-content\/uploads\/2023\/06\/Garmin-Forerunner-955-Solar-GPS-Multisport-Smartwatch-010-02638-20-4_800x800-00.jpg\" \/>\n\t<meta property=\"og:image:width\" content=\"567\" \/>\n\t<meta property=\"og:image:height\" content=\"800\" \/>\n\t<meta property=\"og:image:type\" content=\"image\/jpeg\" \/>\n<meta name=\"twitter:card\" content=\"summary_large_image\" \/>\n<meta name=\"twitter:label1\" content=\"Est. reading time\" \/>\n\t<meta name=\"twitter:data1\" content=\"3 minutes\" \/>\n<script type=\"application\/ld+json\" class=\"yoast-schema-graph\">{\"@context\":\"https:\\\/\\\/schema.org\",\"@graph\":[{\"@type\":\"WebPage\",\"@id\":\"https:\\\/\\\/cioelectro.com\\\/produkt\\\/garmin-forerunner-955-solar-gps-multisport-smartwatch\\\/\",\"url\":\"https:\\\/\\\/cioelectro.com\\\/produkt\\\/garmin-forerunner-955-solar-gps-multisport-smartwatch\\\/\",\"name\":\"Garmin Forerunner 955 Solar - GPS Multisport Smartwatch\",\"isPartOf\":{\"@id\":\"https:\\\/\\\/cioelectro.com\\\/#website\"},\"primaryImageOfPage\":{\"@id\":\"https:\\\/\\\/cioelectro.com\\\/produkt\\\/garmin-forerunner-955-solar-gps-multisport-smartwatch\\\/#primaryimage\"},\"image\":{\"@id\":\"https:\\\/\\\/cioelectro.com\\\/produkt\\\/garmin-forerunner-955-solar-gps-multisport-smartwatch\\\/#primaryimage\"},\"thumbnailUrl\":\"https:\\\/\\\/cioelectro.com\\\/wp-content\\\/uploads\\\/2023\\\/06\\\/Garmin-Forerunner-955-Solar-GPS-Multisport-Smartwatch-010-02638-20-4_800x800-00.jpg\",\"datePublished\":\"2022-11-29T13:20:22+00:00\",\"dateModified\":\"2023-08-21T08:14:00+00:00\",\"description\":\"Entdecken Sie unseren Online-Fahrradladen: Gro\u00dfe Auswahl an Modellen f\u00fcr alle Radsportbegeisterten. Von Rennr\u00e4dern bis zu Mountainbikes - finden Sie heute Ihren perfekten Wegbegleiter!\",\"breadcrumb\":{\"@id\":\"https:\\\/\\\/cioelectro.com\\\/produkt\\\/garmin-forerunner-955-solar-gps-multisport-smartwatch\\\/#breadcrumb\"},\"inLanguage\":\"en-US\",\"potentialAction\":[{\"@type\":\"ReadAction\",\"target\":[\"https:\\\/\\\/cioelectro.com\\\/produkt\\\/garmin-forerunner-955-solar-gps-multisport-smartwatch\\\/\"]}]},{\"@type\":\"ImageObject\",\"inLanguage\":\"en-US\",\"@id\":\"https:\\\/\\\/cioelectro.com\\\/produkt\\\/garmin-forerunner-955-solar-gps-multisport-smartwatch\\\/#primaryimage\",\"url\":\"https:\\\/\\\/cioelectro.com\\\/wp-content\\\/uploads\\\/2023\\\/06\\\/Garmin-Forerunner-955-Solar-GPS-Multisport-Smartwatch-010-02638-20-4_800x800-00.jpg\",\"contentUrl\":\"https:\\\/\\\/cioelectro.com\\\/wp-content\\\/uploads\\\/2023\\\/06\\\/Garmin-Forerunner-955-Solar-GPS-Multisport-Smartwatch-010-02638-20-4_800x800-00.jpg\",\"width\":567,\"height\":800,\"caption\":\"Garmin Forerunner 955 Solar - GPS Multisport Smartwatch\"},{\"@type\":\"BreadcrumbList\",\"@id\":\"https:\\\/\\\/cioelectro.com\\\/produkt\\\/garmin-forerunner-955-solar-gps-multisport-smartwatch\\\/#breadcrumb\",\"itemListElement\":[{\"@type\":\"ListItem\",\"position\":1,\"name\":\"Startseite\",\"item\":\"https:\\\/\\\/cioelectro.com\\\/\"},{\"@type\":\"ListItem\",\"position\":2,\"name\":\"LADEN\",\"item\":\"https:\\\/\\\/cioelectro.com\\\/laden\\\/\"},{\"@type\":\"ListItem\",\"position\":3,\"name\":\"Garmin Forerunner 955 Solar &#8211; GPS Multisport Smartwatch\"}]},{\"@type\":\"WebSite\",\"@id\":\"https:\\\/\\\/cioelectro.com\\\/#website\",\"url\":\"https:\\\/\\\/cioelectro.com\\\/\",\"name\":\"cioelectro.com\",\"description\":\"Treten Sie mit uns ins Abenteuer!\",\"publisher\":{\"@id\":\"https:\\\/\\\/cioelectro.com\\\/#organization\"},\"alternateName\":\"MEIN RADLADEN\",\"potentialAction\":[{\"@type\":\"SearchAction\",\"target\":{\"@type\":\"EntryPoint\",\"urlTemplate\":\"https:\\\/\\\/cioelectro.com\\\/?s={search_term_string}\"},\"query-input\":{\"@type\":\"PropertyValueSpecification\",\"valueRequired\":true,\"valueName\":\"search_term_string\"}}],\"inLanguage\":\"en-US\"},{\"@type\":\"Organization\",\"@id\":\"https:\\\/\\\/cioelectro.com\\\/#organization\",\"name\":\"CIOELECTRO\",\"alternateName\":\"MEIN RADLADEN\",\"url\":\"https:\\\/\\\/cioelectro.com\\\/\",\"logo\":{\"@type\":\"ImageObject\",\"inLanguage\":\"en-US\",\"@id\":\"https:\\\/\\\/cioelectro.com\\\/#\\\/schema\\\/logo\\\/image\\\/\",\"url\":\"https:\\\/\\\/cioelectro.com\\\/wp-content\\\/uploads\\\/2025\\\/12\\\/Logo-2-1200x800.png\",\"contentUrl\":\"https:\\\/\\\/cioelectro.com\\\/wp-content\\\/uploads\\\/2025\\\/12\\\/Logo-2-1200x800.png\",\"width\":1200,\"height\":800,\"caption\":\"CIOELECTRO\"},\"image\":{\"@id\":\"https:\\\/\\\/cioelectro.com\\\/#\\\/schema\\\/logo\\\/image\\\/\"}}]}<\/script>\n<!-- \/ Yoast SEO Premium plugin. -->","yoast_head_json":{"title":"Garmin Forerunner 955 Solar - GPS Multisport Smartwatch","description":"Entdecken Sie unseren Online-Fahrradladen: Gro\u00dfe Auswahl an Modellen f\u00fcr alle Radsportbegeisterten. Von Rennr\u00e4dern bis zu Mountainbikes - finden Sie heute Ihren perfekten Wegbegleiter!","robots":{"index":"index","follow":"follow","max-snippet":"max-snippet:-1","max-image-preview":"max-image-preview:large","max-video-preview":"max-video-preview:-1"},"canonical":"https:\/\/cioelectro.com\/en\/produkt\/garmin-forerunner-955-solar-gps-multisport-smartwatch\/","og_locale":"en_US","og_type":"article","og_title":"Garmin Forerunner 955 Solar - GPS Multisport Smartwatch","og_description":"Entdecken Sie unseren Online-Fahrradladen: Gro\u00dfe Auswahl an Modellen f\u00fcr alle Radsportbegeisterten. Von Rennr\u00e4dern bis zu Mountainbikes - finden Sie heute Ihren perfekten Wegbegleiter!","og_url":"https:\/\/cioelectro.com\/en\/produkt\/garmin-forerunner-955-solar-gps-multisport-smartwatch\/","og_site_name":"cioelectro.com","article_modified_time":"2023-08-21T08:14:00+00:00","og_image":[{"width":567,"height":800,"url":"https:\/\/cioelectro.com\/wp-content\/uploads\/2023\/06\/Garmin-Forerunner-955-Solar-GPS-Multisport-Smartwatch-010-02638-20-4_800x800-00.jpg","type":"image\/jpeg"}],"twitter_card":"summary_large_image","twitter_misc":{"Est. reading time":"3 minutes"},"schema":{"@context":"https:\/\/schema.org","@graph":[{"@type":"WebPage","@id":"https:\/\/cioelectro.com\/produkt\/garmin-forerunner-955-solar-gps-multisport-smartwatch\/","url":"https:\/\/cioelectro.com\/produkt\/garmin-forerunner-955-solar-gps-multisport-smartwatch\/","name":"Garmin Forerunner 955 Solar - GPS Multisport Smartwatch","isPartOf":{"@id":"https:\/\/cioelectro.com\/#website"},"primaryImageOfPage":{"@id":"https:\/\/cioelectro.com\/produkt\/garmin-forerunner-955-solar-gps-multisport-smartwatch\/#primaryimage"},"image":{"@id":"https:\/\/cioelectro.com\/produkt\/garmin-forerunner-955-solar-gps-multisport-smartwatch\/#primaryimage"},"thumbnailUrl":"https:\/\/cioelectro.com\/wp-content\/uploads\/2023\/06\/Garmin-Forerunner-955-Solar-GPS-Multisport-Smartwatch-010-02638-20-4_800x800-00.jpg","datePublished":"2022-11-29T13:20:22+00:00","dateModified":"2023-08-21T08:14:00+00:00","description":"Entdecken Sie unseren Online-Fahrradladen: Gro\u00dfe Auswahl an Modellen f\u00fcr alle Radsportbegeisterten. Von Rennr\u00e4dern bis zu Mountainbikes - finden Sie heute Ihren perfekten Wegbegleiter!","breadcrumb":{"@id":"https:\/\/cioelectro.com\/produkt\/garmin-forerunner-955-solar-gps-multisport-smartwatch\/#breadcrumb"},"inLanguage":"en-US","potentialAction":[{"@type":"ReadAction","target":["https:\/\/cioelectro.com\/produkt\/garmin-forerunner-955-solar-gps-multisport-smartwatch\/"]}]},{"@type":"ImageObject","inLanguage":"en-US","@id":"https:\/\/cioelectro.com\/produkt\/garmin-forerunner-955-solar-gps-multisport-smartwatch\/#primaryimage","url":"https:\/\/cioelectro.com\/wp-content\/uploads\/2023\/06\/Garmin-Forerunner-955-Solar-GPS-Multisport-Smartwatch-010-02638-20-4_800x800-00.jpg","contentUrl":"https:\/\/cioelectro.com\/wp-content\/uploads\/2023\/06\/Garmin-Forerunner-955-Solar-GPS-Multisport-Smartwatch-010-02638-20-4_800x800-00.jpg","width":567,"height":800,"caption":"Garmin Forerunner 955 Solar - GPS Multisport Smartwatch"},{"@type":"BreadcrumbList","@id":"https:\/\/cioelectro.com\/produkt\/garmin-forerunner-955-solar-gps-multisport-smartwatch\/#breadcrumb","itemListElement":[{"@type":"ListItem","position":1,"name":"Startseite","item":"https:\/\/cioelectro.com\/"},{"@type":"ListItem","position":2,"name":"LADEN","item":"https:\/\/cioelectro.com\/laden\/"},{"@type":"ListItem","position":3,"name":"Garmin Forerunner 955 Solar &#8211; GPS Multisport Smartwatch"}]},{"@type":"WebSite","@id":"https:\/\/cioelectro.com\/#website","url":"https:\/\/cioelectro.com\/","name":"cioelectro.com","description":"Treten Sie mit uns ins Abenteuer!","publisher":{"@id":"https:\/\/cioelectro.com\/#organization"},"alternateName":"MEIN RADLADEN","potentialAction":[{"@type":"SearchAction","target":{"@type":"EntryPoint","urlTemplate":"https:\/\/cioelectro.com\/?s={search_term_string}"},"query-input":{"@type":"PropertyValueSpecification","valueRequired":true,"valueName":"search_term_string"}}],"inLanguage":"en-US"},{"@type":"Organization","@id":"https:\/\/cioelectro.com\/#organization","name":"CIOELECTRO","alternateName":"MEIN RADLADEN","url":"https:\/\/cioelectro.com\/","logo":{"@type":"ImageObject","inLanguage":"en-US","@id":"https:\/\/cioelectro.com\/#\/schema\/logo\/image\/","url":"https:\/\/cioelectro.com\/wp-content\/uploads\/2025\/12\/Logo-2-1200x800.png","contentUrl":"https:\/\/cioelectro.com\/wp-content\/uploads\/2025\/12\/Logo-2-1200x800.png","width":1200,"height":800,"caption":"CIOELECTRO"},"image":{"@id":"https:\/\/cioelectro.com\/#\/schema\/logo\/image\/"}}]}},"_links":{"self":[{"href":"https:\/\/cioelectro.com\/en\/wp-json\/wp\/v2\/product\/45546","targetHints":{"allow":["GET"]}}],"collection":[{"href":"https:\/\/cioelectro.com\/en\/wp-json\/wp\/v2\/product"}],"about":[{"href":"https:\/\/cioelectro.com\/en\/wp-json\/wp\/v2\/types\/product"}],"replies":[{"embeddable":true,"href":"https:\/\/cioelectro.com\/en\/wp-json\/wp\/v2\/comments?post=45546"}],"version-history":[{"count":0,"href":"https:\/\/cioelectro.com\/en\/wp-json\/wp\/v2\/product\/45546\/revisions"}],"wp:featuredmedia":[{"embeddable":true,"href":"https:\/\/cioelectro.com\/en\/wp-json\/wp\/v2\/media\/63754"}],"wp:attachment":[{"href":"https:\/\/cioelectro.com\/en\/wp-json\/wp\/v2\/media?parent=45546"}],"wp:term":[{"taxonomy":"product_brand","embeddable":true,"href":"https:\/\/cioelectro.com\/en\/wp-json\/wp\/v2\/product_brand?post=45546"},{"taxonomy":"product_cat","embeddable":true,"href":"https:\/\/cioelectro.com\/en\/wp-json\/wp\/v2\/product_cat?post=45546"},{"taxonomy":"product_tag","embeddable":true,"href":"https:\/\/cioelectro.com\/en\/wp-json\/wp\/v2\/product_tag?post=45546"}],"curies":[{"name":"wp","href":"https:\/\/api.w.org\/{rel}","templated":true}]}}