{"id":45579,"date":"2022-11-29T16:47:05","date_gmt":"2022-11-29T15:47:05","guid":{"rendered":"https:\/\/meinradladen.com\/?post_type=product&#038;p=45579"},"modified":"2023-08-10T21:31:08","modified_gmt":"2023-08-10T19:31:08","slug":"garmin-fenix-7s-sapphire-solar-gps-multisport-smartwatch","status":"publish","type":"product","link":"https:\/\/cioelectro.com\/en\/produkt\/garmin-fenix-7s-sapphire-solar-gps-multisport-smartwatch\/","title":{"rendered":"Garmin Fenix 7S SAPPHIRE SOLAR &#8211; GPS Multisport Smartwatch"},"content":{"rendered":"<h2 class=\"product--title\"><strong>Garmin<\/strong>\u00a0Fenix 7S SAPPHIRE SOLAR &#8211; GPS Multisport Smartwatch<\/h2>\n<p>Das robuste Design der Garmin Fenix 7S begleitet dich zu neuen Bestleistungen. Das Power Sapphire\u2122 Glas mit Solar-Ladelinse sorgt f\u00fcr extra Ausdauer. Steuere deine Aktivit\u00e4ten intuitiv wie nie: klassisch \u00fcber Tasten oder per Touch. Physiologische Messwerte und die Stamina Restenergie-Anzeige helfen dir, dein Training optimal einzuteilen. Neueste Navigations-Features und internationalen Karten zeigen dir pr\u00e4zise den Weg \u2013 auch beim Skifahren oder Golfen. Und mit Garmin Pay, Garmin Music und Co bewegst du dich smart durch den Alltag.<\/p>\n<hr \/>\n<h3>Die Highlights der fenix 7 S &#8211; Sapphire Solar<\/h3>\n<ul>\n<li>Extra Power f\u00fcr l\u00e4ngere Abenteuer. Neueste Solartechnik erh\u00f6ht die Akkulaufzeit.<\/li>\n<li>Bleibe gesund und fit. Mit Herzfrequenzmessung am Handgelenk und Pulse Ox Sensor.<\/li>\n<li>Ben\u00f6tigst du einen Laufcoach, der das Gel\u00e4nde kennt? Sieh dir die PacePro\u2122-Funktion an.<\/li>\n<li>Navigiere mit vorinstallierten TopoActive Europe-Karten und nutze das integrierte WLAN f\u00fcr einfache Updates.<\/li>\n<li>H\u00f6re deine Lieblings- Musik \u00fcber das Wearable, ohne dein Smartphone.<\/li>\n<li>Mehr Aktivit\u00e4ten. Weniger Ladezeit. Mit Solarladung h\u00e4lt der Akku bis zu 14 Tage im Smartwatch-Modus.<\/li>\n<\/ul>\n<hr \/>\n<h3>Features<\/h3>\n<p><strong>LEISTUNGSSTARK GESCHAFFEN<\/strong><br \/>\nDas aktualisierte, besonders robuste sportliche Design umfasst ein helles, 1,2\u2033 gro\u00dfes Display mit Solarladefunktion und ein 42 mm-Geh\u00e4use. Die Smartwatch wurde nach US-Milit\u00e4rstandards im Hinblick auf Temperatur, Sto\u00dffestigkeit und Wasserdichtigkeit gepr\u00fcft.<\/p>\n<p><strong>TOUCHSCREEN UND TASTEN<\/strong><br \/>\nEine bew\u00e4hrte Tastenbedienung, die in jeder Umgebung funktioniert, wird durch einen effektiven neuen Touchscreen erg\u00e4nzt. So lassen sich schnell Optionen ausw\u00e4hlen und Funktionen aufrufen Garmin Fenix 7S.<\/p>\n<p><strong>GEBAUT AUS WERTIGSTEN MATERIALIEN<\/strong><br \/>\nMit dieser fenix Smartwatch kannst du deinen Style aufwerten. Die Smartwatch verf\u00fcgt \u00fcber eine elegante DLC- oder Titanl\u00fcnette.<\/p>\n<p><strong>AUS ANSTRENGUNG WIRD FREUDE. INTEGRIERTE SPORTAPPS<\/strong><br \/>\nNutze vorinstallierte Aktivit\u00e4tsprofile f\u00fcr Trailrunning, Bahntraining, Schwimmen, Laufen, Radfahren, Wandern, Rudern, Skifahren, Golfen, Surfen, Indoor-Klettern und mehr.<\/p>\n<p><strong>SKITOUREN-APP<\/strong><br \/>\nDieses Profil wurde f\u00fcr Skitourengeher entwickelt und zeichnet die Aufstiegs- und Abfahrts-Informationen mit detaillierten H\u00f6hengaben separat auf.<\/p>\n<p><strong>XC SKI DYNAMICS<\/strong><br \/>\nWenn das Ger\u00e4t mit dem HRM-Pro\u2122-Herzfrequenz-Brustgurt (separat erh\u00e4ltlich) gekoppelt ist, kannst du mithilfe des Skileistungswerts die tats\u00e4chliche Trainingsbelastung von Langlaufaktivit\u00e4ten messen.<\/p>\n<p><strong>SURF-FUNKTIONEN<\/strong><br \/>\nWellenreiter, aufgepasst! Diese f\u0113nix-Smartwatch unterst\u00fctzt die Surfline Sessions\u2122-Funktion. Dabei wird ein Video von jeder Welle erstellt, die du vor einer Surfline\u00ae-Kamera reitest. Sieh dir diese Videos sp\u00e4ter an und finde mit deinem Surfline Sessions-Abonnement heraus, wie du gesurft bist.<\/p>\n<p><strong>GARMIN PAY\u2122 &#8211; KONTAKTLOS BEZAHLEN<\/strong><br \/>\nBezahle im Handumdrehen &#8211; ganz ohne Portemonnaie. Wenn du an der Kasse schnell fertig sein m\u00f6chtest, bezahle kontaktlos mit Garmin Pay \u00fcber teilnehmende Anbieter.<\/p>\n<p><strong>SICHERHEITS- UND TRACKINGFUNKTIONEN<\/strong><br \/>\nWenn die Smartwatch und das Telefon gekoppelt sind, kann deine Live-Position an deine Kontakte gesendet werden. Dies erfolgt entweder manuell oder bei bestimmten Outdoor-Aktivit\u00e4ten automatisch mit der integrierten Unfall-Benachrichtigung.<\/p>\n<p><strong>CONNECT IQ\u2122-SHOP<\/strong><br \/>\nLade benutzerdefinierte Displaydesigns herunter, f\u00fcge Datenfelder hinzu und hol dir Apps und Widgets aus dem Connect IQ-Shop auf deinem kompatiblen Smartphone.<\/p>\n<hr \/>\n<h3>Farbe (Variante w\u00e4hlen)<\/h3>\n<ul>\n<li>schwarz\/schiefergrau<\/li>\n<li>grau\/mokka titan<\/li>\n<li>beige\/cremegold<\/li>\n<\/ul>\n<h3>Gewicht<\/h3>\n<ul>\n<li>58 g (Herstellerangabe)<\/li>\n<\/ul>\n<hr \/>\n<h3>Lieferumfang<\/h3>\n<ul>\n<li>fenix 7 S Sapphire Solar &#8211; GPS Multisport Smartwatch<\/li>\n<li>USB Lade-\/Sync-Kabel<\/li>\n<li>Dokumentation<\/li>\n<\/ul>\n<hr \/>\n<h3>Garmin: Wir pr\u00e4sentieren die f\u0113nix 7 Serie<\/h3>\n<p><iframe title=\"YouTube video player\" src=\"https:\/\/www.youtube-nocookie.com\/embed\/McsCC2cvxq0\" width=\"640\" height=\"360\" frameborder=\"0\" allowfullscreen=\"allowfullscreen\" data-mce-fragment=\"1\"><\/iframe><\/p>\n<h2 class=\"product--rating-container\"><\/h2>","protected":false},"excerpt":{"rendered":"<p>Garmin\u00a0Fenix 7S SAPPHIRE SOLAR &#8211; GPS Multisport Smartwatch Das robuste Design der Garmin Fenix 7S begleitet dich zu neuen Bestleistungen.<\/p>","protected":false},"featured_media":63772,"comment_status":"open","ping_status":"closed","template":"","meta":{"_rtcl_gb_attr":""},"product_brand":[],"product_cat":[537,318],"product_tag":[],"class_list":{"0":"post-45579","1":"product","2":"type-product","3":"status-publish","4":"has-post-thumbnail","6":"product_cat-elektronik","7":"product_cat-outdoor","8":"pa_marke-garmin","10":"first","11":"instock","12":"sale","13":"taxable","14":"shipping-taxable","15":"purchasable","16":"product-type-simple"},"yoast_head":"<!-- This site is optimized with the Yoast SEO Premium plugin v20.12 (Yoast SEO v27.4) - https:\/\/yoast.com\/product\/yoast-seo-premium-wordpress\/ -->\n<title>Garmin Fenix 7S SAPPHIRE SOLAR - GPS Multisport Smartwatch<\/title>\n<meta name=\"description\" content=\"Entdecken Sie unseren Online-Fahrradladen: Gro\u00dfe Auswahl an Modellen f\u00fcr alle Radsportbegeisterten. Von Rennr\u00e4dern bis zu Mountainbikes - finden Sie heute Ihren perfekten Wegbegleiter!\" \/>\n<meta name=\"robots\" content=\"index, follow, max-snippet:-1, max-image-preview:large, max-video-preview:-1\" \/>\n<link rel=\"canonical\" href=\"https:\/\/cioelectro.com\/en\/produkt\/garmin-fenix-7s-sapphire-solar-gps-multisport-smartwatch\/\" \/>\n<meta property=\"og:locale\" content=\"en_US\" \/>\n<meta property=\"og:type\" content=\"article\" \/>\n<meta property=\"og:title\" content=\"Garmin Fenix 7S SAPPHIRE SOLAR - GPS Multisport Smartwatch\" \/>\n<meta property=\"og:description\" content=\"Entdecken Sie unseren Online-Fahrradladen: Gro\u00dfe Auswahl an Modellen f\u00fcr alle Radsportbegeisterten. Von Rennr\u00e4dern bis zu Mountainbikes - finden Sie heute Ihren perfekten Wegbegleiter!\" \/>\n<meta property=\"og:url\" content=\"https:\/\/cioelectro.com\/en\/produkt\/garmin-fenix-7s-sapphire-solar-gps-multisport-smartwatch\/\" \/>\n<meta property=\"og:site_name\" content=\"cioelectro.com\" \/>\n<meta property=\"article:modified_time\" content=\"2023-08-10T19:31:08+00:00\" \/>\n<meta property=\"og:image\" content=\"https:\/\/cioelectro.com\/wp-content\/uploads\/2023\/06\/Garmin-Fenix-7S-SAPPHIRE-SOLAR-GPS-Multisport-Smartwatch-010-02539-25_800x800-0.jpg\" \/>\n\t<meta property=\"og:image:width\" content=\"800\" \/>\n\t<meta property=\"og:image:height\" content=\"615\" \/>\n\t<meta property=\"og:image:type\" content=\"image\/jpeg\" \/>\n<meta name=\"twitter:card\" content=\"summary_large_image\" \/>\n<meta name=\"twitter:label1\" content=\"Est. reading time\" \/>\n\t<meta name=\"twitter:data1\" content=\"3 minutes\" \/>\n<script type=\"application\/ld+json\" class=\"yoast-schema-graph\">{\"@context\":\"https:\\\/\\\/schema.org\",\"@graph\":[{\"@type\":\"WebPage\",\"@id\":\"https:\\\/\\\/cioelectro.com\\\/produkt\\\/garmin-fenix-7s-sapphire-solar-gps-multisport-smartwatch\\\/\",\"url\":\"https:\\\/\\\/cioelectro.com\\\/produkt\\\/garmin-fenix-7s-sapphire-solar-gps-multisport-smartwatch\\\/\",\"name\":\"Garmin Fenix 7S SAPPHIRE SOLAR - GPS Multisport Smartwatch\",\"isPartOf\":{\"@id\":\"https:\\\/\\\/cioelectro.com\\\/#website\"},\"primaryImageOfPage\":{\"@id\":\"https:\\\/\\\/cioelectro.com\\\/produkt\\\/garmin-fenix-7s-sapphire-solar-gps-multisport-smartwatch\\\/#primaryimage\"},\"image\":{\"@id\":\"https:\\\/\\\/cioelectro.com\\\/produkt\\\/garmin-fenix-7s-sapphire-solar-gps-multisport-smartwatch\\\/#primaryimage\"},\"thumbnailUrl\":\"https:\\\/\\\/cioelectro.com\\\/wp-content\\\/uploads\\\/2023\\\/06\\\/Garmin-Fenix-7S-SAPPHIRE-SOLAR-GPS-Multisport-Smartwatch-010-02539-25_800x800-0.jpg\",\"datePublished\":\"2022-11-29T15:47:05+00:00\",\"dateModified\":\"2023-08-10T19:31:08+00:00\",\"description\":\"Entdecken Sie unseren Online-Fahrradladen: Gro\u00dfe Auswahl an Modellen f\u00fcr alle Radsportbegeisterten. Von Rennr\u00e4dern bis zu Mountainbikes - finden Sie heute Ihren perfekten Wegbegleiter!\",\"breadcrumb\":{\"@id\":\"https:\\\/\\\/cioelectro.com\\\/produkt\\\/garmin-fenix-7s-sapphire-solar-gps-multisport-smartwatch\\\/#breadcrumb\"},\"inLanguage\":\"en-US\",\"potentialAction\":[{\"@type\":\"ReadAction\",\"target\":[\"https:\\\/\\\/cioelectro.com\\\/produkt\\\/garmin-fenix-7s-sapphire-solar-gps-multisport-smartwatch\\\/\"]}]},{\"@type\":\"ImageObject\",\"inLanguage\":\"en-US\",\"@id\":\"https:\\\/\\\/cioelectro.com\\\/produkt\\\/garmin-fenix-7s-sapphire-solar-gps-multisport-smartwatch\\\/#primaryimage\",\"url\":\"https:\\\/\\\/cioelectro.com\\\/wp-content\\\/uploads\\\/2023\\\/06\\\/Garmin-Fenix-7S-SAPPHIRE-SOLAR-GPS-Multisport-Smartwatch-010-02539-25_800x800-0.jpg\",\"contentUrl\":\"https:\\\/\\\/cioelectro.com\\\/wp-content\\\/uploads\\\/2023\\\/06\\\/Garmin-Fenix-7S-SAPPHIRE-SOLAR-GPS-Multisport-Smartwatch-010-02539-25_800x800-0.jpg\",\"width\":800,\"height\":615,\"caption\":\"Garmin Fenix 7S SAPPHIRE SOLAR - GPS Multisport Smartwatch\"},{\"@type\":\"BreadcrumbList\",\"@id\":\"https:\\\/\\\/cioelectro.com\\\/produkt\\\/garmin-fenix-7s-sapphire-solar-gps-multisport-smartwatch\\\/#breadcrumb\",\"itemListElement\":[{\"@type\":\"ListItem\",\"position\":1,\"name\":\"Startseite\",\"item\":\"https:\\\/\\\/cioelectro.com\\\/\"},{\"@type\":\"ListItem\",\"position\":2,\"name\":\"LADEN\",\"item\":\"https:\\\/\\\/cioelectro.com\\\/laden\\\/\"},{\"@type\":\"ListItem\",\"position\":3,\"name\":\"Garmin Fenix 7S SAPPHIRE SOLAR &#8211; GPS Multisport Smartwatch\"}]},{\"@type\":\"WebSite\",\"@id\":\"https:\\\/\\\/cioelectro.com\\\/#website\",\"url\":\"https:\\\/\\\/cioelectro.com\\\/\",\"name\":\"cioelectro.com\",\"description\":\"Treten Sie mit uns ins Abenteuer!\",\"publisher\":{\"@id\":\"https:\\\/\\\/cioelectro.com\\\/#organization\"},\"alternateName\":\"MEIN RADLADEN\",\"potentialAction\":[{\"@type\":\"SearchAction\",\"target\":{\"@type\":\"EntryPoint\",\"urlTemplate\":\"https:\\\/\\\/cioelectro.com\\\/?s={search_term_string}\"},\"query-input\":{\"@type\":\"PropertyValueSpecification\",\"valueRequired\":true,\"valueName\":\"search_term_string\"}}],\"inLanguage\":\"en-US\"},{\"@type\":\"Organization\",\"@id\":\"https:\\\/\\\/cioelectro.com\\\/#organization\",\"name\":\"CIOELECTRO\",\"alternateName\":\"MEIN RADLADEN\",\"url\":\"https:\\\/\\\/cioelectro.com\\\/\",\"logo\":{\"@type\":\"ImageObject\",\"inLanguage\":\"en-US\",\"@id\":\"https:\\\/\\\/cioelectro.com\\\/#\\\/schema\\\/logo\\\/image\\\/\",\"url\":\"https:\\\/\\\/cioelectro.com\\\/wp-content\\\/uploads\\\/2025\\\/12\\\/Logo-2-1200x800.png\",\"contentUrl\":\"https:\\\/\\\/cioelectro.com\\\/wp-content\\\/uploads\\\/2025\\\/12\\\/Logo-2-1200x800.png\",\"width\":1200,\"height\":800,\"caption\":\"CIOELECTRO\"},\"image\":{\"@id\":\"https:\\\/\\\/cioelectro.com\\\/#\\\/schema\\\/logo\\\/image\\\/\"}}]}<\/script>\n<!-- \/ Yoast SEO Premium plugin. -->","yoast_head_json":{"title":"Garmin Fenix 7S SAPPHIRE SOLAR - GPS Multisport Smartwatch","description":"Entdecken Sie unseren Online-Fahrradladen: Gro\u00dfe Auswahl an Modellen f\u00fcr alle Radsportbegeisterten. Von Rennr\u00e4dern bis zu Mountainbikes - finden Sie heute Ihren perfekten Wegbegleiter!","robots":{"index":"index","follow":"follow","max-snippet":"max-snippet:-1","max-image-preview":"max-image-preview:large","max-video-preview":"max-video-preview:-1"},"canonical":"https:\/\/cioelectro.com\/en\/produkt\/garmin-fenix-7s-sapphire-solar-gps-multisport-smartwatch\/","og_locale":"en_US","og_type":"article","og_title":"Garmin Fenix 7S SAPPHIRE SOLAR - GPS Multisport Smartwatch","og_description":"Entdecken Sie unseren Online-Fahrradladen: Gro\u00dfe Auswahl an Modellen f\u00fcr alle Radsportbegeisterten. Von Rennr\u00e4dern bis zu Mountainbikes - finden Sie heute Ihren perfekten Wegbegleiter!","og_url":"https:\/\/cioelectro.com\/en\/produkt\/garmin-fenix-7s-sapphire-solar-gps-multisport-smartwatch\/","og_site_name":"cioelectro.com","article_modified_time":"2023-08-10T19:31:08+00:00","og_image":[{"width":800,"height":615,"url":"https:\/\/cioelectro.com\/wp-content\/uploads\/2023\/06\/Garmin-Fenix-7S-SAPPHIRE-SOLAR-GPS-Multisport-Smartwatch-010-02539-25_800x800-0.jpg","type":"image\/jpeg"}],"twitter_card":"summary_large_image","twitter_misc":{"Est. reading time":"3 minutes"},"schema":{"@context":"https:\/\/schema.org","@graph":[{"@type":"WebPage","@id":"https:\/\/cioelectro.com\/produkt\/garmin-fenix-7s-sapphire-solar-gps-multisport-smartwatch\/","url":"https:\/\/cioelectro.com\/produkt\/garmin-fenix-7s-sapphire-solar-gps-multisport-smartwatch\/","name":"Garmin Fenix 7S SAPPHIRE SOLAR - GPS Multisport Smartwatch","isPartOf":{"@id":"https:\/\/cioelectro.com\/#website"},"primaryImageOfPage":{"@id":"https:\/\/cioelectro.com\/produkt\/garmin-fenix-7s-sapphire-solar-gps-multisport-smartwatch\/#primaryimage"},"image":{"@id":"https:\/\/cioelectro.com\/produkt\/garmin-fenix-7s-sapphire-solar-gps-multisport-smartwatch\/#primaryimage"},"thumbnailUrl":"https:\/\/cioelectro.com\/wp-content\/uploads\/2023\/06\/Garmin-Fenix-7S-SAPPHIRE-SOLAR-GPS-Multisport-Smartwatch-010-02539-25_800x800-0.jpg","datePublished":"2022-11-29T15:47:05+00:00","dateModified":"2023-08-10T19:31:08+00:00","description":"Entdecken Sie unseren Online-Fahrradladen: Gro\u00dfe Auswahl an Modellen f\u00fcr alle Radsportbegeisterten. Von Rennr\u00e4dern bis zu Mountainbikes - finden Sie heute Ihren perfekten Wegbegleiter!","breadcrumb":{"@id":"https:\/\/cioelectro.com\/produkt\/garmin-fenix-7s-sapphire-solar-gps-multisport-smartwatch\/#breadcrumb"},"inLanguage":"en-US","potentialAction":[{"@type":"ReadAction","target":["https:\/\/cioelectro.com\/produkt\/garmin-fenix-7s-sapphire-solar-gps-multisport-smartwatch\/"]}]},{"@type":"ImageObject","inLanguage":"en-US","@id":"https:\/\/cioelectro.com\/produkt\/garmin-fenix-7s-sapphire-solar-gps-multisport-smartwatch\/#primaryimage","url":"https:\/\/cioelectro.com\/wp-content\/uploads\/2023\/06\/Garmin-Fenix-7S-SAPPHIRE-SOLAR-GPS-Multisport-Smartwatch-010-02539-25_800x800-0.jpg","contentUrl":"https:\/\/cioelectro.com\/wp-content\/uploads\/2023\/06\/Garmin-Fenix-7S-SAPPHIRE-SOLAR-GPS-Multisport-Smartwatch-010-02539-25_800x800-0.jpg","width":800,"height":615,"caption":"Garmin Fenix 7S SAPPHIRE SOLAR - GPS Multisport Smartwatch"},{"@type":"BreadcrumbList","@id":"https:\/\/cioelectro.com\/produkt\/garmin-fenix-7s-sapphire-solar-gps-multisport-smartwatch\/#breadcrumb","itemListElement":[{"@type":"ListItem","position":1,"name":"Startseite","item":"https:\/\/cioelectro.com\/"},{"@type":"ListItem","position":2,"name":"LADEN","item":"https:\/\/cioelectro.com\/laden\/"},{"@type":"ListItem","position":3,"name":"Garmin Fenix 7S SAPPHIRE SOLAR &#8211; GPS Multisport Smartwatch"}]},{"@type":"WebSite","@id":"https:\/\/cioelectro.com\/#website","url":"https:\/\/cioelectro.com\/","name":"cioelectro.com","description":"Treten Sie mit uns ins Abenteuer!","publisher":{"@id":"https:\/\/cioelectro.com\/#organization"},"alternateName":"MEIN RADLADEN","potentialAction":[{"@type":"SearchAction","target":{"@type":"EntryPoint","urlTemplate":"https:\/\/cioelectro.com\/?s={search_term_string}"},"query-input":{"@type":"PropertyValueSpecification","valueRequired":true,"valueName":"search_term_string"}}],"inLanguage":"en-US"},{"@type":"Organization","@id":"https:\/\/cioelectro.com\/#organization","name":"CIOELECTRO","alternateName":"MEIN RADLADEN","url":"https:\/\/cioelectro.com\/","logo":{"@type":"ImageObject","inLanguage":"en-US","@id":"https:\/\/cioelectro.com\/#\/schema\/logo\/image\/","url":"https:\/\/cioelectro.com\/wp-content\/uploads\/2025\/12\/Logo-2-1200x800.png","contentUrl":"https:\/\/cioelectro.com\/wp-content\/uploads\/2025\/12\/Logo-2-1200x800.png","width":1200,"height":800,"caption":"CIOELECTRO"},"image":{"@id":"https:\/\/cioelectro.com\/#\/schema\/logo\/image\/"}}]}},"_links":{"self":[{"href":"https:\/\/cioelectro.com\/en\/wp-json\/wp\/v2\/product\/45579","targetHints":{"allow":["GET"]}}],"collection":[{"href":"https:\/\/cioelectro.com\/en\/wp-json\/wp\/v2\/product"}],"about":[{"href":"https:\/\/cioelectro.com\/en\/wp-json\/wp\/v2\/types\/product"}],"replies":[{"embeddable":true,"href":"https:\/\/cioelectro.com\/en\/wp-json\/wp\/v2\/comments?post=45579"}],"version-history":[{"count":0,"href":"https:\/\/cioelectro.com\/en\/wp-json\/wp\/v2\/product\/45579\/revisions"}],"wp:featuredmedia":[{"embeddable":true,"href":"https:\/\/cioelectro.com\/en\/wp-json\/wp\/v2\/media\/63772"}],"wp:attachment":[{"href":"https:\/\/cioelectro.com\/en\/wp-json\/wp\/v2\/media?parent=45579"}],"wp:term":[{"taxonomy":"product_brand","embeddable":true,"href":"https:\/\/cioelectro.com\/en\/wp-json\/wp\/v2\/product_brand?post=45579"},{"taxonomy":"product_cat","embeddable":true,"href":"https:\/\/cioelectro.com\/en\/wp-json\/wp\/v2\/product_cat?post=45579"},{"taxonomy":"product_tag","embeddable":true,"href":"https:\/\/cioelectro.com\/en\/wp-json\/wp\/v2\/product_tag?post=45579"}],"curies":[{"name":"wp","href":"https:\/\/api.w.org\/{rel}","templated":true}]}}