{"id":45602,"date":"2022-11-29T18:04:13","date_gmt":"2022-11-29T17:04:13","guid":{"rendered":"https:\/\/meinradladen.com\/?post_type=product&#038;p=45602"},"modified":"2023-08-10T21:30:25","modified_gmt":"2023-08-10T19:30:25","slug":"garmin-epix-gps-multisport-smartwatch","status":"publish","type":"product","link":"https:\/\/cioelectro.com\/en\/produkt\/garmin-epix-gps-multisport-smartwatch\/","title":{"rendered":"Garmin EPIX\u2122 &#8211; GPS Multisport Smartwatch"},"content":{"rendered":"<h1 class=\"product--title\"><strong>Garmin<\/strong>\u00a0EPIX\u2122 &#8211; GPS Multisport Smartwatch<\/h1>\n<p>Der Garmin EPIX\u2122 &#8211; GPS Beginn einer neuen \u00c4ra. Mit der vielseitigen\u00a0 und ihrem brillanten AMOLED Display bringst du deine Performance auf das n\u00e4chste Level. Exklusiv designt, begleitet sie dich an jedes Ziel. Steuere deine Aktivit\u00e4ten intuitiv wie nie: klassisch \u00fcber Tasten oder per Touch auf dem Display. Verbessere deine Fitness und Gesundheit: mit einer Vielzahl an Funktionen und mehr als 60 Sport-Apps. Umfangreiche Navigationsfunktionen zeigen dir pr\u00e4zise den Weg \u2013 auch beim Skifahren oder Golfen.<\/p>\n<p>Und mit Garmin Pay, Garmin Music und Co bewegst du dich smart durch den Alltag. Dies alles mit faszinierender Brillanz.<\/p>\n<hr \/>\n<h3>Die Highlights der Garmin EPIX<\/h3>\n<ul>\n<li>Umfangreiche Gesundheitsfunktionen erm\u00f6glichen es dir, deinen K\u00f6rper besser zu verstehen.<\/li>\n<li>Ganz gleich, wohin du gehst, alle Benachrichtigungen kommen immer bei dir an.<\/li>\n<li>Was immer du vorhast: Diese Smartwatch macht dich mit mehr als 60 Sport- und Outdoor-Apps bei jeder Aktivit\u00e4t besser.<\/li>\n<li>Hochpr\u00e4zise Streckenaufzeichnung durch Multi-Frequenz Empfang globaler Satellitensysteme.<\/li>\n<li>Immer auf dem richtigen Weg mit internationalen Topokarten, sowie vorinstallierten Golf- und Skikarten direkt auf deinem Wearable.<\/li>\n<li>Mit einer Akkulaufzeit von bis zu 16 Tagen im Smartwatch-Modus m\u00fcssen Abenteuer kein Ende haben.<\/li>\n<\/ul>\n<hr \/>\n<h3>Features<\/h3>\n<p><strong>ENTWICKELT F\u00dcR DEINEN LIFESTYLE<\/strong><br \/>\nDas gro\u00dfartige, 1,3\u2033 gro\u00dfe AMOLED-Display mit Always-On Modus erweckt deine Smartwatch zum Leben \u2013 sogar bei hellem Sonnenlicht.<\/p>\n<p><strong>TOUCHSCREEN UND TASTEN<\/strong><br \/>\nEine bew\u00e4hrte Tastenbedienung, die in jeder Umgebung funktioniert, wird durch einen effektiven neuen Touchscreen erg\u00e4nzt. Mit der Zwei-Wege-Bedienung kommst du immer schnell und einfach zu deinen gew\u00fcnschten Funktionen.<\/p>\n<p><strong>GEBAUT AUS WERTIGSTEN MATERIALIEN<\/strong><br \/>\nW\u00e4hle eine Stahll\u00fcnette oder eine L\u00fcnette aus Titan und stimme den Look so auf deinen Lifestyle ab. Die Sapphire-Versionen sind mit kratzfestem Saphirglas ausgestattet.<\/p>\n<p><strong>ANZEIGE DEINER ATEMFREQUENZ<\/strong><br \/>\nDiese Funktion zeigt dir deine Atemz\u00fcge im Tagesverlauf, aber auch w\u00e4hrend des Schlafens und bei diversen Yoga-\u00dcbungen an.<\/p>\n<p><strong>BEHALTE DEN STRESS IM BLICK<\/strong><br \/>\nAnhand der Herzfrequenzvariabilit\u00e4t wird dein Stresslevel berechnet, so siehst du, ob du einen ruhigen, einen ausgeglichenen oder einen anstrengenden Tag hast.<\/p>\n<p><strong>SCHLAFANALYSE MIT SLEEP<\/strong><br \/>\nSCORE Erhalte vollst\u00e4ndige Informationen zu deinem leichten, tiefen und REM-Schlaf. Zeige alles in einem speziellen Widget an mit Schlafwert und Insights.<\/p>\n<p><strong>BODY BATTERY\u2122-ENERGIELEVEL<\/strong><br \/>\nDeine Garmin misst kontinuierlich deine Herzfrequenz und informiert dich mit Hilfe von Body Battery, wann du f\u00fcr dein n\u00e4chstes Workout bereit bist. Sauerstoffs\u00e4ttigung im Blut und der Status deines Energielevels liefern dazu die notwendigen Informationen.<\/p>\n<p><strong>TOPOACTIVE-KARTEN F\u00dcR MEHRERE KONTINENTE<\/strong><br \/>\nLade TopoActive-Karten aus aller Welt herunter, um bei deinen Entdeckungstouren auf dem richtigen Weg zu bleiben. \u00dcber die integrierte WLAN-Konnektivit\u00e4t kannst du Karten und Software ganz einfach herunterladen und aktualisieren. Die Sapphire Edition zeigt deine lokale Region vorinstalliert auf der Smartwatch.<\/p>\n<p><strong>NAVIGATION MIT ABBIEGEHINWEISEN<\/strong><br \/>\nFolge einer Route oder Strecke mithilfe von Abbiegehinweisen und du wei\u00dft bereits im Voraus, wann die n\u00e4chste Abbiegung kommt.<\/p>\n<p><strong>AKKULAUFZEIT<\/strong><br \/>\nDer Akku h\u00e4lt bis zu 16 Tage im Smartwatch-Modus und bis zu 42 Stunden im GPS-Modus.<\/p>\n<hr \/>\n<h3>Farbe<\/h3>\n<ul>\n<li>Schiefergrau \/ Silber<\/li>\n<\/ul>\n<h3>Gewicht<\/h3>\n<ul>\n<li>76g (Herstellerangabe)<\/li>\n<\/ul>\n<hr \/>\n<h3>Lieferumfang<\/h3>\n<ul>\n<li>EPIX &#8211; GPS Multisport Smartwatch<\/li>\n<li>USB Lade-\/Sync-Kabel<\/li>\n<li>Dokumentation<\/li>\n<\/ul>\n<hr \/>\n<h3>epix &#8211; GPS-Multisport-Smartwatch von Garmin<\/h3>\n<p><iframe title=\"YouTube video player\" src=\"https:\/\/www.youtube-nocookie.com\/embed\/9SubrxC7sB4\" width=\"640\" height=\"360\" frameborder=\"0\" allowfullscreen=\"allowfullscreen\" data-mce-fragment=\"1\"><\/iframe><\/p>","protected":false},"excerpt":{"rendered":"<p>Garmin\u00a0EPIX\u2122 &#8211; GPS Multisport Smartwatch Der Garmin EPIX\u2122 &#8211; GPS Beginn einer neuen \u00c4ra. Mit der vielseitigen\u00a0 und ihrem brillanten<\/p>","protected":false},"featured_media":63784,"comment_status":"open","ping_status":"closed","template":"","meta":{"_rtcl_gb_attr":""},"product_brand":[],"product_cat":[537,318],"product_tag":[],"class_list":{"0":"post-45602","1":"product","2":"type-product","3":"status-publish","4":"has-post-thumbnail","6":"product_cat-elektronik","7":"product_cat-outdoor","8":"pa_marke-garmin","10":"first","11":"instock","12":"sale","13":"taxable","14":"shipping-taxable","15":"purchasable","16":"product-type-simple"},"yoast_head":"<!-- This site is optimized with the Yoast SEO Premium plugin v20.12 (Yoast SEO v27.4) - https:\/\/yoast.com\/product\/yoast-seo-premium-wordpress\/ -->\n<title>Garmin EPIX\u2122 - GPS Multisport Smartwatch<\/title>\n<meta name=\"description\" content=\"Entdecken Sie unseren Online-Fahrradladen: Gro\u00dfe Auswahl an Modellen f\u00fcr alle Radsportbegeisterten. Von Rennr\u00e4dern bis zu Mountainbikes - finden Sie heute Ihren perfekten Wegbegleiter!\" \/>\n<meta name=\"robots\" content=\"index, follow, max-snippet:-1, max-image-preview:large, max-video-preview:-1\" \/>\n<link rel=\"canonical\" href=\"https:\/\/cioelectro.com\/en\/produkt\/garmin-epix-gps-multisport-smartwatch\/\" \/>\n<meta property=\"og:locale\" content=\"en_US\" \/>\n<meta property=\"og:type\" content=\"article\" \/>\n<meta property=\"og:title\" content=\"Garmin EPIX\u2122 - GPS Multisport Smartwatch\" \/>\n<meta property=\"og:description\" content=\"Entdecken Sie unseren Online-Fahrradladen: Gro\u00dfe Auswahl an Modellen f\u00fcr alle Radsportbegeisterten. Von Rennr\u00e4dern bis zu Mountainbikes - finden Sie heute Ihren perfekten Wegbegleiter!\" \/>\n<meta property=\"og:url\" content=\"https:\/\/cioelectro.com\/en\/produkt\/garmin-epix-gps-multisport-smartwatch\/\" \/>\n<meta property=\"og:site_name\" content=\"cioelectro.com\" \/>\n<meta property=\"article:modified_time\" content=\"2023-08-10T19:30:25+00:00\" \/>\n<meta property=\"og:image\" content=\"https:\/\/cioelectro.com\/wp-content\/uploads\/2023\/06\/Garmin-EPIX-TM-GPS-Multisport-Smartwatch-010-02582-01_800x800-00.jpg\" \/>\n\t<meta property=\"og:image:width\" content=\"696\" \/>\n\t<meta property=\"og:image:height\" content=\"800\" \/>\n\t<meta property=\"og:image:type\" content=\"image\/jpeg\" \/>\n<meta name=\"twitter:card\" content=\"summary_large_image\" \/>\n<meta name=\"twitter:label1\" content=\"Est. reading time\" \/>\n\t<meta name=\"twitter:data1\" content=\"3 minutes\" \/>\n<script type=\"application\/ld+json\" class=\"yoast-schema-graph\">{\"@context\":\"https:\\\/\\\/schema.org\",\"@graph\":[{\"@type\":\"WebPage\",\"@id\":\"https:\\\/\\\/cioelectro.com\\\/produkt\\\/garmin-epix-gps-multisport-smartwatch\\\/\",\"url\":\"https:\\\/\\\/cioelectro.com\\\/produkt\\\/garmin-epix-gps-multisport-smartwatch\\\/\",\"name\":\"Garmin EPIX\u2122 - GPS Multisport Smartwatch\",\"isPartOf\":{\"@id\":\"https:\\\/\\\/cioelectro.com\\\/#website\"},\"primaryImageOfPage\":{\"@id\":\"https:\\\/\\\/cioelectro.com\\\/produkt\\\/garmin-epix-gps-multisport-smartwatch\\\/#primaryimage\"},\"image\":{\"@id\":\"https:\\\/\\\/cioelectro.com\\\/produkt\\\/garmin-epix-gps-multisport-smartwatch\\\/#primaryimage\"},\"thumbnailUrl\":\"https:\\\/\\\/cioelectro.com\\\/wp-content\\\/uploads\\\/2023\\\/06\\\/Garmin-EPIX-TM-GPS-Multisport-Smartwatch-010-02582-01_800x800-00.jpg\",\"datePublished\":\"2022-11-29T17:04:13+00:00\",\"dateModified\":\"2023-08-10T19:30:25+00:00\",\"description\":\"Entdecken Sie unseren Online-Fahrradladen: Gro\u00dfe Auswahl an Modellen f\u00fcr alle Radsportbegeisterten. Von Rennr\u00e4dern bis zu Mountainbikes - finden Sie heute Ihren perfekten Wegbegleiter!\",\"breadcrumb\":{\"@id\":\"https:\\\/\\\/cioelectro.com\\\/produkt\\\/garmin-epix-gps-multisport-smartwatch\\\/#breadcrumb\"},\"inLanguage\":\"en-US\",\"potentialAction\":[{\"@type\":\"ReadAction\",\"target\":[\"https:\\\/\\\/cioelectro.com\\\/produkt\\\/garmin-epix-gps-multisport-smartwatch\\\/\"]}]},{\"@type\":\"ImageObject\",\"inLanguage\":\"en-US\",\"@id\":\"https:\\\/\\\/cioelectro.com\\\/produkt\\\/garmin-epix-gps-multisport-smartwatch\\\/#primaryimage\",\"url\":\"https:\\\/\\\/cioelectro.com\\\/wp-content\\\/uploads\\\/2023\\\/06\\\/Garmin-EPIX-TM-GPS-Multisport-Smartwatch-010-02582-01_800x800-00.jpg\",\"contentUrl\":\"https:\\\/\\\/cioelectro.com\\\/wp-content\\\/uploads\\\/2023\\\/06\\\/Garmin-EPIX-TM-GPS-Multisport-Smartwatch-010-02582-01_800x800-00.jpg\",\"width\":696,\"height\":800,\"caption\":\"Garmin EPIX\u2122 - GPS Multisport Smartwatch\"},{\"@type\":\"BreadcrumbList\",\"@id\":\"https:\\\/\\\/cioelectro.com\\\/produkt\\\/garmin-epix-gps-multisport-smartwatch\\\/#breadcrumb\",\"itemListElement\":[{\"@type\":\"ListItem\",\"position\":1,\"name\":\"Startseite\",\"item\":\"https:\\\/\\\/cioelectro.com\\\/\"},{\"@type\":\"ListItem\",\"position\":2,\"name\":\"LADEN\",\"item\":\"https:\\\/\\\/cioelectro.com\\\/laden\\\/\"},{\"@type\":\"ListItem\",\"position\":3,\"name\":\"Garmin EPIX\u2122 &#8211; GPS Multisport Smartwatch\"}]},{\"@type\":\"WebSite\",\"@id\":\"https:\\\/\\\/cioelectro.com\\\/#website\",\"url\":\"https:\\\/\\\/cioelectro.com\\\/\",\"name\":\"cioelectro.com\",\"description\":\"Treten Sie mit uns ins Abenteuer!\",\"publisher\":{\"@id\":\"https:\\\/\\\/cioelectro.com\\\/#organization\"},\"alternateName\":\"MEIN RADLADEN\",\"potentialAction\":[{\"@type\":\"SearchAction\",\"target\":{\"@type\":\"EntryPoint\",\"urlTemplate\":\"https:\\\/\\\/cioelectro.com\\\/?s={search_term_string}\"},\"query-input\":{\"@type\":\"PropertyValueSpecification\",\"valueRequired\":true,\"valueName\":\"search_term_string\"}}],\"inLanguage\":\"en-US\"},{\"@type\":\"Organization\",\"@id\":\"https:\\\/\\\/cioelectro.com\\\/#organization\",\"name\":\"CIOELECTRO\",\"alternateName\":\"MEIN RADLADEN\",\"url\":\"https:\\\/\\\/cioelectro.com\\\/\",\"logo\":{\"@type\":\"ImageObject\",\"inLanguage\":\"en-US\",\"@id\":\"https:\\\/\\\/cioelectro.com\\\/#\\\/schema\\\/logo\\\/image\\\/\",\"url\":\"https:\\\/\\\/cioelectro.com\\\/wp-content\\\/uploads\\\/2025\\\/12\\\/Logo-2-1200x800.png\",\"contentUrl\":\"https:\\\/\\\/cioelectro.com\\\/wp-content\\\/uploads\\\/2025\\\/12\\\/Logo-2-1200x800.png\",\"width\":1200,\"height\":800,\"caption\":\"CIOELECTRO\"},\"image\":{\"@id\":\"https:\\\/\\\/cioelectro.com\\\/#\\\/schema\\\/logo\\\/image\\\/\"}}]}<\/script>\n<!-- \/ Yoast SEO Premium plugin. -->","yoast_head_json":{"title":"Garmin EPIX\u2122 - GPS Multisport Smartwatch","description":"Entdecken Sie unseren Online-Fahrradladen: Gro\u00dfe Auswahl an Modellen f\u00fcr alle Radsportbegeisterten. Von Rennr\u00e4dern bis zu Mountainbikes - finden Sie heute Ihren perfekten Wegbegleiter!","robots":{"index":"index","follow":"follow","max-snippet":"max-snippet:-1","max-image-preview":"max-image-preview:large","max-video-preview":"max-video-preview:-1"},"canonical":"https:\/\/cioelectro.com\/en\/produkt\/garmin-epix-gps-multisport-smartwatch\/","og_locale":"en_US","og_type":"article","og_title":"Garmin EPIX\u2122 - GPS Multisport Smartwatch","og_description":"Entdecken Sie unseren Online-Fahrradladen: Gro\u00dfe Auswahl an Modellen f\u00fcr alle Radsportbegeisterten. Von Rennr\u00e4dern bis zu Mountainbikes - finden Sie heute Ihren perfekten Wegbegleiter!","og_url":"https:\/\/cioelectro.com\/en\/produkt\/garmin-epix-gps-multisport-smartwatch\/","og_site_name":"cioelectro.com","article_modified_time":"2023-08-10T19:30:25+00:00","og_image":[{"width":696,"height":800,"url":"https:\/\/cioelectro.com\/wp-content\/uploads\/2023\/06\/Garmin-EPIX-TM-GPS-Multisport-Smartwatch-010-02582-01_800x800-00.jpg","type":"image\/jpeg"}],"twitter_card":"summary_large_image","twitter_misc":{"Est. reading time":"3 minutes"},"schema":{"@context":"https:\/\/schema.org","@graph":[{"@type":"WebPage","@id":"https:\/\/cioelectro.com\/produkt\/garmin-epix-gps-multisport-smartwatch\/","url":"https:\/\/cioelectro.com\/produkt\/garmin-epix-gps-multisport-smartwatch\/","name":"Garmin EPIX\u2122 - GPS Multisport Smartwatch","isPartOf":{"@id":"https:\/\/cioelectro.com\/#website"},"primaryImageOfPage":{"@id":"https:\/\/cioelectro.com\/produkt\/garmin-epix-gps-multisport-smartwatch\/#primaryimage"},"image":{"@id":"https:\/\/cioelectro.com\/produkt\/garmin-epix-gps-multisport-smartwatch\/#primaryimage"},"thumbnailUrl":"https:\/\/cioelectro.com\/wp-content\/uploads\/2023\/06\/Garmin-EPIX-TM-GPS-Multisport-Smartwatch-010-02582-01_800x800-00.jpg","datePublished":"2022-11-29T17:04:13+00:00","dateModified":"2023-08-10T19:30:25+00:00","description":"Entdecken Sie unseren Online-Fahrradladen: Gro\u00dfe Auswahl an Modellen f\u00fcr alle Radsportbegeisterten. Von Rennr\u00e4dern bis zu Mountainbikes - finden Sie heute Ihren perfekten Wegbegleiter!","breadcrumb":{"@id":"https:\/\/cioelectro.com\/produkt\/garmin-epix-gps-multisport-smartwatch\/#breadcrumb"},"inLanguage":"en-US","potentialAction":[{"@type":"ReadAction","target":["https:\/\/cioelectro.com\/produkt\/garmin-epix-gps-multisport-smartwatch\/"]}]},{"@type":"ImageObject","inLanguage":"en-US","@id":"https:\/\/cioelectro.com\/produkt\/garmin-epix-gps-multisport-smartwatch\/#primaryimage","url":"https:\/\/cioelectro.com\/wp-content\/uploads\/2023\/06\/Garmin-EPIX-TM-GPS-Multisport-Smartwatch-010-02582-01_800x800-00.jpg","contentUrl":"https:\/\/cioelectro.com\/wp-content\/uploads\/2023\/06\/Garmin-EPIX-TM-GPS-Multisport-Smartwatch-010-02582-01_800x800-00.jpg","width":696,"height":800,"caption":"Garmin EPIX\u2122 - GPS Multisport Smartwatch"},{"@type":"BreadcrumbList","@id":"https:\/\/cioelectro.com\/produkt\/garmin-epix-gps-multisport-smartwatch\/#breadcrumb","itemListElement":[{"@type":"ListItem","position":1,"name":"Startseite","item":"https:\/\/cioelectro.com\/"},{"@type":"ListItem","position":2,"name":"LADEN","item":"https:\/\/cioelectro.com\/laden\/"},{"@type":"ListItem","position":3,"name":"Garmin EPIX\u2122 &#8211; GPS Multisport Smartwatch"}]},{"@type":"WebSite","@id":"https:\/\/cioelectro.com\/#website","url":"https:\/\/cioelectro.com\/","name":"cioelectro.com","description":"Treten Sie mit uns ins Abenteuer!","publisher":{"@id":"https:\/\/cioelectro.com\/#organization"},"alternateName":"MEIN RADLADEN","potentialAction":[{"@type":"SearchAction","target":{"@type":"EntryPoint","urlTemplate":"https:\/\/cioelectro.com\/?s={search_term_string}"},"query-input":{"@type":"PropertyValueSpecification","valueRequired":true,"valueName":"search_term_string"}}],"inLanguage":"en-US"},{"@type":"Organization","@id":"https:\/\/cioelectro.com\/#organization","name":"CIOELECTRO","alternateName":"MEIN RADLADEN","url":"https:\/\/cioelectro.com\/","logo":{"@type":"ImageObject","inLanguage":"en-US","@id":"https:\/\/cioelectro.com\/#\/schema\/logo\/image\/","url":"https:\/\/cioelectro.com\/wp-content\/uploads\/2025\/12\/Logo-2-1200x800.png","contentUrl":"https:\/\/cioelectro.com\/wp-content\/uploads\/2025\/12\/Logo-2-1200x800.png","width":1200,"height":800,"caption":"CIOELECTRO"},"image":{"@id":"https:\/\/cioelectro.com\/#\/schema\/logo\/image\/"}}]}},"_links":{"self":[{"href":"https:\/\/cioelectro.com\/en\/wp-json\/wp\/v2\/product\/45602","targetHints":{"allow":["GET"]}}],"collection":[{"href":"https:\/\/cioelectro.com\/en\/wp-json\/wp\/v2\/product"}],"about":[{"href":"https:\/\/cioelectro.com\/en\/wp-json\/wp\/v2\/types\/product"}],"replies":[{"embeddable":true,"href":"https:\/\/cioelectro.com\/en\/wp-json\/wp\/v2\/comments?post=45602"}],"version-history":[{"count":0,"href":"https:\/\/cioelectro.com\/en\/wp-json\/wp\/v2\/product\/45602\/revisions"}],"wp:featuredmedia":[{"embeddable":true,"href":"https:\/\/cioelectro.com\/en\/wp-json\/wp\/v2\/media\/63784"}],"wp:attachment":[{"href":"https:\/\/cioelectro.com\/en\/wp-json\/wp\/v2\/media?parent=45602"}],"wp:term":[{"taxonomy":"product_brand","embeddable":true,"href":"https:\/\/cioelectro.com\/en\/wp-json\/wp\/v2\/product_brand?post=45602"},{"taxonomy":"product_cat","embeddable":true,"href":"https:\/\/cioelectro.com\/en\/wp-json\/wp\/v2\/product_cat?post=45602"},{"taxonomy":"product_tag","embeddable":true,"href":"https:\/\/cioelectro.com\/en\/wp-json\/wp\/v2\/product_tag?post=45602"}],"curies":[{"name":"wp","href":"https:\/\/api.w.org\/{rel}","templated":true}]}}